{"id":24494,"date":"2025-10-20T17:41:49","date_gmt":"2025-10-20T17:41:49","guid":{"rendered":"https:\/\/researchchemicalhub.com\/?post_type=product&#038;p=24494"},"modified":"2025-10-29T08:19:48","modified_gmt":"2025-10-29T08:19:48","slug":"tubo-de-5-ml-con-5-carpetas","status":"publish","type":"product","link":"https:\/\/researchchemicalhub.com\/es\/comercio\/b2b\/tubo-de-5-ml-con-5-carpetas\/","title":{"rendered":"Tubo de 5 ml de 5-MAPB"},"content":{"rendered":"<ul>\n<li>\n<h3 data-start=\"4017\" data-end=\"4038\"><strong data-start=\"4021\" data-end=\"4036\">Introducci\u00f3n<\/strong><\/h3>\n<p data-start=\"4039\" data-end=\"4448\"><strong data-start=\"4039\" data-end=\"4060\">Tubo de 5 ml de 5-MAPB<\/strong> contiene un <strong data-start=\"4071\" data-end=\"4115\">soluci\u00f3n de laboratorio preparada con precisi\u00f3n<\/strong> por <strong data-start=\"4120\" data-end=\"4166\">5-MAPB (5-(2-Metilaminopropil)benzofurano)<\/strong> - Un <strong data-start=\"4173\" data-end=\"4202\">sustancia de investigaci\u00f3n benzofurano<\/strong> que est\u00e1 estructuralmente relacionado con <strong data-start=\"4234\" data-end=\"4243\">6-APB<\/strong> y <strong data-start=\"4247\" data-end=\"4255\">MDMA<\/strong>. 5 mapas<br data-start=\"4256\" data-end=\"4259\" \/>Adentro <strong data-start=\"4266\" data-end=\"4307\">investigaci\u00f3n anal\u00edtica y neuroqu\u00edmica<\/strong> El 5-MAPB se utiliza para estudios sobre <strong data-start=\"4348\" data-end=\"4374\">transportadores de monoamina<\/strong>, <strong data-start=\"4376\" data-end=\"4402\">actividad serotonin\u00e9rgica<\/strong> y <strong data-start=\"4406\" data-end=\"4445\">an\u00e1lisis cromatogr\u00e1fico de referencia<\/strong>.<\/p>\n<p data-start=\"4450\" data-end=\"4650\">La soluci\u00f3n se prepara con <strong data-start=\"4480\" data-end=\"4503\">\u2265 98% 5-MAPB puro<\/strong>, disuelto en un <strong data-start=\"4521\" data-end=\"4553\">solvente de clase de investigaci\u00f3n<\/strong>, y empaquetado en un <strong data-start=\"4573\" data-end=\"4607\">tubo de vidrio \u00e1mbar de 5 ml<\/strong> Para proteger contra la luz y la oxidaci\u00f3n.<\/p>\n<blockquote data-start=\"4652\" data-end=\"4798\">\n<p data-start=\"4654\" data-end=\"4798\">\u26a0\ufe0f <strong data-start=\"4657\" data-end=\"4668\">N\u00d3TESE BIEN:<\/strong> Este producto est\u00e1 destinado \u00fanicamente para su uso <strong data-start=\"4709\" data-end=\"4744\">investigaci\u00f3n y uso anal\u00edtico<\/strong> \u2014 <strong data-start=\"4747\" data-end=\"4795\">No apto para consumo humano o animal<\/strong>.<\/p>\n<\/blockquote>\n<hr data-start=\"4800\" data-end=\"4803\" \/>\n<h3 data-start=\"4805\" data-end=\"4836\"><strong data-start=\"4809\" data-end=\"4836\">Caracter\u00edsticas principales<\/strong><\/h3>\n<div class=\"_tableContainer_1rjym_1\">\n<div class=\"group _tableWrapper_1rjym_13 flex w-fit flex-col-reverse\" tabindex=\"-1\">\n<table class=\"w-fit min-w-(--thread-content-width)\" data-start=\"4838\" data-end=\"5435\">\n<thead data-start=\"4838\" data-end=\"4864\">\n<tr data-start=\"4838\" data-end=\"4864\">\n<th data-start=\"4838\" data-end=\"4848\" data-col-size=\"sm\">Caracter\u00edstica<\/th>\n<th data-start=\"4848\" data-end=\"4864\" data-col-size=\"md\">Descripci\u00f3n<\/th>\n<\/tr>\n<\/thead>\n<tbody data-start=\"4893\" data-end=\"5435\">\n<tr data-start=\"4893\" data-end=\"4951\">\n<td data-start=\"4893\" data-end=\"4914\" data-col-size=\"sm\"><strong data-start=\"4895\" data-end=\"4913\">Nombre qu\u00edmico<\/strong><\/td>\n<td data-start=\"4914\" data-end=\"4951\" data-col-size=\"md\">5-(2-Metilaminopropil)benzofurano<\/td>\n<\/tr>\n<tr data-start=\"4952\" data-end=\"4987\">\n<td data-start=\"4952\" data-end=\"4977\" data-col-size=\"sm\"><strong data-start=\"4954\" data-end=\"4976\">Nombre com\u00fan<\/strong><\/td>\n<td data-start=\"4977\" data-end=\"4987\" data-col-size=\"md\">5-MAPB<\/td>\n<\/tr>\n<tr data-start=\"4988\" data-end=\"5024\">\n<td data-start=\"4988\" data-end=\"5012\" data-col-size=\"sm\"><strong data-start=\"4990\" data-end=\"5011\">F\u00f3rmula qu\u00edmica<\/strong><\/td>\n<td data-start=\"5012\" data-end=\"5024\" data-col-size=\"md\">C\u2081\u2082H\u2081\u2087NO<\/td>\n<\/tr>\n<tr data-start=\"5025\" data-end=\"5063\">\n<td data-start=\"5025\" data-end=\"5047\" data-col-size=\"sm\"><strong data-start=\"5027\" data-end=\"5046\">Peso molecular<\/strong><\/td>\n<td data-start=\"5047\" data-end=\"5063\" data-col-size=\"md\">191,27 g\/mol<\/td>\n<\/tr>\n<tr data-start=\"5064\" data-end=\"5125\">\n<td data-start=\"5064\" data-end=\"5075\" data-col-size=\"sm\"><strong data-start=\"5066\" data-end=\"5074\">Forma<\/strong><\/td>\n<td data-start=\"5075\" data-end=\"5125\" data-col-size=\"md\">Soluci\u00f3n l\u00edquida (en disolvente de prueba)<\/td>\n<\/tr>\n<tr data-start=\"5126\" data-end=\"5189\">\n<td data-start=\"5126\" data-end=\"5145\" data-col-size=\"sm\"><strong data-start=\"5128\" data-end=\"5144\">Concentraci\u00f3n<\/strong><\/td>\n<td data-start=\"5145\" data-end=\"5189\" data-col-size=\"md\">Est\u00e1ndar de laboratorio (dependiente del lote)<\/td>\n<\/tr>\n<tr data-start=\"5190\" data-end=\"5237\">\n<td data-start=\"5190\" data-end=\"5203\" data-col-size=\"sm\"><strong data-start=\"5192\" data-end=\"5202\">Volumen<\/strong><\/td>\n<td data-start=\"5203\" data-end=\"5237\" data-col-size=\"md\">Tubo de vidrio \u00e1mbar de 5 ml<\/td>\n<\/tr>\n<tr data-start=\"5238\" data-end=\"5289\">\n<td data-start=\"5238\" data-end=\"5255\" data-col-size=\"sm\"><strong data-start=\"5240\" data-end=\"5254\">Pureza<\/strong><\/td>\n<td data-start=\"5255\" data-end=\"5289\" data-col-size=\"md\">\u2265 98% (probado por HPLC y RMN)<\/td>\n<\/tr>\n<tr data-start=\"5290\" data-end=\"5369\">\n<td data-start=\"5290\" data-end=\"5304\" data-col-size=\"sm\"><strong data-start=\"5292\" data-end=\"5303\">Uso<\/strong><\/td>\n<td data-start=\"5304\" data-end=\"5369\" data-col-size=\"md\">Solo para investigaci\u00f3n anal\u00edtica, forense y neuroqu\u00edmica.<\/td>\n<\/tr>\n<tr data-start=\"5370\" data-end=\"5435\">\n<td data-start=\"5370\" data-end=\"5387\" data-col-size=\"sm\"><strong data-start=\"5372\" data-end=\"5386\">Embalaje<\/strong><\/td>\n<td data-start=\"5387\" data-end=\"5435\" data-col-size=\"md\">Vidrio \u00e1mbar con cierre herm\u00e9tico.<\/td>\n<\/tr>\n<\/tbody>\n<\/table>\n<\/div>\n<\/div>\n<hr data-start=\"5437\" data-end=\"5440\" \/>\n<h3 data-start=\"5442\" data-end=\"5459\"><strong data-start=\"5446\" data-end=\"5459\">Ventajas<\/strong><\/h3>\n<ul data-start=\"5461\" data-end=\"5878\">\n<li data-start=\"5461\" data-end=\"5556\">\n<p data-start=\"5463\" data-end=\"5556\"><strong data-start=\"5463\" data-end=\"5482\">Alta pureza<\/strong> \u2013 Preparar con 5-MAPB puro \u2265 98% para obtener resultados de investigaci\u00f3n confiables.<\/p>\n<\/li>\n<li data-start=\"5557\" data-end=\"5636\">\n<p data-start=\"5559\" data-end=\"5636\"><strong data-start=\"5559\" data-end=\"5586\">Soluci\u00f3n lista para usar<\/strong> \u2013 El tubo de 5 ml simplifica la dosificaci\u00f3n y el an\u00e1lisis.<\/p>\n<\/li>\n<li data-start=\"5637\" data-end=\"5708\">\n<p data-start=\"5639\" data-end=\"5708\"><strong data-start=\"5639\" data-end=\"5662\">Vidrio resistente a la luz<\/strong> \u2013 Protege la conexi\u00f3n contra la degradaci\u00f3n. 5 mapb<\/p>\n<\/li>\n<li data-start=\"5709\" data-end=\"5799\">\n<p data-start=\"5711\" data-end=\"5799\"><strong data-start=\"5711\" data-end=\"5741\">Ampliamente aplicable a la investigaci\u00f3n<\/strong> \u2013 Adecuado para an\u00e1lisis GC\/MS, LC-MS, HPLC, FTIR y UV.<\/p>\n<\/li>\n<li data-start=\"5800\" data-end=\"5878\">\n<p data-start=\"5802\" data-end=\"5878\"><strong data-start=\"5802\" data-end=\"5825\">Controlado por lotes<\/strong> \u2013 Cada lote se prueba para determinar concentraci\u00f3n y pureza.<\/p>\n<\/li>\n<\/ul>\n<hr data-start=\"5880\" data-end=\"5883\" \/>\n<h3 data-start=\"5885\" data-end=\"5937\"><strong data-start=\"5889\" data-end=\"5935\">Uso (solo para fines de investigaci\u00f3n)<\/strong><\/h3>\n<ol data-start=\"5939\" data-end=\"6330\">\n<li data-start=\"5939\" data-end=\"6033\">\n<p data-start=\"5942\" data-end=\"6033\"><strong data-start=\"5942\" data-end=\"5957\">Manejo:<\/strong> Use guantes, gafas de seguridad y bata de laboratorio; trabaje bajo una campana extractora de humos.<\/p>\n<\/li>\n<li data-start=\"6034\" data-end=\"6096\">\n<p data-start=\"6037\" data-end=\"6096\"><strong data-start=\"6037\" data-end=\"6050\">Medidas:<\/strong> Utilice pipetas para una dosificaci\u00f3n precisa.<\/p>\n<\/li>\n<li data-start=\"6097\" data-end=\"6167\">\n<p data-start=\"6100\" data-end=\"6167\"><strong data-start=\"6100\" data-end=\"6111\">Almacenamiento:<\/strong> Conservar en un lugar fresco (2\u20138 \u00b0C), seco y oscuro; no congelar.<\/p>\n<\/li>\n<li data-start=\"6168\" data-end=\"6263\">\n<p data-start=\"6171\" data-end=\"6263\"><strong data-start=\"6171\" data-end=\"6183\">An\u00e1lisis:<\/strong> Adecuado para cromatograf\u00eda, espectroscopia y an\u00e1lisis de referencia forense.<\/p>\n<\/li>\n<li data-start=\"6264\" data-end=\"6330\">\n<p data-start=\"6267\" data-end=\"6330\"><strong data-start=\"6267\" data-end=\"6284\">Documentaci\u00f3n:<\/strong> Registrar n\u00fameros de lote y certificados de an\u00e1lisis.<\/p>\n<\/li>\n<\/ol>\n<hr data-start=\"6332\" data-end=\"6335\" \/>\n<h3 data-start=\"6337\" data-end=\"6372\"><strong data-start=\"6341\" data-end=\"6370\">Preguntas frecuentes (FAQ)<\/strong><\/h3>\n<p data-start=\"6374\" data-end=\"6553\"><strong data-start=\"6374\" data-end=\"6395\">1. \u00bfQu\u00e9 es 5-MAPB?<\/strong><br data-start=\"6395\" data-end=\"6398\" \/><strong data-start=\"6398\" data-end=\"6444\">5-MAPB (5-(2-Metilaminopropil)benzofurano)<\/strong> es un <strong data-start=\"6452\" data-end=\"6490\">compuesto sint\u00e9tico de benzofurano<\/strong> que se utiliza en la investigaci\u00f3n anal\u00edtica y neuroqu\u00edmica.<\/p>\n<p data-start=\"6555\" data-end=\"6708\"><strong data-start=\"6555\" data-end=\"6598\">2. \u00bfQu\u00e9 hay en el tubo de 5 ml de 5-MAPB?<\/strong><br data-start=\"6598\" data-end=\"6601\" \/>El tubo contiene <strong data-start=\"6618\" data-end=\"6642\">Soluci\u00f3n de 5-MAPB de 5 ml<\/strong> (pureza \u2265 98%), listo para usar en an\u00e1lisis de laboratorio.<\/p>\n<p data-start=\"6710\" data-end=\"6922\"><strong data-start=\"6710\" data-end=\"6750\">3. \u00bfEs legal comprar 5-MAPB?<\/strong><br data-start=\"6750\" data-end=\"6753\" \/>El <strong data-start=\"6756\" data-end=\"6781\">legalidad del 5-MAPB<\/strong> Var\u00eda seg\u00fan el pa\u00eds. En algunos pa\u00edses est\u00e1 regulado por la Ley del Opio; siempre consulte las leyes locales antes de usarlo. <strong data-start=\"6903\" data-end=\"6919\">5-MAPB compra<\/strong>.<\/p>\n<\/li>\n<\/ul>","protected":false},"excerpt":{"rendered":"<h2><strong><span dir=\"auto\" style=\"vertical-align: inherit;\"><span dir=\"auto\" style=\"vertical-align: inherit;\">Tubo de 5 ml de 5-MAPB<\/span><\/span><\/strong><\/h2>","protected":false},"featured_media":28454,"comment_status":"closed","ping_status":"closed","template":"","meta":[],"product_brand":[],"product_cat":[555],"product_tag":[109,326],"class_list":{"0":"post-24494","1":"product","2":"type-product","3":"status-publish","4":"has-post-thumbnail","6":"product_cat-b2b","7":"product_tag-5-mapb","8":"product_tag-nl","10":"first","11":"instock","12":"taxable","13":"shipping-taxable","14":"purchasable","15":"product-type-variable"},"_links":{"self":[{"href":"https:\/\/researchchemicalhub.com\/es\/wp-json\/wp\/v2\/product\/24494","targetHints":{"allow":["GET"]}}],"collection":[{"href":"https:\/\/researchchemicalhub.com\/es\/wp-json\/wp\/v2\/product"}],"about":[{"href":"https:\/\/researchchemicalhub.com\/es\/wp-json\/wp\/v2\/types\/product"}],"replies":[{"embeddable":true,"href":"https:\/\/researchchemicalhub.com\/es\/wp-json\/wp\/v2\/comments?post=24494"}],"version-history":[{"count":5,"href":"https:\/\/researchchemicalhub.com\/es\/wp-json\/wp\/v2\/product\/24494\/revisions"}],"predecessor-version":[{"id":27782,"href":"https:\/\/researchchemicalhub.com\/es\/wp-json\/wp\/v2\/product\/24494\/revisions\/27782"}],"wp:featuredmedia":[{"embeddable":true,"href":"https:\/\/researchchemicalhub.com\/es\/wp-json\/wp\/v2\/media\/28454"}],"wp:attachment":[{"href":"https:\/\/researchchemicalhub.com\/es\/wp-json\/wp\/v2\/media?parent=24494"}],"wp:term":[{"taxonomy":"product_brand","embeddable":true,"href":"https:\/\/researchchemicalhub.com\/es\/wp-json\/wp\/v2\/product_brand?post=24494"},{"taxonomy":"product_cat","embeddable":true,"href":"https:\/\/researchchemicalhub.com\/es\/wp-json\/wp\/v2\/product_cat?post=24494"},{"taxonomy":"product_tag","embeddable":true,"href":"https:\/\/researchchemicalhub.com\/es\/wp-json\/wp\/v2\/product_tag?post=24494"}],"curies":[{"name":"gracias","href":"https:\/\/api.w.org\/{rel}","templated":true}]}}