{"id":24365,"date":"2025-04-13T17:41:35","date_gmt":"2025-04-13T17:41:35","guid":{"rendered":"https:\/\/researchchemicalhub.com\/?post_type=product&#038;p=24365"},"modified":"2025-10-12T09:28:04","modified_gmt":"2025-10-12T09:28:04","slug":"2-fea-2","status":"publish","type":"product","link":"https:\/\/researchchemicalhub.com\/es\/comercio\/2-fea\/2-fea-2\/","title":{"rendered":"Newphoria 2\/3-FEA 35 mg\/100 mg en pastillas"},"content":{"rendered":"<h3 data-start=\"4220\" data-end=\"4241\"><strong data-start=\"4224\" data-end=\"4239\">Introducci\u00f3n<\/strong><\/h3>\n<p data-start=\"4242\" data-end=\"4512\"><strong data-start=\"4242\" data-end=\"4284\">Newphoria 2\/3-FEA 35 mg \/ 100 mg en pastillas<\/strong> contienen una combinaci\u00f3n precisa de <strong data-start=\"4322\" data-end=\"4357\">2-FEA (2-fluoroetilanfetamina)<\/strong> y <strong data-start=\"4361\" data-end=\"4396\">3-FEA (3-fluoroetilanfetamina)<\/strong> - dos <strong data-start=\"4404\" data-end=\"4442\">an\u00e1logos de anfetamina fluorosustituidos<\/strong> que son ampliamente utilizados en <strong data-start=\"4471\" data-end=\"4509\">investigaci\u00f3n forense y anal\u00edtica<\/strong>. 2 fea\u200b<\/p>\n<p data-start=\"4514\" data-end=\"4730\">Gracias a la <strong data-start=\"4525\" data-end=\"4554\">sustituciones de 2 y 3 fluoro<\/strong> Basados en la estructura de la fenetilamina, estos compuestos son ideales para la investigaci\u00f3n en <strong data-start=\"4635\" data-end=\"4677\">relaciones estructura-actividad (SAR)<\/strong> y <strong data-start=\"4681\" data-end=\"4700\">uni\u00f3n al receptor<\/strong> dentro de la clase de las anfetaminas.<\/p>\n<p data-start=\"4732\" data-end=\"4950\">Cada pellet contiene <strong data-start=\"4750\" data-end=\"4767\">35 mg o 100 mg<\/strong> de la f\u00f3rmula de investigaci\u00f3n activa con una <strong data-start=\"4809\" data-end=\"4833\">pureza de \u2265 98%<\/strong>, probado a trav\u00e9s de <strong data-start=\"4846\" data-end=\"4861\">HPLC y RMN<\/strong>Los pellets son <strong data-start=\"4879\" data-end=\"4897\">envasado en bl\u00edster<\/strong> para una protecci\u00f3n \u00f3ptima y una dosificaci\u00f3n precisa.<\/p>\n<blockquote data-start=\"4952\" data-end=\"5098\">\n<p data-start=\"4954\" data-end=\"5098\">\u26a0\ufe0f <strong data-start=\"4957\" data-end=\"4968\">N\u00d3TESE BIEN:<\/strong> Este producto est\u00e1 destinado \u00fanicamente para su uso <strong data-start=\"5009\" data-end=\"5044\">investigaci\u00f3n y uso anal\u00edtico<\/strong> \u2014 <strong data-start=\"5047\" data-end=\"5095\">No apto para consumo humano o animal<\/strong>.<\/p>\n<\/blockquote>\n<hr data-start=\"5100\" data-end=\"5103\" \/>\n<h3 data-start=\"5105\" data-end=\"5136\"><strong data-start=\"5109\" data-end=\"5136\">Caracter\u00edsticas principales<\/strong><\/h3>\n<div class=\"_tableContainer_1rjym_1\">\n<div class=\"group _tableWrapper_1rjym_13 flex w-fit flex-col-reverse\" tabindex=\"-1\">\n<table class=\"w-fit min-w-(--thread-content-width)\" data-start=\"5138\" data-end=\"5755\">\n<thead data-start=\"5138\" data-end=\"5164\">\n<tr data-start=\"5138\" data-end=\"5164\">\n<th data-start=\"5138\" data-end=\"5148\" data-col-size=\"sm\">Caracter\u00edstica<\/th>\n<th data-start=\"5148\" data-end=\"5164\" data-col-size=\"md\">Descripci\u00f3n<\/th>\n<\/tr>\n<\/thead>\n<tbody data-start=\"5193\" data-end=\"5755\">\n<tr data-start=\"5193\" data-end=\"5240\">\n<td data-start=\"5193\" data-end=\"5211\" data-col-size=\"sm\"><strong data-start=\"5195\" data-end=\"5210\">Nombre del producto<\/strong><\/td>\n<td data-start=\"5211\" data-end=\"5240\" data-col-size=\"md\">Pellets Newphoria 2\/3-FEA<\/td>\n<\/tr>\n<tr data-start=\"5241\" data-end=\"5324\">\n<td data-start=\"5241\" data-end=\"5271\" data-col-size=\"sm\"><strong data-start=\"5243\" data-end=\"5270\">Composici\u00f3n qu\u00edmica<\/strong><\/td>\n<td data-start=\"5271\" data-end=\"5324\" data-col-size=\"md\">2-fluoroetilanfetamina y 3-fluoroetilanfetamina<\/td>\n<\/tr>\n<tr data-start=\"5325\" data-end=\"5370\">\n<td data-start=\"5325\" data-end=\"5342\" data-col-size=\"sm\"><strong data-start=\"5327\" data-end=\"5341\">Dosis<\/strong><\/td>\n<td data-start=\"5342\" data-end=\"5370\" data-col-size=\"md\">35 mg o 100 mg por pellet<\/td>\n<\/tr>\n<tr data-start=\"5371\" data-end=\"5407\">\n<td data-start=\"5371\" data-end=\"5395\" data-col-size=\"sm\"><strong data-start=\"5373\" data-end=\"5394\">F\u00f3rmula qu\u00edmica<\/strong><\/td>\n<td data-start=\"5395\" data-end=\"5407\" data-col-size=\"md\">C\u2081\u2081H\u2081\u2086FN<\/td>\n<\/tr>\n<tr data-start=\"5408\" data-end=\"5446\">\n<td data-start=\"5408\" data-end=\"5430\" data-col-size=\"sm\"><strong data-start=\"5410\" data-end=\"5429\">Peso molecular<\/strong><\/td>\n<td data-start=\"5430\" data-end=\"5446\" data-col-size=\"md\">181,25 g\/mol<\/td>\n<\/tr>\n<tr data-start=\"5447\" data-end=\"5494\">\n<td data-start=\"5447\" data-end=\"5458\" data-col-size=\"sm\"><strong data-start=\"5449\" data-end=\"5457\">Forma<\/strong><\/td>\n<td data-start=\"5458\" data-end=\"5494\" data-col-size=\"md\">Pellet s\u00f3lido (bl\u00edster)<\/td>\n<\/tr>\n<tr data-start=\"5495\" data-end=\"5546\">\n<td data-start=\"5495\" data-end=\"5512\" data-col-size=\"sm\"><strong data-start=\"5497\" data-end=\"5511\">Pureza<\/strong><\/td>\n<td data-start=\"5512\" data-end=\"5546\" data-col-size=\"md\">\u2265 98% (probado por HPLC y RMN)<\/td>\n<\/tr>\n<tr data-start=\"5547\" data-end=\"5613\">\n<td data-start=\"5547\" data-end=\"5570\" data-col-size=\"sm\"><strong data-start=\"5549\" data-end=\"5569\">Clase qu\u00edmica<\/strong><\/td>\n<td data-start=\"5570\" data-end=\"5613\" data-col-size=\"md\">An\u00e1logo de fluoranfetamina\/fenetilamina<\/td>\n<\/tr>\n<tr data-start=\"5614\" data-end=\"5693\">\n<td data-start=\"5614\" data-end=\"5628\" data-col-size=\"sm\"><strong data-start=\"5616\" data-end=\"5627\">Uso<\/strong><\/td>\n<td data-start=\"5628\" data-end=\"5693\" data-col-size=\"md\">Solo para investigaci\u00f3n anal\u00edtica, forense y neuroqu\u00edmica.<\/td>\n<\/tr>\n<tr data-start=\"5694\" data-end=\"5755\">\n<td data-start=\"5694\" data-end=\"5711\" data-col-size=\"sm\"><strong data-start=\"5696\" data-end=\"5710\">Embalaje<\/strong><\/td>\n<td data-start=\"5711\" data-end=\"5755\" data-col-size=\"md\">Tira bl\u00edster con sello de humedad<\/td>\n<\/tr>\n<\/tbody>\n<\/table>\n<\/div>\n<\/div>\n<hr data-start=\"5757\" data-end=\"5760\" \/>\n<h3 data-start=\"5762\" data-end=\"5779\"><strong data-start=\"5766\" data-end=\"5779\">Ventajas<\/strong><\/h3>\n<ul data-start=\"5781\" data-end=\"6184\">\n<li data-start=\"5781\" data-end=\"5866\">\n<p data-start=\"5783\" data-end=\"5866\"><strong data-start=\"5783\" data-end=\"5812\">F\u00f3rmula de doble investigaci\u00f3n<\/strong> \u2013 Incluye 2-FEA y 3-FEA para investigaci\u00f3n comparativa.<\/p>\n<\/li>\n<li data-start=\"5867\" data-end=\"5949\">\n<p data-start=\"5869\" data-end=\"5949\"><strong data-start=\"5869\" data-end=\"5888\">Alta pureza<\/strong> \u2013 \u2265 98% calidad de laboratorio para resultados confiables.<\/p>\n<\/li>\n<li data-start=\"5950\" data-end=\"6028\">\n<p data-start=\"5952\" data-end=\"6028\"><strong data-start=\"5952\" data-end=\"5971\">Dos dosis<\/strong> \u2013 Disponible en 35 mg y 100 mg para un uso flexible.<\/p>\n<\/li>\n<li data-start=\"6029\" data-end=\"6115\">\n<p data-start=\"6031\" data-end=\"6115\"><strong data-start=\"6031\" data-end=\"6056\">Embalaje protector<\/strong> \u2013 El embalaje bl\u00edster evita la degradaci\u00f3n y la contaminaci\u00f3n.<\/p>\n<\/li>\n<li data-start=\"6116\" data-end=\"6184\">\n<p data-start=\"6118\" data-end=\"6184\"><strong data-start=\"6118\" data-end=\"6146\">Producci\u00f3n controlada<\/strong> \u2013 Cada lote probado y trazable.<\/p>\n<\/li>\n<\/ul>\n<hr data-start=\"6186\" data-end=\"6189\" \/>\n<h3 data-start=\"6191\" data-end=\"6243\"><strong data-start=\"6195\" data-end=\"6241\">Uso (solo para fines de investigaci\u00f3n)<\/strong><\/h3>\n<ol data-start=\"6245\" data-end=\"6588\">\n<li data-start=\"6245\" data-end=\"6314\">\n<p data-start=\"6248\" data-end=\"6314\"><strong data-start=\"6248\" data-end=\"6263\">Manejo:<\/strong> Use guantes, gafas de seguridad y bata de laboratorio.<\/p>\n<\/li>\n<li data-start=\"6315\" data-end=\"6386\">\n<p data-start=\"6318\" data-end=\"6386\"><strong data-start=\"6318\" data-end=\"6331\">Medidas:<\/strong> Cada pellet se pesa con precisi\u00f3n (35 mg o 100 mg). 2 fea\u200b<\/p>\n<\/li>\n<li data-start=\"6387\" data-end=\"6465\">\n<p data-start=\"6390\" data-end=\"6465\"><strong data-start=\"6390\" data-end=\"6401\">Almacenamiento:<\/strong> Conservar en un lugar fresco (2\u20138 \u00b0C), seco y oscuro en el embalaje original.<\/p>\n<\/li>\n<li data-start=\"6466\" data-end=\"6525\">\n<p data-start=\"6469\" data-end=\"6525\"><strong data-start=\"6469\" data-end=\"6481\">An\u00e1lisis:<\/strong> Adecuado para GC\/MS, LC-MS, FTIR y HPLC.<\/p>\n<\/li>\n<li data-start=\"6526\" data-end=\"6588\">\n<p data-start=\"6529\" data-end=\"6588\"><strong data-start=\"6529\" data-end=\"6546\">Documentaci\u00f3n:<\/strong> Registrar n\u00fameros de lote y m\u00e9todos anal\u00edticos.<\/p>\n<\/li>\n<\/ol>\n<hr data-start=\"6590\" data-end=\"6593\" \/>\n<h3 data-start=\"6595\" data-end=\"6630\"><strong data-start=\"6599\" data-end=\"6628\">Preguntas frecuentes (FAQ)<\/strong><\/h3>\n<p data-start=\"6632\" data-end=\"6773\"><strong data-start=\"6632\" data-end=\"6664\">1. \u00bfQu\u00e9 es Newphoria 2\/3-FEA?<\/strong><br data-start=\"6664\" data-end=\"6667\" \/>A <strong data-start=\"6671\" data-end=\"6690\">mezcla de investigaci\u00f3n<\/strong> por <strong data-start=\"6695\" data-end=\"6713\">2-FEA y 3-FEA<\/strong>, desarrollado para aplicaciones anal\u00edticas y forenses.<\/p>\n<p data-start=\"6775\" data-end=\"6890\"><strong data-start=\"6775\" data-end=\"6807\">2. \u00bfQu\u00e9 dosis est\u00e1n disponibles?<\/strong><br data-start=\"6807\" data-end=\"6810\" \/>Disponible en <strong data-start=\"6826\" data-end=\"6843\">35 mg o 100 mg<\/strong> por pellet con una pureza de <strong data-start=\"6878\" data-end=\"6887\">\u2265 98%<\/strong>.<\/p>\n<p data-start=\"6892\" data-end=\"7092\"><strong data-start=\"6892\" data-end=\"6943\">3. \u00bfEs legal comprar Newphoria 2\/3-FEA?<\/strong><br data-start=\"6943\" data-end=\"6946\" \/>El <strong data-start=\"6949\" data-end=\"6993\">Legalidad de los an\u00e1logos de la fluoroanfetamina<\/strong> Var\u00eda seg\u00fan el pa\u00eds. Consulte siempre las normativas locales antes de usar. <strong data-start=\"7062\" data-end=\"7089\">Newphoria 2\/3-FEA compra<\/strong>.<\/p>","protected":false},"excerpt":{"rendered":"<p>Presentamos Newphoria 2\/3-FEA 35 mg \/ 100 mg Pellets que contienen una combinaci\u00f3n precisa de 2-FEA (2-fluoroetilanfetamina) y 3-FEA (3-fluoroetilanfetamina), dos compuestos sustituidos con fl\u00faor.<\/p>","protected":false},"featured_media":21479,"comment_status":"closed","ping_status":"closed","template":"","meta":[],"product_brand":[82],"product_cat":[437,439,438,440,322,333,324],"product_tag":[655,840,842,839,326],"class_list":{"0":"post-24365","1":"product","2":"type-product","3":"status-publish","4":"has-post-thumbnail","6":"product_brand-research-chemical","7":"product_cat-2-fea","8":"product_cat-2-fea-pellets","9":"product_cat-3-fea","10":"product_cat-3-fea-pellets","11":"product_cat-bijna-verboden","12":"product_cat-gefluoreerden","13":"product_cat-pellets-for-pellet","14":"product_tag-2-fea","15":"product_tag-2-fea-3-fea-research-chemical","16":"product_tag-newphoria-35mg-pellets","17":"product_tag-newphoria-pellets","18":"product_tag-nl","20":"first","21":"instock","22":"taxable","23":"shipping-taxable","24":"purchasable","25":"product-type-variable"},"_links":{"self":[{"href":"https:\/\/researchchemicalhub.com\/es\/wp-json\/wp\/v2\/product\/24365","targetHints":{"allow":["GET"]}}],"collection":[{"href":"https:\/\/researchchemicalhub.com\/es\/wp-json\/wp\/v2\/product"}],"about":[{"href":"https:\/\/researchchemicalhub.com\/es\/wp-json\/wp\/v2\/types\/product"}],"replies":[{"embeddable":true,"href":"https:\/\/researchchemicalhub.com\/es\/wp-json\/wp\/v2\/comments?post=24365"}],"version-history":[{"count":6,"href":"https:\/\/researchchemicalhub.com\/es\/wp-json\/wp\/v2\/product\/24365\/revisions"}],"predecessor-version":[{"id":27799,"href":"https:\/\/researchchemicalhub.com\/es\/wp-json\/wp\/v2\/product\/24365\/revisions\/27799"}],"wp:featuredmedia":[{"embeddable":true,"href":"https:\/\/researchchemicalhub.com\/es\/wp-json\/wp\/v2\/media\/21479"}],"wp:attachment":[{"href":"https:\/\/researchchemicalhub.com\/es\/wp-json\/wp\/v2\/media?parent=24365"}],"wp:term":[{"taxonomy":"product_brand","embeddable":true,"href":"https:\/\/researchchemicalhub.com\/es\/wp-json\/wp\/v2\/product_brand?post=24365"},{"taxonomy":"product_cat","embeddable":true,"href":"https:\/\/researchchemicalhub.com\/es\/wp-json\/wp\/v2\/product_cat?post=24365"},{"taxonomy":"product_tag","embeddable":true,"href":"https:\/\/researchchemicalhub.com\/es\/wp-json\/wp\/v2\/product_tag?post=24365"}],"curies":[{"name":"gracias","href":"https:\/\/api.w.org\/{rel}","templated":true}]}}