{"id":24344,"date":"2025-04-13T17:41:31","date_gmt":"2025-04-13T17:41:31","guid":{"rendered":"https:\/\/researchchemicalhub.com\/?post_type=product&#038;p=24344"},"modified":"2025-10-29T08:42:33","modified_gmt":"2025-10-29T08:42:33","slug":"2-fa-2-fluoroamfetamine","status":"publish","type":"product","link":"https:\/\/researchchemicalhub.com\/es\/shop\/2-fa\/2-fa-2-fluoroamfetamine\/","title":{"rendered":"2-FA (2-fluoroanfetamina)"},"content":{"rendered":"<h3 data-start=\"4212\" data-end=\"4233\"><strong data-start=\"4216\" data-end=\"4231\"><span dir=\"auto\" style=\"vertical-align: inherit;\"><span dir=\"auto\" style=\"vertical-align: inherit;\">Introducci\u00f3n<\/span><\/span><\/strong><\/h3>\n<p data-start=\"4234\" data-end=\"4470\"><strong data-start=\"4234\" data-end=\"4262\"><span dir=\"auto\" style=\"vertical-align: inherit;\"><span dir=\"auto\" style=\"vertical-align: inherit;\">2-FA (2-Fluoramphetamine)<\/span><\/span><\/strong><span dir=\"auto\" style=\"vertical-align: inherit;\"><span dir=\"auto\" style=\"vertical-align: inherit;\"> es un <\/span><\/span><strong data-start=\"4270\" data-end=\"4307\"><span dir=\"auto\" style=\"vertical-align: inherit;\"><span dir=\"auto\" style=\"vertical-align: inherit;\">fluorinated amphetamine compound<\/span><\/span><\/strong><span dir=\"auto\" style=\"vertical-align: inherit;\"><span dir=\"auto\" style=\"vertical-align: inherit;\"> del <\/span><\/span><strong data-start=\"4315\" data-end=\"4338\"><span dir=\"auto\" style=\"vertical-align: inherit;\"><span dir=\"auto\" style=\"vertical-align: inherit;\">phenethylamine class<\/span><\/span><\/strong><span dir=\"auto\" style=\"vertical-align: inherit;\"><span dir=\"auto\" style=\"vertical-align: inherit;\"> . Structurally, it is the <\/span><\/span><strong data-start=\"4369\" data-end=\"4406\"><span dir=\"auto\" style=\"vertical-align: inherit;\"><span dir=\"auto\" style=\"vertical-align: inherit;\">ortho-fluoro analog of amphetamine<\/span><\/span><\/strong><span dir=\"auto\" style=\"vertical-align: inherit;\"><span dir=\"auto\" style=\"vertical-align: inherit;\"> , with a hydrogen atom replaced by a fluorine atom. 2-FA<\/span><\/span><\/p>\n<p data-start=\"4472\" data-end=\"4745\"><span dir=\"auto\" style=\"vertical-align: inherit;\"><span dir=\"auto\" style=\"vertical-align: inherit;\">En <\/span><\/span><strong data-start=\"4479\" data-end=\"4520\"><span dir=\"auto\" style=\"vertical-align: inherit;\"><span dir=\"auto\" style=\"vertical-align: inherit;\">investigaci\u00f3n anal\u00edtica y neuroqu\u00edmica,<\/span><\/span><\/strong><span dir=\"auto\" style=\"vertical-align: inherit;\"><span dir=\"auto\" style=\"vertical-align: inherit;\"> 2-FA is used to <\/span><span dir=\"auto\" style=\"vertical-align: inherit;\">estudiar <\/span><\/span><strong data-start=\"4544\" data-end=\"4578\"><span dir=\"auto\" style=\"vertical-align: inherit;\"><span dir=\"auto\" style=\"vertical-align: inherit;\">monoamine release and reuptake . It is valuable for research on <\/span><\/span><\/strong><strong data-start=\"4631\" data-end=\"4674\"><span dir=\"auto\" style=\"vertical-align: inherit;\"><span dir=\"auto\" style=\"vertical-align: inherit;\">dopamine and norepinephrine transporters<\/span><\/span><\/strong><span dir=\"auto\" style=\"vertical-align: inherit;\"><span dir=\"auto\" style=\"vertical-align: inherit;\"> , <\/span><\/span><strong data-start=\"4676\" data-end=\"4695\"><span dir=\"auto\" style=\"vertical-align: inherit;\"><span dir=\"auto\" style=\"vertical-align: inherit;\">uni\u00f3n al receptor<\/span><\/span><\/strong><span dir=\"auto\" style=\"vertical-align: inherit;\"><span dir=\"auto\" style=\"vertical-align: inherit;\"> , y <\/span><\/span><strong data-start=\"4700\" data-end=\"4742\"><span dir=\"auto\" style=\"vertical-align: inherit;\"><span dir=\"auto\" style=\"vertical-align: inherit;\">relaciones estructura-actividad (SAR)<\/span><\/span><\/strong><span dir=\"auto\" style=\"vertical-align: inherit;\"><span dir=\"auto\" style=\"vertical-align: inherit;\"> .<\/span><\/span><\/p>\n<p data-start=\"4747\" data-end=\"4979\"><span dir=\"auto\" style=\"vertical-align: inherit;\"><span dir=\"auto\" style=\"vertical-align: inherit;\">Each batch is produced under <\/span><\/span><strong data-start=\"4783\" data-end=\"4823\"><span dir=\"auto\" style=\"vertical-align: inherit;\"><span dir=\"auto\" style=\"vertical-align: inherit;\">condiciones de laboratorio controladas<\/span><\/span><\/strong><span dir=\"auto\" style=\"vertical-align: inherit;\"><span dir=\"auto\" style=\"vertical-align: inherit;\"> and tested to <\/span><\/span><strong data-start=\"4841\" data-end=\"4865\"><span dir=\"auto\" style=\"vertical-align: inherit;\"><span dir=\"auto\" style=\"vertical-align: inherit;\">Pureza \u2265 98%<\/span><\/span><\/strong><span dir=\"auto\" style=\"vertical-align: inherit;\"><span dir=\"auto\" style=\"vertical-align: inherit;\"> by <\/span><\/span><strong data-start=\"4870\" data-end=\"4885\"><span dir=\"auto\" style=\"vertical-align: inherit;\"><span dir=\"auto\" style=\"vertical-align: inherit;\">HPLC y RMN<\/span><\/span><\/strong><span dir=\"auto\" style=\"vertical-align: inherit;\"><span dir=\"auto\" style=\"vertical-align: inherit;\"> . 2-FA is supplied in <\/span><\/span><strong data-start=\"4910\" data-end=\"4950\"><span dir=\"auto\" style=\"vertical-align: inherit;\"><span dir=\"auto\" style=\"vertical-align: inherit;\">crystalline hydrochloride (HCl) form<\/span><\/span><\/strong><span dir=\"auto\" style=\"vertical-align: inherit;\"><span dir=\"auto\" style=\"vertical-align: inherit;\"> para una m\u00e1xima estabilidad.<\/span><\/span><\/p>\n<blockquote data-start=\"4981\" data-end=\"5127\">\n<p data-start=\"4983\" data-end=\"5127\">\u26a0\ufe0f <strong data-start=\"4986\" data-end=\"4997\"><span dir=\"auto\" style=\"vertical-align: inherit;\"><span dir=\"auto\" style=\"vertical-align: inherit;\">Tenga en cuenta:<\/span><\/span><\/strong><span dir=\"auto\" style=\"vertical-align: inherit;\"><span dir=\"auto\" style=\"vertical-align: inherit;\"> Este producto est\u00e1 destinado a <\/span><\/span><strong data-start=\"5038\" data-end=\"5073\"><span dir=\"auto\" style=\"vertical-align: inherit;\"><span dir=\"auto\" style=\"vertical-align: inherit;\">uso de la investigaci\u00f3n y el an\u00e1lisis<\/span><\/span><\/strong><span dir=\"auto\" style=\"vertical-align: inherit;\"><span dir=\"auto\" style=\"vertical-align: inherit;\"> solo - <\/span><\/span><strong data-start=\"5076\" data-end=\"5124\"><span dir=\"auto\" style=\"vertical-align: inherit;\"><span dir=\"auto\" style=\"vertical-align: inherit;\">No apto para el consumo humano ni animal.<\/span><\/span><\/strong><span dir=\"auto\" style=\"vertical-align: inherit;\"><span dir=\"auto\" style=\"vertical-align: inherit;\"> .<\/span><\/span><\/p>\n<\/blockquote>\n<hr data-start=\"5129\" data-end=\"5132\" \/>\n<h3 data-start=\"5134\" data-end=\"5165\"><strong data-start=\"5138\" data-end=\"5165\"><span dir=\"auto\" style=\"vertical-align: inherit;\"><span dir=\"auto\" style=\"vertical-align: inherit;\">Caracter\u00edsticas principales<\/span><\/span><\/strong><\/h3>\n<div class=\"_tableContainer_1rjym_1\">\n<div class=\"group _tableWrapper_1rjym_13 flex w-fit flex-col-reverse\" tabindex=\"-1\">\n<table class=\"w-fit min-w-(--thread-content-width)\" data-start=\"5167\" data-end=\"5761\">\n<thead data-start=\"5167\" data-end=\"5193\">\n<tr data-start=\"5167\" data-end=\"5193\">\n<th data-start=\"5167\" data-end=\"5177\" data-col-size=\"sm\"><span dir=\"auto\" style=\"vertical-align: inherit;\"><span dir=\"auto\" style=\"vertical-align: inherit;\">Caracter\u00edstica<\/span><\/span><\/th>\n<th data-start=\"5177\" data-end=\"5193\" data-col-size=\"md\"><span dir=\"auto\" style=\"vertical-align: inherit;\"><span dir=\"auto\" style=\"vertical-align: inherit;\">Descripci\u00f3n<\/span><\/span><\/th>\n<\/tr>\n<\/thead>\n<tbody data-start=\"5222\" data-end=\"5761\">\n<tr data-start=\"5222\" data-end=\"5278\">\n<td data-start=\"5222\" data-end=\"5243\" data-col-size=\"sm\"><strong data-start=\"5224\" data-end=\"5242\"><span dir=\"auto\" style=\"vertical-align: inherit;\"><span dir=\"auto\" style=\"vertical-align: inherit;\">Nombre qu\u00edmico<\/span><\/span><\/strong><\/td>\n<td data-start=\"5243\" data-end=\"5278\" data-col-size=\"md\"><span dir=\"auto\" style=\"vertical-align: inherit;\"><span dir=\"auto\" style=\"vertical-align: inherit;\">2-Fluoroamphetamine Hydrochloride<\/span><\/span><\/td>\n<\/tr>\n<tr data-start=\"5279\" data-end=\"5312\">\n<td data-start=\"5279\" data-end=\"5304\" data-col-size=\"sm\"><strong data-start=\"5281\" data-end=\"5303\"><span dir=\"auto\" style=\"vertical-align: inherit;\"><span dir=\"auto\" style=\"vertical-align: inherit;\">Nombre com\u00fan<\/span><\/span><\/strong><\/td>\n<td data-start=\"5304\" data-end=\"5312\" data-col-size=\"md\"><span dir=\"auto\" style=\"vertical-align: inherit;\"><span dir=\"auto\" style=\"vertical-align: inherit;\">2-FA<\/span><\/span><\/td>\n<\/tr>\n<tr data-start=\"5313\" data-end=\"5352\">\n<td data-start=\"5313\" data-end=\"5337\" data-col-size=\"sm\"><strong data-start=\"5315\" data-end=\"5336\"><span dir=\"auto\" style=\"vertical-align: inherit;\"><span dir=\"auto\" style=\"vertical-align: inherit;\">F\u00f3rmula qu\u00edmica<\/span><\/span><\/strong><\/td>\n<td data-start=\"5337\" data-end=\"5352\" data-col-size=\"md\"><span dir=\"auto\" style=\"vertical-align: inherit;\"><span dir=\"auto\" style=\"vertical-align: inherit;\">C\u2089H\u2081\u2082FN\u00b7HCl<\/span><\/span><\/td>\n<\/tr>\n<tr data-start=\"5353\" data-end=\"5391\">\n<td data-start=\"5353\" data-end=\"5375\" data-col-size=\"sm\"><strong data-start=\"5355\" data-end=\"5374\"><span dir=\"auto\" style=\"vertical-align: inherit;\"><span dir=\"auto\" style=\"vertical-align: inherit;\">Peso molecular<\/span><\/span><\/strong><\/td>\n<td data-start=\"5375\" data-end=\"5391\" data-col-size=\"md\"><span dir=\"auto\" style=\"vertical-align: inherit;\"><span dir=\"auto\" style=\"vertical-align: inherit;\">189.65 g\/mol<\/span><\/span><\/td>\n<\/tr>\n<tr data-start=\"5392\" data-end=\"5436\">\n<td data-start=\"5392\" data-end=\"5403\" data-col-size=\"sm\"><strong data-start=\"5394\" data-end=\"5402\"><span dir=\"auto\" style=\"vertical-align: inherit;\"><span dir=\"auto\" style=\"vertical-align: inherit;\">Forma<\/span><\/span><\/strong><\/td>\n<td data-start=\"5403\" data-end=\"5436\" data-col-size=\"md\"><span dir=\"auto\" style=\"vertical-align: inherit;\"><span dir=\"auto\" style=\"vertical-align: inherit;\">Crystalline hydrochloride salt<\/span><\/span><\/td>\n<\/tr>\n<tr data-start=\"5437\" data-end=\"5488\">\n<td data-start=\"5437\" data-end=\"5454\" data-col-size=\"sm\"><strong data-start=\"5439\" data-end=\"5453\"><span dir=\"auto\" style=\"vertical-align: inherit;\"><span dir=\"auto\" style=\"vertical-align: inherit;\">Pureza<\/span><\/span><\/strong><\/td>\n<td data-start=\"5454\" data-end=\"5488\" data-col-size=\"md\"><span dir=\"auto\" style=\"vertical-align: inherit;\"><span dir=\"auto\" style=\"vertical-align: inherit;\">\u2265 98% (analizado mediante HPLC y RMN)<\/span><\/span><\/td>\n<\/tr>\n<tr data-start=\"5489\" data-end=\"5555\">\n<td data-start=\"5489\" data-end=\"5512\" data-col-size=\"sm\"><strong data-start=\"5491\" data-end=\"5511\"><span dir=\"auto\" style=\"vertical-align: inherit;\"><span dir=\"auto\" style=\"vertical-align: inherit;\">Clase qu\u00edmica<\/span><\/span><\/strong><\/td>\n<td data-start=\"5512\" data-end=\"5555\" data-col-size=\"md\"><span dir=\"auto\" style=\"vertical-align: inherit;\"><span dir=\"auto\" style=\"vertical-align: inherit;\">Fluoramphetamine \/ Phenethylamine analogue<\/span><\/span><\/td>\n<\/tr>\n<tr data-start=\"5556\" data-end=\"5635\">\n<td data-start=\"5556\" data-end=\"5570\" data-col-size=\"sm\"><strong data-start=\"5558\" data-end=\"5569\"><span dir=\"auto\" style=\"vertical-align: inherit;\"><span dir=\"auto\" style=\"vertical-align: inherit;\">Uso<\/span><\/span><\/strong><\/td>\n<td data-start=\"5570\" data-end=\"5635\" data-col-size=\"md\"><span dir=\"auto\" style=\"vertical-align: inherit;\"><span dir=\"auto\" style=\"vertical-align: inherit;\">Solo para investigaci\u00f3n anal\u00edtica, forense y neuroqu\u00edmica.<\/span><\/span><\/td>\n<\/tr>\n<tr data-start=\"5636\" data-end=\"5703\">\n<td data-start=\"5636\" data-end=\"5653\" data-col-size=\"sm\"><strong data-start=\"5638\" data-end=\"5652\"><span dir=\"auto\" style=\"vertical-align: inherit;\"><span dir=\"auto\" style=\"vertical-align: inherit;\">Embalaje<\/span><\/span><\/strong><\/td>\n<td data-start=\"5653\" data-end=\"5703\" data-col-size=\"md\"><span dir=\"auto\" style=\"vertical-align: inherit;\"><span dir=\"auto\" style=\"vertical-align: inherit;\">Bolsa de laboratorio resellable y resistente a la humedad<\/span><\/span><\/td>\n<\/tr>\n<tr data-start=\"5704\" data-end=\"5761\">\n<td data-start=\"5704\" data-end=\"5722\" data-col-size=\"sm\"><strong data-start=\"5706\" data-end=\"5721\"><span dir=\"auto\" style=\"vertical-align: inherit;\"><span dir=\"auto\" style=\"vertical-align: inherit;\">Cantidad<\/span><\/span><\/strong><\/td>\n<td data-start=\"5722\" data-end=\"5761\" data-col-size=\"md\"><span dir=\"auto\" style=\"vertical-align: inherit;\"><span dir=\"auto\" style=\"vertical-align: inherit;\">1 gram per bag (batch dependent)<\/span><\/span><\/td>\n<\/tr>\n<\/tbody>\n<\/table>\n<\/div>\n<\/div>\n<hr data-start=\"5763\" data-end=\"5766\" \/>\n<h3 data-start=\"5768\" data-end=\"5785\"><strong data-start=\"5772\" data-end=\"5785\"><span dir=\"auto\" style=\"vertical-align: inherit;\"><span dir=\"auto\" style=\"vertical-align: inherit;\">Ventajas<\/span><\/span><\/strong><\/h3>\n<ul data-start=\"5787\" data-end=\"6194\">\n<li data-start=\"5787\" data-end=\"5879\">\n<p data-start=\"5789\" data-end=\"5879\"><strong data-start=\"5789\" data-end=\"5808\"><span dir=\"auto\" style=\"vertical-align: inherit;\"><span dir=\"auto\" style=\"vertical-align: inherit;\">Alta pureza<\/span><\/span><\/strong><span dir=\"auto\" style=\"vertical-align: inherit;\"><span dir=\"auto\" style=\"vertical-align: inherit;\"> \u2013 \u2265 98% calidad de laboratorio para resultados de investigaci\u00f3n confiables.<\/span><\/span><\/p>\n<\/li>\n<li data-start=\"5880\" data-end=\"5958\">\n<p data-start=\"5882\" data-end=\"5958\"><strong data-start=\"5882\" data-end=\"5903\"><span dir=\"auto\" style=\"vertical-align: inherit;\"><span dir=\"auto\" style=\"vertical-align: inherit;\">Forma de sal estable<\/span><\/span><\/strong><span dir=\"auto\" style=\"vertical-align: inherit;\"><span dir=\"auto\" style=\"vertical-align: inherit;\"> \u2013 The HCl form increases solubility and stability.<\/span><\/span><\/p>\n<\/li>\n<li data-start=\"5959\" data-end=\"6037\">\n<p data-start=\"5961\" data-end=\"6037\"><strong data-start=\"5961\" data-end=\"5991\"><span dir=\"auto\" style=\"vertical-align: inherit;\"><span dir=\"auto\" style=\"vertical-align: inherit;\">Amplia aplicabilidad de la investigaci\u00f3n<\/span><\/span><\/strong><span dir=\"auto\" style=\"vertical-align: inherit;\"><span dir=\"auto\" style=\"vertical-align: inherit;\"> \u2013 Adecuado para GC\/MS, LC-MS, FTIR y HPLC.<\/span><\/span><\/p>\n<\/li>\n<li data-start=\"6038\" data-end=\"6104\">\n<p data-start=\"6040\" data-end=\"6104\"><strong data-start=\"6040\" data-end=\"6065\"><span dir=\"auto\" style=\"vertical-align: inherit;\"><span dir=\"auto\" style=\"vertical-align: inherit;\">Traceable Production<\/span><\/span><\/strong><span dir=\"auto\" style=\"vertical-align: inherit;\"><span dir=\"auto\" style=\"vertical-align: inherit;\"> \u2013 Every batch tested and verified.<\/span><\/span><\/p>\n<\/li>\n<li data-start=\"6105\" data-end=\"6194\">\n<p data-start=\"6107\" data-end=\"6194\"><strong data-start=\"6107\" data-end=\"6146\"><span dir=\"auto\" style=\"vertical-align: inherit;\"><span dir=\"auto\" style=\"vertical-align: inherit;\">Ideal for Neurochemical Research<\/span><\/span><\/strong><span dir=\"auto\" style=\"vertical-align: inherit;\"><span dir=\"auto\" style=\"vertical-align: inherit;\"> \u2013 Valuable for SAR and transporter analyses.<\/span><\/span><\/p>\n<\/li>\n<\/ul>\n<hr data-start=\"6196\" data-end=\"6199\" \/>\n<h3 data-start=\"6201\" data-end=\"6253\"><strong data-start=\"6205\" data-end=\"6251\"><span dir=\"auto\" style=\"vertical-align: inherit;\"><span dir=\"auto\" style=\"vertical-align: inherit;\">Uso (Solo para fines de investigaci\u00f3n)<\/span><\/span><\/strong><\/h3>\n<ol data-start=\"6255\" data-end=\"6573\">\n<li data-start=\"6255\" data-end=\"6324\">\n<p data-start=\"6258\" data-end=\"6324\"><strong data-start=\"6258\" data-end=\"6273\"><span dir=\"auto\" style=\"vertical-align: inherit;\"><span dir=\"auto\" style=\"vertical-align: inherit;\">Manejo:<\/span><\/span><\/strong><span dir=\"auto\" style=\"vertical-align: inherit;\"><span dir=\"auto\" style=\"vertical-align: inherit;\"> Utilice guantes, gafas de seguridad y bata de laboratorio.<\/span><\/span><\/p>\n<\/li>\n<li data-start=\"6325\" data-end=\"6384\">\n<p data-start=\"6328\" data-end=\"6384\"><strong data-start=\"6328\" data-end=\"6341\"><span dir=\"auto\" style=\"vertical-align: inherit;\"><span dir=\"auto\" style=\"vertical-align: inherit;\">Medidas:<\/span><\/span><\/strong><span dir=\"auto\" style=\"vertical-align: inherit;\"><span dir=\"auto\" style=\"vertical-align: inherit;\"> Use calibrated laboratory balances.<\/span><\/span><\/p>\n<\/li>\n<li data-start=\"6385\" data-end=\"6439\">\n<p data-start=\"6388\" data-end=\"6439\"><strong data-start=\"6388\" data-end=\"6399\"><span dir=\"auto\" style=\"vertical-align: inherit;\"><span dir=\"auto\" style=\"vertical-align: inherit;\">Almacenamiento:<\/span><\/span><\/strong><span dir=\"auto\" style=\"vertical-align: inherit;\"><span dir=\"auto\" style=\"vertical-align: inherit;\"> Almacenar en un lugar fresco (2\u20138\u00b0C), seco y oscuro.<\/span><\/span><\/p>\n<\/li>\n<li data-start=\"6440\" data-end=\"6514\">\n<p data-start=\"6443\" data-end=\"6514\"><strong data-start=\"6443\" data-end=\"6455\"><span dir=\"auto\" style=\"vertical-align: inherit;\"><span dir=\"auto\" style=\"vertical-align: inherit;\">An\u00e1lisis:<\/span><\/span><\/strong><span dir=\"auto\" style=\"vertical-align: inherit;\"><span dir=\"auto\" style=\"vertical-align: inherit;\"> Suitable for chromatography and neurochemical research.<\/span><\/span><\/p>\n<\/li>\n<li data-start=\"6515\" data-end=\"6573\">\n<p data-start=\"6518\" data-end=\"6573\"><strong data-start=\"6518\" data-end=\"6535\"><span dir=\"auto\" style=\"vertical-align: inherit;\"><span dir=\"auto\" style=\"vertical-align: inherit;\">Documentaci\u00f3n:<\/span><\/span><\/strong><span dir=\"auto\" style=\"vertical-align: inherit;\"><span dir=\"auto\" style=\"vertical-align: inherit;\"> Record batch number and test data.<\/span><\/span><\/p>\n<\/li>\n<\/ol>\n<hr data-start=\"6575\" data-end=\"6578\" \/>\n<h3 data-start=\"6580\" data-end=\"6615\"><strong data-start=\"6584\" data-end=\"6613\"><span dir=\"auto\" style=\"vertical-align: inherit;\"><span dir=\"auto\" style=\"vertical-align: inherit;\">Preguntas frecuentes (FAQ)<\/span><\/span><\/strong><\/h3>\n<p data-start=\"6617\" data-end=\"6775\"><strong data-start=\"6617\" data-end=\"6656\"><span dir=\"auto\" style=\"vertical-align: inherit;\"><span dir=\"auto\" style=\"vertical-align: inherit;\">1. What is 2-FA (2-Fluoramphetamine)? <\/span><\/span><\/strong><br data-start=\"6656\" data-end=\"6659\" \/><strong data-start=\"6659\" data-end=\"6667\"><span dir=\"auto\" style=\"vertical-align: inherit;\"><span dir=\"auto\" style=\"vertical-align: inherit;\">2-FA<\/span><\/span><\/strong><span dir=\"auto\" style=\"vertical-align: inherit;\"><span dir=\"auto\" style=\"vertical-align: inherit;\"> es un <\/span><\/span><strong data-start=\"6675\" data-end=\"6710\"><span dir=\"auto\" style=\"vertical-align: inherit;\"><span dir=\"auto\" style=\"vertical-align: inherit;\">fluorinated amphetamine analog<\/span><\/span><\/strong><span dir=\"auto\" style=\"vertical-align: inherit;\"><span dir=\"auto\" style=\"vertical-align: inherit;\"> used in analytical and neurochemical research.<\/span><\/span><\/p>\n<p data-start=\"6777\" data-end=\"6901\"><strong data-start=\"6777\" data-end=\"6814\"><span dir=\"auto\" style=\"vertical-align: inherit;\"><span dir=\"auto\" style=\"vertical-align: inherit;\">2. What is the purity of 2-FA?<\/span><\/span><\/strong><br data-start=\"6814\" data-end=\"6817\" \/><span dir=\"auto\" style=\"vertical-align: inherit;\"><span dir=\"auto\" style=\"vertical-align: inherit;\"> Cada lote tiene un <\/span><\/span><strong data-start=\"6838\" data-end=\"6862\"><span dir=\"auto\" style=\"vertical-align: inherit;\"><span dir=\"auto\" style=\"vertical-align: inherit;\">Pureza \u2265 98%<\/span><\/span><\/strong><span dir=\"auto\" style=\"vertical-align: inherit;\"><span dir=\"auto\" style=\"vertical-align: inherit;\"> , confirmado mediante an\u00e1lisis de HPLC y RMN.<\/span><\/span><\/p>\n<p data-start=\"6903\" data-end=\"7056\"><strong data-start=\"6903\" data-end=\"6941\"><span dir=\"auto\" style=\"vertical-align: inherit;\"><span dir=\"auto\" style=\"vertical-align: inherit;\">3. Is it legal to buy 2-FA?<\/span><\/span><\/strong><br data-start=\"6941\" data-end=\"6944\" \/><span dir=\"auto\" style=\"vertical-align: inherit;\"><span dir=\"auto\" style=\"vertical-align: inherit;\"> El <\/span><\/span><strong data-start=\"6947\" data-end=\"6970\"><span dir=\"auto\" style=\"vertical-align: inherit;\"><span dir=\"auto\" style=\"vertical-align: inherit;\">legality of 2-FA<\/span><\/span><\/strong><span dir=\"auto\" style=\"vertical-align: inherit;\"><span dir=\"auto\" style=\"vertical-align: inherit;\"> Var\u00eda seg\u00fan el pa\u00eds. Consulte siempre la normativa local antes de <\/span><\/span><strong data-start=\"7039\" data-end=\"7053\"><span dir=\"auto\" style=\"vertical-align: inherit;\"><span dir=\"auto\" style=\"vertical-align: inherit;\">purchasing 2-FA<\/span><\/span><\/strong><span dir=\"auto\" style=\"vertical-align: inherit;\"><span dir=\"auto\" style=\"vertical-align: inherit;\"> .<\/span><\/span><\/p>","protected":false},"excerpt":{"rendered":"<h2><span dir=\"auto\" style=\"vertical-align: inherit;\"><span dir=\"auto\" style=\"vertical-align: inherit;\"><span dir=\"auto\" style=\"vertical-align: inherit;\"><span dir=\"auto\" style=\"vertical-align: inherit;\">Propiedades de 2-FA<\/span><\/span><\/span><\/span><\/h2>\n<p><strong><span dir=\"auto\" style=\"vertical-align: inherit;\"><span dir=\"auto\" style=\"vertical-align: inherit;\"><span dir=\"auto\" style=\"vertical-align: inherit;\"><span dir=\"auto\" style=\"vertical-align: inherit;\">Sin\u00f3nimo<\/span><\/span><\/span><\/span><\/strong><span dir=\"auto\" style=\"vertical-align: inherit;\"><span dir=\"auto\" style=\"vertical-align: inherit;\"><span dir=\"auto\" style=\"vertical-align: inherit;\"><span dir=\"auto\" style=\"vertical-align: inherit;\"> : 2-fluoroanfetamina <\/span><\/span><\/span><\/span><br \/>\n<strong><span dir=\"auto\" style=\"vertical-align: inherit;\"><span dir=\"auto\" style=\"vertical-align: inherit;\"><span dir=\"auto\" style=\"vertical-align: inherit;\"><span dir=\"auto\" style=\"vertical-align: inherit;\">N\u00famero CAS<\/span><\/span><\/span><\/span><\/strong><span dir=\"auto\" style=\"vertical-align: inherit;\"><span dir=\"auto\" style=\"vertical-align: inherit;\"><span dir=\"auto\" style=\"vertical-align: inherit;\"><span dir=\"auto\" style=\"vertical-align: inherit;\"> : 1626-69-3 <\/span><\/span><\/span><\/span><br \/>\n<strong><span dir=\"auto\" style=\"vertical-align: inherit;\"><span dir=\"auto\" style=\"vertical-align: inherit;\"><span dir=\"auto\" style=\"vertical-align: inherit;\"><span dir=\"auto\" style=\"vertical-align: inherit;\">F\u00f3rmula<\/span><\/span><\/span><\/span><\/strong><span dir=\"auto\" style=\"vertical-align: inherit;\"><span dir=\"auto\" style=\"vertical-align: inherit;\"><span dir=\"auto\" style=\"vertical-align: inherit;\"><span dir=\"auto\" style=\"vertical-align: inherit;\"> : C9H12FN \u2022 HCl <\/span><\/span><\/span><\/span><br \/>\n<strong><span dir=\"auto\" style=\"vertical-align: inherit;\"><span dir=\"auto\" style=\"vertical-align: inherit;\"><span dir=\"auto\" style=\"vertical-align: inherit;\"><span dir=\"auto\" style=\"vertical-align: inherit;\">Masa molar<\/span><\/span><\/span><\/span><\/strong><span dir=\"auto\" style=\"vertical-align: inherit;\"><span dir=\"auto\" style=\"vertical-align: inherit;\"><span dir=\"auto\" style=\"vertical-align: inherit;\"><span dir=\"auto\" style=\"vertical-align: inherit;\"> :189,7 g\/mol <\/span><\/span><\/span><\/span><br \/>\n<strong><span dir=\"auto\" style=\"vertical-align: inherit;\"><span dir=\"auto\" style=\"vertical-align: inherit;\"><span dir=\"auto\" style=\"vertical-align: inherit;\"><span dir=\"auto\" style=\"vertical-align: inherit;\">Pureza<\/span><\/span><\/span><\/span><\/strong><span dir=\"auto\" style=\"vertical-align: inherit;\"><span dir=\"auto\" style=\"vertical-align: inherit;\"><span dir=\"auto\" style=\"vertical-align: inherit;\"><span dir=\"auto\" style=\"vertical-align: inherit;\"> : \u226598%<\/span><\/span><\/span><\/span><\/p>","protected":false},"featured_media":28379,"comment_status":"closed","ping_status":"closed","template":"","meta":[],"product_brand":[82],"product_cat":[470,322,333],"product_tag":[931,932,821,326],"class_list":{"0":"post-24344","1":"product","2":"type-product","3":"status-publish","4":"has-post-thumbnail","6":"product_brand-research-chemical","7":"product_cat-2-fa","8":"product_cat-bijna-verboden","9":"product_cat-gefluoreerden","10":"product_tag-2-fa-kopen","11":"product_tag-2-fa-research-chemical","12":"product_tag-2-fa","13":"product_tag-nl","15":"first","16":"instock","17":"taxable","18":"shipping-taxable","19":"purchasable","20":"product-type-variable"},"_links":{"self":[{"href":"https:\/\/researchchemicalhub.com\/es\/wp-json\/wp\/v2\/product\/24344","targetHints":{"allow":["GET"]}}],"collection":[{"href":"https:\/\/researchchemicalhub.com\/es\/wp-json\/wp\/v2\/product"}],"about":[{"href":"https:\/\/researchchemicalhub.com\/es\/wp-json\/wp\/v2\/types\/product"}],"replies":[{"embeddable":true,"href":"https:\/\/researchchemicalhub.com\/es\/wp-json\/wp\/v2\/comments?post=24344"}],"version-history":[{"count":7,"href":"https:\/\/researchchemicalhub.com\/es\/wp-json\/wp\/v2\/product\/24344\/revisions"}],"predecessor-version":[{"id":28686,"href":"https:\/\/researchchemicalhub.com\/es\/wp-json\/wp\/v2\/product\/24344\/revisions\/28686"}],"wp:featuredmedia":[{"embeddable":true,"href":"https:\/\/researchchemicalhub.com\/es\/wp-json\/wp\/v2\/media\/28379"}],"wp:attachment":[{"href":"https:\/\/researchchemicalhub.com\/es\/wp-json\/wp\/v2\/media?parent=24344"}],"wp:term":[{"taxonomy":"product_brand","embeddable":true,"href":"https:\/\/researchchemicalhub.com\/es\/wp-json\/wp\/v2\/product_brand?post=24344"},{"taxonomy":"product_cat","embeddable":true,"href":"https:\/\/researchchemicalhub.com\/es\/wp-json\/wp\/v2\/product_cat?post=24344"},{"taxonomy":"product_tag","embeddable":true,"href":"https:\/\/researchchemicalhub.com\/es\/wp-json\/wp\/v2\/product_tag?post=24344"}],"curies":[{"name":"gracias","href":"https:\/\/api.w.org\/{rel}","templated":true}]}}