{"id":24342,"date":"2025-04-13T17:41:31","date_gmt":"2025-04-13T17:41:31","guid":{"rendered":"https:\/\/researchchemicalhub.com\/?post_type=product&#038;p=24342"},"modified":"2025-10-12T12:05:44","modified_gmt":"2025-10-12T12:05:44","slug":"minibascula-digital-para-tanque-de-20-g-x-0001-g","status":"publish","type":"product","link":"https:\/\/researchchemicalhub.com\/es\/comercio\/balanza\/minibascula-digital-para-tanque-de-20-g-x-0001-g\/","title":{"rendered":"Minib\u00e1scula digital para tanques: 20 g x 0,001 g"},"content":{"rendered":"<h3 data-start=\"3844\" data-end=\"3865\"><strong data-start=\"3848\" data-end=\"3863\">Introducci\u00f3n<\/strong><\/h3>\n<p data-start=\"3866\" data-end=\"4264\">El <strong data-start=\"3869\" data-end=\"3917\">Minib\u00e1scula digital para tanques: 20 g x 0,001 g<\/strong> es un <strong data-start=\"3925\" data-end=\"3955\">b\u00e1scula de bolsillo de alta precisi\u00f3n<\/strong> Dise\u00f1ado para <strong data-start=\"3971\" data-end=\"4028\">Aplicaciones de laboratorio, joyer\u00eda y an\u00e1lisis.<\/strong> Donde se requiere m\u00e1xima precisi\u00f3n. Minib\u00e1scula digital para tanques.<br data-start=\"4072\" data-end=\"4075\" \/>Con una precisi\u00f3n de <strong data-start=\"4096\" data-end=\"4120\">0,001 g (1 miligramo)<\/strong> Y un dise\u00f1o compacto y robusto ofrece esta mini b\u00e1scula. <strong data-start=\"4180\" data-end=\"4214\">mediciones r\u00e1pidas y fiables<\/strong> para polvos, piedras preciosas o muestras qu\u00edmicas.<\/p>\n<p data-start=\"4266\" data-end=\"4457\">Ya sea que trabajes en una <strong data-start=\"4287\" data-end=\"4303\">laboratorio<\/strong>, Un <strong data-start=\"4309\" data-end=\"4328\">configuraci\u00f3n del hogar<\/strong> o una <strong data-start=\"4336\" data-end=\"4362\">entorno profesional<\/strong>La mini b\u00e1scula digital para tanques ofrece <strong data-start=\"4404\" data-end=\"4454\">Calidad de laboratorio en formato port\u00e1til<\/strong>.<\/p>\n<blockquote data-start=\"4459\" data-end=\"4576\">\n<p data-start=\"4461\" data-end=\"4576\">\u2699\ufe0f Perfecto para pesar polvos finos, microdosis o materiales preciosos con precisi\u00f3n de miligramos.<\/p>\n<\/blockquote>\n<hr data-start=\"4578\" data-end=\"4581\" \/>\n<h3 data-start=\"4583\" data-end=\"4614\"><strong data-start=\"4587\" data-end=\"4614\">Caracter\u00edsticas principales<\/strong><\/h3>\n<div class=\"_tableContainer_1rjym_1\">\n<div class=\"group _tableWrapper_1rjym_13 flex w-fit flex-col-reverse\" tabindex=\"-1\">\n<table class=\"w-fit min-w-(--thread-content-width)\" data-start=\"4616\" data-end=\"5132\">\n<thead data-start=\"4616\" data-end=\"4642\">\n<tr data-start=\"4616\" data-end=\"4642\">\n<th data-start=\"4616\" data-end=\"4626\" data-col-size=\"sm\">Caracter\u00edstica<\/th>\n<th data-start=\"4626\" data-end=\"4642\" data-col-size=\"sm\">Descripci\u00f3n<\/th>\n<\/tr>\n<\/thead>\n<tbody data-start=\"4671\" data-end=\"5132\">\n<tr data-start=\"4671\" data-end=\"4716\">\n<td data-start=\"4671\" data-end=\"4683\" data-col-size=\"sm\"><strong data-start=\"4673\" data-end=\"4682\">Modelo<\/strong><\/td>\n<td data-start=\"4683\" data-end=\"4716\" data-col-size=\"sm\">Minib\u00e1scula digital para tanques<\/td>\n<\/tr>\n<tr data-start=\"4717\" data-end=\"4750\">\n<td data-start=\"4717\" data-end=\"4734\" data-col-size=\"sm\"><strong data-start=\"4719\" data-end=\"4733\">Rango de medici\u00f3n<\/strong><\/td>\n<td data-start=\"4734\" data-end=\"4750\" data-col-size=\"sm\">0,001 g \u2013 20 g<\/td>\n<\/tr>\n<tr data-start=\"4751\" data-end=\"4797\">\n<td data-start=\"4751\" data-end=\"4772\" data-col-size=\"sm\"><strong data-start=\"4753\" data-end=\"4771\">Exactitud<\/strong><\/td>\n<td data-start=\"4772\" data-end=\"4797\" data-col-size=\"sm\">\u00b10,001 g (1 miligramo)<\/td>\n<\/tr>\n<tr data-start=\"4798\" data-end=\"4843\">\n<td data-start=\"4798\" data-end=\"4812\" data-col-size=\"sm\"><strong data-start=\"4800\" data-end=\"4811\">Mostrar<\/strong><\/td>\n<td data-start=\"4812\" data-end=\"4843\" data-col-size=\"sm\">Pantalla LCD iluminada (azul)<\/td>\n<\/tr>\n<tr data-start=\"4844\" data-end=\"4882\">\n<td data-start=\"4844\" data-end=\"4860\" data-col-size=\"sm\"><strong data-start=\"4846\" data-end=\"4859\">Unidades de medida<\/strong><\/td>\n<td data-start=\"4860\" data-end=\"4882\" data-col-size=\"sm\">g, oz, ct, gn, dwt<\/td>\n<\/tr>\n<tr data-start=\"4883\" data-end=\"4921\">\n<td data-start=\"4883\" data-end=\"4902\" data-col-size=\"sm\"><strong data-start=\"4885\" data-end=\"4901\">Plataforma de pesaje<\/strong><\/td>\n<td data-start=\"4902\" data-end=\"4921\" data-col-size=\"sm\">Acero inoxidable<\/td>\n<\/tr>\n<tr data-start=\"4922\" data-end=\"4971\">\n<td data-start=\"4922\" data-end=\"4936\" data-col-size=\"sm\"><strong data-start=\"4924\" data-end=\"4935\">Fuente de alimentaci\u00f3n<\/strong><\/td>\n<td data-start=\"4936\" data-end=\"4971\" data-col-size=\"sm\">2 pilas AAA (incluidas)<\/td>\n<\/tr>\n<tr data-start=\"4972\" data-end=\"5019\">\n<td data-start=\"4972\" data-end=\"4989\" data-col-size=\"sm\"><strong data-start=\"4974\" data-end=\"4988\">Dimensiones<\/strong><\/td>\n<td data-start=\"4989\" data-end=\"5019\" data-col-size=\"sm\">Dise\u00f1o compacto y port\u00e1til<\/td>\n<\/tr>\n<tr data-start=\"5020\" data-end=\"5082\">\n<td data-start=\"5020\" data-end=\"5053\" data-col-size=\"sm\"><strong data-start=\"5022\" data-end=\"5052\">Apagado autom\u00e1tico<\/strong><\/td>\n<td data-start=\"5053\" data-end=\"5082\" data-col-size=\"sm\">Funci\u00f3n de ahorro de energ\u00eda<\/td>\n<\/tr>\n<tr data-start=\"5083\" data-end=\"5132\">\n<td data-start=\"5083\" data-end=\"5101\" data-col-size=\"sm\"><strong data-start=\"5085\" data-end=\"5100\">Tapa protectora<\/strong><\/td>\n<td data-start=\"5101\" data-end=\"5132\" data-col-size=\"sm\">Protege durante el transporte<\/td>\n<\/tr>\n<\/tbody>\n<\/table>\n<\/div>\n<\/div>\n<hr data-start=\"5134\" data-end=\"5137\" \/>\n<h3 data-start=\"5139\" data-end=\"5156\"><strong data-start=\"5143\" data-end=\"5156\">Ventajas<\/strong><\/h3>\n<ul data-start=\"5158\" data-end=\"5604\">\n<li data-start=\"5158\" data-end=\"5224\">\n<p data-start=\"5160\" data-end=\"5224\"><strong data-start=\"5160\" data-end=\"5182\">Extremadamente preciso<\/strong> \u2013 Pesa con una precisi\u00f3n de 0,001 g (1 mg).<\/p>\n<\/li>\n<li data-start=\"5225\" data-end=\"5289\">\n<p data-start=\"5227\" data-end=\"5289\"><strong data-start=\"5227\" data-end=\"5250\">Compacto y port\u00e1til<\/strong> \u2013 Cabe f\u00e1cilmente en un bolsillo o en un caj\u00f3n del escritorio.<\/p>\n<\/li>\n<li data-start=\"5290\" data-end=\"5365\">\n<p data-start=\"5292\" data-end=\"5365\"><strong data-start=\"5292\" data-end=\"5312\">Dise\u00f1o sostenible<\/strong> \u2013 Plataforma de acero inoxidable para uso prolongado.<\/p>\n<\/li>\n<li data-start=\"5366\" data-end=\"5457\">\n<p data-start=\"5368\" data-end=\"5457\"><strong data-start=\"5368\" data-end=\"5395\">Diferentes unidades de medida<\/strong> \u2013 Cambie f\u00e1cilmente entre gramos, onzas, quilates y m\u00e1s.<\/p>\n<\/li>\n<li data-start=\"5458\" data-end=\"5531\">\n<p data-start=\"5460\" data-end=\"5531\"><strong data-start=\"5460\" data-end=\"5483\">F\u00e1cil de usar<\/strong> \u2013 F\u00e1cil manejo con pantalla LCD clara.<\/p>\n<\/li>\n<li data-start=\"5532\" data-end=\"5604\">\n<p data-start=\"5534\" data-end=\"5604\"><strong data-start=\"5534\" data-end=\"5559\">Incluye funda protectora<\/strong> Mantiene la b\u00e1scula limpia y protegida. Minib\u00e1scula digital para tanques.<\/p>\n<\/li>\n<\/ul>\n<hr data-start=\"5606\" data-end=\"5609\" \/>\n<h3 data-start=\"5611\" data-end=\"5626\"><strong data-start=\"5615\" data-end=\"5626\">Uso<\/strong><\/h3>\n<ol data-start=\"5628\" data-end=\"6084\">\n<li data-start=\"5628\" data-end=\"5718\">\n<p data-start=\"5631\" data-end=\"5718\"><strong data-start=\"5631\" data-end=\"5663\">Colocar sobre una superficie plana<\/strong> \u2013 Utilizar sobre una superficie estable y sin vibraciones.<\/p>\n<\/li>\n<li data-start=\"5719\" data-end=\"5831\">\n<p data-start=\"5722\" data-end=\"5831\"><strong data-start=\"5722\" data-end=\"5748\">Calibrar antes de usar<\/strong> \u2013 Siga las instrucciones de calibraci\u00f3n utilizando el peso suministrado (si est\u00e1 disponible).<\/p>\n<\/li>\n<li data-start=\"5832\" data-end=\"5906\">\n<p data-start=\"5835\" data-end=\"5906\"><strong data-start=\"5835\" data-end=\"5860\">Seleccione la unidad de medida<\/strong> \u2013 Elija entre gramo, onza, quilate o grano.<\/p>\n<\/li>\n<li data-start=\"5907\" data-end=\"6003\">\n<p data-start=\"5910\" data-end=\"6003\"><strong data-start=\"5910\" data-end=\"5934\">Utilice la funci\u00f3n TARA<\/strong> \u2013 Peso cero del contenedor para mediciones precisas.<\/p>\n<\/li>\n<li data-start=\"6004\" data-end=\"6084\">\n<p data-start=\"6007\" data-end=\"6084\"><strong data-start=\"6007\" data-end=\"6026\">Pesar con precisi\u00f3n<\/strong> \u2013 Agregue material lentamente hasta obtener el peso deseado.<\/p>\n<\/li>\n<\/ol>\n<hr data-start=\"6086\" data-end=\"6089\" \/>\n<h3 data-start=\"6091\" data-end=\"6126\"><strong data-start=\"6095\" data-end=\"6124\">Preguntas frecuentes (FAQ)<\/strong><\/h3>\n<p data-start=\"6128\" data-end=\"6315\"><strong data-start=\"6128\" data-end=\"6184\">1. \u00bfQu\u00e9 hace que la mini b\u00e1scula digital para tanque sea \u00fanica?<\/strong><br data-start=\"6184\" data-end=\"6187\" \/>Esta escala ofrece una <strong data-start=\"6213\" data-end=\"6236\">precisi\u00f3n de 0,001 g<\/strong>, qu\u00e9 <strong data-start=\"6242\" data-end=\"6262\">10 veces m\u00e1s preciso<\/strong> es que la mayor\u00eda de las b\u00e1sculas de bolsillo est\u00e1ndar (0,01 g).<\/p>\n<p data-start=\"6317\" data-end=\"6502\"><strong data-start=\"6317\" data-end=\"6368\">2. \u00bfEs esto adecuado para la investigaci\u00f3n de laboratorio?<\/strong><br data-start=\"6368\" data-end=\"6371\" \/>S\u00ed, la b\u00e1scula es adecuada para <strong data-start=\"6407\" data-end=\"6448\">aplicaciones anal\u00edticas y qu\u00edmicas<\/strong>, si se utiliza en un <strong data-start=\"6471\" data-end=\"6499\">ambiente seco y estable<\/strong>.<\/p>\n<p data-start=\"6504\" data-end=\"6669\"><strong data-start=\"6504\" data-end=\"6562\">3. \u00bfSe incluyen las pilas y el peso de calibraci\u00f3n?<\/strong><br data-start=\"6562\" data-end=\"6565\" \/>S\u00ed, hay <strong data-start=\"6579\" data-end=\"6601\">2 pilas AAA<\/strong> incluido. Algunos sets tambi\u00e9n incluyen un <strong data-start=\"6645\" data-end=\"6666\">peso de calibraci\u00f3n<\/strong>.<\/p>","protected":false},"excerpt":{"rendered":"<p><strong>Presupuesto:<\/strong><\/p>\n<ul>\n<li>Digital<\/li>\n<li>Pesa desde 0,001g<\/li>\n<li>Pesa m\u00e1x. 20 gramos<\/li>\n<li>Funciona con: 2 pilas AAA<\/li>\n<li>Pantalla LCD<\/li>\n<li>Color: negro<\/li>\n<\/ul>","protected":false},"featured_media":21116,"comment_status":"closed","ping_status":"closed","template":"","meta":[],"product_brand":[],"product_cat":[451],"product_tag":[452,764,767,849,765,766,768],"class_list":{"0":"post-24342","1":"product","2":"type-product","3":"status-publish","4":"has-post-thumbnail","6":"product_cat-weegschalen","7":"product_tag-de","8":"product_tag-digitale-cs-weegschaal","9":"product_tag-digitale-microweegschaal","10":"product_tag-digitale-tank-mini-weegschaal","11":"product_tag-milligramweegschaal","12":"product_tag-precise-weegschaal-0-001g","13":"product_tag-weegschaal-voor-research-chemicals","15":"first","16":"instock","17":"taxable","18":"shipping-taxable","19":"purchasable","20":"product-type-simple"},"_links":{"self":[{"href":"https:\/\/researchchemicalhub.com\/es\/wp-json\/wp\/v2\/product\/24342","targetHints":{"allow":["GET"]}}],"collection":[{"href":"https:\/\/researchchemicalhub.com\/es\/wp-json\/wp\/v2\/product"}],"about":[{"href":"https:\/\/researchchemicalhub.com\/es\/wp-json\/wp\/v2\/types\/product"}],"replies":[{"embeddable":true,"href":"https:\/\/researchchemicalhub.com\/es\/wp-json\/wp\/v2\/comments?post=24342"}],"version-history":[{"count":6,"href":"https:\/\/researchchemicalhub.com\/es\/wp-json\/wp\/v2\/product\/24342\/revisions"}],"predecessor-version":[{"id":27801,"href":"https:\/\/researchchemicalhub.com\/es\/wp-json\/wp\/v2\/product\/24342\/revisions\/27801"}],"wp:featuredmedia":[{"embeddable":true,"href":"https:\/\/researchchemicalhub.com\/es\/wp-json\/wp\/v2\/media\/21116"}],"wp:attachment":[{"href":"https:\/\/researchchemicalhub.com\/es\/wp-json\/wp\/v2\/media?parent=24342"}],"wp:term":[{"taxonomy":"product_brand","embeddable":true,"href":"https:\/\/researchchemicalhub.com\/es\/wp-json\/wp\/v2\/product_brand?post=24342"},{"taxonomy":"product_cat","embeddable":true,"href":"https:\/\/researchchemicalhub.com\/es\/wp-json\/wp\/v2\/product_cat?post=24342"},{"taxonomy":"product_tag","embeddable":true,"href":"https:\/\/researchchemicalhub.com\/es\/wp-json\/wp\/v2\/product_tag?post=24342"}],"curies":[{"name":"gracias","href":"https:\/\/api.w.org\/{rel}","templated":true}]}}