{"id":24310,"date":"2025-04-13T17:41:27","date_gmt":"2025-04-13T17:41:27","guid":{"rendered":"https:\/\/researchchemicalhub.com\/?post_type=product&#038;p=24310"},"modified":"2025-10-29T08:45:31","modified_gmt":"2025-10-29T08:45:31","slug":"descloroketamina-dck","status":"publish","type":"product","link":"https:\/\/researchchemicalhub.com\/es\/comercio\/arilciclohexilamina\/descloroketamina-dck\/","title":{"rendered":"DCK (descloroketamina)"},"content":{"rendered":"<h3 data-start=\"4022\" data-end=\"4043\"><strong data-start=\"4026\" data-end=\"4041\"><span dir=\"auto\" style=\"vertical-align: inherit;\"><span dir=\"auto\" style=\"vertical-align: inherit;\">Introducci\u00f3n<\/span><\/span><\/strong><\/h3>\n<p data-start=\"4044\" data-end=\"4403\"><strong data-start=\"4044\" data-end=\"4071\"><span dir=\"auto\" style=\"vertical-align: inherit;\"><span dir=\"auto\" style=\"vertical-align: inherit;\">DCK (descloroketamina)<\/span><\/span><\/strong><span dir=\"auto\" style=\"vertical-align: inherit;\"><span dir=\"auto\" style=\"vertical-align: inherit;\"> , also known as <\/span><\/span><strong data-start=\"4088\" data-end=\"4109\"><span dir=\"auto\" style=\"vertical-align: inherit;\"><span dir=\"auto\" style=\"vertical-align: inherit;\">O-PCM (2-oxo-PCM)<\/span><\/span><\/strong><span dir=\"auto\" style=\"vertical-align: inherit;\"><span dir=\"auto\" style=\"vertical-align: inherit;\"> , es un <\/span><\/span><strong data-start=\"4118\" data-end=\"4155\"><span dir=\"auto\" style=\"vertical-align: inherit;\"><span dir=\"auto\" style=\"vertical-align: inherit;\">dissociative arylcyclohexylamine<\/span><\/span><\/strong><span dir=\"auto\" style=\"vertical-align: inherit;\"><span dir=\"auto\" style=\"vertical-align: inherit;\"> estructuralmente relacionado con <\/span><\/span><strong data-start=\"4187\" data-end=\"4199\"><span dir=\"auto\" style=\"vertical-align: inherit;\"><span dir=\"auto\" style=\"vertical-align: inherit;\">ketamina<\/span><\/span><\/strong><span dir=\"auto\" style=\"vertical-align: inherit;\"><span dir=\"auto\" style=\"vertical-align: inherit;\"> y <\/span><\/span><strong data-start=\"4203\" data-end=\"4219\"><span dir=\"auto\" style=\"vertical-align: inherit;\"><span dir=\"auto\" style=\"vertical-align: inherit;\">PCE analogs<\/span><\/span><\/strong><span dir=\"auto\" style=\"vertical-align: inherit;\"><span dir=\"auto\" style=\"vertical-align: inherit;\"> .dck <\/span><\/span><br data-start=\"4220\" data-end=\"4223\" \/><span dir=\"auto\" style=\"vertical-align: inherit;\"><span dir=\"auto\" style=\"vertical-align: inherit;\">Se utiliza en <\/span><\/span><strong data-start=\"4245\" data-end=\"4283\"><span dir=\"auto\" style=\"vertical-align: inherit;\"><span dir=\"auto\" style=\"vertical-align: inherit;\">analytical and forensic studies<\/span><\/span><\/strong><span dir=\"auto\" style=\"vertical-align: inherit;\"><span dir=\"auto\" style=\"vertical-align: inherit;\"> o <\/span><\/span><strong data-start=\"4289\" data-end=\"4317\"><span dir=\"auto\" style=\"vertical-align: inherit;\"><span dir=\"auto\" style=\"vertical-align: inherit;\">NMDA receptor interactions<\/span><\/span><\/strong><span dir=\"auto\" style=\"vertical-align: inherit;\"><span dir=\"auto\" style=\"vertical-align: inherit;\"> , <\/span><\/span><strong data-start=\"4319\" data-end=\"4361\"><span dir=\"auto\" style=\"vertical-align: inherit;\"><span dir=\"auto\" style=\"vertical-align: inherit;\">relaciones estructura-actividad (SAR)<\/span><\/span><\/strong><span dir=\"auto\" style=\"vertical-align: inherit;\"><span dir=\"auto\" style=\"vertical-align: inherit;\"> , y <\/span><\/span><strong data-start=\"4365\" data-end=\"4400\"><span dir=\"auto\" style=\"vertical-align: inherit;\"><span dir=\"auto\" style=\"vertical-align: inherit;\">propiedades cromatogr\u00e1ficas<\/span><\/span><\/strong><span dir=\"auto\" style=\"vertical-align: inherit;\"><span dir=\"auto\" style=\"vertical-align: inherit;\"> .<\/span><\/span><\/p>\n<p data-start=\"4405\" data-end=\"4697\"><span dir=\"auto\" style=\"vertical-align: inherit;\"><span dir=\"auto\" style=\"vertical-align: inherit;\">Each batch is produced under <\/span><\/span><strong data-start=\"4441\" data-end=\"4486\"><span dir=\"auto\" style=\"vertical-align: inherit;\"><span dir=\"auto\" style=\"vertical-align: inherit;\">condiciones de laboratorio controladas<\/span><\/span><\/strong><span dir=\"auto\" style=\"vertical-align: inherit;\"><span dir=\"auto\" style=\"vertical-align: inherit;\"> and tested to <\/span><\/span><strong data-start=\"4504\" data-end=\"4528\"><span dir=\"auto\" style=\"vertical-align: inherit;\"><span dir=\"auto\" style=\"vertical-align: inherit;\">Pureza \u2265 98%<\/span><\/span><\/strong><span dir=\"auto\" style=\"vertical-align: inherit;\"><span dir=\"auto\" style=\"vertical-align: inherit;\"> by <\/span><\/span><strong data-start=\"4533\" data-end=\"4557\"><span dir=\"auto\" style=\"vertical-align: inherit;\"><span dir=\"auto\" style=\"vertical-align: inherit;\">An\u00e1lisis por HPLC y RMN<\/span><\/span><\/strong><span dir=\"auto\" style=\"vertical-align: inherit;\"><span dir=\"auto\" style=\"vertical-align: inherit;\"> . <\/span><\/span><br data-start=\"4558\" data-end=\"4561\" \/><span dir=\"auto\" style=\"vertical-align: inherit;\"><span dir=\"auto\" style=\"vertical-align: inherit;\">DCK is supplied in <\/span><\/span><strong data-start=\"4583\" data-end=\"4623\"><span dir=\"auto\" style=\"vertical-align: inherit;\"><span dir=\"auto\" style=\"vertical-align: inherit;\">crystalline hydrochloride (HCl) form<\/span><\/span><\/strong><span dir=\"auto\" style=\"vertical-align: inherit;\"><span dir=\"auto\" style=\"vertical-align: inherit;\"> , asegurando <\/span><\/span><strong data-start=\"4640\" data-end=\"4672\"><span dir=\"auto\" style=\"vertical-align: inherit;\"><span dir=\"auto\" style=\"vertical-align: inherit;\">stability and solubility<\/span><\/span><\/strong><span dir=\"auto\" style=\"vertical-align: inherit;\"><span dir=\"auto\" style=\"vertical-align: inherit;\"> for research use.<\/span><\/span><\/p>\n<blockquote data-start=\"4699\" data-end=\"4837\">\n<p data-start=\"4701\" data-end=\"4837\">\u26a0\ufe0f <strong data-start=\"4704\" data-end=\"4715\"><span dir=\"auto\" style=\"vertical-align: inherit;\"><span dir=\"auto\" style=\"vertical-align: inherit;\">Tenga en cuenta:<\/span><\/span><\/strong><span dir=\"auto\" style=\"vertical-align: inherit;\"><span dir=\"auto\" style=\"vertical-align: inherit;\"> DCK is intended for <\/span><\/span><strong data-start=\"4748\" data-end=\"4783\"><span dir=\"auto\" style=\"vertical-align: inherit;\"><span dir=\"auto\" style=\"vertical-align: inherit;\">uso de la investigaci\u00f3n y el an\u00e1lisis<\/span><\/span><\/strong><span dir=\"auto\" style=\"vertical-align: inherit;\"><span dir=\"auto\" style=\"vertical-align: inherit;\"> solo - <\/span><\/span><strong data-start=\"4786\" data-end=\"4835\"><span dir=\"auto\" style=\"vertical-align: inherit;\"><span dir=\"auto\" style=\"vertical-align: inherit;\">No apto para el consumo humano ni animal.<\/span><\/span><\/strong><\/p>\n<\/blockquote>\n<hr data-start=\"4839\" data-end=\"4842\" \/>\n<h3 data-start=\"4844\" data-end=\"4875\"><strong data-start=\"4848\" data-end=\"4875\"><span dir=\"auto\" style=\"vertical-align: inherit;\"><span dir=\"auto\" style=\"vertical-align: inherit;\">Caracter\u00edsticas principales<\/span><\/span><\/strong><\/h3>\n<div class=\"_tableContainer_1rjym_1\">\n<div class=\"group _tableWrapper_1rjym_13 flex w-fit flex-col-reverse\" tabindex=\"-1\">\n<table class=\"w-fit min-w-(--thread-content-width)\" data-start=\"4877\" data-end=\"5536\">\n<thead data-start=\"4877\" data-end=\"4903\">\n<tr data-start=\"4877\" data-end=\"4903\">\n<th data-start=\"4877\" data-end=\"4887\" data-col-size=\"sm\"><span dir=\"auto\" style=\"vertical-align: inherit;\"><span dir=\"auto\" style=\"vertical-align: inherit;\">Caracter\u00edstica<\/span><\/span><\/th>\n<th data-start=\"4887\" data-end=\"4903\" data-col-size=\"md\"><span dir=\"auto\" style=\"vertical-align: inherit;\"><span dir=\"auto\" style=\"vertical-align: inherit;\">Descripci\u00f3n<\/span><\/span><\/th>\n<\/tr>\n<\/thead>\n<tbody data-start=\"4932\" data-end=\"5536\">\n<tr data-start=\"4932\" data-end=\"5007\">\n<td data-start=\"4932\" data-end=\"4953\" data-col-size=\"sm\"><strong data-start=\"4934\" data-end=\"4952\"><span dir=\"auto\" style=\"vertical-align: inherit;\"><span dir=\"auto\" style=\"vertical-align: inherit;\">Nombre qu\u00edmico<\/span><\/span><\/strong><\/td>\n<td data-start=\"4953\" data-end=\"5007\" data-col-size=\"md\"><span dir=\"auto\" style=\"vertical-align: inherit;\"><span dir=\"auto\" style=\"vertical-align: inherit;\">2-Phenyl-2-(methylamino)cyclohexanone Hydrochloride<\/span><\/span><\/td>\n<\/tr>\n<tr data-start=\"5008\" data-end=\"5068\">\n<td data-start=\"5008\" data-end=\"5033\" data-col-size=\"sm\"><strong data-start=\"5010\" data-end=\"5032\"><span dir=\"auto\" style=\"vertical-align: inherit;\"><span dir=\"auto\" style=\"vertical-align: inherit;\">Nombre com\u00fan<\/span><\/span><\/strong><\/td>\n<td data-start=\"5033\" data-end=\"5068\" data-col-size=\"md\"><span dir=\"auto\" style=\"vertical-align: inherit;\"><span dir=\"auto\" style=\"vertical-align: inherit;\">DCK \/ Descloroketamina \/ O-PCM<\/span><\/span><\/td>\n<\/tr>\n<tr data-start=\"5069\" data-end=\"5109\">\n<td data-start=\"5069\" data-end=\"5093\" data-col-size=\"sm\"><strong data-start=\"5071\" data-end=\"5092\"><span dir=\"auto\" style=\"vertical-align: inherit;\"><span dir=\"auto\" style=\"vertical-align: inherit;\">F\u00f3rmula qu\u00edmica<\/span><\/span><\/strong><\/td>\n<td data-start=\"5093\" data-end=\"5109\" data-col-size=\"md\"><span dir=\"auto\" style=\"vertical-align: inherit;\"><span dir=\"auto\" style=\"vertical-align: inherit;\">C\u2081\u2083H\u2081\u2087NO\u00b7HCl<\/span><\/span><\/td>\n<\/tr>\n<tr data-start=\"5110\" data-end=\"5148\">\n<td data-start=\"5110\" data-end=\"5132\" data-col-size=\"sm\"><strong data-start=\"5112\" data-end=\"5131\"><span dir=\"auto\" style=\"vertical-align: inherit;\"><span dir=\"auto\" style=\"vertical-align: inherit;\">Peso molecular<\/span><\/span><\/strong><\/td>\n<td data-start=\"5132\" data-end=\"5148\" data-col-size=\"md\"><span dir=\"auto\" style=\"vertical-align: inherit;\"><span dir=\"auto\" style=\"vertical-align: inherit;\">239.74 g\/mol<\/span><\/span><\/td>\n<\/tr>\n<tr data-start=\"5149\" data-end=\"5193\">\n<td data-start=\"5149\" data-end=\"5160\" data-col-size=\"sm\"><strong data-start=\"5151\" data-end=\"5159\"><span dir=\"auto\" style=\"vertical-align: inherit;\"><span dir=\"auto\" style=\"vertical-align: inherit;\">Forma<\/span><\/span><\/strong><\/td>\n<td data-start=\"5160\" data-end=\"5193\" data-col-size=\"md\"><span dir=\"auto\" style=\"vertical-align: inherit;\"><span dir=\"auto\" style=\"vertical-align: inherit;\">Crystalline powder (HCl salt)<\/span><\/span><\/td>\n<\/tr>\n<tr data-start=\"5194\" data-end=\"5245\">\n<td data-start=\"5194\" data-end=\"5211\" data-col-size=\"sm\"><strong data-start=\"5196\" data-end=\"5210\"><span dir=\"auto\" style=\"vertical-align: inherit;\"><span dir=\"auto\" style=\"vertical-align: inherit;\">Pureza<\/span><\/span><\/strong><\/td>\n<td data-start=\"5211\" data-end=\"5245\" data-col-size=\"md\"><span dir=\"auto\" style=\"vertical-align: inherit;\"><span dir=\"auto\" style=\"vertical-align: inherit;\">\u2265 98% (analizado mediante HPLC y RMN)<\/span><\/span><\/td>\n<\/tr>\n<tr data-start=\"5246\" data-end=\"5319\">\n<td data-start=\"5246\" data-end=\"5269\" data-col-size=\"sm\"><strong data-start=\"5248\" data-end=\"5268\"><span dir=\"auto\" style=\"vertical-align: inherit;\"><span dir=\"auto\" style=\"vertical-align: inherit;\">Clase qu\u00edmica<\/span><\/span><\/strong><\/td>\n<td data-start=\"5269\" data-end=\"5319\" data-col-size=\"md\"><span dir=\"auto\" style=\"vertical-align: inherit;\"><span dir=\"auto\" style=\"vertical-align: inherit;\">Arylcyclohexylamine \/ Dissociative compound<\/span><\/span><\/td>\n<\/tr>\n<tr data-start=\"5320\" data-end=\"5399\">\n<td data-start=\"5320\" data-end=\"5334\" data-col-size=\"sm\"><strong data-start=\"5322\" data-end=\"5333\"><span dir=\"auto\" style=\"vertical-align: inherit;\"><span dir=\"auto\" style=\"vertical-align: inherit;\">Uso<\/span><\/span><\/strong><\/td>\n<td data-start=\"5334\" data-end=\"5399\" data-col-size=\"md\"><span dir=\"auto\" style=\"vertical-align: inherit;\"><span dir=\"auto\" style=\"vertical-align: inherit;\">Solo para investigaci\u00f3n anal\u00edtica, forense y neuroqu\u00edmica.<\/span><\/span><\/td>\n<\/tr>\n<tr data-start=\"5400\" data-end=\"5467\">\n<td data-start=\"5400\" data-end=\"5417\" data-col-size=\"sm\"><strong data-start=\"5402\" data-end=\"5416\"><span dir=\"auto\" style=\"vertical-align: inherit;\"><span dir=\"auto\" style=\"vertical-align: inherit;\">Embalaje<\/span><\/span><\/strong><\/td>\n<td data-start=\"5417\" data-end=\"5467\" data-col-size=\"md\"><span dir=\"auto\" style=\"vertical-align: inherit;\"><span dir=\"auto\" style=\"vertical-align: inherit;\">Bolsa de laboratorio resellable y resistente a la humedad<\/span><\/span><\/td>\n<\/tr>\n<tr data-start=\"5468\" data-end=\"5536\">\n<td data-start=\"5468\" data-end=\"5486\" data-col-size=\"sm\"><strong data-start=\"5470\" data-end=\"5485\"><span dir=\"auto\" style=\"vertical-align: inherit;\"><span dir=\"auto\" style=\"vertical-align: inherit;\">Cantidad<\/span><\/span><\/strong><\/td>\n<td data-start=\"5486\" data-end=\"5536\" data-col-size=\"md\"><span dir=\"auto\" style=\"vertical-align: inherit;\"><span dir=\"auto\" style=\"vertical-align: inherit;\">Usually supplied per 1 gram (batch dependent)<\/span><\/span><\/td>\n<\/tr>\n<\/tbody>\n<\/table>\n<\/div>\n<\/div>\n<hr data-start=\"5538\" data-end=\"5541\" \/>\n<h3 data-start=\"5543\" data-end=\"5560\"><strong data-start=\"5547\" data-end=\"5560\"><span dir=\"auto\" style=\"vertical-align: inherit;\"><span dir=\"auto\" style=\"vertical-align: inherit;\">Ventajas<\/span><\/span><\/strong><\/h3>\n<ul data-start=\"5562\" data-end=\"5960\">\n<li data-start=\"5562\" data-end=\"5654\">\n<p data-start=\"5564\" data-end=\"5654\"><strong data-start=\"5564\" data-end=\"5583\"><span dir=\"auto\" style=\"vertical-align: inherit;\"><span dir=\"auto\" style=\"vertical-align: inherit;\">Alta pureza<\/span><\/span><\/strong><span dir=\"auto\" style=\"vertical-align: inherit;\"><span dir=\"auto\" style=\"vertical-align: inherit;\"> \u2013 \u2265 98% calidad de laboratorio para resultados de investigaci\u00f3n confiables.<\/span><\/span><\/p>\n<\/li>\n<li data-start=\"5655\" data-end=\"5723\">\n<p data-start=\"5657\" data-end=\"5723\"><strong data-start=\"5657\" data-end=\"5678\"><span dir=\"auto\" style=\"vertical-align: inherit;\"><span dir=\"auto\" style=\"vertical-align: inherit;\">Stable HCl Form<\/span><\/span><\/strong><span dir=\"auto\" style=\"vertical-align: inherit;\"><span dir=\"auto\" style=\"vertical-align: inherit;\"> \u2013 Improves shelf life and solubility.<\/span><\/span><\/p>\n<\/li>\n<li data-start=\"5724\" data-end=\"5805\">\n<p data-start=\"5726\" data-end=\"5805\"><strong data-start=\"5726\" data-end=\"5765\"><span dir=\"auto\" style=\"vertical-align: inherit;\"><span dir=\"auto\" style=\"vertical-align: inherit;\">Ideal for Neurochemical Research<\/span><\/span><\/strong><span dir=\"auto\" style=\"vertical-align: inherit;\"><span dir=\"auto\" style=\"vertical-align: inherit;\"> \u2013 Suitable for NMDA and SAR studies.<\/span><\/span><\/p>\n<\/li>\n<li data-start=\"5806\" data-end=\"5885\">\n<p data-start=\"5808\" data-end=\"5885\"><strong data-start=\"5808\" data-end=\"5838\"><span dir=\"auto\" style=\"vertical-align: inherit;\"><span dir=\"auto\" style=\"vertical-align: inherit;\">Amplia aplicabilidad de la investigaci\u00f3n<\/span><\/span><\/strong><span dir=\"auto\" style=\"vertical-align: inherit;\"><span dir=\"auto\" style=\"vertical-align: inherit;\"> \u2013 Compatible with GC\/MS, LC-MS, FTIR, and HPLC.<\/span><\/span><\/p>\n<\/li>\n<li data-start=\"5886\" data-end=\"5960\">\n<p data-start=\"5888\" data-end=\"5960\"><strong data-start=\"5888\" data-end=\"5914\"><span dir=\"auto\" style=\"vertical-align: inherit;\"><span dir=\"auto\" style=\"vertical-align: inherit;\">Tested Batch Quality<\/span><\/span><\/strong><span dir=\"auto\" style=\"vertical-align: inherit;\"><span dir=\"auto\" style=\"vertical-align: inherit;\"> \u2013 Every batch documented and traceable.<\/span><\/span><\/p>\n<\/li>\n<\/ul>\n<hr data-start=\"5962\" data-end=\"5965\" \/>\n<h3 data-start=\"5967\" data-end=\"6019\"><strong data-start=\"5971\" data-end=\"6017\"><span dir=\"auto\" style=\"vertical-align: inherit;\"><span dir=\"auto\" style=\"vertical-align: inherit;\">Uso (Solo para fines de investigaci\u00f3n)<\/span><\/span><\/strong><\/h3>\n<ol data-start=\"6021\" data-end=\"6345\">\n<li data-start=\"6021\" data-end=\"6090\">\n<p data-start=\"6024\" data-end=\"6090\"><strong data-start=\"6024\" data-end=\"6039\"><span dir=\"auto\" style=\"vertical-align: inherit;\"><span dir=\"auto\" style=\"vertical-align: inherit;\">Manejo:<\/span><\/span><\/strong><span dir=\"auto\" style=\"vertical-align: inherit;\"><span dir=\"auto\" style=\"vertical-align: inherit;\"> Utilice guantes, gafas de seguridad y bata de laboratorio.<\/span><\/span><\/p>\n<\/li>\n<li data-start=\"6091\" data-end=\"6153\">\n<p data-start=\"6094\" data-end=\"6153\"><strong data-start=\"6094\" data-end=\"6107\"><span dir=\"auto\" style=\"vertical-align: inherit;\"><span dir=\"auto\" style=\"vertical-align: inherit;\">Medidas:<\/span><\/span><\/strong><span dir=\"auto\" style=\"vertical-align: inherit;\"><span dir=\"auto\" style=\"vertical-align: inherit;\"> Weigh accurately with an analytical balance. dck<\/span><\/span><\/p>\n<\/li>\n<li data-start=\"6154\" data-end=\"6208\">\n<p data-start=\"6157\" data-end=\"6208\"><strong data-start=\"6157\" data-end=\"6168\"><span dir=\"auto\" style=\"vertical-align: inherit;\"><span dir=\"auto\" style=\"vertical-align: inherit;\">Almacenamiento:<\/span><\/span><\/strong><span dir=\"auto\" style=\"vertical-align: inherit;\"><span dir=\"auto\" style=\"vertical-align: inherit;\"> Almacenar en un lugar fresco (2\u20138\u00b0C), seco y oscuro.<\/span><\/span><\/p>\n<\/li>\n<li data-start=\"6209\" data-end=\"6283\">\n<p data-start=\"6212\" data-end=\"6283\"><strong data-start=\"6212\" data-end=\"6224\"><span dir=\"auto\" style=\"vertical-align: inherit;\"><span dir=\"auto\" style=\"vertical-align: inherit;\">An\u00e1lisis:<\/span><\/span><\/strong><span dir=\"auto\" style=\"vertical-align: inherit;\"><span dir=\"auto\" style=\"vertical-align: inherit;\"> Suitable for chromatography and neurochemical research.<\/span><\/span><\/p>\n<\/li>\n<li data-start=\"6284\" data-end=\"6345\">\n<p data-start=\"6287\" data-end=\"6345\"><strong data-start=\"6287\" data-end=\"6304\"><span dir=\"auto\" style=\"vertical-align: inherit;\"><span dir=\"auto\" style=\"vertical-align: inherit;\">Documentaci\u00f3n:<\/span><\/span><\/strong><span dir=\"auto\" style=\"vertical-align: inherit;\"><span dir=\"auto\" style=\"vertical-align: inherit;\"> Record batch number and analytical methods.<\/span><\/span><\/p>\n<\/li>\n<\/ol>\n<hr data-start=\"6347\" data-end=\"6350\" \/>\n<h3 data-start=\"6352\" data-end=\"6387\"><strong data-start=\"6356\" data-end=\"6385\"><span dir=\"auto\" style=\"vertical-align: inherit;\"><span dir=\"auto\" style=\"vertical-align: inherit;\">Preguntas frecuentes (FAQ)<\/span><\/span><\/strong><\/h3>\n<p data-start=\"6389\" data-end=\"6562\"><strong data-start=\"6389\" data-end=\"6427\"><span dir=\"auto\" style=\"vertical-align: inherit;\"><span dir=\"auto\" style=\"vertical-align: inherit;\">1. What is DCK (Deschloroketamine)? <\/span><\/span><\/strong><br data-start=\"6427\" data-end=\"6430\" \/><strong data-start=\"6430\" data-end=\"6437\"><span dir=\"auto\" style=\"vertical-align: inherit;\"><span dir=\"auto\" style=\"vertical-align: inherit;\">DCK<\/span><\/span><\/strong><span dir=\"auto\" style=\"vertical-align: inherit;\"><span dir=\"auto\" style=\"vertical-align: inherit;\"> es un <\/span><\/span><strong data-start=\"6445\" data-end=\"6469\"><span dir=\"auto\" style=\"vertical-align: inherit;\"><span dir=\"auto\" style=\"vertical-align: inherit;\">research substance<\/span><\/span><\/strong><span dir=\"auto\" style=\"vertical-align: inherit;\"><span dir=\"auto\" style=\"vertical-align: inherit;\"> related to ketamine, used in laboratories to study NMDA receptor activity.<\/span><\/span><\/p>\n<p data-start=\"6564\" data-end=\"6664\"><strong data-start=\"6564\" data-end=\"6589\"><span dir=\"auto\" style=\"vertical-align: inherit;\"><span dir=\"auto\" style=\"vertical-align: inherit;\">2. How pure is DCK?<\/span><\/span><\/strong><br data-start=\"6589\" data-end=\"6592\" \/><span dir=\"auto\" style=\"vertical-align: inherit;\"><span dir=\"auto\" style=\"vertical-align: inherit;\"> Cada lote tiene un <\/span><\/span><strong data-start=\"6613\" data-end=\"6637\"><span dir=\"auto\" style=\"vertical-align: inherit;\"><span dir=\"auto\" style=\"vertical-align: inherit;\">Pureza \u2265 98%<\/span><\/span><\/strong><span dir=\"auto\" style=\"vertical-align: inherit;\"><span dir=\"auto\" style=\"vertical-align: inherit;\"> , seg\u00fan se comprob\u00f3 mediante HPLC y RMN.<\/span><\/span><\/p>\n<p data-start=\"6666\" data-end=\"6816\"><strong data-start=\"6666\" data-end=\"6703\"><span dir=\"auto\" style=\"vertical-align: inherit;\"><span dir=\"auto\" style=\"vertical-align: inherit;\">3. Is it legal to buy DCK?<\/span><\/span><\/strong><br data-start=\"6703\" data-end=\"6706\" \/><span dir=\"auto\" style=\"vertical-align: inherit;\"><span dir=\"auto\" style=\"vertical-align: inherit;\"> El <\/span><\/span><strong data-start=\"6709\" data-end=\"6731\"><span dir=\"auto\" style=\"vertical-align: inherit;\"><span dir=\"auto\" style=\"vertical-align: inherit;\">legality of DCK<\/span><\/span><\/strong><span dir=\"auto\" style=\"vertical-align: inherit;\"><span dir=\"auto\" style=\"vertical-align: inherit;\"> Var\u00eda seg\u00fan el pa\u00eds. Consulte siempre la normativa local antes de <\/span><\/span><strong data-start=\"6800\" data-end=\"6813\"><span dir=\"auto\" style=\"vertical-align: inherit;\"><span dir=\"auto\" style=\"vertical-align: inherit;\">purchasing DCK<\/span><\/span><\/strong><span dir=\"auto\" style=\"vertical-align: inherit;\"><span dir=\"auto\" style=\"vertical-align: inherit;\"> .<\/span><\/span><\/p>\n<ul>\n<li><\/li>\n<\/ul>","protected":false},"excerpt":{"rendered":"<h3><span dir=\"auto\" style=\"vertical-align: inherit;\"><span dir=\"auto\" style=\"vertical-align: inherit;\">Propiedades de DCK<\/span><\/span><\/h3>\n<p><strong><span dir=\"auto\" style=\"vertical-align: inherit;\"><span dir=\"auto\" style=\"vertical-align: inherit;\">Sin\u00f3nimo:<\/span><\/span><\/strong><span dir=\"auto\" style=\"vertical-align: inherit;\"><span dir=\"auto\" style=\"vertical-align: inherit;\"> 2\u2032-oxo-PCM, descloroketamina <\/span><\/span><br \/>\n<strong><span dir=\"auto\" style=\"vertical-align: inherit;\"><span dir=\"auto\" style=\"vertical-align: inherit;\">N\u00famero CAS:<\/span><\/span><\/strong><span dir=\"auto\" style=\"vertical-align: inherit;\"><span dir=\"auto\" style=\"vertical-align: inherit;\"> 4631-27-0 <\/span><\/span><br \/>\n<strong><span dir=\"auto\" style=\"vertical-align: inherit;\"><span dir=\"auto\" style=\"vertical-align: inherit;\">F\u00f3rmula:<\/span><\/span><\/strong><span dir=\"auto\" style=\"vertical-align: inherit;\"><span dir=\"auto\" style=\"vertical-align: inherit;\"> 2-(metilamino)-2-fenil-ciclohexanona <\/span><\/span><br \/>\n<strong><span dir=\"auto\" style=\"vertical-align: inherit;\"><span dir=\"auto\" style=\"vertical-align: inherit;\">Masa molar:<\/span><\/span><\/strong><span dir=\"auto\" style=\"vertical-align: inherit;\"><span dir=\"auto\" style=\"vertical-align: inherit;\"> 239,7 g\/mol <\/span><\/span><br \/>\n<strong><span dir=\"auto\" style=\"vertical-align: inherit;\"><span dir=\"auto\" style=\"vertical-align: inherit;\">Pureza:<\/span><\/span><\/strong><span dir=\"auto\" style=\"vertical-align: inherit;\"><span dir=\"auto\" style=\"vertical-align: inherit;\"> &gt;97%<\/span><\/span><\/p>","protected":false},"featured_media":28504,"comment_status":"closed","ping_status":"closed","template":"","meta":[],"product_brand":[],"product_cat":[71,427],"product_tag":[272,302,301,326],"class_list":{"0":"post-24310","1":"product","2":"type-product","3":"status-publish","4":"has-post-thumbnail","6":"product_cat-arylcyclohexylamine","7":"product_cat-dck","8":"product_tag-2f-dck-kopen","9":"product_tag-dck","10":"product_tag-dcks","11":"product_tag-nl","13":"first","14":"instock","15":"taxable","16":"shipping-taxable","17":"purchasable","18":"product-type-variable"},"_links":{"self":[{"href":"https:\/\/researchchemicalhub.com\/es\/wp-json\/wp\/v2\/product\/24310","targetHints":{"allow":["GET"]}}],"collection":[{"href":"https:\/\/researchchemicalhub.com\/es\/wp-json\/wp\/v2\/product"}],"about":[{"href":"https:\/\/researchchemicalhub.com\/es\/wp-json\/wp\/v2\/types\/product"}],"replies":[{"embeddable":true,"href":"https:\/\/researchchemicalhub.com\/es\/wp-json\/wp\/v2\/comments?post=24310"}],"version-history":[{"count":6,"href":"https:\/\/researchchemicalhub.com\/es\/wp-json\/wp\/v2\/product\/24310\/revisions"}],"predecessor-version":[{"id":28689,"href":"https:\/\/researchchemicalhub.com\/es\/wp-json\/wp\/v2\/product\/24310\/revisions\/28689"}],"wp:featuredmedia":[{"embeddable":true,"href":"https:\/\/researchchemicalhub.com\/es\/wp-json\/wp\/v2\/media\/28504"}],"wp:attachment":[{"href":"https:\/\/researchchemicalhub.com\/es\/wp-json\/wp\/v2\/media?parent=24310"}],"wp:term":[{"taxonomy":"product_brand","embeddable":true,"href":"https:\/\/researchchemicalhub.com\/es\/wp-json\/wp\/v2\/product_brand?post=24310"},{"taxonomy":"product_cat","embeddable":true,"href":"https:\/\/researchchemicalhub.com\/es\/wp-json\/wp\/v2\/product_cat?post=24310"},{"taxonomy":"product_tag","embeddable":true,"href":"https:\/\/researchchemicalhub.com\/es\/wp-json\/wp\/v2\/product_tag?post=24310"}],"curies":[{"name":"gracias","href":"https:\/\/api.w.org\/{rel}","templated":true}]}}