{"id":24221,"date":"2025-04-13T17:41:17","date_gmt":"2025-04-13T17:41:17","guid":{"rendered":"https:\/\/researchchemicalhub.com\/?post_type=product&#038;p=24221"},"modified":"2025-10-29T08:57:13","modified_gmt":"2025-10-29T08:57:13","slug":"noopept-15-mg-en-aerosol-para-chicles","status":"publish","type":"product","link":"https:\/\/researchchemicalhub.com\/es\/comercio\/aerosoles-de-niebla-quimica\/noopept-15-mg-en-aerosol-para-chicles\/","title":{"rendered":"Spray de chicle Chem-mist NOOPEPT 1,5 mg"},"content":{"rendered":"<h2 data-start=\"3808\" data-end=\"3834\"><strong data-start=\"3811\" data-end=\"3834\">Descripci\u00f3n del Producto<\/strong><\/h2>\n<p data-start=\"3836\" data-end=\"4193\"><strong data-start=\"3836\" data-end=\"3880\">Spray Chem-Mist Noopept de 1,5 mg con sabor chicle<\/strong> es un <strong data-start=\"3888\" data-end=\"3937\">soluci\u00f3n de investigaci\u00f3n con calidad de laboratorio<\/strong>, dise\u00f1ado para <strong data-start=\"3954\" data-end=\"4000\">investigaci\u00f3n neurofarmacol\u00f3gica y cognitiva<\/strong>. niebla qu\u00edmica<br data-start=\"4001\" data-end=\"4004\" \/>Cada spray contiene <strong data-start=\"4021\" data-end=\"4084\">1,5 mg de Noopept (\u00e9ster et\u00edlico de N-fenilacetil-L-prolilglicina)<\/strong>, un compuesto a menudo investigado por su posible <strong data-start=\"4150\" data-end=\"4190\">influencia en la memoria y los procesos de aprendizaje<\/strong>.<\/p>\n<p data-start=\"4195\" data-end=\"4352\">El <strong data-start=\"4198\" data-end=\"4217\">Sabor a chicle<\/strong> Permite una f\u00e1cil diferenciaci\u00f3n entre muestras de prueba y hace que el producto sea adecuado para aplicaciones experimentales controladas.<\/p>\n<p data-start=\"4354\" data-end=\"4516\">\u26a0\ufe0f <strong data-start=\"4357\" data-end=\"4368\">N\u00d3TESE BIEN:<\/strong> <em data-start=\"4369\" data-end=\"4401\">Espray Chem-Mist Noopept de 1,5 mg<\/em> es <strong data-start=\"4405\" data-end=\"4454\">destinado \u00fanicamente a fines de investigaci\u00f3n<\/strong> y <strong data-start=\"4458\" data-end=\"4515\">No apto para consumo humano ni animal<\/strong>.<\/p>\n<hr data-start=\"4518\" data-end=\"4521\" \/>\n<h2 data-start=\"4523\" data-end=\"4553\"><strong data-start=\"4526\" data-end=\"4553\">Caracter\u00edsticas principales<\/strong><\/h2>\n<ul data-start=\"4555\" data-end=\"4946\">\n<li data-start=\"4555\" data-end=\"4640\">\n<p data-start=\"4557\" data-end=\"4640\"><strong data-start=\"4557\" data-end=\"4577\">Alta pureza:<\/strong> Contiene Noopept probado anal\u00edticamente para investigaci\u00f3n de laboratorio.<\/p>\n<\/li>\n<li data-start=\"4641\" data-end=\"4715\">\n<p data-start=\"4643\" data-end=\"4715\"><strong data-start=\"4643\" data-end=\"4665\">Dosis precisa:<\/strong> 1,5 mg por pulverizaci\u00f3n para experimentos precisos.<\/p>\n<\/li>\n<li data-start=\"4716\" data-end=\"4803\">\n<p data-start=\"4718\" data-end=\"4803\"><strong data-start=\"4718\" data-end=\"4744\">Innovadora forma de aerosol:<\/strong> Proporciona una aplicaci\u00f3n controlada en entornos de investigaci\u00f3n.<\/p>\n<\/li>\n<li data-start=\"4804\" data-end=\"4867\">\n<p data-start=\"4806\" data-end=\"4867\"><strong data-start=\"4806\" data-end=\"4826\">Sabor a chicle:<\/strong> Monstruos f\u00e1cilmente distinguibles.<\/p>\n<\/li>\n<li data-start=\"4868\" data-end=\"4946\">\n<p data-start=\"4870\" data-end=\"4946\"><strong data-start=\"4870\" data-end=\"4893\">Embalaje seguro:<\/strong> Herm\u00e9tico y sellado para m\u00e1xima integridad.<\/p>\n<\/li>\n<\/ul>\n<hr data-start=\"4948\" data-end=\"4951\" \/>\n<h2 data-start=\"4953\" data-end=\"4984\"><strong data-start=\"4956\" data-end=\"4984\">Beneficios para la investigaci\u00f3n<\/strong><\/h2>\n<ul data-start=\"4986\" data-end=\"5288\">\n<li data-start=\"4986\" data-end=\"5060\">\n<p data-start=\"4988\" data-end=\"5060\">Soportes <strong data-start=\"5000\" data-end=\"5057\">Investigaci\u00f3n sobre procesos cognitivos y neuroqu\u00edmicos<\/strong>.<\/p>\n<\/li>\n<li data-start=\"5061\" data-end=\"5143\">\n<p data-start=\"5063\" data-end=\"5143\">Adecuado para <strong data-start=\"5077\" data-end=\"5140\">Investigaci\u00f3n sobre mecanismos neuroprotectores y nootr\u00f3picos<\/strong>.<\/p>\n<\/li>\n<li data-start=\"5144\" data-end=\"5216\">\n<p data-start=\"5146\" data-end=\"5216\">Promueve <strong data-start=\"5156\" data-end=\"5182\">an\u00e1lisis comparativos<\/strong> con otros compuestos pept\u00eddicos.<\/p>\n<\/li>\n<li data-start=\"5217\" data-end=\"5288\">\n<p data-start=\"5219\" data-end=\"5288\">Prev\u00e9 <strong data-start=\"5230\" data-end=\"5285\">resultados de investigaci\u00f3n fiables y reproducibles<\/strong>.<\/p>\n<\/li>\n<\/ul>\n<hr data-start=\"5290\" data-end=\"5293\" \/>\n<h2 data-start=\"5295\" data-end=\"5329\"><strong data-start=\"5298\" data-end=\"5329\">Uso (Contexto de investigaci\u00f3n)<\/strong><\/h2>\n<ol data-start=\"5331\" data-end=\"5545\">\n<li data-start=\"5331\" data-end=\"5376\">\n<p data-start=\"5334\" data-end=\"5376\">Utilizar \u00fanicamente en laboratorios acreditados.<\/p>\n<\/li>\n<li data-start=\"5377\" data-end=\"5428\">\n<p data-start=\"5380\" data-end=\"5428\">Use guantes, gafas de seguridad y bata de laboratorio.<\/p>\n<\/li>\n<li data-start=\"5429\" data-end=\"5488\">\n<p data-start=\"5432\" data-end=\"5488\">Conservar en posici\u00f3n vertical en un lugar fresco y oscuro (&lt;25\u00b0C).<\/p>\n<\/li>\n<li data-start=\"5489\" data-end=\"5545\">\n<p data-start=\"5492\" data-end=\"5545\">Deseche cualquier residuo de acuerdo con las pautas de seguridad.<\/p>\n<\/li>\n<\/ol>\n<blockquote data-start=\"5547\" data-end=\"5646\">\n<p data-start=\"5549\" data-end=\"5646\"><strong data-start=\"5549\" data-end=\"5560\">N\u00d3TESE BIEN:<\/strong> <em data-start=\"5561\" data-end=\"5603\">Spray Chem-Mist Noopept de 1,5 mg con sabor chicle<\/em> es <strong data-start=\"5607\" data-end=\"5645\">destinado \u00fanicamente a fines de investigaci\u00f3n<\/strong>.<\/p>\n<\/blockquote>\n<hr data-start=\"5648\" data-end=\"5651\" \/>\n<h2 data-start=\"5653\" data-end=\"5687\"><strong data-start=\"5656\" data-end=\"5687\">Preguntas frecuentes (FAQ)<\/strong><\/h2>\n<p data-start=\"5689\" data-end=\"5846\"><strong data-start=\"5689\" data-end=\"5741\">1. \u00bfPara qu\u00e9 se utiliza Noopept en la investigaci\u00f3n?<\/strong><br data-start=\"5741\" data-end=\"5744\" \/>Noopept se utiliza para <strong data-start=\"5772\" data-end=\"5843\">Investigaci\u00f3n sobre la memoria, los procesos de aprendizaje y los efectos neuroprotectores<\/strong>.<\/p>\n<p data-start=\"5848\" data-end=\"5928\"><strong data-start=\"5848\" data-end=\"5887\">2. \u00bfCu\u00e1nto Noopept contiene una pulverizaci\u00f3n?<\/strong><br data-start=\"5887\" data-end=\"5890\" \/>Cada spray contiene <strong data-start=\"5907\" data-end=\"5925\">1,5 mg de Noopept<\/strong>.<\/p>\n<p data-start=\"5930\" data-end=\"6120\"><strong data-start=\"5930\" data-end=\"5985\">3. \u00bfEste producto est\u00e1 destinado para uso personal?<\/strong><br data-start=\"5985\" data-end=\"5988\" \/>No, este producto es <strong data-start=\"6008\" data-end=\"6055\">no aprobado para el consumo humano<\/strong> y s\u00f3lo disponible para <strong data-start=\"6083\" data-end=\"6117\">instituciones de investigaci\u00f3n reconocidas<\/strong>.<\/p>","protected":false},"excerpt":{"rendered":"<p>Chem-Mist Noopept 1.5 MG Spray Bubblegum es una soluci\u00f3n de investigaci\u00f3n de grado de laboratorio dise\u00f1ada para la investigaci\u00f3n neurofarmacol\u00f3gica y cognitiva. Cada aerosol<\/p>","protected":false},"featured_media":28500,"comment_status":"closed","ping_status":"closed","template":"","meta":[],"product_brand":[82],"product_cat":[471,396,481,480,330],"product_tag":[812,810,811,326,813,814,815,472],"class_list":{"0":"post-24221","1":"product","2":"type-product","3":"status-publish","4":"has-post-thumbnail","6":"product_brand-research-chemical","7":"product_cat-chem-mist-sprays","8":"product_cat-liquid-rcs","9":"product_cat-noopept","10":"product_cat-noopept-sprays","11":"product_cat-nootropics","12":"product_tag-buy-noopept-spray","13":"product_tag-chem-mist-spray","14":"product_tag-chem-mist","15":"product_tag-nl","16":"product_tag-noopept-nasal-spray","17":"product_tag-noopept-nasal-spray-diy","18":"product_tag-noopept-nasal-spray-dosage","19":"product_tag-spring-is-in-the-air","21":"first","22":"instock","23":"taxable","24":"shipping-taxable","25":"purchasable","26":"product-type-variable"},"_links":{"self":[{"href":"https:\/\/researchchemicalhub.com\/es\/wp-json\/wp\/v2\/product\/24221","targetHints":{"allow":["GET"]}}],"collection":[{"href":"https:\/\/researchchemicalhub.com\/es\/wp-json\/wp\/v2\/product"}],"about":[{"href":"https:\/\/researchchemicalhub.com\/es\/wp-json\/wp\/v2\/types\/product"}],"replies":[{"embeddable":true,"href":"https:\/\/researchchemicalhub.com\/es\/wp-json\/wp\/v2\/comments?post=24221"}],"version-history":[{"count":6,"href":"https:\/\/researchchemicalhub.com\/es\/wp-json\/wp\/v2\/product\/24221\/revisions"}],"predecessor-version":[{"id":27828,"href":"https:\/\/researchchemicalhub.com\/es\/wp-json\/wp\/v2\/product\/24221\/revisions\/27828"}],"wp:featuredmedia":[{"embeddable":true,"href":"https:\/\/researchchemicalhub.com\/es\/wp-json\/wp\/v2\/media\/28500"}],"wp:attachment":[{"href":"https:\/\/researchchemicalhub.com\/es\/wp-json\/wp\/v2\/media?parent=24221"}],"wp:term":[{"taxonomy":"product_brand","embeddable":true,"href":"https:\/\/researchchemicalhub.com\/es\/wp-json\/wp\/v2\/product_brand?post=24221"},{"taxonomy":"product_cat","embeddable":true,"href":"https:\/\/researchchemicalhub.com\/es\/wp-json\/wp\/v2\/product_cat?post=24221"},{"taxonomy":"product_tag","embeddable":true,"href":"https:\/\/researchchemicalhub.com\/es\/wp-json\/wp\/v2\/product_tag?post=24221"}],"curies":[{"name":"gracias","href":"https:\/\/api.w.org\/{rel}","templated":true}]}}