{"id":24196,"date":"2025-04-13T17:41:14","date_gmt":"2025-04-13T17:41:14","guid":{"rendered":"https:\/\/researchchemicalhub.com\/?post_type=product&#038;p=24196"},"modified":"2025-10-12T19:51:32","modified_gmt":"2025-10-12T19:51:32","slug":"2-mmc-hcl-zakje-1gr","status":"publish","type":"product","link":"https:\/\/researchchemicalhub.com\/es\/shop\/b2b\/2-mmc-hcl-zakje-1gr\/","title":{"rendered":"Sobre de 1 g de 2-MMC HCl"},"content":{"rendered":"<h2 data-start=\"3615\" data-end=\"3641\"><strong data-start=\"3618\" data-end=\"3641\">Descripci\u00f3n del Producto<\/strong><\/h2>\n<p data-start=\"3643\" data-end=\"3946\"><strong data-start=\"3643\" data-end=\"3694\">2-MMC HCl (clorhidrato de 2-metilmetcatinona)<\/strong> es un <strong data-start=\"3702\" data-end=\"3746\">material de investigaci\u00f3n de grado de laboratorio<\/strong>, perteneciente a la <strong data-start=\"3764\" data-end=\"3783\">clase de catinona<\/strong>.<br data-start=\"3784\" data-end=\"3787\" \/>Se utiliza para <strong data-start=\"3811\" data-end=\"3864\">investigaci\u00f3n anal\u00edtica, toxicol\u00f3gica y forense<\/strong>, entre otros en <strong data-start=\"3883\" data-end=\"3943\">identificaci\u00f3n y comparaci\u00f3n de compuestos qu\u00edmicos<\/strong>. 2 mmc<\/p>\n<p data-start=\"3948\" data-end=\"4071\">Cada <strong data-start=\"3952\" data-end=\"3971\">Sobre de 2-MMC HCl<\/strong> contiene <strong data-start=\"3978\" data-end=\"4001\">1 gramo de sustancia pura<\/strong>, cuidadosamente embalado para <strong data-start=\"4025\" data-end=\"4056\">estabilidad y consistencia<\/strong> Para garantizar.<\/p>\n<p data-start=\"4073\" data-end=\"4209\">\u26a0\ufe0f <strong data-start=\"4076\" data-end=\"4087\">N\u00d3TESE BIEN:<\/strong> Este producto es <strong data-start=\"4103\" data-end=\"4152\">destinado \u00fanicamente a fines de investigaci\u00f3n<\/strong> y <strong data-start=\"4156\" data-end=\"4208\">No apto para uso humano o animal.<\/strong>.<\/p>\n<hr data-start=\"4211\" data-end=\"4214\" \/>\n<h2 data-start=\"4216\" data-end=\"4246\"><strong data-start=\"4219\" data-end=\"4246\">Caracter\u00edsticas principales<\/strong><\/h2>\n<ul data-start=\"4248\" data-end=\"4596\">\n<li data-start=\"4248\" data-end=\"4321\">\n<p data-start=\"4250\" data-end=\"4321\"><strong data-start=\"4250\" data-end=\"4270\">Alta pureza:<\/strong> Adecuado para investigaci\u00f3n de laboratorio avanzada.<\/p>\n<\/li>\n<li data-start=\"4322\" data-end=\"4386\">\n<p data-start=\"4324\" data-end=\"4386\"><strong data-start=\"4324\" data-end=\"4346\">Forma estable de HCl:<\/strong> Resistente a la degradaci\u00f3n y oxidaci\u00f3n.<\/p>\n<\/li>\n<li data-start=\"4387\" data-end=\"4443\">\n<p data-start=\"4389\" data-end=\"4443\"><strong data-start=\"4389\" data-end=\"4412\">Pesado con precisi\u00f3n:<\/strong> 1 gramo por bolsa herm\u00e9tica.<\/p>\n<\/li>\n<li data-start=\"4444\" data-end=\"4510\">\n<p data-start=\"4446\" data-end=\"4510\"><strong data-start=\"4446\" data-end=\"4469\">Embalaje seguro:<\/strong> Protege contra la humedad y la contaminaci\u00f3n.<\/p>\n<\/li>\n<li data-start=\"4511\" data-end=\"4596\">\n<p data-start=\"4513\" data-end=\"4596\"><strong data-start=\"4513\" data-end=\"4540\">De acuerdo con la normativa de la UE:<\/strong> Fabricado seg\u00fan las directrices de seguridad europeas.<\/p>\n<\/li>\n<\/ul>\n<hr data-start=\"4598\" data-end=\"4601\" \/>\n<h2 data-start=\"4603\" data-end=\"4634\"><strong data-start=\"4606\" data-end=\"4634\">Beneficios para la investigaci\u00f3n<\/strong><\/h2>\n<ul data-start=\"4636\" data-end=\"4884\">\n<li data-start=\"4636\" data-end=\"4696\">\n<p data-start=\"4638\" data-end=\"4696\">Adecuado para <strong data-start=\"4652\" data-end=\"4693\">investigaci\u00f3n toxicol\u00f3gica y anal\u00edtica<\/strong>.<\/p>\n<\/li>\n<li data-start=\"4697\" data-end=\"4757\">\n<p data-start=\"4699\" data-end=\"4757\">Soportes <strong data-start=\"4711\" data-end=\"4734\">desarrollo de m\u00e9todos<\/strong> (GC-MS, LC-MS, RMN).<\/p>\n<\/li>\n<li data-start=\"4758\" data-end=\"4827\">\n<p data-start=\"4760\" data-end=\"4827\">Ofertas <strong data-start=\"4766\" data-end=\"4800\">muestras de referencia fiables<\/strong> Para uso forense. 2 mmc<\/p>\n<\/li>\n<li data-start=\"4828\" data-end=\"4884\">\n<p data-start=\"4830\" data-end=\"4884\">Prev\u00e9 <strong data-start=\"4841\" data-end=\"4881\">resultados de investigaci\u00f3n reproducibles<\/strong>.<\/p>\n<\/li>\n<\/ul>\n<hr data-start=\"4886\" data-end=\"4889\" \/>\n<h2 data-start=\"4891\" data-end=\"4925\"><strong data-start=\"4894\" data-end=\"4925\">Uso (Contexto de investigaci\u00f3n)<\/strong><\/h2>\n<ol data-start=\"4927\" data-end=\"5123\">\n<li data-start=\"4927\" data-end=\"4972\">\n<p data-start=\"4930\" data-end=\"4972\">Utilizar \u00fanicamente en laboratorios acreditados.<\/p>\n<\/li>\n<li data-start=\"4973\" data-end=\"5024\">\n<p data-start=\"4976\" data-end=\"5024\">Use guantes, gafas de seguridad y bata de laboratorio.<\/p>\n<\/li>\n<li data-start=\"5025\" data-end=\"5072\">\n<p data-start=\"5028\" data-end=\"5072\">Conservar en un lugar fresco, seco y oscuro (por debajo de 25\u00b0C).<\/p>\n<\/li>\n<li data-start=\"5073\" data-end=\"5123\">\n<p data-start=\"5076\" data-end=\"5123\">Eliminar los residuos de acuerdo con las normativas medioambientales locales.<\/p>\n<\/li>\n<\/ol>\n<blockquote data-start=\"5125\" data-end=\"5214\">\n<p data-start=\"5127\" data-end=\"5214\"><strong data-start=\"5127\" data-end=\"5138\">N\u00d3TESE BIEN:<\/strong> <em data-start=\"5139\" data-end=\"5160\">Sobre de 1 g de 2-MMC HCl<\/em> es <strong data-start=\"5164\" data-end=\"5213\">destinado \u00fanicamente a fines de investigaci\u00f3n<\/strong>.<\/p>\n<\/blockquote>\n<hr data-start=\"5216\" data-end=\"5219\" \/>\n<h2 data-start=\"5221\" data-end=\"5255\"><strong data-start=\"5224\" data-end=\"5255\">Preguntas frecuentes (FAQ)<\/strong><\/h2>\n<p data-start=\"5257\" data-end=\"5394\"><strong data-start=\"5257\" data-end=\"5298\">1. \u00bfPara qu\u00e9 se utiliza el 2-MMC HCl?<\/strong><br data-start=\"5298\" data-end=\"5301\" \/>El 2-MMC HCl se utiliza para <strong data-start=\"5331\" data-end=\"5369\">investigaci\u00f3n anal\u00edtica y forense<\/strong> a an\u00e1logos de catinona.<\/p>\n<p data-start=\"5396\" data-end=\"5480\"><strong data-start=\"5396\" data-end=\"5432\">2. \u00bfCu\u00e1ntos gramos contiene un sobre?<\/strong><br data-start=\"5432\" data-end=\"5435\" \/>Cada bolsa contiene <strong data-start=\"5451\" data-end=\"5479\">1 gramo de 2-MMC HCl puro<\/strong>.<\/p>\n<p data-start=\"5482\" data-end=\"5638\"><strong data-start=\"5482\" data-end=\"5528\">3. \u00bfPuedo comprar 2-MMC HCl como particular?<\/strong><br data-start=\"5528\" data-end=\"5531\" \/>No, este producto solo est\u00e1 disponible para <strong data-start=\"5576\" data-end=\"5610\">instituciones de investigaci\u00f3n reconocidas<\/strong> con los permisos correctos.<\/p>","protected":false},"excerpt":{"rendered":"<p>Productbeschrijving 2-MMC HCl (2-Methylmethcathinone Hydrochloride) is een onderzoeksstof van laboratoriumkwaliteit, behorend tot de cathinoneklasse.Het wordt gebruikt voor analytisch, toxicologisch en<\/p>","protected":false},"featured_media":21260,"comment_status":"closed","ping_status":"closed","template":"","meta":[],"product_brand":[82],"product_cat":[555],"product_tag":[89,88,83,326,94,93],"class_list":{"0":"post-24196","1":"product","2":"type-product","3":"status-publish","4":"has-post-thumbnail","6":"product_brand-research-chemical","7":"product_cat-b2b","8":"product_tag-2-mmc","9":"product_tag-2-mmc-ervaringen","10":"product_tag-2-mmc-kopen","11":"product_tag-nl","12":"product_tag-wat-doet-2-mmc","13":"product_tag-wat-is-2-mmc","15":"first","16":"instock","17":"taxable","18":"shipping-taxable","19":"purchasable","20":"product-type-variable"},"_links":{"self":[{"href":"https:\/\/researchchemicalhub.com\/es\/wp-json\/wp\/v2\/product\/24196","targetHints":{"allow":["GET"]}}],"collection":[{"href":"https:\/\/researchchemicalhub.com\/es\/wp-json\/wp\/v2\/product"}],"about":[{"href":"https:\/\/researchchemicalhub.com\/es\/wp-json\/wp\/v2\/types\/product"}],"replies":[{"embeddable":true,"href":"https:\/\/researchchemicalhub.com\/es\/wp-json\/wp\/v2\/comments?post=24196"}],"version-history":[{"count":4,"href":"https:\/\/researchchemicalhub.com\/es\/wp-json\/wp\/v2\/product\/24196\/revisions"}],"predecessor-version":[{"id":27831,"href":"https:\/\/researchchemicalhub.com\/es\/wp-json\/wp\/v2\/product\/24196\/revisions\/27831"}],"wp:featuredmedia":[{"embeddable":true,"href":"https:\/\/researchchemicalhub.com\/es\/wp-json\/wp\/v2\/media\/21260"}],"wp:attachment":[{"href":"https:\/\/researchchemicalhub.com\/es\/wp-json\/wp\/v2\/media?parent=24196"}],"wp:term":[{"taxonomy":"product_brand","embeddable":true,"href":"https:\/\/researchchemicalhub.com\/es\/wp-json\/wp\/v2\/product_brand?post=24196"},{"taxonomy":"product_cat","embeddable":true,"href":"https:\/\/researchchemicalhub.com\/es\/wp-json\/wp\/v2\/product_cat?post=24196"},{"taxonomy":"product_tag","embeddable":true,"href":"https:\/\/researchchemicalhub.com\/es\/wp-json\/wp\/v2\/product_tag?post=24196"}],"curies":[{"name":"gracias","href":"https:\/\/api.w.org\/{rel}","templated":true}]}}