{"id":24181,"date":"2025-04-13T17:41:13","date_gmt":"2025-04-13T17:41:13","guid":{"rendered":"https:\/\/researchchemicalhub.com\/?post_type=product&#038;p=24181"},"modified":"2025-10-12T20:21:20","modified_gmt":"2025-10-12T20:21:20","slug":"flubromazepam-halfwaardetijd","status":"publish","type":"product","link":"https:\/\/researchchemicalhub.com\/es\/shop\/b2b\/flubromazepam-halfwaardetijd\/","title":{"rendered":"Flubromazepam 10 mg Caja"},"content":{"rendered":"<h2 data-start=\"3803\" data-end=\"3829\"><strong data-start=\"3806\" data-end=\"3829\">Descripci\u00f3n del Producto<\/strong><\/h2>\n<p data-start=\"3831\" data-end=\"4136\"><strong data-start=\"3831\" data-end=\"3858\">Flubromazepam 10 mg Caja<\/strong> es un <strong data-start=\"3866\" data-end=\"3920\">compuesto de benzodiazepina de pureza investigativa<\/strong>, dise\u00f1ado para <strong data-start=\"3937\" data-end=\"3991\">investigaci\u00f3n forense, farmacol\u00f3gica y anal\u00edtica<\/strong>Vida media del flubromazepam\u00a0<br data-start=\"3992\" data-end=\"3995\" \/>A menudo se utiliza como <strong data-start=\"4023\" data-end=\"4046\">est\u00e1ndar de referencia<\/strong> para la identificaci\u00f3n y an\u00e1lisis de an\u00e1logos de benzodiazepinas en entornos de laboratorio.<\/p>\n<p data-start=\"4138\" data-end=\"4287\">Cada caja contiene <strong data-start=\"4153\" data-end=\"4175\">10 mg de flubromazepam<\/strong>, cuidadosamente compuesta para <strong data-start=\"4206\" data-end=\"4257\">consistencia, pureza y reproducibilidad<\/strong> en aplicaciones anal\u00edticas.<\/p>\n<p data-start=\"4289\" data-end=\"4425\">\u26a0\ufe0f <strong data-start=\"4292\" data-end=\"4303\">N\u00d3TESE BIEN:<\/strong> Este producto es <strong data-start=\"4319\" data-end=\"4368\">destinado \u00fanicamente a fines de investigaci\u00f3n<\/strong> y <strong data-start=\"4372\" data-end=\"4424\">No apto para uso humano o animal.<\/strong>.<\/p>\n<hr data-start=\"4427\" data-end=\"4430\" \/>\n<h2 data-start=\"4432\" data-end=\"4462\"><strong data-start=\"4435\" data-end=\"4462\">Caracter\u00edsticas principales<\/strong><\/h2>\n<ul data-start=\"4464\" data-end=\"4832\">\n<li data-start=\"4464\" data-end=\"4529\">\n<p data-start=\"4466\" data-end=\"4529\"><strong data-start=\"4466\" data-end=\"4486\">Alta pureza:<\/strong> Fabricado seg\u00fan est\u00e1ndares de laboratorio.<\/p>\n<\/li>\n<li data-start=\"4530\" data-end=\"4601\">\n<p data-start=\"4532\" data-end=\"4601\"><strong data-start=\"4532\" data-end=\"4557\">Dosis precisa:<\/strong> 10 mg por caja para obtener resultados confiables.<\/p>\n<\/li>\n<li data-start=\"4602\" data-end=\"4675\">\n<p data-start=\"4604\" data-end=\"4675\"><strong data-start=\"4604\" data-end=\"4629\">Formulaci\u00f3n estable:<\/strong> Resistente a la degradaci\u00f3n con un almacenamiento adecuado.<\/p>\n<\/li>\n<li data-start=\"4676\" data-end=\"4746\">\n<p data-start=\"4678\" data-end=\"4746\"><strong data-start=\"4678\" data-end=\"4701\">Embalaje seguro:<\/strong> Sellado y protegido de la contaminaci\u00f3n.<\/p>\n<\/li>\n<li data-start=\"4747\" data-end=\"4832\">\n<p data-start=\"4749\" data-end=\"4832\"><strong data-start=\"4749\" data-end=\"4776\">De acuerdo con la normativa de la UE:<\/strong> Fabricado seg\u00fan las directrices de seguridad europeas.<\/p>\n<\/li>\n<\/ul>\n<hr data-start=\"4834\" data-end=\"4837\" \/>\n<h2 data-start=\"4839\" data-end=\"4873\"><strong data-start=\"4842\" data-end=\"4873\">Beneficios para los investigadores<\/strong><\/h2>\n<ul data-start=\"4875\" data-end=\"5146\">\n<li data-start=\"4875\" data-end=\"4935\">\n<p data-start=\"4877\" data-end=\"4935\">Adecuado para <strong data-start=\"4891\" data-end=\"4932\">investigaci\u00f3n forense y toxicol\u00f3gica<\/strong>.<\/p>\n<\/li>\n<li data-start=\"4936\" data-end=\"5009\">\n<p data-start=\"4938\" data-end=\"5009\">Soportes <strong data-start=\"4950\" data-end=\"4986\">desarrollo de m\u00e9todos anal\u00edticos<\/strong> (LC-MS, GC-MS, RMN). Vida media del flubromazepam<\/p>\n<\/li>\n<li data-start=\"5010\" data-end=\"5074\">\n<p data-start=\"5012\" data-end=\"5074\">Ofertas <strong data-start=\"5018\" data-end=\"5040\">muestras de referencia<\/strong> para comparaci\u00f3n y validaci\u00f3n.<\/p>\n<\/li>\n<li data-start=\"5075\" data-end=\"5146\">\n<p data-start=\"5077\" data-end=\"5146\">Prev\u00e9 <strong data-start=\"5088\" data-end=\"5143\">resultados de investigaci\u00f3n precisos y reproducibles<\/strong>.<\/p>\n<\/li>\n<\/ul>\n<hr data-start=\"5148\" data-end=\"5151\" \/>\n<h2 data-start=\"5153\" data-end=\"5187\"><strong data-start=\"5156\" data-end=\"5187\">Uso (Contexto de investigaci\u00f3n)<\/strong><\/h2>\n<ol data-start=\"5189\" data-end=\"5406\">\n<li data-start=\"5189\" data-end=\"5234\">\n<p data-start=\"5192\" data-end=\"5234\">Utilizar \u00fanicamente en laboratorios acreditados.<\/p>\n<\/li>\n<li data-start=\"5235\" data-end=\"5295\">\n<p data-start=\"5238\" data-end=\"5295\">Use guantes, gafas de seguridad y bata de laboratorio.<\/p>\n<\/li>\n<li data-start=\"5296\" data-end=\"5343\">\n<p data-start=\"5299\" data-end=\"5343\">Conservar en un lugar fresco, seco y oscuro (por debajo de 25\u00b0C).<\/p>\n<\/li>\n<li data-start=\"5344\" data-end=\"5406\">\n<p data-start=\"5347\" data-end=\"5406\">Deseche los residuos de acuerdo con las normas de seguridad locales.<\/p>\n<\/li>\n<\/ol>\n<blockquote data-start=\"5408\" data-end=\"5501\">\n<p data-start=\"5410\" data-end=\"5501\"><strong data-start=\"5410\" data-end=\"5421\">N\u00d3TESE BIEN:<\/strong> <em data-start=\"5422\" data-end=\"5447\">Flubromazepam 10 mg Caja<\/em> es <strong data-start=\"5451\" data-end=\"5500\">destinado \u00fanicamente a fines de investigaci\u00f3n<\/strong>.<\/p>\n<\/blockquote>\n<hr data-start=\"5503\" data-end=\"5506\" \/>\n<h2 data-start=\"5508\" data-end=\"5542\"><strong data-start=\"5511\" data-end=\"5542\">Preguntas frecuentes (FAQ)<\/strong><\/h2>\n<p data-start=\"5544\" data-end=\"5670\"><strong data-start=\"5544\" data-end=\"5589\">1. \u00bfPara qu\u00e9 se utiliza el flubromazepam?<\/strong><br data-start=\"5589\" data-end=\"5592\" \/>Para <strong data-start=\"5597\" data-end=\"5635\">investigaci\u00f3n anal\u00edtica y forense<\/strong> a los compuestos de benzodiazepina.<\/p>\n<p data-start=\"5672\" data-end=\"5770\"><strong data-start=\"5672\" data-end=\"5701\">2. \u00bfCu\u00e1nto contiene una caja?<\/strong><br data-start=\"5701\" data-end=\"5704\" \/>Cada caja contiene <strong data-start=\"5719\" data-end=\"5741\">10 mg de flubromazepam<\/strong> de calidad de laboratorio.<\/p>\n<p data-start=\"5772\" data-end=\"5906\"><strong data-start=\"5772\" data-end=\"5822\">3. \u00bfPuedo comprar Flubromazepam como particular?<\/strong><br data-start=\"5822\" data-end=\"5825\" \/>No, este producto solo est\u00e1 disponible para <strong data-start=\"5869\" data-end=\"5903\">instituciones de investigaci\u00f3n reconocidas<\/strong>.<\/p>","protected":false},"excerpt":{"rendered":"<p>Descripci\u00f3n del producto Flubromazepam 10 mg Box es un compuesto de benzodiazepina de grado de investigaci\u00f3n dise\u00f1ado para investigaci\u00f3n forense, farmacol\u00f3gica y anal\u00edtica. Vida media del flubromazepam.<\/p>","protected":false},"featured_media":21246,"comment_status":"closed","ping_status":"closed","template":"","meta":[],"product_brand":[82],"product_cat":[555],"product_tag":[139,140,142,141,143,326],"class_list":{"0":"post-24181","1":"product","2":"type-product","3":"status-publish","4":"has-post-thumbnail","6":"product_brand-research-chemical","7":"product_cat-b2b","8":"product_tag-flubromazepam-effects","9":"product_tag-flubromazepam-ervaring","10":"product_tag-flubromazepam-halfwaardetijd","11":"product_tag-flubromazepam-werking","12":"product_tag-how-to-test-flubromazepam-pellets","13":"product_tag-nl","15":"first","16":"instock","17":"taxable","18":"shipping-taxable","19":"purchasable","20":"product-type-variable"},"_links":{"self":[{"href":"https:\/\/researchchemicalhub.com\/es\/wp-json\/wp\/v2\/product\/24181","targetHints":{"allow":["GET"]}}],"collection":[{"href":"https:\/\/researchchemicalhub.com\/es\/wp-json\/wp\/v2\/product"}],"about":[{"href":"https:\/\/researchchemicalhub.com\/es\/wp-json\/wp\/v2\/types\/product"}],"replies":[{"embeddable":true,"href":"https:\/\/researchchemicalhub.com\/es\/wp-json\/wp\/v2\/comments?post=24181"}],"version-history":[{"count":4,"href":"https:\/\/researchchemicalhub.com\/es\/wp-json\/wp\/v2\/product\/24181\/revisions"}],"predecessor-version":[{"id":27837,"href":"https:\/\/researchchemicalhub.com\/es\/wp-json\/wp\/v2\/product\/24181\/revisions\/27837"}],"wp:featuredmedia":[{"embeddable":true,"href":"https:\/\/researchchemicalhub.com\/es\/wp-json\/wp\/v2\/media\/21246"}],"wp:attachment":[{"href":"https:\/\/researchchemicalhub.com\/es\/wp-json\/wp\/v2\/media?parent=24181"}],"wp:term":[{"taxonomy":"product_brand","embeddable":true,"href":"https:\/\/researchchemicalhub.com\/es\/wp-json\/wp\/v2\/product_brand?post=24181"},{"taxonomy":"product_cat","embeddable":true,"href":"https:\/\/researchchemicalhub.com\/es\/wp-json\/wp\/v2\/product_cat?post=24181"},{"taxonomy":"product_tag","embeddable":true,"href":"https:\/\/researchchemicalhub.com\/es\/wp-json\/wp\/v2\/product_tag?post=24181"}],"curies":[{"name":"gracias","href":"https:\/\/api.w.org\/{rel}","templated":true}]}}