{"id":24179,"date":"2025-04-13T17:41:13","date_gmt":"2025-04-13T17:41:13","guid":{"rendered":"https:\/\/researchchemicalhub.com\/?post_type=product&#038;p=24179"},"modified":"2025-10-12T20:18:57","modified_gmt":"2025-10-12T20:18:57","slug":"bromazolam-25mg-box","status":"publish","type":"product","link":"https:\/\/researchchemicalhub.com\/es\/shop\/b2b\/bromazolam-25mg-box\/","title":{"rendered":"Caja de RC+ Bromazolam 2,5 mg"},"content":{"rendered":"<h2 data-start=\"3728\" data-end=\"3754\"><strong data-start=\"3731\" data-end=\"3754\">Descripci\u00f3n del Producto<\/strong><\/h2>\n<p data-start=\"3756\" data-end=\"4077\"><strong data-start=\"3756\" data-end=\"3784\">Caja de RC+ Bromazolam 2,5 mg<\/strong> contiene <strong data-start=\"3791\" data-end=\"3817\">Bromazolam de alta pureza<\/strong>, un derivado de la benzodiazepina utilizado para <strong data-start=\"3871\" data-end=\"3924\">investigaci\u00f3n toxicol\u00f3gica, anal\u00edtica y forense<\/strong>.<br data-start=\"3925\" data-end=\"3928\" \/>Es parte de la <strong data-start=\"3954\" data-end=\"3977\">Serie de investigaci\u00f3n RC+<\/strong>, conocido por su <strong data-start=\"3994\" data-end=\"4074\">Calidad de laboratorio, dosificaci\u00f3n estandarizada y rendimiento constante<\/strong>.<\/p>\n<p data-start=\"4079\" data-end=\"4241\">Cada caja contiene <strong data-start=\"4094\" data-end=\"4136\">Pellets de 2,5 mg de pureza para investigaci\u00f3n<\/strong>, desarrollado para <strong data-start=\"4154\" data-end=\"4197\">an\u00e1lisis fiables y reproducibles<\/strong> en entornos de laboratorio controlados.<\/p>\n<p data-start=\"4243\" data-end=\"4379\">\u26a0\ufe0f <strong data-start=\"4246\" data-end=\"4257\">N\u00d3TESE BIEN:<\/strong> Este producto es <strong data-start=\"4273\" data-end=\"4322\">destinado \u00fanicamente a fines de investigaci\u00f3n<\/strong> y <strong data-start=\"4326\" data-end=\"4378\">No apto para uso humano o animal.<\/strong>.<\/p>\n<hr data-start=\"4381\" data-end=\"4384\" \/>\n<h2 data-start=\"4386\" data-end=\"4416\"><strong data-start=\"4389\" data-end=\"4416\">Caracter\u00edsticas principales<\/strong><\/h2>\n<ul data-start=\"4418\" data-end=\"4783\">\n<li data-start=\"4418\" data-end=\"4483\">\n<p data-start=\"4420\" data-end=\"4483\"><strong data-start=\"4420\" data-end=\"4440\">Alta pureza:<\/strong> Fabricado seg\u00fan est\u00e1ndares de laboratorio.<\/p>\n<\/li>\n<li data-start=\"4484\" data-end=\"4566\">\n<p data-start=\"4486\" data-end=\"4566\"><strong data-start=\"4486\" data-end=\"4518\">Dosis estandarizada:<\/strong> 2,5 mg por pellet para obtener resultados precisos.<\/p>\n<\/li>\n<li data-start=\"4567\" data-end=\"4640\">\n<p data-start=\"4569\" data-end=\"4640\"><strong data-start=\"4569\" data-end=\"4594\">Formulaci\u00f3n estable:<\/strong> Resistente a la degradaci\u00f3n con un almacenamiento adecuado.<\/p>\n<\/li>\n<li data-start=\"4641\" data-end=\"4697\">\n<p data-start=\"4643\" data-end=\"4697\"><strong data-start=\"4643\" data-end=\"4666\">Embalaje seguro:<\/strong> Sellado y resistente a la humedad.<\/p>\n<\/li>\n<li data-start=\"4698\" data-end=\"4783\">\n<p data-start=\"4700\" data-end=\"4783\"><strong data-start=\"4700\" data-end=\"4727\">De acuerdo con la normativa de la UE:<\/strong> Fabricado seg\u00fan las directrices de seguridad europeas.<\/p>\n<\/li>\n<\/ul>\n<hr data-start=\"4785\" data-end=\"4788\" \/>\n<h2 data-start=\"4790\" data-end=\"4824\"><strong data-start=\"4793\" data-end=\"4824\">Beneficios para los investigadores<\/strong><\/h2>\n<ul data-start=\"4826\" data-end=\"5090\">\n<li data-start=\"4826\" data-end=\"4886\">\n<p data-start=\"4828\" data-end=\"4886\">Adecuado para <strong data-start=\"4842\" data-end=\"4883\">investigaci\u00f3n forense y toxicol\u00f3gica<\/strong>.<\/p>\n<\/li>\n<li data-start=\"4887\" data-end=\"4955\">\n<p data-start=\"4889\" data-end=\"4955\">Soportes <strong data-start=\"4901\" data-end=\"4937\">desarrollo de m\u00e9todos anal\u00edticos<\/strong> (LC-MS, GC-MS).<\/p>\n<\/li>\n<li data-start=\"4956\" data-end=\"5023\">\n<p data-start=\"4958\" data-end=\"5023\">Sirve como <strong data-start=\"4968\" data-end=\"4991\">est\u00e1ndar de referencia<\/strong> para an\u00e1logos de benzodiazepinas.<\/p>\n<\/li>\n<li data-start=\"5024\" data-end=\"5090\">\n<p data-start=\"5026\" data-end=\"5090\">Ofertas <strong data-start=\"5032\" data-end=\"5087\">resultados de investigaci\u00f3n reproducibles y fiables<\/strong>.<\/p>\n<\/li>\n<\/ul>\n<hr data-start=\"5092\" data-end=\"5095\" \/>\n<h2 data-start=\"5097\" data-end=\"5131\"><strong data-start=\"5100\" data-end=\"5131\">Uso (Contexto de investigaci\u00f3n)<\/strong><\/h2>\n<ol data-start=\"5133\" data-end=\"5350\">\n<li data-start=\"5133\" data-end=\"5178\">\n<p data-start=\"5136\" data-end=\"5178\">Utilizar \u00fanicamente en laboratorios acreditados.<\/p>\n<\/li>\n<li data-start=\"5179\" data-end=\"5239\">\n<p data-start=\"5182\" data-end=\"5239\">Use guantes, gafas de seguridad y bata de laboratorio.<\/p>\n<\/li>\n<li data-start=\"5240\" data-end=\"5287\">\n<p data-start=\"5243\" data-end=\"5287\">Conservar en un lugar fresco, seco y oscuro (por debajo de 25\u00b0C).<\/p>\n<\/li>\n<li data-start=\"5288\" data-end=\"5350\">\n<p data-start=\"5291\" data-end=\"5350\">Deseche los residuos de acuerdo con las normas de seguridad locales.<\/p>\n<\/li>\n<\/ol>\n<blockquote data-start=\"5352\" data-end=\"5446\">\n<p data-start=\"5354\" data-end=\"5446\"><strong data-start=\"5354\" data-end=\"5365\">N\u00d3TESE BIEN:<\/strong> <em data-start=\"5366\" data-end=\"5392\">Caja de RC+ Bromazolam 2,5 mg<\/em> es <strong data-start=\"5396\" data-end=\"5445\">destinado \u00fanicamente a fines de investigaci\u00f3n<\/strong>.<\/p>\n<\/blockquote>\n<hr data-start=\"5448\" data-end=\"5451\" \/>\n<h2 data-start=\"5453\" data-end=\"5487\"><strong data-start=\"5456\" data-end=\"5487\">Preguntas frecuentes (FAQ)<\/strong><\/h2>\n<p data-start=\"5489\" data-end=\"5635\"><strong data-start=\"5489\" data-end=\"5535\">1. \u00bfPara qu\u00e9 se utiliza RC+ Bromazolam?<\/strong><br data-start=\"5535\" data-end=\"5538\" \/>Se utiliza para <strong data-start=\"5562\" data-end=\"5600\">investigaci\u00f3n anal\u00edtica y forense<\/strong> a los compuestos de benzodiazepina.<\/p>\n<p data-start=\"5637\" data-end=\"5745\"><strong data-start=\"5637\" data-end=\"5666\">2. \u00bfCu\u00e1nto contiene una caja?<\/strong><br data-start=\"5666\" data-end=\"5669\" \/>Cada caja contiene <strong data-start=\"5684\" data-end=\"5701\">gr\u00e1nulos de 2,5 mg<\/strong> con una composici\u00f3n estandarizada.<\/p>\n<p data-start=\"5747\" data-end=\"5882\"><strong data-start=\"5747\" data-end=\"5798\">3. \u00bfPuedo comprar RC+ Bromazolam como particular?<\/strong><br data-start=\"5798\" data-end=\"5801\" \/>No, este producto solo est\u00e1 disponible para <strong data-start=\"5845\" data-end=\"5879\">instituciones de investigaci\u00f3n reconocidas<\/strong>.<\/p>","protected":false},"excerpt":{"rendered":"<p>Productbeschrijving RC+ Bromazolam 2,5mg Box bevat hoogzuivere Bromazolam, een benzodiazepine-derivaat dat wordt gebruikt voor toxicologisch, analytisch en forensisch onderzoek.Het maakt<\/p>","protected":false},"featured_media":21031,"comment_status":"closed","ping_status":"closed","template":"","meta":[],"product_brand":[82],"product_cat":[555],"product_tag":[174,183,184,176,175,178,177,180,326,179],"class_list":{"0":"post-24179","1":"product","2":"type-product","3":"status-publish","4":"has-post-thumbnail","6":"product_brand-research-chemical","7":"product_cat-b2b","8":"product_tag-bromazolam","9":"product_tag-bromazolam-bijwerkingen","10":"product_tag-bromazolam-dosing","11":"product_tag-bromazolam-ervaringen","12":"product_tag-bromazolam-kopen","13":"product_tag-bromazolam-na-drugs","14":"product_tag-bromazolam-psychonaut","15":"product_tag-hoe-lang-werkt-bromazolam","16":"product_tag-nl","17":"product_tag-wat-is-bromazolam","19":"first","20":"instock","21":"taxable","22":"shipping-taxable","23":"purchasable","24":"product-type-variable"},"_links":{"self":[{"href":"https:\/\/researchchemicalhub.com\/es\/wp-json\/wp\/v2\/product\/24179","targetHints":{"allow":["GET"]}}],"collection":[{"href":"https:\/\/researchchemicalhub.com\/es\/wp-json\/wp\/v2\/product"}],"about":[{"href":"https:\/\/researchchemicalhub.com\/es\/wp-json\/wp\/v2\/types\/product"}],"replies":[{"embeddable":true,"href":"https:\/\/researchchemicalhub.com\/es\/wp-json\/wp\/v2\/comments?post=24179"}],"version-history":[{"count":6,"href":"https:\/\/researchchemicalhub.com\/es\/wp-json\/wp\/v2\/product\/24179\/revisions"}],"predecessor-version":[{"id":27836,"href":"https:\/\/researchchemicalhub.com\/es\/wp-json\/wp\/v2\/product\/24179\/revisions\/27836"}],"wp:featuredmedia":[{"embeddable":true,"href":"https:\/\/researchchemicalhub.com\/es\/wp-json\/wp\/v2\/media\/21031"}],"wp:attachment":[{"href":"https:\/\/researchchemicalhub.com\/es\/wp-json\/wp\/v2\/media?parent=24179"}],"wp:term":[{"taxonomy":"product_brand","embeddable":true,"href":"https:\/\/researchchemicalhub.com\/es\/wp-json\/wp\/v2\/product_brand?post=24179"},{"taxonomy":"product_cat","embeddable":true,"href":"https:\/\/researchchemicalhub.com\/es\/wp-json\/wp\/v2\/product_cat?post=24179"},{"taxonomy":"product_tag","embeddable":true,"href":"https:\/\/researchchemicalhub.com\/es\/wp-json\/wp\/v2\/product_tag?post=24179"}],"curies":[{"name":"gracias","href":"https:\/\/api.w.org\/{rel}","templated":true}]}}