{"id":24177,"date":"2025-04-13T17:41:13","date_gmt":"2025-04-13T17:41:13","guid":{"rendered":"https:\/\/researchchemicalhub.com\/?post_type=product&#038;p=24177"},"modified":"2025-10-12T20:15:09","modified_gmt":"2025-10-12T20:15:09","slug":"norflurazepam-10mg-box","status":"publish","type":"product","link":"https:\/\/researchchemicalhub.com\/es\/shop\/b2b\/norflurazepam-10mg-box\/","title":{"rendered":"Caja de RC+ Norflurazepam 10 mg"},"content":{"rendered":"<h2 data-start=\"3808\" data-end=\"3834\"><strong data-start=\"3811\" data-end=\"3834\">Descripci\u00f3n del Producto<\/strong><\/h2>\n<p data-start=\"3836\" data-end=\"4181\"><strong data-start=\"3836\" data-end=\"3866\">Caja de RC+ Norflurazepam 10 mg<\/strong> contiene un <strong data-start=\"3877\" data-end=\"3915\">sustancia de investigaci\u00f3n de alta pureza<\/strong>, dise\u00f1ado para <strong data-start=\"3932\" data-end=\"3989\">investigaci\u00f3n toxicol\u00f3gica, farmacol\u00f3gica y forense<\/strong>.<br data-start=\"3990\" data-end=\"3993\" \/>Norflurazepam (tambi\u00e9n conocido como <strong data-start=\"4023\" data-end=\"4045\">Desalquilflurazepam<\/strong>) es un <strong data-start=\"4054\" data-end=\"4081\">derivado de la benzodiazepina<\/strong> que a menudo se utiliza como <strong data-start=\"4110\" data-end=\"4133\">est\u00e1ndar de referencia<\/strong> en an\u00e1lisis de laboratorio de benzodiazepinas.<\/p>\n<p data-start=\"4183\" data-end=\"4338\">Cada caja contiene <strong data-start=\"4198\" data-end=\"4238\">Pellets de grado de investigaci\u00f3n de 10 mg<\/strong>, producido en condiciones controladas para <strong data-start=\"4294\" data-end=\"4337\">pureza, estabilidad y consistencia<\/strong>.<\/p>\n<p data-start=\"4340\" data-end=\"4476\">\u26a0\ufe0f <strong data-start=\"4343\" data-end=\"4354\">N\u00d3TESE BIEN:<\/strong> Este producto es <strong data-start=\"4370\" data-end=\"4419\">destinado \u00fanicamente a fines de investigaci\u00f3n<\/strong> y <strong data-start=\"4423\" data-end=\"4475\">No apto para uso humano o animal.<\/strong>.<\/p>\n<hr data-start=\"4478\" data-end=\"4481\" \/>\n<h2 data-start=\"4483\" data-end=\"4513\"><strong data-start=\"4486\" data-end=\"4513\">Caracter\u00edsticas principales<\/strong><\/h2>\n<ul data-start=\"4515\" data-end=\"4881\">\n<li data-start=\"4515\" data-end=\"4588\">\n<p data-start=\"4517\" data-end=\"4588\"><strong data-start=\"4517\" data-end=\"4537\">Alta pureza:<\/strong> Adecuado para investigaci\u00f3n de laboratorio avanzada.<\/p>\n<\/li>\n<li data-start=\"4589\" data-end=\"4668\">\n<p data-start=\"4591\" data-end=\"4668\"><strong data-start=\"4591\" data-end=\"4623\">Dosis estandarizada:<\/strong> 10 mg por pellet para un an\u00e1lisis preciso.<\/p>\n<\/li>\n<li data-start=\"4669\" data-end=\"4736\">\n<p data-start=\"4671\" data-end=\"4736\"><strong data-start=\"4671\" data-end=\"4696\">Formulaci\u00f3n estable:<\/strong> Resistente a la degradaci\u00f3n y oxidaci\u00f3n.<\/p>\n<\/li>\n<li data-start=\"4737\" data-end=\"4800\">\n<p data-start=\"4739\" data-end=\"4800\"><strong data-start=\"4739\" data-end=\"4762\">Embalaje seguro:<\/strong> Sellado y protegido contra la humedad.<\/p>\n<\/li>\n<li data-start=\"4801\" data-end=\"4881\">\n<p data-start=\"4803\" data-end=\"4881\"><strong data-start=\"4803\" data-end=\"4830\">De acuerdo con la normativa de la UE:<\/strong> Fabricado seg\u00fan las normas de seguridad europeas.<\/p>\n<\/li>\n<\/ul>\n<hr data-start=\"4883\" data-end=\"4886\" \/>\n<h2 data-start=\"4888\" data-end=\"4922\"><strong data-start=\"4891\" data-end=\"4922\">Beneficios para los investigadores<\/strong><\/h2>\n<ul data-start=\"4924\" data-end=\"5200\">\n<li data-start=\"4924\" data-end=\"4984\">\n<p data-start=\"4926\" data-end=\"4984\">Adecuado para <strong data-start=\"4940\" data-end=\"4981\">investigaci\u00f3n forense y toxicol\u00f3gica<\/strong>.<\/p>\n<\/li>\n<li data-start=\"4985\" data-end=\"5056\">\n<p data-start=\"4987\" data-end=\"5056\">Soportes <strong data-start=\"4999\" data-end=\"5033\">validaci\u00f3n y calibraci\u00f3n de m\u00e9todos<\/strong> (LC-MS, GC-MS, RMN).<\/p>\n<\/li>\n<li data-start=\"5057\" data-end=\"5133\">\n<p data-start=\"5059\" data-end=\"5133\">Ayuda con <strong data-start=\"5069\" data-end=\"5099\">ecuaciones estructurales<\/strong> de compuestos de benzodiazepina.<\/p>\n<\/li>\n<li data-start=\"5134\" data-end=\"5200\">\n<p data-start=\"5136\" data-end=\"5200\">Ofertas <strong data-start=\"5142\" data-end=\"5197\">resultados de investigaci\u00f3n reproducibles y fiables<\/strong>.<\/p>\n<\/li>\n<\/ul>\n<hr data-start=\"5202\" data-end=\"5205\" \/>\n<h2 data-start=\"5207\" data-end=\"5241\"><strong data-start=\"5210\" data-end=\"5241\">Uso (Contexto de investigaci\u00f3n)<\/strong><\/h2>\n<ol data-start=\"5243\" data-end=\"5451\">\n<li data-start=\"5243\" data-end=\"5288\">\n<p data-start=\"5246\" data-end=\"5288\">Utilizar \u00fanicamente en laboratorios acreditados.<\/p>\n<\/li>\n<li data-start=\"5289\" data-end=\"5340\">\n<p data-start=\"5292\" data-end=\"5340\">Use guantes, gafas de seguridad y bata de laboratorio.<\/p>\n<\/li>\n<li data-start=\"5341\" data-end=\"5388\">\n<p data-start=\"5344\" data-end=\"5388\">Conservar en un lugar fresco, seco y oscuro (por debajo de 25\u00b0C).<\/p>\n<\/li>\n<li data-start=\"5389\" data-end=\"5451\">\n<p data-start=\"5392\" data-end=\"5451\">Deseche los residuos de acuerdo con las normas de seguridad locales.<\/p>\n<\/li>\n<\/ol>\n<blockquote data-start=\"5453\" data-end=\"5549\">\n<p data-start=\"5455\" data-end=\"5549\"><strong data-start=\"5455\" data-end=\"5466\">N\u00d3TESE BIEN:<\/strong> <em data-start=\"5467\" data-end=\"5495\">Caja de RC+ Norflurazepam 10 mg<\/em> es <strong data-start=\"5499\" data-end=\"5548\">destinado \u00fanicamente a fines de investigaci\u00f3n<\/strong>.<\/p>\n<\/blockquote>\n<hr data-start=\"5551\" data-end=\"5554\" \/>\n<h2 data-start=\"5556\" data-end=\"5590\"><strong data-start=\"5559\" data-end=\"5590\">Preguntas frecuentes (FAQ)<\/strong><\/h2>\n<p data-start=\"5592\" data-end=\"5722\"><strong data-start=\"5592\" data-end=\"5641\">1. \u00bfPara qu\u00e9 se utiliza RC+ Norflurazepam?<\/strong><br data-start=\"5641\" data-end=\"5644\" \/>Para <strong data-start=\"5649\" data-end=\"5687\">investigaci\u00f3n anal\u00edtica y forense<\/strong> a los compuestos de benzodiazepina.<\/p>\n<p data-start=\"5724\" data-end=\"5827\"><strong data-start=\"5724\" data-end=\"5753\">2. \u00bfCu\u00e1nto contiene una caja?<\/strong><br data-start=\"5753\" data-end=\"5756\" \/>Cada caja contiene <strong data-start=\"5771\" data-end=\"5787\">gr\u00e1nulos de 10 mg<\/strong> con composici\u00f3n estandarizada.<\/p>\n<p data-start=\"5829\" data-end=\"5967\"><strong data-start=\"5829\" data-end=\"5883\">3. \u00bfPuedo comprar RC+ Norflurazepam como particular?<\/strong><br data-start=\"5883\" data-end=\"5886\" \/>No, este producto solo est\u00e1 disponible para <strong data-start=\"5930\" data-end=\"5964\">instituciones de investigaci\u00f3n reconocidas<\/strong>.<\/p>","protected":false},"excerpt":{"rendered":"<p>Productbeschrijving RC+ Norflurazepam 10mg Box bevat een onderzoeksstof van hoge zuiverheid, ontworpen voor toxicologisch, farmacologisch en forensisch onderzoek.Norflurazepam (ook bekend<\/p>","protected":false},"featured_media":20895,"comment_status":"closed","ping_status":"closed","template":"","meta":[],"product_brand":[82],"product_cat":[555],"product_tag":[326,132,137,135,134,136,133],"class_list":{"0":"post-24177","1":"product","2":"type-product","3":"status-publish","4":"has-post-thumbnail","6":"product_brand-research-chemical","7":"product_cat-b2b","8":"product_tag-nl","9":"product_tag-norflurazepam","10":"product_tag-norflurazepam-dosering","11":"product_tag-norflurazepam-ervaring","12":"product_tag-norflurazepam-ervaringen","13":"product_tag-norflurazepam-psychonaut","14":"product_tag-norflurazepam-werking","16":"first","17":"instock","18":"taxable","19":"shipping-taxable","20":"purchasable","21":"product-type-variable"},"_links":{"self":[{"href":"https:\/\/researchchemicalhub.com\/es\/wp-json\/wp\/v2\/product\/24177","targetHints":{"allow":["GET"]}}],"collection":[{"href":"https:\/\/researchchemicalhub.com\/es\/wp-json\/wp\/v2\/product"}],"about":[{"href":"https:\/\/researchchemicalhub.com\/es\/wp-json\/wp\/v2\/types\/product"}],"replies":[{"embeddable":true,"href":"https:\/\/researchchemicalhub.com\/es\/wp-json\/wp\/v2\/comments?post=24177"}],"version-history":[{"count":5,"href":"https:\/\/researchchemicalhub.com\/es\/wp-json\/wp\/v2\/product\/24177\/revisions"}],"predecessor-version":[{"id":27835,"href":"https:\/\/researchchemicalhub.com\/es\/wp-json\/wp\/v2\/product\/24177\/revisions\/27835"}],"wp:featuredmedia":[{"embeddable":true,"href":"https:\/\/researchchemicalhub.com\/es\/wp-json\/wp\/v2\/media\/20895"}],"wp:attachment":[{"href":"https:\/\/researchchemicalhub.com\/es\/wp-json\/wp\/v2\/media?parent=24177"}],"wp:term":[{"taxonomy":"product_brand","embeddable":true,"href":"https:\/\/researchchemicalhub.com\/es\/wp-json\/wp\/v2\/product_brand?post=24177"},{"taxonomy":"product_cat","embeddable":true,"href":"https:\/\/researchchemicalhub.com\/es\/wp-json\/wp\/v2\/product_cat?post=24177"},{"taxonomy":"product_tag","embeddable":true,"href":"https:\/\/researchchemicalhub.com\/es\/wp-json\/wp\/v2\/product_tag?post=24177"}],"curies":[{"name":"gracias","href":"https:\/\/api.w.org\/{rel}","templated":true}]}}