{"id":24175,"date":"2025-04-13T17:41:13","date_gmt":"2025-04-13T17:41:13","guid":{"rendered":"https:\/\/researchchemicalhub.com\/?post_type=product&#038;p=24175"},"modified":"2025-10-12T20:08:27","modified_gmt":"2025-10-12T20:08:27","slug":"caja-de-norflurazepam-rc-de-5-mg","status":"publish","type":"product","link":"https:\/\/researchchemicalhub.com\/es\/comercio\/b2b\/caja-de-norflurazepam-rc-de-5-mg\/","title":{"rendered":"Caja de RC+ Norflurazepam 5 mg"},"content":{"rendered":"<h2 data-start=\"3808\" data-end=\"3834\"><strong data-start=\"3811\" data-end=\"3834\">Descripci\u00f3n del Producto<\/strong><\/h2>\n<p data-start=\"3836\" data-end=\"4137\"><strong data-start=\"3836\" data-end=\"3865\">Caja de RC+ Norflurazepam 5 mg<\/strong> contiene <strong data-start=\"3872\" data-end=\"3901\">Norflurazepam de alta pureza<\/strong>, Un <strong data-start=\"3907\" data-end=\"3936\">compuesto de benzodiazepina<\/strong> que se utiliza en <strong data-start=\"3960\" data-end=\"4013\">investigaci\u00f3n forense, toxicol\u00f3gica y anal\u00edtica<\/strong>Efectos del norflurazepam<br data-start=\"4014\" data-end=\"4017\" \/>Cada caja contiene <strong data-start=\"4032\" data-end=\"4047\">gr\u00e1nulos de 5 mg<\/strong>, cuidadosamente elaborado para <strong data-start=\"4077\" data-end=\"4134\">resultados de laboratorio precisos y reproducibles<\/strong>.<\/p>\n<p data-start=\"4139\" data-end=\"4296\">Como parte de la <strong data-start=\"4160\" data-end=\"4183\">Serie de investigaci\u00f3n RC+<\/strong> Este producto se produce bajo un estricto control de calidad para <strong data-start=\"4251\" data-end=\"4281\">pureza y consistencia<\/strong> Para garantizar.<\/p>\n<p data-start=\"4298\" data-end=\"4434\">\u26a0\ufe0f <strong data-start=\"4301\" data-end=\"4312\">N\u00d3TESE BIEN:<\/strong> Este producto es <strong data-start=\"4328\" data-end=\"4377\">destinado \u00fanicamente a fines de investigaci\u00f3n<\/strong> y <strong data-start=\"4381\" data-end=\"4433\">No apto para uso humano o animal.<\/strong>.<\/p>\n<hr data-start=\"4436\" data-end=\"4439\" \/>\n<h2 data-start=\"4441\" data-end=\"4471\"><strong data-start=\"4444\" data-end=\"4471\">Caracter\u00edsticas principales<\/strong><\/h2>\n<ul data-start=\"4473\" data-end=\"4866\">\n<li data-start=\"4473\" data-end=\"4557\">\n<p data-start=\"4475\" data-end=\"4557\"><strong data-start=\"4475\" data-end=\"4495\">Alta pureza:<\/strong> Calidad de laboratorio, adecuado para investigaci\u00f3n avanzada.<\/p>\n<\/li>\n<li data-start=\"4558\" data-end=\"4636\">\n<p data-start=\"4560\" data-end=\"4636\"><strong data-start=\"4560\" data-end=\"4592\">Dosis estandarizada:<\/strong> 5 mg por pellet para un an\u00e1lisis preciso.<\/p>\n<\/li>\n<li data-start=\"4637\" data-end=\"4708\">\n<p data-start=\"4639\" data-end=\"4708\"><strong data-start=\"4639\" data-end=\"4660\">Qu\u00edmicamente estable:<\/strong> Resistente a la degradaci\u00f3n con un almacenamiento adecuado.<\/p>\n<\/li>\n<li data-start=\"4709\" data-end=\"4780\">\n<p data-start=\"4711\" data-end=\"4780\"><strong data-start=\"4711\" data-end=\"4734\">Embalaje seguro:<\/strong> Herm\u00e9tico y sellado contra la contaminaci\u00f3n.<\/p>\n<\/li>\n<li data-start=\"4781\" data-end=\"4866\">\n<p data-start=\"4783\" data-end=\"4866\"><strong data-start=\"4783\" data-end=\"4810\">De acuerdo con la normativa de la UE:<\/strong> Fabricado seg\u00fan las directrices de seguridad europeas.<\/p>\n<\/li>\n<\/ul>\n<hr data-start=\"4868\" data-end=\"4871\" \/>\n<h2 data-start=\"4873\" data-end=\"4907\"><strong data-start=\"4876\" data-end=\"4907\">Beneficios para los investigadores<\/strong><\/h2>\n<ul data-start=\"4909\" data-end=\"5174\">\n<li data-start=\"4909\" data-end=\"4969\">\n<p data-start=\"4911\" data-end=\"4969\">Adecuado para <strong data-start=\"4925\" data-end=\"4966\">investigaci\u00f3n forense y toxicol\u00f3gica<\/strong>.<\/p>\n<\/li>\n<li data-start=\"4970\" data-end=\"5018\">\n<p data-start=\"4972\" data-end=\"5018\">Soportes <strong data-start=\"4984\" data-end=\"5015\">An\u00e1lisis LC-MS, GC-MS y RMN<\/strong>.<\/p>\n<\/li>\n<li data-start=\"5019\" data-end=\"5101\">\n<p data-start=\"5021\" data-end=\"5101\">Ayuda con <strong data-start=\"5031\" data-end=\"5078\">comparaciones estructurales y cuantitativas<\/strong> de las benzodiazepinas.<\/p>\n<\/li>\n<li data-start=\"5102\" data-end=\"5174\">\n<p data-start=\"5104\" data-end=\"5174\">Ofertas <strong data-start=\"5110\" data-end=\"5144\">muestras de referencia fiables<\/strong> para pruebas de laboratorio. Efectos del norflurazepam<\/p>\n<\/li>\n<\/ul>\n<hr data-start=\"5176\" data-end=\"5179\" \/>\n<h2 data-start=\"5181\" data-end=\"5215\"><strong data-start=\"5184\" data-end=\"5215\">Uso (Contexto de investigaci\u00f3n)<\/strong><\/h2>\n<ol data-start=\"5217\" data-end=\"5425\">\n<li data-start=\"5217\" data-end=\"5262\">\n<p data-start=\"5220\" data-end=\"5262\">Utilizar \u00fanicamente en laboratorios acreditados.<\/p>\n<\/li>\n<li data-start=\"5263\" data-end=\"5314\">\n<p data-start=\"5266\" data-end=\"5314\">Use guantes, gafas de seguridad y bata de laboratorio.<\/p>\n<\/li>\n<li data-start=\"5315\" data-end=\"5362\">\n<p data-start=\"5318\" data-end=\"5362\">Conservar en un lugar fresco, seco y oscuro (por debajo de 25\u00b0C).<\/p>\n<\/li>\n<li data-start=\"5363\" data-end=\"5425\">\n<p data-start=\"5366\" data-end=\"5425\">Deseche los residuos de acuerdo con las normas de seguridad locales.<\/p>\n<\/li>\n<\/ol>\n<blockquote data-start=\"5427\" data-end=\"5522\">\n<p data-start=\"5429\" data-end=\"5522\"><strong data-start=\"5429\" data-end=\"5440\">N\u00d3TESE BIEN:<\/strong> <em data-start=\"5441\" data-end=\"5468\">Caja de RC+ Norflurazepam 5 mg<\/em> es <strong data-start=\"5472\" data-end=\"5521\">destinado \u00fanicamente a fines de investigaci\u00f3n<\/strong>.<\/p>\n<\/blockquote>\n<hr data-start=\"5524\" data-end=\"5527\" \/>\n<h2 data-start=\"5529\" data-end=\"5563\"><strong data-start=\"5532\" data-end=\"5563\">Preguntas frecuentes (FAQ)<\/strong><\/h2>\n<p data-start=\"5565\" data-end=\"5709\"><strong data-start=\"5565\" data-end=\"5614\">1. \u00bfPara qu\u00e9 se utiliza RC+ Norflurazepam?<\/strong><br data-start=\"5614\" data-end=\"5617\" \/>Se utiliza para <strong data-start=\"5641\" data-end=\"5679\">investigaci\u00f3n anal\u00edtica y forense<\/strong> a los an\u00e1logos de las benzodiazepinas.<\/p>\n<p data-start=\"5711\" data-end=\"5815\"><strong data-start=\"5711\" data-end=\"5740\">2. \u00bfCu\u00e1nto contiene una caja?<\/strong><br data-start=\"5740\" data-end=\"5743\" \/>Cada caja contiene <strong data-start=\"5758\" data-end=\"5773\">gr\u00e1nulos de 5 mg<\/strong> con una composici\u00f3n estandarizada.<\/p>\n<p data-start=\"5817\" data-end=\"5953\"><strong data-start=\"5817\" data-end=\"5871\">3. \u00bfPuedo comprar RC+ Norflurazepam como particular?<\/strong><br data-start=\"5871\" data-end=\"5874\" \/>No, este producto solo est\u00e1 disponible para <strong data-start=\"5918\" data-end=\"5952\">instituciones de investigaci\u00f3n reconocidas<\/strong>.<\/p>","protected":false},"excerpt":{"rendered":"<p>Productbeschrijving RC+ Norflurazepam 5mg Box bevat hoogzuivere Norflurazepam, een benzodiazepine-verbinding die wordt gebruikt bij forensisch, toxicologisch en analytisch onderzoek. Norflurazepam<\/p>","protected":false},"featured_media":20939,"comment_status":"closed","ping_status":"closed","template":"","meta":[],"product_brand":[82],"product_cat":[555],"product_tag":[326,132,137,135,134,136,133],"class_list":{"0":"post-24175","1":"product","2":"type-product","3":"status-publish","4":"has-post-thumbnail","6":"product_brand-research-chemical","7":"product_cat-b2b","8":"product_tag-nl","9":"product_tag-norflurazepam","10":"product_tag-norflurazepam-dosering","11":"product_tag-norflurazepam-ervaring","12":"product_tag-norflurazepam-ervaringen","13":"product_tag-norflurazepam-psychonaut","14":"product_tag-norflurazepam-werking","16":"first","17":"instock","18":"taxable","19":"shipping-taxable","20":"purchasable","21":"product-type-variable"},"_links":{"self":[{"href":"https:\/\/researchchemicalhub.com\/es\/wp-json\/wp\/v2\/product\/24175","targetHints":{"allow":["GET"]}}],"collection":[{"href":"https:\/\/researchchemicalhub.com\/es\/wp-json\/wp\/v2\/product"}],"about":[{"href":"https:\/\/researchchemicalhub.com\/es\/wp-json\/wp\/v2\/types\/product"}],"replies":[{"embeddable":true,"href":"https:\/\/researchchemicalhub.com\/es\/wp-json\/wp\/v2\/comments?post=24175"}],"version-history":[{"count":4,"href":"https:\/\/researchchemicalhub.com\/es\/wp-json\/wp\/v2\/product\/24175\/revisions"}],"predecessor-version":[{"id":27834,"href":"https:\/\/researchchemicalhub.com\/es\/wp-json\/wp\/v2\/product\/24175\/revisions\/27834"}],"wp:featuredmedia":[{"embeddable":true,"href":"https:\/\/researchchemicalhub.com\/es\/wp-json\/wp\/v2\/media\/20939"}],"wp:attachment":[{"href":"https:\/\/researchchemicalhub.com\/es\/wp-json\/wp\/v2\/media?parent=24175"}],"wp:term":[{"taxonomy":"product_brand","embeddable":true,"href":"https:\/\/researchchemicalhub.com\/es\/wp-json\/wp\/v2\/product_brand?post=24175"},{"taxonomy":"product_cat","embeddable":true,"href":"https:\/\/researchchemicalhub.com\/es\/wp-json\/wp\/v2\/product_cat?post=24175"},{"taxonomy":"product_tag","embeddable":true,"href":"https:\/\/researchchemicalhub.com\/es\/wp-json\/wp\/v2\/product_tag?post=24175"}],"curies":[{"name":"gracias","href":"https:\/\/api.w.org\/{rel}","templated":true}]}}