{"id":24146,"date":"2025-04-13T17:41:08","date_gmt":"2025-04-13T17:41:08","guid":{"rendered":"https:\/\/researchchemicalhub.com\/?post_type=product&#038;p=24146"},"modified":"2025-10-13T10:38:38","modified_gmt":"2025-10-13T10:38:38","slug":"chem-mist-4-ho-met-7-spray","status":"publish","type":"product","link":"https:\/\/researchchemicalhub.com\/es\/shop\/b2b\/chem-mist-4-ho-met-7-spray\/","title":{"rendered":"Aerosol Chem-mist 4-HO-MET 7%"},"content":{"rendered":"<h3 data-start=\"4754\" data-end=\"4771\">Introducci\u00f3n<\/h3>\n<p data-start=\"4772\" data-end=\"5331\">El aerosol Chem-mist 4-HO-MET 7% es un producto de investigaci\u00f3n con triptamina formulado con precisi\u00f3n, dise\u00f1ado para uso anal\u00edtico y de laboratorio. <strong data-start=\"4920\" data-end=\"4971\">4-hidroxi-N-metil-N-etiltriptamina (4-HO-MET)<\/strong> En un medio acuoso estabilizado para aerosol nasal, lo que permite una microdosificaci\u00f3n reproducible y una absorci\u00f3n mucosa eficiente en entornos experimentales controlados. El formato de aerosol nasal est\u00e1 dise\u00f1ado para simplificar la manipulaci\u00f3n, mejorar la consistencia de la dosis y reducir los residuos en comparaci\u00f3n con los l\u00edquidos o polvos a granel. Chem-mist 4-HO-MET 7% Spray.<\/p>\n<hr data-start=\"5333\" data-end=\"5336\" \/>\n<h3 data-start=\"5338\" data-end=\"5371\">Caracter\u00edsticas principales<\/h3>\n<ul data-start=\"5372\" data-end=\"6075\">\n<li data-start=\"5372\" data-end=\"5461\">\n<p data-start=\"5374\" data-end=\"5461\"><strong data-start=\"5374\" data-end=\"5393\">Concentraci\u00f3n de 7%<\/strong>:Proporciona una potencia moderada adecuada para estudios de microdosificaci\u00f3n.<\/p>\n<\/li>\n<li data-start=\"5462\" data-end=\"5537\">\n<p data-start=\"5464\" data-end=\"5537\"><strong data-start=\"5464\" data-end=\"5480\">Tama\u00f1o del spray<\/strong>:Cada accionamiento libera una microdosis controlada.<\/p>\n<\/li>\n<li data-start=\"5538\" data-end=\"5629\">\n<p data-start=\"5540\" data-end=\"5629\"><strong data-start=\"5540\" data-end=\"5567\">M\u00faltiples dosis por botella<\/strong>:Entrega docenas de pulverizaciones estandarizadas por envase.<\/p>\n<\/li>\n<li data-start=\"5630\" data-end=\"5745\">\n<p data-start=\"5632\" data-end=\"5745\"><strong data-start=\"5632\" data-end=\"5664\">Sistema de amortiguaci\u00f3n estabilizado<\/strong>:Contiene formas tamp\u00f3n y excipientes para mantener el pH y la estabilidad qu\u00edmica.<\/p>\n<\/li>\n<li data-start=\"5746\" data-end=\"5890\">\n<p data-start=\"5748\" data-end=\"5890\"><strong data-start=\"5748\" data-end=\"5777\">Alta pureza de investigaci\u00f3n<\/strong>:Producido con altos est\u00e1ndares de pureza dentro de la l\u00ednea \u201cChem-mist\u201d.<\/p>\n<\/li>\n<li data-start=\"5891\" data-end=\"6075\">\n<p data-start=\"5893\" data-end=\"6075\"><strong data-start=\"5893\" data-end=\"5938\">Claramente etiquetado para uso en investigaci\u00f3n.<\/strong>:Etiquetado como \u201csolo para fines de investigaci\u00f3n\u201d para indicar que no es un producto de consumo.<\/p>\n<\/li>\n<\/ul>\n<hr data-start=\"6077\" data-end=\"6080\" \/>\n<h3 data-start=\"6082\" data-end=\"6141\">Beneficios (para aplicaciones de investigaci\u00f3n\/laboratorio)<\/h3>\n<ol data-start=\"6142\" data-end=\"6954\">\n<li data-start=\"6142\" data-end=\"6293\">\n<p data-start=\"6145\" data-end=\"6293\"><strong data-start=\"6145\" data-end=\"6171\">Microdosificaci\u00f3n precisa<\/strong><br data-start=\"6171\" data-end=\"6174\" \/>El mecanismo de pulverizaci\u00f3n proporciona microdosis consistentes, lo que reduce la variabilidad debida al pipeteo o al pesaje.<\/p>\n<\/li>\n<li data-start=\"6295\" data-end=\"6440\">\n<p data-start=\"6298\" data-end=\"6440\"><strong data-start=\"6298\" data-end=\"6324\">Proceso de trabajo m\u00e1s sencillo<\/strong><br data-start=\"6324\" data-end=\"6327\" \/>Los aerosoles listos para usar eliminan la necesidad de disolver s\u00f3lidos o pasos de diluci\u00f3n en serie.<\/p>\n<\/li>\n<li data-start=\"6442\" data-end=\"6589\">\n<p data-start=\"6445\" data-end=\"6589\"><strong data-start=\"6445\" data-end=\"6478\">Riesgo reducido de contaminaci\u00f3n<\/strong><br data-start=\"6478\" data-end=\"6481\" \/>El env\u00edo de aerosol sellado limita la exposici\u00f3n a la temperatura, la humedad o los contaminantes del aire.<\/p>\n<\/li>\n<li data-start=\"6591\" data-end=\"6776\">\n<p data-start=\"6594\" data-end=\"6776\"><strong data-start=\"6594\" data-end=\"6625\">Mejor modelado de absorci\u00f3n<\/strong><br data-start=\"6625\" data-end=\"6628\" \/>La administraci\u00f3n a trav\u00e9s de la mucosa nasal puede imitar mejor la cin\u00e9tica de absorci\u00f3n in vivo que la administraci\u00f3n de la soluci\u00f3n est\u00e1ndar.<\/p>\n<\/li>\n<li data-start=\"6778\" data-end=\"6954\">\n<p data-start=\"6781\" data-end=\"6954\"><strong data-start=\"6781\" data-end=\"6822\">Mayor estabilidad y vida \u00fatil.<\/strong><br data-start=\"6822\" data-end=\"6825\" \/>La f\u00f3rmula amortiguada y el embalaje protector ayudan a mantener la integridad del compuesto en niveles de almacenamiento adecuados.<\/p>\n<\/li>\n<\/ol>\n<hr data-start=\"6956\" data-end=\"6959\" \/>\n<h3 data-start=\"6961\" data-end=\"7018\">C\u00f3mo utilizar (solo para fines de investigaci\u00f3n)<\/h3>\n<blockquote data-start=\"7019\" data-end=\"7278\">\n<p data-start=\"7021\" data-end=\"7278\">\u26a0\ufe0f <strong data-start=\"7024\" data-end=\"7049\">Nota de seguridad:<\/strong> Este producto est\u00e1 destinado \u00fanicamente a pruebas de laboratorio. No apto para uso en humanos ni animales. Use EPI completo, trabaje en condiciones de contenci\u00f3n adecuadas (por ejemplo, una campana extractora) y siga los protocolos de seguridad de sus instalaciones.<\/p>\n<\/blockquote>\n<ol data-start=\"7280\" data-end=\"8288\">\n<li data-start=\"7280\" data-end=\"7425\">\n<p data-start=\"7283\" data-end=\"7310\"><strong data-start=\"7283\" data-end=\"7308\">Preparar y cebar<\/strong><\/p>\n<ul data-start=\"7314\" data-end=\"7425\">\n<li data-start=\"7314\" data-end=\"7359\">\n<p data-start=\"7316\" data-end=\"7359\">Compruebe si la boquilla de pulverizaci\u00f3n tiene obstrucciones.<\/p>\n<\/li>\n<li data-start=\"7363\" data-end=\"7425\">\n<p data-start=\"7365\" data-end=\"7425\">Cebar con 1 o 2 pulverizaciones para obtener un resultado estable.<\/p>\n<\/li>\n<\/ul>\n<\/li>\n<li data-start=\"7427\" data-end=\"7697\">\n<p data-start=\"7430\" data-end=\"7452\"><strong data-start=\"7430\" data-end=\"7450\">Procedimiento de administraci\u00f3n<\/strong><\/p>\n<ul data-start=\"7456\" data-end=\"7697\">\n<li data-start=\"7456\" data-end=\"7552\">\n<p data-start=\"7458\" data-end=\"7552\">Coloque la boquilla a una distancia reproducible (por ejemplo, 1-2 cm) del tejido o la superficie.<\/p>\n<\/li>\n<li data-start=\"7556\" data-end=\"7637\">\n<p data-start=\"7558\" data-end=\"7637\">Presione el actuador la cantidad de veces deseada seg\u00fan su protocolo experimental.<\/p>\n<\/li>\n<li data-start=\"7641\" data-end=\"7697\">\n<p data-start=\"7643\" data-end=\"7697\">Registre el n\u00famero de actuaciones, tiempos y condiciones.<\/p>\n<\/li>\n<\/ul>\n<\/li>\n<li data-start=\"7699\" data-end=\"7986\">\n<p data-start=\"7702\" data-end=\"7721\"><strong data-start=\"7702\" data-end=\"7719\">Despu\u00e9s de la administraci\u00f3n<\/strong><\/p>\n<ul data-start=\"7725\" data-end=\"7986\">\n<li data-start=\"7725\" data-end=\"7799\">\n<p data-start=\"7727\" data-end=\"7799\">Vuelva a colocar la tapa inmediatamente para evitar la evaporaci\u00f3n o contaminaci\u00f3n.<\/p>\n<\/li>\n<li data-start=\"7803\" data-end=\"7857\">\n<p data-start=\"7805\" data-end=\"7857\">Gu\u00e1rdelo en posici\u00f3n vertical en un <strong data-start=\"7827\" data-end=\"7845\">fresco, oscuro<\/strong> ambiente.<\/p>\n<\/li>\n<li data-start=\"7861\" data-end=\"7986\">\n<p data-start=\"7863\" data-end=\"7986\">Si es necesario, enjuague suavemente la boquilla con un disolvente adecuado (por ejemplo, agua desionizada) para evitar obstrucciones.<\/p>\n<\/li>\n<\/ul>\n<\/li>\n<li data-start=\"7988\" data-end=\"8288\">\n<p data-start=\"7991\" data-end=\"8022\"><strong data-start=\"7991\" data-end=\"8020\">Seguridad y eliminaci\u00f3n<\/strong><\/p>\n<ul data-start=\"8026\" data-end=\"8288\">\n<li data-start=\"8026\" data-end=\"8076\">\n<p data-start=\"8028\" data-end=\"8076\">Evitar la inhalaci\u00f3n o el contacto con la piel o los ojos.<\/p>\n<\/li>\n<li data-start=\"8080\" data-end=\"8180\">\n<p data-start=\"8082\" data-end=\"8180\">En caso de exposici\u00f3n accidental: aclarar con agua y consultar la Ficha de Datos de Seguridad (FDS).<\/p>\n<\/li>\n<li data-start=\"8184\" data-end=\"8288\">\n<p data-start=\"8186\" data-end=\"8288\">Deseche el exceso de soluci\u00f3n, envases y embalajes de acuerdo con las pol\u00edticas de residuos qu\u00edmicos.<\/p>\n<\/li>\n<\/ul>\n<\/li>\n<\/ol>\n<hr data-start=\"8290\" data-end=\"8293\" \/>\n<h3 data-start=\"8295\" data-end=\"8326\">Preguntas frecuentes (FAQ)<\/h3>\n<p data-start=\"8328\" data-end=\"8592\"><strong data-start=\"8328\" data-end=\"8352\">P1: \u00bfQu\u00e9 es 4-HO-MET?<\/strong><br data-start=\"8352\" data-end=\"8355\" \/>La 4-HO-MET (4-hidroxi-N-metil-N-etiltriptamina) es un compuesto de triptamina utilizado en investigaci\u00f3n. Pertenece a la clase de las hidroxitriptaminas y se utiliza en estudios anal\u00edticos, de uni\u00f3n a receptores y mecan\u00edsticos.<\/p>\n<p data-start=\"8594\" data-end=\"8851\"><strong data-start=\"8594\" data-end=\"8637\">P2: \u00bfCu\u00e1nta cantidad de 4-HO-MET aporta cada pulverizaci\u00f3n?<\/strong><br data-start=\"8637\" data-end=\"8640\" \/>Cada pulsaci\u00f3n libera una microdosis proporcional a la concentraci\u00f3n de 7%. La cantidad exacta en mg por pulverizaci\u00f3n depende de la calibraci\u00f3n del fabricante y debe verificarse mediante validaci\u00f3n experimental.<\/p>\n<p data-start=\"8853\" data-end=\"9190\"><strong data-start=\"8853\" data-end=\"8900\">P3: \u00bfCu\u00e1nto tiempo se puede conservar este spray?<\/strong><br data-start=\"8900\" data-end=\"8903\" \/>Al almacenarse sellada, en posici\u00f3n vertical y en un ambiente fresco, oscuro y seco, se espera que la f\u00f3rmula permanezca estable durante varios meses o incluso a\u00f1os, dependiendo de la f\u00f3rmula y la cin\u00e9tica de degradaci\u00f3n. \u00dasela dentro del plazo de caducidad recomendado para obtener resultados \u00f3ptimos.<\/p>","protected":false},"excerpt":{"rendered":"<p>Introductie Chem-mist 4-HO-MET 7% Spray is een precisie-geformuleerd tryptamine onderzoeksproduct, bedoeld voor laboratorium- en analytisch gebruik. Het levert 4-hydroxy-N-methyl-N-ethyltryptamine (4-HO-MET)<\/p>","protected":false},"featured_media":21205,"comment_status":"closed","ping_status":"closed","template":"","meta":[],"product_brand":[],"product_cat":[555],"product_tag":[1097,326],"class_list":{"0":"post-24146","1":"product","2":"type-product","3":"status-publish","4":"has-post-thumbnail","6":"product_cat-b2b","7":"product_tag-chem-mist-4-ho-met-7-spray","8":"product_tag-nl","10":"first","11":"instock","12":"taxable","13":"shipping-taxable","14":"purchasable","15":"product-type-variable"},"_links":{"self":[{"href":"https:\/\/researchchemicalhub.com\/es\/wp-json\/wp\/v2\/product\/24146","targetHints":{"allow":["GET"]}}],"collection":[{"href":"https:\/\/researchchemicalhub.com\/es\/wp-json\/wp\/v2\/product"}],"about":[{"href":"https:\/\/researchchemicalhub.com\/es\/wp-json\/wp\/v2\/types\/product"}],"replies":[{"embeddable":true,"href":"https:\/\/researchchemicalhub.com\/es\/wp-json\/wp\/v2\/comments?post=24146"}],"version-history":[{"count":3,"href":"https:\/\/researchchemicalhub.com\/es\/wp-json\/wp\/v2\/product\/24146\/revisions"}],"predecessor-version":[{"id":27862,"href":"https:\/\/researchchemicalhub.com\/es\/wp-json\/wp\/v2\/product\/24146\/revisions\/27862"}],"wp:featuredmedia":[{"embeddable":true,"href":"https:\/\/researchchemicalhub.com\/es\/wp-json\/wp\/v2\/media\/21205"}],"wp:attachment":[{"href":"https:\/\/researchchemicalhub.com\/es\/wp-json\/wp\/v2\/media?parent=24146"}],"wp:term":[{"taxonomy":"product_brand","embeddable":true,"href":"https:\/\/researchchemicalhub.com\/es\/wp-json\/wp\/v2\/product_brand?post=24146"},{"taxonomy":"product_cat","embeddable":true,"href":"https:\/\/researchchemicalhub.com\/es\/wp-json\/wp\/v2\/product_cat?post=24146"},{"taxonomy":"product_tag","embeddable":true,"href":"https:\/\/researchchemicalhub.com\/es\/wp-json\/wp\/v2\/product_tag?post=24146"}],"curies":[{"name":"gracias","href":"https:\/\/api.w.org\/{rel}","templated":true}]}}