{"id":24144,"date":"2025-04-13T17:41:08","date_gmt":"2025-04-13T17:41:08","guid":{"rendered":"https:\/\/researchchemicalhub.com\/?post_type=product&#038;p=24144"},"modified":"2025-10-12T21:09:18","modified_gmt":"2025-10-12T21:09:18","slug":"aerosol-de-noopept-con-niebla-quimica","status":"publish","type":"product","link":"https:\/\/researchchemicalhub.com\/es\/comercio\/b2b\/aerosol-de-noopept-con-niebla-quimica\/","title":{"rendered":"Spray qu\u00edmico NOOPEPT"},"content":{"rendered":"<h3 data-start=\"4655\" data-end=\"4674\"><strong data-start=\"4659\" data-end=\"4674\">Introducci\u00f3n<\/strong><\/h3>\n<p data-start=\"4675\" data-end=\"5006\">El <strong data-start=\"4678\" data-end=\"4705\">Spray qu\u00edmico NOOPEPT<\/strong> ofertas <strong data-start=\"4712\" data-end=\"4779\">NOOPEPT de alta pureza (\u00e9ster et\u00edlico de N-fenilacetil-L-prolilglicina)<\/strong> en un <strong data-start=\"4787\" data-end=\"4821\">aerosol formulado con precisi\u00f3n<\/strong>, desarrollado con fines de investigaci\u00f3n. NOOPEPT es un <strong data-start=\"4876\" data-end=\"4899\">compuesto nootr\u00f3pico<\/strong> que a menudo se estudia por sus posibles efectos sobre <strong data-start=\"4959\" data-end=\"5003\">memoria, capacidad de aprendizaje y neuroprotecci\u00f3n<\/strong>Spray qu\u00edmico Noopept<\/p>\n<p data-start=\"5008\" data-end=\"5235\">Este spray fue desarrollado por Chem-mist para <strong data-start=\"5053\" data-end=\"5078\">investigaci\u00f3n de laboratorio<\/strong> y garant\u00edas <strong data-start=\"5093\" data-end=\"5133\">Dosificaci\u00f3n constante, alta estabilidad<\/strong> y <strong data-start=\"5137\" data-end=\"5164\">facilidad de uso pr\u00e1ctica<\/strong>, ideal para estudios sobre <strong data-start=\"5191\" data-end=\"5234\">neuroplasticidad y funci\u00f3n cognitiva<\/strong>.<\/p>\n<hr data-start=\"5237\" data-end=\"5240\" \/>\n<h3 data-start=\"5242\" data-end=\"5273\"><strong data-start=\"5246\" data-end=\"5273\">Caracter\u00edsticas principales<\/strong><\/h3>\n<ul data-start=\"5274\" data-end=\"5811\">\n<li data-start=\"5274\" data-end=\"5362\">\n<p data-start=\"5276\" data-end=\"5362\"><strong data-start=\"5276\" data-end=\"5299\">NOOPEPT de alta pureza:<\/strong> Cada spray contiene <strong data-start=\"5317\" data-end=\"5333\">10 mg de NOOPEPT<\/strong> en una soluci\u00f3n estable.<\/p>\n<\/li>\n<li data-start=\"5363\" data-end=\"5492\">\n<p data-start=\"5365\" data-end=\"5492\"><strong data-start=\"5365\" data-end=\"5383\">Grabaci\u00f3n r\u00e1pida:<\/strong> Optimizado para <strong data-start=\"5405\" data-end=\"5471\">Entrega eficiente y biodisponibilidad confiable<\/strong> Durante la investigaci\u00f3n.<\/p>\n<\/li>\n<li data-start=\"5493\" data-end=\"5588\">\n<p data-start=\"5495\" data-end=\"5588\"><strong data-start=\"5495\" data-end=\"5520\">Dosis precisa:<\/strong> El spray proporciona <strong data-start=\"5541\" data-end=\"5585\">resultados verificables y repetibles<\/strong>.<\/p>\n<\/li>\n<li data-start=\"5589\" data-end=\"5711\">\n<p data-start=\"5591\" data-end=\"5711\"><strong data-start=\"5591\" data-end=\"5622\">Calidad del nivel de investigaci\u00f3n:<\/strong> Producido bajo <strong data-start=\"5642\" data-end=\"5680\">estrictas condiciones de laboratorio<\/strong> para garantizar la pureza.<\/p>\n<\/li>\n<li data-start=\"5712\" data-end=\"5811\">\n<p data-start=\"5714\" data-end=\"5811\"><strong data-start=\"5714\" data-end=\"5736\">Compacto y pr\u00e1ctico:<\/strong> Frasco pulverizador de 10 ml, ideal para uso preciso en entornos de investigaci\u00f3n. Spray Chem-mist NOOPEPT.<\/p>\n<\/li>\n<\/ul>\n<hr data-start=\"5813\" data-end=\"5816\" \/>\n<h3 data-start=\"5818\" data-end=\"5835\"><strong data-start=\"5822\" data-end=\"5835\">Ventajas<\/strong><\/h3>\n<ul data-start=\"5836\" data-end=\"6403\">\n<li data-start=\"5836\" data-end=\"5972\">\n<p data-start=\"5838\" data-end=\"5972\"><strong data-start=\"5838\" data-end=\"5874\">Apoya la investigaci\u00f3n cognitiva:<\/strong> Se est\u00e1 estudiando por su influencia en <strong data-start=\"5913\" data-end=\"5969\">memoria, neuroprotecci\u00f3n y plasticidad sin\u00e1ptica<\/strong>.<\/p>\n<\/li>\n<li data-start=\"5973\" data-end=\"6080\">\n<p data-start=\"5975\" data-end=\"6080\"><strong data-start=\"5975\" data-end=\"6002\">Aplicaci\u00f3n confiable:<\/strong> La f\u00f3rmula l\u00edquida hace <strong data-start=\"6030\" data-end=\"6068\">administraci\u00f3n precisa y consistente<\/strong> posible.<\/p>\n<\/li>\n<li data-start=\"6081\" data-end=\"6209\">\n<p data-start=\"6083\" data-end=\"6209\"><strong data-start=\"6083\" data-end=\"6136\">Adecuado para estudios conductuales y neuroqu\u00edmicos:<\/strong> Ayuda con la investigaci\u00f3n sobre <strong data-start=\"6162\" data-end=\"6206\">Procesos de aprendizaje, atenci\u00f3n y funci\u00f3n cerebral<\/strong>.<\/p>\n<\/li>\n<li data-start=\"6210\" data-end=\"6311\">\n<p data-start=\"6212\" data-end=\"6311\"><strong data-start=\"6212\" data-end=\"6236\">Entrega eficiente:<\/strong> El spray proporciona <strong data-start=\"6257\" data-end=\"6279\">distribuci\u00f3n uniforme<\/strong> y minimiza las desviaciones.<\/p>\n<\/li>\n<li data-start=\"6312\" data-end=\"6403\">\n<p data-start=\"6314\" data-end=\"6403\"><strong data-start=\"6314\" data-end=\"6341\">Estabilidad a largo plazo:<\/strong> La f\u00f3rmula permanece <strong data-start=\"6357\" data-end=\"6380\">estable y eficaz<\/strong> Cuando se almacena correctamente.<\/p>\n<\/li>\n<\/ul>\n<hr data-start=\"6405\" data-end=\"6408\" \/>\n<h3 data-start=\"6410\" data-end=\"6425\"><strong data-start=\"6414\" data-end=\"6425\">Uso<\/strong><\/h3>\n<ol data-start=\"6426\" data-end=\"6688\">\n<li data-start=\"6426\" data-end=\"6463\">\n<p data-start=\"6429\" data-end=\"6463\"><strong data-start=\"6429\" data-end=\"6461\">Agitar suavemente antes de usar.<\/strong><\/p>\n<\/li>\n<li data-start=\"6464\" data-end=\"6536\">\n<p data-start=\"6467\" data-end=\"6536\"><strong data-start=\"6467\" data-end=\"6480\">Una pulverizaci\u00f3n<\/strong> administra una dosis de 10 mg de NOOPEPT (seg\u00fan las indicaciones).<\/p>\n<\/li>\n<li data-start=\"6537\" data-end=\"6610\">\n<p data-start=\"6540\" data-end=\"6610\"><strong data-start=\"6540\" data-end=\"6571\">Anote la dosis y el tiempo<\/strong> para obtener datos de investigaci\u00f3n precisos.<\/p>\n<\/li>\n<li data-start=\"6611\" data-end=\"6688\">\n<p data-start=\"6614\" data-end=\"6688\">Ahorra en un <strong data-start=\"6629\" data-end=\"6652\">lugar fresco y seco<\/strong>, protegido de la luz solar directa.<\/p>\n<\/li>\n<\/ol>\n<blockquote data-start=\"6690\" data-end=\"6796\">\n<p data-start=\"6692\" data-end=\"6796\">\u26a0\ufe0f <strong data-start=\"6695\" data-end=\"6741\">S\u00f3lo para pruebas de laboratorio.<\/strong> No apto para consumo humano ni animal.<\/p>\n<\/blockquote>\n<hr data-start=\"6798\" data-end=\"6801\" \/>\n<h3 data-start=\"6803\" data-end=\"6836\"><strong data-start=\"6807\" data-end=\"6836\">Preguntas frecuentes (FAQ)<\/strong><\/h3>\n<p data-start=\"6838\" data-end=\"7019\"><strong data-start=\"6838\" data-end=\"6893\">1. \u00bfPara qu\u00e9 se utiliza el spray Chem-mist NOOPEPT?<\/strong><br data-start=\"6893\" data-end=\"6896\" \/>Este spray se utiliza en <strong data-start=\"6925\" data-end=\"6972\">investigaci\u00f3n cient\u00edfica y neuroqu\u00edmica<\/strong> a las funciones cognitivas y la neuroplasticidad.<\/p>\n<p data-start=\"7021\" data-end=\"7162\"><strong data-start=\"7021\" data-end=\"7061\">2. \u00bfCu\u00e1nta cantidad de NOOPEPT contiene cada spray?<\/strong><br data-start=\"7061\" data-end=\"7064\" \/>Cada pulverizaci\u00f3n produce una <strong data-start=\"7092\" data-end=\"7122\">dosis precisa de 10 mg<\/strong>, comprobado mediante an\u00e1lisis de laboratorio.<\/p>\n<p data-start=\"7164\" data-end=\"7304\"><strong data-start=\"7164\" data-end=\"7204\">3. \u00bfC\u00f3mo se debe conservar el spray?<\/strong><br data-start=\"7204\" data-end=\"7207\" \/>Guarde la botella en un <strong data-start=\"7229\" data-end=\"7263\">lugar fresco, oscuro y seco<\/strong> (por debajo de 25\u00b0C) para mantener la estabilidad.<\/p>\n<hr data-start=\"7306\" data-end=\"7309\" \/>\n<h3 data-start=\"7311\" data-end=\"7328\"><strong data-start=\"7315\" data-end=\"7328\">Conclusi\u00f3n<\/strong><\/h3>\n<p data-start=\"7329\" data-end=\"7632\">El <strong data-start=\"7332\" data-end=\"7359\">Spray qu\u00edmico NOOPEPT<\/strong> combina <strong data-start=\"7371\" data-end=\"7404\">precisi\u00f3n, pureza y conveniencia<\/strong> para la investigaci\u00f3n avanzada sobre el rendimiento cognitivo y las funciones cerebrales. Gracias a la <strong data-start=\"7489\" data-end=\"7554\">Dosificaci\u00f3n precisa, r\u00e1pida absorci\u00f3n y estabilidad a largo plazo<\/strong> Este producto es una excelente opci\u00f3n para entornos de investigaci\u00f3n profesional.<\/p>","protected":false},"excerpt":{"rendered":"<p>Introductie De Chem-mist NOOPEPT Spray biedt hoogzuiver NOOPEPT (N-phenylacetyl-L-prolylglycine ethyl ester) in een nauwkeurig geformuleerde spray, ontwikkeld voor onderzoeksdoeleinden. NOOPEPT<\/p>","protected":false},"featured_media":21202,"comment_status":"closed","ping_status":"closed","template":"","meta":[],"product_brand":[],"product_cat":[555],"product_tag":[326],"class_list":{"0":"post-24144","1":"product","2":"type-product","3":"status-publish","4":"has-post-thumbnail","6":"product_cat-b2b","7":"product_tag-nl","9":"first","10":"instock","11":"taxable","12":"shipping-taxable","13":"purchasable","14":"product-type-variable"},"_links":{"self":[{"href":"https:\/\/researchchemicalhub.com\/es\/wp-json\/wp\/v2\/product\/24144","targetHints":{"allow":["GET"]}}],"collection":[{"href":"https:\/\/researchchemicalhub.com\/es\/wp-json\/wp\/v2\/product"}],"about":[{"href":"https:\/\/researchchemicalhub.com\/es\/wp-json\/wp\/v2\/types\/product"}],"replies":[{"embeddable":true,"href":"https:\/\/researchchemicalhub.com\/es\/wp-json\/wp\/v2\/comments?post=24144"}],"version-history":[{"count":3,"href":"https:\/\/researchchemicalhub.com\/es\/wp-json\/wp\/v2\/product\/24144\/revisions"}],"predecessor-version":[{"id":27852,"href":"https:\/\/researchchemicalhub.com\/es\/wp-json\/wp\/v2\/product\/24144\/revisions\/27852"}],"wp:featuredmedia":[{"embeddable":true,"href":"https:\/\/researchchemicalhub.com\/es\/wp-json\/wp\/v2\/media\/21202"}],"wp:attachment":[{"href":"https:\/\/researchchemicalhub.com\/es\/wp-json\/wp\/v2\/media?parent=24144"}],"wp:term":[{"taxonomy":"product_brand","embeddable":true,"href":"https:\/\/researchchemicalhub.com\/es\/wp-json\/wp\/v2\/product_brand?post=24144"},{"taxonomy":"product_cat","embeddable":true,"href":"https:\/\/researchchemicalhub.com\/es\/wp-json\/wp\/v2\/product_cat?post=24144"},{"taxonomy":"product_tag","embeddable":true,"href":"https:\/\/researchchemicalhub.com\/es\/wp-json\/wp\/v2\/product_tag?post=24144"}],"curies":[{"name":"gracias","href":"https:\/\/api.w.org\/{rel}","templated":true}]}}