{"id":24140,"date":"2025-04-13T17:41:08","date_gmt":"2025-04-13T17:41:08","guid":{"rendered":"https:\/\/researchchemicalhub.com\/?post_type=product&#038;p=24140"},"modified":"2025-10-13T10:29:52","modified_gmt":"2025-10-13T10:29:52","slug":"niebla-quimica-4f-mph-10-pulverizacion","status":"publish","type":"product","link":"https:\/\/researchchemicalhub.com\/es\/comercio\/b2b\/niebla-quimica-4f-mph-10-pulverizacion\/","title":{"rendered":"Aerosol Chem Mist 4F-MPH 10%"},"content":{"rendered":"<h3 data-start=\"688\" data-end=\"712\"><strong data-start=\"692\" data-end=\"712\">Descripci\u00f3n general del producto<\/strong><\/h3>\n<p data-start=\"713\" data-end=\"1201\">El aerosol Chem-mist 4F-MPH 10% es un <strong data-start=\"747\" data-end=\"793\">soluci\u00f3n de investigaci\u00f3n formulada con precisi\u00f3n<\/strong> de <strong data-start=\"798\" data-end=\"833\">4-fluorometilfenidato (4F-MPH)<\/strong> en una concentraci\u00f3n de 10%. Dise\u00f1ado para <strong data-start=\"878\" data-end=\"925\">fines cient\u00edficos y anal\u00edticos<\/strong>, ofrece una <strong data-start=\"941\" data-end=\"983\">dosificaci\u00f3n controlada y consistente<\/strong> mediante un aerosol f\u00e1cil de usar, ideal para laboratorios que realizan estudios farmacol\u00f3gicos, de receptores o de absorci\u00f3n. 4f mph<br data-start=\"1106\" data-end=\"1109\" \/><em data-start=\"1109\" data-end=\"1201\">(S\u00f3lo para fines de investigaci\u00f3n; no est\u00e1 destinado al uso en humanos o animales).<\/em><\/p>\n<hr data-start=\"1203\" data-end=\"1206\" \/>\n<h3 data-start=\"1208\" data-end=\"1239\"><strong data-start=\"1212\" data-end=\"1239\">Caracter\u00edsticas principales<\/strong><\/h3>\n<ul data-start=\"1240\" data-end=\"1675\">\n<li data-start=\"1240\" data-end=\"1319\">\n<p data-start=\"1242\" data-end=\"1319\"><strong data-start=\"1242\" data-end=\"1269\">Concentraci\u00f3n de 10% 4F-MPH<\/strong> para experimentos precisos y controlados<\/p>\n<\/li>\n<li data-start=\"1320\" data-end=\"1382\">\n<p data-start=\"1322\" data-end=\"1382\"><strong data-start=\"1322\" data-end=\"1350\">Aproximadamente 14 mg por pulverizaci\u00f3n<\/strong> (m\u00e1s de 70 pulverizaciones por botella)<\/p>\n<\/li>\n<li data-start=\"1383\" data-end=\"1456\">\n<p data-start=\"1385\" data-end=\"1456\"><strong data-start=\"1385\" data-end=\"1417\">Aroma a menta \u201cFresh Focus\u201d<\/strong> Para un uso c\u00f3modo en el laboratorio<\/p>\n<\/li>\n<li data-start=\"1457\" data-end=\"1525\">\n<p data-start=\"1459\" data-end=\"1525\"><strong data-start=\"1459\" data-end=\"1486\">F\u00f3rmula estabilizada<\/strong> con E1520, NaCl y componentes tamp\u00f3n<\/p>\n<\/li>\n<li data-start=\"1526\" data-end=\"1591\">\n<p data-start=\"1528\" data-end=\"1591\"><strong data-start=\"1528\" data-end=\"1554\">Alta pureza (&gt;98%)<\/strong>, confirmado por pruebas del proveedor<\/p>\n<\/li>\n<li data-start=\"1592\" data-end=\"1675\">\n<p data-start=\"1594\" data-end=\"1675\"><strong data-start=\"1594\" data-end=\"1627\">S\u00f3lo para uso de investigaci\u00f3n<\/strong> \u2013 claramente etiquetados seg\u00fan la normativa<\/p>\n<\/li>\n<\/ul>\n<hr data-start=\"1677\" data-end=\"1680\" \/>\n<h3 data-start=\"1682\" data-end=\"1699\"><strong data-start=\"1686\" data-end=\"1699\">Ventajas<\/strong><\/h3>\n<p data-start=\"1700\" data-end=\"2020\">\u2705 <strong data-start=\"1702\" data-end=\"1723\">Dosificaci\u00f3n precisa<\/strong> \u2013 Volumen de pulverizaci\u00f3n constante para obtener resultados reproducibles<br data-start=\"1786\" data-end=\"1789\" \/>\u2705 <strong data-start=\"1791\" data-end=\"1819\">Uso seguro y limpio<\/strong> \u2013 Sin riesgo de exposici\u00f3n al polvo ni contaminaci\u00f3n<br data-start=\"1868\" data-end=\"1871\" \/>\u2705 <strong data-start=\"1873\" data-end=\"1899\">Estabilidad mejorada<\/strong> \u2013 Larga vida \u00fatil (hasta 2 a\u00f1os) si se almacena correctamente<br data-start=\"1953\" data-end=\"1956\" \/>\u2705 <strong data-start=\"1958\" data-end=\"1975\">Preparado para usar<\/strong> \u2013 Reduce el tiempo de preparaci\u00f3n en el laboratorio<\/p>\n<hr data-start=\"2022\" data-end=\"2025\" \/>\n<h3 data-start=\"2027\" data-end=\"2072\"><strong data-start=\"2031\" data-end=\"2072\">Uso (solo para fines de investigaci\u00f3n)<\/strong><\/h3>\n<blockquote data-start=\"2073\" data-end=\"2198\">\n<p data-start=\"2075\" data-end=\"2198\">\u26a0\ufe0f Solo para uso en laboratorio. No inhalar ni ingerir. Usar siempre EPI (equipo de protecci\u00f3n individual).<\/p>\n<\/blockquote>\n<ol data-start=\"2200\" data-end=\"2403\">\n<li data-start=\"2200\" data-end=\"2263\">\n<p data-start=\"2203\" data-end=\"2263\">Agite suavemente y prepare el aerosol antes del primer uso.<\/p>\n<\/li>\n<li data-start=\"2264\" data-end=\"2331\">\n<p data-start=\"2267\" data-end=\"2331\">Roc\u00ede a una distancia fija de acuerdo con el protocolo experimental. 4f mph<\/p>\n<\/li>\n<li data-start=\"2332\" data-end=\"2403\">\n<p data-start=\"2335\" data-end=\"2403\">Cerrar bien y guardar en posici\u00f3n vertical. <strong data-start=\"2375\" data-end=\"2400\">lugar fresco y oscuro<\/strong>.<\/p>\n<\/li>\n<\/ol>\n<hr data-start=\"2405\" data-end=\"2408\" \/>\n<h3 data-start=\"2410\" data-end=\"2443\"><strong data-start=\"2414\" data-end=\"2443\">Preguntas frecuentes (FAQ)<\/strong><\/h3>\n<p data-start=\"2445\" data-end=\"2533\"><strong data-start=\"2445\" data-end=\"2484\">1. \u00bfCu\u00e1nto 4F-MPH contiene cada spray?<\/strong><br data-start=\"2484\" data-end=\"2487\" \/>Cada pulverizaci\u00f3n proporciona aproximadamente <strong data-start=\"2514\" data-end=\"2523\">14 mg<\/strong> 4F-MPH.<\/p>\n<p data-start=\"2535\" data-end=\"2719\"><strong data-start=\"2535\" data-end=\"2589\">2. \u00bfEste producto es apto para uso humano?<\/strong><br data-start=\"2589\" data-end=\"2592\" \/>No, este producto es <strong data-start=\"2613\" data-end=\"2660\">s\u00f3lo para investigaci\u00f3n cient\u00edfica<\/strong> y no est\u00e1n destinados al consumo humano o animal.<\/p>\n<p data-start=\"2721\" data-end=\"2856\"><strong data-start=\"2721\" data-end=\"2764\">3. \u00bfC\u00f3mo se debe conservar el spray?<\/strong><br data-start=\"2764\" data-end=\"2767\" \/>Conservar bien cerrado, en posici\u00f3n vertical y fuera de la luz solar directa, en un lugar <strong data-start=\"2830\" data-end=\"2853\">lugar fresco y seco<\/strong>.<\/p>","protected":false},"excerpt":{"rendered":"<p>Productoverzicht Chem-mist 4F-MPH 10% Spray is een precisie-geformuleerde onderzoeksoplossing met 4-fluoromethylfenidaat (4F-MPH) in een concentratie van 10%. Ontworpen voor wetenschappelijke<\/p>","protected":false},"featured_media":20679,"comment_status":"closed","ping_status":"closed","template":"","meta":[],"product_brand":[],"product_cat":[555],"product_tag":[571,326],"class_list":{"0":"post-24140","1":"product","2":"type-product","3":"status-publish","4":"has-post-thumbnail","6":"product_cat-b2b","7":"product_tag-4f-mph","8":"product_tag-nl","10":"first","11":"instock","12":"taxable","13":"shipping-taxable","14":"purchasable","15":"product-type-variable"},"_links":{"self":[{"href":"https:\/\/researchchemicalhub.com\/es\/wp-json\/wp\/v2\/product\/24140","targetHints":{"allow":["GET"]}}],"collection":[{"href":"https:\/\/researchchemicalhub.com\/es\/wp-json\/wp\/v2\/product"}],"about":[{"href":"https:\/\/researchchemicalhub.com\/es\/wp-json\/wp\/v2\/types\/product"}],"replies":[{"embeddable":true,"href":"https:\/\/researchchemicalhub.com\/es\/wp-json\/wp\/v2\/comments?post=24140"}],"version-history":[{"count":4,"href":"https:\/\/researchchemicalhub.com\/es\/wp-json\/wp\/v2\/product\/24140\/revisions"}],"predecessor-version":[{"id":27857,"href":"https:\/\/researchchemicalhub.com\/es\/wp-json\/wp\/v2\/product\/24140\/revisions\/27857"}],"wp:featuredmedia":[{"embeddable":true,"href":"https:\/\/researchchemicalhub.com\/es\/wp-json\/wp\/v2\/media\/20679"}],"wp:attachment":[{"href":"https:\/\/researchchemicalhub.com\/es\/wp-json\/wp\/v2\/media?parent=24140"}],"wp:term":[{"taxonomy":"product_brand","embeddable":true,"href":"https:\/\/researchchemicalhub.com\/es\/wp-json\/wp\/v2\/product_brand?post=24140"},{"taxonomy":"product_cat","embeddable":true,"href":"https:\/\/researchchemicalhub.com\/es\/wp-json\/wp\/v2\/product_cat?post=24140"},{"taxonomy":"product_tag","embeddable":true,"href":"https:\/\/researchchemicalhub.com\/es\/wp-json\/wp\/v2\/product_tag?post=24140"}],"curies":[{"name":"gracias","href":"https:\/\/api.w.org\/{rel}","templated":true}]}}