{"id":23940,"date":"2025-04-13T17:40:44","date_gmt":"2025-04-13T17:40:44","guid":{"rendered":"https:\/\/researchchemicalhub.com\/?post_type=product&#038;p=23940"},"modified":"2025-10-30T07:48:59","modified_gmt":"2025-10-30T07:48:59","slug":"pink-mandala","status":"publish","type":"product","link":"https:\/\/researchchemicalhub.com\/es\/shop\/5-meo-dipt\/pink-mandala\/","title":{"rendered":"Mandala rosa"},"content":{"rendered":"<h3 data-start=\"5203\" data-end=\"5222\"><strong data-start=\"5207\" data-end=\"5222\"><span dir=\"auto\" style=\"vertical-align: inherit;\"><span dir=\"auto\" style=\"vertical-align: inherit;\">Introducci\u00f3n<\/span><\/span><\/strong><\/h3>\n<p data-start=\"5224\" data-end=\"5466\"><span dir=\"auto\" style=\"vertical-align: inherit;\"><span dir=\"auto\" style=\"vertical-align: inherit;\">El <\/span><\/span><strong data-start=\"5227\" data-end=\"5243\"><span dir=\"auto\" style=\"vertical-align: inherit;\"><span dir=\"auto\" style=\"vertical-align: inherit;\">Mandala rosa<\/span><\/span><\/strong><span dir=\"auto\" style=\"vertical-align: inherit;\"><span dir=\"auto\" style=\"vertical-align: inherit;\"> es un <\/span><\/span><strong data-start=\"5251\" data-end=\"5314\"><span dir=\"auto\" style=\"vertical-align: inherit;\"><span dir=\"auto\" style=\"vertical-align: inherit;\">S\u00edmbolo atemporal de amor, dulzura y equilibrio interior<\/span><\/span><\/strong><span dir=\"auto\" style=\"vertical-align: inherit;\"><span dir=\"auto\" style=\"vertical-align: inherit;\"> . <\/span><\/span><br data-start=\"5315\" data-end=\"5318\" \/><span dir=\"auto\" style=\"vertical-align: inherit;\"><span dir=\"auto\" style=\"vertical-align: inherit;\">Los mandalas son patrones geom\u00e9tricos que, en muchas tradiciones espirituales, representan <\/span><\/span><strong data-start=\"5398\" data-end=\"5433\"><span dir=\"auto\" style=\"vertical-align: inherit;\"><span dir=\"auto\" style=\"vertical-align: inherit;\">unidad, armon\u00eda y conexi\u00f3n<\/span><\/span><\/strong><span dir=\"auto\" style=\"vertical-align: inherit;\"><span dir=\"auto\" style=\"vertical-align: inherit;\"> entre cuerpo, mente y alma.<\/span><\/span><\/p>\n<p data-start=\"5468\" data-end=\"5787\"><span dir=\"auto\" style=\"vertical-align: inherit;\"><span dir=\"auto\" style=\"vertical-align: inherit;\">El <\/span><\/span><strong data-start=\"5471\" data-end=\"5485\"><span dir=\"auto\" style=\"vertical-align: inherit;\"><span dir=\"auto\" style=\"vertical-align: inherit;\">color rosa<\/span><\/span><\/strong><span dir=\"auto\" style=\"vertical-align: inherit;\"><span dir=\"auto\" style=\"vertical-align: inherit;\"> simboliza <\/span><\/span><strong data-start=\"5499\" data-end=\"5540\"><span dir=\"auto\" style=\"vertical-align: inherit;\"><span dir=\"auto\" style=\"vertical-align: inherit;\">amor, calidez y energ\u00eda femenina<\/span><\/span><\/strong><span dir=\"auto\" style=\"vertical-align: inherit;\"><span dir=\"auto\" style=\"vertical-align: inherit;\"> , lo que hace que este mandala sea perfecto para espacios dedicados a <\/span><\/span><strong data-start=\"5608\" data-end=\"5639\"><span dir=\"auto\" style=\"vertical-align: inherit;\"><span dir=\"auto\" style=\"vertical-align: inherit;\">sanaci\u00f3n, tranquilidad y atenci\u00f3n plena<\/span><\/span><\/strong><span dir=\"auto\" style=\"vertical-align: inherit;\"><span dir=\"auto\" style=\"vertical-align: inherit;\"> . <\/span><\/span><br data-start=\"5640\" data-end=\"5643\" \/><span dir=\"auto\" style=\"vertical-align: inherit;\"><span dir=\"auto\" style=\"vertical-align: inherit;\">Ya sea para la meditaci\u00f3n, el yoga o como pieza decorativa, el Mandala Rosa aporta paz, belleza y armon\u00eda a cualquier ambiente.<\/span><\/span><\/p>\n<hr data-start=\"5789\" data-end=\"5792\" \/>\n<h3 data-start=\"5794\" data-end=\"5825\"><strong data-start=\"5798\" data-end=\"5825\"><span dir=\"auto\" style=\"vertical-align: inherit;\"><span dir=\"auto\" style=\"vertical-align: inherit;\">Caracter\u00edsticas principales<\/span><\/span><\/strong><\/h3>\n<ul data-start=\"5827\" data-end=\"6331\">\n<li data-start=\"5827\" data-end=\"5924\">\n<p data-start=\"5829\" data-end=\"5924\"><strong data-start=\"5829\" data-end=\"5849\"><span dir=\"auto\" style=\"vertical-align: inherit;\"><span dir=\"auto\" style=\"vertical-align: inherit;\">Simbolismo profundo:<\/span><\/span><\/strong><span dir=\"auto\" style=\"vertical-align: inherit;\"><span dir=\"auto\" style=\"vertical-align: inherit;\"> Representa el amor incondicional, la autoconciencia y la paz interior.<\/span><\/span><\/p>\n<\/li>\n<li data-start=\"5925\" data-end=\"6008\">\n<p data-start=\"5927\" data-end=\"6008\"><strong data-start=\"5927\" data-end=\"5951\"><span dir=\"auto\" style=\"vertical-align: inherit;\"><span dir=\"auto\" style=\"vertical-align: inherit;\">Dise\u00f1o elegante:<\/span><\/span><\/strong><span dir=\"auto\" style=\"vertical-align: inherit;\"><span dir=\"auto\" style=\"vertical-align: inherit;\"> Patrones detallados que irradian tranquilidad y equilibrio.<\/span><\/span><\/p>\n<\/li>\n<li data-start=\"6009\" data-end=\"6077\">\n<p data-start=\"6011\" data-end=\"6077\"><strong data-start=\"6011\" data-end=\"6030\"><span dir=\"auto\" style=\"vertical-align: inherit;\"><span dir=\"auto\" style=\"vertical-align: inherit;\">Alta calidad:<\/span><\/span><\/strong><span dir=\"auto\" style=\"vertical-align: inherit;\"><span dir=\"auto\" style=\"vertical-align: inherit;\"> Fabricado con materiales duraderos y que no desti\u00f1en.<\/span><\/span><\/p>\n<\/li>\n<li data-start=\"6078\" data-end=\"6169\">\n<p data-start=\"6080\" data-end=\"6169\"><strong data-start=\"6080\" data-end=\"6103\"><span dir=\"auto\" style=\"vertical-align: inherit;\"><span dir=\"auto\" style=\"vertical-align: inherit;\">Uso vers\u00e1til:<\/span><\/span><\/strong><span dir=\"auto\" style=\"vertical-align: inherit;\"><span dir=\"auto\" style=\"vertical-align: inherit;\"> Adecuado para <\/span><\/span><strong data-start=\"6118\" data-end=\"6166\"><span dir=\"auto\" style=\"vertical-align: inherit;\"><span dir=\"auto\" style=\"vertical-align: inherit;\">salas de estar, estudios de yoga o rincones de meditaci\u00f3n<\/span><\/span><\/strong><span dir=\"auto\" style=\"vertical-align: inherit;\"><span dir=\"auto\" style=\"vertical-align: inherit;\"> .<\/span><\/span><\/p>\n<\/li>\n<li data-start=\"6170\" data-end=\"6254\">\n<p data-start=\"6172\" data-end=\"6254\"><strong data-start=\"6172\" data-end=\"6195\"><span dir=\"auto\" style=\"vertical-align: inherit;\"><span dir=\"auto\" style=\"vertical-align: inherit;\">Producci\u00f3n sostenible:<\/span><\/span><\/strong><span dir=\"auto\" style=\"vertical-align: inherit;\"><span dir=\"auto\" style=\"vertical-align: inherit;\"> Fabricado con materiales ecol\u00f3gicos y no t\u00f3xicos.<\/span><\/span><\/p>\n<\/li>\n<li data-start=\"6255\" data-end=\"6331\">\n<p data-start=\"6257\" data-end=\"6331\"><strong data-start=\"6257\" data-end=\"6285\"><span dir=\"auto\" style=\"vertical-align: inherit;\"><span dir=\"auto\" style=\"vertical-align: inherit;\">Hecho a mano:<\/span><\/span><\/strong><span dir=\"auto\" style=\"vertical-align: inherit;\"><span dir=\"auto\" style=\"vertical-align: inherit;\"> Dise\u00f1ado meticulosamente para lograr una simetr\u00eda perfecta.<\/span><\/span><\/p>\n<\/li>\n<\/ul>\n<hr data-start=\"6333\" data-end=\"6336\" \/>\n<h3 data-start=\"6338\" data-end=\"6355\"><strong data-start=\"6342\" data-end=\"6355\"><span dir=\"auto\" style=\"vertical-align: inherit;\"><span dir=\"auto\" style=\"vertical-align: inherit;\">Ventajas<\/span><\/span><\/strong><\/h3>\n<ol data-start=\"6357\" data-end=\"6779\">\n<li data-start=\"6357\" data-end=\"6443\">\n<p data-start=\"6360\" data-end=\"6443\"><strong data-start=\"6360\" data-end=\"6390\"><span dir=\"auto\" style=\"vertical-align: inherit;\"><span dir=\"auto\" style=\"vertical-align: inherit;\">Promueve la calma emocional:<\/span><\/span><\/strong><span dir=\"auto\" style=\"vertical-align: inherit;\"><span dir=\"auto\" style=\"vertical-align: inherit;\"> El tono rosado aporta armon\u00eda y calma interior.<\/span><\/span><\/p>\n<\/li>\n<li data-start=\"6444\" data-end=\"6527\">\n<p data-start=\"6447\" data-end=\"6527\"><strong data-start=\"6447\" data-end=\"6475\"><span dir=\"auto\" style=\"vertical-align: inherit;\"><span dir=\"auto\" style=\"vertical-align: inherit;\">Favorece la atenci\u00f3n plena:<\/span><\/span><\/strong><span dir=\"auto\" style=\"vertical-align: inherit;\"><span dir=\"auto\" style=\"vertical-align: inherit;\"> Ayuda a concentrarse durante la meditaci\u00f3n y el yoga.<\/span><\/span><\/p>\n<\/li>\n<li data-start=\"6528\" data-end=\"6614\">\n<p data-start=\"6531\" data-end=\"6614\"><strong data-start=\"6531\" data-end=\"6554\"><span dir=\"auto\" style=\"vertical-align: inherit;\"><span dir=\"auto\" style=\"vertical-align: inherit;\">Belleza visual:<\/span><\/span><\/strong><span dir=\"auto\" style=\"vertical-align: inherit;\"><span dir=\"auto\" style=\"vertical-align: inherit;\"> Aporta a cualquier habitaci\u00f3n un aspecto elegante y espiritual.<\/span><\/span><\/p>\n<\/li>\n<li data-start=\"6615\" data-end=\"6701\">\n<p data-start=\"6618\" data-end=\"6701\"><strong data-start=\"6618\" data-end=\"6643\"><span dir=\"auto\" style=\"vertical-align: inherit;\"><span dir=\"auto\" style=\"vertical-align: inherit;\">Estimula la compasi\u00f3n:<\/span><\/span><\/strong><span dir=\"auto\" style=\"vertical-align: inherit;\"><span dir=\"auto\" style=\"vertical-align: inherit;\"> Evoca amor, bondad y conexi\u00f3n.<\/span><\/span><\/p>\n<\/li>\n<li data-start=\"6702\" data-end=\"6779\">\n<p data-start=\"6705\" data-end=\"6779\"><strong data-start=\"6705\" data-end=\"6736\"><span dir=\"auto\" style=\"vertical-align: inherit;\"><span dir=\"auto\" style=\"vertical-align: inherit;\">Aumenta la energ\u00eda positiva:<\/span><\/span><\/strong><span dir=\"auto\" style=\"vertical-align: inherit;\"><span dir=\"auto\" style=\"vertical-align: inherit;\"> Crea una atm\u00f3sfera serena y pac\u00edfica.<\/span><\/span><\/p>\n<\/li>\n<\/ol>\n<hr data-start=\"6781\" data-end=\"6784\" \/>\n<h3 data-start=\"6786\" data-end=\"6801\"><strong data-start=\"6790\" data-end=\"6801\"><span dir=\"auto\" style=\"vertical-align: inherit;\"><span dir=\"auto\" style=\"vertical-align: inherit;\">Uso<\/span><\/span><\/strong><\/h3>\n<ol data-start=\"6803\" data-end=\"7125\">\n<li data-start=\"6803\" data-end=\"6884\">\n<p data-start=\"6806\" data-end=\"6884\"><strong data-start=\"6806\" data-end=\"6825\"><span dir=\"auto\" style=\"vertical-align: inherit;\"><span dir=\"auto\" style=\"vertical-align: inherit;\">Para la meditaci\u00f3n:<\/span><\/span><\/strong><span dir=\"auto\" style=\"vertical-align: inherit;\"><span dir=\"auto\" style=\"vertical-align: inherit;\"> Utiliza el mandala como punto focal para el silencio interior.<\/span><\/span><\/p>\n<\/li>\n<li data-start=\"6885\" data-end=\"6968\">\n<p data-start=\"6888\" data-end=\"6968\"><strong data-start=\"6888\" data-end=\"6907\"><span dir=\"auto\" style=\"vertical-align: inherit;\"><span dir=\"auto\" style=\"vertical-align: inherit;\">Para decoraci\u00f3n:<\/span><\/span><\/strong><span dir=\"auto\" style=\"vertical-align: inherit;\"><span dir=\"auto\" style=\"vertical-align: inherit;\"> Cu\u00e9lgala en una habitaci\u00f3n para aportar paz y belleza.<\/span><\/span><\/p>\n<\/li>\n<li data-start=\"6969\" data-end=\"7043\">\n<p data-start=\"6972\" data-end=\"7043\"><strong data-start=\"6972\" data-end=\"7003\"><span dir=\"auto\" style=\"vertical-align: inherit;\"><span dir=\"auto\" style=\"vertical-align: inherit;\">Para la pr\u00e1ctica espiritual:<\/span><\/span><\/strong><span dir=\"auto\" style=\"vertical-align: inherit;\"><span dir=\"auto\" style=\"vertical-align: inherit;\"> \u00dasalo en la oraci\u00f3n o en el trabajo energ\u00e9tico.<\/span><\/span><\/p>\n<\/li>\n<li data-start=\"7044\" data-end=\"7125\">\n<p data-start=\"7047\" data-end=\"7125\"><strong data-start=\"7047\" data-end=\"7061\"><span dir=\"auto\" style=\"vertical-align: inherit;\"><span dir=\"auto\" style=\"vertical-align: inherit;\">Para yoga:<\/span><\/span><\/strong><span dir=\"auto\" style=\"vertical-align: inherit;\"><span dir=\"auto\" style=\"vertical-align: inherit;\"> Col\u00f3calo en tu estudio para crear una atm\u00f3sfera inspiradora.<\/span><\/span><\/p>\n<\/li>\n<\/ol>\n<blockquote data-start=\"7127\" data-end=\"7221\">\n<p data-start=\"7129\" data-end=\"7221\">\ud83c\udf38 <strong data-start=\"7132\" data-end=\"7140\"><span dir=\"auto\" style=\"vertical-align: inherit;\"><span dir=\"auto\" style=\"vertical-align: inherit;\">Consejo:<\/span><\/span><\/strong><span dir=\"auto\" style=\"vertical-align: inherit;\"><span dir=\"auto\" style=\"vertical-align: inherit;\"> Combina el Mandala Rosa con iluminaci\u00f3n tenue o velas arom\u00e1ticas para una mayor tranquilidad.<\/span><\/span><\/p>\n<\/blockquote>\n<hr data-start=\"7223\" data-end=\"7226\" \/>\n<h3 data-start=\"7228\" data-end=\"7263\"><strong data-start=\"7232\" data-end=\"7263\"><span dir=\"auto\" style=\"vertical-align: inherit;\"><span dir=\"auto\" style=\"vertical-align: inherit;\">Preguntas frecuentes (FAQ)<\/span><\/span><\/strong><\/h3>\n<p data-start=\"7265\" data-end=\"7409\"><strong data-start=\"7265\" data-end=\"7305\"><span dir=\"auto\" style=\"vertical-align: inherit;\"><span dir=\"auto\" style=\"vertical-align: inherit;\">1. \u00bfQu\u00e9 simboliza el Mandala Rosa?<\/span><\/span><\/strong><br data-start=\"7305\" data-end=\"7308\" \/><span dir=\"auto\" style=\"vertical-align: inherit;\"><span dir=\"auto\" style=\"vertical-align: inherit;\"> El Mandala Rosa representa <\/span><\/span><strong data-start=\"7335\" data-end=\"7366\"><span dir=\"auto\" style=\"vertical-align: inherit;\"><span dir=\"auto\" style=\"vertical-align: inherit;\">amor, compasi\u00f3n y equilibrio<\/span><\/span><\/strong><span dir=\"auto\" style=\"vertical-align: inherit;\"><span dir=\"auto\" style=\"vertical-align: inherit;\"> y est\u00e1 conectado al <\/span><\/span><strong data-start=\"7392\" data-end=\"7406\"><span dir=\"auto\" style=\"vertical-align: inherit;\"><span dir=\"auto\" style=\"vertical-align: inherit;\">chakra del coraz\u00f3n<\/span><\/span><\/strong><span dir=\"auto\" style=\"vertical-align: inherit;\"><span dir=\"auto\" style=\"vertical-align: inherit;\"> .<\/span><\/span><\/p>\n<p data-start=\"7411\" data-end=\"7573\"><strong data-start=\"7411\" data-end=\"7457\"><span dir=\"auto\" style=\"vertical-align: inherit;\"><span dir=\"auto\" style=\"vertical-align: inherit;\">2. \u00bfD\u00f3nde puedo colgar mi Mandala Rosa?<\/span><\/span><\/strong><br data-start=\"7457\" data-end=\"7460\" \/><span dir=\"auto\" style=\"vertical-align: inherit;\"><span dir=\"auto\" style=\"vertical-align: inherit;\"> En <\/span><\/span><strong data-start=\"7463\" data-end=\"7523\"><span dir=\"auto\" style=\"vertical-align: inherit;\"><span dir=\"auto\" style=\"vertical-align: inherit;\">salas de estar, estudios de yoga, rincones de meditaci\u00f3n o dormitorios<\/span><\/span><\/strong><span dir=\"auto\" style=\"vertical-align: inherit;\"><span dir=\"auto\" style=\"vertical-align: inherit;\"> \u2014en cualquier lugar donde desees crear paz y armon\u00eda.<\/span><\/span><\/p>\n<p data-start=\"7575\" data-end=\"7697\"><strong data-start=\"7575\" data-end=\"7612\"><span dir=\"auto\" style=\"vertical-align: inherit;\"><span dir=\"auto\" style=\"vertical-align: inherit;\">3. \u00bfC\u00f3mo cuido mi mandala?<\/span><\/span><\/strong><br data-start=\"7612\" data-end=\"7615\" \/><span dir=\"auto\" style=\"vertical-align: inherit;\"><span dir=\"auto\" style=\"vertical-align: inherit;\"> Evite la luz solar directa y la humedad. Limpie suavemente con un pa\u00f1o suave y seco.<\/span><\/span><\/p>\n<hr data-start=\"7699\" data-end=\"7702\" \/>\n<h3 data-start=\"7704\" data-end=\"7736\"><strong data-start=\"7708\" data-end=\"7736\"><span dir=\"auto\" style=\"vertical-align: inherit;\"><span dir=\"auto\" style=\"vertical-align: inherit;\">Especificaciones t\u00e9cnicas<\/span><\/span><\/strong><\/h3>\n<div class=\"_tableContainer_1rjym_1\">\n<div class=\"group _tableWrapper_1rjym_13 flex w-fit flex-col-reverse\" tabindex=\"-1\">\n<table class=\"w-fit min-w-(--thread-content-width)\" data-start=\"7738\" data-end=\"8191\">\n<thead data-start=\"7738\" data-end=\"7772\">\n<tr data-start=\"7738\" data-end=\"7772\">\n<th data-start=\"7738\" data-end=\"7757\" data-col-size=\"sm\"><strong data-start=\"7740\" data-end=\"7756\"><span dir=\"auto\" style=\"vertical-align: inherit;\"><span dir=\"auto\" style=\"vertical-align: inherit;\">Especificaci\u00f3n<\/span><\/span><\/strong><\/th>\n<th data-start=\"7757\" data-end=\"7772\" data-col-size=\"md\"><strong data-start=\"7759\" data-end=\"7770\"><span dir=\"auto\" style=\"vertical-align: inherit;\"><span dir=\"auto\" style=\"vertical-align: inherit;\">Detalles<\/span><\/span><\/strong><\/th>\n<\/tr>\n<\/thead>\n<tbody data-start=\"7809\" data-end=\"8191\">\n<tr data-start=\"7809\" data-end=\"7843\">\n<td data-start=\"7809\" data-end=\"7827\" data-col-size=\"sm\"><strong data-start=\"7811\" data-end=\"7826\"><span dir=\"auto\" style=\"vertical-align: inherit;\"><span dir=\"auto\" style=\"vertical-align: inherit;\">Nombre del producto<\/span><\/span><\/strong><\/td>\n<td data-start=\"7827\" data-end=\"7843\" data-col-size=\"md\"><span dir=\"auto\" style=\"vertical-align: inherit;\"><span dir=\"auto\" style=\"vertical-align: inherit;\">Mandala rosa<\/span><\/span><\/td>\n<\/tr>\n<tr data-start=\"7844\" data-end=\"7873\">\n<td data-start=\"7844\" data-end=\"7865\" data-col-size=\"sm\"><strong data-start=\"7846\" data-end=\"7864\"><span dir=\"auto\" style=\"vertical-align: inherit;\"><span dir=\"auto\" style=\"vertical-align: inherit;\">Color primario<\/span><\/span><\/strong><\/td>\n<td data-start=\"7865\" data-end=\"7873\" data-col-size=\"md\"><span dir=\"auto\" style=\"vertical-align: inherit;\"><span dir=\"auto\" style=\"vertical-align: inherit;\">Rosa<\/span><\/span><\/td>\n<\/tr>\n<tr data-start=\"7874\" data-end=\"7919\">\n<td data-start=\"7874\" data-end=\"7890\" data-col-size=\"sm\"><strong data-start=\"7876\" data-end=\"7889\"><span dir=\"auto\" style=\"vertical-align: inherit;\"><span dir=\"auto\" style=\"vertical-align: inherit;\">Simbolismo<\/span><\/span><\/strong><\/td>\n<td data-start=\"7890\" data-end=\"7919\" data-col-size=\"md\"><span dir=\"auto\" style=\"vertical-align: inherit;\"><span dir=\"auto\" style=\"vertical-align: inherit;\">Amor, compasi\u00f3n, equilibrio<\/span><\/span><\/td>\n<\/tr>\n<tr data-start=\"7920\" data-end=\"7969\">\n<td data-start=\"7920\" data-end=\"7936\" data-col-size=\"sm\"><strong data-start=\"7922\" data-end=\"7935\"><span dir=\"auto\" style=\"vertical-align: inherit;\"><span dir=\"auto\" style=\"vertical-align: inherit;\">Material<\/span><\/span><\/strong><\/td>\n<td data-start=\"7936\" data-end=\"7969\" data-col-size=\"md\"><span dir=\"auto\" style=\"vertical-align: inherit;\"><span dir=\"auto\" style=\"vertical-align: inherit;\">Lienzo \/ Madera \/ Tela sostenible<\/span><\/span><\/td>\n<\/tr>\n<tr data-start=\"7970\" data-end=\"8012\">\n<td data-start=\"7970\" data-end=\"7986\" data-col-size=\"sm\"><strong data-start=\"7972\" data-end=\"7985\"><span dir=\"auto\" style=\"vertical-align: inherit;\"><span dir=\"auto\" style=\"vertical-align: inherit;\">Refinamiento<\/span><\/span><\/strong><\/td>\n<td data-start=\"7986\" data-end=\"8012\" data-col-size=\"md\"><span dir=\"auto\" style=\"vertical-align: inherit;\"><span dir=\"auto\" style=\"vertical-align: inherit;\">Hecho a mano o impreso<\/span><\/span><\/td>\n<\/tr>\n<tr data-start=\"8013\" data-end=\"8064\">\n<td data-start=\"8013\" data-end=\"8024\" data-col-size=\"sm\"><strong data-start=\"8015\" data-end=\"8023\"><span dir=\"auto\" style=\"vertical-align: inherit;\"><span dir=\"auto\" style=\"vertical-align: inherit;\">Forma<\/span><\/span><\/strong><\/td>\n<td data-start=\"8024\" data-end=\"8064\" data-col-size=\"md\"><span dir=\"auto\" style=\"vertical-align: inherit;\"><span dir=\"auto\" style=\"vertical-align: inherit;\">Dise\u00f1o circular con patr\u00f3n geom\u00e9trico<\/span><\/span><\/td>\n<\/tr>\n<tr data-start=\"8065\" data-end=\"8125\">\n<td data-start=\"8065\" data-end=\"8079\" data-col-size=\"sm\"><strong data-start=\"8067\" data-end=\"8078\"><span dir=\"auto\" style=\"vertical-align: inherit;\"><span dir=\"auto\" style=\"vertical-align: inherit;\">Uso<\/span><\/span><\/strong><\/td>\n<td data-start=\"8079\" data-end=\"8125\" data-col-size=\"md\"><span dir=\"auto\" style=\"vertical-align: inherit;\"><span dir=\"auto\" style=\"vertical-align: inherit;\">Decoraci\u00f3n \/ Meditaci\u00f3n \/ Yoga \/ Atenci\u00f3n plena<\/span><\/span><\/td>\n<\/tr>\n<tr data-start=\"8126\" data-end=\"8191\">\n<td data-start=\"8126\" data-end=\"8142\" data-col-size=\"sm\"><strong data-start=\"8128\" data-end=\"8141\"><span dir=\"auto\" style=\"vertical-align: inherit;\"><span dir=\"auto\" style=\"vertical-align: inherit;\">Mantenimiento<\/span><\/span><\/strong><\/td>\n<td data-start=\"8142\" data-end=\"8191\" data-col-size=\"md\"><span dir=\"auto\" style=\"vertical-align: inherit;\"><span dir=\"auto\" style=\"vertical-align: inherit;\">Limpiar con un pa\u00f1o suave, mantener alejado de la luz solar<\/span><\/span><\/td>\n<\/tr>\n<\/tbody>\n<\/table>\n<\/div>\n<\/div>\n<hr data-start=\"8193\" data-end=\"8196\" \/>\n<h3 data-start=\"8198\" data-end=\"8215\"><strong data-start=\"8202\" data-end=\"8215\"><span dir=\"auto\" style=\"vertical-align: inherit;\"><span dir=\"auto\" style=\"vertical-align: inherit;\">Conclusi\u00f3n<\/span><\/span><\/strong><\/h3>\n<p data-start=\"8217\" data-end=\"8432\"><span dir=\"auto\" style=\"vertical-align: inherit;\"><span dir=\"auto\" style=\"vertical-align: inherit;\">El <\/span><\/span><strong data-start=\"8220\" data-end=\"8236\"><span dir=\"auto\" style=\"vertical-align: inherit;\"><span dir=\"auto\" style=\"vertical-align: inherit;\">Mandala rosa<\/span><\/span><\/strong><span dir=\"auto\" style=\"vertical-align: inherit;\"><span dir=\"auto\" style=\"vertical-align: inherit;\"> es m\u00e1s que una obra de arte; es una <\/span><\/span><strong data-start=\"8276\" data-end=\"8325\"><span dir=\"auto\" style=\"vertical-align: inherit;\"><span dir=\"auto\" style=\"vertical-align: inherit;\">S\u00edmbolo de amor, tranquilidad y equilibrio espiritual<\/span><\/span><\/strong><span dir=\"auto\" style=\"vertical-align: inherit;\"><span dir=\"auto\" style=\"vertical-align: inherit;\"> . <\/span><\/span><br data-start=\"8326\" data-end=\"8329\" \/><span dir=\"auto\" style=\"vertical-align: inherit;\"><span dir=\"auto\" style=\"vertical-align: inherit;\">Sus colores suaves y formas armoniosas aportan <\/span><\/span><strong data-start=\"8379\" data-end=\"8414\"><span dir=\"auto\" style=\"vertical-align: inherit;\"><span dir=\"auto\" style=\"vertical-align: inherit;\">energ\u00eda positiva y serenidad<\/span><\/span><\/strong><span dir=\"auto\" style=\"vertical-align: inherit;\"><span dir=\"auto\" style=\"vertical-align: inherit;\"> a cualquier habitaci\u00f3n.<\/span><\/span><\/p>","protected":false},"excerpt":{"rendered":"<h2><strong><span style=\"vertical-align: inherit;\"><span style=\"vertical-align: inherit;\"><span dir=\"auto\" style=\"vertical-align: inherit;\"><span dir=\"auto\" style=\"vertical-align: inherit;\"><span dir=\"auto\" style=\"vertical-align: inherit;\"><span dir=\"auto\" style=\"vertical-align: inherit;\">Mandala Rosa 5-MeO-MiPT y 5-MeO-DiPT <\/span><\/span><\/span><\/span><\/span><\/span><\/strong><br \/>\n<em><span style=\"vertical-align: inherit;\"><span style=\"vertical-align: inherit;\"><span dir=\"auto\" style=\"vertical-align: inherit;\"><span dir=\"auto\" style=\"vertical-align: inherit;\"><span dir=\"auto\" style=\"vertical-align: inherit;\"><span dir=\"auto\" style=\"vertical-align: inherit;\">\u00a1Muy adecuado durante el erotismo!<\/span><\/span><\/span><\/span><\/span><\/span><\/em><\/h2>\n<p><strong><span style=\"vertical-align: inherit;\"><span style=\"vertical-align: inherit;\"><span dir=\"auto\" style=\"vertical-align: inherit;\"><span dir=\"auto\" style=\"vertical-align: inherit;\"><span dir=\"auto\" style=\"vertical-align: inherit;\"><span dir=\"auto\" style=\"vertical-align: inherit;\">La mezcla Mandala Rosa contiene suficiente investigaci\u00f3n para una sola persona. \u00a1Comienza siempre con un cuarto o medio tubo y busca la dosis ideal!<\/span><\/span><\/span><\/span><\/span><\/span><\/strong><\/p>\n<p><span style=\"vertical-align: inherit;\"><span style=\"vertical-align: inherit;\"><span dir=\"auto\" style=\"vertical-align: inherit;\"><span dir=\"auto\" style=\"vertical-align: inherit;\"><span dir=\"auto\" style=\"vertical-align: inherit;\"><span dir=\"auto\" style=\"vertical-align: inherit;\">\u00a1NO agregamos fragancias ni sabores a nuestras mezclas Mandala para evitar que terceros (ni\u00f1os, mascotas) las confundan con bienes de consumo!<\/span><\/span><\/span><\/span><\/span><\/span><\/p>","protected":false},"featured_media":28587,"comment_status":"closed","ping_status":"closed","template":"","meta":[],"product_brand":[],"product_cat":[487,436,396,486,398,381],"product_tag":[326,1102],"class_list":{"0":"post-23940","1":"product","2":"type-product","3":"status-publish","4":"has-post-thumbnail","6":"product_cat-5-meo-dipt","7":"product_cat-5-meo-mipt","8":"product_cat-liquid-rcs","9":"product_cat-mandala-mixes","10":"product_cat-verkoop","11":"product_cat-tryptamines","12":"product_tag-nl","13":"product_tag-pink-mandala","15":"first","16":"instock","17":"sale","18":"taxable","19":"shipping-taxable","20":"purchasable","21":"product-type-variable"},"_links":{"self":[{"href":"https:\/\/researchchemicalhub.com\/es\/wp-json\/wp\/v2\/product\/23940","targetHints":{"allow":["GET"]}}],"collection":[{"href":"https:\/\/researchchemicalhub.com\/es\/wp-json\/wp\/v2\/product"}],"about":[{"href":"https:\/\/researchchemicalhub.com\/es\/wp-json\/wp\/v2\/types\/product"}],"replies":[{"embeddable":true,"href":"https:\/\/researchchemicalhub.com\/es\/wp-json\/wp\/v2\/comments?post=23940"}],"version-history":[{"count":6,"href":"https:\/\/researchchemicalhub.com\/es\/wp-json\/wp\/v2\/product\/23940\/revisions"}],"predecessor-version":[{"id":28700,"href":"https:\/\/researchchemicalhub.com\/es\/wp-json\/wp\/v2\/product\/23940\/revisions\/28700"}],"wp:featuredmedia":[{"embeddable":true,"href":"https:\/\/researchchemicalhub.com\/es\/wp-json\/wp\/v2\/media\/28587"}],"wp:attachment":[{"href":"https:\/\/researchchemicalhub.com\/es\/wp-json\/wp\/v2\/media?parent=23940"}],"wp:term":[{"taxonomy":"product_brand","embeddable":true,"href":"https:\/\/researchchemicalhub.com\/es\/wp-json\/wp\/v2\/product_brand?post=23940"},{"taxonomy":"product_cat","embeddable":true,"href":"https:\/\/researchchemicalhub.com\/es\/wp-json\/wp\/v2\/product_cat?post=23940"},{"taxonomy":"product_tag","embeddable":true,"href":"https:\/\/researchchemicalhub.com\/es\/wp-json\/wp\/v2\/product_tag?post=23940"}],"curies":[{"name":"gracias","href":"https:\/\/api.w.org\/{rel}","templated":true}]}}