{"id":23926,"date":"2025-04-13T17:40:43","date_gmt":"2025-04-13T17:40:43","guid":{"rendered":"https:\/\/researchchemicalhub.com\/?post_type=product&#038;p=23926"},"modified":"2025-10-30T07:50:51","modified_gmt":"2025-10-30T07:50:51","slug":"adb-b-adb-butinaca","status":"publish","type":"product","link":"https:\/\/researchchemicalhub.com\/es\/comercio\/prohibido\/adb-b-adb-butinaca\/","title":{"rendered":"BAD-B \/ BAD-BUTINACA"},"content":{"rendered":"<h3 data-start=\"6150\" data-end=\"6169\"><strong data-start=\"6154\" data-end=\"6169\">Introducci\u00f3n<\/strong><\/h3>\n<p data-start=\"6171\" data-end=\"6493\"><strong data-start=\"6171\" data-end=\"6180\">Banco Asi\u00e1tico de Desarrollo (BAD-B)<\/strong>, tambi\u00e9n conocido como <strong data-start=\"6197\" data-end=\"6213\">BAD-BUTINACA<\/strong>, es un <strong data-start=\"6222\" data-end=\"6277\">cannabinoide sint\u00e9tico de grado anal\u00edtico<\/strong>, desarrollado para <strong data-start=\"6295\" data-end=\"6343\">investigaci\u00f3n forense, anal\u00edtica y qu\u00edmica<\/strong>. adb butinaca<br data-start=\"6344\" data-end=\"6347\" \/>La conexi\u00f3n pertenece a la <strong data-start=\"6376\" data-end=\"6410\">familia de indazol-3-carboxamida<\/strong> y est\u00e1 estructuralmente relacionada con sustancias como <strong data-start=\"6455\" data-end=\"6469\">BAD-BINACA<\/strong> y <strong data-start=\"6473\" data-end=\"6490\">MDMB-BUTINACA<\/strong>.<\/p>\n<p data-start=\"6495\" data-end=\"6852\">Esta sustancia de investigaci\u00f3n se utiliza ampliamente en <strong data-start=\"6538\" data-end=\"6592\">estudios de uni\u00f3n a receptores, an\u00e1lisis toxicol\u00f3gicos<\/strong> y <strong data-start=\"6596\" data-end=\"6625\">identificaci\u00f3n forense<\/strong>.<br data-start=\"6626\" data-end=\"6629\" \/>Producido de acuerdo a <strong data-start=\"6650\" data-end=\"6691\">Normas BPL (Buenas Pr\u00e1cticas de Laboratorio)<\/strong>, ADB-BUTINACA garantiza una <strong data-start=\"6721\" data-end=\"6744\">pureza de \u226599%<\/strong>, <strong data-start=\"6746\" data-end=\"6771\">estabilidad qu\u00edmica<\/strong> y <strong data-start=\"6775\" data-end=\"6797\">consistencia del lote<\/strong> \u2013 ideal para entornos de laboratorio controlados.<\/p>\n<blockquote data-start=\"6854\" data-end=\"6998\">\n<p data-start=\"6856\" data-end=\"6998\">\u26a0\ufe0f <strong data-start=\"6859\" data-end=\"6870\">N\u00d3TESE BIEN:<\/strong> Este producto es <strong data-start=\"6886\" data-end=\"6936\">destinado \u00fanicamente a investigaci\u00f3n de laboratorio<\/strong> y <strong data-start=\"6940\" data-end=\"6997\">No apto para consumo humano ni animal<\/strong>.<\/p>\n<\/blockquote>\n<hr data-start=\"7000\" data-end=\"7003\" \/>\n<h3 data-start=\"7005\" data-end=\"7036\"><strong data-start=\"7009\" data-end=\"7036\">Caracter\u00edsticas principales<\/strong><\/h3>\n<ul data-start=\"7038\" data-end=\"7537\">\n<li data-start=\"7038\" data-end=\"7120\">\n<p data-start=\"7040\" data-end=\"7120\"><strong data-start=\"7040\" data-end=\"7072\">Alta pureza anal\u00edtica:<\/strong> \u226599% probado mediante t\u00e9cnicas cromatogr\u00e1ficas.<\/p>\n<\/li>\n<li data-start=\"7121\" data-end=\"7215\">\n<p data-start=\"7123\" data-end=\"7215\"><strong data-start=\"7123\" data-end=\"7153\">Cannabinoide sint\u00e9tico:<\/strong> Derivado de indazol-3-carboxamida para investigaci\u00f3n de receptores.<\/p>\n<\/li>\n<li data-start=\"7216\" data-end=\"7285\">\n<p data-start=\"7218\" data-end=\"7285\"><strong data-start=\"7218\" data-end=\"7239\">Qu\u00edmicamente estable:<\/strong> Resistente a la degradaci\u00f3n con un almacenamiento adecuado.<\/p>\n<\/li>\n<li data-start=\"7286\" data-end=\"7372\">\n<p data-start=\"7288\" data-end=\"7372\"><strong data-start=\"7288\" data-end=\"7306\">Producci\u00f3n de GLP:<\/strong> Producido bajo estrictas normas <strong data-start=\"7334\" data-end=\"7362\">Buenas pr\u00e1cticas de laboratorio<\/strong>-normas.<\/p>\n<\/li>\n<li data-start=\"7373\" data-end=\"7459\">\n<p data-start=\"7375\" data-end=\"7459\"><strong data-start=\"7375\" data-end=\"7392\">Lote probado:<\/strong> Cada lote se verifica en cuanto a identidad, estructura y pureza. adb butinaca<\/p>\n<\/li>\n<li data-start=\"7460\" data-end=\"7537\">\n<p data-start=\"7462\" data-end=\"7537\"><strong data-start=\"7462\" data-end=\"7485\">Embalaje seguro:<\/strong> Herm\u00e9tico y sellado para mantener la calidad.<\/p>\n<\/li>\n<\/ul>\n<hr data-start=\"7539\" data-end=\"7542\" \/>\n<h3 data-start=\"7544\" data-end=\"7561\"><strong data-start=\"7548\" data-end=\"7561\">Ventajas<\/strong><\/h3>\n<ol data-start=\"7563\" data-end=\"7988\">\n<li data-start=\"7563\" data-end=\"7650\">\n<p data-start=\"7566\" data-end=\"7650\"><strong data-start=\"7566\" data-end=\"7603\">Resultados de investigaci\u00f3n fiables:<\/strong> La alta pureza garantiza datos consistentes.<\/p>\n<\/li>\n<li data-start=\"7651\" data-end=\"7739\">\n<p data-start=\"7654\" data-end=\"7739\"><strong data-start=\"7654\" data-end=\"7681\">Estabilidad a largo plazo:<\/strong> Resistente a la luz, la humedad y las fluctuaciones de temperatura.<\/p>\n<\/li>\n<li data-start=\"7740\" data-end=\"7808\">\n<p data-start=\"7743\" data-end=\"7808\"><strong data-start=\"7743\" data-end=\"7767\">Formulaci\u00f3n de precisi\u00f3n:<\/strong> F\u00e1cil de manipular y dosificar.<\/p>\n<\/li>\n<li data-start=\"7809\" data-end=\"7897\">\n<p data-start=\"7812\" data-end=\"7897\"><strong data-start=\"7812\" data-end=\"7840\">Calidad profesional:<\/strong> Adecuado para aplicaciones forenses y anal\u00edticas.<\/p>\n<\/li>\n<li data-start=\"7898\" data-end=\"7988\">\n<p data-start=\"7901\" data-end=\"7988\"><strong data-start=\"7901\" data-end=\"7935\">Ideal para la investigaci\u00f3n de receptores:<\/strong> Perfecto para <strong data-start=\"7949\" data-end=\"7985\">estudios estructurales y de uni\u00f3n<\/strong>.<\/p>\n<\/li>\n<\/ol>\n<hr data-start=\"7990\" data-end=\"7993\" \/>\n<h3 data-start=\"7995\" data-end=\"8034\"><strong data-start=\"7999\" data-end=\"8034\">Uso (solo para investigaci\u00f3n)<\/strong><\/h3>\n<ol data-start=\"8036\" data-end=\"8458\">\n<li data-start=\"8036\" data-end=\"8128\">\n<p data-start=\"8039\" data-end=\"8128\"><strong data-start=\"8039\" data-end=\"8070\">Use ropa protectora:<\/strong> Se requieren guantes, gafas de seguridad y bata de laboratorio.<\/p>\n<\/li>\n<li data-start=\"8129\" data-end=\"8207\">\n<p data-start=\"8132\" data-end=\"8207\"><strong data-start=\"8132\" data-end=\"8156\">Uso en campana extractora de humos:<\/strong> Evite el contacto directo o la inhalaci\u00f3n de la sustancia.<\/p>\n<\/li>\n<li data-start=\"8208\" data-end=\"8294\">\n<p data-start=\"8211\" data-end=\"8294\"><strong data-start=\"8211\" data-end=\"8231\">Medir con precisi\u00f3n:<\/strong> Utilice instrumentos calibrados para obtener resultados precisos.<\/p>\n<\/li>\n<li data-start=\"8295\" data-end=\"8365\">\n<p data-start=\"8298\" data-end=\"8365\"><strong data-start=\"8298\" data-end=\"8323\">Nota detalles del lote:<\/strong> Registre la pureza y el peso de la muestra.<\/p>\n<\/li>\n<li data-start=\"8366\" data-end=\"8458\">\n<p data-start=\"8369\" data-end=\"8458\"><strong data-start=\"8369\" data-end=\"8403\">Deseche los residuos de forma segura:<\/strong> Siga las pautas de seguridad del laboratorio.<\/p>\n<\/li>\n<\/ol>\n<blockquote data-start=\"8460\" data-end=\"8545\">\n<p data-start=\"8462\" data-end=\"8545\">\u2697\ufe0f <strong data-start=\"8465\" data-end=\"8545\">S\u00f3lo para pruebas de laboratorio, no para consumo humano.<\/strong><\/p>\n<\/blockquote>\n<hr data-start=\"8547\" data-end=\"8550\" \/>\n<h3 data-start=\"8552\" data-end=\"8577\"><strong data-start=\"8556\" data-end=\"8577\">Instrucciones de almacenamiento<\/strong><\/h3>\n<ul data-start=\"8579\" data-end=\"8773\">\n<li data-start=\"8579\" data-end=\"8647\">\n<p data-start=\"8581\" data-end=\"8647\">Ahorra en <strong data-start=\"8592\" data-end=\"8601\">2\u20138 \u00b0C<\/strong>, en un <strong data-start=\"8610\" data-end=\"8644\">lugar fresco, seco y oscuro<\/strong>.<\/p>\n<\/li>\n<li data-start=\"8648\" data-end=\"8684\">\n<p data-start=\"8650\" data-end=\"8684\">Mantener el recipiente perfectamente cerrado.<\/p>\n<\/li>\n<li data-start=\"8685\" data-end=\"8730\">\n<p data-start=\"8687\" data-end=\"8730\">Proteger contra <strong data-start=\"8702\" data-end=\"8727\">luz, humedad y calor<\/strong>.<\/p>\n<\/li>\n<li data-start=\"8731\" data-end=\"8773\">\n<p data-start=\"8733\" data-end=\"8773\">Mantener fuera del alcance de personas no autorizadas.<\/p>\n<\/li>\n<\/ul>\n<hr data-start=\"8775\" data-end=\"8778\" \/>\n<h3 data-start=\"8780\" data-end=\"8815\"><strong data-start=\"8784\" data-end=\"8815\">Preguntas frecuentes (FAQ)<\/strong><\/h3>\n<p data-start=\"8817\" data-end=\"9007\"><strong data-start=\"8817\" data-end=\"8869\">1. \u00bfPara qu\u00e9 se utiliza el ADB-B (ADB-BUTINACA)?<\/strong><br data-start=\"8869\" data-end=\"8872\" \/>ADB-BUTINACA se utiliza para <strong data-start=\"8905\" data-end=\"8943\">investigaci\u00f3n forense y anal\u00edtica<\/strong>, especialmente en <strong data-start=\"8957\" data-end=\"9004\">estudios toxicol\u00f3gicos y de uni\u00f3n a receptores<\/strong>.<\/p>\n<p data-start=\"9009\" data-end=\"9210\"><strong data-start=\"9009\" data-end=\"9068\">2. \u00bfADB-BUTINACA es apto para el consumo humano?<\/strong><br data-start=\"9068\" data-end=\"9071\" \/>No. <strong data-start=\"9076\" data-end=\"9092\">BAD-BUTINACA<\/strong> es <strong data-start=\"9096\" data-end=\"9146\">destinado \u00fanicamente a investigaci\u00f3n de laboratorio<\/strong> y <strong data-start=\"9150\" data-end=\"9207\">No apto para consumo humano ni animal<\/strong>.<\/p>\n<p data-start=\"9212\" data-end=\"9333\"><strong data-start=\"9212\" data-end=\"9256\">3. \u00bfCu\u00e1l es la mejor manera de conservar ADB-BUTINACA?<\/strong><br data-start=\"9256\" data-end=\"9259\" \/>Ahorra en <strong data-start=\"9270\" data-end=\"9279\">2\u20138 \u00b0C<\/strong>, en un <strong data-start=\"9288\" data-end=\"9330\">ambiente seco, oscuro y herm\u00e9tico<\/strong>.<\/p>\n<hr data-start=\"9335\" data-end=\"9338\" \/>\n<h3 data-start=\"9340\" data-end=\"9357\"><strong data-start=\"9344\" data-end=\"9357\">Conclusi\u00f3n<\/strong><\/h3>\n<p data-start=\"9359\" data-end=\"9628\"><strong data-start=\"9359\" data-end=\"9383\">BAD-B (BAD-BUTINACA)<\/strong> ofertas <strong data-start=\"9390\" data-end=\"9452\">Excelente pureza, estabilidad y reproducibilidad<\/strong>, ideal para <strong data-start=\"9466\" data-end=\"9504\">investigaci\u00f3n forense y anal\u00edtica<\/strong>.<br data-start=\"9505\" data-end=\"9508\" \/>Una opci\u00f3n confiable para laboratorios enfocados en <strong data-start=\"9567\" data-end=\"9625\">An\u00e1lisis de cannabinoides sint\u00e9ticos e investigaci\u00f3n de receptores<\/strong>.<\/p>\n<h1><a style=\"font-size: 16px;\" href=\"https:\/\/researchchemicalhub.com\/es\/comercio\/iboga-ibogaina\/corteza-de-raiz-de-iboga\/\"><span dir=\"auto\" style=\"vertical-align: inherit;\"><span dir=\"auto\" style=\"vertical-align: inherit;\">corteza de ra\u00edz de iboga<\/span><\/span><\/a><a style=\"font-size: 16px;\" href=\"https:\/\/researchchemicalhub.com\/es\/comercio\/iboga-ibogaina\/comprar-ibogaina-hcl-en-linea\/\"><span dir=\"auto\" style=\"vertical-align: inherit;\"><span dir=\"auto\" style=\"vertical-align: inherit;\">Comprar iboga\u00edna hcl en l\u00ednea<\/span><\/span><\/a><a style=\"font-size: 16px;\" href=\"https:\/\/researchchemicalhub.com\/es\/comercio\/lisergamidas\/1-cp-de-lsd-150-mcg\/\"><span dir=\"auto\" style=\"vertical-align: inherit;\"><span dir=\"auto\" style=\"vertical-align: inherit;\">1 cp de LSD <\/span><\/span><\/a><a style=\"font-size: 16px;\" href=\"https:\/\/researchchemicalhub.com\/es\/comercio\/pellets\/granulos-de-o-dsmt-50-mg\/\"><span dir=\"auto\" style=\"vertical-align: inherit;\"><span dir=\"auto\" style=\"vertical-align: inherit;\">o-dsmt <\/span><\/span><\/a><a style=\"font-size: 16px;\" href=\"https:\/\/researchchemicalhub.com\/es\/comercio\/lisergamidas\/1vlsd\/\"><span dir=\"auto\" style=\"vertical-align: inherit;\"><span dir=\"auto\" style=\"vertical-align: inherit;\">1vlsd<\/span><\/span><\/a><\/h1>","protected":false},"excerpt":{"rendered":"<h3><span dir=\"auto\" style=\"vertical-align: inherit;\"><span dir=\"auto\" style=\"vertical-align: inherit;\">Propiedades del ADB-B \/ ADB-BUTINACA<\/span><\/span><\/h3>\n<p><strong><span dir=\"auto\" style=\"vertical-align: inherit;\"><span dir=\"auto\" style=\"vertical-align: inherit;\">Sin\u00f3nimo:<\/span><\/span><\/strong><span dir=\"auto\" style=\"vertical-align: inherit;\"><span dir=\"auto\" style=\"vertical-align: inherit;\"> BAD-B \/ BAD-BUTINACA <\/span><\/span><br \/>\n<strong><span dir=\"auto\" style=\"vertical-align: inherit;\"><span dir=\"auto\" style=\"vertical-align: inherit;\">N\u00famero CAS:<\/span><\/span><\/strong><span dir=\"auto\" style=\"vertical-align: inherit;\"><span dir=\"auto\" style=\"vertical-align: inherit;\"> 2682867-55-4 <\/span><\/span><br \/>\n<strong><span dir=\"auto\" style=\"vertical-align: inherit;\"><span dir=\"auto\" style=\"vertical-align: inherit;\">F\u00f3rmula:<\/span><\/span><\/strong><span dir=\"auto\" style=\"vertical-align: inherit;\"><span dir=\"auto\" style=\"vertical-align: inherit;\"> do <\/span><\/span><sub><small><span dir=\"auto\" style=\"vertical-align: inherit;\"><span dir=\"auto\" style=\"vertical-align: inherit;\">18<\/span><\/span><\/small><\/sub><span dir=\"auto\" style=\"vertical-align: inherit;\"><span dir=\"auto\" style=\"vertical-align: inherit;\"> H <\/span><\/span><sub><small><span dir=\"auto\" style=\"vertical-align: inherit;\"><span dir=\"auto\" style=\"vertical-align: inherit;\">26<\/span><\/span><\/small><\/sub><span dir=\"auto\" style=\"vertical-align: inherit;\"><span dir=\"auto\" style=\"vertical-align: inherit;\"> norte <\/span><\/span><sub><small><span dir=\"auto\" style=\"vertical-align: inherit;\"><span dir=\"auto\" style=\"vertical-align: inherit;\">4<\/span><\/span><\/small><\/sub><span dir=\"auto\" style=\"vertical-align: inherit;\"><span dir=\"auto\" style=\"vertical-align: inherit;\"> Oh <\/span><\/span><sub><small><span dir=\"auto\" style=\"vertical-align: inherit;\"><span dir=\"auto\" style=\"vertical-align: inherit;\">2<\/span><\/span><\/small><\/sub><br \/>\n<strong><span dir=\"auto\" style=\"vertical-align: inherit;\"><span dir=\"auto\" style=\"vertical-align: inherit;\"> Masa molar:<\/span><\/span><\/strong><span dir=\"auto\" style=\"vertical-align: inherit;\"><span dir=\"auto\" style=\"vertical-align: inherit;\"> 330.4 <\/span><\/span><br \/>\n<strong><span dir=\"auto\" style=\"vertical-align: inherit;\"><span dir=\"auto\" style=\"vertical-align: inherit;\">Pureza:<\/span><\/span><\/strong><span dir=\"auto\" style=\"vertical-align: inherit;\"><span dir=\"auto\" style=\"vertical-align: inherit;\"> &gt;98%<\/span><\/span><\/p>","protected":false},"featured_media":28473,"comment_status":"closed","ping_status":"closed","template":"","meta":[],"product_brand":[82],"product_cat":[488],"product_tag":[893,894,895,896],"class_list":{"0":"post-23926","1":"product","2":"type-product","3":"status-publish","4":"has-post-thumbnail","6":"product_brand-research-chemical","7":"product_cat-verboden","8":"product_tag-adb-butinaca","9":"product_tag-adb-butinaca-buy","10":"product_tag-adb-butinaca-psychonaut","11":"product_tag-adb-butinaca-wiki","13":"first","14":"instock","15":"taxable","16":"shipping-taxable","17":"purchasable","18":"product-type-variable"},"_links":{"self":[{"href":"https:\/\/researchchemicalhub.com\/es\/wp-json\/wp\/v2\/product\/23926","targetHints":{"allow":["GET"]}}],"collection":[{"href":"https:\/\/researchchemicalhub.com\/es\/wp-json\/wp\/v2\/product"}],"about":[{"href":"https:\/\/researchchemicalhub.com\/es\/wp-json\/wp\/v2\/types\/product"}],"replies":[{"embeddable":true,"href":"https:\/\/researchchemicalhub.com\/es\/wp-json\/wp\/v2\/comments?post=23926"}],"version-history":[{"count":6,"href":"https:\/\/researchchemicalhub.com\/es\/wp-json\/wp\/v2\/product\/23926\/revisions"}],"predecessor-version":[{"id":27919,"href":"https:\/\/researchchemicalhub.com\/es\/wp-json\/wp\/v2\/product\/23926\/revisions\/27919"}],"wp:featuredmedia":[{"embeddable":true,"href":"https:\/\/researchchemicalhub.com\/es\/wp-json\/wp\/v2\/media\/28473"}],"wp:attachment":[{"href":"https:\/\/researchchemicalhub.com\/es\/wp-json\/wp\/v2\/media?parent=23926"}],"wp:term":[{"taxonomy":"product_brand","embeddable":true,"href":"https:\/\/researchchemicalhub.com\/es\/wp-json\/wp\/v2\/product_brand?post=23926"},{"taxonomy":"product_cat","embeddable":true,"href":"https:\/\/researchchemicalhub.com\/es\/wp-json\/wp\/v2\/product_cat?post=23926"},{"taxonomy":"product_tag","embeddable":true,"href":"https:\/\/researchchemicalhub.com\/es\/wp-json\/wp\/v2\/product_tag?post=23926"}],"curies":[{"name":"gracias","href":"https:\/\/api.w.org\/{rel}","templated":true}]}}