{"id":23834,"date":"2025-04-13T17:40:30","date_gmt":"2025-04-13T17:40:30","guid":{"rendered":"https:\/\/researchchemicalhub.com\/?post_type=product&#038;p=23834"},"modified":"2025-10-30T08:12:59","modified_gmt":"2025-10-30T08:12:59","slug":"comprar-jwh-210","status":"publish","type":"product","link":"https:\/\/researchchemicalhub.com\/es\/comercio\/casi-prohibido\/comprar-jwh-210\/","title":{"rendered":"JWH-210 (John William Huffman \u2013 210)"},"content":{"rendered":"<p data-start=\"5035\" data-end=\"5263\"><strong data-start=\"5035\" data-end=\"5073\">JWH-210 (John William Huffman-210)<\/strong> es un <strong data-start=\"5081\" data-end=\"5118\">agonista cannabinoide sint\u00e9tico<\/strong> desde <strong data-start=\"5126\" data-end=\"5151\">familia de los naftoilindoles<\/strong>Se desarroll\u00f3 originalmente durante la investigaci\u00f3n acad\u00e9mica sobre el funcionamiento de los receptores cannabinoides. Comprar JWH-210.<\/p>\n<p data-start=\"5265\" data-end=\"5586\">Hoy en d\u00eda, JWH-210 sirve como <strong data-start=\"5296\" data-end=\"5326\">sustancia de referencia y analito<\/strong> en laboratorios que realizan investigaciones sobre <strong data-start=\"5366\" data-end=\"5396\">cannabinoides sint\u00e9ticos<\/strong>, <strong data-start=\"5398\" data-end=\"5419\">an\u00e1lisis de metabolitos<\/strong> y <strong data-start=\"5423\" data-end=\"5455\">identificaci\u00f3n toxicol\u00f3gica<\/strong>El producto es <strong data-start=\"5472\" data-end=\"5522\">destinado \u00fanicamente a investigaci\u00f3n de laboratorio<\/strong> y <strong data-start=\"5526\" data-end=\"5583\">No apto para consumo humano ni animal<\/strong>.<\/p>\n<hr data-start=\"5588\" data-end=\"5591\" \/>\n<h3 data-start=\"5593\" data-end=\"5624\"><strong data-start=\"5597\" data-end=\"5624\">Caracter\u00edsticas principales<\/strong><\/h3>\n<ul data-start=\"5626\" data-end=\"6080\">\n<li data-start=\"5626\" data-end=\"5709\">\n<p data-start=\"5628\" data-end=\"5709\"><strong data-start=\"5628\" data-end=\"5653\">Identidad qu\u00edmica:<\/strong> Cannabinoide sint\u00e9tico de la clase naftoilindoles.<\/p>\n<\/li>\n<li data-start=\"5710\" data-end=\"5790\">\n<p data-start=\"5712\" data-end=\"5790\"><strong data-start=\"5712\" data-end=\"5732\">Alta pureza:<\/strong> Dise\u00f1ado para m\u00e9todos de detecci\u00f3n y an\u00e1lisis precisos.<\/p>\n<\/li>\n<li data-start=\"5791\" data-end=\"5884\">\n<p data-start=\"5793\" data-end=\"5884\"><strong data-start=\"5793\" data-end=\"5832\">Material de referencia certificado:<\/strong> Se suministra con certificado de an\u00e1lisis y datos de lote.<\/p>\n<\/li>\n<li data-start=\"5885\" data-end=\"5981\">\n<p data-start=\"5887\" data-end=\"5981\"><strong data-start=\"5887\" data-end=\"5910\">Estructura estable:<\/strong> Adecuado para almacenamiento a largo plazo en condiciones controladas.<\/p>\n<\/li>\n<li data-start=\"5982\" data-end=\"6080\">\n<p data-start=\"5984\" data-end=\"6080\"><strong data-start=\"5984\" data-end=\"6018\">Compatible con t\u00e9cnicas de medici\u00f3n:<\/strong> Aplicable en <strong data-start=\"6033\" data-end=\"6042\">GC-MS<\/strong>, <strong data-start=\"6044\" data-end=\"6056\">LC-MS\/MS<\/strong> y <strong data-start=\"6060\" data-end=\"6068\">HPLC<\/strong> an\u00e1lisis.<\/p>\n<\/li>\n<\/ul>\n<hr data-start=\"6082\" data-end=\"6085\" \/>\n<h3 data-start=\"6087\" data-end=\"6104\"><strong data-start=\"6091\" data-end=\"6104\">Ventajas<\/strong><\/h3>\n<ul data-start=\"6106\" data-end=\"6616\">\n<li data-start=\"6106\" data-end=\"6223\">\n<p data-start=\"6108\" data-end=\"6223\"><strong data-start=\"6108\" data-end=\"6145\">Apoya la investigaci\u00f3n anal\u00edtica:<\/strong> Ayuda en la identificaci\u00f3n y cuantificaci\u00f3n de cannabinoides sint\u00e9ticos.<\/p>\n<\/li>\n<li data-start=\"6224\" data-end=\"6313\">\n<p data-start=\"6226\" data-end=\"6313\"><strong data-start=\"6226\" data-end=\"6254\">Aumenta la precisi\u00f3n:<\/strong> Garantiza una calibraci\u00f3n confiable de los instrumentos de an\u00e1lisis.<\/p>\n<\/li>\n<li data-start=\"6314\" data-end=\"6432\">\n<p data-start=\"6316\" data-end=\"6432\"><strong data-start=\"6316\" data-end=\"6357\">Esencial para la investigaci\u00f3n forense:<\/strong> Contribuye a la comprensi\u00f3n de las relaciones estructurales dentro de los cannabinoides.<\/p>\n<\/li>\n<li data-start=\"6433\" data-end=\"6529\">\n<p data-start=\"6435\" data-end=\"6529\"><strong data-start=\"6435\" data-end=\"6466\">Control de calidad estricto:<\/strong> Producido seg\u00fan las normas internacionales de laboratorio. Comprar JWH-210<\/p>\n<\/li>\n<li data-start=\"6530\" data-end=\"6616\">\n<p data-start=\"6532\" data-end=\"6616\"><strong data-start=\"6532\" data-end=\"6558\">Aplicaci\u00f3n educativa:<\/strong> Adecuado para estudios acad\u00e9micos y cient\u00edficos.<\/p>\n<\/li>\n<\/ul>\n<hr data-start=\"6618\" data-end=\"6621\" \/>\n<h3 data-start=\"6623\" data-end=\"6684\"><strong data-start=\"6627\" data-end=\"6684\">Instrucciones de uso (solo para fines de investigaci\u00f3n)<\/strong><\/h3>\n<ol data-start=\"6686\" data-end=\"7020\">\n<li data-start=\"6686\" data-end=\"6799\">\n<p data-start=\"6689\" data-end=\"6799\"><strong data-start=\"6689\" data-end=\"6703\">Manejo:<\/strong> Para uso exclusivo en laboratorios aprobados y por personal capacitado que use la protecci\u00f3n adecuada.<\/p>\n<\/li>\n<li data-start=\"6800\" data-end=\"6886\">\n<p data-start=\"6803\" data-end=\"6886\"><strong data-start=\"6803\" data-end=\"6821\">Preparaci\u00f3n:<\/strong> Diluir o preparar seg\u00fan protocolos anal\u00edticos validados.<\/p>\n<\/li>\n<li data-start=\"6887\" data-end=\"6945\">\n<p data-start=\"6890\" data-end=\"6945\"><strong data-start=\"6890\" data-end=\"6901\">Almacenamiento:<\/strong> Conservar en un recipiente herm\u00e9tico en un lugar fresco, seco y oscuro.<\/p>\n<\/li>\n<li data-start=\"6946\" data-end=\"7020\">\n<p data-start=\"6949\" data-end=\"7020\"><strong data-start=\"6949\" data-end=\"6960\">Desecho:<\/strong> Eliminar los residuos de acuerdo con las normas de seguridad y medio ambiente.<\/p>\n<\/li>\n<\/ol>\n<hr data-start=\"7022\" data-end=\"7025\" \/>\n<h3 data-start=\"7027\" data-end=\"7061\"><strong data-start=\"7031\" data-end=\"7061\">Seguridad y cumplimiento<\/strong><\/h3>\n<ul data-start=\"7063\" data-end=\"7546\">\n<li data-start=\"7063\" data-end=\"7159\">\n<p data-start=\"7065\" data-end=\"7159\"><strong data-start=\"7065\" data-end=\"7103\">S\u00f3lo para investigaci\u00f3n de laboratorio:<\/strong> No destinado al consumo humano ni animal.<\/p>\n<\/li>\n<li data-start=\"7160\" data-end=\"7298\">\n<p data-start=\"7162\" data-end=\"7298\"><strong data-start=\"7162\" data-end=\"7190\">Consideraciones legales:<\/strong> La posesi\u00f3n y el uso de JWH-210 pueden estar regulados o prohibidos. Consulte siempre la normativa local.<\/p>\n<\/li>\n<li data-start=\"7299\" data-end=\"7410\">\n<p data-start=\"7301\" data-end=\"7410\"><strong data-start=\"7301\" data-end=\"7329\">Salud y seguridad:<\/strong> Evite el contacto y la inhalaci\u00f3n. Trabaje en una sala de reconocimiento bien ventilada.<\/p>\n<\/li>\n<li data-start=\"7411\" data-end=\"7546\">\n<p data-start=\"7413\" data-end=\"7546\"><strong data-start=\"7413\" data-end=\"7430\">Documentaci\u00f3n:<\/strong> A <strong data-start=\"7435\" data-end=\"7471\">Ficha de datos de seguridad (MSDS)<\/strong> y el certificado de an\u00e1lisis est\u00e1n disponibles para las instituciones registradas.<\/p>\n<\/li>\n<\/ul>\n<hr data-start=\"7548\" data-end=\"7551\" \/>\n<h3 data-start=\"7553\" data-end=\"7588\"><strong data-start=\"7557\" data-end=\"7588\">Preguntas frecuentes (FAQ)<\/strong><\/h3>\n<p data-start=\"7590\" data-end=\"7750\"><strong data-start=\"7590\" data-end=\"7629\">1. \u00bfPara qu\u00e9 se utiliza el JWH-210?<\/strong><br data-start=\"7629\" data-end=\"7632\" \/>JWH-210 se utiliza como <strong data-start=\"7659\" data-end=\"7677\">sustancia de referencia<\/strong> en estudios anal\u00edticos y forenses de cannabinoides sint\u00e9ticos.<\/p>\n<p data-start=\"7752\" data-end=\"7900\"><strong data-start=\"7752\" data-end=\"7777\">2. \u00bfEs legal el JWH-210?<\/strong><br data-start=\"7777\" data-end=\"7780\" \/>El <strong data-start=\"7783\" data-end=\"7823\">El estatus legal var\u00eda seg\u00fan el pa\u00eds<\/strong>En muchas zonas est\u00e1 amparado por la Ley del Opio o por reglamentos similares.<\/p>\n<p data-start=\"7902\" data-end=\"8073\"><strong data-start=\"7902\" data-end=\"7944\">3. \u00bfC\u00f3mo se debe almacenar el JWH-210?<\/strong><br data-start=\"7944\" data-end=\"7947\" \/>Guardar en un <strong data-start=\"7961\" data-end=\"7995\">lugar fresco, seco y oscuro<\/strong>, debidamente cerrado y accesible s\u00f3lo al personal autorizado del laboratorio.<\/p>\n<p><a href=\"https:\/\/researchchemicalhub.com\/es\/comercio\/pellets\/granulos-de-o-dsmt-50-mg\/\">Gr\u00e1nulos de O-DSMT de 50 mg <\/a><a href=\"https:\/\/researchchemicalhub.com\/es\/comercio\/lisergamidas\/1-pastilla-de-lsd-de-150-mcg\/\">Papel secante para arte de 1 cP-LSD 150 MCG <\/a><a href=\"https:\/\/researchchemicalhub.com\/es\/comercio\/iboga-ibogaina\/corteza-de-raiz-de-iboga\/\">Papel secante 1V-LSD 150 MCG <\/a><\/p>","protected":false},"excerpt":{"rendered":"<h2>JWH-210<b>\u00a0<\/b>propiedades<\/h2>\n<p><strong>Sin\u00f3nimo: <\/strong>John William Huffman 210<strong><br \/>\nN\u00famero CAS<\/strong>: 824959-81-1<br \/>\n<strong>F\u00f3rmula<\/strong>: <span title=\"Carb\u00f3n\">do<\/span><sub>26<\/sub><span title=\"Hidr\u00f3geno\">H<\/span><sub>27<\/sub><span title=\"Nitr\u00f3geno\">norte<\/span><span title=\"Ox\u00edgeno\">Oh<\/span><br \/>\n<strong>Masa molar<\/strong>:369,508 g mol<br \/>\n<strong>Pureza<\/strong>: \u226598%<\/p>","protected":false},"featured_media":28549,"comment_status":"closed","ping_status":"closed","template":"","meta":[],"product_brand":[82],"product_cat":[322,370,398],"product_tag":[629,644,778,664,326],"class_list":{"0":"post-23834","1":"product","2":"type-product","3":"status-publish","4":"has-post-thumbnail","6":"product_brand-research-chemical","7":"product_cat-bijna-verboden","8":"product_cat-jwh-210","9":"product_cat-verkoop","10":"product_tag-4-fma-kopen","11":"product_tag-4-fma","12":"product_tag-jwh-210","13":"product_tag-maxtc","14":"product_tag-nl","16":"first","17":"instock","18":"sale","19":"taxable","20":"shipping-taxable","21":"purchasable","22":"product-type-variable"},"_links":{"self":[{"href":"https:\/\/researchchemicalhub.com\/es\/wp-json\/wp\/v2\/product\/23834","targetHints":{"allow":["GET"]}}],"collection":[{"href":"https:\/\/researchchemicalhub.com\/es\/wp-json\/wp\/v2\/product"}],"about":[{"href":"https:\/\/researchchemicalhub.com\/es\/wp-json\/wp\/v2\/types\/product"}],"replies":[{"embeddable":true,"href":"https:\/\/researchchemicalhub.com\/es\/wp-json\/wp\/v2\/comments?post=23834"}],"version-history":[{"count":7,"href":"https:\/\/researchchemicalhub.com\/es\/wp-json\/wp\/v2\/product\/23834\/revisions"}],"predecessor-version":[{"id":27948,"href":"https:\/\/researchchemicalhub.com\/es\/wp-json\/wp\/v2\/product\/23834\/revisions\/27948"}],"wp:featuredmedia":[{"embeddable":true,"href":"https:\/\/researchchemicalhub.com\/es\/wp-json\/wp\/v2\/media\/28549"}],"wp:attachment":[{"href":"https:\/\/researchchemicalhub.com\/es\/wp-json\/wp\/v2\/media?parent=23834"}],"wp:term":[{"taxonomy":"product_brand","embeddable":true,"href":"https:\/\/researchchemicalhub.com\/es\/wp-json\/wp\/v2\/product_brand?post=23834"},{"taxonomy":"product_cat","embeddable":true,"href":"https:\/\/researchchemicalhub.com\/es\/wp-json\/wp\/v2\/product_cat?post=23834"},{"taxonomy":"product_tag","embeddable":true,"href":"https:\/\/researchchemicalhub.com\/es\/wp-json\/wp\/v2\/product_tag?post=23834"}],"curies":[{"name":"gracias","href":"https:\/\/api.w.org\/{rel}","templated":true}]}}