{"id":23722,"date":"2025-04-13T17:40:18","date_gmt":"2025-04-13T17:40:18","guid":{"rendered":"https:\/\/researchchemicalhub.com\/?post_type=product&#038;p=23722"},"modified":"2025-10-30T08:39:51","modified_gmt":"2025-10-30T08:39:51","slug":"comprar-eutylone","status":"publish","type":"product","link":"https:\/\/researchchemicalhub.com\/es\/comercio\/prohibido\/comprar-eutylone\/","title":{"rendered":"Eutilona"},"content":{"rendered":"<ul>\n<li>\n<p data-start=\"4883\" data-end=\"5071\"><strong data-start=\"4883\" data-end=\"4940\">Eutilona (\u03b2-ceto-1,3-benzodioxolil-N-etilbutanamina)<\/strong> es un <strong data-start=\"4948\" data-end=\"4972\">catinona sint\u00e9tica<\/strong> desde <strong data-start=\"4980\" data-end=\"5006\">grupo de las \u03b2-cetoanfetaminas<\/strong>, relacionado con compuestos como <strong data-start=\"5039\" data-end=\"5052\">Metilona<\/strong> y <strong data-start=\"5056\" data-end=\"5068\">Butilona<\/strong>comprar eutylone<\/p>\n<p data-start=\"5073\" data-end=\"5354\">Se utiliza como <strong data-start=\"5096\" data-end=\"5114\">sustancia de referencia<\/strong> dentro de la <strong data-start=\"5125\" data-end=\"5162\">qu\u00edmica forense y anal\u00edtica<\/strong> para validar m\u00e9todos de detecci\u00f3n y comparar espectros.<br data-start=\"5222\" data-end=\"5225\" \/>La eutilona es <strong data-start=\"5237\" data-end=\"5292\">destinado \u00fanicamente a la investigaci\u00f3n cient\u00edfica<\/strong> y <strong data-start=\"5296\" data-end=\"5353\">No apto para consumo humano ni animal<\/strong>.<\/p>\n<hr data-start=\"5356\" data-end=\"5359\" \/>\n<h3 data-start=\"5361\" data-end=\"5392\"><strong data-start=\"5365\" data-end=\"5392\">Caracter\u00edsticas principales<\/strong><\/h3>\n<ul data-start=\"5394\" data-end=\"5851\">\n<li data-start=\"5394\" data-end=\"5480\">\n<p data-start=\"5396\" data-end=\"5480\"><strong data-start=\"5396\" data-end=\"5416\">Alta pureza:<\/strong> Producido en condiciones de laboratorio controladas.<\/p>\n<\/li>\n<li data-start=\"5481\" data-end=\"5584\">\n<p data-start=\"5483\" data-end=\"5584\"><strong data-start=\"5483\" data-end=\"5522\">Material de referencia certificado:<\/strong> Suministrado con <strong data-start=\"5536\" data-end=\"5564\">certificado de an\u00e1lisis (COA)<\/strong> y datos de lotes.<\/p>\n<\/li>\n<li data-start=\"5585\" data-end=\"5676\">\n<p data-start=\"5587\" data-end=\"5676\"><strong data-start=\"5587\" data-end=\"5617\">Caracterizaci\u00f3n qu\u00edmica:<\/strong> Adecuado para el desarrollo de m\u00e9todos y la investigaci\u00f3n de detecci\u00f3n.<\/p>\n<\/li>\n<li data-start=\"5677\" data-end=\"5763\">\n<p data-start=\"5679\" data-end=\"5763\"><strong data-start=\"5679\" data-end=\"5708\">Uso anal\u00edtico amplio:<\/strong> Compatible con <strong data-start=\"5724\" data-end=\"5733\">GC-MS<\/strong>, <strong data-start=\"5735\" data-end=\"5747\">LC-MS\/MS<\/strong>, y <strong data-start=\"5752\" data-end=\"5760\">HPLC<\/strong>.<\/p>\n<\/li>\n<li data-start=\"5764\" data-end=\"5851\">\n<p data-start=\"5766\" data-end=\"5851\"><strong data-start=\"5766\" data-end=\"5791\">Estable bajo almacenamiento:<\/strong> Mantiene la integridad qu\u00edmica en condiciones de almacenamiento adecuadas.<\/p>\n<\/li>\n<\/ul>\n<hr data-start=\"5853\" data-end=\"5856\" \/>\n<h3 data-start=\"5858\" data-end=\"5875\"><strong data-start=\"5862\" data-end=\"5875\">Ventajas<\/strong><\/h3>\n<ul data-start=\"5877\" data-end=\"6345\">\n<li data-start=\"5877\" data-end=\"5985\">\n<p data-start=\"5879\" data-end=\"5985\"><strong data-start=\"5879\" data-end=\"5906\">Aplicaci\u00f3n forense:<\/strong> Apoya la identificaci\u00f3n de catinonas sint\u00e9ticas en an\u00e1lisis qu\u00edmicos.<\/p>\n<\/li>\n<li data-start=\"5986\" data-end=\"6074\">\n<p data-start=\"5988\" data-end=\"6074\"><strong data-start=\"5988\" data-end=\"6015\">Calibraci\u00f3n confiable:<\/strong> Adecuado para validaci\u00f3n de m\u00e9todos y calibraci\u00f3n de instrumentos.<\/p>\n<\/li>\n<li data-start=\"6075\" data-end=\"6173\">\n<p data-start=\"6077\" data-end=\"6173\"><strong data-start=\"6077\" data-end=\"6099\">Valor educativo:<\/strong> \u00datil para estudios acad\u00e9micos de relaciones estructura-actividad.<\/p>\n<\/li>\n<li data-start=\"6174\" data-end=\"6263\">\n<p data-start=\"6176\" data-end=\"6263\"><strong data-start=\"6176\" data-end=\"6203\">Resultados consistentes:<\/strong> Garantiza datos de investigaci\u00f3n precisos y reproducibles.<\/p>\n<\/li>\n<li data-start=\"6264\" data-end=\"6345\">\n<p data-start=\"6266\" data-end=\"6345\"><strong data-start=\"6266\" data-end=\"6293\">Documentaci\u00f3n completa:<\/strong> Se suministra con certificados de seguridad y an\u00e1lisis.<\/p>\n<\/li>\n<\/ul>\n<hr data-start=\"6347\" data-end=\"6350\" \/>\n<h3 data-start=\"6352\" data-end=\"6413\"><strong data-start=\"6356\" data-end=\"6413\">Instrucciones de uso (solo para fines de investigaci\u00f3n)<\/strong><\/h3>\n<ol data-start=\"6415\" data-end=\"6735\">\n<li data-start=\"6415\" data-end=\"6511\">\n<p data-start=\"6418\" data-end=\"6511\"><strong data-start=\"6418\" data-end=\"6432\">Manejo:<\/strong> Utilizar \u00fanicamente en laboratorios homologados y con equipo de seguridad adecuado.<\/p>\n<\/li>\n<li data-start=\"6512\" data-end=\"6586\">\n<p data-start=\"6515\" data-end=\"6586\"><strong data-start=\"6515\" data-end=\"6533\">Preparaci\u00f3n:<\/strong> Diluir o preparar seg\u00fan protocolos validados.<\/p>\n<\/li>\n<li data-start=\"6587\" data-end=\"6650\">\n<p data-start=\"6590\" data-end=\"6650\"><strong data-start=\"6590\" data-end=\"6601\">Almacenamiento:<\/strong> Conservar en lugar fresco, seco y oscuro, bien cerrado.<\/p>\n<\/li>\n<li data-start=\"6651\" data-end=\"6735\">\n<p data-start=\"6654\" data-end=\"6735\"><strong data-start=\"6654\" data-end=\"6665\">Desecho:<\/strong> Deseche los residuos de acuerdo con las regulaciones locales para desechos qu\u00edmicos.<\/p>\n<\/li>\n<\/ol>\n<hr data-start=\"6737\" data-end=\"6740\" \/>\n<h3 data-start=\"6742\" data-end=\"6776\"><strong data-start=\"6746\" data-end=\"6776\">Seguridad y cumplimiento<\/strong><\/h3>\n<ul data-start=\"6778\" data-end=\"7229\">\n<li data-start=\"6778\" data-end=\"6872\">\n<p data-start=\"6780\" data-end=\"6872\"><strong data-start=\"6780\" data-end=\"6816\">S\u00f3lo para uso en laboratorio:<\/strong> No destinado al consumo humano ni animal.<\/p>\n<\/li>\n<li data-start=\"6873\" data-end=\"6998\">\n<p data-start=\"6875\" data-end=\"6998\"><strong data-start=\"6875\" data-end=\"6903\">Consideraciones legales:<\/strong> El estatus legal de Eutylone var\u00eda seg\u00fan el pa\u00eds; consulte siempre las leyes locales.<\/p>\n<\/li>\n<li data-start=\"6999\" data-end=\"7104\">\n<p data-start=\"7001\" data-end=\"7104\"><strong data-start=\"7001\" data-end=\"7029\">Salud y seguridad:<\/strong> Evite el contacto y la inhalaci\u00f3n; utilice el equipo de seguridad est\u00e1ndar de laboratorio. Compre eutylone.<\/p>\n<\/li>\n<li data-start=\"7105\" data-end=\"7229\">\n<p data-start=\"7107\" data-end=\"7229\"><strong data-start=\"7107\" data-end=\"7124\">Documentaci\u00f3n:<\/strong> A <strong data-start=\"7129\" data-end=\"7165\">Ficha de datos de seguridad (MSDS)<\/strong> y <strong data-start=\"7169\" data-end=\"7197\">certificado de an\u00e1lisis (COA)<\/strong> Est\u00e1n disponibles bajo petici\u00f3n.<\/p>\n<\/li>\n<\/ul>\n<hr data-start=\"7231\" data-end=\"7234\" \/>\n<h3 data-start=\"7236\" data-end=\"7271\"><strong data-start=\"7240\" data-end=\"7271\">Preguntas frecuentes (FAQ)<\/strong><\/h3>\n<p data-start=\"7273\" data-end=\"7408\"><strong data-start=\"7273\" data-end=\"7313\">1. \u00bfPara qu\u00e9 se utiliza Eutylone?<\/strong><br data-start=\"7313\" data-end=\"7316\" \/>La eutilona se utiliza como <strong data-start=\"7344\" data-end=\"7367\">material de referencia<\/strong> para investigaci\u00f3n qu\u00edmica y forense.<\/p>\n<p data-start=\"7410\" data-end=\"7585\"><strong data-start=\"7410\" data-end=\"7465\">2. \u00bfEs Eutylone apto para el consumo humano?<\/strong><br data-start=\"7465\" data-end=\"7468\" \/>No. Lo es. <strong data-start=\"7480\" data-end=\"7535\">destinado \u00fanicamente a la investigaci\u00f3n cient\u00edfica<\/strong> y <strong data-start=\"7539\" data-end=\"7582\">no aprobado para uso humano<\/strong>.<\/p>\n<p data-start=\"7587\" data-end=\"7714\"><strong data-start=\"7587\" data-end=\"7630\">3. \u00bfC\u00f3mo se debe almacenar Eutylone?<\/strong><br data-start=\"7630\" data-end=\"7633\" \/>Conservar en un lugar fresco, seco y oscuro, bien cerrado y fuera del alcance de personas no autorizadas.<\/p>\n<p class=\"ds-markdown-paragraph\"><span dir=\"auto\" style=\"vertical-align: inherit;\"><span dir=\"auto\" style=\"vertical-align: inherit;\">, <\/span><\/span><a href=\"https:\/\/researchchemicalhub.com\/es\/comercio\/iboga-ibogaina\/comprar-ibogaina-hcl-en-linea\/\"><span dir=\"auto\" style=\"vertical-align: inherit;\"><span dir=\"auto\" style=\"vertical-align: inherit;\">Comprar iboga\u00edna HCL <\/span><\/span><\/a><a href=\"https:\/\/researchchemicalhub.com\/es\/comercio\/iboga-ibogaina\/corteza-de-raiz-de-iboga\/\"><span dir=\"auto\" style=\"vertical-align: inherit;\"><span dir=\"auto\" style=\"vertical-align: inherit;\">corteza de ra\u00edz de iboga <\/span><\/span><\/a><a href=\"https:\/\/researchchemicalhub.com\/es\/comercio\/lisergamidas\/1-cp-de-lsd-150-mcg\/\"><span dir=\"auto\" style=\"vertical-align: inherit;\"><span dir=\"auto\" style=\"vertical-align: inherit;\">Papel secante para arte de 1 cP-LSD 150 MCG <\/span><\/span><\/a><a href=\"https:\/\/researchchemicalhub.com\/es\/comercio\/pellets\/granulos-de-o-dsmt-50-mg\/\"><span dir=\"auto\" style=\"vertical-align: inherit;\"><span dir=\"auto\" style=\"vertical-align: inherit;\">Gr\u00e1nulos de O-DSMT de 50 mg <\/span><\/span><\/a><a href=\"https:\/\/researchchemicalhub.com\/es\/comercio\/lisergamidas\/1v-lsd-150-mcg-blotters\/\"><span dir=\"auto\" style=\"vertical-align: inherit;\"><span dir=\"auto\" style=\"vertical-align: inherit;\">Papel secante 1V-LSD 150 MCG<\/span><\/span><\/a><\/p>\n<\/li>\n<\/ul>","protected":false},"excerpt":{"rendered":"<h2><span style=\"vertical-align: inherit;\"><span style=\"vertical-align: inherit;\"><span style=\"vertical-align: inherit;\"><span style=\"vertical-align: inherit;\"><span dir=\"auto\" style=\"vertical-align: inherit;\"><span dir=\"auto\" style=\"vertical-align: inherit;\">Propiedades de la eutilona<\/span><\/span><\/span><\/span><\/span><\/span><\/h2>\n<p><strong><span style=\"vertical-align: inherit;\"><span style=\"vertical-align: inherit;\"><span style=\"vertical-align: inherit;\"><span style=\"vertical-align: inherit;\"><span dir=\"auto\" style=\"vertical-align: inherit;\"><span dir=\"auto\" style=\"vertical-align: inherit;\">Sin\u00f3nimo<\/span><\/span><\/span><\/span><\/span><\/span><\/strong><span style=\"vertical-align: inherit;\"><span style=\"vertical-align: inherit;\"><span style=\"vertical-align: inherit;\"><span style=\"vertical-align: inherit;\"><span dir=\"auto\" style=\"vertical-align: inherit;\"><span dir=\"auto\" style=\"vertical-align: inherit;\"> : <\/span><\/span><\/span><\/span><\/span><\/span><b><span style=\"vertical-align: inherit;\"><span style=\"vertical-align: inherit;\"><span style=\"vertical-align: inherit;\"><span style=\"vertical-align: inherit;\"><span dir=\"auto\" style=\"vertical-align: inherit;\"><span dir=\"auto\" style=\"vertical-align: inherit;\">\u03b2-ceto-1,3-benzodioxolilo-<\/span><\/span><\/span><\/span><\/span><\/span><i><\/i><\/b><span style=\"vertical-align: inherit;\"><sub><span style=\"vertical-align: inherit;\"><span style=\"vertical-align: inherit;\"><span style=\"vertical-align: inherit;\"><span dir=\"auto\" style=\"vertical-align: inherit;\"><span dir=\"auto\" style=\"vertical-align: inherit;\">norte <\/span><\/span><\/span><\/span><\/span><\/sub><b><i><span style=\"vertical-align: inherit;\"><span style=\"vertical-align: inherit;\"><span style=\"vertical-align: inherit;\"><span dir=\"auto\" style=\"vertical-align: inherit;\"><span dir=\"auto\" style=\"vertical-align: inherit;\">-etilbutanamina<\/span><\/span><\/span><\/span><\/span><\/i><\/b><b><span style=\"vertical-align: inherit;\"><span style=\"vertical-align: inherit;\"><span style=\"vertical-align: inherit;\"><span dir=\"auto\" style=\"vertical-align: inherit;\"><span dir=\"auto\" style=\"vertical-align: inherit;\"> clorhidrato <\/span><\/span><\/span><\/span><\/span><\/b><\/span><br \/>\n<strong><span style=\"vertical-align: inherit;\"><span style=\"vertical-align: inherit;\"><span style=\"vertical-align: inherit;\"><span style=\"vertical-align: inherit;\"><span dir=\"auto\" style=\"vertical-align: inherit;\"><span dir=\"auto\" style=\"vertical-align: inherit;\">N\u00famero CAS<\/span><\/span><\/span><\/span><\/span><\/span><\/strong><span style=\"vertical-align: inherit;\"><span style=\"vertical-align: inherit;\"><span style=\"vertical-align: inherit;\"><span style=\"vertical-align: inherit;\"><span dir=\"auto\" style=\"vertical-align: inherit;\"><span dir=\"auto\" style=\"vertical-align: inherit;\"> : 17764-18-0 <\/span><\/span><\/span><\/span><\/span><\/span><br \/>\n<strong><span style=\"vertical-align: inherit;\"><span style=\"vertical-align: inherit;\"><span style=\"vertical-align: inherit;\"><span style=\"vertical-align: inherit;\"><span dir=\"auto\" style=\"vertical-align: inherit;\"><span dir=\"auto\" style=\"vertical-align: inherit;\">F\u00f3rmula<\/span><\/span><\/span><\/span><\/span><\/span><\/strong><span style=\"vertical-align: inherit;\"><span style=\"vertical-align: inherit;\"><span style=\"vertical-align: inherit;\"><span style=\"vertical-align: inherit;\"><span dir=\"auto\" style=\"vertical-align: inherit;\"><span dir=\"auto\" style=\"vertical-align: inherit;\"> : <\/span><\/span><\/span><\/span><\/span><\/span><span title=\"Carb\u00f3n\"><span style=\"vertical-align: inherit;\"><span style=\"vertical-align: inherit;\"><span style=\"vertical-align: inherit;\"><span style=\"vertical-align: inherit;\"><span dir=\"auto\" style=\"vertical-align: inherit;\"><span dir=\"auto\" style=\"vertical-align: inherit;\">do <\/span><\/span><\/span><\/span><\/span><\/span><\/span><sub><span style=\"vertical-align: inherit;\"><span style=\"vertical-align: inherit;\"><span style=\"vertical-align: inherit;\"><span style=\"vertical-align: inherit;\"><span dir=\"auto\" style=\"vertical-align: inherit;\"><span dir=\"auto\" style=\"vertical-align: inherit;\">13 <\/span><\/span><\/span><\/span><\/span><\/span><\/sub><span title=\"Hidr\u00f3geno\"><span style=\"vertical-align: inherit;\"><span style=\"vertical-align: inherit;\"><span style=\"vertical-align: inherit;\"><span style=\"vertical-align: inherit;\"><span dir=\"auto\" style=\"vertical-align: inherit;\"><span dir=\"auto\" style=\"vertical-align: inherit;\">H <\/span><\/span><\/span><\/span><\/span><\/span><\/span><sub><span style=\"vertical-align: inherit;\"><span style=\"vertical-align: inherit;\"><span style=\"vertical-align: inherit;\"><span style=\"vertical-align: inherit;\"><span dir=\"auto\" style=\"vertical-align: inherit;\"><span dir=\"auto\" style=\"vertical-align: inherit;\">17 <\/span><\/span><\/span><\/span><\/span><\/span><\/sub><span title=\"Nitr\u00f3geno\"><span style=\"vertical-align: inherit;\"><span style=\"vertical-align: inherit;\"><span style=\"vertical-align: inherit;\"><span style=\"vertical-align: inherit;\"><span dir=\"auto\" style=\"vertical-align: inherit;\"><span dir=\"auto\" style=\"vertical-align: inherit;\">NO <\/span><\/span><\/span><\/span><\/span><\/span><\/span><span title=\"Ox\u00edgeno\"><span style=\"vertical-align: inherit;\"><span style=\"vertical-align: inherit;\"><span style=\"vertical-align: inherit;\"><span style=\"vertical-align: inherit;\"><span dir=\"auto\" style=\"vertical-align: inherit;\"><span dir=\"auto\" style=\"vertical-align: inherit;\">3<\/span><\/span><\/span><\/span><\/span><\/span><\/span><span style=\"vertical-align: inherit;\"><span style=\"vertical-align: inherit;\"><span style=\"vertical-align: inherit;\"><span style=\"vertical-align: inherit;\"><span dir=\"auto\" style=\"vertical-align: inherit;\"><span dir=\"auto\" style=\"vertical-align: inherit;\"> \u2022 HCl <\/span><\/span><\/span><\/span><\/span><strong><span style=\"vertical-align: inherit;\"><span style=\"vertical-align: inherit;\"><span style=\"vertical-align: inherit;\"><span dir=\"auto\" style=\"vertical-align: inherit;\"><span dir=\"auto\" style=\"vertical-align: inherit;\">Masa molar<\/span><\/span><\/span><\/span><\/span><\/strong><span style=\"vertical-align: inherit;\"><span style=\"vertical-align: inherit;\"><span style=\"vertical-align: inherit;\"><span dir=\"auto\" style=\"vertical-align: inherit;\"><span dir=\"auto\" style=\"vertical-align: inherit;\"> : 235.283 <\/span><\/span><\/span><\/span><\/span><strong><span style=\"vertical-align: inherit;\"><span style=\"vertical-align: inherit;\"><span style=\"vertical-align: inherit;\"><span dir=\"auto\" style=\"vertical-align: inherit;\"><span dir=\"auto\" style=\"vertical-align: inherit;\">Pureza<\/span><\/span><\/span><\/span><\/span><\/strong><span style=\"vertical-align: inherit;\"><span style=\"vertical-align: inherit;\"><span style=\"vertical-align: inherit;\"><span dir=\"auto\" style=\"vertical-align: inherit;\"><span dir=\"auto\" style=\"vertical-align: inherit;\"> : \u226598%<\/span><\/span><\/span><\/span><\/span><\/span><\/p>","protected":false},"featured_media":28520,"comment_status":"closed","ping_status":"closed","template":"","meta":[],"product_brand":[],"product_cat":[488],"product_tag":[1125,584,326],"class_list":{"0":"post-23722","1":"product","2":"type-product","3":"status-publish","4":"has-post-thumbnail","6":"product_cat-verboden","7":"product_tag-eutylone-2","8":"product_tag-eutylone-kopen","9":"product_tag-nl","11":"first","12":"instock","13":"taxable","14":"shipping-taxable","15":"purchasable","16":"product-type-variable"},"_links":{"self":[{"href":"https:\/\/researchchemicalhub.com\/es\/wp-json\/wp\/v2\/product\/23722","targetHints":{"allow":["GET"]}}],"collection":[{"href":"https:\/\/researchchemicalhub.com\/es\/wp-json\/wp\/v2\/product"}],"about":[{"href":"https:\/\/researchchemicalhub.com\/es\/wp-json\/wp\/v2\/types\/product"}],"replies":[{"embeddable":true,"href":"https:\/\/researchchemicalhub.com\/es\/wp-json\/wp\/v2\/comments?post=23722"}],"version-history":[{"count":5,"href":"https:\/\/researchchemicalhub.com\/es\/wp-json\/wp\/v2\/product\/23722\/revisions"}],"predecessor-version":[{"id":27971,"href":"https:\/\/researchchemicalhub.com\/es\/wp-json\/wp\/v2\/product\/23722\/revisions\/27971"}],"wp:featuredmedia":[{"embeddable":true,"href":"https:\/\/researchchemicalhub.com\/es\/wp-json\/wp\/v2\/media\/28520"}],"wp:attachment":[{"href":"https:\/\/researchchemicalhub.com\/es\/wp-json\/wp\/v2\/media?parent=23722"}],"wp:term":[{"taxonomy":"product_brand","embeddable":true,"href":"https:\/\/researchchemicalhub.com\/es\/wp-json\/wp\/v2\/product_brand?post=23722"},{"taxonomy":"product_cat","embeddable":true,"href":"https:\/\/researchchemicalhub.com\/es\/wp-json\/wp\/v2\/product_cat?post=23722"},{"taxonomy":"product_tag","embeddable":true,"href":"https:\/\/researchchemicalhub.com\/es\/wp-json\/wp\/v2\/product_tag?post=23722"}],"curies":[{"name":"gracias","href":"https:\/\/api.w.org\/{rel}","templated":true}]}}