{"id":23617,"date":"2025-04-13T17:40:06","date_gmt":"2025-04-13T17:40:06","guid":{"rendered":"https:\/\/researchchemicalhub.com\/?post_type=product&#038;p=23617"},"modified":"2025-10-30T09:12:53","modified_gmt":"2025-10-30T09:12:53","slug":"2-fma-kopen-2","status":"publish","type":"product","link":"https:\/\/researchchemicalhub.com\/es\/shop\/2-fma-kopen\/2-fma-kopen-2\/","title":{"rendered":"Pastillas de 2-FMA de 30 mg (2-fluorometanfetamina)"},"content":{"rendered":"<h1><strong>2FMA 30 mg en pastillas (2-fluoroanfetamina): descripci\u00f3n cient\u00edfica del producto<\/strong><\/h1>\n<p data-start=\"3706\" data-end=\"4029\"><strong data-start=\"3706\" data-end=\"3741\">2-FMA (2-fluorometanfetamina)<\/strong> Los pellets de 30 mg son <strong data-start=\"3761\" data-end=\"3807\">compuestos de investigaci\u00f3n de alta pureza<\/strong>, dise\u00f1ado para <strong data-start=\"3824\" data-end=\"3877\">investigaci\u00f3n neurocient\u00edfica y farmacol\u00f3gica<\/strong>. Comprar 2 fma<br data-start=\"3878\" data-end=\"3881\" \/>Como variante fluorada de la metanfetamina, la 2-FMA es de inter\u00e9s para los estudios sobre <strong data-start=\"3956\" data-end=\"3986\">actividad de neurotransmisores<\/strong> y <strong data-start=\"3990\" data-end=\"4026\">mecanismos del sistema nervioso central<\/strong>.<\/p>\n<p data-start=\"4031\" data-end=\"4237\">Cada pellet contiene <strong data-start=\"4049\" data-end=\"4072\">30 mg de 2-FMA puro<\/strong>Medici\u00f3n precisa para una dosificaci\u00f3n precisa y resultados de investigaci\u00f3n reproducibles. La forma estable de los gr\u00e1nulos facilita y hace m\u00e1s seguro el almacenamiento y la manipulaci\u00f3n.<\/p>\n<blockquote data-start=\"4239\" data-end=\"4377\">\n<p data-start=\"4241\" data-end=\"4377\">\u26a0\ufe0f <strong data-start=\"4244\" data-end=\"4255\">N\u00d3TESE BIEN:<\/strong> Este producto es <strong data-start=\"4271\" data-end=\"4326\">destinado \u00fanicamente a la investigaci\u00f3n cient\u00edfica<\/strong> y <strong data-start=\"4330\" data-end=\"4374\">no apto para el consumo humano<\/strong>.<\/p>\n<\/blockquote>\n<hr data-start=\"4379\" data-end=\"4382\" \/>\n<h3 data-start=\"4384\" data-end=\"4415\"><strong data-start=\"4388\" data-end=\"4415\">Caracter\u00edsticas principales<\/strong><\/h3>\n<ul data-start=\"4416\" data-end=\"4852\">\n<li data-start=\"4416\" data-end=\"4511\">\n<p data-start=\"4418\" data-end=\"4511\"><strong data-start=\"4418\" data-end=\"4444\">Alta pureza (\u226599%)<\/strong> \u2013 Probado en laboratorio para m\u00e1xima calidad y confiabilidad.<\/p>\n<\/li>\n<li data-start=\"4512\" data-end=\"4600\">\n<p data-start=\"4514\" data-end=\"4600\"><strong data-start=\"4514\" data-end=\"4557\">Dosis precisa (30 mg por pastilla)<\/strong> \u2013 Para obtener resultados de investigaci\u00f3n consistentes.<\/p>\n<\/li>\n<li data-start=\"4601\" data-end=\"4687\">\n<p data-start=\"4603\" data-end=\"4687\"><strong data-start=\"4603\" data-end=\"4629\">Estabilidad mejorada<\/strong> \u2013 La forma de pellet evita la degradaci\u00f3n y prolonga la vida \u00fatil.<\/p>\n<\/li>\n<li data-start=\"4688\" data-end=\"4767\">\n<p data-start=\"4690\" data-end=\"4767\"><strong data-start=\"4690\" data-end=\"4724\">Control de calidad constante<\/strong> \u2013 Fabricado bajo est\u00e1ndares similares a GMP.<\/p>\n<\/li>\n<li data-start=\"4768\" data-end=\"4852\">\n<p data-start=\"4770\" data-end=\"4852\"><strong data-start=\"4770\" data-end=\"4792\">Embalaje seguro<\/strong> \u2013 Herm\u00e9tico y resistente a la humedad para una protecci\u00f3n \u00f3ptima.<\/p>\n<\/li>\n<\/ul>\n<hr data-start=\"4854\" data-end=\"4857\" \/>\n<h3 data-start=\"4859\" data-end=\"4876\"><strong data-start=\"4863\" data-end=\"4876\">Ventajas<\/strong><\/h3>\n<ul data-start=\"4877\" data-end=\"5166\">\n<li data-start=\"4877\" data-end=\"4954\">\n<p data-start=\"4879\" data-end=\"4954\">Adecuado para <strong data-start=\"4893\" data-end=\"4951\">Investigaci\u00f3n sobre estimulantes y sistemas de neurotransmisores<\/strong>.<\/p>\n<\/li>\n<li data-start=\"4955\" data-end=\"5021\">\n<p data-start=\"4957\" data-end=\"5021\">Prev\u00e9 <strong data-start=\"4968\" data-end=\"4992\">dosis precisa<\/strong> y resultados confiables.<\/p>\n<\/li>\n<li data-start=\"5022\" data-end=\"5098\">\n<p data-start=\"5024\" data-end=\"5098\"><strong data-start=\"5024\" data-end=\"5064\">F\u00e1cil de manipular y almacenar.<\/strong> Gracias a la forma estable del pellet.<\/p>\n<\/li>\n<li data-start=\"5099\" data-end=\"5166\">\n<p data-start=\"5101\" data-end=\"5166\">Ideal para <strong data-start=\"5113\" data-end=\"5163\">investigaci\u00f3n acad\u00e9mica, anal\u00edtica o forense<\/strong>. Comprar 2 fma<\/p>\n<\/li>\n<\/ul>\n<hr data-start=\"5168\" data-end=\"5171\" \/>\n<h3 data-start=\"5173\" data-end=\"5188\"><strong data-start=\"5177\" data-end=\"5188\">Uso<\/strong><\/h3>\n<ul data-start=\"5189\" data-end=\"5483\">\n<li data-start=\"5189\" data-end=\"5261\">\n<p data-start=\"5191\" data-end=\"5261\">S\u00f3lo para <strong data-start=\"5203\" data-end=\"5228\">investigaci\u00f3n de laboratorio<\/strong> por personal cualificado.<\/p>\n<\/li>\n<li data-start=\"5262\" data-end=\"5345\">\n<p data-start=\"5264\" data-end=\"5345\">Use ropa adecuada <strong data-start=\"5280\" data-end=\"5304\">equipo de protecci\u00f3n<\/strong> como guantes y gafas de seguridad.<\/p>\n<\/li>\n<li data-start=\"5346\" data-end=\"5424\">\n<p data-start=\"5348\" data-end=\"5424\">Ahorra en un <strong data-start=\"5363\" data-end=\"5386\">lugar fresco y seco<\/strong>, protegido de la luz solar y la humedad.<\/p>\n<\/li>\n<li data-start=\"5425\" data-end=\"5483\">\n<p data-start=\"5427\" data-end=\"5483\">No apto para consumo humano ni animal.<\/p>\n<\/li>\n<\/ul>\n<hr data-start=\"5485\" data-end=\"5488\" \/>\n<h3 data-start=\"5490\" data-end=\"5525\"><strong data-start=\"5494\" data-end=\"5525\">Preguntas frecuentes (FAQ)<\/strong><\/h3>\n<p data-start=\"5527\" data-end=\"5694\"><strong data-start=\"5527\" data-end=\"5564\">1. \u00bfPara qu\u00e9 se utiliza el 2-FMA?<\/strong><br data-start=\"5564\" data-end=\"5567\" \/>2-FMA se utiliza en <strong data-start=\"5591\" data-end=\"5644\">investigaci\u00f3n neurocient\u00edfica y farmacol\u00f3gica<\/strong> a los estimulantes y a la actividad de los neurotransmisores.<\/p>\n<p data-start=\"5696\" data-end=\"5870\"><strong data-start=\"5696\" data-end=\"5748\">2. \u00bfEs seguro el 2-FMA 30 MG para uso humano?<\/strong><br data-start=\"5748\" data-end=\"5751\" \/>No. Este producto es <strong data-start=\"5771\" data-end=\"5820\">destinado \u00fanicamente a fines de investigaci\u00f3n<\/strong> y no est\u00e1 aprobado para el consumo humano.<\/p>\n<p data-start=\"5872\" data-end=\"6040\"><strong data-start=\"5872\" data-end=\"5915\">3. \u00bfC\u00f3mo se debe conservar el 2-FMA 30 MG?<\/strong><br data-start=\"5915\" data-end=\"5918\" \/>Guardar en un <strong data-start=\"5933\" data-end=\"5963\">embalaje bien sellado<\/strong> a temperatura ambiente (15\u201325\u00b0C), lejos de la humedad y la luz solar directa.<\/p>\n<h3><span style=\"color: #333333; font-size: 16px;\">.<\/span><a style=\"font-size: 16px;\" href=\"https:\/\/researchchemicalhub.com\/es\/shop\/iboga-ibogaine\/iboga-root-bark\/\">corteza de ra\u00edz de iboga<\/a><a style=\"font-size: 16px;\" href=\"https:\/\/researchchemicalhub.com\/es\/shop\/iboga-ibogaine\/buy-ibogaine-hcl-online\/\">comprar iboga\u00edna hcl en l\u00ednea<\/a><a style=\"font-size: 16px;\" href=\"https:\/\/researchchemicalhub.com\/es\/shop\/lysergamides\/1cp-lsd\/\">1 cp de LSD<\/a><a style=\"font-size: 16px;\" href=\"https:\/\/researchchemicalhub.com\/es\/shop\/pellets\/o-dsmt-50mg-pellets\/\">o-dsmt<\/a><a style=\"font-size: 16px;\" href=\"https:\/\/researchchemicalhub.com\/es\/shop\/lysergamides\/1vlsd\/\">1vlsd\u200b<\/a><\/h3>\n<p>&nbsp;<\/p>","protected":false},"excerpt":{"rendered":"<p>2FMA 30 MG Pellets (2-Fluoroamfetamine) \u2013 Wetenschappelijke Productbeschrijving 2-FMA (2-Fluoromethamphetamine) 30 MG Pellets zijn onderzoeksverbindingen van hoge zuiverheid, ontworpen voor<\/p>","protected":false},"featured_media":28388,"comment_status":"closed","ping_status":"closed","template":"","meta":[],"product_brand":[82],"product_cat":[431,432,322,333,324],"product_tag":[572,617,618,589,619,326],"class_list":{"0":"post-23617","1":"product","2":"type-product","3":"status-publish","4":"has-post-thumbnail","6":"product_brand-research-chemical","7":"product_cat-2-fma-kopen","8":"product_cat-2-fma-pellets","9":"product_cat-bijna-verboden","10":"product_cat-gefluoreerden","11":"product_cat-pellets-for-pellet","12":"product_tag-2-fma-kopen","13":"product_tag-2-fma","14":"product_tag-2fma","15":"product_tag-2fma-drugs","16":"product_tag-2fma-kopen","17":"product_tag-nl","19":"first","20":"instock","21":"taxable","22":"shipping-taxable","23":"purchasable","24":"product-type-variable"},"_links":{"self":[{"href":"https:\/\/researchchemicalhub.com\/es\/wp-json\/wp\/v2\/product\/23617","targetHints":{"allow":["GET"]}}],"collection":[{"href":"https:\/\/researchchemicalhub.com\/es\/wp-json\/wp\/v2\/product"}],"about":[{"href":"https:\/\/researchchemicalhub.com\/es\/wp-json\/wp\/v2\/types\/product"}],"replies":[{"embeddable":true,"href":"https:\/\/researchchemicalhub.com\/es\/wp-json\/wp\/v2\/comments?post=23617"}],"version-history":[{"count":6,"href":"https:\/\/researchchemicalhub.com\/es\/wp-json\/wp\/v2\/product\/23617\/revisions"}],"predecessor-version":[{"id":27995,"href":"https:\/\/researchchemicalhub.com\/es\/wp-json\/wp\/v2\/product\/23617\/revisions\/27995"}],"wp:featuredmedia":[{"embeddable":true,"href":"https:\/\/researchchemicalhub.com\/es\/wp-json\/wp\/v2\/media\/28388"}],"wp:attachment":[{"href":"https:\/\/researchchemicalhub.com\/es\/wp-json\/wp\/v2\/media?parent=23617"}],"wp:term":[{"taxonomy":"product_brand","embeddable":true,"href":"https:\/\/researchchemicalhub.com\/es\/wp-json\/wp\/v2\/product_brand?post=23617"},{"taxonomy":"product_cat","embeddable":true,"href":"https:\/\/researchchemicalhub.com\/es\/wp-json\/wp\/v2\/product_cat?post=23617"},{"taxonomy":"product_tag","embeddable":true,"href":"https:\/\/researchchemicalhub.com\/es\/wp-json\/wp\/v2\/product_tag?post=23617"}],"curies":[{"name":"gracias","href":"https:\/\/api.w.org\/{rel}","templated":true}]}}