{"id":23611,"date":"2025-04-13T17:40:06","date_gmt":"2025-04-13T17:40:06","guid":{"rendered":"https:\/\/researchchemicalhub.com\/?post_type=product&#038;p=23611"},"modified":"2025-10-30T09:11:28","modified_gmt":"2025-10-30T09:11:28","slug":"3-pies-por-minuto-compra-2","status":"publish","type":"product","link":"https:\/\/researchchemicalhub.com\/es\/comercio\/3-pies-por-minuto\/3-pies-por-minuto-compra-2\/","title":{"rendered":"Gr\u00e1nulos de 3-FPM 50 mg (3-fluorofenmetrazina)"},"content":{"rendered":"<h1><strong><span dir=\"auto\" style=\"vertical-align: inherit;\"><span dir=\"auto\" style=\"vertical-align: inherit;\">Pellets de 3 fpm 50 mg (3-fluorofenmetrazina): calidad y precisi\u00f3n en la investigaci\u00f3n<\/span><\/span><\/strong><\/h1>\n<p data-start=\"3687\" data-end=\"4034\"><strong data-start=\"3687\" data-end=\"3720\">3-FPM (3-fluorofenmetrazina)<\/strong> Los pellets de 50 mg son <strong data-start=\"3740\" data-end=\"3786\">compuestos de investigaci\u00f3n de alta pureza<\/strong>, desarrollado para <strong data-start=\"3804\" data-end=\"3857\">investigaci\u00f3n neurocient\u00edfica y farmacol\u00f3gica<\/strong>. 3 pies por minuto comprar<br data-start=\"3858\" data-end=\"3861\" \/>Como variante fluorada de <strong data-start=\"3894\" data-end=\"3911\">fenmetrazina<\/strong> Se est\u00e1 investigando el 3-FPM por su potencial para proporcionar informaci\u00f3n sobre <strong data-start=\"3982\" data-end=\"4031\">sistemas de transporte dopamin\u00e9rgico y noradren\u00e9rgico<\/strong>.<\/p>\n<p data-start=\"4036\" data-end=\"4294\">Cada pellet contiene <strong data-start=\"4054\" data-end=\"4085\">50 mg de 3-fluorofenmetrazina<\/strong>, cuidadosamente medido para una dosificaci\u00f3n precisa y resultados de investigaci\u00f3n confiables. Este producto est\u00e1 destinado \u00fanicamente a... <strong data-start=\"4211\" data-end=\"4243\">investigadores calificados<\/strong> y <strong data-start=\"4247\" data-end=\"4291\">no apto para el consumo humano<\/strong>.<\/p>\n<blockquote data-start=\"4296\" data-end=\"4391\">\n<p data-start=\"4298\" data-end=\"4391\">\u26a0\ufe0f <strong data-start=\"4301\" data-end=\"4312\">N\u00d3TESE BIEN:<\/strong> Los pellets de 3-FPM 50 MG son <strong data-start=\"4338\" data-end=\"4388\">destinado \u00fanicamente a investigaci\u00f3n de laboratorio<\/strong>.<\/p>\n<\/blockquote>\n<hr data-start=\"4393\" data-end=\"4396\" \/>\n<h3 data-start=\"4398\" data-end=\"4429\"><strong data-start=\"4402\" data-end=\"4429\">Caracter\u00edsticas principales<\/strong><\/h3>\n<ul data-start=\"4430\" data-end=\"4879\">\n<li data-start=\"4430\" data-end=\"4525\">\n<p data-start=\"4432\" data-end=\"4525\"><strong data-start=\"4432\" data-end=\"4458\">Alta pureza (\u226599%)<\/strong> \u2013 Probado en laboratorio para garantizar su calidad, estabilidad y composici\u00f3n.<\/p>\n<\/li>\n<li data-start=\"4526\" data-end=\"4614\">\n<p data-start=\"4528\" data-end=\"4614\"><strong data-start=\"4528\" data-end=\"4571\">Dosis precisa (50 mg por pastilla)<\/strong> \u2013 Garantiza resultados reproducibles.<\/p>\n<\/li>\n<li data-start=\"4615\" data-end=\"4704\">\n<p data-start=\"4617\" data-end=\"4704\"><strong data-start=\"4617\" data-end=\"4643\">Estabilidad mejorada<\/strong> \u2013 La forma de pellet evita la degradaci\u00f3n y prolonga la vida \u00fatil.<\/p>\n<\/li>\n<li data-start=\"4705\" data-end=\"4783\">\n<p data-start=\"4707\" data-end=\"4783\"><strong data-start=\"4707\" data-end=\"4732\">Producci\u00f3n similar a GMP<\/strong> \u2013 Consistencia y confiabilidad garantizadas.<\/p>\n<\/li>\n<li data-start=\"4784\" data-end=\"4879\">\n<p data-start=\"4786\" data-end=\"4879\"><strong data-start=\"4786\" data-end=\"4808\">Embalaje seguro<\/strong> El embalaje herm\u00e9tico y resistente a la humedad protege la conexi\u00f3n. Compre 3 pies por minuto.<\/p>\n<\/li>\n<\/ul>\n<hr data-start=\"4881\" data-end=\"4884\" \/>\n<h3 data-start=\"4886\" data-end=\"4903\"><strong data-start=\"4890\" data-end=\"4903\">Ventajas<\/strong><\/h3>\n<ul data-start=\"4904\" data-end=\"5187\">\n<li data-start=\"4904\" data-end=\"4980\">\n<p data-start=\"4906\" data-end=\"4980\">Prev\u00e9 <strong data-start=\"4917\" data-end=\"4941\">dosis precisa<\/strong> y resultados de investigaci\u00f3n fiables.<\/p>\n<\/li>\n<li data-start=\"4981\" data-end=\"5058\">\n<p data-start=\"4983\" data-end=\"5058\">Adecuado para <strong data-start=\"4997\" data-end=\"5055\">Investigaci\u00f3n sobre estimulantes y sistemas de neurotransmisores<\/strong>.<\/p>\n<\/li>\n<li data-start=\"5059\" data-end=\"5107\">\n<p data-start=\"5061\" data-end=\"5107\"><strong data-start=\"5061\" data-end=\"5083\">Larga vida \u00fatil<\/strong> y f\u00e1cil almacenamiento.<\/p>\n<\/li>\n<li data-start=\"5108\" data-end=\"5187\">\n<p data-start=\"5110\" data-end=\"5187\"><strong data-start=\"5110\" data-end=\"5143\">F\u00e1cil de usar y seguro<\/strong> en entornos de laboratorio controlados.<\/p>\n<\/li>\n<\/ul>\n<hr data-start=\"5189\" data-end=\"5192\" \/>\n<h3 data-start=\"5194\" data-end=\"5209\"><strong data-start=\"5198\" data-end=\"5209\">Uso<\/strong><\/h3>\n<ul data-start=\"5210\" data-end=\"5490\">\n<li data-start=\"5210\" data-end=\"5272\">\n<p data-start=\"5212\" data-end=\"5272\">S\u00f3lo para <strong data-start=\"5224\" data-end=\"5269\">investigaci\u00f3n cient\u00edfica y de laboratorio<\/strong>.<\/p>\n<\/li>\n<li data-start=\"5273\" data-end=\"5356\">\n<p data-start=\"5275\" data-end=\"5356\">Use ropa adecuada <strong data-start=\"5291\" data-end=\"5315\">equipo de protecci\u00f3n<\/strong> como guantes y gafas de seguridad.<\/p>\n<\/li>\n<li data-start=\"5357\" data-end=\"5432\">\n<p data-start=\"5359\" data-end=\"5432\">Ahorra en un <strong data-start=\"5374\" data-end=\"5397\">lugar fresco y seco<\/strong>, protegido de la luz y la humedad.<\/p>\n<\/li>\n<li data-start=\"5433\" data-end=\"5490\">\n<p data-start=\"5435\" data-end=\"5490\">No destinado al consumo humano ni animal.<\/p>\n<\/li>\n<\/ul>\n<hr data-start=\"5492\" data-end=\"5495\" \/>\n<h3 data-start=\"5497\" data-end=\"5532\"><strong data-start=\"5501\" data-end=\"5532\">Preguntas frecuentes (FAQ)<\/strong><\/h3>\n<p data-start=\"5534\" data-end=\"5687\"><strong data-start=\"5534\" data-end=\"5571\">1. \u00bfPara qu\u00e9 se utiliza el 3-FPM?<\/strong><br data-start=\"5571\" data-end=\"5574\" \/>3-FPM se utiliza en <strong data-start=\"5598\" data-end=\"5633\">investigaci\u00f3n en neurociencia<\/strong> a estimulantes y mecanismos de transporte de monoaminas.<\/p>\n<p data-start=\"5689\" data-end=\"5865\"><strong data-start=\"5689\" data-end=\"5743\">2. \u00bfEs 3-FPM 50 MG adecuado para uso humano?<\/strong><br data-start=\"5743\" data-end=\"5746\" \/>No. Este producto es <strong data-start=\"5766\" data-end=\"5815\">destinado \u00fanicamente a fines de investigaci\u00f3n<\/strong> y no est\u00e1 aprobado para el consumo humano.<\/p>\n<p data-start=\"5867\" data-end=\"6035\"><strong data-start=\"5867\" data-end=\"5910\">3. \u00bfC\u00f3mo se debe conservar 3-FPM 50 MG?<\/strong><br data-start=\"5910\" data-end=\"5913\" \/>Guardar en un <strong data-start=\"5928\" data-end=\"5958\">embalaje bien sellado<\/strong> a temperatura ambiente (15\u201325\u00b0C), lejos de la humedad y la luz solar directa.<\/p>\n<h3><a style=\"font-size: 16px;\" href=\"https:\/\/researchchemicalhub.com\/es\/comercio\/iboga-ibogaina\/corteza-de-raiz-de-iboga\/\"><span dir=\"auto\" style=\"vertical-align: inherit;\"><span dir=\"auto\" style=\"vertical-align: inherit;\">corteza de ra\u00edz de iboga<\/span><\/span><\/a><a style=\"font-size: 16px;\" href=\"https:\/\/researchchemicalhub.com\/es\/comercio\/iboga-ibogaina\/comprar-ibogaina-hcl-en-linea\/\"><span dir=\"auto\" style=\"vertical-align: inherit;\"><span dir=\"auto\" style=\"vertical-align: inherit;\">Comprar iboga\u00edna hcl en l\u00ednea<\/span><\/span><\/a><a style=\"font-size: 16px;\" href=\"https:\/\/researchchemicalhub.com\/es\/comercio\/lisergamidas\/1-cp-de-lsd-150-mcg\/\"><span dir=\"auto\" style=\"vertical-align: inherit;\"><span dir=\"auto\" style=\"vertical-align: inherit;\">1 cp de LSD <\/span><\/span><\/a><a style=\"font-size: 16px;\" href=\"https:\/\/researchchemicalhub.com\/es\/comercio\/pellets\/granulos-de-o-dsmt-50-mg\/\"><span dir=\"auto\" style=\"vertical-align: inherit;\"><span dir=\"auto\" style=\"vertical-align: inherit;\">o-dsmt <\/span><\/span><\/a><a style=\"font-size: 16px;\" href=\"https:\/\/researchchemicalhub.com\/es\/comercio\/lisergamidas\/1vlsd\/\"><span dir=\"auto\" style=\"vertical-align: inherit;\"><span dir=\"auto\" style=\"vertical-align: inherit;\">1vlsd<\/span><\/span><\/a><\/h3>","protected":false},"excerpt":{"rendered":"<p>3 fpm 50 MG Pellets (3-Fluorophenmetrazine) \u2013 Quality and Precision in Research 3-FPM (3-Fluorophenmetrazine) 50 MG Pellets zijn onderzoeksverbindingen van<\/p>","protected":false},"featured_media":28406,"comment_status":"closed","ping_status":"closed","template":"","meta":[],"product_brand":[82],"product_cat":[441,442,322,333,324],"product_tag":[606,601,605,326],"class_list":{"0":"post-23611","1":"product","2":"type-product","3":"status-publish","4":"has-post-thumbnail","6":"product_brand-research-chemical","7":"product_cat-3-fpm","8":"product_cat-3-fpm-pellets","9":"product_cat-bijna-verboden","10":"product_cat-gefluoreerden","11":"product_cat-pellets-for-pellet","12":"product_tag-3-fluorophenmetrazine","13":"product_tag-3-fpm","14":"product_tag-3fpm","15":"product_tag-nl","17":"first","18":"instock","19":"taxable","20":"shipping-taxable","21":"purchasable","22":"product-type-variable"},"_links":{"self":[{"href":"https:\/\/researchchemicalhub.com\/es\/wp-json\/wp\/v2\/product\/23611","targetHints":{"allow":["GET"]}}],"collection":[{"href":"https:\/\/researchchemicalhub.com\/es\/wp-json\/wp\/v2\/product"}],"about":[{"href":"https:\/\/researchchemicalhub.com\/es\/wp-json\/wp\/v2\/types\/product"}],"replies":[{"embeddable":true,"href":"https:\/\/researchchemicalhub.com\/es\/wp-json\/wp\/v2\/comments?post=23611"}],"version-history":[{"count":5,"href":"https:\/\/researchchemicalhub.com\/es\/wp-json\/wp\/v2\/product\/23611\/revisions"}],"predecessor-version":[{"id":27994,"href":"https:\/\/researchchemicalhub.com\/es\/wp-json\/wp\/v2\/product\/23611\/revisions\/27994"}],"wp:featuredmedia":[{"embeddable":true,"href":"https:\/\/researchchemicalhub.com\/es\/wp-json\/wp\/v2\/media\/28406"}],"wp:attachment":[{"href":"https:\/\/researchchemicalhub.com\/es\/wp-json\/wp\/v2\/media?parent=23611"}],"wp:term":[{"taxonomy":"product_brand","embeddable":true,"href":"https:\/\/researchchemicalhub.com\/es\/wp-json\/wp\/v2\/product_brand?post=23611"},{"taxonomy":"product_cat","embeddable":true,"href":"https:\/\/researchchemicalhub.com\/es\/wp-json\/wp\/v2\/product_cat?post=23611"},{"taxonomy":"product_tag","embeddable":true,"href":"https:\/\/researchchemicalhub.com\/es\/wp-json\/wp\/v2\/product_tag?post=23611"}],"curies":[{"name":"gracias","href":"https:\/\/api.w.org\/{rel}","templated":true}]}}