{"id":23521,"date":"2025-04-13T17:39:53","date_gmt":"2025-04-13T17:39:53","guid":{"rendered":"https:\/\/researchchemicalhub.com\/?post_type=product&#038;p=23521"},"modified":"2025-10-19T20:26:41","modified_gmt":"2025-10-19T20:26:41","slug":"fumarato-de-inmersion","status":"publish","type":"product","link":"https:\/\/researchchemicalhub.com\/es\/comercio\/luces-cortas\/fumarato-de-inmersion\/","title":{"rendered":"Fumarato de DiPT (N,N-diisopropiltriptamina)"},"content":{"rendered":"<h1><strong>Fumarato de DiPT \u2013 N,N-diisopropiltriptamina de pureza investigativa<\/strong><\/h1>\n<p data-start=\"3972\" data-end=\"4152\"><strong data-start=\"3972\" data-end=\"4017\">Fumarato de DiPT (N,N-diisopropiltriptamina)<\/strong> es un <strong data-start=\"4025\" data-end=\"4067\">compuesto de investigaci\u00f3n de alta pureza<\/strong>, dise\u00f1ado para <strong data-start=\"4084\" data-end=\"4149\">investigaci\u00f3n neurocient\u00edfica, farmacol\u00f3gica y anal\u00edtica<\/strong>. <span class=\"___SBox_epc1q-ko_ ___SText_zko9t-ko_\" data-ui-name=\"Link.Text\">fumarato de inmersi\u00f3n<\/span><\/p>\n<p data-start=\"4154\" data-end=\"4506\">Si <strong data-start=\"4158\" data-end=\"4231\">an\u00e1logo diisopropil-sustituido de DMT (N,N-dimetiltriptamina)<\/strong> \u00bfDiPT pertenece a la <strong data-start=\"4252\" data-end=\"4272\">clase de triptamina<\/strong> y est\u00e1 siendo investigado por su <strong data-start=\"4310\" data-end=\"4368\">actividad del receptor de serotonina (5-HT2A, 5-HT2C, 5-HT1A)<\/strong>Esto lo convierte en una conexi\u00f3n importante para <strong data-start=\"4418\" data-end=\"4459\">relaci\u00f3n estructura-actividad (SAR)<\/strong>-para investigar <strong data-start=\"4473\" data-end=\"4503\">estudios de afinidad de uni\u00f3n<\/strong>.<\/p>\n<p data-start=\"4508\" data-end=\"4687\">El <strong data-start=\"4511\" data-end=\"4531\">forma de sal de fumarato<\/strong> prev\u00e9 <strong data-start=\"4543\" data-end=\"4606\">Mejor estabilidad qu\u00edmica, solubilidad y vida \u00fatil<\/strong>, lo cual es esencial para realizar pruebas de laboratorio precisas y para el almacenamiento a largo plazo.<\/p>\n<blockquote data-start=\"4689\" data-end=\"4840\">\n<p data-start=\"4691\" data-end=\"4840\">\u26a0\ufe0f <strong data-start=\"4694\" data-end=\"4705\">N\u00d3TESE BIEN:<\/strong> Este producto es <strong data-start=\"4721\" data-end=\"4776\">destinado \u00fanicamente a la investigaci\u00f3n cient\u00edfica<\/strong> y <strong data-start=\"4780\" data-end=\"4837\">No apto para consumo humano ni animal<\/strong>.<\/p>\n<\/blockquote>\n<hr data-start=\"4842\" data-end=\"4845\" \/>\n<h3 data-start=\"4847\" data-end=\"4878\"><strong data-start=\"4851\" data-end=\"4878\">Caracter\u00edsticas principales<\/strong><\/h3>\n<ul data-start=\"4879\" data-end=\"5290\">\n<li data-start=\"4879\" data-end=\"4954\">\n<p data-start=\"4881\" data-end=\"4954\"><strong data-start=\"4881\" data-end=\"4907\">Alta pureza (\u226599%)<\/strong> \u2013 Comprobado mediante an\u00e1lisis HPLC, RMN y MS.<\/p>\n<\/li>\n<li data-start=\"4955\" data-end=\"5028\">\n<p data-start=\"4957\" data-end=\"5028\"><strong data-start=\"4957\" data-end=\"4986\">Forma de sal de fumarato estable<\/strong> \u2013 Aumenta la vida \u00fatil y la estabilidad.<\/p>\n<\/li>\n<li data-start=\"5029\" data-end=\"5116\">\n<p data-start=\"5031\" data-end=\"5116\"><strong data-start=\"5031\" data-end=\"5070\">Est\u00e1ndar de investigaci\u00f3n farmacol\u00f3gica<\/strong> \u2013 Adecuado para investigaci\u00f3n de receptores y SAR.<\/p>\n<\/li>\n<li data-start=\"5117\" data-end=\"5194\">\n<p data-start=\"5119\" data-end=\"5194\"><strong data-start=\"5119\" data-end=\"5144\">Producci\u00f3n similar a GMP<\/strong> \u2013 Calidad constante y reproducibilidad.<\/p>\n<\/li>\n<li data-start=\"5195\" data-end=\"5290\">\n<p data-start=\"5197\" data-end=\"5290\"><strong data-start=\"5197\" data-end=\"5219\">Embalaje seguro<\/strong> \u2013 Envasado herm\u00e9tico y a prueba de luz para protegerlo contra la degradaci\u00f3n.<\/p>\n<\/li>\n<\/ul>\n<hr data-start=\"5292\" data-end=\"5295\" \/>\n<h3 data-start=\"5297\" data-end=\"5314\"><strong data-start=\"5301\" data-end=\"5314\">Ventajas<\/strong><\/h3>\n<ul data-start=\"5315\" data-end=\"5612\">\n<li data-start=\"5315\" data-end=\"5395\">\n<p data-start=\"5317\" data-end=\"5395\">Soportes <strong data-start=\"5329\" data-end=\"5392\">Investigaci\u00f3n sobre los receptores de serotonina y los an\u00e1logos de triptamina<\/strong>.<\/p>\n<\/li>\n<li data-start=\"5396\" data-end=\"5456\">\n<p data-start=\"5398\" data-end=\"5456\"><strong data-start=\"5398\" data-end=\"5453\">Resultados de investigaci\u00f3n precisos y reproducibles<\/strong>.<\/p>\n<\/li>\n<li data-start=\"5457\" data-end=\"5538\">\n<p data-start=\"5459\" data-end=\"5538\"><strong data-start=\"5459\" data-end=\"5502\">Estabilidad y solubilidad mejoradas<\/strong> en comparaci\u00f3n con la forma de base libre.<\/p>\n<\/li>\n<li data-start=\"5539\" data-end=\"5612\">\n<p data-start=\"5541\" data-end=\"5612\">Adecuado para <strong data-start=\"5555\" data-end=\"5609\">investigaci\u00f3n acad\u00e9mica, farmacol\u00f3gica y anal\u00edtica<\/strong>.<\/p>\n<\/li>\n<\/ul>\n<hr data-start=\"5614\" data-end=\"5617\" \/>\n<h3 data-start=\"5619\" data-end=\"5634\"><strong data-start=\"5623\" data-end=\"5634\">Uso<\/strong><\/h3>\n<ul data-start=\"5635\" data-end=\"5906\">\n<li data-start=\"5635\" data-end=\"5705\">\n<p data-start=\"5637\" data-end=\"5705\">Solo para uso de <strong data-start=\"5662\" data-end=\"5702\">personal de laboratorio calificado<\/strong>.<\/p>\n<\/li>\n<li data-start=\"5706\" data-end=\"5782\">\n<p data-start=\"5708\" data-end=\"5782\">Utilice el material adecuado <strong data-start=\"5726\" data-end=\"5750\">equipo de protecci\u00f3n<\/strong> (guantes, gafas protectoras, bata de laboratorio).<\/p>\n<\/li>\n<li data-start=\"5783\" data-end=\"5847\">\n<p data-start=\"5785\" data-end=\"5847\">Ahorra en un <strong data-start=\"5800\" data-end=\"5834\">lugar fresco, seco y oscuro<\/strong> (15\u201325\u00b0C).<\/p>\n<\/li>\n<li data-start=\"5848\" data-end=\"5906\">\n<p data-start=\"5850\" data-end=\"5906\">No apto para consumo humano ni animal.<\/p>\n<\/li>\n<\/ul>\n<hr data-start=\"5908\" data-end=\"5911\" \/>\n<h3 data-start=\"5913\" data-end=\"5948\"><strong data-start=\"5917\" data-end=\"5948\">Preguntas frecuentes (FAQ)<\/strong><\/h3>\n<p data-start=\"5950\" data-end=\"6142\"><strong data-start=\"5950\" data-end=\"5995\">1. \u00bfPara qu\u00e9 se utiliza el fumarato DiPT?<\/strong><br data-start=\"5995\" data-end=\"5998\" \/>El fumarato DiPT se utiliza para <strong data-start=\"6032\" data-end=\"6077\">investigaci\u00f3n farmacol\u00f3gica y neuroqu\u00edmica<\/strong> a los receptores de serotonina y an\u00e1logos estructurales de triptamina.<\/p>\n<p data-start=\"6144\" data-end=\"6320\"><strong data-start=\"6144\" data-end=\"6198\">2. \u00bfEs seguro el fumarato DiPT para uso humano?<\/strong><br data-start=\"6198\" data-end=\"6201\" \/>No. Este producto es <strong data-start=\"6221\" data-end=\"6270\">destinado \u00fanicamente a fines de investigaci\u00f3n<\/strong> y no est\u00e1 aprobado para el consumo humano.<\/p>\n<p data-start=\"6322\" data-end=\"6489\"><strong data-start=\"6322\" data-end=\"6367\">3. \u00bfC\u00f3mo se debe almacenar el fumarato DiPT?<\/strong><br data-start=\"6367\" data-end=\"6370\" \/>Guardar en un <strong data-start=\"6385\" data-end=\"6415\">embalaje bien sellado<\/strong> a temperatura ambiente (15\u201325\u00b0C), protegido de la humedad, el calor y la luz.<\/p>","protected":false},"excerpt":{"rendered":"<h3><span data-sheets-value=\"{\" data-sheets-userformat=\"{\"><span style=\"vertical-align: inherit;\"><span style=\"vertical-align: inherit;\">DiPT fumarate properties<\/span><\/span><\/span><\/h3>\n<p><strong><span style=\"vertical-align: inherit;\"><span style=\"vertical-align: inherit;\">Synonym:<\/span><\/span><\/strong><span style=\"vertical-align: inherit;\"><span style=\"vertical-align: inherit;\"> N,N-diisopropyltryptamine fumarate <\/span><\/span><br \/>\n<strong><span style=\"vertical-align: inherit;\"><span style=\"vertical-align: inherit;\">CAS Number:<\/span><\/span><\/strong><span style=\"vertical-align: inherit;\"><span style=\"vertical-align: inherit;\"> 14780-24-6 <\/span><\/span><br \/>\n<strong><span style=\"vertical-align: inherit;\"><span style=\"vertical-align: inherit;\">Formula:<\/span><\/span><\/strong><span style=\"vertical-align: inherit;\"><span style=\"vertical-align: inherit;\"> 3-[2-(diisopropylamino)ethyl]-1H-indole fumarate <\/span><\/span><br \/>\n<strong><span style=\"vertical-align: inherit;\"><span style=\"vertical-align: inherit;\">Molar Mass:<\/span><\/span><\/strong><span style=\"vertical-align: inherit;\"><span style=\"vertical-align: inherit;\"> 360.5 g\/mol <\/span><\/span><br \/>\n<strong><span style=\"vertical-align: inherit;\"><span style=\"vertical-align: inherit;\">Purity:<\/span><\/span><\/strong><span style=\"vertical-align: inherit;\"><span style=\"vertical-align: inherit;\"> &gt;97%<\/span><\/span><\/p>\n","protected":false},"featured_media":20404,"comment_status":"closed","ping_status":"closed","template":"","meta":[],"product_brand":[],"product_cat":[510,381],"product_tag":[1171,1172,326],"class_list":{"0":"post-23521","1":"product","2":"type-product","3":"status-publish","4":"has-post-thumbnail","6":"product_cat-dipt","7":"product_cat-tryptamines","8":"product_tag-dipt-fumarate","9":"product_tag-dipt-fumarate-kopen","10":"product_tag-nl","12":"first","13":"instock","14":"taxable","15":"shipping-taxable","16":"purchasable","17":"product-type-variable"},"_links":{"self":[{"href":"https:\/\/researchchemicalhub.com\/es\/wp-json\/wp\/v2\/product\/23521","targetHints":{"allow":["GET"]}}],"collection":[{"href":"https:\/\/researchchemicalhub.com\/es\/wp-json\/wp\/v2\/product"}],"about":[{"href":"https:\/\/researchchemicalhub.com\/es\/wp-json\/wp\/v2\/types\/product"}],"replies":[{"embeddable":true,"href":"https:\/\/researchchemicalhub.com\/es\/wp-json\/wp\/v2\/comments?post=23521"}],"version-history":[{"count":4,"href":"https:\/\/researchchemicalhub.com\/es\/wp-json\/wp\/v2\/product\/23521\/revisions"}],"predecessor-version":[{"id":28031,"href":"https:\/\/researchchemicalhub.com\/es\/wp-json\/wp\/v2\/product\/23521\/revisions\/28031"}],"wp:featuredmedia":[{"embeddable":true,"href":"https:\/\/researchchemicalhub.com\/es\/wp-json\/wp\/v2\/media\/20404"}],"wp:attachment":[{"href":"https:\/\/researchchemicalhub.com\/es\/wp-json\/wp\/v2\/media?parent=23521"}],"wp:term":[{"taxonomy":"product_brand","embeddable":true,"href":"https:\/\/researchchemicalhub.com\/es\/wp-json\/wp\/v2\/product_brand?post=23521"},{"taxonomy":"product_cat","embeddable":true,"href":"https:\/\/researchchemicalhub.com\/es\/wp-json\/wp\/v2\/product_cat?post=23521"},{"taxonomy":"product_tag","embeddable":true,"href":"https:\/\/researchchemicalhub.com\/es\/wp-json\/wp\/v2\/product_tag?post=23521"}],"curies":[{"name":"gracias","href":"https:\/\/api.w.org\/{rel}","templated":true}]}}