{"id":23497,"date":"2025-04-13T17:39:53","date_gmt":"2025-04-13T17:39:53","guid":{"rendered":"https:\/\/researchchemicalhub.com\/?post_type=product&#038;p=23497"},"modified":"2025-10-30T09:23:01","modified_gmt":"2025-10-30T09:23:01","slug":"5-meo-dmt-freebase","status":"publish","type":"product","link":"https:\/\/researchchemicalhub.com\/es\/shop\/5-meo-dmt-kopen\/5-meo-dmt-freebase\/","title":{"rendered":"Base libre de 5-MeO-DMT"},"content":{"rendered":"<h3><strong><span dir=\"auto\" style=\"vertical-align: inherit;\"><span dir=\"auto\" style=\"vertical-align: inherit;\">Base libre de 5-MeO-DMT: documentaci\u00f3n cient\u00edfica del producto<\/span><\/span><\/strong><\/h3>\n<p data-start=\"4033\" data-end=\"4225\"><strong data-start=\"4033\" data-end=\"4090\">Base libre de 5-MeO-DMT (5-metoxi-N,N-dimetiltriptamina)<\/strong> es un <strong data-start=\"4098\" data-end=\"4140\">compuesto de investigaci\u00f3n de alta pureza<\/strong>, dise\u00f1ado para <strong data-start=\"4157\" data-end=\"4222\">investigaci\u00f3n neurocient\u00edfica, farmacol\u00f3gica y anal\u00edtica<\/strong>. <span class=\"___SBox_epc1q-ko_ ___SText_zko9t-ko_\" data-ui-name=\"Link.Text\">5 meo dmt base libre<\/span><\/p>\n<p data-start=\"4227\" data-end=\"4608\">Es un <strong data-start=\"4238\" data-end=\"4279\">alcaloide ind\u00f3lico de origen natural<\/strong>, relacionado con <strong data-start=\"4293\" data-end=\"4300\">DMT<\/strong>, y pertenece a la <strong data-start=\"4320\" data-end=\"4340\">clase de triptamina<\/strong>. Por el <strong data-start=\"4350\" data-end=\"4389\">sustituci\u00f3n de metoxi en la posici\u00f3n 5<\/strong> del anillo ind\u00f3lico, el 5-MeO-DMT exhibe propiedades \u00fanicas <strong data-start=\"4434\" data-end=\"4500\">propiedades de uni\u00f3n con los receptores de serotonina (5-HT1A y 5-HT2A)<\/strong>, lo que lo convierte en una valiosa herramienta de investigaci\u00f3n para <strong data-start=\"4556\" data-end=\"4597\">relaci\u00f3n estructura-actividad (SAR)<\/strong>-estudios.<\/p>\n<p data-start=\"4610\" data-end=\"4776\">El <strong data-start=\"4613\" data-end=\"4629\">forma de base libre<\/strong> ofrece una \u00f3ptima <strong data-start=\"4645\" data-end=\"4686\">pureza qu\u00edmica y solubilidad<\/strong>, ideal para experimentos de laboratorio controlados y estudios de referencia anal\u00edticos.<\/p>\n<blockquote data-start=\"4778\" data-end=\"4929\">\n<p data-start=\"4780\" data-end=\"4929\">\u26a0\ufe0f <strong data-start=\"4783\" data-end=\"4794\">N\u00d3TESE BIEN:<\/strong> Este producto es <strong data-start=\"4810\" data-end=\"4865\">destinado \u00fanicamente a la investigaci\u00f3n cient\u00edfica<\/strong> y <strong data-start=\"4869\" data-end=\"4926\">No apto para consumo humano ni animal<\/strong>.<\/p>\n<\/blockquote>\n<hr data-start=\"4931\" data-end=\"4934\" \/>\n<h3 data-start=\"4936\" data-end=\"4967\"><strong data-start=\"4940\" data-end=\"4967\">Caracter\u00edsticas principales<\/strong><\/h3>\n<ul data-start=\"4968\" data-end=\"5398\">\n<li data-start=\"4968\" data-end=\"5066\">\n<p data-start=\"4970\" data-end=\"5066\"><strong data-start=\"4970\" data-end=\"4996\">Alta pureza (\u226599%)<\/strong> \u2013 Probado en laboratorio para garantizar identidad, estabilidad y composici\u00f3n. <span class=\"___SBox_epc1q-ko_ ___SText_zko9t-ko_\" data-ui-name=\"Link.Text\">5 meo dmt base libre<\/span><\/p>\n<\/li>\n<li data-start=\"5067\" data-end=\"5154\">\n<p data-start=\"5069\" data-end=\"5154\"><strong data-start=\"5069\" data-end=\"5108\">Est\u00e1ndar de investigaci\u00f3n farmacol\u00f3gica<\/strong> \u2013 Adecuado para investigaci\u00f3n de receptores y SAR.<\/p>\n<\/li>\n<li data-start=\"5155\" data-end=\"5234\">\n<p data-start=\"5157\" data-end=\"5234\"><strong data-start=\"5157\" data-end=\"5173\">Formulario de base libre<\/strong> \u2013 Ofrece la m\u00e1xima versatilidad para la investigaci\u00f3n anal\u00edtica.<\/p>\n<\/li>\n<li data-start=\"5235\" data-end=\"5317\">\n<p data-start=\"5237\" data-end=\"5317\"><strong data-start=\"5237\" data-end=\"5262\">Producci\u00f3n similar a GMP<\/strong> \u2013 Consistencia y reproducibilidad garantizadas.<\/p>\n<\/li>\n<li data-start=\"5318\" data-end=\"5398\">\n<p data-start=\"5320\" data-end=\"5398\"><strong data-start=\"5320\" data-end=\"5342\">Embalaje seguro<\/strong> \u2013 Herm\u00e9tico y a prueba de luz para una protecci\u00f3n \u00f3ptima.<\/p>\n<\/li>\n<\/ul>\n<hr data-start=\"5400\" data-end=\"5403\" \/>\n<h3 data-start=\"5405\" data-end=\"5422\"><strong data-start=\"5409\" data-end=\"5422\">Ventajas<\/strong><\/h3>\n<ul data-start=\"5423\" data-end=\"5669\">\n<li data-start=\"5423\" data-end=\"5503\">\n<p data-start=\"5425\" data-end=\"5503\">Soportes <strong data-start=\"5437\" data-end=\"5500\">Investigaci\u00f3n sobre los receptores de serotonina y los an\u00e1logos de triptamina<\/strong>.<\/p>\n<\/li>\n<li data-start=\"5504\" data-end=\"5566\">\n<p data-start=\"5506\" data-end=\"5566\">Adecuado para <strong data-start=\"5520\" data-end=\"5563\">investigaci\u00f3n farmacol\u00f3gica y bioqu\u00edmica<\/strong>.<\/p>\n<\/li>\n<li data-start=\"5567\" data-end=\"5615\">\n<p data-start=\"5569\" data-end=\"5615\"><strong data-start=\"5569\" data-end=\"5612\">Excelente solubilidad y pureza.<\/strong>.<\/p>\n<\/li>\n<li data-start=\"5616\" data-end=\"5669\">\n<p data-start=\"5618\" data-end=\"5669\">Ideal para <strong data-start=\"5630\" data-end=\"5666\">uso acad\u00e9mico y anal\u00edtico<\/strong>.<\/p>\n<\/li>\n<\/ul>\n<hr data-start=\"5671\" data-end=\"5674\" \/>\n<h3 data-start=\"5676\" data-end=\"5691\"><strong data-start=\"5680\" data-end=\"5691\">Uso<\/strong><\/h3>\n<ul data-start=\"5692\" data-end=\"5963\">\n<li data-start=\"5692\" data-end=\"5762\">\n<p data-start=\"5694\" data-end=\"5762\">Solo para uso de <strong data-start=\"5719\" data-end=\"5759\">personal de laboratorio calificado<\/strong>.<\/p>\n<\/li>\n<li data-start=\"5763\" data-end=\"5839\">\n<p data-start=\"5765\" data-end=\"5839\">Utilice el material adecuado <strong data-start=\"5783\" data-end=\"5807\">equipo de protecci\u00f3n<\/strong> (guantes, gafas protectoras, bata de laboratorio).<\/p>\n<\/li>\n<li data-start=\"5840\" data-end=\"5904\">\n<p data-start=\"5842\" data-end=\"5904\">Ahorra en un <strong data-start=\"5857\" data-end=\"5891\">lugar fresco, seco y oscuro<\/strong> (15\u201325\u00b0C).<\/p>\n<\/li>\n<li data-start=\"5905\" data-end=\"5963\">\n<p data-start=\"5907\" data-end=\"5963\">No apto para consumo humano ni animal.<\/p>\n<\/li>\n<\/ul>\n<hr data-start=\"5965\" data-end=\"5968\" \/>\n<h3 data-start=\"5970\" data-end=\"6005\"><strong data-start=\"5974\" data-end=\"6005\">Preguntas frecuentes (FAQ)<\/strong><\/h3>\n<p data-start=\"6007\" data-end=\"6187\"><strong data-start=\"6007\" data-end=\"6057\">1. \u00bfPara qu\u00e9 se utiliza la base libre de 5-MeO-DMT?<\/strong><br data-start=\"6057\" data-end=\"6060\" \/>El 5-MeO-DMT se utiliza en <strong data-start=\"6088\" data-end=\"6133\">investigaci\u00f3n farmacol\u00f3gica y neuroqu\u00edmica<\/strong> a los receptores de serotonina y an\u00e1logos estructurales.<\/p>\n<p data-start=\"6189\" data-end=\"6370\"><strong data-start=\"6189\" data-end=\"6248\">2. \u00bfEs seguro el 5-MeO-DMT Freebase para uso humano?<\/strong><br data-start=\"6248\" data-end=\"6251\" \/>No. Este producto es <strong data-start=\"6271\" data-end=\"6320\">destinado \u00fanicamente a fines de investigaci\u00f3n<\/strong> y no est\u00e1 aprobado para el consumo humano.<\/p>\n<p data-start=\"6372\" data-end=\"6544\"><strong data-start=\"6372\" data-end=\"6422\">3. \u00bfC\u00f3mo se debe almacenar la base libre de 5-MeO-DMT?<\/strong><br data-start=\"6422\" data-end=\"6425\" \/>Guardar en un <strong data-start=\"6440\" data-end=\"6470\">embalaje bien sellado<\/strong> a temperatura ambiente (15\u201325\u00b0C), protegido de la humedad, el calor y la luz.<\/p>","protected":false},"excerpt":{"rendered":"<h3><span style=\"vertical-align: inherit;\"><span style=\"vertical-align: inherit;\"><span dir=\"auto\" style=\"vertical-align: inherit;\"><span dir=\"auto\" style=\"vertical-align: inherit;\">5-MeO-DMT freebase properties<\/span><\/span><\/span><\/span><\/h3>\n<p><strong><span style=\"vertical-align: inherit;\"><span style=\"vertical-align: inherit;\"><span dir=\"auto\" style=\"vertical-align: inherit;\"><span dir=\"auto\" style=\"vertical-align: inherit;\">Synonym:<\/span><\/span><\/span><\/span><\/strong><span style=\"vertical-align: inherit;\"><span style=\"vertical-align: inherit;\"><span dir=\"auto\" style=\"vertical-align: inherit;\"><span dir=\"auto\" style=\"vertical-align: inherit;\"> 5-methoxy-N,N-dimethyltryptamine <\/span><\/span><\/span><\/span><br \/>\n<strong><span style=\"vertical-align: inherit;\"><span style=\"vertical-align: inherit;\"><span dir=\"auto\" style=\"vertical-align: inherit;\"><span dir=\"auto\" style=\"vertical-align: inherit;\">CAS Number:<\/span><\/span><\/span><\/span><\/strong><span style=\"vertical-align: inherit;\"><span style=\"vertical-align: inherit;\"><span dir=\"auto\" style=\"vertical-align: inherit;\"><span dir=\"auto\" style=\"vertical-align: inherit;\"> 1019-45-0 <\/span><\/span><\/span><\/span><br \/>\n<strong><span style=\"vertical-align: inherit;\"><span style=\"vertical-align: inherit;\"><span dir=\"auto\" style=\"vertical-align: inherit;\"><span dir=\"auto\" style=\"vertical-align: inherit;\">Formula:<\/span><\/span><\/span><\/span><\/strong><span style=\"vertical-align: inherit;\"><span style=\"vertical-align: inherit;\"><span dir=\"auto\" style=\"vertical-align: inherit;\"><span dir=\"auto\" style=\"vertical-align: inherit;\"> 3-[2-(dimethylamino)ethyl]-5-methoxyindole <\/span><\/span><\/span><\/span><br \/>\n<strong><span style=\"vertical-align: inherit;\"><span style=\"vertical-align: inherit;\"><span dir=\"auto\" style=\"vertical-align: inherit;\"><span dir=\"auto\" style=\"vertical-align: inherit;\">Molar Mass:<\/span><\/span><\/span><\/span><\/strong><span style=\"vertical-align: inherit;\"><span style=\"vertical-align: inherit;\"><span dir=\"auto\" style=\"vertical-align: inherit;\"><span dir=\"auto\" style=\"vertical-align: inherit;\"> 218.3 g\/mol <\/span><\/span><\/span><\/span><br \/>\n<strong><span style=\"vertical-align: inherit;\"><span style=\"vertical-align: inherit;\"><span dir=\"auto\" style=\"vertical-align: inherit;\"><span dir=\"auto\" style=\"vertical-align: inherit;\">Purity:<\/span><\/span><\/span><\/span><\/strong><span style=\"vertical-align: inherit;\"><span style=\"vertical-align: inherit;\"><span dir=\"auto\" style=\"vertical-align: inherit;\"><span dir=\"auto\" style=\"vertical-align: inherit;\"> &gt;97%<\/span><\/span><\/span><\/span><\/p>\n","protected":false},"featured_media":28461,"comment_status":"closed","ping_status":"closed","template":"","meta":[],"product_brand":[],"product_cat":[511,381],"product_tag":[1164,624,326],"class_list":{"0":"post-23497","1":"product","2":"type-product","3":"status-publish","4":"has-post-thumbnail","6":"product_cat-5-meo-dmt-kopen","7":"product_cat-tryptamines","8":"product_tag-5-meo-dmt-freebase-kopen","9":"product_tag-5-meo-dmt-freebase","10":"product_tag-nl","12":"first","13":"instock","14":"taxable","15":"shipping-taxable","16":"purchasable","17":"product-type-variable"},"_links":{"self":[{"href":"https:\/\/researchchemicalhub.com\/es\/wp-json\/wp\/v2\/product\/23497","targetHints":{"allow":["GET"]}}],"collection":[{"href":"https:\/\/researchchemicalhub.com\/es\/wp-json\/wp\/v2\/product"}],"about":[{"href":"https:\/\/researchchemicalhub.com\/es\/wp-json\/wp\/v2\/types\/product"}],"replies":[{"embeddable":true,"href":"https:\/\/researchchemicalhub.com\/es\/wp-json\/wp\/v2\/comments?post=23497"}],"version-history":[{"count":5,"href":"https:\/\/researchchemicalhub.com\/es\/wp-json\/wp\/v2\/product\/23497\/revisions"}],"predecessor-version":[{"id":28025,"href":"https:\/\/researchchemicalhub.com\/es\/wp-json\/wp\/v2\/product\/23497\/revisions\/28025"}],"wp:featuredmedia":[{"embeddable":true,"href":"https:\/\/researchchemicalhub.com\/es\/wp-json\/wp\/v2\/media\/28461"}],"wp:attachment":[{"href":"https:\/\/researchchemicalhub.com\/es\/wp-json\/wp\/v2\/media?parent=23497"}],"wp:term":[{"taxonomy":"product_brand","embeddable":true,"href":"https:\/\/researchchemicalhub.com\/es\/wp-json\/wp\/v2\/product_brand?post=23497"},{"taxonomy":"product_cat","embeddable":true,"href":"https:\/\/researchchemicalhub.com\/es\/wp-json\/wp\/v2\/product_cat?post=23497"},{"taxonomy":"product_tag","embeddable":true,"href":"https:\/\/researchchemicalhub.com\/es\/wp-json\/wp\/v2\/product_tag?post=23497"}],"curies":[{"name":"gracias","href":"https:\/\/api.w.org\/{rel}","templated":true}]}}