{"id":23471,"date":"2025-04-13T17:39:49","date_gmt":"2025-04-13T17:39:49","guid":{"rendered":"https:\/\/researchchemicalhub.com\/?post_type=product&#038;p=23471"},"modified":"2025-10-19T20:39:55","modified_gmt":"2025-10-19T20:39:55","slug":"fumarato-de-4-horas","status":"publish","type":"product","link":"https:\/\/researchchemicalhub.com\/es\/comercio\/4-horas-mipt\/fumarato-de-4-horas\/","title":{"rendered":"fumarato de 4-HO-MiPT"},"content":{"rendered":"<h3><strong><span dir=\"auto\" style=\"vertical-align: inherit;\"><span dir=\"auto\" style=\"vertical-align: inherit;\">Fumarato de 4-HO-MiPT: descripci\u00f3n del producto, usos, beneficios, desventajas y preguntas frecuentes<\/span><\/span><\/strong><\/h3>\n<p data-start=\"4058\" data-end=\"4259\"><strong data-start=\"4058\" data-end=\"4123\">Fumarato de 4-HO-MiPT (4-hidroxi-N-metil-N-isopropiltriptamina)<\/strong> es un <strong data-start=\"4131\" data-end=\"4173\">compuesto de investigaci\u00f3n de alta pureza<\/strong>, desarrollado para <strong data-start=\"4191\" data-end=\"4256\">investigaci\u00f3n neurocient\u00edfica, farmacol\u00f3gica y anal\u00edtica<\/strong>Fumarato de 4-HO-MiPT<\/p>\n<p data-start=\"4261\" data-end=\"4597\">Como miembro de la <strong data-start=\"4276\" data-end=\"4312\">Clase de 4-hidroxitriptamina (4-HO)<\/strong> \u00bfEst\u00e1 relacionado estructuralmente con? <strong data-start=\"4344\" data-end=\"4368\">psilocina (4-HO-DMT)<\/strong> y otras triptaminas naturales. La <strong data-start=\"4407\" data-end=\"4440\">grupo hidroxilo en la posici\u00f3n 4<\/strong> influye en la <strong data-start=\"4455\" data-end=\"4504\">uni\u00f3n al receptor de serotonina (5-HT1A y 5-HT2A)<\/strong>, lo que hace que el 4-HO-MiPT sea valioso para <strong data-start=\"4543\" data-end=\"4584\">relaci\u00f3n estructura-actividad (SAR)<\/strong>-investigaci\u00f3n.<\/p>\n<p data-start=\"4599\" data-end=\"4793\">El <strong data-start=\"4602\" data-end=\"4622\">forma de sal de fumarato<\/strong> prev\u00e9 <strong data-start=\"4634\" data-end=\"4702\">Excelente estabilidad qu\u00edmica, solubilidad y vida \u00fatil.<\/strong>, lo que lo hace ideal para almacenamiento a largo plazo y aplicaciones de laboratorio controladas.<\/p>\n<blockquote data-start=\"4795\" data-end=\"4946\">\n<p data-start=\"4797\" data-end=\"4946\">\u26a0\ufe0f <strong data-start=\"4800\" data-end=\"4811\">N\u00d3TESE BIEN:<\/strong> Este producto es <strong data-start=\"4827\" data-end=\"4882\">destinado \u00fanicamente a la investigaci\u00f3n cient\u00edfica<\/strong> y <strong data-start=\"4886\" data-end=\"4943\">No apto para consumo humano ni animal<\/strong>.<\/p>\n<\/blockquote>\n<hr data-start=\"4948\" data-end=\"4951\" \/>\n<h3 data-start=\"4953\" data-end=\"4984\"><strong data-start=\"4957\" data-end=\"4984\">Caracter\u00edsticas principales<\/strong><\/h3>\n<ul data-start=\"4985\" data-end=\"5377\">\n<li data-start=\"4985\" data-end=\"5055\">\n<p data-start=\"4987\" data-end=\"5055\"><strong data-start=\"4987\" data-end=\"5013\">Alta pureza (\u226599%)<\/strong> \u2013 Confirmado por an\u00e1lisis HPLC y GC-MS.<\/p>\n<\/li>\n<li data-start=\"5056\" data-end=\"5130\">\n<p data-start=\"5058\" data-end=\"5130\"><strong data-start=\"5058\" data-end=\"5087\">Forma de sal de fumarato estable<\/strong> \u2013 Aumenta la estabilidad y la facilidad de uso.<\/p>\n<\/li>\n<li data-start=\"5131\" data-end=\"5218\">\n<p data-start=\"5133\" data-end=\"5218\"><strong data-start=\"5133\" data-end=\"5172\">Est\u00e1ndar de investigaci\u00f3n farmacol\u00f3gica<\/strong> \u2013 Adecuado para investigaci\u00f3n de receptores y SAR.<\/p>\n<\/li>\n<li data-start=\"5219\" data-end=\"5288\">\n<p data-start=\"5221\" data-end=\"5288\"><strong data-start=\"5221\" data-end=\"5246\">Producci\u00f3n similar a GMP<\/strong> \u2013 Garantiza la consistencia y la calidad.<\/p>\n<\/li>\n<li data-start=\"5289\" data-end=\"5377\">\n<p data-start=\"5291\" data-end=\"5377\"><strong data-start=\"5291\" data-end=\"5313\">Embalaje seguro<\/strong> \u2013 Envase herm\u00e9tico y a prueba de luz para m\u00e1xima protecci\u00f3n. Fumarato de 4-HO-MiPT<\/p>\n<\/li>\n<\/ul>\n<hr data-start=\"5379\" data-end=\"5382\" \/>\n<h3 data-start=\"5384\" data-end=\"5401\"><strong data-start=\"5388\" data-end=\"5401\">Ventajas<\/strong><\/h3>\n<ul data-start=\"5402\" data-end=\"5699\">\n<li data-start=\"5402\" data-end=\"5482\">\n<p data-start=\"5404\" data-end=\"5482\">Soportes <strong data-start=\"5416\" data-end=\"5479\">Investigaci\u00f3n sobre los receptores de serotonina y los an\u00e1logos de triptamina<\/strong>.<\/p>\n<\/li>\n<li data-start=\"5483\" data-end=\"5560\">\n<p data-start=\"5485\" data-end=\"5560\"><strong data-start=\"5485\" data-end=\"5530\">Resultados precisos y reproducibles<\/strong> en investigaci\u00f3n controlada.<\/p>\n<\/li>\n<li data-start=\"5561\" data-end=\"5627\">\n<p data-start=\"5563\" data-end=\"5627\"><strong data-start=\"5563\" data-end=\"5589\">Estabilidad mejorada<\/strong> relativo a la forma de base libre.<\/p>\n<\/li>\n<li data-start=\"5628\" data-end=\"5699\">\n<p data-start=\"5630\" data-end=\"5699\">Ideal para <strong data-start=\"5642\" data-end=\"5696\">investigaci\u00f3n acad\u00e9mica, farmacol\u00f3gica y anal\u00edtica<\/strong>.<\/p>\n<\/li>\n<\/ul>\n<hr data-start=\"5701\" data-end=\"5704\" \/>\n<h3 data-start=\"5706\" data-end=\"5721\"><strong data-start=\"5710\" data-end=\"5721\">Uso<\/strong><\/h3>\n<ul data-start=\"5722\" data-end=\"5993\">\n<li data-start=\"5722\" data-end=\"5792\">\n<p data-start=\"5724\" data-end=\"5792\">Solo para uso de <strong data-start=\"5749\" data-end=\"5789\">personal de laboratorio calificado<\/strong>.<\/p>\n<\/li>\n<li data-start=\"5793\" data-end=\"5869\">\n<p data-start=\"5795\" data-end=\"5869\">Utilice el material adecuado <strong data-start=\"5813\" data-end=\"5837\">equipo de protecci\u00f3n<\/strong> (guantes, gafas protectoras, bata de laboratorio).<\/p>\n<\/li>\n<li data-start=\"5870\" data-end=\"5934\">\n<p data-start=\"5872\" data-end=\"5934\">Ahorra en un <strong data-start=\"5887\" data-end=\"5921\">lugar fresco, seco y oscuro<\/strong> (15\u201325\u00b0C).<\/p>\n<\/li>\n<li data-start=\"5935\" data-end=\"5993\">\n<p data-start=\"5937\" data-end=\"5993\">No apto para consumo humano ni animal.<\/p>\n<\/li>\n<\/ul>\n<hr data-start=\"5995\" data-end=\"5998\" \/>\n<h3 data-start=\"6000\" data-end=\"6035\"><strong data-start=\"6004\" data-end=\"6035\">Preguntas frecuentes (FAQ)<\/strong><\/h3>\n<p data-start=\"6037\" data-end=\"6225\"><strong data-start=\"6037\" data-end=\"6087\">1. \u00bfPara qu\u00e9 se utiliza el fumarato de 4-HO-MiPT?<\/strong><br data-start=\"6087\" data-end=\"6090\" \/>El fumarato de 4-HO-MiPT se utiliza en <strong data-start=\"6127\" data-end=\"6172\">investigaci\u00f3n farmacol\u00f3gica y neuroqu\u00edmica<\/strong> a los receptores de serotonina y an\u00e1logos de triptamina.<\/p>\n<p data-start=\"6227\" data-end=\"6408\"><strong data-start=\"6227\" data-end=\"6286\">2. \u00bfEs seguro el fumarato de 4-HO-MiPT para uso humano?<\/strong><br data-start=\"6286\" data-end=\"6289\" \/>No. Este producto es <strong data-start=\"6309\" data-end=\"6358\">destinado \u00fanicamente a fines de investigaci\u00f3n<\/strong> y no est\u00e1 aprobado para el consumo humano.<\/p>\n<p data-start=\"6410\" data-end=\"6582\"><strong data-start=\"6410\" data-end=\"6460\">3. \u00bfC\u00f3mo se debe almacenar el fumarato de 4-HO-MiPT?<\/strong><br data-start=\"6460\" data-end=\"6463\" \/>Guardar en un <strong data-start=\"6478\" data-end=\"6508\">embalaje bien sellado<\/strong> a temperatura ambiente (15\u201325\u00b0C), protegido de la humedad, el calor y la luz.<\/p>","protected":false},"excerpt":{"rendered":"<h3><span data-sheets-value=\"{\" data-sheets-userformat=\"{\"><span style=\"vertical-align: inherit;\"><span style=\"vertical-align: inherit;\"><span dir=\"auto\" style=\"vertical-align: inherit;\"><span dir=\"auto\" style=\"vertical-align: inherit;\">4-HO-MiPT fumarate properties<\/span><\/span><\/span><\/span><\/span><\/h3>\n<p><strong><span style=\"vertical-align: inherit;\"><span style=\"vertical-align: inherit;\"><span dir=\"auto\" style=\"vertical-align: inherit;\"><span dir=\"auto\" style=\"vertical-align: inherit;\">Synonym:<\/span><\/span><\/span><\/span><\/strong><span style=\"vertical-align: inherit;\"><span style=\"vertical-align: inherit;\"><span dir=\"auto\" style=\"vertical-align: inherit;\"><span dir=\"auto\" style=\"vertical-align: inherit;\"> 4-hydroxy-N-methyl-N-isopropyltryptamine fumarate <\/span><\/span><\/span><\/span><br \/>\n<strong><span style=\"vertical-align: inherit;\"><span style=\"vertical-align: inherit;\"><span dir=\"auto\" style=\"vertical-align: inherit;\"><span dir=\"auto\" style=\"vertical-align: inherit;\">CAS Number:<\/span><\/span><\/span><\/span><\/strong><span style=\"vertical-align: inherit;\"><span style=\"vertical-align: inherit;\"><span dir=\"auto\" style=\"vertical-align: inherit;\"><span dir=\"auto\" style=\"vertical-align: inherit;\"> 77872-43-6 <\/span><\/span><\/span><\/span><br \/>\n<strong><span style=\"vertical-align: inherit;\"><span style=\"vertical-align: inherit;\"><span dir=\"auto\" style=\"vertical-align: inherit;\"><span dir=\"auto\" style=\"vertical-align: inherit;\">Formula:<\/span><\/span><\/span><\/span><\/strong><span style=\"vertical-align: inherit;\"><span style=\"vertical-align: inherit;\"><span dir=\"auto\" style=\"vertical-align: inherit;\"><span dir=\"auto\" style=\"vertical-align: inherit;\"> 3-[2-(isopropyl(methyl)amino)ethyl]-1H-indole-4-ol fumarate <\/span><\/span><\/span><\/span><br \/>\n<strong><span style=\"vertical-align: inherit;\"><span style=\"vertical-align: inherit;\"><span dir=\"auto\" style=\"vertical-align: inherit;\"><span dir=\"auto\" style=\"vertical-align: inherit;\">Molar Mass:<\/span><\/span><\/span><\/span><\/strong><span style=\"vertical-align: inherit;\"><span style=\"vertical-align: inherit;\"><span dir=\"auto\" style=\"vertical-align: inherit;\"><span dir=\"auto\" style=\"vertical-align: inherit;\"> 348.4 g\/mol <\/span><\/span><\/span><\/span><br \/>\n<strong><span style=\"vertical-align: inherit;\"><span style=\"vertical-align: inherit;\"><span dir=\"auto\" style=\"vertical-align: inherit;\"><span dir=\"auto\" style=\"vertical-align: inherit;\">Purity:<\/span><\/span><\/span><\/span><\/strong><span style=\"vertical-align: inherit;\"><span style=\"vertical-align: inherit;\"><span dir=\"auto\" style=\"vertical-align: inherit;\"><span dir=\"auto\" style=\"vertical-align: inherit;\"> &gt;97%<\/span><\/span><\/span><\/span><\/p>\n","protected":false},"featured_media":20353,"comment_status":"closed","ping_status":"closed","template":"","meta":[],"product_brand":[],"product_cat":[505,381],"product_tag":[1156,1157,326],"class_list":{"0":"post-23471","1":"product","2":"type-product","3":"status-publish","4":"has-post-thumbnail","6":"product_cat-4-ho-mipt","7":"product_cat-tryptamines","8":"product_tag-4-ho-mipt-fumarate","9":"product_tag-4-ho-mipt-fumarate-kopen","10":"product_tag-nl","12":"first","13":"instock","14":"taxable","15":"shipping-taxable","16":"purchasable","17":"product-type-variable"},"_links":{"self":[{"href":"https:\/\/researchchemicalhub.com\/es\/wp-json\/wp\/v2\/product\/23471","targetHints":{"allow":["GET"]}}],"collection":[{"href":"https:\/\/researchchemicalhub.com\/es\/wp-json\/wp\/v2\/product"}],"about":[{"href":"https:\/\/researchchemicalhub.com\/es\/wp-json\/wp\/v2\/types\/product"}],"replies":[{"embeddable":true,"href":"https:\/\/researchchemicalhub.com\/es\/wp-json\/wp\/v2\/comments?post=23471"}],"version-history":[{"count":4,"href":"https:\/\/researchchemicalhub.com\/es\/wp-json\/wp\/v2\/product\/23471\/revisions"}],"predecessor-version":[{"id":28036,"href":"https:\/\/researchchemicalhub.com\/es\/wp-json\/wp\/v2\/product\/23471\/revisions\/28036"}],"wp:featuredmedia":[{"embeddable":true,"href":"https:\/\/researchchemicalhub.com\/es\/wp-json\/wp\/v2\/media\/20353"}],"wp:attachment":[{"href":"https:\/\/researchchemicalhub.com\/es\/wp-json\/wp\/v2\/media?parent=23471"}],"wp:term":[{"taxonomy":"product_brand","embeddable":true,"href":"https:\/\/researchchemicalhub.com\/es\/wp-json\/wp\/v2\/product_brand?post=23471"},{"taxonomy":"product_cat","embeddable":true,"href":"https:\/\/researchchemicalhub.com\/es\/wp-json\/wp\/v2\/product_cat?post=23471"},{"taxonomy":"product_tag","embeddable":true,"href":"https:\/\/researchchemicalhub.com\/es\/wp-json\/wp\/v2\/product_tag?post=23471"}],"curies":[{"name":"gracias","href":"https:\/\/api.w.org\/{rel}","templated":true}]}}