{"id":23304,"date":"2025-04-13T17:39:31","date_gmt":"2025-04-13T17:39:31","guid":{"rendered":"https:\/\/researchchemicalhub.com\/?post_type=product&#038;p=23304"},"modified":"2025-10-30T10:18:10","modified_gmt":"2025-10-30T10:18:10","slug":"comprar-etizolam","status":"publish","type":"product","link":"https:\/\/researchchemicalhub.com\/es\/comercio\/prohibido\/comprar-etizolam\/","title":{"rendered":"Papel secante de etizolam 1 mg"},"content":{"rendered":"<h1><span dir=\"auto\" style=\"vertical-align: inherit;\"><span dir=\"auto\" style=\"vertical-align: inherit;\">Papel secante de Etizolam 1 mg: material de investigaci\u00f3n profesional para aplicaciones cient\u00edficas<\/span><\/span><\/h1>\n<p data-start=\"3736\" data-end=\"3880\"><strong data-start=\"3736\" data-end=\"3761\">Papel secante de etizolam 1 mg<\/strong> contener <strong data-start=\"3771\" data-end=\"3807\">1 miligramo de Etizolam por papel secante<\/strong>, dosificado con precisi\u00f3n para <strong data-start=\"3835\" data-end=\"3877\">investigaci\u00f3n farmacol\u00f3gica y anal\u00edtica<\/strong>comprar etizolam<\/p>\n<p data-start=\"3882\" data-end=\"4147\">El etizolam es un <strong data-start=\"3898\" data-end=\"3928\">compuesto de tienodiazepina<\/strong>, estructuralmente relacionado con las benzodiazepinas, y se est\u00e1 investigando por sus efectos sobre <strong data-start=\"4015\" data-end=\"4036\">Receptores GABA-A<\/strong>Se utiliza a menudo en <strong data-start=\"4065\" data-end=\"4098\">investigaci\u00f3n neurofarmacol\u00f3gica<\/strong> a propiedades ansiol\u00edticas y sedantes.<\/p>\n<p data-start=\"4149\" data-end=\"4377\">Cada papel secante se fabrica bajo <strong data-start=\"4186\" data-end=\"4224\">estrictas condiciones de laboratorio<\/strong>, de <strong data-start=\"4230\" data-end=\"4265\">Etizolam de alta pureza (\u226599%)<\/strong> en <strong data-start=\"4269\" data-end=\"4297\">art\u00edculo digno de investigaci\u00f3n<\/strong>, lo que garantiza <strong data-start=\"4314\" data-end=\"4374\">Absorci\u00f3n uniforme y rendimiento anal\u00edtico consistente<\/strong>.<\/p>\n<blockquote data-start=\"4379\" data-end=\"4534\">\n<p data-start=\"4381\" data-end=\"4534\">\u26a0\ufe0f <strong data-start=\"4384\" data-end=\"4395\">N\u00d3TESE BIEN:<\/strong> Estos secantes son <strong data-start=\"4415\" data-end=\"4470\">destinado \u00fanicamente a la investigaci\u00f3n cient\u00edfica<\/strong> y <strong data-start=\"4474\" data-end=\"4531\">No apto para consumo humano ni animal<\/strong>.<\/p>\n<\/blockquote>\n<hr data-start=\"4536\" data-end=\"4539\" \/>\n<h3 data-start=\"4541\" data-end=\"4572\"><strong data-start=\"4545\" data-end=\"4572\">Caracter\u00edsticas principales<\/strong><\/h3>\n<ul data-start=\"4573\" data-end=\"5008\">\n<li data-start=\"4573\" data-end=\"4662\">\n<p data-start=\"4575\" data-end=\"4662\"><strong data-start=\"4575\" data-end=\"4617\">Dosis precisa (1 mg por papel secante)<\/strong> \u2013 Para obtener resultados anal\u00edticos fiables.<\/p>\n<\/li>\n<li data-start=\"4663\" data-end=\"4737\">\n<p data-start=\"4665\" data-end=\"4737\"><strong data-start=\"4665\" data-end=\"4691\">Alta pureza (\u226599%)<\/strong> \u2013 Comprobado mediante an\u00e1lisis HPLC y GC-MS.<\/p>\n<\/li>\n<li data-start=\"4738\" data-end=\"4820\">\n<p data-start=\"4740\" data-end=\"4820\"><strong data-start=\"4740\" data-end=\"4762\">Distribuci\u00f3n uniforme<\/strong> \u2013 Recubrimiento uniforme para obtener resultados de prueba consistentes.<\/p>\n<\/li>\n<li data-start=\"4821\" data-end=\"4918\">\n<p data-start=\"4823\" data-end=\"4918\"><strong data-start=\"4823\" data-end=\"4862\">Est\u00e1ndar de investigaci\u00f3n farmacol\u00f3gica<\/strong> \u2013 Adecuado para investigaci\u00f3n de receptores y bioanal\u00edtica.<\/p>\n<\/li>\n<li data-start=\"4919\" data-end=\"5008\">\n<p data-start=\"4921\" data-end=\"5008\"><strong data-start=\"4921\" data-end=\"4943\">Embalaje seguro<\/strong> Protegido de la luz y la humedad para una larga vida \u00fatil. Comprar etizolam.<\/p>\n<\/li>\n<\/ul>\n<hr data-start=\"5010\" data-end=\"5013\" \/>\n<h3 data-start=\"5015\" data-end=\"5032\"><strong data-start=\"5019\" data-end=\"5032\">Ventajas<\/strong><\/h3>\n<ul data-start=\"5033\" data-end=\"5328\">\n<li data-start=\"5033\" data-end=\"5120\">\n<p data-start=\"5035\" data-end=\"5120\">Soportes <strong data-start=\"5047\" data-end=\"5117\">Investigaci\u00f3n sobre los receptores GABA-A y los procesos neurofarmacol\u00f3gicos<\/strong>.<\/p>\n<\/li>\n<li data-start=\"5121\" data-end=\"5181\">\n<p data-start=\"5123\" data-end=\"5181\"><strong data-start=\"5123\" data-end=\"5178\">Resultados de investigaci\u00f3n precisos y reproducibles<\/strong>.<\/p>\n<\/li>\n<li data-start=\"5182\" data-end=\"5254\">\n<p data-start=\"5184\" data-end=\"5254\"><strong data-start=\"5184\" data-end=\"5226\">F\u00e1cil de manipular y almacenar.<\/strong> para uso de laboratorio.<\/p>\n<\/li>\n<li data-start=\"5255\" data-end=\"5328\">\n<p data-start=\"5257\" data-end=\"5328\">Adecuado para <strong data-start=\"5271\" data-end=\"5325\">investigaci\u00f3n acad\u00e9mica, farmacol\u00f3gica y anal\u00edtica<\/strong>.<\/p>\n<\/li>\n<\/ul>\n<hr data-start=\"5330\" data-end=\"5333\" \/>\n<h3 data-start=\"5335\" data-end=\"5350\"><strong data-start=\"5339\" data-end=\"5350\">Uso<\/strong><\/h3>\n<ul data-start=\"5351\" data-end=\"5622\">\n<li data-start=\"5351\" data-end=\"5421\">\n<p data-start=\"5353\" data-end=\"5421\">Solo para uso de <strong data-start=\"5378\" data-end=\"5418\">personal de laboratorio calificado<\/strong>.<\/p>\n<\/li>\n<li data-start=\"5422\" data-end=\"5498\">\n<p data-start=\"5424\" data-end=\"5498\">Utilice el material adecuado <strong data-start=\"5442\" data-end=\"5466\">equipo de protecci\u00f3n<\/strong> (guantes, gafas protectoras, bata de laboratorio).<\/p>\n<\/li>\n<li data-start=\"5499\" data-end=\"5563\">\n<p data-start=\"5501\" data-end=\"5563\">Ahorra en un <strong data-start=\"5516\" data-end=\"5550\">lugar fresco, seco y oscuro<\/strong> (15\u201325\u00b0C).<\/p>\n<\/li>\n<li data-start=\"5564\" data-end=\"5622\">\n<p data-start=\"5566\" data-end=\"5622\">No apto para consumo humano ni animal.<\/p>\n<\/li>\n<\/ul>\n<hr data-start=\"5624\" data-end=\"5627\" \/>\n<h3 data-start=\"5629\" data-end=\"5664\"><strong data-start=\"5633\" data-end=\"5664\">Preguntas frecuentes (FAQ)<\/strong><\/h3>\n<p data-start=\"5666\" data-end=\"5841\"><strong data-start=\"5666\" data-end=\"5720\">1. \u00bfPara qu\u00e9 se utilizan los secantes de Etizolam 1 mg?<\/strong><br data-start=\"5720\" data-end=\"5723\" \/>Los secantes de Etizolam 1 mg se utilizan en <strong data-start=\"5764\" data-end=\"5806\">investigaci\u00f3n anal\u00edtica y farmacol\u00f3gica<\/strong> a las interacciones del receptor GABA-A.<\/p>\n<p data-start=\"5843\" data-end=\"6029\"><strong data-start=\"5843\" data-end=\"5903\">2. \u00bfSon seguros los papeles secantes de Etizolam para uso humano?<\/strong><br data-start=\"5903\" data-end=\"5906\" \/>No. Estos secantes son <strong data-start=\"5930\" data-end=\"5979\">destinado \u00fanicamente a fines de investigaci\u00f3n<\/strong> y no est\u00e1 aprobado para el consumo humano.<\/p>\n<p data-start=\"6031\" data-end=\"6169\"><strong data-start=\"6031\" data-end=\"6082\">3. \u00bfC\u00f3mo deben conservarse los secantes de Etizolam?<\/strong><br data-start=\"6082\" data-end=\"6085\" \/>Guardar en un <strong data-start=\"6100\" data-end=\"6135\">embalaje libre de luz y humedad<\/strong> a temperatura ambiente (15\u201325\u00b0C).<\/p>","protected":false},"excerpt":{"rendered":"<h2><strong><span dir=\"auto\" style=\"vertical-align: inherit;\"><span dir=\"auto\" style=\"vertical-align: inherit;\">Etizolam 1mg Blotters<\/span><\/span><\/strong><\/h2>\n<p><span dir=\"auto\" style=\"vertical-align: inherit;\"><span dir=\"auto\" style=\"vertical-align: inherit;\">CAS Number: 40054-69-1 <\/span><\/span><br \/>\n<span dir=\"auto\" style=\"vertical-align: inherit;\"><span dir=\"auto\" style=\"vertical-align: inherit;\">Formula: 4-(2-chlorophenyl)-2-ethyl-9-methyl-6H-thieno[3,2-f][1,2,4]triazolo[4,3-a][1,4]diazepine <\/span><\/span><br \/>\n<span dir=\"auto\" style=\"vertical-align: inherit;\"><span dir=\"auto\" style=\"vertical-align: inherit;\">Molecular mass: 342.8 g\/mol <\/span><\/span><br \/>\n<span dir=\"auto\" style=\"vertical-align: inherit;\"><span dir=\"auto\" style=\"vertical-align: inherit;\">Purity: \u2265 99%<\/span><\/span><\/p>\n","protected":false},"featured_media":28518,"comment_status":"closed","ping_status":"closed","template":"","meta":[],"product_brand":[82],"product_cat":[488],"product_tag":[917,922,1130,326],"class_list":{"0":"post-23304","1":"product","2":"type-product","3":"status-publish","4":"has-post-thumbnail","6":"product_brand-research-chemical","7":"product_cat-verboden","8":"product_tag-etizolam","9":"product_tag-etizolam-blotters","10":"product_tag-etizolam-kopen","11":"product_tag-nl","13":"first","14":"instock","15":"taxable","16":"shipping-taxable","17":"purchasable","18":"product-type-simple"},"_links":{"self":[{"href":"https:\/\/researchchemicalhub.com\/es\/wp-json\/wp\/v2\/product\/23304","targetHints":{"allow":["GET"]}}],"collection":[{"href":"https:\/\/researchchemicalhub.com\/es\/wp-json\/wp\/v2\/product"}],"about":[{"href":"https:\/\/researchchemicalhub.com\/es\/wp-json\/wp\/v2\/types\/product"}],"replies":[{"embeddable":true,"href":"https:\/\/researchchemicalhub.com\/es\/wp-json\/wp\/v2\/comments?post=23304"}],"version-history":[{"count":6,"href":"https:\/\/researchchemicalhub.com\/es\/wp-json\/wp\/v2\/product\/23304\/revisions"}],"predecessor-version":[{"id":28043,"href":"https:\/\/researchchemicalhub.com\/es\/wp-json\/wp\/v2\/product\/23304\/revisions\/28043"}],"wp:featuredmedia":[{"embeddable":true,"href":"https:\/\/researchchemicalhub.com\/es\/wp-json\/wp\/v2\/media\/28518"}],"wp:attachment":[{"href":"https:\/\/researchchemicalhub.com\/es\/wp-json\/wp\/v2\/media?parent=23304"}],"wp:term":[{"taxonomy":"product_brand","embeddable":true,"href":"https:\/\/researchchemicalhub.com\/es\/wp-json\/wp\/v2\/product_brand?post=23304"},{"taxonomy":"product_cat","embeddable":true,"href":"https:\/\/researchchemicalhub.com\/es\/wp-json\/wp\/v2\/product_cat?post=23304"},{"taxonomy":"product_tag","embeddable":true,"href":"https:\/\/researchchemicalhub.com\/es\/wp-json\/wp\/v2\/product_tag?post=23304"}],"curies":[{"name":"gracias","href":"https:\/\/api.w.org\/{rel}","templated":true}]}}