{"id":23273,"date":"2025-04-13T17:39:27","date_gmt":"2025-04-13T17:39:27","guid":{"rendered":"https:\/\/researchchemicalhub.com\/?post_type=product&#038;p=23273"},"modified":"2025-10-30T11:54:19","modified_gmt":"2025-10-30T11:54:19","slug":"5-mapb","status":"publish","type":"product","link":"https:\/\/researchchemicalhub.com\/es\/shop\/5-mapb\/5-mapb\/","title":{"rendered":"5-MAPB"},"content":{"rendered":"<h1><span dir=\"auto\" style=\"vertical-align: inherit;\"><span dir=\"auto\" style=\"vertical-align: inherit;\"><span dir=\"auto\" style=\"vertical-align: inherit;\"><span dir=\"auto\" style=\"vertical-align: inherit;\">5-mapb: Sustancia qu\u00edmica de investigaci\u00f3n de primera calidad para estudios farmacol\u00f3gicos<\/span><\/span><\/span><\/span><\/h1>\n<ul>\n<li>\n<p data-start=\"6735\" data-end=\"6969\"><strong data-start=\"6735\" data-end=\"6745\"><span dir=\"auto\" style=\"vertical-align: inherit;\"><span dir=\"auto\" style=\"vertical-align: inherit;\">5-MAPB<\/span><\/span><\/strong><span dir=\"auto\" style=\"vertical-align: inherit;\"><span dir=\"auto\" style=\"vertical-align: inherit;\"> , or <\/span><\/span><strong data-start=\"6750\" data-end=\"6787\"><span dir=\"auto\" style=\"vertical-align: inherit;\"><span dir=\"auto\" style=\"vertical-align: inherit;\">5-(2-Metilaminopropil)benzofurano<\/span><\/span><\/strong><span dir=\"auto\" style=\"vertical-align: inherit;\"><span dir=\"auto\" style=\"vertical-align: inherit;\"> , es un <\/span><\/span><strong data-start=\"6796\" data-end=\"6819\"><span dir=\"auto\" style=\"vertical-align: inherit;\"><span dir=\"auto\" style=\"vertical-align: inherit;\">benzofuran derivative<\/span><\/span><\/strong><span dir=\"auto\" style=\"vertical-align: inherit;\"><span dir=\"auto\" style=\"vertical-align: inherit;\"> studied in <\/span><\/span><strong data-start=\"6848\" data-end=\"6889\"><span dir=\"auto\" style=\"vertical-align: inherit;\"><span dir=\"auto\" style=\"vertical-align: inherit;\">neurochemical and forensic research<\/span><\/span><\/strong><span dir=\"auto\" style=\"vertical-align: inherit;\"><span dir=\"auto\" style=\"vertical-align: inherit;\"> . It is structurally related to <\/span><\/span><strong data-start=\"6922\" data-end=\"6930\"><span dir=\"auto\" style=\"vertical-align: inherit;\"><span dir=\"auto\" style=\"vertical-align: inherit;\">MDMA<\/span><\/span><\/strong><span dir=\"auto\" style=\"vertical-align: inherit;\"><span dir=\"auto\" style=\"vertical-align: inherit;\"> y <\/span><\/span><strong data-start=\"6934\" data-end=\"6966\"><span dir=\"auto\" style=\"vertical-align: inherit;\"><span dir=\"auto\" style=\"vertical-align: inherit;\">related amphetamine derivatives<\/span><\/span><\/strong><span dir=\"auto\" style=\"vertical-align: inherit;\"><span dir=\"auto\" style=\"vertical-align: inherit;\"> . <\/span><\/span><span class=\"___SBox_epc1q-ko_ ___SText_zko9t-ko_\" data-ui-name=\"Link.Text\"><span dir=\"auto\" style=\"vertical-align: inherit;\"><span dir=\"auto\" style=\"vertical-align: inherit;\">5-MAPB<\/span><\/span><\/span><\/p>\n<p data-start=\"6971\" data-end=\"7255\"><span dir=\"auto\" style=\"vertical-align: inherit;\"><span dir=\"auto\" style=\"vertical-align: inherit;\">Although it has been found in some cases in the context of <\/span><\/span><strong data-start=\"7036\" data-end=\"7074\"><span dir=\"auto\" style=\"vertical-align: inherit;\"><span dir=\"auto\" style=\"vertical-align: inherit;\">novel psychoactive substances (NPS)<\/span><\/span><\/strong><span dir=\"auto\" style=\"vertical-align: inherit;\"><span dir=\"auto\" style=\"vertical-align: inherit;\"> , <\/span><\/span><strong data-start=\"7079\" data-end=\"7129\"><span dir=\"auto\" style=\"vertical-align: inherit;\"><span dir=\"auto\" style=\"vertical-align: inherit;\">5-MAPB is not approved for human use<\/span><\/span><\/strong><span dir=\"auto\" style=\"vertical-align: inherit;\"><span dir=\"auto\" style=\"vertical-align: inherit;\"> . Researchers are studying it to gain a better understanding of <\/span><\/span><strong data-start=\"7189\" data-end=\"7208\"><span dir=\"auto\" style=\"vertical-align: inherit;\"><span dir=\"auto\" style=\"vertical-align: inherit;\">uni\u00f3n al receptor<\/span><\/span><\/strong><span dir=\"auto\" style=\"vertical-align: inherit;\"><span dir=\"auto\" style=\"vertical-align: inherit;\"> , <\/span><\/span><strong data-start=\"7210\" data-end=\"7230\"><span dir=\"auto\" style=\"vertical-align: inherit;\"><span dir=\"auto\" style=\"vertical-align: inherit;\">neurotransmission<\/span><\/span><\/strong><span dir=\"auto\" style=\"vertical-align: inherit;\"><span dir=\"auto\" style=\"vertical-align: inherit;\"> , y <\/span><\/span><strong data-start=\"7234\" data-end=\"7254\"><span dir=\"auto\" style=\"vertical-align: inherit;\"><span dir=\"auto\" style=\"vertical-align: inherit;\">detection methods<\/span><\/span><\/strong><span dir=\"auto\" style=\"vertical-align: inherit;\"><span dir=\"auto\" style=\"vertical-align: inherit;\"> .<\/span><\/span><\/p>\n<hr data-start=\"7257\" data-end=\"7260\" \/>\n<h2 data-start=\"7262\" data-end=\"7309\"><strong data-start=\"7265\" data-end=\"7309\"><span dir=\"auto\" style=\"vertical-align: inherit;\"><span dir=\"auto\" style=\"vertical-align: inherit;\">Chemical and Pharmacological Background<\/span><\/span><\/strong><\/h2>\n<p data-start=\"7311\" data-end=\"7336\"><strong data-start=\"7311\" data-end=\"7336\"><span dir=\"auto\" style=\"vertical-align: inherit;\"><span dir=\"auto\" style=\"vertical-align: inherit;\">Important information:<\/span><\/span><\/strong><\/p>\n<ul data-start=\"7337\" data-end=\"7633\">\n<li data-start=\"7337\" data-end=\"7399\">\n<p data-start=\"7339\" data-end=\"7399\"><strong data-start=\"7339\" data-end=\"7354\"><span dir=\"auto\" style=\"vertical-align: inherit;\"><span dir=\"auto\" style=\"vertical-align: inherit;\">IUPAC name:<\/span><\/span><\/strong><span dir=\"auto\" style=\"vertical-align: inherit;\"><span dir=\"auto\" style=\"vertical-align: inherit;\"> 1-(benzofuran-5-il)-N-metilpropan-2-amina<\/span><\/span><\/p>\n<\/li>\n<li data-start=\"7400\" data-end=\"7433\">\n<p data-start=\"7402\" data-end=\"7433\"><strong data-start=\"7402\" data-end=\"7422\"><span dir=\"auto\" style=\"vertical-align: inherit;\"><span dir=\"auto\" style=\"vertical-align: inherit;\">F\u00f3rmula molecular:<\/span><\/span><\/strong><span dir=\"auto\" style=\"vertical-align: inherit;\"><span dir=\"auto\" style=\"vertical-align: inherit;\"> C12H17NO<\/span><\/span><\/p>\n<\/li>\n<li data-start=\"7434\" data-end=\"7470\">\n<p data-start=\"7436\" data-end=\"7470\"><strong data-start=\"7436\" data-end=\"7454\"><span dir=\"auto\" style=\"vertical-align: inherit;\"><span dir=\"auto\" style=\"vertical-align: inherit;\">Masa molecular:<\/span><\/span><\/strong><span dir=\"auto\" style=\"vertical-align: inherit;\"><span dir=\"auto\" style=\"vertical-align: inherit;\"> \u00b1191.27 g\/mol<\/span><\/span><\/p>\n<\/li>\n<li data-start=\"7471\" data-end=\"7531\">\n<p data-start=\"7473\" data-end=\"7531\"><strong data-start=\"7473\" data-end=\"7494\"><span dir=\"auto\" style=\"vertical-align: inherit;\"><span dir=\"auto\" style=\"vertical-align: inherit;\">Chemical class:<\/span><\/span><\/strong><span dir=\"auto\" style=\"vertical-align: inherit;\"><span dir=\"auto\" style=\"vertical-align: inherit;\"> Benzofuran and amphetamine derivatives<\/span><\/span><\/p>\n<\/li>\n<li data-start=\"7532\" data-end=\"7633\">\n<p data-start=\"7534\" data-end=\"7633\"><strong data-start=\"7534\" data-end=\"7554\"><span dir=\"auto\" style=\"vertical-align: inherit;\"><span dir=\"auto\" style=\"vertical-align: inherit;\">Receptor action:<\/span><\/span><\/strong><span dir=\"auto\" style=\"vertical-align: inherit;\"><span dir=\"auto\" style=\"vertical-align: inherit;\"> Interaction with monoamine transporters (serotonin, dopamine, noradrenaline).<\/span><\/span><\/p>\n<\/li>\n<\/ul>\n<p data-start=\"7635\" data-end=\"7758\"><span dir=\"auto\" style=\"vertical-align: inherit;\"><span dir=\"auto\" style=\"vertical-align: inherit;\">El <\/span><\/span><strong data-start=\"7638\" data-end=\"7661\"><span dir=\"auto\" style=\"vertical-align: inherit;\"><span dir=\"auto\" style=\"vertical-align: inherit;\">benzofuran structure<\/span><\/span><\/strong><span dir=\"auto\" style=\"vertical-align: inherit;\"><span dir=\"auto\" style=\"vertical-align: inherit;\"> makes 5-MAPB valuable for studies of <\/span><\/span><strong data-start=\"7705\" data-end=\"7757\"><span dir=\"auto\" style=\"vertical-align: inherit;\"><span dir=\"auto\" style=\"vertical-align: inherit;\">receptor binding and pharmacological properties<\/span><\/span><\/strong><span dir=\"auto\" style=\"vertical-align: inherit;\"><span dir=\"auto\" style=\"vertical-align: inherit;\"> .<\/span><\/span><\/p>\n<hr data-start=\"7760\" data-end=\"7763\" \/>\n<h2 data-start=\"7765\" data-end=\"7807\"><strong data-start=\"7768\" data-end=\"7807\"><span dir=\"auto\" style=\"vertical-align: inherit;\"><span dir=\"auto\" style=\"vertical-align: inherit;\">Research characteristics and applications<\/span><\/span><\/strong><\/h2>\n<ul data-start=\"7809\" data-end=\"8066\">\n<li data-start=\"7809\" data-end=\"7871\">\n<p data-start=\"7811\" data-end=\"7871\"><strong data-start=\"7811\" data-end=\"7837\"><span dir=\"auto\" style=\"vertical-align: inherit;\"><span dir=\"auto\" style=\"vertical-align: inherit;\">Comparative study<\/span><\/span><\/strong><span dir=\"auto\" style=\"vertical-align: inherit;\"><span dir=\"auto\" style=\"vertical-align: inherit;\"> of MDMA and other amphetamines. <\/span><\/span><span class=\"___SBox_epc1q-ko_ ___SText_zko9t-ko_\" data-ui-name=\"Link.Text\"><span dir=\"auto\" style=\"vertical-align: inherit;\"><span dir=\"auto\" style=\"vertical-align: inherit;\">5-mapab<\/span><\/span><\/span><\/p>\n<\/li>\n<li data-start=\"7872\" data-end=\"7931\">\n<p data-start=\"7874\" data-end=\"7931\"><strong data-start=\"7874\" data-end=\"7908\"><span dir=\"auto\" style=\"vertical-align: inherit;\"><span dir=\"auto\" style=\"vertical-align: inherit;\">Analytical reference material<\/span><\/span><\/strong><span dir=\"auto\" style=\"vertical-align: inherit;\"><span dir=\"auto\" style=\"vertical-align: inherit;\"> for GC-MS and LC-MS.<\/span><\/span><\/p>\n<\/li>\n<li data-start=\"7932\" data-end=\"7994\">\n<p data-start=\"7934\" data-end=\"7994\"><strong data-start=\"7934\" data-end=\"7958\"><span dir=\"auto\" style=\"vertical-align: inherit;\"><span dir=\"auto\" style=\"vertical-align: inherit;\">Forensic detection<\/span><\/span><\/strong><span dir=\"auto\" style=\"vertical-align: inherit;\"><span dir=\"auto\" style=\"vertical-align: inherit;\"> of new psychoactive substances.<\/span><\/span><\/p>\n<\/li>\n<li data-start=\"7995\" data-end=\"8066\">\n<p data-start=\"7997\" data-end=\"8066\"><strong data-start=\"7997\" data-end=\"8044\"><span dir=\"auto\" style=\"vertical-align: inherit;\"><span dir=\"auto\" style=\"vertical-align: inherit;\">Supporting public health research<\/span><\/span><\/strong><span dir=\"auto\" style=\"vertical-align: inherit;\"><span dir=\"auto\" style=\"vertical-align: inherit;\"> in NPS monitoring.<\/span><\/span><\/p>\n<\/li>\n<\/ul>\n<hr data-start=\"8068\" data-end=\"8071\" \/>\n<h2 data-start=\"8073\" data-end=\"8117\"><strong data-start=\"8076\" data-end=\"8117\"><span dir=\"auto\" style=\"vertical-align: inherit;\"><span dir=\"auto\" style=\"vertical-align: inherit;\">Safety and Legal Considerations<\/span><\/span><\/strong><\/h2>\n<p data-start=\"8119\" data-end=\"8134\"><strong data-start=\"8119\" data-end=\"8134\"><span dir=\"auto\" style=\"vertical-align: inherit;\"><span dir=\"auto\" style=\"vertical-align: inherit;\">Safety:<\/span><\/span><\/strong><\/p>\n<ul data-start=\"8135\" data-end=\"8343\">\n<li data-start=\"8135\" data-end=\"8187\">\n<p data-start=\"8137\" data-end=\"8187\"><span dir=\"auto\" style=\"vertical-align: inherit;\"><span dir=\"auto\" style=\"vertical-align: inherit;\">To be handled only by <\/span><\/span><strong data-start=\"8158\" data-end=\"8184\"><span dir=\"auto\" style=\"vertical-align: inherit;\"><span dir=\"auto\" style=\"vertical-align: inherit;\">trained researchers<\/span><\/span><\/strong><span dir=\"auto\" style=\"vertical-align: inherit;\"><span dir=\"auto\" style=\"vertical-align: inherit;\"> .<\/span><\/span><\/p>\n<\/li>\n<li data-start=\"8188\" data-end=\"8239\">\n<p data-start=\"8190\" data-end=\"8239\"><span dir=\"auto\" style=\"vertical-align: inherit;\"><span dir=\"auto\" style=\"vertical-align: inherit;\">Wear <\/span><\/span><strong data-start=\"8196\" data-end=\"8236\"><span dir=\"auto\" style=\"vertical-align: inherit;\"><span dir=\"auto\" style=\"vertical-align: inherit;\">protective clothing and gloves<\/span><\/span><\/strong><span dir=\"auto\" style=\"vertical-align: inherit;\"><span dir=\"auto\" style=\"vertical-align: inherit;\"> .<\/span><\/span><\/p>\n<\/li>\n<li data-start=\"8240\" data-end=\"8280\">\n<p data-start=\"8242\" data-end=\"8280\"><span dir=\"auto\" style=\"vertical-align: inherit;\"><span dir=\"auto\" style=\"vertical-align: inherit;\">Avoid inhalation or direct contact.<\/span><\/span><\/p>\n<\/li>\n<li data-start=\"8281\" data-end=\"8343\">\n<p data-start=\"8283\" data-end=\"8343\"><span dir=\"auto\" style=\"vertical-align: inherit;\"><span dir=\"auto\" style=\"vertical-align: inherit;\">Store in <\/span><\/span><strong data-start=\"8293\" data-end=\"8319\"><span dir=\"auto\" style=\"vertical-align: inherit;\"><span dir=\"auto\" style=\"vertical-align: inherit;\">airtight containers<\/span><\/span><\/strong><span dir=\"auto\" style=\"vertical-align: inherit;\"><span dir=\"auto\" style=\"vertical-align: inherit;\"> at room temperature.<\/span><\/span><\/p>\n<\/li>\n<\/ul>\n<p data-start=\"8345\" data-end=\"8501\"><strong data-start=\"8345\" data-end=\"8367\"><span dir=\"auto\" style=\"vertical-align: inherit;\"><span dir=\"auto\" style=\"vertical-align: inherit;\">Legal status: 5-MAPB is classified under the <\/span><\/span><\/strong><span dir=\"auto\" style=\"vertical-align: inherit;\"><strong data-start=\"8411\" data-end=\"8423\"><span dir=\"auto\" style=\"vertical-align: inherit;\">Ley del Opio<\/span><\/strong><span dir=\"auto\" style=\"vertical-align: inherit;\"> o <\/span><strong data-start=\"8427\" data-end=\"8448\"><span dir=\"auto\" style=\"vertical-align: inherit;\">analogues legislation<\/span><\/strong><\/span><br data-start=\"8367\" data-end=\"8370\" \/><span dir=\"auto\" style=\"vertical-align: inherit;\"><span dir=\"auto\" style=\"vertical-align: inherit;\"> in most countries <\/span><span dir=\"auto\" style=\"vertical-align: inherit;\">. Use or possession without a license is <\/span><strong data-start=\"8488\" data-end=\"8500\"><span dir=\"auto\" style=\"vertical-align: inherit;\">ilegal<\/span><\/strong><span dir=\"auto\" style=\"vertical-align: inherit;\"> .<\/span><\/span><\/p>\n<hr data-start=\"8503\" data-end=\"8506\" \/>\n<h2 data-start=\"8508\" data-end=\"8542\"><strong data-start=\"8511\" data-end=\"8542\"><span dir=\"auto\" style=\"vertical-align: inherit;\"><span dir=\"auto\" style=\"vertical-align: inherit;\">Preguntas frecuentes (FAQ)<\/span><\/span><\/strong><\/h2>\n<h3 data-start=\"8544\" data-end=\"8588\"><strong data-start=\"8548\" data-end=\"8588\"><span dir=\"auto\" style=\"vertical-align: inherit;\"><span dir=\"auto\" style=\"vertical-align: inherit;\">1. What is 5-MAPB being studied for?<\/span><\/span><\/strong><\/h3>\n<p data-start=\"8589\" data-end=\"8701\"><span dir=\"auto\" style=\"vertical-align: inherit;\"><span dir=\"auto\" style=\"vertical-align: inherit;\">5-MAPB is being investigated for <\/span><\/span><strong data-start=\"8618\" data-end=\"8659\"><span dir=\"auto\" style=\"vertical-align: inherit;\"><span dir=\"auto\" style=\"vertical-align: inherit;\">neurochemical and forensic studies<\/span><\/span><\/strong><span dir=\"auto\" style=\"vertical-align: inherit;\"><span dir=\"auto\" style=\"vertical-align: inherit;\"> of serotonergic and dopaminergic systems.<\/span><\/span><\/p>\n<h3 data-start=\"8703\" data-end=\"8731\"><strong data-start=\"8707\" data-end=\"8731\"><span dir=\"auto\" style=\"vertical-align: inherit;\"><span dir=\"auto\" style=\"vertical-align: inherit;\">2. Is 5-MAPB legal?<\/span><\/span><\/strong><\/h3>\n<p data-start=\"8732\" data-end=\"8814\"><span dir=\"auto\" style=\"vertical-align: inherit;\"><span dir=\"auto\" style=\"vertical-align: inherit;\">In most countries, 5-MAPB is <\/span><\/span><strong data-start=\"8762\" data-end=\"8789\"><span dir=\"auto\" style=\"vertical-align: inherit;\"><span dir=\"auto\" style=\"vertical-align: inherit;\">regulated or banned<\/span><\/span><\/strong><span dir=\"auto\" style=\"vertical-align: inherit;\"><span dir=\"auto\" style=\"vertical-align: inherit;\"> as a controlled substance.<\/span><\/span><\/p>\n<h3 data-start=\"8816\" data-end=\"8867\"><strong data-start=\"8820\" data-end=\"8867\"><span dir=\"auto\" style=\"vertical-align: inherit;\"><span dir=\"auto\" style=\"vertical-align: inherit;\">3. How should 5-MAPB be handled safely?<\/span><\/span><\/strong><\/h3>\n<p data-start=\"8868\" data-end=\"8977\"><span dir=\"auto\" style=\"vertical-align: inherit;\"><span dir=\"auto\" style=\"vertical-align: inherit;\">Only <\/span><\/span><strong data-start=\"8875\" data-end=\"8915\"><span dir=\"auto\" style=\"vertical-align: inherit;\"><span dir=\"auto\" style=\"vertical-align: inherit;\">personal de laboratorio cualificado<\/span><\/span><\/strong><span dir=\"auto\" style=\"vertical-align: inherit;\"><span dir=\"auto\" style=\"vertical-align: inherit;\"> should handle 5-MAPB under <\/span><\/span><strong data-start=\"8942\" data-end=\"8976\"><span dir=\"auto\" style=\"vertical-align: inherit;\"><span dir=\"auto\" style=\"vertical-align: inherit;\">strict safety measures<\/span><\/span><\/strong><span dir=\"auto\" style=\"vertical-align: inherit;\"><span dir=\"auto\" style=\"vertical-align: inherit;\"> .<\/span><\/span><\/p>\n<\/li>\n<\/ul>","protected":false},"excerpt":{"rendered":"<h3><span dir=\"auto\" style=\"vertical-align: inherit;\"><span dir=\"auto\" style=\"vertical-align: inherit;\"><span dir=\"auto\" style=\"vertical-align: inherit;\"><span dir=\"auto\" style=\"vertical-align: inherit;\">Propiedades de 5-MAPB<\/span><\/span><\/span><\/span><\/h3>\n<p><strong><span dir=\"auto\" style=\"vertical-align: inherit;\"><span dir=\"auto\" style=\"vertical-align: inherit;\"><span dir=\"auto\" style=\"vertical-align: inherit;\"><span dir=\"auto\" style=\"vertical-align: inherit;\">Sin\u00f3nimo:<\/span><\/span><\/span><\/span><\/strong><span dir=\"auto\" style=\"vertical-align: inherit;\"><span dir=\"auto\" style=\"vertical-align: inherit;\"><span dir=\"auto\" style=\"vertical-align: inherit;\"><span dir=\"auto\" style=\"vertical-align: inherit;\"> 1-(benzofuran-5-il)-N-metilpropan-2-amina <\/span><\/span><\/span><\/span><br \/>\n<strong><span dir=\"auto\" style=\"vertical-align: inherit;\"><span dir=\"auto\" style=\"vertical-align: inherit;\"><span dir=\"auto\" style=\"vertical-align: inherit;\"><span dir=\"auto\" style=\"vertical-align: inherit;\">N\u00famero CAS:<\/span><\/span><\/span><\/span><\/strong><span dir=\"auto\" style=\"vertical-align: inherit;\"><span dir=\"auto\" style=\"vertical-align: inherit;\"><span dir=\"auto\" style=\"vertical-align: inherit;\"><span dir=\"auto\" style=\"vertical-align: inherit;\"> 1354631-77-8 <\/span><\/span><\/span><\/span><br \/>\n<strong><span dir=\"auto\" style=\"vertical-align: inherit;\"><span dir=\"auto\" style=\"vertical-align: inherit;\"><span dir=\"auto\" style=\"vertical-align: inherit;\"><span dir=\"auto\" style=\"vertical-align: inherit;\">F\u00f3rmula:<\/span><\/span><\/span><\/span><\/strong><span dir=\"auto\" style=\"vertical-align: inherit;\"><span dir=\"auto\" style=\"vertical-align: inherit;\"><span dir=\"auto\" style=\"vertical-align: inherit;\"><span dir=\"auto\" style=\"vertical-align: inherit;\"> fumarato de C12H15NO <\/span><\/span><\/span><\/span><br \/>\n<strong><span dir=\"auto\" style=\"vertical-align: inherit;\"><span dir=\"auto\" style=\"vertical-align: inherit;\"><span dir=\"auto\" style=\"vertical-align: inherit;\"><span dir=\"auto\" style=\"vertical-align: inherit;\">Masa molar:<\/span><\/span><\/span><\/span><\/strong><span dir=\"auto\" style=\"vertical-align: inherit;\"><span dir=\"auto\" style=\"vertical-align: inherit;\"><span dir=\"auto\" style=\"vertical-align: inherit;\"><span dir=\"auto\" style=\"vertical-align: inherit;\"> 189,25 g\/mol <\/span><\/span><\/span><\/span><br \/>\n<strong><span dir=\"auto\" style=\"vertical-align: inherit;\"><span dir=\"auto\" style=\"vertical-align: inherit;\"><span dir=\"auto\" style=\"vertical-align: inherit;\"><span dir=\"auto\" style=\"vertical-align: inherit;\">Pureza:<\/span><\/span><\/span><\/span><\/strong><span dir=\"auto\" style=\"vertical-align: inherit;\"><span dir=\"auto\" style=\"vertical-align: inherit;\"><span dir=\"auto\" style=\"vertical-align: inherit;\"><span dir=\"auto\" style=\"vertical-align: inherit;\"> &gt;98%<\/span><\/span><\/span><\/span><\/p>","protected":false},"featured_media":28457,"comment_status":"closed","ping_status":"closed","template":"","meta":[],"product_brand":[],"product_cat":[383,339,322],"product_tag":[109,110,1185,672,326],"class_list":{"0":"post-23273","1":"product","2":"type-product","3":"status-publish","4":"has-post-thumbnail","6":"product_cat-5-mapb","7":"product_cat-benzofuran","8":"product_cat-bijna-verboden","9":"product_tag-5-mapb","10":"product_tag-5-mapb-ervaring","11":"product_tag-5-mapb-kopen","12":"product_tag-5mabp","13":"product_tag-nl","15":"first","16":"instock","17":"taxable","18":"shipping-taxable","19":"purchasable","20":"product-type-variable"},"_links":{"self":[{"href":"https:\/\/researchchemicalhub.com\/es\/wp-json\/wp\/v2\/product\/23273","targetHints":{"allow":["GET"]}}],"collection":[{"href":"https:\/\/researchchemicalhub.com\/es\/wp-json\/wp\/v2\/product"}],"about":[{"href":"https:\/\/researchchemicalhub.com\/es\/wp-json\/wp\/v2\/types\/product"}],"replies":[{"embeddable":true,"href":"https:\/\/researchchemicalhub.com\/es\/wp-json\/wp\/v2\/comments?post=23273"}],"version-history":[{"count":7,"href":"https:\/\/researchchemicalhub.com\/es\/wp-json\/wp\/v2\/product\/23273\/revisions"}],"predecessor-version":[{"id":28755,"href":"https:\/\/researchchemicalhub.com\/es\/wp-json\/wp\/v2\/product\/23273\/revisions\/28755"}],"wp:featuredmedia":[{"embeddable":true,"href":"https:\/\/researchchemicalhub.com\/es\/wp-json\/wp\/v2\/media\/28457"}],"wp:attachment":[{"href":"https:\/\/researchchemicalhub.com\/es\/wp-json\/wp\/v2\/media?parent=23273"}],"wp:term":[{"taxonomy":"product_brand","embeddable":true,"href":"https:\/\/researchchemicalhub.com\/es\/wp-json\/wp\/v2\/product_brand?post=23273"},{"taxonomy":"product_cat","embeddable":true,"href":"https:\/\/researchchemicalhub.com\/es\/wp-json\/wp\/v2\/product_cat?post=23273"},{"taxonomy":"product_tag","embeddable":true,"href":"https:\/\/researchchemicalhub.com\/es\/wp-json\/wp\/v2\/product_tag?post=23273"}],"curies":[{"name":"gracias","href":"https:\/\/api.w.org\/{rel}","templated":true}]}}