{"id":23163,"date":"2025-04-13T17:39:15","date_gmt":"2025-04-13T17:39:15","guid":{"rendered":"https:\/\/researchchemicalhub.com\/?post_type=product&#038;p=23163"},"modified":"2025-10-30T12:13:24","modified_gmt":"2025-10-30T12:13:24","slug":"2-pies-por-minuto","status":"publish","type":"product","link":"https:\/\/researchchemicalhub.com\/es\/comercio\/2-pies-por-minuto\/2-pies-por-minuto\/","title":{"rendered":"2 pies por minuto"},"content":{"rendered":"<h1><strong><span dir=\"auto\" style=\"vertical-align: inherit;\"><span dir=\"auto\" style=\"vertical-align: inherit;\"><span dir=\"auto\" style=\"vertical-align: inherit;\"><span dir=\"auto\" style=\"vertical-align: inherit;\">2 FPM (2-fluorofenmetrazina)<\/span><\/span><\/span><\/span><\/strong><\/h1>\n<p data-start=\"7472\" data-end=\"7773\"><strong data-start=\"7472\" data-end=\"7481\"><span dir=\"auto\" style=\"vertical-align: inherit;\"><span dir=\"auto\" style=\"vertical-align: inherit;\">2 pies por minuto<\/span><\/span><\/strong><span dir=\"auto\" style=\"vertical-align: inherit;\"><span dir=\"auto\" style=\"vertical-align: inherit;\"> , or <\/span><\/span><strong data-start=\"7486\" data-end=\"7511\"><span dir=\"auto\" style=\"vertical-align: inherit;\"><span dir=\"auto\" style=\"vertical-align: inherit;\">2-fluorofenmetrazina<\/span><\/span><\/strong><span dir=\"auto\" style=\"vertical-align: inherit;\"><span dir=\"auto\" style=\"vertical-align: inherit;\"> , es un <\/span><\/span><strong data-start=\"7520\" data-end=\"7554\"><span dir=\"auto\" style=\"vertical-align: inherit;\"><span dir=\"auto\" style=\"vertical-align: inherit;\">synthetic stimulant<\/span><\/span><\/strong><span dir=\"auto\" style=\"vertical-align: inherit;\"><span dir=\"auto\" style=\"vertical-align: inherit;\"> del <\/span><\/span><strong data-start=\"7562\" data-end=\"7581\"><span dir=\"auto\" style=\"vertical-align: inherit;\"><span dir=\"auto\" style=\"vertical-align: inherit;\">morpholine class<\/span><\/span><\/strong><span dir=\"auto\" style=\"vertical-align: inherit;\"><span dir=\"auto\" style=\"vertical-align: inherit;\"> , estructuralmente relacionado con <\/span><\/span><strong data-start=\"7607\" data-end=\"7624\"><span dir=\"auto\" style=\"vertical-align: inherit;\"><span dir=\"auto\" style=\"vertical-align: inherit;\">fenmetrazina<\/span><\/span><\/strong><span dir=\"auto\" style=\"vertical-align: inherit;\"><span dir=\"auto\" style=\"vertical-align: inherit;\"> . <\/span><\/span><br data-start=\"7625\" data-end=\"7628\" \/><span dir=\"auto\" style=\"vertical-align: inherit;\"><span dir=\"auto\" style=\"vertical-align: inherit;\">It is studied in <\/span><\/span><strong data-start=\"7652\" data-end=\"7698\"><span dir=\"auto\" style=\"vertical-align: inherit;\"><span dir=\"auto\" style=\"vertical-align: inherit;\">forensic and pharmacological laboratories<\/span><\/span><\/strong><span dir=\"auto\" style=\"vertical-align: inherit;\"><span dir=\"auto\" style=\"vertical-align: inherit;\"> as part of the study of <\/span><\/span><strong data-start=\"7732\" data-end=\"7770\"><span dir=\"auto\" style=\"vertical-align: inherit;\"><span dir=\"auto\" style=\"vertical-align: inherit;\">nuevas sustancias psicoactivas (NSP)<\/span><\/span><\/strong><span dir=\"auto\" style=\"vertical-align: inherit;\"><span dir=\"auto\" style=\"vertical-align: inherit;\"> . <\/span><\/span><span class=\"___SBox_epc1q-ko_ ___SText_zko9t-ko_\" data-ui-name=\"Link.Text\"><span dir=\"auto\" style=\"vertical-align: inherit;\"><span dir=\"auto\" style=\"vertical-align: inherit;\">2 pies por minuto<\/span><\/span><\/span><\/p>\n<p data-start=\"7775\" data-end=\"7953\"><span dir=\"auto\" style=\"vertical-align: inherit;\"><span dir=\"auto\" style=\"vertical-align: inherit;\">Although structurally related to earlier drugs, <\/span><\/span><strong data-start=\"7844\" data-end=\"7878\"><span dir=\"auto\" style=\"vertical-align: inherit;\"><span dir=\"auto\" style=\"vertical-align: inherit;\">2-FPM has no medical use<\/span><\/span><\/strong><span dir=\"auto\" style=\"vertical-align: inherit;\"><span dir=\"auto\" style=\"vertical-align: inherit;\"> and is being investigated solely for <\/span><\/span><strong data-start=\"7920\" data-end=\"7952\"><span dir=\"auto\" style=\"vertical-align: inherit;\"><span dir=\"auto\" style=\"vertical-align: inherit;\">fines cient\u00edficos<\/span><\/span><\/strong><span dir=\"auto\" style=\"vertical-align: inherit;\"><span dir=\"auto\" style=\"vertical-align: inherit;\"> .<\/span><\/span><\/p>\n<hr data-start=\"7955\" data-end=\"7958\" \/>\n<h2 data-start=\"7960\" data-end=\"8007\"><strong data-start=\"7963\" data-end=\"8007\"><span dir=\"auto\" style=\"vertical-align: inherit;\"><span dir=\"auto\" style=\"vertical-align: inherit;\">Chemical and Pharmacological Background<\/span><\/span><\/strong><\/h2>\n<p data-start=\"8009\" data-end=\"8034\"><strong data-start=\"8009\" data-end=\"8034\"><span dir=\"auto\" style=\"vertical-align: inherit;\"><span dir=\"auto\" style=\"vertical-align: inherit;\">Important information:<\/span><\/span><\/strong><\/p>\n<ul data-start=\"8035\" data-end=\"8335\">\n<li data-start=\"8035\" data-end=\"8089\">\n<p data-start=\"8037\" data-end=\"8089\"><strong data-start=\"8037\" data-end=\"8052\"><span dir=\"auto\" style=\"vertical-align: inherit;\"><span dir=\"auto\" style=\"vertical-align: inherit;\">IUPAC name:<\/span><\/span><\/strong><span dir=\"auto\" style=\"vertical-align: inherit;\"><span dir=\"auto\" style=\"vertical-align: inherit;\"> 3-methyl-2-(2-fluorophenyl)morpholine<\/span><\/span><\/p>\n<\/li>\n<li data-start=\"8090\" data-end=\"8124\">\n<p data-start=\"8092\" data-end=\"8124\"><strong data-start=\"8092\" data-end=\"8112\"><span dir=\"auto\" style=\"vertical-align: inherit;\"><span dir=\"auto\" style=\"vertical-align: inherit;\">F\u00f3rmula molecular:<\/span><\/span><\/strong><span dir=\"auto\" style=\"vertical-align: inherit;\"><span dir=\"auto\" style=\"vertical-align: inherit;\"> C11H14FNO<\/span><\/span><\/p>\n<\/li>\n<li data-start=\"8125\" data-end=\"8161\">\n<p data-start=\"8127\" data-end=\"8161\"><strong data-start=\"8127\" data-end=\"8145\"><span dir=\"auto\" style=\"vertical-align: inherit;\"><span dir=\"auto\" style=\"vertical-align: inherit;\">Masa molecular:<\/span><\/span><\/strong><span dir=\"auto\" style=\"vertical-align: inherit;\"><span dir=\"auto\" style=\"vertical-align: inherit;\"> \u00b1195.23 g\/mol<\/span><\/span><\/p>\n<\/li>\n<li data-start=\"8162\" data-end=\"8231\">\n<p data-start=\"8164\" data-end=\"8231\"><strong data-start=\"8164\" data-end=\"8185\"><span dir=\"auto\" style=\"vertical-align: inherit;\"><span dir=\"auto\" style=\"vertical-align: inherit;\">Chemical class:<\/span><\/span><\/strong><span dir=\"auto\" style=\"vertical-align: inherit;\"><span dir=\"auto\" style=\"vertical-align: inherit;\"> Morpholine derivatives \/ phenmetrazine analogues<\/span><\/span><\/p>\n<\/li>\n<li data-start=\"8232\" data-end=\"8335\">\n<p data-start=\"8234\" data-end=\"8335\"><strong data-start=\"8234\" data-end=\"8254\"><span dir=\"auto\" style=\"vertical-align: inherit;\"><span dir=\"auto\" style=\"vertical-align: inherit;\">Receptor action:<\/span><\/span><\/strong><span dir=\"auto\" style=\"vertical-align: inherit;\"><span dir=\"auto\" style=\"vertical-align: inherit;\"> Indirect sympathomimetic \u2014 affects dopamine and noradrenaline reuptake.<\/span><\/span><\/p>\n<\/li>\n<\/ul>\n<p data-start=\"8337\" data-end=\"8523\"><span dir=\"auto\" style=\"vertical-align: inherit;\"><span dir=\"auto\" style=\"vertical-align: inherit;\">El <\/span><\/span><strong data-start=\"8340\" data-end=\"8376\"><span dir=\"auto\" style=\"vertical-align: inherit;\"><span dir=\"auto\" style=\"vertical-align: inherit;\">fluorine substitution at the 2-position<\/span><\/span><\/strong><span dir=\"auto\" style=\"vertical-align: inherit;\"><span dir=\"auto\" style=\"vertical-align: inherit;\"> alters the binding affinity and metabolic properties, making 2-FPM interesting for <\/span><\/span><strong data-start=\"8471\" data-end=\"8522\"><span dir=\"auto\" style=\"vertical-align: inherit;\"><span dir=\"auto\" style=\"vertical-align: inherit;\">structure-activity relationship (SAR) studies<\/span><\/span><\/strong><span dir=\"auto\" style=\"vertical-align: inherit;\"><span dir=\"auto\" style=\"vertical-align: inherit;\"> .<\/span><\/span><\/p>\n<hr data-start=\"8525\" data-end=\"8528\" \/>\n<h2 data-start=\"8530\" data-end=\"8557\"><strong data-start=\"8533\" data-end=\"8557\"><span dir=\"auto\" style=\"vertical-align: inherit;\"><span dir=\"auto\" style=\"vertical-align: inherit;\">Research purposes<\/span><\/span><\/strong><\/h2>\n<p data-start=\"8559\" data-end=\"8589\"><span dir=\"auto\" style=\"vertical-align: inherit;\"><span dir=\"auto\" style=\"vertical-align: inherit;\">2-FPM is being investigated for:<\/span><\/span><\/p>\n<ul data-start=\"8590\" data-end=\"8938\">\n<li data-start=\"8590\" data-end=\"8674\">\n<p data-start=\"8592\" data-end=\"8674\"><strong data-start=\"8592\" data-end=\"8615\"><span dir=\"auto\" style=\"vertical-align: inherit;\"><span dir=\"auto\" style=\"vertical-align: inherit;\">Analytical chemistry:<\/span><\/span><\/strong><span dir=\"auto\" style=\"vertical-align: inherit;\"><span dir=\"auto\" style=\"vertical-align: inherit;\"> validation of detection methods via GC-MS, LC-MS and FTIR.<\/span><\/span><\/p>\n<\/li>\n<li data-start=\"8675\" data-end=\"8762\">\n<p data-start=\"8677\" data-end=\"8762\"><strong data-start=\"8677\" data-end=\"8705\"><span dir=\"auto\" style=\"vertical-align: inherit;\"><span dir=\"auto\" style=\"vertical-align: inherit;\">Forensic toxicology:<\/span><\/span><\/strong><span dir=\"auto\" style=\"vertical-align: inherit;\"><span dir=\"auto\" style=\"vertical-align: inherit;\"> detection in biological or seized samples.<\/span><\/span><\/p>\n<\/li>\n<li data-start=\"8763\" data-end=\"8847\">\n<p data-start=\"8765\" data-end=\"8847\"><strong data-start=\"8765\" data-end=\"8794\"><span dir=\"auto\" style=\"vertical-align: inherit;\"><span dir=\"auto\" style=\"vertical-align: inherit;\">Pharmacological research:<\/span><\/span><\/strong><span dir=\"auto\" style=\"vertical-align: inherit;\"><span dir=\"auto\" style=\"vertical-align: inherit;\"> Study of monoamine release and receptor interaction. <\/span><\/span><span class=\"___SBox_epc1q-ko_ ___SText_zko9t-ko_\" data-ui-name=\"Link.Text\"><span dir=\"auto\" style=\"vertical-align: inherit;\"><span dir=\"auto\" style=\"vertical-align: inherit;\">2 pies por minuto<\/span><\/span><\/span><\/p>\n<\/li>\n<li data-start=\"8848\" data-end=\"8938\">\n<p data-start=\"8850\" data-end=\"8938\"><strong data-start=\"8850\" data-end=\"8870\"><span dir=\"auto\" style=\"vertical-align: inherit;\"><span dir=\"auto\" style=\"vertical-align: inherit;\">Public Health:<\/span><\/span><\/strong><span dir=\"auto\" style=\"vertical-align: inherit;\"><span dir=\"auto\" style=\"vertical-align: inherit;\"> Inclusion in early warning systems for new stimulants.<\/span><\/span><\/p>\n<\/li>\n<\/ul>\n<hr data-start=\"8940\" data-end=\"8943\" \/>\n<h2 data-start=\"8945\" data-end=\"8989\"><strong data-start=\"8948\" data-end=\"8989\"><span dir=\"auto\" style=\"vertical-align: inherit;\"><span dir=\"auto\" style=\"vertical-align: inherit;\">Safety and Legal Considerations<\/span><\/span><\/strong><\/h2>\n<p data-start=\"8991\" data-end=\"9008\"><strong data-start=\"8991\" data-end=\"9006\"><span dir=\"auto\" style=\"vertical-align: inherit;\"><span dir=\"auto\" style=\"vertical-align: inherit;\">Safety:<\/span><\/span><\/strong><\/p>\n<ul data-start=\"9009\" data-end=\"9198\">\n<li data-start=\"9009\" data-end=\"9095\">\n<p data-start=\"9011\" data-end=\"9095\"><span dir=\"auto\" style=\"vertical-align: inherit;\"><span dir=\"auto\" style=\"vertical-align: inherit;\">To be handled only by <\/span><\/span><strong data-start=\"9032\" data-end=\"9064\"><span dir=\"auto\" style=\"vertical-align: inherit;\"><span dir=\"auto\" style=\"vertical-align: inherit;\">qualified researchers<\/span><\/span><\/strong><span dir=\"auto\" style=\"vertical-align: inherit;\"><span dir=\"auto\" style=\"vertical-align: inherit;\"> en <\/span><\/span><strong data-start=\"9068\" data-end=\"9092\"><span dir=\"auto\" style=\"vertical-align: inherit;\"><span dir=\"auto\" style=\"vertical-align: inherit;\">licensed laboratories<\/span><\/span><\/strong><span dir=\"auto\" style=\"vertical-align: inherit;\"><span dir=\"auto\" style=\"vertical-align: inherit;\"> .<\/span><\/span><\/p>\n<\/li>\n<li data-start=\"9096\" data-end=\"9150\">\n<p data-start=\"9098\" data-end=\"9150\"><span dir=\"auto\" style=\"vertical-align: inherit;\"><span dir=\"auto\" style=\"vertical-align: inherit;\">Wear <\/span><\/span><strong data-start=\"9106\" data-end=\"9147\"><span dir=\"auto\" style=\"vertical-align: inherit;\"><span dir=\"auto\" style=\"vertical-align: inherit;\">gloves, goggles and lab coat<\/span><\/span><\/strong><span dir=\"auto\" style=\"vertical-align: inherit;\"><span dir=\"auto\" style=\"vertical-align: inherit;\"> .<\/span><\/span><\/p>\n<\/li>\n<li data-start=\"9151\" data-end=\"9198\">\n<p data-start=\"9153\" data-end=\"9198\"><span dir=\"auto\" style=\"vertical-align: inherit;\"><span dir=\"auto\" style=\"vertical-align: inherit;\">Work under <\/span><\/span><strong data-start=\"9164\" data-end=\"9178\"><span dir=\"auto\" style=\"vertical-align: inherit;\"><span dir=\"auto\" style=\"vertical-align: inherit;\">ventilation<\/span><\/span><\/strong><span dir=\"auto\" style=\"vertical-align: inherit;\"><span dir=\"auto\" style=\"vertical-align: inherit;\"> or an extractor hood.<\/span><\/span><\/p>\n<\/li>\n<\/ul>\n<p data-start=\"9200\" data-end=\"9406\"><strong data-start=\"9200\" data-end=\"9222\"><span dir=\"auto\" style=\"vertical-align: inherit;\"><span dir=\"auto\" style=\"vertical-align: inherit;\">Legal status: 2-FPM is <\/span><\/span><\/strong><span dir=\"auto\" style=\"vertical-align: inherit;\"><strong data-start=\"9249\" data-end=\"9276\"><span dir=\"auto\" style=\"vertical-align: inherit;\">regulated or prohibited<\/span><\/strong><\/span><br data-start=\"9222\" data-end=\"9225\" \/><span dir=\"auto\" style=\"vertical-align: inherit;\"><span dir=\"auto\" style=\"vertical-align: inherit;\"> en muchos pa\u00edses <\/span><span dir=\"auto\" style=\"vertical-align: inherit;\">under <\/span><strong data-start=\"9286\" data-end=\"9320\"><span dir=\"auto\" style=\"vertical-align: inherit;\">psychoactive substances<\/span><\/strong><span dir=\"auto\" style=\"vertical-align: inherit;\"> o <\/span><strong data-start=\"9324\" data-end=\"9345\"><span dir=\"auto\" style=\"vertical-align: inherit;\">analogues legislation<\/span><\/strong><span dir=\"auto\" style=\"vertical-align: inherit;\"> . <\/span><span dir=\"auto\" style=\"vertical-align: inherit;\">Use outside of research conditions is <\/span><strong data-start=\"9392\" data-end=\"9405\"><span dir=\"auto\" style=\"vertical-align: inherit;\">punishable<\/span><\/strong><span dir=\"auto\" style=\"vertical-align: inherit;\"> .<\/span><\/span><\/p>\n<hr data-start=\"9408\" data-end=\"9411\" \/>\n<h2 data-start=\"9413\" data-end=\"9447\"><strong data-start=\"9416\" data-end=\"9447\"><span dir=\"auto\" style=\"vertical-align: inherit;\"><span dir=\"auto\" style=\"vertical-align: inherit;\">Preguntas frecuentes (FAQ)<\/span><\/span><\/strong><\/h2>\n<h3 data-start=\"9449\" data-end=\"9492\"><strong data-start=\"9453\" data-end=\"9492\"><span dir=\"auto\" style=\"vertical-align: inherit;\"><span dir=\"auto\" style=\"vertical-align: inherit;\">1. What is 2-FPM being studied for?<\/span><\/span><\/strong><\/h3>\n<p data-start=\"9493\" data-end=\"9598\"><span dir=\"auto\" style=\"vertical-align: inherit;\"><span dir=\"auto\" style=\"vertical-align: inherit;\">Para <\/span><\/span><strong data-start=\"9498\" data-end=\"9540\"><span dir=\"auto\" style=\"vertical-align: inherit;\"><span dir=\"auto\" style=\"vertical-align: inherit;\">forensic and pharmacological research<\/span><\/span><\/strong><span dir=\"auto\" style=\"vertical-align: inherit;\"><span dir=\"auto\" style=\"vertical-align: inherit;\"> into neurotransmitter mechanisms and analytical detection.<\/span><\/span><\/p>\n<h3 data-start=\"9600\" data-end=\"9627\"><strong data-start=\"9604\" data-end=\"9627\"><span dir=\"auto\" style=\"vertical-align: inherit;\"><span dir=\"auto\" style=\"vertical-align: inherit;\">2. Is 2-FPM legal?<\/span><\/span><\/strong><\/h3>\n<p data-start=\"9628\" data-end=\"9690\"><span dir=\"auto\" style=\"vertical-align: inherit;\"><span dir=\"auto\" style=\"vertical-align: inherit;\">No, in most countries 2-FPM is <\/span><\/span><strong data-start=\"9662\" data-end=\"9689\"><span dir=\"auto\" style=\"vertical-align: inherit;\"><span dir=\"auto\" style=\"vertical-align: inherit;\">prohibited or regulated<\/span><\/span><\/strong><span dir=\"auto\" style=\"vertical-align: inherit;\"><span dir=\"auto\" style=\"vertical-align: inherit;\"> .<\/span><\/span><\/p>\n<h3 data-start=\"9692\" data-end=\"9743\"><strong data-start=\"9696\" data-end=\"9743\"><span dir=\"auto\" style=\"vertical-align: inherit;\"><span dir=\"auto\" style=\"vertical-align: inherit;\">3. How should 2-FPM be handled safely?<\/span><\/span><\/strong><\/h3>\n<p data-start=\"9744\" data-end=\"9872\"><span dir=\"auto\" style=\"vertical-align: inherit;\"><span dir=\"auto\" style=\"vertical-align: inherit;\">Only by <\/span><\/span><strong data-start=\"9756\" data-end=\"9786\"><span dir=\"auto\" style=\"vertical-align: inherit;\"><span dir=\"auto\" style=\"vertical-align: inherit;\">professional researchers<\/span><\/span><\/strong><span dir=\"auto\" style=\"vertical-align: inherit;\"><span dir=\"auto\" style=\"vertical-align: inherit;\"> with appropriate <\/span><\/span><strong data-start=\"9801\" data-end=\"9827\"><span dir=\"auto\" style=\"vertical-align: inherit;\"><span dir=\"auto\" style=\"vertical-align: inherit;\">safety measures<\/span><\/span><\/strong><span dir=\"auto\" style=\"vertical-align: inherit;\"><span dir=\"auto\" style=\"vertical-align: inherit;\"> and in controlled laboratory environments.<\/span><\/span><\/p>","protected":false},"excerpt":{"rendered":"<h2><span dir=\"auto\" style=\"vertical-align: inherit;\"><span dir=\"auto\" style=\"vertical-align: inherit;\"><span dir=\"auto\" style=\"vertical-align: inherit;\"><span dir=\"auto\" style=\"vertical-align: inherit;\">Declaraciones de peligro de 2 FPM<\/span><\/span><\/span><\/span><\/h2>\n<p><span dir=\"auto\" style=\"vertical-align: inherit;\"><span dir=\"auto\" style=\"vertical-align: inherit;\"><span dir=\"auto\" style=\"vertical-align: inherit;\"><span dir=\"auto\" style=\"vertical-align: inherit;\">2-FPM puede causar irritaci\u00f3n respiratoria. <\/span><\/span><\/span><\/span><br \/>\n<span dir=\"auto\" style=\"vertical-align: inherit;\"><span dir=\"auto\" style=\"vertical-align: inherit;\"><span dir=\"auto\" style=\"vertical-align: inherit;\"><span dir=\"auto\" style=\"vertical-align: inherit;\">2-FPM puede causar irritaci\u00f3n ocular. <\/span><\/span><\/span><\/span><br \/>\n<span dir=\"auto\" style=\"vertical-align: inherit;\"><span dir=\"auto\" style=\"vertical-align: inherit;\"><span dir=\"auto\" style=\"vertical-align: inherit;\"><span dir=\"auto\" style=\"vertical-align: inherit;\">Est\u00e1 prohibido verter productos qu\u00edmicos de investigaci\u00f3n al medio ambiente.<\/span><\/span><\/span><\/span><\/p>","protected":false},"featured_media":28389,"comment_status":"closed","ping_status":"closed","template":"","meta":[],"product_brand":[82],"product_cat":[529,333],"product_tag":[1195,1196,326],"class_list":{"0":"post-23163","1":"product","2":"type-product","3":"status-publish","4":"has-post-thumbnail","6":"product_brand-research-chemical","7":"product_cat-2-fpm","8":"product_cat-gefluoreerden","9":"product_tag-2-fpm","10":"product_tag-2-fpm-kopen","11":"product_tag-nl","13":"first","14":"instock","15":"taxable","16":"shipping-taxable","17":"purchasable","18":"product-type-variable"},"_links":{"self":[{"href":"https:\/\/researchchemicalhub.com\/es\/wp-json\/wp\/v2\/product\/23163","targetHints":{"allow":["GET"]}}],"collection":[{"href":"https:\/\/researchchemicalhub.com\/es\/wp-json\/wp\/v2\/product"}],"about":[{"href":"https:\/\/researchchemicalhub.com\/es\/wp-json\/wp\/v2\/types\/product"}],"replies":[{"embeddable":true,"href":"https:\/\/researchchemicalhub.com\/es\/wp-json\/wp\/v2\/comments?post=23163"}],"version-history":[{"count":6,"href":"https:\/\/researchchemicalhub.com\/es\/wp-json\/wp\/v2\/product\/23163\/revisions"}],"predecessor-version":[{"id":28761,"href":"https:\/\/researchchemicalhub.com\/es\/wp-json\/wp\/v2\/product\/23163\/revisions\/28761"}],"wp:featuredmedia":[{"embeddable":true,"href":"https:\/\/researchchemicalhub.com\/es\/wp-json\/wp\/v2\/media\/28389"}],"wp:attachment":[{"href":"https:\/\/researchchemicalhub.com\/es\/wp-json\/wp\/v2\/media?parent=23163"}],"wp:term":[{"taxonomy":"product_brand","embeddable":true,"href":"https:\/\/researchchemicalhub.com\/es\/wp-json\/wp\/v2\/product_brand?post=23163"},{"taxonomy":"product_cat","embeddable":true,"href":"https:\/\/researchchemicalhub.com\/es\/wp-json\/wp\/v2\/product_cat?post=23163"},{"taxonomy":"product_tag","embeddable":true,"href":"https:\/\/researchchemicalhub.com\/es\/wp-json\/wp\/v2\/product_tag?post=23163"}],"curies":[{"name":"gracias","href":"https:\/\/api.w.org\/{rel}","templated":true}]}}