{"id":23077,"date":"2025-04-13T17:39:06","date_gmt":"2025-04-13T17:39:06","guid":{"rendered":"https:\/\/researchchemicalhub.com\/?post_type=product&#038;p=23077"},"modified":"2025-10-30T13:34:23","modified_gmt":"2025-10-30T13:34:23","slug":"comprar-2-fma","status":"publish","type":"product","link":"https:\/\/researchchemicalhub.com\/es\/comercio\/comprar-2-fma\/comprar-2-fma\/","title":{"rendered":"2-FMA (2-fluorometanfetamina)"},"content":{"rendered":"<h1><strong><span style=\"vertical-align: inherit;\"><span style=\"vertical-align: inherit;\"><span dir=\"auto\" style=\"vertical-align: inherit;\"><span dir=\"auto\" style=\"vertical-align: inherit;\">Comprar 2 fma (2-fluorometanfetamina) \u2013 Est\u00edmulo para la investigaci\u00f3n qu\u00edmica cualitativa<\/span><\/span><\/span><\/span><\/strong><\/h1>\n<p data-start=\"7233\" data-end=\"7475\"><strong data-start=\"7233\" data-end=\"7242\"><span dir=\"auto\" style=\"vertical-align: inherit;\"><span dir=\"auto\" style=\"vertical-align: inherit;\">2-FMA<\/span><\/span><\/strong><span dir=\"auto\" style=\"vertical-align: inherit;\"><span dir=\"auto\" style=\"vertical-align: inherit;\"> , or <\/span><\/span><strong data-start=\"7247\" data-end=\"7273\"><span dir=\"auto\" style=\"vertical-align: inherit;\"><span dir=\"auto\" style=\"vertical-align: inherit;\">2-Fluoromethamphetamine<\/span><\/span><\/strong><span dir=\"auto\" style=\"vertical-align: inherit;\"><span dir=\"auto\" style=\"vertical-align: inherit;\"> , es un <\/span><\/span><strong data-start=\"7282\" data-end=\"7316\"><span dir=\"auto\" style=\"vertical-align: inherit;\"><span dir=\"auto\" style=\"vertical-align: inherit;\">synthetic stimulant<\/span><\/span><\/strong><span dir=\"auto\" style=\"vertical-align: inherit;\"><span dir=\"auto\" style=\"vertical-align: inherit;\"> del <\/span><\/span><strong data-start=\"7324\" data-end=\"7344\"><span dir=\"auto\" style=\"vertical-align: inherit;\"><span dir=\"auto\" style=\"vertical-align: inherit;\">amphetamine class<\/span><\/span><\/strong><span dir=\"auto\" style=\"vertical-align: inherit;\"><span dir=\"auto\" style=\"vertical-align: inherit;\"> . <\/span><\/span><span class=\"___SBox_epc1q-ko_ ___SText_zko9t-ko_\" data-ui-name=\"Link.Text\"><span dir=\"auto\" style=\"vertical-align: inherit;\"><span dir=\"auto\" style=\"vertical-align: inherit;\">2-FMA<\/span><\/span><\/span><br data-start=\"7345\" data-end=\"7348\" \/><span dir=\"auto\" style=\"vertical-align: inherit;\"><span dir=\"auto\" style=\"vertical-align: inherit;\"> is structurally related to <\/span><\/span><strong data-start=\"7379\" data-end=\"7397\"><span dir=\"auto\" style=\"vertical-align: inherit;\"><span dir=\"auto\" style=\"vertical-align: inherit;\">methamphetamine<\/span><\/span><\/strong><span dir=\"auto\" style=\"vertical-align: inherit;\"><span dir=\"auto\" style=\"vertical-align: inherit;\"> y <\/span><\/span><strong data-start=\"7401\" data-end=\"7409\"><span dir=\"auto\" style=\"vertical-align: inherit;\"><span dir=\"auto\" style=\"vertical-align: inherit;\">2-FA<\/span><\/span><\/strong><span dir=\"auto\" style=\"vertical-align: inherit;\"><span dir=\"auto\" style=\"vertical-align: inherit;\"> , with a <\/span><\/span><strong data-start=\"7419\" data-end=\"7455\"><span dir=\"auto\" style=\"vertical-align: inherit;\"><span dir=\"auto\" style=\"vertical-align: inherit;\">fluorine substitution at the 2-position<\/span><\/span><\/strong><span dir=\"auto\" style=\"vertical-align: inherit;\"><span dir=\"auto\" style=\"vertical-align: inherit;\"> of the phenyl ring.<\/span><\/span><\/p>\n<p data-start=\"7477\" data-end=\"7666\"><span dir=\"auto\" style=\"vertical-align: inherit;\"><span dir=\"auto\" style=\"vertical-align: inherit;\">It is being studied in <\/span><\/span><strong data-start=\"7505\" data-end=\"7551\"><span dir=\"auto\" style=\"vertical-align: inherit;\"><span dir=\"auto\" style=\"vertical-align: inherit;\">forensic and pharmacological laboratories<\/span><\/span><\/strong><span dir=\"auto\" style=\"vertical-align: inherit;\"><span dir=\"auto\" style=\"vertical-align: inherit;\"> as part of studies on <\/span><\/span><strong data-start=\"7583\" data-end=\"7621\"><span dir=\"auto\" style=\"vertical-align: inherit;\"><span dir=\"auto\" style=\"vertical-align: inherit;\">nuevas sustancias psicoactivas (NSP)<\/span><\/span><\/strong><span dir=\"auto\" style=\"vertical-align: inherit;\"><span dir=\"auto\" style=\"vertical-align: inherit;\"> . <\/span><\/span><br data-start=\"7622\" data-end=\"7625\" \/><span dir=\"auto\" style=\"vertical-align: inherit;\"><span dir=\"auto\" style=\"vertical-align: inherit;\">2-FMA has <\/span><\/span><strong data-start=\"7637\" data-end=\"7665\"><span dir=\"auto\" style=\"vertical-align: inherit;\"><span dir=\"auto\" style=\"vertical-align: inherit;\">no medical application<\/span><\/span><\/strong><span dir=\"auto\" style=\"vertical-align: inherit;\"><span dir=\"auto\" style=\"vertical-align: inherit;\"> .<\/span><\/span><\/p>\n<hr data-start=\"7668\" data-end=\"7671\" \/>\n<h2 data-start=\"7673\" data-end=\"7720\"><strong data-start=\"7676\" data-end=\"7720\"><span dir=\"auto\" style=\"vertical-align: inherit;\"><span dir=\"auto\" style=\"vertical-align: inherit;\">Chemical and Pharmacological Background<\/span><\/span><\/strong><\/h2>\n<p data-start=\"7722\" data-end=\"7747\"><strong data-start=\"7722\" data-end=\"7747\"><span dir=\"auto\" style=\"vertical-align: inherit;\"><span dir=\"auto\" style=\"vertical-align: inherit;\">Important information:<\/span><\/span><\/strong><\/p>\n<ul data-start=\"7748\" data-end=\"8021\">\n<li data-start=\"7748\" data-end=\"7807\">\n<p data-start=\"7750\" data-end=\"7807\"><strong data-start=\"7750\" data-end=\"7765\"><span dir=\"auto\" style=\"vertical-align: inherit;\"><span dir=\"auto\" style=\"vertical-align: inherit;\">IUPAC name:<\/span><\/span><\/strong><span dir=\"auto\" style=\"vertical-align: inherit;\"><span dir=\"auto\" style=\"vertical-align: inherit;\"> 1-(2-fluorophenyl)-N-methylpropan-2-amine<\/span><\/span><\/p>\n<\/li>\n<li data-start=\"7808\" data-end=\"7841\">\n<p data-start=\"7810\" data-end=\"7841\"><strong data-start=\"7810\" data-end=\"7830\"><span dir=\"auto\" style=\"vertical-align: inherit;\"><span dir=\"auto\" style=\"vertical-align: inherit;\">F\u00f3rmula molecular:<\/span><\/span><\/strong><span dir=\"auto\" style=\"vertical-align: inherit;\"><span dir=\"auto\" style=\"vertical-align: inherit;\"> C10H14FN<\/span><\/span><\/p>\n<\/li>\n<li data-start=\"7842\" data-end=\"7878\">\n<p data-start=\"7844\" data-end=\"7878\"><strong data-start=\"7844\" data-end=\"7862\"><span dir=\"auto\" style=\"vertical-align: inherit;\"><span dir=\"auto\" style=\"vertical-align: inherit;\">Masa molecular:<\/span><\/span><\/strong><span dir=\"auto\" style=\"vertical-align: inherit;\"><span dir=\"auto\" style=\"vertical-align: inherit;\"> \u00b1167.22 g\/mol<\/span><\/span><\/p>\n<\/li>\n<li data-start=\"7879\" data-end=\"7932\">\n<p data-start=\"7881\" data-end=\"7932\"><strong data-start=\"7881\" data-end=\"7902\"><span dir=\"auto\" style=\"vertical-align: inherit;\"><span dir=\"auto\" style=\"vertical-align: inherit;\">Clase qu\u00edmica:<\/span><\/span><\/strong><span dir=\"auto\" style=\"vertical-align: inherit;\"><span dir=\"auto\" style=\"vertical-align: inherit;\"> Substituted Amphetamines<\/span><\/span><\/p>\n<\/li>\n<li data-start=\"7933\" data-end=\"8021\">\n<p data-start=\"7935\" data-end=\"8021\"><strong data-start=\"7935\" data-end=\"7955\"><span dir=\"auto\" style=\"vertical-align: inherit;\"><span dir=\"auto\" style=\"vertical-align: inherit;\">Receptor action:<\/span><\/span><\/strong><span dir=\"auto\" style=\"vertical-align: inherit;\"><span dir=\"auto\" style=\"vertical-align: inherit;\"> Releases monoamines (dopamine, serotonin, norepinephrine). <\/span><\/span><span class=\"___SBox_epc1q-ko_ ___SText_zko9t-ko_\" data-ui-name=\"Link.Text\"><span dir=\"auto\" style=\"vertical-align: inherit;\"><span dir=\"auto\" style=\"vertical-align: inherit;\">Buy 2 fma<\/span><\/span><\/span><\/p>\n<\/li>\n<\/ul>\n<p data-start=\"8023\" data-end=\"8179\"><span dir=\"auto\" style=\"vertical-align: inherit;\"><span dir=\"auto\" style=\"vertical-align: inherit;\">El <\/span><\/span><strong data-start=\"8026\" data-end=\"8046\"><span dir=\"auto\" style=\"vertical-align: inherit;\"><span dir=\"auto\" style=\"vertical-align: inherit;\">fluorine substitution<\/span><\/span><\/strong><span dir=\"auto\" style=\"vertical-align: inherit;\"><span dir=\"auto\" style=\"vertical-align: inherit;\"> affects lipophilicity and receptor binding strength, making it relevant for <\/span><\/span><strong data-start=\"8127\" data-end=\"8178\"><span dir=\"auto\" style=\"vertical-align: inherit;\"><span dir=\"auto\" style=\"vertical-align: inherit;\">structure\u2013activity relationship (SAR) studies<\/span><\/span><\/strong><span dir=\"auto\" style=\"vertical-align: inherit;\"><span dir=\"auto\" style=\"vertical-align: inherit;\"> .<\/span><\/span><\/p>\n<hr data-start=\"8181\" data-end=\"8184\" \/>\n<h2 data-start=\"8186\" data-end=\"8213\"><strong data-start=\"8189\" data-end=\"8213\"><span dir=\"auto\" style=\"vertical-align: inherit;\"><span dir=\"auto\" style=\"vertical-align: inherit;\">Research purposes<\/span><\/span><\/strong><\/h2>\n<p data-start=\"8215\" data-end=\"8243\"><span dir=\"auto\" style=\"vertical-align: inherit;\"><span dir=\"auto\" style=\"vertical-align: inherit;\">2-FMA is being investigated for:<\/span><\/span><\/p>\n<ul data-start=\"8244\" data-end=\"8521\">\n<li data-start=\"8244\" data-end=\"8292\">\n<p data-start=\"8246\" data-end=\"8292\"><strong data-start=\"8246\" data-end=\"8270\"><span dir=\"auto\" style=\"vertical-align: inherit;\"><span dir=\"auto\" style=\"vertical-align: inherit;\">Analytical detection<\/span><\/span><\/strong><span dir=\"auto\" style=\"vertical-align: inherit;\"><span dir=\"auto\" style=\"vertical-align: inherit;\"> via GC-MS and LC-MS.<\/span><\/span><\/p>\n<\/li>\n<li data-start=\"8293\" data-end=\"8388\">\n<p data-start=\"8295\" data-end=\"8388\"><strong data-start=\"8295\" data-end=\"8322\"><span dir=\"auto\" style=\"vertical-align: inherit;\"><span dir=\"auto\" style=\"vertical-align: inherit;\">Forensic toxicology<\/span><\/span><\/strong><span dir=\"auto\" style=\"vertical-align: inherit;\"><span dir=\"auto\" style=\"vertical-align: inherit;\"> in identification in biological and seizure samples.<\/span><\/span><\/p>\n<\/li>\n<li data-start=\"8389\" data-end=\"8454\">\n<p data-start=\"8391\" data-end=\"8454\"><strong data-start=\"8391\" data-end=\"8407\"><span dir=\"auto\" style=\"vertical-align: inherit;\"><span dir=\"auto\" style=\"vertical-align: inherit;\">Pharmacology<\/span><\/span><\/strong><span dir=\"auto\" style=\"vertical-align: inherit;\"><span dir=\"auto\" style=\"vertical-align: inherit;\"> for the study of neurotransmitter function.<\/span><\/span><\/p>\n<\/li>\n<li data-start=\"8455\" data-end=\"8521\">\n<p data-start=\"8457\" data-end=\"8521\"><strong data-start=\"8457\" data-end=\"8486\"><span dir=\"auto\" style=\"vertical-align: inherit;\"><span dir=\"auto\" style=\"vertical-align: inherit;\">Public health research<\/span><\/span><\/strong><span dir=\"auto\" style=\"vertical-align: inherit;\"><span dir=\"auto\" style=\"vertical-align: inherit;\"> on trends in stimulating NPS.<\/span><\/span><\/p>\n<\/li>\n<\/ul>\n<hr data-start=\"8523\" data-end=\"8526\" \/>\n<h2 data-start=\"8528\" data-end=\"8572\"><strong data-start=\"8531\" data-end=\"8572\"><span dir=\"auto\" style=\"vertical-align: inherit;\"><span dir=\"auto\" style=\"vertical-align: inherit;\">Safety and Legal Considerations<\/span><\/span><\/strong><\/h2>\n<p data-start=\"8574\" data-end=\"8729\"><strong data-start=\"8574\" data-end=\"8589\"><span dir=\"auto\" style=\"vertical-align: inherit;\"><span dir=\"auto\" style=\"vertical-align: inherit;\">Safety:<\/span><\/span><\/strong><br data-start=\"8589\" data-end=\"8592\" \/><span dir=\"auto\" style=\"vertical-align: inherit;\"><span dir=\"auto\" style=\"vertical-align: inherit;\"> Handle only by <\/span><\/span><strong data-start=\"8613\" data-end=\"8645\"><span dir=\"auto\" style=\"vertical-align: inherit;\"><span dir=\"auto\" style=\"vertical-align: inherit;\">qualified researchers<\/span><\/span><\/strong><span dir=\"auto\" style=\"vertical-align: inherit;\"><span dir=\"auto\" style=\"vertical-align: inherit;\"> wearing <\/span><\/span><strong data-start=\"8650\" data-end=\"8687\"><span dir=\"auto\" style=\"vertical-align: inherit;\"><span dir=\"auto\" style=\"vertical-align: inherit;\">personal protective equipment<\/span><\/span><\/strong><span dir=\"auto\" style=\"vertical-align: inherit;\"><span dir=\"auto\" style=\"vertical-align: inherit;\"> . <\/span><\/span><br data-start=\"8688\" data-end=\"8691\" \/><span dir=\"auto\" style=\"vertical-align: inherit;\"><span dir=\"auto\" style=\"vertical-align: inherit;\">Avoid direct contact or inhalation.<\/span><\/span><\/p>\n<p data-start=\"8731\" data-end=\"8929\"><strong data-start=\"8731\" data-end=\"8753\"><span dir=\"auto\" style=\"vertical-align: inherit;\"><span dir=\"auto\" style=\"vertical-align: inherit;\">Legal status: 2-FMA is <\/span><\/span><\/strong><span dir=\"auto\" style=\"vertical-align: inherit;\"><strong data-start=\"8785\" data-end=\"8812\"><span dir=\"auto\" style=\"vertical-align: inherit;\">prohibited or regulated<\/span><\/strong><\/span><br data-start=\"8753\" data-end=\"8756\" \/><span dir=\"auto\" style=\"vertical-align: inherit;\"><span dir=\"auto\" style=\"vertical-align: inherit;\"> in most countries <\/span><span dir=\"auto\" style=\"vertical-align: inherit;\">under the <\/span><strong data-start=\"8822\" data-end=\"8834\"><span dir=\"auto\" style=\"vertical-align: inherit;\">Ley del Opio<\/span><\/strong><span dir=\"auto\" style=\"vertical-align: inherit;\"> o <\/span><strong data-start=\"8838\" data-end=\"8872\"><span dir=\"auto\" style=\"vertical-align: inherit;\">Psychoactive Substances Act<\/span><\/strong><span dir=\"auto\" style=\"vertical-align: inherit;\"> . <\/span><span dir=\"auto\" style=\"vertical-align: inherit;\">Use outside of research purposes is <\/span><strong data-start=\"8915\" data-end=\"8928\"><span dir=\"auto\" style=\"vertical-align: inherit;\">punishable<\/span><\/strong><span dir=\"auto\" style=\"vertical-align: inherit;\"> .<\/span><\/span><\/p>\n<hr data-start=\"8931\" data-end=\"8934\" \/>\n<h2 data-start=\"8936\" data-end=\"8970\"><strong data-start=\"8939\" data-end=\"8970\"><span dir=\"auto\" style=\"vertical-align: inherit;\"><span dir=\"auto\" style=\"vertical-align: inherit;\">Preguntas frecuentes (FAQ)<\/span><\/span><\/strong><\/h2>\n<h3 data-start=\"8972\" data-end=\"9015\"><strong data-start=\"8976\" data-end=\"9015\"><span dir=\"auto\" style=\"vertical-align: inherit;\"><span dir=\"auto\" style=\"vertical-align: inherit;\">1. What is 2-FMA being studied for?<\/span><\/span><\/strong><\/h3>\n<p data-start=\"9016\" data-end=\"9102\"><span dir=\"auto\" style=\"vertical-align: inherit;\"><span dir=\"auto\" style=\"vertical-align: inherit;\">Para <\/span><\/span><strong data-start=\"9021\" data-end=\"9063\"><span dir=\"auto\" style=\"vertical-align: inherit;\"><span dir=\"auto\" style=\"vertical-align: inherit;\">forensic and pharmacological research<\/span><\/span><\/strong><span dir=\"auto\" style=\"vertical-align: inherit;\"><span dir=\"auto\" style=\"vertical-align: inherit;\"> into stimulant amphetamine analogues.<\/span><\/span><\/p>\n<h3 data-start=\"9104\" data-end=\"9131\"><strong data-start=\"9108\" data-end=\"9131\"><span dir=\"auto\" style=\"vertical-align: inherit;\"><span dir=\"auto\" style=\"vertical-align: inherit;\">2. Is 2-FMA legal?<\/span><\/span><\/strong><\/h3>\n<p data-start=\"9132\" data-end=\"9194\"><strong data-start=\"9166\" data-end=\"9193\"><span dir=\"auto\" style=\"vertical-align: inherit;\"><span dir=\"auto\" style=\"vertical-align: inherit;\">No, 2-FMA is regulated or banned<\/span><\/span><\/strong><span dir=\"auto\" style=\"vertical-align: inherit;\"><span dir=\"auto\" style=\"vertical-align: inherit;\"> in most countries <\/span><span dir=\"auto\" style=\"vertical-align: inherit;\">.<\/span><\/span><\/p>\n<h3 data-start=\"9196\" data-end=\"9247\"><strong data-start=\"9200\" data-end=\"9247\"><span dir=\"auto\" style=\"vertical-align: inherit;\"><span dir=\"auto\" style=\"vertical-align: inherit;\">3. How should 2-FMA be handled safely?<\/span><\/span><\/strong><\/h3>\n<p data-start=\"9248\" data-end=\"9362\"><span dir=\"auto\" style=\"vertical-align: inherit;\"><span dir=\"auto\" style=\"vertical-align: inherit;\">Only by <\/span><\/span><strong data-start=\"9260\" data-end=\"9290\"><span dir=\"auto\" style=\"vertical-align: inherit;\"><span dir=\"auto\" style=\"vertical-align: inherit;\">professional researchers<\/span><\/span><\/strong><span dir=\"auto\" style=\"vertical-align: inherit;\"><span dir=\"auto\" style=\"vertical-align: inherit;\"> with appropriate <\/span><\/span><strong data-start=\"9305\" data-end=\"9331\"><span dir=\"auto\" style=\"vertical-align: inherit;\"><span dir=\"auto\" style=\"vertical-align: inherit;\">safety protocols<\/span><\/span><\/strong><span dir=\"auto\" style=\"vertical-align: inherit;\"><span dir=\"auto\" style=\"vertical-align: inherit;\"> in controlled laboratories.<\/span><\/span><\/p>","protected":false},"excerpt":{"rendered":"<h2><span style=\"vertical-align: inherit;\"><span style=\"vertical-align: inherit;\"><span style=\"vertical-align: inherit;\"><span style=\"vertical-align: inherit;\"><span dir=\"auto\" style=\"vertical-align: inherit;\"><span dir=\"auto\" style=\"vertical-align: inherit;\">Propiedades de 2-FMA<\/span><\/span><\/span><\/span><\/span><\/span><\/h2>\n<p><strong><span style=\"vertical-align: inherit;\"><span style=\"vertical-align: inherit;\"><span style=\"vertical-align: inherit;\"><span style=\"vertical-align: inherit;\"><span dir=\"auto\" style=\"vertical-align: inherit;\"><span dir=\"auto\" style=\"vertical-align: inherit;\">Sin\u00f3nimo<\/span><\/span><\/span><\/span><\/span><\/span><\/strong><span style=\"vertical-align: inherit;\"><span style=\"vertical-align: inherit;\"><span style=\"vertical-align: inherit;\"><span style=\"vertical-align: inherit;\"><span dir=\"auto\" style=\"vertical-align: inherit;\"><span dir=\"auto\" style=\"vertical-align: inherit;\"> : Fluorometanfetamina <\/span><\/span><\/span><\/span><\/span><\/span><br \/>\n<strong><span style=\"vertical-align: inherit;\"><span style=\"vertical-align: inherit;\"><span style=\"vertical-align: inherit;\"><span style=\"vertical-align: inherit;\"><span dir=\"auto\" style=\"vertical-align: inherit;\"><span dir=\"auto\" style=\"vertical-align: inherit;\">N\u00famero CAS<\/span><\/span><\/span><\/span><\/span><\/span><\/strong><span style=\"vertical-align: inherit;\"><span style=\"vertical-align: inherit;\"><span style=\"vertical-align: inherit;\"><span style=\"vertical-align: inherit;\"><span dir=\"auto\" style=\"vertical-align: inherit;\"><span dir=\"auto\" style=\"vertical-align: inherit;\"> : 1780004-19-4 <\/span><\/span><\/span><\/span><\/span><\/span><br \/>\n<strong><span style=\"vertical-align: inherit;\"><span style=\"vertical-align: inherit;\"><span style=\"vertical-align: inherit;\"><span style=\"vertical-align: inherit;\"><span dir=\"auto\" style=\"vertical-align: inherit;\"><span dir=\"auto\" style=\"vertical-align: inherit;\">F\u00f3rmula<\/span><\/span><\/span><\/span><\/span><\/span><\/strong><span style=\"vertical-align: inherit;\"><span style=\"vertical-align: inherit;\"><span style=\"vertical-align: inherit;\"><span style=\"vertical-align: inherit;\"><span dir=\"auto\" style=\"vertical-align: inherit;\"><span dir=\"auto\" style=\"vertical-align: inherit;\"> : C10H14FN \u2022 HCl <\/span><\/span><\/span><\/span><\/span><\/span><br \/>\n<strong><span style=\"vertical-align: inherit;\"><span style=\"vertical-align: inherit;\"><span style=\"vertical-align: inherit;\"><span style=\"vertical-align: inherit;\"><span dir=\"auto\" style=\"vertical-align: inherit;\"><span dir=\"auto\" style=\"vertical-align: inherit;\">Masa molar<\/span><\/span><\/span><\/span><\/span><\/span><\/strong><span style=\"vertical-align: inherit;\"><span style=\"vertical-align: inherit;\"><span style=\"vertical-align: inherit;\"><span style=\"vertical-align: inherit;\"><span dir=\"auto\" style=\"vertical-align: inherit;\"><span dir=\"auto\" style=\"vertical-align: inherit;\"> :203,7 g\/mol <\/span><\/span><\/span><\/span><\/span><\/span><br \/>\n<strong><span style=\"vertical-align: inherit;\"><span style=\"vertical-align: inherit;\"><span style=\"vertical-align: inherit;\"><span style=\"vertical-align: inherit;\"><span dir=\"auto\" style=\"vertical-align: inherit;\"><span dir=\"auto\" style=\"vertical-align: inherit;\">Pureza<\/span><\/span><\/span><\/span><\/span><\/span><\/strong><span style=\"vertical-align: inherit;\"><span style=\"vertical-align: inherit;\"><span style=\"vertical-align: inherit;\"><span style=\"vertical-align: inherit;\"><span dir=\"auto\" style=\"vertical-align: inherit;\"><span dir=\"auto\" style=\"vertical-align: inherit;\"> : \u226599%<\/span><\/span><\/span><\/span><\/span><\/span><\/p>","protected":false},"featured_media":28387,"comment_status":"closed","ping_status":"closed","template":"","meta":[],"product_brand":[82],"product_cat":[431,322,333],"product_tag":[572,617,589,326],"class_list":{"0":"post-23077","1":"product","2":"type-product","3":"status-publish","4":"has-post-thumbnail","6":"product_brand-research-chemical","7":"product_cat-2-fma-kopen","8":"product_cat-bijna-verboden","9":"product_cat-gefluoreerden","10":"product_tag-2-fma-kopen","11":"product_tag-2-fma","12":"product_tag-2fma-drugs","13":"product_tag-nl","15":"first","16":"instock","17":"taxable","18":"shipping-taxable","19":"purchasable","20":"product-type-variable"},"_links":{"self":[{"href":"https:\/\/researchchemicalhub.com\/es\/wp-json\/wp\/v2\/product\/23077","targetHints":{"allow":["GET"]}}],"collection":[{"href":"https:\/\/researchchemicalhub.com\/es\/wp-json\/wp\/v2\/product"}],"about":[{"href":"https:\/\/researchchemicalhub.com\/es\/wp-json\/wp\/v2\/types\/product"}],"replies":[{"embeddable":true,"href":"https:\/\/researchchemicalhub.com\/es\/wp-json\/wp\/v2\/comments?post=23077"}],"version-history":[{"count":8,"href":"https:\/\/researchchemicalhub.com\/es\/wp-json\/wp\/v2\/product\/23077\/revisions"}],"predecessor-version":[{"id":28781,"href":"https:\/\/researchchemicalhub.com\/es\/wp-json\/wp\/v2\/product\/23077\/revisions\/28781"}],"wp:featuredmedia":[{"embeddable":true,"href":"https:\/\/researchchemicalhub.com\/es\/wp-json\/wp\/v2\/media\/28387"}],"wp:attachment":[{"href":"https:\/\/researchchemicalhub.com\/es\/wp-json\/wp\/v2\/media?parent=23077"}],"wp:term":[{"taxonomy":"product_brand","embeddable":true,"href":"https:\/\/researchchemicalhub.com\/es\/wp-json\/wp\/v2\/product_brand?post=23077"},{"taxonomy":"product_cat","embeddable":true,"href":"https:\/\/researchchemicalhub.com\/es\/wp-json\/wp\/v2\/product_cat?post=23077"},{"taxonomy":"product_tag","embeddable":true,"href":"https:\/\/researchchemicalhub.com\/es\/wp-json\/wp\/v2\/product_tag?post=23077"}],"curies":[{"name":"gracias","href":"https:\/\/api.w.org\/{rel}","templated":true}]}}