{"id":24961,"date":"2025-10-20T17:43:53","date_gmt":"2025-10-20T17:43:53","guid":{"rendered":"https:\/\/researchchemicalhub.com\/?post_type=product&#038;p=24961"},"modified":"2025-10-28T22:38:22","modified_gmt":"2025-10-28T22:38:22","slug":"o-dsmt-50-mg-pellets","status":"publish","type":"product","link":"https:\/\/researchchemicalhub.com\/de_at\/geschaft\/o-dsmt\/o-dsmt-50-mg-pellets\/","title":{"rendered":"O-DSMT 50 mg Pellets"},"content":{"rendered":"<h1 data-start=\"399\" data-end=\"488\"><strong data-start=\"401\" data-end=\"488\">O-DSMT (O-Desmethyltramadol) \u2013 Wissenschaftliche Informationen und analytischer \u00dcberblick<\/strong><\/h1>\n<p data-start=\"490\" data-end=\"739\"><strong data-start=\"490\" data-end=\"512\">Meta-Beschreibung:<\/strong><br data-start=\"512\" data-end=\"515\" \/>O-DSMT (O-Desmethyltramadol) ist ein Forschungsmedikament und ein pharmakologisch aktiver Metabolit von Tramadol. Erfahren Sie mehr \u00fcber die chemische Struktur, den Wirkmechanismus, die wissenschaftliche Relevanz und die Sicherheitsaspekte von O-DSMT.<\/p>\n<hr data-start=\"741\" data-end=\"744\" \/>\n<h2 data-start=\"746\" data-end=\"762\"><strong data-start=\"749\" data-end=\"762\">Einf\u00fchrung<\/strong><\/h2>\n<p data-start=\"764\" data-end=\"1036\"><strong data-start=\"764\" data-end=\"796\">O-Desmethyltramadol (O-DSMT)<\/strong> ist ein <strong data-start=\"804\" data-end=\"831\">synthetische Verbindung<\/strong> die zur Gruppe der <strong data-start=\"861\" data-end=\"883\">Opioid-Analgetika<\/strong>Es ist die <strong data-start=\"895\" data-end=\"930\">aktiver Metabolit von Tramadol<\/strong>, ein Analgetikum, das weltweit zur Behandlung mittelschwerer bis starker Schmerzen eingesetzt wird.<\/p>\n<p data-start=\"1038\" data-end=\"1395\">O-DSMT entsteht im K\u00f6rper, wenn Tramadol in der Leber \u00fcber das Enzym CYP2D6 metabolisiert wird. Dieser Metabolit ist <strong data-start=\"1154\" data-end=\"1221\">verantwortlich f\u00fcr einen gro\u00dfen Teil der analgetischen Wirkung<\/strong> von Tramadol. Im Forschungskontext wird O-DSMT untersucht, um <strong data-start=\"1287\" data-end=\"1348\">pharmakologische Wirkung, Rezeptoraktivit\u00e4t und Sicherheit<\/strong> um Opioidverbindungen besser zu verstehen.<\/p>\n<p data-start=\"1397\" data-end=\"1601\">O-DSMT wird manchmal in der wissenschaftlichen Literatur erw\u00e4hnt auf <strong data-start=\"1460\" data-end=\"1498\">neue psychoaktive Substanzen (NPS)<\/strong> Und <strong data-start=\"1502\" data-end=\"1529\">forensische Toxikologie<\/strong>, aber es ist <strong data-start=\"1543\" data-end=\"1600\">nicht f\u00fcr den menschlichen Gebrauch oder Verzehr zugelassen<\/strong>.<\/p>\n<hr data-start=\"1603\" data-end=\"1606\" \/>\n<h2 data-start=\"1608\" data-end=\"1653\"><strong data-start=\"1611\" data-end=\"1653\">Hauptmerkmale<\/strong><\/h2>\n<div class=\"_tableContainer_1rjym_1\">\n<div class=\"group _tableWrapper_1rjym_13 flex w-fit flex-col-reverse\" tabindex=\"-1\">\n<table class=\"w-fit min-w-(--thread-content-width)\" data-start=\"1655\" data-end=\"2176\">\n<thead data-start=\"1655\" data-end=\"1692\">\n<tr data-start=\"1655\" data-end=\"1692\">\n<th data-start=\"1655\" data-end=\"1672\" data-col-size=\"sm\"><strong data-start=\"1657\" data-end=\"1671\">Merkmal<\/strong><\/th>\n<th data-start=\"1672\" data-end=\"1692\" data-col-size=\"md\"><strong data-start=\"1674\" data-end=\"1690\">Beschreibung<\/strong><\/th>\n<\/tr>\n<\/thead>\n<tbody data-start=\"1732\" data-end=\"2176\">\n<tr data-start=\"1732\" data-end=\"1776\">\n<td data-start=\"1732\" data-end=\"1753\" data-col-size=\"sm\"><strong data-start=\"1734\" data-end=\"1752\">Vollst\u00e4ndiger Name<\/strong><\/td>\n<td data-start=\"1753\" data-end=\"1776\" data-col-size=\"md\">O-Desmethyltramadol<\/td>\n<\/tr>\n<tr data-start=\"1777\" data-end=\"1814\">\n<td data-start=\"1777\" data-end=\"1801\" data-col-size=\"sm\"><strong data-start=\"1779\" data-end=\"1800\">Chemische Formel<\/strong><\/td>\n<td data-start=\"1801\" data-end=\"1814\" data-col-size=\"md\">C\u2081\u2085H\u2082\u2083NO\u2082<\/td>\n<\/tr>\n<tr data-start=\"1815\" data-end=\"1851\">\n<td data-start=\"1815\" data-end=\"1835\" data-col-size=\"sm\"><strong data-start=\"1817\" data-end=\"1834\">Molmasse<\/strong><\/td>\n<td data-col-size=\"md\" data-start=\"1835\" data-end=\"1851\">249,35 g\/mol<\/td>\n<\/tr>\n<tr data-start=\"1852\" data-end=\"1919\">\n<td data-start=\"1852\" data-end=\"1875\" data-col-size=\"sm\"><strong data-start=\"1854\" data-end=\"1874\">Chemische Klasse<\/strong><\/td>\n<td data-start=\"1875\" data-end=\"1919\" data-col-size=\"md\">Synthetisches Opioid; Tramadol-Metabolit<\/td>\n<\/tr>\n<tr data-start=\"1920\" data-end=\"1979\">\n<td data-start=\"1920\" data-end=\"1950\" data-col-size=\"sm\"><strong data-start=\"1922\" data-end=\"1949\">Pharmakologische Wirkung<\/strong><\/td>\n<td data-col-size=\"md\" data-start=\"1950\" data-end=\"1979\">\u03bc-Opioid-Rezeptor-Agonist<\/td>\n<\/tr>\n<tr data-start=\"1980\" data-end=\"2042\">\n<td data-start=\"1980\" data-end=\"1997\" data-col-size=\"sm\"><strong data-start=\"1982\" data-end=\"1996\">Anwendung<\/strong><\/td>\n<td data-col-size=\"md\" data-start=\"1997\" data-end=\"2042\">Pharmakologische und toxikologische Forschung<\/td>\n<\/tr>\n<tr data-start=\"2043\" data-end=\"2097\">\n<td data-start=\"2043\" data-end=\"2054\" data-col-size=\"sm\"><strong data-start=\"2045\" data-end=\"2053\">Bilden<\/strong><\/td>\n<td data-col-size=\"md\" data-start=\"2054\" data-end=\"2097\">Referenzsubstanz f\u00fcr die Laboranalyse<\/td>\n<\/tr>\n<tr data-start=\"2098\" data-end=\"2176\">\n<td data-start=\"2098\" data-end=\"2122\" data-col-size=\"sm\"><strong data-start=\"2100\" data-end=\"2121\">Rechtsstatus<\/strong><\/td>\n<td data-col-size=\"md\" data-start=\"2122\" data-end=\"2176\">In vielen L\u00e4ndern durch Opioidgesetze geregelt<\/td>\n<\/tr>\n<\/tbody>\n<\/table>\n<\/div>\n<\/div>\n<hr data-start=\"2178\" data-end=\"2181\" \/>\n<h2 data-start=\"2183\" data-end=\"2238\"><strong data-start=\"2186\" data-end=\"2238\">Wissenschaftliche Relevanz und Forschungswert<\/strong><\/h2>\n<ul data-start=\"2240\" data-end=\"3199\">\n<li data-start=\"2240\" data-end=\"2514\">\n<p data-start=\"2242\" data-end=\"2514\"><strong data-start=\"2242\" data-end=\"2270\">Pharmakologische Forschung<\/strong><br data-start=\"2270\" data-end=\"2273\" \/>O-DSMT wird verwendet, um <strong data-start=\"2303\" data-end=\"2335\">Mechanismen der Schmerzlinderung<\/strong> Besseres Verst\u00e4ndnis und Vergleich mit anderen Opioidagonisten. Dies hilft Forschern, Einblicke in die Rezeptorselektivit\u00e4t, Stoffwechselwege und strukturellen Variationen zu gewinnen.<\/p>\n<\/li>\n<li data-start=\"2516\" data-end=\"2769\">\n<p data-start=\"2518\" data-end=\"2769\"><strong data-start=\"2518\" data-end=\"2544\">Toxikologische Analyse<\/strong><br data-start=\"2544\" data-end=\"2547\" \/>In forensischen und klinisch-toxikologischen Laboren wird O-DSMT verwendet als <strong data-start=\"2629\" data-end=\"2663\">Referenz- bzw. Kalibriersubstanz<\/strong> um biologische Proben (wie Blut oder Urin) auf das Vorhandensein von Tramadol-Metaboliten zu analysieren.<\/p>\n<\/li>\n<li data-start=\"2771\" data-end=\"2970\">\n<p data-start=\"2773\" data-end=\"2970\"><strong data-start=\"2773\" data-end=\"2804\">Analytische Charakterisierung<\/strong><br data-start=\"2804\" data-end=\"2807\" \/>Das Material wird unter Verwendung von Techniken untersucht, wie z. B. <strong data-start=\"2866\" data-end=\"2892\">LC-MS\/MS, GC-MS und NMR<\/strong> um die Identifizierung und Quantifizierung in Forschungsproben zu erm\u00f6glichen.<\/p>\n<\/li>\n<li data-start=\"2972\" data-end=\"3199\">\n<p data-start=\"2974\" data-end=\"3199\"><strong data-start=\"2974\" data-end=\"3013\">Zulassungs- und Sicherheitsstudien<\/strong><br data-start=\"3013\" data-end=\"3016\" \/>O-DSMT unterst\u00fctzt die Entwicklung von Nachweisprotokollen f\u00fcr <strong data-start=\"3080\" data-end=\"3118\">neue psychoaktive Substanzen (NPS)<\/strong> und bei der Bewertung von Risiken f\u00fcr die \u00f6ffentliche Gesundheit und Missbrauchspotenzial.<\/p>\n<\/li>\n<\/ul>\n<hr data-start=\"3201\" data-end=\"3204\" \/>\n<h2 data-start=\"3206\" data-end=\"3264\"><strong data-start=\"3209\" data-end=\"3264\">Laborgebrauch (nur f\u00fcr Forschungszwecke)<\/strong><\/h2>\n<blockquote data-start=\"3266\" data-end=\"3480\">\n<p data-start=\"3268\" data-end=\"3480\">\u26a0\ufe0f <strong data-start=\"3271\" data-end=\"3286\">Wichtig:<\/strong><br data-start=\"3286\" data-end=\"3289\" \/>O-DSMT ist <strong data-start=\"3301\" data-end=\"3356\">ausschlie\u00dflich f\u00fcr wissenschaftliche Forschung bestimmt<\/strong> in autorisierten Labors.<br data-start=\"3387\" data-end=\"3390\" \/>Es ist <strong data-start=\"3399\" data-end=\"3480\">nicht f\u00fcr den menschlichen Verzehr, die Selbstmedikation oder den Freizeitgebrauch bestimmt.<\/strong><\/p>\n<\/blockquote>\n<ol data-start=\"3482\" data-end=\"4188\">\n<li data-start=\"3482\" data-end=\"3702\">\n<p data-start=\"3485\" data-end=\"3512\"><strong data-start=\"3485\" data-end=\"3510\">Lagerung und Stabilit\u00e4t<\/strong><\/p>\n<ul data-start=\"3516\" data-end=\"3702\">\n<li data-start=\"3516\" data-end=\"3577\">\n<p data-start=\"3518\" data-end=\"3577\">In einem geschlossenen Beh\u00e4lter, trocken und k\u00fchl (2\u20138 \u00b0C) lagern.<\/p>\n<\/li>\n<li data-start=\"3581\" data-end=\"3624\">\n<p data-start=\"3583\" data-end=\"3624\">Vor Licht, Feuchtigkeit und Luft sch\u00fctzen.<\/p>\n<\/li>\n<li data-start=\"3628\" data-end=\"3702\">\n<p data-start=\"3630\" data-end=\"3702\">Verwendung nur innerhalb von Institutionen mit g\u00fcltiger Forschungsgenehmigung.<\/p>\n<\/li>\n<\/ul>\n<\/li>\n<li data-start=\"3704\" data-end=\"3931\">\n<p data-start=\"3707\" data-end=\"3735\"><strong data-start=\"3707\" data-end=\"3733\">Analytische Anwendung<\/strong><\/p>\n<ul data-start=\"3739\" data-end=\"3931\">\n<li data-start=\"3739\" data-end=\"3839\">\n<p data-start=\"3741\" data-end=\"3839\">Wird als Standard in LC-MS- und GC-MS-Analysen zur Identifizierung von Tramadol-Metaboliten verwendet.<\/p>\n<\/li>\n<li data-start=\"3843\" data-end=\"3931\">\n<p data-start=\"3845\" data-end=\"3931\">Geeignet zur methodischen Validierung in toxikologischen oder pharmazeutischen Studien.<\/p>\n<\/li>\n<\/ul>\n<\/li>\n<li data-start=\"3933\" data-end=\"4188\">\n<p data-start=\"3936\" data-end=\"3972\"><strong data-start=\"3936\" data-end=\"3970\">Sicherheit im Labor<\/strong><\/p>\n<ul data-start=\"3976\" data-end=\"4188\">\n<li data-start=\"3976\" data-end=\"4042\">\n<p data-start=\"3978\" data-end=\"4042\">Tragen Sie immer Handschuhe, eine Schutzbrille und einen Laborkittel.<\/p>\n<\/li>\n<li data-start=\"4046\" data-end=\"4097\">\n<p data-start=\"4048\" data-end=\"4097\">Kontakt mit Haut, Augen oder Schleimh\u00e4uten vermeiden.<\/p>\n<\/li>\n<li data-start=\"4101\" data-end=\"4188\">\n<p data-start=\"4103\" data-end=\"4188\">Entsorgen Sie Abf\u00e4lle gem\u00e4\u00df den Chemikaliensicherheitsvorschriften und den nationalen Bestimmungen.<\/p>\n<\/li>\n<\/ul>\n<\/li>\n<\/ol>\n<hr data-start=\"4190\" data-end=\"4193\" \/>\n<h2 data-start=\"4195\" data-end=\"4223\"><strong data-start=\"4198\" data-end=\"4223\">Rechtliche Hinweise<\/strong><\/h2>\n<p data-start=\"4225\" data-end=\"4501\">O-DSMT wird abgedeckt durch die <strong data-start=\"4270\" data-end=\"4298\">Opiumgesetz<\/strong> oder \u00e4hnliche Regelungen f\u00fcr Opioidsubstanzen.<br data-start=\"4348\" data-end=\"4351\" \/>Forscher und Labore m\u00fcssen <strong data-start=\"4386\" data-end=\"4414\">vorherige Zustimmung<\/strong> f\u00fcr die Lagerung, den Transport oder die Verwendung von O-DSMT in einem Forschungskontext erhalten.<\/p>\n<p data-start=\"4503\" data-end=\"4674\">Der Stoff kann <strong data-start=\"4515\" data-end=\"4551\">nicht verkauft oder verwendet werden<\/strong> au\u00dferhalb akkreditierter Forschungseinrichtungen. Unbefugter Besitz oder unbefugte Nutzung kann zu <strong data-start=\"4642\" data-end=\"4673\">Strafverfolgung<\/strong>.<\/p>\n<hr data-start=\"4676\" data-end=\"4679\" \/>\n<h2 data-start=\"4681\" data-end=\"4713\"><strong data-start=\"4684\" data-end=\"4713\">H\u00e4ufig gestellte Fragen (FAQ)<\/strong><\/h2>\n<p data-start=\"4715\" data-end=\"4934\"><strong data-start=\"4715\" data-end=\"4745\">1\ufe0f\u20e3 Was genau ist O-DSMT?<\/strong><br data-start=\"4745\" data-end=\"4748\" \/>O-DSMT ist die <strong data-start=\"4761\" data-end=\"4796\">aktiver Metabolit von Tramadol<\/strong>, das im K\u00f6rper nach der Einnahme von Tramadol gebildet wird. In der Forschung wird es zur Untersuchung der Pharmakologie von Opioiden verwendet.<\/p>\n<p data-start=\"4936\" data-end=\"5163\"><strong data-start=\"4936\" data-end=\"4961\">2\ufe0f\u20e3 Ist O-DSMT legal?<\/strong><br data-start=\"4961\" data-end=\"4964\" \/>Der Rechtsstatus ist von Land zu Land unterschiedlich. In den meisten europ\u00e4ischen L\u00e4ndern f\u00e4llt O-DSMT unter die Opioidgesetzgebung, was bedeutet, dass es nur f\u00fcr wissenschaftliche oder forensische Zwecke verwendet werden darf.<\/p>\n<p data-start=\"5165\" data-end=\"5433\"><strong data-start=\"5165\" data-end=\"5246\">3\ufe0f\u20e3 Kann O-DSMT f\u00fcr den Eigengebrauch oder zur Mikrodosierung verwendet werden?<\/strong><br data-start=\"5246\" data-end=\"5249\" \/>Nein. O-DSMT ist <strong data-start=\"5264\" data-end=\"5311\">nicht f\u00fcr den menschlichen Verzehr zugelassen<\/strong> und darf nur in einer kontrollierten Laborumgebung verwendet werden. Die unbefugte Verwendung ist gef\u00e4hrlich und illegal.<\/p>\n<hr data-start=\"5435\" data-end=\"5438\" \/>\n<h2 data-start=\"5440\" data-end=\"5480\"><strong data-start=\"5443\" data-end=\"5480\">Referenzen und weitere Informationen<\/strong><\/h2>\n<ul data-start=\"5482\" data-end=\"5840\">\n<li data-start=\"5482\" data-end=\"5639\">\n<p data-start=\"5484\" data-end=\"5639\">Europ\u00e4ische Beobachtungsstelle f\u00fcr Drogen und Drogensucht (EBDD): <em data-start=\"5550\" data-end=\"5637\">Bericht \u00fcber neue psychoaktive Substanzen (NPS) \u2013 Opioide und Tramadol-Derivate.<\/em><\/p>\n<\/li>\n<li data-start=\"5640\" data-end=\"5737\">\n<p data-start=\"5642\" data-end=\"5737\">Nationales Institut f\u00fcr Drogenmissbrauch (NIDA): <em data-start=\"5683\" data-end=\"5735\">Synthetische Opioide und neu auftretende analoge Verbindungen.<\/em><\/p>\n<\/li>\n<li data-start=\"5738\" data-end=\"5840\">\n<p data-start=\"5740\" data-end=\"5840\">Zeitschriften zur forensischen Toxikologie: <em data-start=\"5770\" data-end=\"5838\">Analytische Identifizierung und Pharmakologie von O-Desmethyltramadol.<\/em><\/p>\n<\/li>\n<\/ul>\n<p><a href=\"https:\/\/researchchemicalhub.com\/de_at\/geschaft\/iboga-ibogain\/ibogain-hcl-online-kaufen\/\"><span dir=\"auto\" style=\"vertical-align: inherit;\"><span dir=\"auto\" style=\"vertical-align: inherit;\">Kaufen Sie Ibogain HCL <\/span><\/span><\/a><a href=\"https:\/\/researchchemicalhub.com\/de_at\/geschaft\/iboga-ibogain\/iboga-wurzelrinde\/\"><span dir=\"auto\" style=\"vertical-align: inherit;\"><span dir=\"auto\" style=\"vertical-align: inherit;\">Iboga-Wurzelrinde <\/span><\/span><\/a><a href=\"https:\/\/researchchemicalhub.com\/de_at\/geschaft\/lysergamide\/1cp-lsd\/\"><span dir=\"auto\" style=\"vertical-align: inherit;\"><span dir=\"auto\" style=\"vertical-align: inherit;\">1cP-LSD 150 MCG Art Blotters <\/span><\/span><\/a><a href=\"https:\/\/researchchemicalhub.com\/de_at\/geschaft\/lysergamide\/1v-lsd-150-mcg-blotters\/\"><span dir=\"auto\" style=\"vertical-align: inherit;\"><span dir=\"auto\" style=\"vertical-align: inherit;\">1V-LSD 150 MCG Blotter <\/span><\/span><\/a><a href=\"https:\/\/researchchemicalhub.com\/de_at\/geschaft\/2-cmc-pellets\/2-cmc-kaufen\/2-cmc-kaufen\/\"><span dir=\"auto\" style=\"vertical-align: inherit;\"><span dir=\"auto\" style=\"vertical-align: inherit;\">2-CMC 250 mg Pellets<\/span><\/span><\/a><\/p>","protected":false},"excerpt":{"rendered":"<h3><span dir=\"auto\" style=\"vertical-align: inherit;\"><span dir=\"auto\" style=\"vertical-align: inherit;\">O-DSMT-Eigenschaften<\/span><\/span><\/h3>\n<p><strong><span dir=\"auto\" style=\"vertical-align: inherit;\"><span dir=\"auto\" style=\"vertical-align: inherit;\">Synonym: <\/span><\/span><\/strong> <i><span dir=\"auto\" style=\"vertical-align: inherit;\"><span dir=\"auto\" style=\"vertical-align: inherit;\">O-Desmethyltramadol, 3-(2-((Dimethylamino)methyl)-1-hydroxycyclohexyl)phenol <\/span><\/span><\/i><br \/>\n<strong><span dir=\"auto\" style=\"vertical-align: inherit;\"><span dir=\"auto\" style=\"vertical-align: inherit;\">CAS-Nummer:<\/span><\/span><\/strong><span dir=\"auto\" style=\"vertical-align: inherit;\"><span dir=\"auto\" style=\"vertical-align: inherit;\"> 80456-81-1 <\/span><\/span><br \/>\n<strong><span dir=\"auto\" style=\"vertical-align: inherit;\"><span dir=\"auto\" style=\"vertical-align: inherit;\">Formel: <\/span><\/span><\/strong> <span title=\"Kohlenstoff\"><span dir=\"auto\" style=\"vertical-align: inherit;\"><span dir=\"auto\" style=\"vertical-align: inherit;\">C <\/span><\/span><\/span><sub><span dir=\"auto\" style=\"vertical-align: inherit;\"><span dir=\"auto\" style=\"vertical-align: inherit;\">15 <\/span><\/span><\/sub><span title=\"Wasserstoff\"><span dir=\"auto\" style=\"vertical-align: inherit;\"><span dir=\"auto\" style=\"vertical-align: inherit;\">H <\/span><\/span><\/span><sub><span dir=\"auto\" style=\"vertical-align: inherit;\"><span dir=\"auto\" style=\"vertical-align: inherit;\">23 <\/span><\/span><\/sub><span title=\"Stickstoff\"><span dir=\"auto\" style=\"vertical-align: inherit;\"><span dir=\"auto\" style=\"vertical-align: inherit;\">N <\/span><\/span><\/span><span title=\"Sauerstoff\"><span dir=\"auto\" style=\"vertical-align: inherit;\"><span dir=\"auto\" style=\"vertical-align: inherit;\">O <\/span><\/span><\/span><sub><span dir=\"auto\" style=\"vertical-align: inherit;\"><span dir=\"auto\" style=\"vertical-align: inherit;\">2 <\/span><\/span><\/sub><br \/>\n<strong><span dir=\"auto\" style=\"vertical-align: inherit;\"><span dir=\"auto\" style=\"vertical-align: inherit;\">Molmasse:<\/span><\/span><\/strong><span dir=\"auto\" style=\"vertical-align: inherit;\"><span dir=\"auto\" style=\"vertical-align: inherit;\"> 249,354 g\/mol <\/span><\/span><br \/>\n<strong><span dir=\"auto\" style=\"vertical-align: inherit;\"><span dir=\"auto\" style=\"vertical-align: inherit;\">Reinheit:<\/span><\/span><\/strong><span dir=\"auto\" style=\"vertical-align: inherit;\"><span dir=\"auto\" style=\"vertical-align: inherit;\"> \u00a0&gt;97%<\/span><\/span><\/p>","protected":false},"featured_media":28581,"comment_status":"closed","ping_status":"closed","template":"","meta":[],"product_brand":[82],"product_cat":[337,420,336,324],"product_tag":[326,727,725,728,726,729,730],"class_list":{"0":"post-24961","1":"product","2":"type-product","3":"status-publish","4":"has-post-thumbnail","6":"product_brand-research-chemical","7":"product_cat-o-dsmt","8":"product_cat-o-dsmt-pellets","9":"product_cat-overig","10":"product_cat-pellets-for-pellet","11":"product_tag-nl","12":"product_tag-o-dsmt-ervaringen","13":"product_tag-o-dsmt","14":"product_tag-o-dsmt-bestellen","15":"product_tag-o-dsmt-kopen","16":"product_tag-o-dsmt-psychonaut","17":"product_tag-what-is-o-dsmt","19":"first","20":"instock","21":"taxable","22":"shipping-taxable","23":"purchasable","24":"product-type-variable"},"_links":{"self":[{"href":"https:\/\/researchchemicalhub.com\/de_at\/wp-json\/wp\/v2\/product\/24961","targetHints":{"allow":["GET"]}}],"collection":[{"href":"https:\/\/researchchemicalhub.com\/de_at\/wp-json\/wp\/v2\/product"}],"about":[{"href":"https:\/\/researchchemicalhub.com\/de_at\/wp-json\/wp\/v2\/types\/product"}],"replies":[{"embeddable":true,"href":"https:\/\/researchchemicalhub.com\/de_at\/wp-json\/wp\/v2\/comments?post=24961"}],"version-history":[{"count":7,"href":"https:\/\/researchchemicalhub.com\/de_at\/wp-json\/wp\/v2\/product\/24961\/revisions"}],"predecessor-version":[{"id":27709,"href":"https:\/\/researchchemicalhub.com\/de_at\/wp-json\/wp\/v2\/product\/24961\/revisions\/27709"}],"wp:featuredmedia":[{"embeddable":true,"href":"https:\/\/researchchemicalhub.com\/de_at\/wp-json\/wp\/v2\/media\/28581"}],"wp:attachment":[{"href":"https:\/\/researchchemicalhub.com\/de_at\/wp-json\/wp\/v2\/media?parent=24961"}],"wp:term":[{"taxonomy":"product_brand","embeddable":true,"href":"https:\/\/researchchemicalhub.com\/de_at\/wp-json\/wp\/v2\/product_brand?post=24961"},{"taxonomy":"product_cat","embeddable":true,"href":"https:\/\/researchchemicalhub.com\/de_at\/wp-json\/wp\/v2\/product_cat?post=24961"},{"taxonomy":"product_tag","embeddable":true,"href":"https:\/\/researchchemicalhub.com\/de_at\/wp-json\/wp\/v2\/product_tag?post=24961"}],"curies":[{"name":"wp","href":"https:\/\/api.w.org\/{rel}","templated":true}]}}