{"id":24912,"date":"2025-10-20T17:43:41","date_gmt":"2025-10-20T17:43:41","guid":{"rendered":"https:\/\/researchchemicalhub.com\/?post_type=product&#038;p=24912"},"modified":"2025-10-28T22:45:18","modified_gmt":"2025-10-28T22:45:18","slug":"cbd-pellets-25-mg","status":"publish","type":"product","link":"https:\/\/researchchemicalhub.com\/de_at\/geschaft\/cbd\/cbd-pellets-25-mg\/","title":{"rendered":"CBD 25 mg Pellets"},"content":{"rendered":"<h3 data-start=\"3882\" data-end=\"3901\"><strong data-start=\"3886\" data-end=\"3901\"><span dir=\"auto\" style=\"vertical-align: inherit;\"><span dir=\"auto\" style=\"vertical-align: inherit;\">Einf\u00fchrung<\/span><\/span><\/strong><\/h3>\n<p data-start=\"3902\" data-end=\"4175\"><span dir=\"auto\" style=\"vertical-align: inherit;\"><span dir=\"auto\" style=\"vertical-align: inherit;\">CBD-Pellets: Erleben Sie die nat\u00fcrlichen Vorteile von Cannabidiol mit unseren <\/span><\/span><strong data-start=\"3959\" data-end=\"3979\"><span dir=\"auto\" style=\"vertical-align: inherit;\"><span dir=\"auto\" style=\"vertical-align: inherit;\">25 mg CBD-Pellets<\/span><\/span><\/strong><span dir=\"auto\" style=\"vertical-align: inherit;\"><span dir=\"auto\" style=\"vertical-align: inherit;\"> \u2013 eine bequeme und pr\u00e4zise Methode, die Kraft von Hanf-CBD zu nutzen. <\/span><\/span><br data-start=\"4056\" data-end=\"4059\" \/><span dir=\"auto\" style=\"vertical-align: inherit;\"><span dir=\"auto\" style=\"vertical-align: inherit;\">Jedes Pellet enth\u00e4lt <\/span><\/span><strong data-start=\"4081\" data-end=\"4128\"><span dir=\"auto\" style=\"vertical-align: inherit;\"><span dir=\"auto\" style=\"vertical-align: inherit;\">Standardisierte Dosis von 25 mg oder reinem CBD<\/span><\/span><\/strong><span dir=\"auto\" style=\"vertical-align: inherit;\"><span dir=\"auto\" style=\"vertical-align: inherit;\"> f\u00fcr zuverl\u00e4ssige und konsistente Ergebnisse.<\/span><\/span><\/p>\n<p data-start=\"4177\" data-end=\"4485\"><span dir=\"auto\" style=\"vertical-align: inherit;\"><span dir=\"auto\" style=\"vertical-align: inherit;\">Hergestellt aus <\/span><\/span><strong data-start=\"4189\" data-end=\"4224\"><span dir=\"auto\" style=\"vertical-align: inherit;\"><span dir=\"auto\" style=\"vertical-align: inherit;\">hochwertiger Industriehanf<\/span><\/span><\/strong><span dir=\"auto\" style=\"vertical-align: inherit;\"><span dir=\"auto\" style=\"vertical-align: inherit;\"> Und <\/span><\/span><strong data-start=\"4228\" data-end=\"4270\"><span dir=\"auto\" style=\"vertical-align: inherit;\"><span dir=\"auto\" style=\"vertical-align: inherit;\">von unabh\u00e4ngigen Laboren getestet<\/span><\/span><\/strong><span dir=\"auto\" style=\"vertical-align: inherit;\"><span dir=\"auto\" style=\"vertical-align: inherit;\"> Diese Pellets sind frei von THC, Pestiziden und sch\u00e4dlichen Chemikalien. Ideal f\u00fcr alle, die suchen <\/span><\/span><strong data-start=\"4375\" data-end=\"4408\"><span dir=\"auto\" style=\"vertical-align: inherit;\"><span dir=\"auto\" style=\"vertical-align: inherit;\">Frieden, Konzentration und Wohlbefinden <\/span><\/span><\/strong><strong data-start=\"4417\" data-end=\"4437\"><span dir=\"auto\" style=\"vertical-align: inherit;\"><span dir=\"auto\" style=\"vertical-align: inherit;\">CBD 25 mg Pellets<\/span><\/span><\/strong><span dir=\"auto\" style=\"vertical-align: inherit;\"><span dir=\"auto\" style=\"vertical-align: inherit;\"> Angebot <\/span><span dir=\"auto\" style=\"vertical-align: inherit;\">Ein nat\u00fcrliches Gleichgewicht f\u00fcr K\u00f6rper und Geist.<\/span><\/span><\/p>\n<hr data-start=\"4487\" data-end=\"4490\" \/>\n<h3 data-start=\"4492\" data-end=\"4523\"><strong data-start=\"4496\" data-end=\"4523\"><span dir=\"auto\" style=\"vertical-align: inherit;\"><span dir=\"auto\" style=\"vertical-align: inherit;\">Hauptmerkmale<\/span><\/span><\/strong><\/h3>\n<ul data-start=\"4524\" data-end=\"4995\">\n<li data-start=\"4524\" data-end=\"4606\">\n<p data-start=\"4526\" data-end=\"4606\"><strong data-start=\"4526\" data-end=\"4555\"><span dir=\"auto\" style=\"vertical-align: inherit;\"><span dir=\"auto\" style=\"vertical-align: inherit;\">25 mg reines CBD pro Pellet<\/span><\/span><\/strong><span dir=\"auto\" style=\"vertical-align: inherit;\"><span dir=\"auto\" style=\"vertical-align: inherit;\"> \u2013 Pr\u00e4zise dosiert f\u00fcr gleichbleibende Ergebnisse.<\/span><\/span><\/p>\n<\/li>\n<li data-start=\"4607\" data-end=\"4686\">\n<p data-start=\"4609\" data-end=\"4686\"><strong data-start=\"4609\" data-end=\"4630\"><span dir=\"auto\" style=\"vertical-align: inherit;\"><span dir=\"auto\" style=\"vertical-align: inherit;\">THC-freie Formel<\/span><\/span><\/strong><span dir=\"auto\" style=\"vertical-align: inherit;\"><span dir=\"auto\" style=\"vertical-align: inherit;\"> \u2013 Enth\u00e4lt 0,% THC zur nicht-psychoaktiven Unterst\u00fctzung.<\/span><\/span><\/p>\n<\/li>\n<li data-start=\"4687\" data-end=\"4770\">\n<p data-start=\"4689\" data-end=\"4770\"><strong data-start=\"4689\" data-end=\"4717\"><span dir=\"auto\" style=\"vertical-align: inherit;\"><span dir=\"auto\" style=\"vertical-align: inherit;\">Nat\u00fcrlicher Hanfextrakt<\/span><\/span><\/strong><span dir=\"auto\" style=\"vertical-align: inherit;\"><span dir=\"auto\" style=\"vertical-align: inherit;\"> \u2013 Aus biologisch angebauten Hanfpflanzen.<\/span><\/span><\/p>\n<\/li>\n<li data-start=\"4771\" data-end=\"4841\">\n<p data-start=\"4773\" data-end=\"4841\"><strong data-start=\"4773\" data-end=\"4795\"><span dir=\"auto\" style=\"vertical-align: inherit;\"><span dir=\"auto\" style=\"vertical-align: inherit;\">Im Labor getestet<\/span><\/span><\/strong><span dir=\"auto\" style=\"vertical-align: inherit;\"><span dir=\"auto\" style=\"vertical-align: inherit;\"> \u2013 Auf Reinheit und Sicherheit gepr\u00fcft.<\/span><\/span><\/p>\n<\/li>\n<li data-start=\"4842\" data-end=\"4910\">\n<p data-start=\"4844\" data-end=\"4910\"><strong data-start=\"4844\" data-end=\"4866\"><span dir=\"auto\" style=\"vertical-align: inherit;\"><span dir=\"auto\" style=\"vertical-align: inherit;\">Handliche Pelletform<\/span><\/span><\/strong><span dir=\"auto\" style=\"vertical-align: inherit;\"><span dir=\"auto\" style=\"vertical-align: inherit;\"> \u2013 Einfach zu dosieren und zu lagern.<\/span><\/span><\/p>\n<\/li>\n<li data-start=\"4911\" data-end=\"4995\">\n<p data-start=\"4913\" data-end=\"4995\"><strong data-start=\"4913\" data-end=\"4940\"><span dir=\"auto\" style=\"vertical-align: inherit;\"><span dir=\"auto\" style=\"vertical-align: inherit;\">Vegan &amp; gentechnikfrei<\/span><\/span><\/strong><span dir=\"auto\" style=\"vertical-align: inherit;\"><span dir=\"auto\" style=\"vertical-align: inherit;\"> \u2013 Hergestellt aus nat\u00fcrlichen, pflanzlichen Zutaten.<\/span><\/span><\/p>\n<\/li>\n<\/ul>\n<hr data-start=\"4997\" data-end=\"5000\" \/>\n<h3 data-start=\"5002\" data-end=\"5019\"><strong data-start=\"5006\" data-end=\"5019\"><span dir=\"auto\" style=\"vertical-align: inherit;\"><span dir=\"auto\" style=\"vertical-align: inherit;\">Vorteile<\/span><\/span><\/strong><\/h3>\n<ul data-start=\"5020\" data-end=\"5428\">\n<li data-start=\"5020\" data-end=\"5104\">\n<p data-start=\"5022\" data-end=\"5104\"><strong data-start=\"5022\" data-end=\"5054\"><span dir=\"auto\" style=\"vertical-align: inherit;\"><span dir=\"auto\" style=\"vertical-align: inherit;\">F\u00f6rdert Entspannung und Ruhe<\/span><\/span><\/strong><span dir=\"auto\" style=\"vertical-align: inherit;\"><span dir=\"auto\" style=\"vertical-align: inherit;\"> \u2013 F\u00f6rdert ein Gef\u00fchl innerer Ausgeglichenheit.<\/span><\/span><\/p>\n<\/li>\n<li data-start=\"5105\" data-end=\"5177\">\n<p data-start=\"5107\" data-end=\"5177\"><strong data-start=\"5107\" data-end=\"5138\"><span dir=\"auto\" style=\"vertical-align: inherit;\"><span dir=\"auto\" style=\"vertical-align: inherit;\">Hilft, Stress abzubauen<\/span><\/span><\/strong><span dir=\"auto\" style=\"vertical-align: inherit;\"><span dir=\"auto\" style=\"vertical-align: inherit;\"> \u2013 L\u00f6st Verspannungen nach anstrengenden Tagen.<\/span><\/span><\/p>\n<\/li>\n<li data-start=\"5178\" data-end=\"5263\">\n<p data-start=\"5180\" data-end=\"5263\"><strong data-start=\"5180\" data-end=\"5214\"><span dir=\"auto\" style=\"vertical-align: inherit;\"><span dir=\"auto\" style=\"vertical-align: inherit;\">Verbessert Fokus und Konzentration<\/span><\/span><\/strong><span dir=\"auto\" style=\"vertical-align: inherit;\"><span dir=\"auto\" style=\"vertical-align: inherit;\"> \u2013 Wirkt beruhigend, ohne Schl\u00e4frigkeit zu verursachen.<\/span><\/span><\/p>\n<\/li>\n<li data-start=\"5264\" data-end=\"5362\">\n<p data-start=\"5266\" data-end=\"5362\"><strong data-start=\"5266\" data-end=\"5299\"><span dir=\"auto\" style=\"vertical-align: inherit;\"><span dir=\"auto\" style=\"vertical-align: inherit;\">Nat\u00fcrliche Wellness-L\u00f6sung<\/span><\/span><\/strong><span dir=\"auto\" style=\"vertical-align: inherit;\"><span dir=\"auto\" style=\"vertical-align: inherit;\"> \u2013 Eine pflanzliche Alternative f\u00fcr die t\u00e4gliche Unterst\u00fctzung.<\/span><\/span><\/p>\n<\/li>\n<li data-start=\"5363\" data-end=\"5428\">\n<p data-start=\"5365\" data-end=\"5428\"><strong data-start=\"5365\" data-end=\"5389\"><span dir=\"auto\" style=\"vertical-align: inherit;\"><span dir=\"auto\" style=\"vertical-align: inherit;\">Gleichbleibende Dosierung<\/span><\/span><\/strong><span dir=\"auto\" style=\"vertical-align: inherit;\"><span dir=\"auto\" style=\"vertical-align: inherit;\"> \u2013 Jedes Pellet enth\u00e4lt genau 25 mg CBD.<\/span><\/span><\/p>\n<\/li>\n<\/ul>\n<hr data-start=\"5430\" data-end=\"5433\" \/>\n<h3 data-start=\"5435\" data-end=\"5450\"><strong data-start=\"5439\" data-end=\"5450\"><span dir=\"auto\" style=\"vertical-align: inherit;\"><span dir=\"auto\" style=\"vertical-align: inherit;\">Verwendung<\/span><\/span><\/strong><\/h3>\n<ol data-start=\"5451\" data-end=\"5778\">\n<li data-start=\"5451\" data-end=\"5557\">\n<p data-start=\"5454\" data-end=\"5557\"><strong data-start=\"5454\" data-end=\"5467\"><span dir=\"auto\" style=\"vertical-align: inherit;\"><span dir=\"auto\" style=\"vertical-align: inherit;\">Dosierung:<\/span><\/span><\/strong><span dir=\"auto\" style=\"vertical-align: inherit;\"><span dir=\"auto\" style=\"vertical-align: inherit;\"> Nehmen Sie t\u00e4glich 1 Pellet (25 mg) ein, vorzugsweise zu einer Mahlzeit oder nach Anweisung Ihres Arztes.<\/span><\/span><\/p>\n<\/li>\n<li data-start=\"5558\" data-end=\"5624\">\n<p data-start=\"5561\" data-end=\"5624\"><strong data-start=\"5561\" data-end=\"5572\"><span dir=\"auto\" style=\"vertical-align: inherit;\"><span dir=\"auto\" style=\"vertical-align: inherit;\">Lagerung:<\/span><\/span><\/strong><span dir=\"auto\" style=\"vertical-align: inherit;\"><span dir=\"auto\" style=\"vertical-align: inherit;\"> In einem <\/span><\/span><strong data-start=\"5587\" data-end=\"5621\"><span dir=\"auto\" style=\"vertical-align: inherit;\"><span dir=\"auto\" style=\"vertical-align: inherit;\">k\u00fchler, trockener und dunkler Ort<\/span><\/span><\/strong><span dir=\"auto\" style=\"vertical-align: inherit;\"><span dir=\"auto\" style=\"vertical-align: inherit;\"> .<\/span><\/span><\/p>\n<\/li>\n<li data-start=\"5625\" data-end=\"5692\">\n<p data-start=\"5628\" data-end=\"5692\"><strong data-start=\"5628\" data-end=\"5640\"><span dir=\"auto\" style=\"vertical-align: inherit;\"><span dir=\"auto\" style=\"vertical-align: inherit;\">Schlie\u00dfung:<\/span><\/span><\/strong><span dir=\"auto\" style=\"vertical-align: inherit;\"><span dir=\"auto\" style=\"vertical-align: inherit;\"> Stellen Sie sicher, dass die Verpackung ordnungsgem\u00e4\u00df verschlossen ist.<\/span><\/span><\/p>\n<\/li>\n<li data-start=\"5693\" data-end=\"5778\">\n<p data-start=\"5696\" data-end=\"5778\"><strong data-start=\"5696\" data-end=\"5710\"><span dir=\"auto\" style=\"vertical-align: inherit;\"><span dir=\"auto\" style=\"vertical-align: inherit;\">Regelm\u00e4\u00dfigkeit:<\/span><\/span><\/strong><span dir=\"auto\" style=\"vertical-align: inherit;\"><span dir=\"auto\" style=\"vertical-align: inherit;\"> F\u00fcr optimale Ergebnisse nehmen Sie es jeden Tag zur gleichen Zeit ein.<\/span><\/span><\/p>\n<\/li>\n<\/ol>\n<blockquote data-start=\"5780\" data-end=\"5922\">\n<p data-start=\"5782\" data-end=\"5922\">\u26a0\ufe0f <strong data-start=\"5785\" data-end=\"5796\"><span dir=\"auto\" style=\"vertical-align: inherit;\"><span dir=\"auto\" style=\"vertical-align: inherit;\">Bitte beachten Sie:<\/span><\/span><\/strong><span dir=\"auto\" style=\"vertical-align: inherit;\"><span dir=\"auto\" style=\"vertical-align: inherit;\"> Konsultieren Sie immer Ihren Arzt, bevor Sie ein neues Nahrungserg\u00e4nzungsmittel einnehmen, insbesondere wenn Sie schwanger sind, stillen oder Medikamente einnehmen.<\/span><\/span><\/p>\n<\/blockquote>\n<hr data-start=\"5924\" data-end=\"5927\" \/>\n<h3 data-start=\"5929\" data-end=\"5956\"><strong data-start=\"5933\" data-end=\"5956\"><span dir=\"auto\" style=\"vertical-align: inherit;\"><span dir=\"auto\" style=\"vertical-align: inherit;\">H\u00e4ufig gestellte Fragen<\/span><\/span><\/strong><\/h3>\n<p data-start=\"5958\" data-end=\"6182\"><strong data-start=\"5958\" data-end=\"5991\"><span dir=\"auto\" style=\"vertical-align: inherit;\"><span dir=\"auto\" style=\"vertical-align: inherit;\">1. Was sind CBD 25mg Pellets?<\/span><\/span><\/strong><br data-start=\"5991\" data-end=\"5994\" \/><span dir=\"auto\" style=\"vertical-align: inherit;\"><span dir=\"auto\" style=\"vertical-align: inherit;\"> CBD 25mg Pellets sind <\/span><\/span><strong data-start=\"6016\" data-end=\"6075\"><span dir=\"auto\" style=\"vertical-align: inherit;\"><span dir=\"auto\" style=\"vertical-align: inherit;\">kleine, pr\u00e4zise dosierte Dosen von Cannabidiol (CBD)<\/span><\/span><\/strong><span dir=\"auto\" style=\"vertical-align: inherit;\"><span dir=\"auto\" style=\"vertical-align: inherit;\"> Sie werden aus Hanfextrakt gewonnen. Sie bieten eine bequeme, zuverl\u00e4ssige und THC-freie M\u00f6glichkeit, CBD einzunehmen.<\/span><\/span><\/p>\n<p data-start=\"6184\" data-end=\"6315\"><strong data-start=\"6184\" data-end=\"6225\"><span dir=\"auto\" style=\"vertical-align: inherit;\"><span dir=\"auto\" style=\"vertical-align: inherit;\">2. Werde ich von CBD 25mg Pellets high?<\/span><\/span><\/strong><br data-start=\"6225\" data-end=\"6228\" \/><span dir=\"auto\" style=\"vertical-align: inherit;\"><span dir=\"auto\" style=\"vertical-align: inherit;\"> Nein. Diese Pellets tun es. <\/span><\/span><strong data-start=\"6255\" data-end=\"6267\"><span dir=\"auto\" style=\"vertical-align: inherit;\"><span dir=\"auto\" style=\"vertical-align: inherit;\">Enth\u00e4lt kein THC<\/span><\/span><\/strong><span dir=\"auto\" style=\"vertical-align: inherit;\"><span dir=\"auto\" style=\"vertical-align: inherit;\"> und haben daher <\/span><\/span><strong data-start=\"6282\" data-end=\"6312\"><span dir=\"auto\" style=\"vertical-align: inherit;\"><span dir=\"auto\" style=\"vertical-align: inherit;\">keine psychoaktive Wirkung<\/span><\/span><\/strong><span dir=\"auto\" style=\"vertical-align: inherit;\"><span dir=\"auto\" style=\"vertical-align: inherit;\"> .<\/span><\/span><\/p>\n<p data-start=\"6317\" data-end=\"6489\"><strong data-start=\"6317\" data-end=\"6357\"><span dir=\"auto\" style=\"vertical-align: inherit;\"><span dir=\"auto\" style=\"vertical-align: inherit;\">3. Wie schnell wirken 25-mg-CBD-Pellets?<\/span><\/span><\/strong><br data-start=\"6357\" data-end=\"6360\" \/><span dir=\"auto\" style=\"vertical-align: inherit;\"><span dir=\"auto\" style=\"vertical-align: inherit;\"> Die meisten Nutzer bemerken einen Effekt innerhalb <\/span><\/span><strong data-start=\"6395\" data-end=\"6412\"><span dir=\"auto\" style=\"vertical-align: inherit;\"><span dir=\"auto\" style=\"vertical-align: inherit;\">30\u201360 Minuten<\/span><\/span><\/strong><span dir=\"auto\" style=\"vertical-align: inherit;\"><span dir=\"auto\" style=\"vertical-align: inherit;\"> abh\u00e4ngig von ihrem Stoffwechsel und der Konsistenz der Nahrungsaufnahme.<\/span><\/span><\/p>\n<hr data-start=\"6491\" data-end=\"6494\" \/>\n<h3 data-start=\"6496\" data-end=\"6514\"><strong data-start=\"6500\" data-end=\"6514\"><span dir=\"auto\" style=\"vertical-align: inherit;\"><span dir=\"auto\" style=\"vertical-align: inherit;\">Haftungsausschluss<\/span><\/span><\/strong><\/h3>\n<p data-start=\"6515\" data-end=\"6712\"><span dir=\"auto\" style=\"vertical-align: inherit;\"><span dir=\"auto\" style=\"vertical-align: inherit;\">Dieses Produkt ist <\/span><\/span><strong data-start=\"6530\" data-end=\"6598\"><span dir=\"auto\" style=\"vertical-align: inherit;\"><span dir=\"auto\" style=\"vertical-align: inherit;\">Nicht zur Diagnose, Behandlung oder Heilung von Krankheiten bestimmt.<\/span><\/span><\/strong><span dir=\"auto\" style=\"vertical-align: inherit;\"><span dir=\"auto\" style=\"vertical-align: inherit;\"> Konsultieren Sie vor der Einnahme von Nahrungserg\u00e4nzungsmitteln immer einen Arzt. <\/span><\/span><strong data-start=\"6659\" data-end=\"6710\"><span dir=\"auto\" style=\"vertical-align: inherit;\"><span dir=\"auto\" style=\"vertical-align: inherit;\">Nicht geeignet f\u00fcr Personen unter 18 Jahren. <\/span><\/span><\/strong><a href=\"https:\/\/researchchemicalhub.com\/de_at\/geschaft\/okategoriserad\/4mmc-kaufen\/\"><span dir=\"auto\" style=\"vertical-align: inherit;\"><span dir=\"auto\" style=\"vertical-align: inherit;\">Kaufen Sie 4mmc, <\/span><\/span><\/a><a href=\"https:\/\/researchchemicalhub.com\/de_at\/geschaft\/okategoriserad\/benzocainpulver\/\"><span dir=\"auto\" style=\"vertical-align: inherit;\"><span dir=\"auto\" style=\"vertical-align: inherit;\">Benzocainpulver <\/span><\/span><\/a><a href=\"https:\/\/researchchemicalhub.com\/de_at\/geschaft\/okategoriserad\/fentanyl-kaufen\/\"><span dir=\"auto\" style=\"vertical-align: inherit;\"><span dir=\"auto\" style=\"vertical-align: inherit;\">Fentanyl kaufen <\/span><\/span><\/a><a href=\"https:\/\/researchchemicalhub.com\/de_at\/geschaft\/iboga-ibogain\/iboga-kaufen-2\/\"><span dir=\"auto\" style=\"vertical-align: inherit;\"><span dir=\"auto\" style=\"vertical-align: inherit;\">, Iboga kaufen , kaufen <\/span><\/span><\/a><a href=\"https:\/\/researchchemicalhub.com\/de_at\/geschaft\/okategoriserad\/fentanyl-kaufen\/\"><span dir=\"auto\" style=\"vertical-align: inherit;\"><span dir=\"auto\" style=\"vertical-align: inherit;\">Fentanyl-Tablette <\/span><\/span><\/a><a href=\"https:\/\/researchchemicalhub.com\/de_at\/geschaft\/iboga-ibogain\/iboga-kaufen-2\/\"><span dir=\"auto\" style=\"vertical-align: inherit;\"><span dir=\"auto\" style=\"vertical-align: inherit;\">, Iboga, <\/span><\/span><\/a><a href=\"https:\/\/researchchemicalhub.com\/de_at\/geschaft\/iboga-ibogain\/ibogain-hcl-online-kaufen\/\"><span dir=\"auto\" style=\"vertical-align: inherit;\"><span dir=\"auto\" style=\"vertical-align: inherit;\">Ibogain HCL online kaufen<\/span><\/span><\/a><\/p>","protected":false},"excerpt":{"rendered":"<h3><span dir=\"auto\" style=\"vertical-align: inherit;\"><span dir=\"auto\" style=\"vertical-align: inherit;\"><span dir=\"auto\" style=\"vertical-align: inherit;\"><span dir=\"auto\" style=\"vertical-align: inherit;\">CBD-Eigenschaften<\/span><\/span><\/span><\/span><\/h3>\n<p><strong><span dir=\"auto\" style=\"vertical-align: inherit;\"><span dir=\"auto\" style=\"vertical-align: inherit;\"><span dir=\"auto\" style=\"vertical-align: inherit;\"><span dir=\"auto\" style=\"vertical-align: inherit;\">Synonym:<\/span><\/span><\/span><\/span><\/strong><span dir=\"auto\" style=\"vertical-align: inherit;\"><span dir=\"auto\" style=\"vertical-align: inherit;\"><span dir=\"auto\" style=\"vertical-align: inherit;\"><span dir=\"auto\" style=\"vertical-align: inherit;\"> Cannabidiol <\/span><\/span><\/span><\/span><br \/>\n<strong><span dir=\"auto\" style=\"vertical-align: inherit;\"><span dir=\"auto\" style=\"vertical-align: inherit;\"><span dir=\"auto\" style=\"vertical-align: inherit;\"><span dir=\"auto\" style=\"vertical-align: inherit;\">CAS-Nummer:<\/span><\/span><\/span><\/span><\/strong><span dir=\"auto\" style=\"vertical-align: inherit;\"><span dir=\"auto\" style=\"vertical-align: inherit;\"><span dir=\"auto\" style=\"vertical-align: inherit;\"><span dir=\"auto\" style=\"vertical-align: inherit;\"> nicht zutreffend <\/span><\/span><\/span><\/span><br \/>\n<strong><span dir=\"auto\" style=\"vertical-align: inherit;\"><span dir=\"auto\" style=\"vertical-align: inherit;\"><span dir=\"auto\" style=\"vertical-align: inherit;\"><span dir=\"auto\" style=\"vertical-align: inherit;\">Formel:<\/span><\/span><\/span><\/span><\/strong><span dir=\"auto\" style=\"vertical-align: inherit;\"><span dir=\"auto\" style=\"vertical-align: inherit;\"><span dir=\"auto\" style=\"vertical-align: inherit;\"><span dir=\"auto\" style=\"vertical-align: inherit;\"> C <\/span><\/span><\/span><\/span><sub><span dir=\"auto\" style=\"vertical-align: inherit;\"><span dir=\"auto\" style=\"vertical-align: inherit;\"><span dir=\"auto\" style=\"vertical-align: inherit;\"><span dir=\"auto\" style=\"vertical-align: inherit;\">21<\/span><\/span><\/span><\/span><\/sub><span dir=\"auto\" style=\"vertical-align: inherit;\"><span dir=\"auto\" style=\"vertical-align: inherit;\"><span dir=\"auto\" style=\"vertical-align: inherit;\"><span dir=\"auto\" style=\"vertical-align: inherit;\"> H <\/span><\/span><\/span><\/span><sub><span dir=\"auto\" style=\"vertical-align: inherit;\"><span dir=\"auto\" style=\"vertical-align: inherit;\"><span dir=\"auto\" style=\"vertical-align: inherit;\"><span dir=\"auto\" style=\"vertical-align: inherit;\">30<\/span><\/span><\/span><\/span><\/sub><span dir=\"auto\" style=\"vertical-align: inherit;\"><span dir=\"auto\" style=\"vertical-align: inherit;\"><span dir=\"auto\" style=\"vertical-align: inherit;\"><span dir=\"auto\" style=\"vertical-align: inherit;\"> O <\/span><\/span><\/span><\/span><sub><span dir=\"auto\" style=\"vertical-align: inherit;\"><span dir=\"auto\" style=\"vertical-align: inherit;\"><span dir=\"auto\" style=\"vertical-align: inherit;\"><span dir=\"auto\" style=\"vertical-align: inherit;\">2 <\/span><\/span><\/span><\/span><\/sub><br \/>\n<strong><span dir=\"auto\" style=\"vertical-align: inherit;\"><span dir=\"auto\" style=\"vertical-align: inherit;\"><span dir=\"auto\" style=\"vertical-align: inherit;\"><span dir=\"auto\" style=\"vertical-align: inherit;\">Molmasse:<\/span><\/span><\/span><\/span><\/strong><span dir=\"auto\" style=\"vertical-align: inherit;\"><span dir=\"auto\" style=\"vertical-align: inherit;\"><span dir=\"auto\" style=\"vertical-align: inherit;\"><span dir=\"auto\" style=\"vertical-align: inherit;\"> nicht zutreffend <\/span><\/span><\/span><\/span><br \/>\n<strong><span dir=\"auto\" style=\"vertical-align: inherit;\"><span dir=\"auto\" style=\"vertical-align: inherit;\"><span dir=\"auto\" style=\"vertical-align: inherit;\"><span dir=\"auto\" style=\"vertical-align: inherit;\">Reinheit:<\/span><\/span><\/span><\/span><\/strong><span dir=\"auto\" style=\"vertical-align: inherit;\"><span dir=\"auto\" style=\"vertical-align: inherit;\"><span dir=\"auto\" style=\"vertical-align: inherit;\"><span dir=\"auto\" style=\"vertical-align: inherit;\"> &gt;98%<\/span><\/span><\/span><\/span><\/p>","protected":false},"featured_media":28490,"comment_status":"closed","ping_status":"closed","template":"","meta":[],"product_brand":[82],"product_cat":[422,423,336,324],"product_tag":[735,736,737,732,733,734,326],"class_list":{"0":"post-24912","1":"product","2":"type-product","3":"status-publish","4":"has-post-thumbnail","6":"product_brand-research-chemical","7":"product_cat-cbd","8":"product_cat-cbd-pellets","9":"product_cat-overig","10":"product_cat-pellets-for-pellet","11":"product_tag-benefits-of-cbd-pellets-for-horses","12":"product_tag-best-cbd-pellets-for-horses","13":"product_tag-can-your-horse-test-positive-using-cbd-pellets","14":"product_tag-cbd-pellets","15":"product_tag-cbd-pellets-ervaringen","16":"product_tag-cbd-pellets-for-horses","17":"product_tag-nl","19":"first","20":"instock","21":"taxable","22":"shipping-taxable","23":"purchasable","24":"product-type-variable"},"_links":{"self":[{"href":"https:\/\/researchchemicalhub.com\/de_at\/wp-json\/wp\/v2\/product\/24912","targetHints":{"allow":["GET"]}}],"collection":[{"href":"https:\/\/researchchemicalhub.com\/de_at\/wp-json\/wp\/v2\/product"}],"about":[{"href":"https:\/\/researchchemicalhub.com\/de_at\/wp-json\/wp\/v2\/types\/product"}],"replies":[{"embeddable":true,"href":"https:\/\/researchchemicalhub.com\/de_at\/wp-json\/wp\/v2\/comments?post=24912"}],"version-history":[{"count":8,"href":"https:\/\/researchchemicalhub.com\/de_at\/wp-json\/wp\/v2\/product\/24912\/revisions"}],"predecessor-version":[{"id":28634,"href":"https:\/\/researchchemicalhub.com\/de_at\/wp-json\/wp\/v2\/product\/24912\/revisions\/28634"}],"wp:featuredmedia":[{"embeddable":true,"href":"https:\/\/researchchemicalhub.com\/de_at\/wp-json\/wp\/v2\/media\/28490"}],"wp:attachment":[{"href":"https:\/\/researchchemicalhub.com\/de_at\/wp-json\/wp\/v2\/media?parent=24912"}],"wp:term":[{"taxonomy":"product_brand","embeddable":true,"href":"https:\/\/researchchemicalhub.com\/de_at\/wp-json\/wp\/v2\/product_brand?post=24912"},{"taxonomy":"product_cat","embeddable":true,"href":"https:\/\/researchchemicalhub.com\/de_at\/wp-json\/wp\/v2\/product_cat?post=24912"},{"taxonomy":"product_tag","embeddable":true,"href":"https:\/\/researchchemicalhub.com\/de_at\/wp-json\/wp\/v2\/product_tag?post=24912"}],"curies":[{"name":"wp","href":"https:\/\/api.w.org\/{rel}","templated":true}]}}