{"id":24854,"date":"2025-10-20T17:43:28","date_gmt":"2025-10-20T17:43:28","guid":{"rendered":"https:\/\/researchchemicalhub.com\/?post_type=product&#038;p=24854"},"modified":"2025-10-30T13:44:55","modified_gmt":"2025-10-30T13:44:55","slug":"deschloroketamin","status":"publish","type":"product","link":"https:\/\/researchchemicalhub.com\/de_at\/geschaft\/arylcyclohexylamin\/deschloroketamin\/","title":{"rendered":"DCK 20 mg Pellets"},"content":{"rendered":"<h3 data-start=\"4311\" data-end=\"4330\"><strong data-start=\"4315\" data-end=\"4330\">Einf\u00fchrung<\/strong><\/h3>\n<p data-start=\"4331\" data-end=\"4627\">Unser <strong data-start=\"4336\" data-end=\"4363\">20 mg Forschungspellets<\/strong> wurden sorgf\u00e4ltig entwickelt f\u00fcr <strong data-start=\"4396\" data-end=\"4452\">analytische, forensische und wissenschaftliche Forschung<\/strong>.<br data-start=\"4453\" data-end=\"4456\" \/>Jedes Pellet wird unter <strong data-start=\"4492\" data-end=\"4522\">strenge Qualit\u00e4tskontrolle<\/strong> Zu <strong data-start=\"4526\" data-end=\"4577\">Reinheit, Konsistenz und Reproduzierbarkeit<\/strong> te garanderen binnen professionele laboratoria. deschloroketamine<\/p>\n<p data-start=\"4629\" data-end=\"4816\">Diese Pellets sind ideal f\u00fcr <strong data-start=\"4659\" data-end=\"4730\">quantitative Tests, Kalibrierungsstudien und Vergleichsanalysen<\/strong>.<br data-start=\"4731\" data-end=\"4734\" \/>Jede Charge wird gr\u00fcndlich getestet auf <strong data-start=\"4769\" data-end=\"4813\">Zuverl\u00e4ssigkeit und chemische Stabilit\u00e4t<\/strong>.<\/p>\n<blockquote data-start=\"4817\" data-end=\"4926\">\n<p data-start=\"4819\" data-end=\"4926\">\u26a0\ufe0f <strong data-start=\"4822\" data-end=\"4926\">Nur f\u00fcr den Laborgebrauch. Nicht f\u00fcr den menschlichen oder tierischen Verzehr geeignet.<\/strong><\/p>\n<\/blockquote>\n<hr data-start=\"4928\" data-end=\"4931\" \/>\n<h3 data-start=\"4933\" data-end=\"4964\"><strong data-start=\"4937\" data-end=\"4964\">Hauptmerkmale<\/strong><\/h3>\n<ul data-start=\"4965\" data-end=\"5429\">\n<li data-start=\"4965\" data-end=\"5035\">\n<p data-start=\"4967\" data-end=\"5035\"><strong data-start=\"4967\" data-end=\"4993\">Hohe Reinheit (\u226599%)<\/strong> \u2013 Onafhankelijk getest en geverifieerd. deschloroketamine<\/p>\n<\/li>\n<li data-start=\"5036\" data-end=\"5118\">\n<p data-start=\"5038\" data-end=\"5118\"><strong data-start=\"5038\" data-end=\"5069\">Pr\u00e4zise Dosierung von 20 mg<\/strong> \u2013 Gew\u00e4hrleistet konsistente Forschungsergebnisse.<\/p>\n<\/li>\n<li data-start=\"5119\" data-end=\"5191\">\n<p data-start=\"5121\" data-end=\"5191\"><strong data-start=\"5121\" data-end=\"5147\">Stabile Zusammensetzung<\/strong> \u2013 F\u00fcr lange Haltbarkeit konzipiert.<\/p>\n<\/li>\n<li data-start=\"5192\" data-end=\"5277\">\n<p data-start=\"5194\" data-end=\"5277\"><strong data-start=\"5194\" data-end=\"5219\">Laborqualit\u00e4t<\/strong> \u2013 Hergestellt nach internationalen Qualit\u00e4tsstandards.<\/p>\n<\/li>\n<li data-start=\"5278\" data-end=\"5352\">\n<p data-start=\"5280\" data-end=\"5352\"><strong data-start=\"5280\" data-end=\"5302\">Sichere Verpackung<\/strong> \u2013 Sch\u00fctzt vor Feuchtigkeit, Licht und Verunreinigungen.<\/p>\n<\/li>\n<li data-start=\"5353\" data-end=\"5429\">\n<p data-start=\"5355\" data-end=\"5429\"><strong data-start=\"5355\" data-end=\"5380\">Nur f\u00fcr Forschungszwecke<\/strong> \u2013 Nur f\u00fcr analytische Zwecke.<\/p>\n<\/li>\n<\/ul>\n<hr data-start=\"5431\" data-end=\"5434\" \/>\n<h3 data-start=\"5436\" data-end=\"5453\"><strong data-start=\"5440\" data-end=\"5453\">Vorteile<\/strong><\/h3>\n<ul data-start=\"5454\" data-end=\"5946\">\n<li data-start=\"5454\" data-end=\"5538\">\n<p data-start=\"5456\" data-end=\"5538\"><strong data-start=\"5456\" data-end=\"5492\">Verl\u00e4ssliche Forschungsergebnisse<\/strong> \u2013 F\u00fcr genaue und reproduzierbare Daten.<\/p>\n<\/li>\n<li data-start=\"5539\" data-end=\"5615\">\n<p data-start=\"5541\" data-end=\"5615\"><strong data-start=\"5541\" data-end=\"5566\">Konstante Qualit\u00e4t<\/strong> \u2013 Reduziert die Variation der Forschungsergebnisse.<\/p>\n<\/li>\n<li data-start=\"5616\" data-end=\"5731\">\n<p data-start=\"5618\" data-end=\"5731\"><strong data-start=\"5618\" data-end=\"5668\">Optimiert f\u00fcr wissenschaftliche Analysen<\/strong> \u2013 Geeignet f\u00fcr Kalibrierungs- und spektroskopische Anwendungen.<\/p>\n<\/li>\n<li data-start=\"5732\" data-end=\"5839\">\n<p data-start=\"5734\" data-end=\"5839\"><strong data-start=\"5734\" data-end=\"5771\">Ethisch und legal produziert<\/strong> \u2013 In \u00dcbereinstimmung mit den Forschungs- und Sicherheitsvorschriften.<\/p>\n<\/li>\n<li data-start=\"5840\" data-end=\"5946\">\n<p data-start=\"5842\" data-end=\"5946\"><strong data-start=\"5842\" data-end=\"5869\">Wissenschaftlich getestet<\/strong> \u2013 Jede Charge wird auf Identit\u00e4t, Reinheit und Stabilit\u00e4t gepr\u00fcft.<\/p>\n<\/li>\n<\/ul>\n<hr data-start=\"5948\" data-end=\"5951\" \/>\n<h3 data-start=\"5953\" data-end=\"5968\"><strong data-start=\"5957\" data-end=\"5968\">Verwendung<\/strong><\/h3>\n<ol data-start=\"5969\" data-end=\"6411\">\n<li data-start=\"5969\" data-end=\"6070\">\n<p data-start=\"5972\" data-end=\"6070\"><strong data-start=\"5972\" data-end=\"6007\">Nur f\u00fcr den Laborgebrauch<\/strong> \u2013 Verwendung nur innerhalb anerkannter Forschungseinrichtungen.<\/p>\n<\/li>\n<li data-start=\"6071\" data-end=\"6152\">\n<p data-start=\"6074\" data-end=\"6152\"><strong data-start=\"6074\" data-end=\"6084\">Lagerung<\/strong> K\u00fchl, trocken und dunkel lagern. Verpackung fest verschlossen halten.<\/p>\n<\/li>\n<li data-start=\"6153\" data-end=\"6241\">\n<p data-start=\"6156\" data-end=\"6241\"><strong data-start=\"6156\" data-end=\"6173\">Sicheres Arbeiten<\/strong> \u2013 Tragen Sie Handschuhe, Laborkittel und Schutzausr\u00fcstung.<\/p>\n<\/li>\n<li data-start=\"6242\" data-end=\"6321\">\n<p data-start=\"6245\" data-end=\"6321\"><strong data-start=\"6245\" data-end=\"6257\">Messungen<\/strong> \u2013 Verwenden Sie kalibrierte Ger\u00e4te f\u00fcr analytische Pr\u00e4zision.<\/p>\n<\/li>\n<li data-start=\"6322\" data-end=\"6411\">\n<p data-start=\"6325\" data-end=\"6411\"><strong data-start=\"6325\" data-end=\"6352\">Sicherheitswarnung<\/strong> \u2013 Nicht f\u00fcr den menschlichen oder tierischen Verzehr geeignet.<\/p>\n<\/li>\n<\/ol>\n<hr data-start=\"6413\" data-end=\"6416\" \/>\n<h3 data-start=\"6418\" data-end=\"6445\"><strong data-start=\"6422\" data-end=\"6445\">H\u00e4ufig gestellte Fragen<\/strong><\/h3>\n<p data-start=\"6447\" data-end=\"6632\"><strong data-start=\"6447\" data-end=\"6503\">1. Wof\u00fcr werden 20 mg Forschungspellets verwendet?<\/strong><br data-start=\"6503\" data-end=\"6506\" \/>Sie werden verwendet f\u00fcr <strong data-start=\"6530\" data-end=\"6574\">wissenschaftliche und analytische Forschung<\/strong>, wie Kalibrierung und kontrollierte Labortests.<\/p>\n<p data-start=\"6634\" data-end=\"6796\"><strong data-start=\"6634\" data-end=\"6701\">2. K\u00f6nnen diese Pellets au\u00dferhalb eines Labors verwendet werden?<\/strong><br data-start=\"6701\" data-end=\"6704\" \/>Nein. Diese Produkte sind <strong data-start=\"6729\" data-end=\"6793\">nur f\u00fcr professionelle Laborforschung bestimmt<\/strong>.<\/p>\n<p data-start=\"6798\" data-end=\"6945\"><strong data-start=\"6798\" data-end=\"6842\">3. Wie sollten die Pellets gelagert werden?<\/strong><br data-start=\"6842\" data-end=\"6845\" \/>Behalten Sie sie in ihrem <strong data-start=\"6862\" data-end=\"6899\">originale, luftdichte Verpackung<\/strong>, auf einem <strong data-start=\"6908\" data-end=\"6942\">k\u00fchl, trocken und dunkel lagern<\/strong>.<\/p>\n<hr data-start=\"6947\" data-end=\"6950\" \/>\n<h3 data-start=\"6952\" data-end=\"6970\"><strong data-start=\"6956\" data-end=\"6970\">Haftungsausschluss<\/strong><\/h3>\n<p data-start=\"6971\" data-end=\"7188\">Dieses Produkt ist <strong data-start=\"6986\" data-end=\"7035\">nur f\u00fcr Forschungszwecke bestimmt<\/strong>. <strong data-start=\"7037\" data-end=\"7095\">Nicht f\u00fcr den menschlichen oder tierischen Verzehr geeignet.<\/strong><br data-start=\"7095\" data-end=\"7098\" \/>Mit dem Kauf erkl\u00e4ren Sie, dass Sie die geltenden Gesetze und Sicherheitsvorschriften einhalten.<\/p>\n<p data-start=\"6971\" data-end=\"7188\"><a href=\"https:\/\/researchchemicalhub.com\/de_at\/geschaft\/okategoriserad\/4mmc-kaufen\/\">4mmc kaufen<\/a><a href=\"https:\/\/researchchemicalhub.com\/de_at\/geschaft\/okategoriserad\/benzocainpulver\/\">Benzocainpulver<\/a><a href=\"https:\/\/researchchemicalhub.com\/de_at\/geschaft\/okategoriserad\/fentanyl-kaufen\/\">Fentanyl kaufen<\/a><\/p>","protected":false},"excerpt":{"rendered":"<h3><span dir=\"auto\" style=\"vertical-align: inherit;\"><span dir=\"auto\" style=\"vertical-align: inherit;\">DCK-Eigenschaften<\/span><\/span><\/h3>\n<p><strong><span dir=\"auto\" style=\"vertical-align: inherit;\"><span dir=\"auto\" style=\"vertical-align: inherit;\">Synonym:<\/span><\/span><\/strong><span dir=\"auto\" style=\"vertical-align: inherit;\"><span dir=\"auto\" style=\"vertical-align: inherit;\"> \u00a02\u2032-Oxo-PCM, Deschloroketamin <\/span><\/span><br \/>\n<strong><span dir=\"auto\" style=\"vertical-align: inherit;\"><span dir=\"auto\" style=\"vertical-align: inherit;\">CAS-Nummer:<\/span><\/span><\/strong><span dir=\"auto\" style=\"vertical-align: inherit;\"><span dir=\"auto\" style=\"vertical-align: inherit;\"> \u00a04631-27-0 <\/span><\/span><br \/>\n<strong><span dir=\"auto\" style=\"vertical-align: inherit;\"><span dir=\"auto\" style=\"vertical-align: inherit;\">Formel:<\/span><\/span><\/strong><span dir=\"auto\" style=\"vertical-align: inherit;\"><span dir=\"auto\" style=\"vertical-align: inherit;\"> \u00a02-(Methylamino)-2-phenyl-cyclohexanon <\/span><\/span><br \/>\n<strong><span dir=\"auto\" style=\"vertical-align: inherit;\"><span dir=\"auto\" style=\"vertical-align: inherit;\">Molmasse:<\/span><\/span><\/strong><span dir=\"auto\" style=\"vertical-align: inherit;\"><span dir=\"auto\" style=\"vertical-align: inherit;\"> \u00a0239,7 g\/mol <\/span><\/span><br \/>\n<strong><span dir=\"auto\" style=\"vertical-align: inherit;\"><span dir=\"auto\" style=\"vertical-align: inherit;\">Reinheit:<\/span><\/span><\/strong><span dir=\"auto\" style=\"vertical-align: inherit;\"><span dir=\"auto\" style=\"vertical-align: inherit;\"> \u00a0&gt;97%<\/span><\/span><\/p>","protected":false},"featured_media":28822,"comment_status":"closed","ping_status":"closed","template":"","meta":[],"product_brand":[82],"product_cat":[71,427,428,324],"product_tag":[272,302,303,326],"class_list":{"0":"post-24854","1":"product","2":"type-product","3":"status-publish","4":"has-post-thumbnail","6":"product_brand-research-chemical","7":"product_cat-arylcyclohexylamine","8":"product_cat-dck","9":"product_cat-dck-pellets","10":"product_cat-pellets-for-pellet","11":"product_tag-2f-dck-kopen","12":"product_tag-dck","13":"product_tag-deschloroketamine","14":"product_tag-nl","16":"first","17":"instock","18":"taxable","19":"shipping-taxable","20":"purchasable","21":"product-type-variable"},"_links":{"self":[{"href":"https:\/\/researchchemicalhub.com\/de_at\/wp-json\/wp\/v2\/product\/24854","targetHints":{"allow":["GET"]}}],"collection":[{"href":"https:\/\/researchchemicalhub.com\/de_at\/wp-json\/wp\/v2\/product"}],"about":[{"href":"https:\/\/researchchemicalhub.com\/de_at\/wp-json\/wp\/v2\/types\/product"}],"replies":[{"embeddable":true,"href":"https:\/\/researchchemicalhub.com\/de_at\/wp-json\/wp\/v2\/comments?post=24854"}],"version-history":[{"count":5,"href":"https:\/\/researchchemicalhub.com\/de_at\/wp-json\/wp\/v2\/product\/24854\/revisions"}],"predecessor-version":[{"id":28823,"href":"https:\/\/researchchemicalhub.com\/de_at\/wp-json\/wp\/v2\/product\/24854\/revisions\/28823"}],"wp:featuredmedia":[{"embeddable":true,"href":"https:\/\/researchchemicalhub.com\/de_at\/wp-json\/wp\/v2\/media\/28822"}],"wp:attachment":[{"href":"https:\/\/researchchemicalhub.com\/de_at\/wp-json\/wp\/v2\/media?parent=24854"}],"wp:term":[{"taxonomy":"product_brand","embeddable":true,"href":"https:\/\/researchchemicalhub.com\/de_at\/wp-json\/wp\/v2\/product_brand?post=24854"},{"taxonomy":"product_cat","embeddable":true,"href":"https:\/\/researchchemicalhub.com\/de_at\/wp-json\/wp\/v2\/product_cat?post=24854"},{"taxonomy":"product_tag","embeddable":true,"href":"https:\/\/researchchemicalhub.com\/de_at\/wp-json\/wp\/v2\/product_tag?post=24854"}],"curies":[{"name":"wp","href":"https:\/\/api.w.org\/{rel}","templated":true}]}}