{"id":24626,"date":"2025-10-20T17:42:17","date_gmt":"2025-10-20T17:42:17","guid":{"rendered":"https:\/\/researchchemicalhub.com\/?post_type=product&#038;p=24626"},"modified":"2025-10-29T07:57:10","modified_gmt":"2025-10-29T07:57:10","slug":"2cmc-kopen","status":"publish","type":"product","link":"https:\/\/researchchemicalhub.com\/de_at\/shop\/2-cmc-pellets\/2-cmc-kopen\/2cmc-kopen\/","title":{"rendered":"2-CMC (2-Chlormethcathinon)"},"content":{"rendered":"<h3 data-start=\"3977\" data-end=\"3998\"><strong data-start=\"3981\" data-end=\"3996\"><span dir=\"auto\" style=\"vertical-align: inherit;\"><span dir=\"auto\" style=\"vertical-align: inherit;\">Einf\u00fchrung<\/span><\/span><\/strong><\/h3>\n<p data-start=\"3999\" data-end=\"4365\"><strong data-start=\"3999\" data-end=\"4032\"><span dir=\"auto\" style=\"vertical-align: inherit;\"><span dir=\"auto\" style=\"vertical-align: inherit;\">2-CMC (2-Chlormethcathinon)<\/span><\/span><\/strong><span dir=\"auto\" style=\"vertical-align: inherit;\"><span dir=\"auto\" style=\"vertical-align: inherit;\"> Es handelt sich um ein synthetisches Cathinon aus der Familie der \u03b2-Ketoamphetamine, das strukturell mit 3-CMC und 4-CMC verwandt ist. Es wird in der Forschung aufgrund seiner <\/span><\/span><strong data-start=\"4210\" data-end=\"4234\"><span dir=\"auto\" style=\"vertical-align: inherit;\"><span dir=\"auto\" style=\"vertical-align: inherit;\">anregendes Profil<\/span><\/span><\/strong><span dir=\"auto\" style=\"vertical-align: inherit;\"><span dir=\"auto\" style=\"vertical-align: inherit;\"> Dadurch eignet es sich f\u00fcr Studien zu Dopamin- und Serotonintransportern, Stoffwechselwegen und neurochemischer Aktivit\u00e4t. 2 cmc kaufen<\/span><\/span><\/p>\n<p data-start=\"4367\" data-end=\"4664\"><span dir=\"auto\" style=\"vertical-align: inherit;\"><span dir=\"auto\" style=\"vertical-align: inherit;\">Jede Charge von <\/span><\/span><strong data-start=\"4378\" data-end=\"4387\"><span dir=\"auto\" style=\"vertical-align: inherit;\"><span dir=\"auto\" style=\"vertical-align: inherit;\">2-CMC<\/span><\/span><\/strong><span dir=\"auto\" style=\"vertical-align: inherit;\"><span dir=\"auto\" style=\"vertical-align: inherit;\"> wird geliefert als <\/span><\/span><strong data-start=\"4411\" data-end=\"4442\"><span dir=\"auto\" style=\"vertical-align: inherit;\"><span dir=\"auto\" style=\"vertical-align: inherit;\">hochwertige Forschungschemikalie<\/span><\/span><\/strong><span dir=\"auto\" style=\"vertical-align: inherit;\"><span dir=\"auto\" style=\"vertical-align: inherit;\"> und ist ausschlie\u00dflich f\u00fcr <\/span><\/span><strong data-start=\"4474\" data-end=\"4512\"><span dir=\"auto\" style=\"vertical-align: inherit;\"><span dir=\"auto\" style=\"vertical-align: inherit;\">analytische und forensische Forschung<\/span><\/span><\/strong><span dir=\"auto\" style=\"vertical-align: inherit;\"><span dir=\"auto\" style=\"vertical-align: inherit;\"> , <\/span><\/span><strong data-start=\"4514\" data-end=\"4549\"><span dir=\"auto\" style=\"vertical-align: inherit;\"><span dir=\"auto\" style=\"vertical-align: inherit;\">nicht f\u00fcr den menschlichen Verzehr<\/span><\/span><\/strong><span dir=\"auto\" style=\"vertical-align: inherit;\"><span dir=\"auto\" style=\"vertical-align: inherit;\"> F\u00fcr Forschende <\/span><\/span><strong data-start=\"4573\" data-end=\"4595\"><span dir=\"auto\" style=\"vertical-align: inherit;\"><span dir=\"auto\" style=\"vertical-align: inherit;\">m\u00f6chte 2-CMC kaufen<\/span><\/span><\/strong><span dir=\"auto\" style=\"vertical-align: inherit;\"><span dir=\"auto\" style=\"vertical-align: inherit;\"> Dieses Produkt eignet sich ideal f\u00fcr vergleichende und Referenzanalysen.<\/span><\/span><\/p>\n<hr data-start=\"4666\" data-end=\"4669\" \/>\n<h3 data-start=\"4671\" data-end=\"4702\"><strong data-start=\"4675\" data-end=\"4702\"><span dir=\"auto\" style=\"vertical-align: inherit;\"><span dir=\"auto\" style=\"vertical-align: inherit;\">Hauptmerkmale<\/span><\/span><\/strong><\/h3>\n<ul data-start=\"4704\" data-end=\"5057\">\n<li data-start=\"4704\" data-end=\"4757\">\n<p data-start=\"4706\" data-end=\"4757\"><strong data-start=\"4706\" data-end=\"4725\"><span dir=\"auto\" style=\"vertical-align: inherit;\"><span dir=\"auto\" style=\"vertical-align: inherit;\">Chemische Bezeichnung:<\/span><\/span><\/strong><span dir=\"auto\" style=\"vertical-align: inherit;\"><span dir=\"auto\" style=\"vertical-align: inherit;\"> 2-Chlormethcathinon (2-CMC)<\/span><\/span><\/p>\n<\/li>\n<li data-start=\"4758\" data-end=\"4795\">\n<p data-start=\"4760\" data-end=\"4795\"><strong data-start=\"4760\" data-end=\"4782\"><span dir=\"auto\" style=\"vertical-align: inherit;\"><span dir=\"auto\" style=\"vertical-align: inherit;\">Chemische Formel:<\/span><\/span><\/strong><span dir=\"auto\" style=\"vertical-align: inherit;\"><span dir=\"auto\" style=\"vertical-align: inherit;\"> C\u2081\u2080H\u2081\u2082ClNO<\/span><\/span><\/p>\n<\/li>\n<li data-start=\"4796\" data-end=\"4836\">\n<p data-start=\"4798\" data-end=\"4836\"><strong data-start=\"4798\" data-end=\"4821\"><span dir=\"auto\" style=\"vertical-align: inherit;\"><span dir=\"auto\" style=\"vertical-align: inherit;\">Molekulargewicht:<\/span><\/span><\/strong><span dir=\"auto\" style=\"vertical-align: inherit;\"><span dir=\"auto\" style=\"vertical-align: inherit;\"> 197,66 g\/mol<\/span><\/span><\/p>\n<\/li>\n<li data-start=\"4837\" data-end=\"4879\">\n<p data-start=\"4839\" data-end=\"4879\"><strong data-start=\"4839\" data-end=\"4854\"><span dir=\"auto\" style=\"vertical-align: inherit;\"><span dir=\"auto\" style=\"vertical-align: inherit;\">CAS-Nummer:<\/span><\/span><\/strong><span dir=\"auto\" style=\"vertical-align: inherit;\"><span dir=\"auto\" style=\"vertical-align: inherit;\"> \u2014 (Forschungsanaloge)<\/span><\/span><\/p>\n<\/li>\n<li data-start=\"4880\" data-end=\"4928\">\n<p data-start=\"4882\" data-end=\"4928\"><strong data-start=\"4882\" data-end=\"4897\"><span dir=\"auto\" style=\"vertical-align: inherit;\"><span dir=\"auto\" style=\"vertical-align: inherit;\">Reinheit:<\/span><\/span><\/strong><span dir=\"auto\" style=\"vertical-align: inherit;\"><span dir=\"auto\" style=\"vertical-align: inherit;\"> \u2265 98 % (laborgepr\u00fcft)<\/span><\/span><\/p>\n<\/li>\n<li data-start=\"4929\" data-end=\"4995\">\n<p data-start=\"4931\" data-end=\"4995\"><strong data-start=\"4931\" data-end=\"4940\"><span dir=\"auto\" style=\"vertical-align: inherit;\"><span dir=\"auto\" style=\"vertical-align: inherit;\">Bilden:<\/span><\/span><\/strong><span dir=\"auto\" style=\"vertical-align: inherit;\"><span dir=\"auto\" style=\"vertical-align: inherit;\"> Kristallines Pulver, stabil und einfach zu handhaben<\/span><\/span><\/p>\n<\/li>\n<li data-start=\"4996\" data-end=\"5057\">\n<p data-start=\"4998\" data-end=\"5057\"><strong data-start=\"4998\" data-end=\"5010\"><span dir=\"auto\" style=\"vertical-align: inherit;\"><span dir=\"auto\" style=\"vertical-align: inherit;\">Verwenden:<\/span><\/span><\/strong><span dir=\"auto\" style=\"vertical-align: inherit;\"><span dir=\"auto\" style=\"vertical-align: inherit;\"> Nur f\u00fcr analytische und chemische Forschungszwecke, kaufen Sie 2 cmc<\/span><\/span><\/p>\n<\/li>\n<\/ul>\n<hr data-start=\"5059\" data-end=\"5062\" \/>\n<h3 data-start=\"5064\" data-end=\"5081\"><strong data-start=\"5068\" data-end=\"5081\"><span dir=\"auto\" style=\"vertical-align: inherit;\"><span dir=\"auto\" style=\"vertical-align: inherit;\">Vorteile<\/span><\/span><\/strong><\/h3>\n<ul data-start=\"5083\" data-end=\"5664\">\n<li data-start=\"5083\" data-end=\"5174\">\n<p data-start=\"5085\" data-end=\"5174\"><strong data-start=\"5085\" data-end=\"5110\"><span dir=\"auto\" style=\"vertical-align: inherit;\"><span dir=\"auto\" style=\"vertical-align: inherit;\">Analytische Forschung:<\/span><\/span><\/strong><span dir=\"auto\" style=\"vertical-align: inherit;\"><span dir=\"auto\" style=\"vertical-align: inherit;\"> Geeignet f\u00fcr Chromatographie, Spektrometrie und Reagenzienpr\u00fcfung.<\/span><\/span><\/p>\n<\/li>\n<li data-start=\"5175\" data-end=\"5295\">\n<p data-start=\"5177\" data-end=\"5295\"><strong data-start=\"5177\" data-end=\"5204\"><span dir=\"auto\" style=\"vertical-align: inherit;\"><span dir=\"auto\" style=\"vertical-align: inherit;\">Pharmakologische Erkenntnisse:<\/span><\/span><\/strong><span dir=\"auto\" style=\"vertical-align: inherit;\"><span dir=\"auto\" style=\"vertical-align: inherit;\"> Unterst\u00fctzt die Untersuchung von Wechselwirkungen zwischen Monoamintransportern und Stimulanzienanaloga.<\/span><\/span><\/p>\n<\/li>\n<li data-start=\"5296\" data-end=\"5434\">\n<p data-start=\"5298\" data-end=\"5434\"><strong data-start=\"5298\" data-end=\"5327\"><span dir=\"auto\" style=\"vertical-align: inherit;\"><span dir=\"auto\" style=\"vertical-align: inherit;\">Strukturvergleich:<\/span><\/span><\/strong><span dir=\"auto\" style=\"vertical-align: inherit;\"><span dir=\"auto\" style=\"vertical-align: inherit;\"> N\u00fctzlich f\u00fcr Struktur-Wirkungsbeziehungs-Studien (SAR) mit anderen Cathinonen wie 3-CMC oder 4-CMC.<\/span><\/span><\/p>\n<\/li>\n<li data-start=\"5435\" data-end=\"5540\">\n<p data-start=\"5437\" data-end=\"5540\"><strong data-start=\"5437\" data-end=\"5463\"><span dir=\"auto\" style=\"vertical-align: inherit;\"><span dir=\"auto\" style=\"vertical-align: inherit;\">Gleichbleibende Qualit\u00e4t:<\/span><\/span><\/strong><span dir=\"auto\" style=\"vertical-align: inherit;\"><span dir=\"auto\" style=\"vertical-align: inherit;\"> Hergestellt unter Laborbedingungen f\u00fcr reproduzierbare Ergebnisse.<\/span><\/span><\/p>\n<\/li>\n<li data-start=\"5541\" data-end=\"5664\">\n<p data-start=\"5543\" data-end=\"5664\"><strong data-start=\"5543\" data-end=\"5565\"><span dir=\"auto\" style=\"vertical-align: inherit;\"><span dir=\"auto\" style=\"vertical-align: inherit;\">P\u00e4dagogischer Wert:<\/span><\/span><\/strong><span dir=\"auto\" style=\"vertical-align: inherit;\"><span dir=\"auto\" style=\"vertical-align: inherit;\"> Geeignet f\u00fcr Ausbildungsprogramme in Toxikologie und Forensik an Forschungseinrichtungen.<\/span><\/span><\/p>\n<\/li>\n<\/ul>\n<hr data-start=\"5666\" data-end=\"5669\" \/>\n<h3 data-start=\"5671\" data-end=\"5723\"><strong data-start=\"5675\" data-end=\"5721\"><span dir=\"auto\" style=\"vertical-align: inherit;\"><span dir=\"auto\" style=\"vertical-align: inherit;\">Nutzung (Nur f\u00fcr Forschungszwecke)<\/span><\/span><\/strong><\/h3>\n<blockquote data-start=\"5725\" data-end=\"5887\">\n<p data-start=\"5727\" data-end=\"5887\">\u26a0\ufe0f <strong data-start=\"5730\" data-end=\"5741\"><span dir=\"auto\" style=\"vertical-align: inherit;\"><span dir=\"auto\" style=\"vertical-align: inherit;\">Bitte beachten Sie:<\/span><\/span><\/strong><span dir=\"auto\" style=\"vertical-align: inherit;\"><span dir=\"auto\" style=\"vertical-align: inherit;\"> 2-CMC darf nur von qualifiziertem Laborpersonal verwendet werden und <\/span><\/span><strong data-start=\"5829\" data-end=\"5886\"><span dir=\"auto\" style=\"vertical-align: inherit;\"><span dir=\"auto\" style=\"vertical-align: inherit;\">ist nicht zum Verzehr durch Mensch oder Tier geeignet.<\/span><\/span><\/strong><span dir=\"auto\" style=\"vertical-align: inherit;\"><span dir=\"auto\" style=\"vertical-align: inherit;\"> .<\/span><\/span><\/p>\n<\/blockquote>\n<ol data-start=\"5889\" data-end=\"6346\">\n<li data-start=\"5889\" data-end=\"5983\">\n<p data-start=\"5892\" data-end=\"5983\"><strong data-start=\"5892\" data-end=\"5906\"><span dir=\"auto\" style=\"vertical-align: inherit;\"><span dir=\"auto\" style=\"vertical-align: inherit;\">Handhabung \u2013<\/span><\/span><\/strong><span dir=\"auto\" style=\"vertical-align: inherit;\"><span dir=\"auto\" style=\"vertical-align: inherit;\"> Tragen Sie stets Handschuhe und Schutzkleidung und arbeiten Sie unter einem Abzug.<\/span><\/span><\/p>\n<\/li>\n<li data-start=\"5984\" data-end=\"6064\">\n<p data-start=\"5987\" data-end=\"6064\"><strong data-start=\"5987\" data-end=\"5999\"><span dir=\"auto\" style=\"vertical-align: inherit;\"><span dir=\"auto\" style=\"vertical-align: inherit;\">Messungen<\/span><\/span><\/strong><span dir=\"auto\" style=\"vertical-align: inherit;\"><span dir=\"auto\" style=\"vertical-align: inherit;\"> \u2013 Verwenden Sie pr\u00e4zise W\u00e4geinstrumente f\u00fcr genaue Dosierungen.<\/span><\/span><\/p>\n<\/li>\n<li data-start=\"6065\" data-end=\"6152\">\n<p data-start=\"6068\" data-end=\"6152\"><strong data-start=\"6068\" data-end=\"6078\"><span dir=\"auto\" style=\"vertical-align: inherit;\"><span dir=\"auto\" style=\"vertical-align: inherit;\">Lagerung<\/span><\/span><\/strong><span dir=\"auto\" style=\"vertical-align: inherit;\"><span dir=\"auto\" style=\"vertical-align: inherit;\"> \u2013 Verschlossen an einem k\u00fchlen, trockenen und dunklen Ort lagern; vorzugsweise zwischen 2 und 8 \u00b0C.<\/span><\/span><\/p>\n<\/li>\n<li data-start=\"6153\" data-end=\"6255\">\n<p data-start=\"6156\" data-end=\"6255\"><strong data-start=\"6156\" data-end=\"6170\"><span dir=\"auto\" style=\"vertical-align: inherit;\"><span dir=\"auto\" style=\"vertical-align: inherit;\">Anwendung<\/span><\/span><\/strong><span dir=\"auto\" style=\"vertical-align: inherit;\"><span dir=\"auto\" style=\"vertical-align: inherit;\"> \u2013 Geeignet f\u00fcr GC\/MS, HPLC, NMR und FTIR zur Best\u00e4tigung von Struktur und Reinheit.<\/span><\/span><\/p>\n<\/li>\n<li data-start=\"6256\" data-end=\"6346\">\n<p data-start=\"6259\" data-end=\"6346\"><strong data-start=\"6259\" data-end=\"6275\"><span dir=\"auto\" style=\"vertical-align: inherit;\"><span dir=\"auto\" style=\"vertical-align: inherit;\">Dokumentation<\/span><\/span><\/strong><span dir=\"auto\" style=\"vertical-align: inherit;\"><span dir=\"auto\" style=\"vertical-align: inherit;\"> \u2013 Bewahren Sie Analysezertifikate, Chargennummern und Ergebnisse sicher auf.<\/span><\/span><\/p>\n<\/li>\n<\/ol>\n<hr data-start=\"6348\" data-end=\"6351\" \/>\n<h3 data-start=\"6353\" data-end=\"6388\"><strong data-start=\"6357\" data-end=\"6386\"><span dir=\"auto\" style=\"vertical-align: inherit;\"><span dir=\"auto\" style=\"vertical-align: inherit;\">H\u00e4ufig gestellte Fragen (FAQ)<\/span><\/span><\/strong><\/h3>\n<p data-start=\"6390\" data-end=\"6653\"><strong data-start=\"6390\" data-end=\"6410\"><span dir=\"auto\" style=\"vertical-align: inherit;\"><span dir=\"auto\" style=\"vertical-align: inherit;\">1. Was ist 2-CMC?<\/span><\/span><\/strong><br data-start=\"6410\" data-end=\"6413\" \/><span dir=\"auto\" style=\"vertical-align: inherit;\"><span dir=\"auto\" style=\"vertical-align: inherit;\"> 2-CMC (2-Chlormethcathinon) ist ein <\/span><\/span><strong data-start=\"6450\" data-end=\"6475\"><span dir=\"auto\" style=\"vertical-align: inherit;\"><span dir=\"auto\" style=\"vertical-align: inherit;\">synthetisches Cathinon<\/span><\/span><\/strong><span dir=\"auto\" style=\"vertical-align: inherit;\"><span dir=\"auto\" style=\"vertical-align: inherit;\"> Es wird in der analytischen und forensischen Forschung eingesetzt. Es ist strukturell anderen Cathinonen \u00e4hnlich, enth\u00e4lt jedoch ein Chloratom in 2-Position des Phenylrings.<\/span><\/span><\/p>\n<p data-start=\"6655\" data-end=\"6913\"><strong data-start=\"6655\" data-end=\"6690\"><span dir=\"auto\" style=\"vertical-align: inherit;\"><span dir=\"auto\" style=\"vertical-align: inherit;\">2. Ist der Kauf von 2-CMC legal?<\/span><\/span><\/strong><br data-start=\"6690\" data-end=\"6693\" \/><span dir=\"auto\" style=\"vertical-align: inherit;\"><span dir=\"auto\" style=\"vertical-align: inherit;\"> Der <\/span><\/span><strong data-start=\"6696\" data-end=\"6720\"><span dir=\"auto\" style=\"vertical-align: inherit;\"><span dir=\"auto\" style=\"vertical-align: inherit;\">Rechtm\u00e4\u00dfigkeit von 2-CMC<\/span><\/span><\/strong><span dir=\"auto\" style=\"vertical-align: inherit;\"><span dir=\"auto\" style=\"vertical-align: inherit;\"> Das ist je nach Land und Rechtslage unterschiedlich. In manchen Gebieten f\u00e4llt es unter das Opiumgesetz oder \u00e4hnliche Bestimmungen. Informieren Sie sich daher immer vorab \u00fcber die lokalen Gesetze. <\/span><\/span><strong data-start=\"6881\" data-end=\"6910\"><span dir=\"auto\" style=\"vertical-align: inherit;\"><span dir=\"auto\" style=\"vertical-align: inherit;\">Kauf oder Import von 2-CMC<\/span><\/span><\/strong><span dir=\"auto\" style=\"vertical-align: inherit;\"><span dir=\"auto\" style=\"vertical-align: inherit;\"> .<\/span><\/span><\/p>\n<p data-start=\"6915\" data-end=\"7144\"><strong data-start=\"6915\" data-end=\"6965\"><span dir=\"auto\" style=\"vertical-align: inherit;\"><span dir=\"auto\" style=\"vertical-align: inherit;\">3. Wozu wird 2-CMC in der Forschung verwendet?<\/span><\/span><\/strong><br data-start=\"6965\" data-end=\"6968\" \/><span dir=\"auto\" style=\"vertical-align: inherit;\"><span dir=\"auto\" style=\"vertical-align: inherit;\"> 2-CMC wird in Studien \u00fcber den Zusammenhang zwischen chemischer Struktur und biologischer Aktivit\u00e4t sowie als Referenzsubstanz in der forensischen Toxikologie und der analytischen Chemie verwendet. <\/span><\/span><a href=\"https:\/\/researchchemicalhub.com\/de_at\/shop\/okategoriserad\/4mmc-kopen\/\"><span dir=\"auto\" style=\"vertical-align: inherit;\"><span dir=\"auto\" style=\"vertical-align: inherit;\">Kauf 4mmc, kauf <\/span><\/span><\/a><a href=\"https:\/\/researchchemicalhub.com\/de_at\/shop\/okategoriserad\/benzocaine-powder\/\"><span dir=\"auto\" style=\"vertical-align: inherit;\"><span dir=\"auto\" style=\"vertical-align: inherit;\">Benzocainpulver, <\/span><\/span><\/a><a href=\"https:\/\/researchchemicalhub.com\/de_at\/shop\/okategoriserad\/fentanyl-kopen\/\"><span dir=\"auto\" style=\"vertical-align: inherit;\"><span dir=\"auto\" style=\"vertical-align: inherit;\">Fentanyl kaufen.<\/span><\/span><\/a><\/p>","protected":false},"excerpt":{"rendered":"<h2><span dir=\"auto\" style=\"vertical-align: inherit;\"><span dir=\"auto\" style=\"vertical-align: inherit;\"><span dir=\"auto\" style=\"vertical-align: inherit;\"><span dir=\"auto\" style=\"vertical-align: inherit;\">2-CMC-Eigenschaften<\/span><\/span><\/span><\/span><\/h2>\n<p><strong><span dir=\"auto\" style=\"vertical-align: inherit;\"><span dir=\"auto\" style=\"vertical-align: inherit;\"><span dir=\"auto\" style=\"vertical-align: inherit;\"><span dir=\"auto\" style=\"vertical-align: inherit;\">CAS-Nummer<\/span><\/span><\/span><\/span><\/strong><span dir=\"auto\" style=\"vertical-align: inherit;\"><span dir=\"auto\" style=\"vertical-align: inherit;\"><span dir=\"auto\" style=\"vertical-align: inherit;\"><span dir=\"auto\" style=\"vertical-align: inherit;\"> : 90869-66-2 <\/span><\/span><\/span><\/span><br \/>\n<strong><span dir=\"auto\" style=\"vertical-align: inherit;\"><span dir=\"auto\" style=\"vertical-align: inherit;\"><span dir=\"auto\" style=\"vertical-align: inherit;\"><span dir=\"auto\" style=\"vertical-align: inherit;\">Formel<\/span><\/span><\/span><\/span><\/strong><span dir=\"auto\" style=\"vertical-align: inherit;\"><span dir=\"auto\" style=\"vertical-align: inherit;\"><span dir=\"auto\" style=\"vertical-align: inherit;\"><span dir=\"auto\" style=\"vertical-align: inherit;\"> : C <\/span><\/span><\/span><\/span><sub><small><span dir=\"auto\" style=\"vertical-align: inherit;\"><span dir=\"auto\" style=\"vertical-align: inherit;\"><span dir=\"auto\" style=\"vertical-align: inherit;\"><span dir=\"auto\" style=\"vertical-align: inherit;\">10<\/span><\/span><\/span><\/span><\/small><\/sub><span dir=\"auto\" style=\"vertical-align: inherit;\"><span dir=\"auto\" style=\"vertical-align: inherit;\"><span dir=\"auto\" style=\"vertical-align: inherit;\"><span dir=\"auto\" style=\"vertical-align: inherit;\"> H <\/span><\/span><\/span><\/span><sub><small><span dir=\"auto\" style=\"vertical-align: inherit;\"><span dir=\"auto\" style=\"vertical-align: inherit;\"><span dir=\"auto\" style=\"vertical-align: inherit;\"><span dir=\"auto\" style=\"vertical-align: inherit;\">12<\/span><\/span><\/span><\/span><\/small><\/sub><span dir=\"auto\" style=\"vertical-align: inherit;\"><span dir=\"auto\" style=\"vertical-align: inherit;\"><span dir=\"auto\" style=\"vertical-align: inherit;\"><span dir=\"auto\" style=\"vertical-align: inherit;\"> ClNO <\/span><\/span><\/span><\/span><br \/>\n<strong><span dir=\"auto\" style=\"vertical-align: inherit;\"><span dir=\"auto\" style=\"vertical-align: inherit;\"><span dir=\"auto\" style=\"vertical-align: inherit;\"><span dir=\"auto\" style=\"vertical-align: inherit;\">Molmasse<\/span><\/span><\/span><\/span><\/strong><span dir=\"auto\" style=\"vertical-align: inherit;\"><span dir=\"auto\" style=\"vertical-align: inherit;\"><span dir=\"auto\" style=\"vertical-align: inherit;\"><span dir=\"auto\" style=\"vertical-align: inherit;\"> : 234.1 <\/span><\/span><\/span><\/span><br \/>\n<strong><span dir=\"auto\" style=\"vertical-align: inherit;\"><span dir=\"auto\" style=\"vertical-align: inherit;\"><span dir=\"auto\" style=\"vertical-align: inherit;\"><span dir=\"auto\" style=\"vertical-align: inherit;\">Reinheit<\/span><\/span><\/span><\/span><\/strong><span dir=\"auto\" style=\"vertical-align: inherit;\"><span dir=\"auto\" style=\"vertical-align: inherit;\"><span dir=\"auto\" style=\"vertical-align: inherit;\"><span dir=\"auto\" style=\"vertical-align: inherit;\"> : \u226598%<\/span><\/span><\/span><\/span><\/p>","protected":false},"featured_media":28376,"comment_status":"closed","ping_status":"closed","template":"","meta":[],"product_brand":[82],"product_cat":[371,322,79],"product_tag":[561,668,667,326],"class_list":{"0":"post-24626","1":"product","2":"type-product","3":"status-publish","4":"has-post-thumbnail","6":"product_brand-research-chemical","7":"product_cat-2-cmc-kopen","8":"product_cat-bijna-verboden","9":"product_cat-cathinonen","10":"product_tag-2-cmc-kopen","11":"product_tag-2cmc-bestellen","12":"product_tag-2cmc-kopen","13":"product_tag-nl","15":"first","16":"instock","17":"taxable","18":"shipping-taxable","19":"purchasable","20":"product-type-variable"},"_links":{"self":[{"href":"https:\/\/researchchemicalhub.com\/de_at\/wp-json\/wp\/v2\/product\/24626","targetHints":{"allow":["GET"]}}],"collection":[{"href":"https:\/\/researchchemicalhub.com\/de_at\/wp-json\/wp\/v2\/product"}],"about":[{"href":"https:\/\/researchchemicalhub.com\/de_at\/wp-json\/wp\/v2\/types\/product"}],"replies":[{"embeddable":true,"href":"https:\/\/researchchemicalhub.com\/de_at\/wp-json\/wp\/v2\/comments?post=24626"}],"version-history":[{"count":7,"href":"https:\/\/researchchemicalhub.com\/de_at\/wp-json\/wp\/v2\/product\/24626\/revisions"}],"predecessor-version":[{"id":28659,"href":"https:\/\/researchchemicalhub.com\/de_at\/wp-json\/wp\/v2\/product\/24626\/revisions\/28659"}],"wp:featuredmedia":[{"embeddable":true,"href":"https:\/\/researchchemicalhub.com\/de_at\/wp-json\/wp\/v2\/media\/28376"}],"wp:attachment":[{"href":"https:\/\/researchchemicalhub.com\/de_at\/wp-json\/wp\/v2\/media?parent=24626"}],"wp:term":[{"taxonomy":"product_brand","embeddable":true,"href":"https:\/\/researchchemicalhub.com\/de_at\/wp-json\/wp\/v2\/product_brand?post=24626"},{"taxonomy":"product_cat","embeddable":true,"href":"https:\/\/researchchemicalhub.com\/de_at\/wp-json\/wp\/v2\/product_cat?post=24626"},{"taxonomy":"product_tag","embeddable":true,"href":"https:\/\/researchchemicalhub.com\/de_at\/wp-json\/wp\/v2\/product_tag?post=24626"}],"curies":[{"name":"wp","href":"https:\/\/api.w.org\/{rel}","templated":true}]}}