{"id":24579,"date":"2025-10-20T17:42:03","date_gmt":"2025-10-20T17:42:03","guid":{"rendered":"https:\/\/researchchemicalhub.com\/?post_type=product&#038;p=24579"},"modified":"2025-10-29T08:03:21","modified_gmt":"2025-10-29T08:03:21","slug":"3-mir-pcpy-hcl","status":"publish","type":"product","link":"https:\/\/researchchemicalhub.com\/de_at\/geschaft\/3-mich-pcpy\/3-mir-pcpy-hcl\/","title":{"rendered":"3-Me-PCPy HCl"},"content":{"rendered":"<h3 data-start=\"4144\" data-end=\"4165\"><strong data-start=\"4148\" data-end=\"4163\">Einf\u00fchrung<\/strong><\/h3>\n<p data-start=\"4166\" data-end=\"4557\"><strong data-start=\"4166\" data-end=\"4241\">3-Me-PCPy HCl (3-Methyl-1-(1-phenylcyclohexyl)pyrrolidinhydrochlorid)<\/strong> ist ein <strong data-start=\"4249\" data-end=\"4296\">synthetische Arylcyclohexylaminverbindung<\/strong>, strukturell verwandt mit <strong data-start=\"4322\" data-end=\"4330\">PCPy<\/strong> Und <strong data-start=\"4334\" data-end=\"4341\">PCP<\/strong>. 3-Me-PCPy<br data-start=\"4342\" data-end=\"4345\" \/>Der Stoff wird verwendet in <strong data-start=\"4371\" data-end=\"4409\">Neurochemische und Rezeptorforschung<\/strong>, insbesondere f\u00fcr das Studium <strong data-start=\"4444\" data-end=\"4472\">NMDA-Rezeptorantagonismus<\/strong> Und <strong data-start=\"4476\" data-end=\"4517\">Struktur-Aktivit\u00e4ts-Beziehungen (SAR)<\/strong> innerhalb der Arylcyclohexylamin-Klasse.<\/p>\n<p data-start=\"4559\" data-end=\"4764\"><strong data-start=\"4559\" data-end=\"4576\">3-Me-PCPy HCl<\/strong> kommt als <strong data-start=\"4596\" data-end=\"4640\">hochreines kristallines Hydrochloridsalz<\/strong> und ist ausschlie\u00dflich bestimmt f\u00fcr <strong data-start=\"4672\" data-end=\"4713\">Labor- und analytische Forschung<\/strong>, <strong data-start=\"4715\" data-end=\"4763\">nicht f\u00fcr den menschlichen oder tierischen Verzehr bestimmt<\/strong>.<\/p>\n<hr data-start=\"4766\" data-end=\"4769\" \/>\n<h3 data-start=\"4771\" data-end=\"4802\"><strong data-start=\"4775\" data-end=\"4802\">Hauptmerkmale<\/strong><\/h3>\n<ul data-start=\"4804\" data-end=\"5219\">\n<li data-start=\"4804\" data-end=\"4883\">\n<p data-start=\"4806\" data-end=\"4883\"><strong data-start=\"4806\" data-end=\"4825\">Chemischer Name:<\/strong> 3-Methyl-1-(1-phenylcyclohexyl)pyrrolidinhydrochlorid<\/p>\n<\/li>\n<li data-start=\"4884\" data-end=\"4925\">\n<p data-start=\"4886\" data-end=\"4925\"><strong data-start=\"4886\" data-end=\"4909\">Allgemeiner Name:<\/strong> 3-Me-PCPy HCl<\/p>\n<\/li>\n<li data-start=\"4926\" data-end=\"4960\">\n<p data-start=\"4928\" data-end=\"4960\"><strong data-start=\"4928\" data-end=\"4948\">Summenformel:<\/strong> C\u2081\u2088H\u2082\u2088ClN<\/p>\n<\/li>\n<li data-start=\"4961\" data-end=\"4998\">\n<p data-start=\"4963\" data-end=\"4998\"><strong data-start=\"4963\" data-end=\"4983\">Molekulargewicht:<\/strong> 293,88 g\/mol<\/p>\n<\/li>\n<li data-start=\"4999\" data-end=\"5060\">\n<p data-start=\"5001\" data-end=\"5060\"><strong data-start=\"5001\" data-end=\"5012\">Klasse:<\/strong> Arylcyclohexylamin\/NMDA-Rezeptorantagonist<\/p>\n<\/li>\n<li data-start=\"5061\" data-end=\"5104\">\n<p data-start=\"5063\" data-end=\"5104\"><strong data-start=\"5063\" data-end=\"5072\">Bilden:<\/strong> Kristallines Hydrochloridsalz<\/p>\n<\/li>\n<li data-start=\"5105\" data-end=\"5157\">\n<p data-start=\"5107\" data-end=\"5157\"><strong data-start=\"5107\" data-end=\"5122\">Reinheit:<\/strong> \u2265 98 % (getestet mittels GC-MS und NMR)<\/p>\n<\/li>\n<li data-start=\"5158\" data-end=\"5219\">\n<p data-start=\"5160\" data-end=\"5219\"><strong data-start=\"5160\" data-end=\"5172\">Verwendung:<\/strong> Nur f\u00fcr analytische und chemische Forschung<\/p>\n<\/li>\n<\/ul>\n<hr data-start=\"5221\" data-end=\"5224\" \/>\n<h3 data-start=\"5226\" data-end=\"5243\"><strong data-start=\"5230\" data-end=\"5243\">Vorteile<\/strong><\/h3>\n<ul data-start=\"5245\" data-end=\"5803\">\n<li data-start=\"5245\" data-end=\"5351\">\n<p data-start=\"5247\" data-end=\"5351\"><strong data-start=\"5247\" data-end=\"5277\">Analytische Referenzsubstanz<\/strong> \u2013 Geeignet f\u00fcr GC-MS- oder LC-MS-Toxikologietests und Rezeptorstudien. 3-Me-PCPy<\/p>\n<\/li>\n<li data-start=\"5352\" data-end=\"5472\">\n<p data-start=\"5354\" data-end=\"5472\"><strong data-start=\"5354\" data-end=\"5380\">Vergleichende Forschung<\/strong> \u2013 N\u00fctzlich f\u00fcr SAR-Studien zwischen PCP-\u00e4hnlichen Analoga wie PCP, 3-MeO-PCP und 3-Me-PCE.<\/p>\n<\/li>\n<li data-start=\"5473\" data-end=\"5574\">\n<p data-start=\"5475\" data-end=\"5574\"><strong data-start=\"5475\" data-end=\"5501\">Stabil und zuverl\u00e4ssig<\/strong> \u2013 Die Hydrochloridform gew\u00e4hrleistet eine gute L\u00f6slichkeit und Haltbarkeit.<\/p>\n<\/li>\n<li data-start=\"5575\" data-end=\"5691\">\n<p data-start=\"5577\" data-end=\"5691\"><strong data-start=\"5577\" data-end=\"5598\">Rezeptorforschung<\/strong> \u2013 Unterst\u00fctzt die Forschung zur NMDA-Rezeptorbindung und zu Wechselwirkungen mit dopaminergen Systemen.<\/p>\n<\/li>\n<li data-start=\"5692\" data-end=\"5803\">\n<p data-start=\"5694\" data-end=\"5803\"><strong data-start=\"5694\" data-end=\"5719\">Laborqualit\u00e4t<\/strong> \u2013 Hergestellt unter kontrollierten Bedingungen, COA pro Charge verf\u00fcgbar.<\/p>\n<\/li>\n<\/ul>\n<hr data-start=\"5805\" data-end=\"5808\" \/>\n<h3 data-start=\"5810\" data-end=\"5862\"><strong data-start=\"5814\" data-end=\"5860\">Verwendung (nur f\u00fcr Forschungszwecke)<\/strong><\/h3>\n<blockquote data-start=\"5864\" data-end=\"6024\">\n<p data-start=\"5866\" data-end=\"6024\">\u26a0\ufe0f <strong data-start=\"5869\" data-end=\"5880\">Hinweis:<\/strong> 3-Me-PCPy HCl ist nur bestimmt f\u00fcr <strong data-start=\"5923\" data-end=\"5964\">Labor- und analytische Forschung<\/strong>.<br data-start=\"5965\" data-end=\"5968\" \/>Nicht f\u00fcr den menschlichen oder tierischen Verzehr geeignet.<\/p>\n<\/blockquote>\n<ol data-start=\"6026\" data-end=\"6442\">\n<li data-start=\"6026\" data-end=\"6115\">\n<p data-start=\"6029\" data-end=\"6115\"><strong data-start=\"6029\" data-end=\"6044\">Handhabung:<\/strong> Tragen Sie Handschuhe, eine Schutzbrille und einen Laborkittel. Arbeiten Sie unter Absaugung.<\/p>\n<\/li>\n<li data-start=\"6116\" data-end=\"6200\">\n<p data-start=\"6119\" data-end=\"6200\"><strong data-start=\"6119\" data-end=\"6132\">Ma\u00dfe:<\/strong> Verwenden Sie f\u00fcr eine genaue Dosierung kalibrierte Analyseger\u00e4te.<\/p>\n<\/li>\n<li data-start=\"6201\" data-end=\"6287\">\n<p data-start=\"6204\" data-end=\"6287\"><strong data-start=\"6204\" data-end=\"6215\">Lagerung:<\/strong> Trocken, k\u00fchl (2\u20138 \u00b0C) und dunkel in einem gut verschlossenen Beh\u00e4lter lagern.<\/p>\n<\/li>\n<li data-start=\"6288\" data-end=\"6352\">\n<p data-start=\"6291\" data-end=\"6352\"><strong data-start=\"6291\" data-end=\"6303\">Analyse:<\/strong> Geeignet f\u00fcr GC-MS, LC-MS, FTIR, HPLC und NMR.<\/p>\n<\/li>\n<li data-start=\"6353\" data-end=\"6442\">\n<p data-start=\"6356\" data-end=\"6442\"><strong data-start=\"6356\" data-end=\"6373\">Dokumentation:<\/strong> Zur Einhaltung der Vorschriften sind Chargendaten, Reinheit und Lagerbedingungen aufzuzeichnen.<\/p>\n<\/li>\n<\/ol>\n<hr data-start=\"6444\" data-end=\"6447\" \/>\n<h3 data-start=\"6449\" data-end=\"6484\"><strong data-start=\"6453\" data-end=\"6482\">H\u00e4ufig gestellte Fragen (FAQ)<\/strong><\/h3>\n<p data-start=\"6486\" data-end=\"6674\"><strong data-start=\"6486\" data-end=\"6514\">1. Was ist 3-Me-PCPy HCl?<\/strong><br data-start=\"6514\" data-end=\"6517\" \/>3-Me-PCPy HCl ist ein synthetisches <strong data-start=\"6551\" data-end=\"6574\">Arylcyclohexylamin<\/strong> das in der analytischen und neuropharmakologischen Forschung zu NMDA-Rezeptorantagonisten verwendet wird.<\/p>\n<p data-start=\"6676\" data-end=\"6853\"><strong data-start=\"6676\" data-end=\"6711\">2. Wof\u00fcr wird es angewendet?<\/strong><br data-start=\"6711\" data-end=\"6714\" \/>F\u00fcr <strong data-start=\"6719\" data-end=\"6748\">Rezeptorbindungsforschung<\/strong>, <strong data-start=\"6750\" data-end=\"6784\">Strukturaktivit\u00e4tsstudien<\/strong> und wenn <strong data-start=\"6792\" data-end=\"6810\">Referenzsubstanz<\/strong> in toxikologischer und analytischer Chemie.<\/p>\n<p data-start=\"6855\" data-end=\"7122\"><strong data-start=\"6855\" data-end=\"6902\">3. Ist der Kauf von 3-Me-PCPy HCl legal?<\/strong><br data-start=\"6902\" data-end=\"6905\" \/>Der <strong data-start=\"6908\" data-end=\"6940\">Legalit\u00e4t von 3-Me-PCPy HCl<\/strong> Variiert je nach Land. In manchen Regionen wird es als Forschungschemikalie eingestuft, anderswo f\u00e4llt es m\u00f6glicherweise unter das Opiumgesetz. Informieren Sie sich vor dem Kauf oder Import immer \u00fcber die \u00f6rtlichen Vorschriften.<\/p>","protected":false},"excerpt":{"rendered":"<h3><span dir=\"auto\" style=\"vertical-align: inherit;\"><span dir=\"auto\" style=\"vertical-align: inherit;\">3-Me-PCPy-Eigenschaften<\/span><\/span><\/h3>\n<p><strong><span dir=\"auto\" style=\"vertical-align: inherit;\"><span dir=\"auto\" style=\"vertical-align: inherit;\">Synonym:<\/span><\/span><\/strong><span dir=\"auto\" style=\"vertical-align: inherit;\"><span dir=\"auto\" style=\"vertical-align: inherit;\"> 3-Methyl-PCPy <\/span><\/span><br \/>\n<strong><span dir=\"auto\" style=\"vertical-align: inherit;\"><span dir=\"auto\" style=\"vertical-align: inherit;\">CAS-Nummer:<\/span><\/span><\/strong><span dir=\"auto\" style=\"vertical-align: inherit;\"><span dir=\"auto\" style=\"vertical-align: inherit;\"> 1622348-63-3 <\/span><\/span><br \/>\n<strong><span dir=\"auto\" style=\"vertical-align: inherit;\"><span dir=\"auto\" style=\"vertical-align: inherit;\">Formel: <\/span><\/span><\/strong> <span title=\"Kohlenstoff\"><span dir=\"auto\" style=\"vertical-align: inherit;\"><span dir=\"auto\" style=\"vertical-align: inherit;\">C <\/span><\/span><\/span><sub><span dir=\"auto\" style=\"vertical-align: inherit;\"><span dir=\"auto\" style=\"vertical-align: inherit;\">17 <\/span><\/span><\/sub><span title=\"Wasserstoff\"><span dir=\"auto\" style=\"vertical-align: inherit;\"><span dir=\"auto\" style=\"vertical-align: inherit;\">H <\/span><\/span><\/span><sub><span dir=\"auto\" style=\"vertical-align: inherit;\"><span dir=\"auto\" style=\"vertical-align: inherit;\">25 <\/span><\/span><\/sub><span title=\"Stickstoff\"><span dir=\"auto\" style=\"vertical-align: inherit;\"><span dir=\"auto\" style=\"vertical-align: inherit;\">N <\/span><\/span><\/span><br \/>\n<strong><span dir=\"auto\" style=\"vertical-align: inherit;\"><span dir=\"auto\" style=\"vertical-align: inherit;\">Molmasse:<\/span><\/span><\/strong><span dir=\"auto\" style=\"vertical-align: inherit;\"><span dir=\"auto\" style=\"vertical-align: inherit;\"> 243,394 g\/mol <\/span><\/span><br \/>\n<strong><span dir=\"auto\" style=\"vertical-align: inherit;\"><span dir=\"auto\" style=\"vertical-align: inherit;\">Reinheit:<\/span><\/span><\/strong><span dir=\"auto\" style=\"vertical-align: inherit;\"><span dir=\"auto\" style=\"vertical-align: inherit;\"> &gt;97%<\/span><\/span><\/p>","protected":false},"featured_media":28416,"comment_status":"closed","ping_status":"closed","template":"","meta":[],"product_brand":[82],"product_cat":[456,71],"product_tag":[788,790,789,326],"class_list":{"0":"post-24579","1":"product","2":"type-product","3":"status-publish","4":"has-post-thumbnail","6":"product_brand-research-chemical","7":"product_cat-3-me-pcpy","8":"product_cat-arylcyclohexylamine","9":"product_tag-3-me-pcpy","10":"product_tag-3-me-pcpy-hcl","11":"product_tag-3-me-pcpy-reddit","12":"product_tag-nl","14":"first","15":"instock","16":"taxable","17":"shipping-taxable","18":"purchasable","19":"product-type-variable"},"_links":{"self":[{"href":"https:\/\/researchchemicalhub.com\/de_at\/wp-json\/wp\/v2\/product\/24579","targetHints":{"allow":["GET"]}}],"collection":[{"href":"https:\/\/researchchemicalhub.com\/de_at\/wp-json\/wp\/v2\/product"}],"about":[{"href":"https:\/\/researchchemicalhub.com\/de_at\/wp-json\/wp\/v2\/types\/product"}],"replies":[{"embeddable":true,"href":"https:\/\/researchchemicalhub.com\/de_at\/wp-json\/wp\/v2\/comments?post=24579"}],"version-history":[{"count":6,"href":"https:\/\/researchchemicalhub.com\/de_at\/wp-json\/wp\/v2\/product\/24579\/revisions"}],"predecessor-version":[{"id":27764,"href":"https:\/\/researchchemicalhub.com\/de_at\/wp-json\/wp\/v2\/product\/24579\/revisions\/27764"}],"wp:featuredmedia":[{"embeddable":true,"href":"https:\/\/researchchemicalhub.com\/de_at\/wp-json\/wp\/v2\/media\/28416"}],"wp:attachment":[{"href":"https:\/\/researchchemicalhub.com\/de_at\/wp-json\/wp\/v2\/media?parent=24579"}],"wp:term":[{"taxonomy":"product_brand","embeddable":true,"href":"https:\/\/researchchemicalhub.com\/de_at\/wp-json\/wp\/v2\/product_brand?post=24579"},{"taxonomy":"product_cat","embeddable":true,"href":"https:\/\/researchchemicalhub.com\/de_at\/wp-json\/wp\/v2\/product_cat?post=24579"},{"taxonomy":"product_tag","embeddable":true,"href":"https:\/\/researchchemicalhub.com\/de_at\/wp-json\/wp\/v2\/product_tag?post=24579"}],"curies":[{"name":"wp","href":"https:\/\/api.w.org\/{rel}","templated":true}]}}