{"id":24573,"date":"2025-10-20T17:42:03","date_gmt":"2025-10-20T17:42:03","guid":{"rendered":"https:\/\/researchchemicalhub.com\/?post_type=product&#038;p=24573"},"modified":"2025-10-29T08:07:08","modified_gmt":"2025-10-29T08:07:08","slug":"hhc-gummibarchen-50mg-rot","status":"publish","type":"product","link":"https:\/\/researchchemicalhub.com\/de_at\/geschaft\/b2b\/hhc-gummibarchen-50mg-rot\/","title":{"rendered":"Gummib\u00e4rchen 50 mg HHC (Rot)"},"content":{"rendered":"<h3 data-start=\"3889\" data-end=\"3910\"><strong data-start=\"3893\" data-end=\"3908\">Einf\u00fchrung<\/strong><\/h3>\n<p data-start=\"3911\" data-end=\"4184\">Entdecken <strong data-start=\"3918\" data-end=\"3948\">Gummib\u00e4rchen 50 mg HHC (Rot)<\/strong> \u2014 hohe Qualit\u00e4t <strong data-start=\"3964\" data-end=\"3979\">HHC-Gummib\u00e4rchen<\/strong> mit k\u00f6stlichem Geschmack und pr\u00e4ziser Dosierung. Jedes rote Gummib\u00e4rchen enth\u00e4lt <strong data-start=\"4051\" data-end=\"4086\">50 mg HHC (Hexahydrocannabinol)<\/strong>, das eine st\u00e4rkere und l\u00e4nger anhaltende Wirkung bietet als die leichteren 10 mg- oder 25 mg-Varianten. hhc Gummib\u00e4rchen<\/p>\n<p data-start=\"4186\" data-end=\"4346\">Ob Sie forschen zu <strong data-start=\"4214\" data-end=\"4229\">HHC-Esswaren<\/strong> oder erw\u00e4gt <strong data-start=\"4243\" data-end=\"4279\">Kaufen Sie Gummib\u00e4rchen 50 mg HHC (rot).<\/strong>, dieses Produkt steht f\u00fcr Reinheit, Pr\u00e4zision und Zuverl\u00e4ssigkeit.<\/p>\n<hr data-start=\"4348\" data-end=\"4351\" \/>\n<h3 data-start=\"4353\" data-end=\"4384\"><strong data-start=\"4357\" data-end=\"4384\">Hauptmerkmale<\/strong><\/h3>\n<div class=\"_tableContainer_1rjym_1\">\n<div class=\"group _tableWrapper_1rjym_13 flex w-fit flex-col-reverse\" tabindex=\"-1\">\n<table class=\"w-fit min-w-(--thread-content-width)\" data-start=\"4386\" data-end=\"4853\">\n<thead data-start=\"4386\" data-end=\"4412\">\n<tr data-start=\"4386\" data-end=\"4412\">\n<th data-start=\"4386\" data-end=\"4396\" data-col-size=\"sm\">Besonderheit<\/th>\n<th data-start=\"4396\" data-end=\"4412\" data-col-size=\"md\">Beschreibung<\/th>\n<\/tr>\n<\/thead>\n<tbody data-start=\"4423\" data-end=\"4853\">\n<tr data-start=\"4423\" data-end=\"4512\">\n<td data-start=\"4423\" data-end=\"4442\" data-col-size=\"sm\"><strong data-start=\"4425\" data-end=\"4441\">Hohe Festigkeit<\/strong><\/td>\n<td data-start=\"4442\" data-end=\"4512\" data-col-size=\"md\">Jedes Gummib\u00e4rchen enth\u00e4lt <strong data-start=\"4461\" data-end=\"4474\">50 mg HHC<\/strong> f\u00fcr eine kraftvolle, anhaltende Wirkung.<\/td>\n<\/tr>\n<tr data-start=\"4513\" data-end=\"4585\">\n<td data-start=\"4513\" data-end=\"4532\" data-col-size=\"sm\"><strong data-start=\"4515\" data-end=\"4531\">Fruchtiger Geschmack<\/strong><\/td>\n<td data-start=\"4532\" data-end=\"4585\" data-col-size=\"md\">Die rote Sorte hat einen s\u00fc\u00dfen, angenehmen Geschmack.<\/td>\n<\/tr>\n<tr data-start=\"4586\" data-end=\"4674\">\n<td data-start=\"4586\" data-end=\"4612\" data-col-size=\"sm\"><strong data-start=\"4588\" data-end=\"4611\">Laborgetestet<\/strong><\/td>\n<td data-start=\"4612\" data-end=\"4674\" data-col-size=\"md\">Unabh\u00e4ngig auf Reinheit, Wirksamkeit und Sicherheit getestet.<\/td>\n<\/tr>\n<tr data-start=\"4675\" data-end=\"4762\">\n<td data-start=\"4675\" data-end=\"4703\" data-col-size=\"sm\"><strong data-start=\"4677\" data-end=\"4702\">Einfache Dosierung<\/strong><\/td>\n<td data-start=\"4703\" data-end=\"4762\" data-col-size=\"md\">Pr\u00e4ziser Inhalt pro Gummib\u00e4rchen f\u00fcr vorhersehbare Ergebnisse.<\/td>\n<\/tr>\n<tr data-start=\"4763\" data-end=\"4853\">\n<td data-start=\"4763\" data-end=\"4791\" data-col-size=\"sm\"><strong data-start=\"4765\" data-end=\"4790\">Versiegelte Verpackung<\/strong><\/td>\n<td data-start=\"4791\" data-end=\"4853\" data-col-size=\"md\">H\u00e4lt das Produkt frisch, wirksam und vor Feuchtigkeit gesch\u00fctzt.<\/td>\n<\/tr>\n<\/tbody>\n<\/table>\n<\/div>\n<\/div>\n<hr data-start=\"4855\" data-end=\"4858\" \/>\n<h3 data-start=\"4860\" data-end=\"4877\"><strong data-start=\"4864\" data-end=\"4877\">Vorteile<\/strong><\/h3>\n<ul data-start=\"4879\" data-end=\"5402\">\n<li data-start=\"4879\" data-end=\"5014\">\n<p data-start=\"4881\" data-end=\"5014\"><strong data-start=\"4881\" data-end=\"4916\">Kraftvolles und langanhaltendes Erlebnis<\/strong> \u2013 Die 50-mg-Dosis bietet lang anhaltende Wirkungen und ist f\u00fcr erfahrene Benutzer oder die Forschung geeignet.<\/p>\n<\/li>\n<li data-start=\"5015\" data-end=\"5117\">\n<p data-start=\"5017\" data-end=\"5117\"><strong data-start=\"5017\" data-end=\"5042\">Zuverl\u00e4ssige Qualit\u00e4t<\/strong> \u2013 Jede Charge <strong data-start=\"5056\" data-end=\"5071\">HHC-Esswaren<\/strong> wird auf Konsistenz und Sicherheit getestet.<\/p>\n<\/li>\n<li data-start=\"5118\" data-end=\"5209\">\n<p data-start=\"5120\" data-end=\"5209\"><strong data-start=\"5120\" data-end=\"5141\">Diskret und bequem<\/strong> \u2013 Einfach zu lagern und zu verwenden, ohne Geruch oder erforderliche Ausr\u00fcstung.<\/p>\n<\/li>\n<li data-start=\"5210\" data-end=\"5303\">\n<p data-start=\"5212\" data-end=\"5303\"><strong data-start=\"5212\" data-end=\"5234\">Leckere St\u00e4rke<\/strong> \u2013 Die rote Variante vereint fruchtigen Geschmack mit kraftvoller Wirkung.<\/p>\n<\/li>\n<li data-start=\"5304\" data-end=\"5402\">\n<p data-start=\"5306\" data-end=\"5402\"><strong data-start=\"5306\" data-end=\"5326\">Forschungswert<\/strong> \u2013 Geeignet f\u00fcr Studien zu <strong data-start=\"5356\" data-end=\"5402\">HHC-Stoffwechsel, Stabilit\u00e4t und Absorption. HHC-Gummib\u00e4rchen<\/strong><\/p>\n<\/li>\n<\/ul>\n<hr data-start=\"5404\" data-end=\"5407\" \/>\n<h3 data-start=\"5409\" data-end=\"5445\"><strong data-start=\"5413\" data-end=\"5445\">Anwendung \/ Gebrauchsanweisung<\/strong><\/h3>\n<blockquote data-start=\"5447\" data-end=\"5572\">\n<p data-start=\"5449\" data-end=\"5572\">\u26a0\ufe0f <strong data-start=\"5452\" data-end=\"5467\">Wichtig:<\/strong> Nur in L\u00e4ndern verwenden, in denen HHC legal ist. Nicht f\u00fcr Kinder, Tiere oder unbefugte Verwendung geeignet.<\/p>\n<\/blockquote>\n<ol data-start=\"5574\" data-end=\"5972\">\n<li data-start=\"5574\" data-end=\"5644\">\n<p data-start=\"5577\" data-end=\"5644\"><strong data-start=\"5577\" data-end=\"5592\">Fangen Sie klein an<\/strong> \u2013 Beginnen Sie mit einem halben Gummib\u00e4rchen (ca. 25 mg HHC).<\/p>\n<\/li>\n<li data-start=\"5645\" data-end=\"5726\">\n<p data-start=\"5648\" data-end=\"5726\"><strong data-start=\"5648\" data-end=\"5668\">Abwarten und Auswerten<\/strong> - Bewachen <strong data-start=\"5677\" data-end=\"5695\">90\u2013120 Minuten<\/strong> f\u00fcr jede zus\u00e4tzliche Einnahme.<\/p>\n<\/li>\n<li data-start=\"5727\" data-end=\"5829\">\n<p data-start=\"5730\" data-end=\"5829\"><strong data-start=\"5730\" data-end=\"5753\">Vermeiden Sie Kombinationen<\/strong> \u2013 Nicht in Kombination mit Alkohol oder anderen psychoaktiven Substanzen verwenden.<\/p>\n<\/li>\n<li data-start=\"5830\" data-end=\"5887\">\n<p data-start=\"5833\" data-end=\"5887\"><strong data-start=\"5833\" data-end=\"5843\">Lagerung<\/strong> \u2013 K\u00fchl, trocken und dunkel lagern (\u2264 20 \u00b0C).<\/p>\n<\/li>\n<li data-start=\"5888\" data-end=\"5972\">\n<p data-start=\"5891\" data-end=\"5972\"><strong data-start=\"5891\" data-end=\"5912\">Forschungsnutzung<\/strong> \u2013 Notieren Sie Chargennummer und Testergebnisse zur Dokumentation.<\/p>\n<\/li>\n<\/ol>\n<hr data-start=\"5974\" data-end=\"5977\" \/>\n<h3 data-start=\"5979\" data-end=\"6014\"><strong data-start=\"5983\" data-end=\"6012\">H\u00e4ufig gestellte Fragen (FAQ)<\/strong><\/h3>\n<p data-start=\"6016\" data-end=\"6181\"><strong data-start=\"6016\" data-end=\"6044\">1. Was sind HHC-Gummis?<\/strong><br data-start=\"6044\" data-end=\"6047\" \/><strong data-start=\"6047\" data-end=\"6062\">HHC-Gummib\u00e4rchen<\/strong> sind essbare S\u00fc\u00dfigkeiten mit <strong data-start=\"6089\" data-end=\"6112\">Hexahydrocannabinol<\/strong>, ein hydriertes Cannabinoid mit einer milderen Wirkung als THC.<\/p>\n<p data-start=\"6183\" data-end=\"6361\"><strong data-start=\"6183\" data-end=\"6232\">2. Wie stark sind Gummib\u00e4rchen 50 mg HHC (Rot)?<\/strong><br data-start=\"6232\" data-end=\"6235\" \/>Jedes Gummib\u00e4rchen enth\u00e4lt 50 mg HHC \u2013 eine hohe Dosis mit Wirkungen, die <strong data-start=\"6296\" data-end=\"6307\">4\u20136 Stunden<\/strong> kann je nach Stoffwechsel bestehen bleiben.<\/p>\n<p data-start=\"6363\" data-end=\"6579\"><strong data-start=\"6363\" data-end=\"6422\">3. Ist der Kauf von \u201eGummybears 50 mg HHC (Rot)\u201c legal?<\/strong><br data-start=\"6422\" data-end=\"6425\" \/>Die Legalit\u00e4t ist von Land zu Land unterschiedlich. In einigen EU-L\u00e4ndern <strong data-start=\"6485\" data-end=\"6500\">HHC-Esswaren<\/strong> Reguliert oder verboten. \u00dcberpr\u00fcfen Sie vor dem Kauf immer die \u00f6rtlichen Gesetze.<\/p>","protected":false},"excerpt":{"rendered":"<h2><span dir=\"auto\" style=\"vertical-align: inherit;\"><span dir=\"auto\" style=\"vertical-align: inherit;\">Gummib\u00e4rchen 50 mg HHC (Rot)<\/span><\/span><\/h2>\n<ul>\n<li><strong><span dir=\"auto\" style=\"vertical-align: inherit;\"><span dir=\"auto\" style=\"vertical-align: inherit;\">Einzelhandelsverpackung<\/span><\/span><br \/>\n<\/strong><\/li>\n<li><strong><span dir=\"auto\" style=\"vertical-align: inherit;\"><span dir=\"auto\" style=\"vertical-align: inherit;\">Anzahl Gummib\u00e4rchen pro Beutel: 10<\/span><\/span><\/strong><\/li>\n<li><strong><span dir=\"auto\" style=\"vertical-align: inherit;\"><span dir=\"auto\" style=\"vertical-align: inherit;\">Preise ohne 21% Mehrwertsteuer<\/span><\/span><\/strong><\/li>\n<li><strong><span dir=\"auto\" style=\"vertical-align: inherit;\"><span dir=\"auto\" style=\"vertical-align: inherit;\">Unverbindliche Preisempfehlung pro Beutel: 24,95 \u20ac inkl. MwSt.<\/span><\/span><\/strong><\/li>\n<li><strong><span dir=\"auto\" style=\"vertical-align: inherit;\"><span dir=\"auto\" style=\"vertical-align: inherit;\">Mindestbestellmenge: 100 Beutel<\/span><\/span><\/strong><\/li>\n<\/ul>","protected":false},"featured_media":28541,"comment_status":"closed","ping_status":"closed","template":"","meta":[],"product_brand":[82],"product_cat":[555],"product_tag":[709,710,707,708,711,713,712],"class_list":{"0":"post-24573","1":"product","2":"type-product","3":"status-publish","4":"has-post-thumbnail","6":"product_brand-research-chemical","7":"product_cat-b2b","8":"product_tag-hhc-50mg","9":"product_tag-hhc-effecten","10":"product_tag-hhc-gummy-bear","11":"product_tag-hhc-gummy-bears","12":"product_tag-hhc-kopen","13":"product_tag-hhc-nederland-belgie","14":"product_tag-legale-cannabis","16":"first","17":"instock","18":"taxable","19":"shipping-taxable","20":"purchasable","21":"product-type-variable"},"_links":{"self":[{"href":"https:\/\/researchchemicalhub.com\/de_at\/wp-json\/wp\/v2\/product\/24573","targetHints":{"allow":["GET"]}}],"collection":[{"href":"https:\/\/researchchemicalhub.com\/de_at\/wp-json\/wp\/v2\/product"}],"about":[{"href":"https:\/\/researchchemicalhub.com\/de_at\/wp-json\/wp\/v2\/types\/product"}],"replies":[{"embeddable":true,"href":"https:\/\/researchchemicalhub.com\/de_at\/wp-json\/wp\/v2\/comments?post=24573"}],"version-history":[{"count":8,"href":"https:\/\/researchchemicalhub.com\/de_at\/wp-json\/wp\/v2\/product\/24573\/revisions"}],"predecessor-version":[{"id":27768,"href":"https:\/\/researchchemicalhub.com\/de_at\/wp-json\/wp\/v2\/product\/24573\/revisions\/27768"}],"wp:featuredmedia":[{"embeddable":true,"href":"https:\/\/researchchemicalhub.com\/de_at\/wp-json\/wp\/v2\/media\/28541"}],"wp:attachment":[{"href":"https:\/\/researchchemicalhub.com\/de_at\/wp-json\/wp\/v2\/media?parent=24573"}],"wp:term":[{"taxonomy":"product_brand","embeddable":true,"href":"https:\/\/researchchemicalhub.com\/de_at\/wp-json\/wp\/v2\/product_brand?post=24573"},{"taxonomy":"product_cat","embeddable":true,"href":"https:\/\/researchchemicalhub.com\/de_at\/wp-json\/wp\/v2\/product_cat?post=24573"},{"taxonomy":"product_tag","embeddable":true,"href":"https:\/\/researchchemicalhub.com\/de_at\/wp-json\/wp\/v2\/product_tag?post=24573"}],"curies":[{"name":"wp","href":"https:\/\/api.w.org\/{rel}","templated":true}]}}