{"id":24513,"date":"2025-10-20T17:41:53","date_gmt":"2025-10-20T17:41:53","guid":{"rendered":"https:\/\/researchchemicalhub.com\/?post_type=product&#038;p=24513"},"modified":"2025-10-29T08:15:21","modified_gmt":"2025-10-29T08:15:21","slug":"5-meo-dmt-freebase-zakje-025gr","status":"publish","type":"product","link":"https:\/\/researchchemicalhub.com\/de_at\/shop\/b2b\/5-meo-dmt-freebase-zakje-025gr\/","title":{"rendered":"5-MeO-DMT Freebase Beutel 0,25gr"},"content":{"rendered":"<h3 data-start=\"3896\" data-end=\"3917\"><strong data-start=\"3900\" data-end=\"3915\"><span dir=\"auto\" style=\"vertical-align: inherit;\"><span dir=\"auto\" style=\"vertical-align: inherit;\">Einf\u00fchrung<\/span><\/span><\/strong><\/h3>\n<p data-start=\"3918\" data-end=\"4365\"><strong data-start=\"3918\" data-end=\"3952\"><span dir=\"auto\" style=\"vertical-align: inherit;\"><span dir=\"auto\" style=\"vertical-align: inherit;\">5-MeO-DMT Freebase 0.25g Sachet<\/span><\/span><\/strong><span dir=\"auto\" style=\"vertical-align: inherit;\"><span dir=\"auto\" style=\"vertical-align: inherit;\"> contains <\/span><\/span><strong data-start=\"3959\" data-end=\"4014\"><span dir=\"auto\" style=\"vertical-align: inherit;\"><span dir=\"auto\" style=\"vertical-align: inherit;\">250mg<\/span><\/span><\/strong><span dir=\"auto\" style=\"vertical-align: inherit;\"><span dir=\"auto\" style=\"vertical-align: inherit;\"> oder <\/span><\/span><strong data-start=\"4019\" data-end=\"4044\"><span dir=\"auto\" style=\"vertical-align: inherit;\"><span dir=\"auto\" style=\"vertical-align: inherit;\">laboratory-grade<\/span><\/span><\/strong><span dir=\"auto\" style=\"vertical-align: inherit;\"><span dir=\"auto\" style=\"vertical-align: inherit;\"> 5-MeO-DMT (5-Methoxy-N,N-dimethyltryptamine) \u2014 a <\/span><\/span><strong data-start=\"4051\" data-end=\"4097\"><span dir=\"auto\" style=\"vertical-align: inherit;\"><span dir=\"auto\" style=\"vertical-align: inherit;\">naturally occurring tryptamine alkaloid<\/span><\/span><\/strong><span dir=\"auto\" style=\"vertical-align: inherit;\"><span dir=\"auto\" style=\"vertical-align: inherit;\"> found in certain plants and amphibians. <\/span><\/span><br data-start=\"4144\" data-end=\"4147\" \/><span dir=\"auto\" style=\"vertical-align: inherit;\"><span dir=\"auto\" style=\"vertical-align: inherit;\">In <\/span><\/span><strong data-start=\"4154\" data-end=\"4206\"><span dir=\"auto\" style=\"vertical-align: inherit;\"><span dir=\"auto\" style=\"vertical-align: inherit;\">chemical, pharmacological, and analytical research,<\/span><\/span><\/strong><span dir=\"auto\" style=\"vertical-align: inherit;\"><span dir=\"auto\" style=\"vertical-align: inherit;\"> 5-MeO-DMT is used to <\/span><\/span><strong data-start=\"4237\" data-end=\"4282\"><span dir=\"auto\" style=\"vertical-align: inherit;\"><span dir=\"auto\" style=\"vertical-align: inherit;\">investigate serotonin receptor binding<\/span><\/span><\/strong><span dir=\"auto\" style=\"vertical-align: inherit;\"><span dir=\"auto\" style=\"vertical-align: inherit;\"> , <\/span><\/span><strong data-start=\"4284\" data-end=\"4326\"><span dir=\"auto\" style=\"vertical-align: inherit;\"><span dir=\"auto\" style=\"vertical-align: inherit;\">Struktur-Wirkungs-Beziehungen (SAR)<\/span><\/span><\/strong><span dir=\"auto\" style=\"vertical-align: inherit;\"><span dir=\"auto\" style=\"vertical-align: inherit;\"> , Und <\/span><\/span><strong data-start=\"4330\" data-end=\"4362\"><span dir=\"auto\" style=\"vertical-align: inherit;\"><span dir=\"auto\" style=\"vertical-align: inherit;\">indole alkaloid metabolism<\/span><\/span><\/strong><span dir=\"auto\" style=\"vertical-align: inherit;\"><span dir=\"auto\" style=\"vertical-align: inherit;\"> .<\/span><\/span><\/p>\n<p data-start=\"4367\" data-end=\"4530\"><span dir=\"auto\" style=\"vertical-align: inherit;\"><span dir=\"auto\" style=\"vertical-align: inherit;\">The freebase form is supplied at <\/span><\/span><strong data-start=\"4406\" data-end=\"4430\"><span dir=\"auto\" style=\"vertical-align: inherit;\"><span dir=\"auto\" style=\"vertical-align: inherit;\">\u2265 98% Reinheit<\/span><\/span><\/strong><span dir=\"auto\" style=\"vertical-align: inherit;\"><span dir=\"auto\" style=\"vertical-align: inherit;\"> , tested by <\/span><\/span><strong data-start=\"4443\" data-end=\"4458\"><span dir=\"auto\" style=\"vertical-align: inherit;\"><span dir=\"auto\" style=\"vertical-align: inherit;\">HPLC and NMR<\/span><\/span><\/strong><span dir=\"auto\" style=\"vertical-align: inherit;\"><span dir=\"auto\" style=\"vertical-align: inherit;\"> , and packaged in a <\/span><\/span><strong data-start=\"4478\" data-end=\"4527\"><span dir=\"auto\" style=\"vertical-align: inherit;\"><span dir=\"auto\" style=\"vertical-align: inherit;\">moisture-proof resealable laboratory pouch<\/span><\/span><\/strong><span dir=\"auto\" style=\"vertical-align: inherit;\"><span dir=\"auto\" style=\"vertical-align: inherit;\"> .<\/span><\/span><\/p>\n<blockquote data-start=\"4532\" data-end=\"4676\">\n<p data-start=\"4534\" data-end=\"4676\">\u26a0\ufe0f <strong data-start=\"4537\" data-end=\"4548\"><span dir=\"auto\" style=\"vertical-align: inherit;\"><span dir=\"auto\" style=\"vertical-align: inherit;\">Bitte beachten Sie:<\/span><\/span><\/strong><span dir=\"auto\" style=\"vertical-align: inherit;\"><span dir=\"auto\" style=\"vertical-align: inherit;\"> 5-MeO-DMT is intended for <\/span><\/span><strong data-start=\"4587\" data-end=\"4622\"><span dir=\"auto\" style=\"vertical-align: inherit;\"><span dir=\"auto\" style=\"vertical-align: inherit;\">Forschungs- und Analysenutzung<\/span><\/span><\/strong><span dir=\"auto\" style=\"vertical-align: inherit;\"><span dir=\"auto\" style=\"vertical-align: inherit;\"> nur - <\/span><\/span><strong data-start=\"4625\" data-end=\"4673\"><span dir=\"auto\" style=\"vertical-align: inherit;\"><span dir=\"auto\" style=\"vertical-align: inherit;\">Nicht zum Verzehr durch Mensch oder Tier geeignet<\/span><\/span><\/strong><span dir=\"auto\" style=\"vertical-align: inherit;\"><span dir=\"auto\" style=\"vertical-align: inherit;\"> .<\/span><\/span><\/p>\n<\/blockquote>\n<hr data-start=\"4678\" data-end=\"4681\" \/>\n<h3 data-start=\"4683\" data-end=\"4714\"><strong data-start=\"4687\" data-end=\"4714\"><span dir=\"auto\" style=\"vertical-align: inherit;\"><span dir=\"auto\" style=\"vertical-align: inherit;\">Hauptmerkmale<\/span><\/span><\/strong><\/h3>\n<div class=\"_tableContainer_1rjym_1\">\n<div class=\"group _tableWrapper_1rjym_13 flex w-fit flex-col-reverse\" tabindex=\"-1\">\n<table class=\"w-fit min-w-(--thread-content-width)\" data-start=\"4716\" data-end=\"5234\">\n<thead data-start=\"4716\" data-end=\"4742\">\n<tr data-start=\"4716\" data-end=\"4742\">\n<th data-start=\"4716\" data-end=\"4726\" data-col-size=\"sm\"><span dir=\"auto\" style=\"vertical-align: inherit;\"><span dir=\"auto\" style=\"vertical-align: inherit;\">Besonderheit<\/span><\/span><\/th>\n<th data-start=\"4726\" data-end=\"4742\" data-col-size=\"md\"><span dir=\"auto\" style=\"vertical-align: inherit;\"><span dir=\"auto\" style=\"vertical-align: inherit;\">Beschreibung<\/span><\/span><\/th>\n<\/tr>\n<\/thead>\n<tbody data-start=\"4771\" data-end=\"5234\">\n<tr data-start=\"4771\" data-end=\"4828\">\n<td data-start=\"4771\" data-end=\"4792\" data-col-size=\"sm\"><strong data-start=\"4773\" data-end=\"4791\"><span dir=\"auto\" style=\"vertical-align: inherit;\"><span dir=\"auto\" style=\"vertical-align: inherit;\">Chemischer Name<\/span><\/span><\/strong><\/td>\n<td data-start=\"4792\" data-end=\"4828\" data-col-size=\"md\"><span dir=\"auto\" style=\"vertical-align: inherit;\"><span dir=\"auto\" style=\"vertical-align: inherit;\">5-Methoxy-N,N-dimethyltryptamin<\/span><\/span><\/td>\n<\/tr>\n<tr data-start=\"4829\" data-end=\"4867\">\n<td data-start=\"4829\" data-end=\"4854\" data-col-size=\"sm\"><strong data-start=\"4831\" data-end=\"4853\"><span dir=\"auto\" style=\"vertical-align: inherit;\"><span dir=\"auto\" style=\"vertical-align: inherit;\">Allgemeiner Name<\/span><\/span><\/strong><\/td>\n<td data-start=\"4854\" data-end=\"4867\" data-col-size=\"md\"><span dir=\"auto\" style=\"vertical-align: inherit;\"><span dir=\"auto\" style=\"vertical-align: inherit;\">5-MeO-DMT<\/span><\/span><\/td>\n<\/tr>\n<tr data-start=\"4868\" data-end=\"4905\">\n<td data-start=\"4868\" data-end=\"4892\" data-col-size=\"sm\"><strong data-start=\"4870\" data-end=\"4891\"><span dir=\"auto\" style=\"vertical-align: inherit;\"><span dir=\"auto\" style=\"vertical-align: inherit;\">Chemische Formel<\/span><\/span><\/strong><\/td>\n<td data-start=\"4892\" data-end=\"4905\" data-col-size=\"md\"><span dir=\"auto\" style=\"vertical-align: inherit;\"><span dir=\"auto\" style=\"vertical-align: inherit;\">C\u2081\u2083H\u2081\u2088N\u2082O<\/span><\/span><\/td>\n<\/tr>\n<tr data-start=\"4906\" data-end=\"4944\">\n<td data-start=\"4906\" data-end=\"4928\" data-col-size=\"sm\"><strong data-start=\"4908\" data-end=\"4927\"><span dir=\"auto\" style=\"vertical-align: inherit;\"><span dir=\"auto\" style=\"vertical-align: inherit;\">Molekulargewicht<\/span><\/span><\/strong><\/td>\n<td data-start=\"4928\" data-end=\"4944\" data-col-size=\"md\"><span dir=\"auto\" style=\"vertical-align: inherit;\"><span dir=\"auto\" style=\"vertical-align: inherit;\">218.30 g\/mol<\/span><\/span><\/td>\n<\/tr>\n<tr data-start=\"4945\" data-end=\"4981\">\n<td data-start=\"4945\" data-end=\"4956\" data-col-size=\"sm\"><strong data-start=\"4947\" data-end=\"4955\"><span dir=\"auto\" style=\"vertical-align: inherit;\"><span dir=\"auto\" style=\"vertical-align: inherit;\">Bilden<\/span><\/span><\/strong><\/td>\n<td data-start=\"4956\" data-end=\"4981\" data-col-size=\"md\"><span dir=\"auto\" style=\"vertical-align: inherit;\"><span dir=\"auto\" style=\"vertical-align: inherit;\">Freebase (powder form)<\/span><\/span><\/td>\n<\/tr>\n<tr data-start=\"4982\" data-end=\"5032\">\n<td data-start=\"4982\" data-end=\"5000\" data-col-size=\"sm\"><strong data-start=\"4984\" data-end=\"4999\"><span dir=\"auto\" style=\"vertical-align: inherit;\"><span dir=\"auto\" style=\"vertical-align: inherit;\">Menge<\/span><\/span><\/strong><\/td>\n<td data-start=\"5000\" data-end=\"5032\" data-col-size=\"md\"><span dir=\"auto\" style=\"vertical-align: inherit;\"><span dir=\"auto\" style=\"vertical-align: inherit;\">0.25 gram (250 mg) per sachet<\/span><\/span><\/td>\n<\/tr>\n<tr data-start=\"5033\" data-end=\"5084\">\n<td data-start=\"5033\" data-end=\"5050\" data-col-size=\"sm\"><strong data-start=\"5035\" data-end=\"5049\"><span dir=\"auto\" style=\"vertical-align: inherit;\"><span dir=\"auto\" style=\"vertical-align: inherit;\">Reinheit<\/span><\/span><\/strong><\/td>\n<td data-start=\"5050\" data-end=\"5084\" data-col-size=\"md\"><span dir=\"auto\" style=\"vertical-align: inherit;\"><span dir=\"auto\" style=\"vertical-align: inherit;\">\u2265 98% (gepr\u00fcft mittels HPLC und NMR)<\/span><\/span><\/td>\n<\/tr>\n<tr data-start=\"5085\" data-end=\"5159\">\n<td data-start=\"5085\" data-end=\"5099\" data-col-size=\"sm\"><strong data-start=\"5087\" data-end=\"5098\"><span dir=\"auto\" style=\"vertical-align: inherit;\"><span dir=\"auto\" style=\"vertical-align: inherit;\">Verwendung<\/span><\/span><\/strong><\/td>\n<td data-start=\"5099\" data-end=\"5159\" data-col-size=\"md\"><span dir=\"auto\" style=\"vertical-align: inherit;\"><span dir=\"auto\" style=\"vertical-align: inherit;\">Nur f\u00fcr analytische, forensische und chemische Forschungszwecke<\/span><\/span><\/td>\n<\/tr>\n<tr data-start=\"5160\" data-end=\"5234\">\n<td data-start=\"5160\" data-end=\"5177\" data-col-size=\"sm\"><strong data-start=\"5162\" data-end=\"5176\"><span dir=\"auto\" style=\"vertical-align: inherit;\"><span dir=\"auto\" style=\"vertical-align: inherit;\">Verpackung<\/span><\/span><\/strong><\/td>\n<td data-start=\"5177\" data-end=\"5234\" data-col-size=\"md\"><span dir=\"auto\" style=\"vertical-align: inherit;\"><span dir=\"auto\" style=\"vertical-align: inherit;\">Moisture and antistatic resealable laboratory bag<\/span><\/span><\/td>\n<\/tr>\n<\/tbody>\n<\/table>\n<\/div>\n<\/div>\n<hr data-start=\"5236\" data-end=\"5239\" \/>\n<h3 data-start=\"5241\" data-end=\"5258\"><strong data-start=\"5245\" data-end=\"5258\"><span dir=\"auto\" style=\"vertical-align: inherit;\"><span dir=\"auto\" style=\"vertical-align: inherit;\">Vorteile<\/span><\/span><\/strong><\/h3>\n<ul data-start=\"5260\" data-end=\"5697\">\n<li data-start=\"5260\" data-end=\"5352\">\n<p data-start=\"5262\" data-end=\"5352\"><strong data-start=\"5262\" data-end=\"5281\"><span dir=\"auto\" style=\"vertical-align: inherit;\"><span dir=\"auto\" style=\"vertical-align: inherit;\">Hohe Reinheit<\/span><\/span><\/strong><span dir=\"auto\" style=\"vertical-align: inherit;\"><span dir=\"auto\" style=\"vertical-align: inherit;\"> \u2013 \u2265 98% Laborqualit\u00e4t f\u00fcr zuverl\u00e4ssige Forschungsergebnisse.<\/span><\/span><\/p>\n<\/li>\n<li data-start=\"5353\" data-end=\"5438\">\n<p data-start=\"5355\" data-end=\"5438\"><strong data-start=\"5355\" data-end=\"5372\"><span dir=\"auto\" style=\"vertical-align: inherit;\"><span dir=\"auto\" style=\"vertical-align: inherit;\">Freebase Form<\/span><\/span><\/strong><span dir=\"auto\" style=\"vertical-align: inherit;\"><span dir=\"auto\" style=\"vertical-align: inherit;\"> \u2013 Suitable for chromatographic and spectroscopic methods.<\/span><\/span><\/p>\n<\/li>\n<li data-start=\"5439\" data-end=\"5517\">\n<p data-start=\"5441\" data-end=\"5517\"><strong data-start=\"5441\" data-end=\"5471\"><span dir=\"auto\" style=\"vertical-align: inherit;\"><span dir=\"auto\" style=\"vertical-align: inherit;\">Breite Anwendbarkeit in der Forschung<\/span><\/span><\/strong><span dir=\"auto\" style=\"vertical-align: inherit;\"><span dir=\"auto\" style=\"vertical-align: inherit;\"> \u2013 Compatible with GC\/MS, LC-MS, FTIR, and NMR.<\/span><\/span><\/p>\n<\/li>\n<li data-start=\"5518\" data-end=\"5631\">\n<p data-start=\"5520\" data-end=\"5631\"><strong data-start=\"5520\" data-end=\"5546\"><span dir=\"auto\" style=\"vertical-align: inherit;\"><span dir=\"auto\" style=\"vertical-align: inherit;\">Structurally Important<\/span><\/span><\/strong><span dir=\"auto\" style=\"vertical-align: inherit;\"><span dir=\"auto\" style=\"vertical-align: inherit;\"> \u2013 Relevant substance for research on serotonin receptors and tryptamine analogues.<\/span><\/span><\/p>\n<\/li>\n<li data-start=\"5632\" data-end=\"5697\">\n<p data-start=\"5634\" data-end=\"5697\"><strong data-start=\"5634\" data-end=\"5656\"><span dir=\"auto\" style=\"vertical-align: inherit;\"><span dir=\"auto\" style=\"vertical-align: inherit;\">Sichere Verpackung<\/span><\/span><\/strong><span dir=\"auto\" style=\"vertical-align: inherit;\"><span dir=\"auto\" style=\"vertical-align: inherit;\"> \u2013 Protects against moisture and degradation.<\/span><\/span><\/p>\n<\/li>\n<\/ul>\n<hr data-start=\"5699\" data-end=\"5702\" \/>\n<h3 data-start=\"5704\" data-end=\"5756\"><strong data-start=\"5708\" data-end=\"5754\"><span dir=\"auto\" style=\"vertical-align: inherit;\"><span dir=\"auto\" style=\"vertical-align: inherit;\">Nutzung (Nur f\u00fcr Forschungszwecke)<\/span><\/span><\/strong><\/h3>\n<ol data-start=\"5758\" data-end=\"6162\">\n<li data-start=\"5758\" data-end=\"5869\">\n<p data-start=\"5761\" data-end=\"5869\"><strong data-start=\"5761\" data-end=\"5776\"><span dir=\"auto\" style=\"vertical-align: inherit;\"><span dir=\"auto\" style=\"vertical-align: inherit;\">Handhabung:<\/span><\/span><\/strong><span dir=\"auto\" style=\"vertical-align: inherit;\"><span dir=\"auto\" style=\"vertical-align: inherit;\"> Wear gloves, safety glasses, and a lab coat; work under controlled conditions.<\/span><\/span><\/p>\n<\/li>\n<li data-start=\"5870\" data-end=\"5944\">\n<p data-start=\"5873\" data-end=\"5944\"><strong data-start=\"5873\" data-end=\"5886\"><span dir=\"auto\" style=\"vertical-align: inherit;\"><span dir=\"auto\" style=\"vertical-align: inherit;\">Ma\u00dfe:<\/span><\/span><\/strong><span dir=\"auto\" style=\"vertical-align: inherit;\"><span dir=\"auto\" style=\"vertical-align: inherit;\"> Use calibrated instruments for accurate dosing.<\/span><\/span><\/p>\n<\/li>\n<li data-start=\"5945\" data-end=\"6023\">\n<p data-start=\"5948\" data-end=\"6023\"><strong data-start=\"5948\" data-end=\"5959\"><span dir=\"auto\" style=\"vertical-align: inherit;\"><span dir=\"auto\" style=\"vertical-align: inherit;\">Lagerung:<\/span><\/span><\/strong><span dir=\"auto\" style=\"vertical-align: inherit;\"><span dir=\"auto\" style=\"vertical-align: inherit;\"> K\u00fchl (2\u20138 \u00b0C), trocken und dunkel in der Originalverpackung lagern.<\/span><\/span><\/p>\n<\/li>\n<li data-start=\"6024\" data-end=\"6088\">\n<p data-start=\"6027\" data-end=\"6088\"><strong data-start=\"6027\" data-end=\"6039\"><span dir=\"auto\" style=\"vertical-align: inherit;\"><span dir=\"auto\" style=\"vertical-align: inherit;\">Analyse:<\/span><\/span><\/strong><span dir=\"auto\" style=\"vertical-align: inherit;\"><span dir=\"auto\" style=\"vertical-align: inherit;\"> Suitable for GC\/MS, LC-MS, HPLC, FTIR and NMR.<\/span><\/span><\/p>\n<\/li>\n<li data-start=\"6089\" data-end=\"6162\">\n<p data-start=\"6092\" data-end=\"6162\"><strong data-start=\"6092\" data-end=\"6109\"><span dir=\"auto\" style=\"vertical-align: inherit;\"><span dir=\"auto\" style=\"vertical-align: inherit;\">Dokumentation:<\/span><\/span><\/strong><span dir=\"auto\" style=\"vertical-align: inherit;\"><span dir=\"auto\" style=\"vertical-align: inherit;\"> Chargennummern, Reinheit und Testergebnisse dokumentieren.<\/span><\/span><\/p>\n<\/li>\n<\/ol>\n<hr data-start=\"6164\" data-end=\"6167\" \/>\n<h3 data-start=\"6169\" data-end=\"6204\"><strong data-start=\"6173\" data-end=\"6202\"><span dir=\"auto\" style=\"vertical-align: inherit;\"><span dir=\"auto\" style=\"vertical-align: inherit;\">H\u00e4ufig gestellte Fragen (FAQ)<\/span><\/span><\/strong><\/h3>\n<p data-start=\"6206\" data-end=\"6397\"><strong data-start=\"6206\" data-end=\"6230\"><span dir=\"auto\" style=\"vertical-align: inherit;\"><span dir=\"auto\" style=\"vertical-align: inherit;\">1. What is 5-MeO-DMT? <\/span><\/span><\/strong><br data-start=\"6230\" data-end=\"6233\" \/><strong data-start=\"6233\" data-end=\"6281\"><span dir=\"auto\" style=\"vertical-align: inherit;\"><span dir=\"auto\" style=\"vertical-align: inherit;\">5-MeO-DMT (5-Methoxy-N,N-dimethyltryptamin)<\/span><\/span><\/strong><span dir=\"auto\" style=\"vertical-align: inherit;\"><span dir=\"auto\" style=\"vertical-align: inherit;\"> ist ein <\/span><\/span><strong data-start=\"6289\" data-end=\"6313\"><span dir=\"auto\" style=\"vertical-align: inherit;\"><span dir=\"auto\" style=\"vertical-align: inherit;\">tryptamine alkaloid<\/span><\/span><\/strong><span dir=\"auto\" style=\"vertical-align: inherit;\"><span dir=\"auto\" style=\"vertical-align: inherit;\"> used in research on serotonin receptors and indole structures.<\/span><\/span><\/p>\n<p data-start=\"6399\" data-end=\"6551\"><strong data-start=\"6399\" data-end=\"6455\"><span dir=\"auto\" style=\"vertical-align: inherit;\"><span dir=\"auto\" style=\"vertical-align: inherit;\">2. What&#8217;s in the 5-MeO-DMT Freebase 0.25g Sachet?<\/span><\/span><\/strong><br data-start=\"6455\" data-end=\"6458\" \/><span dir=\"auto\" style=\"vertical-align: inherit;\"><span dir=\"auto\" style=\"vertical-align: inherit;\"> Der Beutel enth\u00e4lt <\/span><\/span><strong data-start=\"6474\" data-end=\"6496\"><span dir=\"auto\" style=\"vertical-align: inherit;\"><span dir=\"auto\" style=\"vertical-align: inherit;\">0.25 grams (250 mg) <\/span><\/span><\/strong> <strong data-start=\"6497\" data-end=\"6519\"><span dir=\"auto\" style=\"vertical-align: inherit;\"><span dir=\"auto\" style=\"vertical-align: inherit;\">of 5-MeO-DMT freebase<\/span><\/span><\/strong><span dir=\"auto\" style=\"vertical-align: inherit;\"><span dir=\"auto\" style=\"vertical-align: inherit;\"> with a purity of \u2265 98%.<\/span><\/span><\/p>\n<p data-start=\"6553\" data-end=\"6776\"><strong data-start=\"6553\" data-end=\"6596\"><span dir=\"auto\" style=\"vertical-align: inherit;\"><span dir=\"auto\" style=\"vertical-align: inherit;\">3. Is it legal to buy 5-MeO-DMT?<\/span><\/span><\/strong><br data-start=\"6596\" data-end=\"6599\" \/><span dir=\"auto\" style=\"vertical-align: inherit;\"><span dir=\"auto\" style=\"vertical-align: inherit;\"> Der <\/span><\/span><strong data-start=\"6602\" data-end=\"6630\"><span dir=\"auto\" style=\"vertical-align: inherit;\"><span dir=\"auto\" style=\"vertical-align: inherit;\">legality of 5-MeO-DMT<\/span><\/span><\/strong><span dir=\"auto\" style=\"vertical-align: inherit;\"><span dir=\"auto\" style=\"vertical-align: inherit;\"> varies by country. In some countries, it is considered a controlled substance. Always check local laws before <\/span><\/span><strong data-start=\"6754\" data-end=\"6773\"><span dir=\"auto\" style=\"vertical-align: inherit;\"><span dir=\"auto\" style=\"vertical-align: inherit;\">purchasing 5-MeO-DMT<\/span><\/span><\/strong><span dir=\"auto\" style=\"vertical-align: inherit;\"><span dir=\"auto\" style=\"vertical-align: inherit;\"> .<\/span><\/span><\/p>\n<div class=\"markdown-table-wrapper\"><\/div>","protected":false},"excerpt":{"rendered":"<h2><strong><span dir=\"auto\" style=\"vertical-align: inherit;\"><span dir=\"auto\" style=\"vertical-align: inherit;\"><span dir=\"auto\" style=\"vertical-align: inherit;\"><span dir=\"auto\" style=\"vertical-align: inherit;\">5-MeO-DMT Freebase Beutel mit 0,25 Gramm<\/span><\/span><\/span><\/span><\/strong><\/h2>","protected":false},"featured_media":28461,"comment_status":"closed","ping_status":"closed","template":"","meta":[],"product_brand":[],"product_cat":[555],"product_tag":[624,326],"class_list":{"0":"post-24513","1":"product","2":"type-product","3":"status-publish","4":"has-post-thumbnail","6":"product_cat-b2b","7":"product_tag-5-meo-dmt-freebase","8":"product_tag-nl","10":"first","11":"instock","12":"taxable","13":"shipping-taxable","14":"purchasable","15":"product-type-variable"},"_links":{"self":[{"href":"https:\/\/researchchemicalhub.com\/de_at\/wp-json\/wp\/v2\/product\/24513","targetHints":{"allow":["GET"]}}],"collection":[{"href":"https:\/\/researchchemicalhub.com\/de_at\/wp-json\/wp\/v2\/product"}],"about":[{"href":"https:\/\/researchchemicalhub.com\/de_at\/wp-json\/wp\/v2\/types\/product"}],"replies":[{"embeddable":true,"href":"https:\/\/researchchemicalhub.com\/de_at\/wp-json\/wp\/v2\/comments?post=24513"}],"version-history":[{"count":6,"href":"https:\/\/researchchemicalhub.com\/de_at\/wp-json\/wp\/v2\/product\/24513\/revisions"}],"predecessor-version":[{"id":28667,"href":"https:\/\/researchchemicalhub.com\/de_at\/wp-json\/wp\/v2\/product\/24513\/revisions\/28667"}],"wp:featuredmedia":[{"embeddable":true,"href":"https:\/\/researchchemicalhub.com\/de_at\/wp-json\/wp\/v2\/media\/28461"}],"wp:attachment":[{"href":"https:\/\/researchchemicalhub.com\/de_at\/wp-json\/wp\/v2\/media?parent=24513"}],"wp:term":[{"taxonomy":"product_brand","embeddable":true,"href":"https:\/\/researchchemicalhub.com\/de_at\/wp-json\/wp\/v2\/product_brand?post=24513"},{"taxonomy":"product_cat","embeddable":true,"href":"https:\/\/researchchemicalhub.com\/de_at\/wp-json\/wp\/v2\/product_cat?post=24513"},{"taxonomy":"product_tag","embeddable":true,"href":"https:\/\/researchchemicalhub.com\/de_at\/wp-json\/wp\/v2\/product_tag?post=24513"}],"curies":[{"name":"wp","href":"https:\/\/api.w.org\/{rel}","templated":true}]}}