{"id":24475,"date":"2025-10-20T17:41:48","date_gmt":"2025-10-20T17:41:48","guid":{"rendered":"https:\/\/researchchemicalhub.com\/?post_type=product&#038;p=24475"},"modified":"2025-10-21T16:12:54","modified_gmt":"2025-10-21T16:12:54","slug":"4-fma-kopen","status":"publish","type":"product","link":"https:\/\/researchchemicalhub.com\/de_at\/shop\/4fma-kopen\/4-fma-kopen\/","title":{"rendered":"4-Fluor 4-FMA 120 mg Pellets"},"content":{"rendered":"<h3 data-start=\"4238\" data-end=\"4259\"><strong data-start=\"4242\" data-end=\"4257\">Einf\u00fchrung<\/strong><\/h3>\n<p data-start=\"4260\" data-end=\"4618\"><strong data-start=\"4260\" data-end=\"4291\">4-Fluor 4-FMA 120 mg Pellets<\/strong> enthalten <strong data-start=\"4301\" data-end=\"4343\">genau abgewogene Pellets von 120 mg<\/strong> <strong data-start=\"4344\" data-end=\"4383\">4-FMA (4-Fluor-N-methylamphetamin)<\/strong> - Ein <strong data-start=\"4390\" data-end=\"4425\">fluoriertes Amphetaminanalogon<\/strong> aus dem <strong data-start=\"4433\" data-end=\"4472\">Phenethylamin und Amphetaminfamilie<\/strong>. 4 fma kaufen<br data-start=\"4473\" data-end=\"4476\" \/>4-FMA ist strukturell verwandt mit <strong data-start=\"4509\" data-end=\"4517\">4-FA<\/strong> Und <strong data-start=\"4521\" data-end=\"4535\">Amphetamin<\/strong> und wird h\u00e4ufig verwendet in <strong data-start=\"4562\" data-end=\"4615\">neurochemische, analytische und forensische Forschung<\/strong>.<\/p>\n<p data-start=\"4620\" data-end=\"4918\">Die Pellets werden nach <strong data-start=\"4659\" data-end=\"4705\">Laborstandards (\u2265 98% Reinheit)<\/strong> und sind ideal f\u00fcr <strong data-start=\"4726\" data-end=\"4784\">chromatographische, spektroskopische und strukturelle (SAR)<\/strong> Forschung.<br data-start=\"4795\" data-end=\"4798\" \/>Jedes Pellet ist <strong data-start=\"4813\" data-end=\"4872\">einzeln gepresst und im Blister verpackt<\/strong> um Stabilit\u00e4t und Sicherheit zu gew\u00e4hrleisten.<\/p>\n<blockquote data-start=\"4920\" data-end=\"5066\">\n<p data-start=\"4922\" data-end=\"5066\">\u26a0\ufe0f <strong data-start=\"4925\" data-end=\"4936\">Hinweis:<\/strong> Dieses Produkt ist ausschlie\u00dflich f\u00fcr <strong data-start=\"4977\" data-end=\"5012\">Forschung und analytische Nutzung<\/strong> \u2014 <strong data-start=\"5015\" data-end=\"5063\">nicht f\u00fcr den menschlichen oder tierischen Verzehr bestimmt<\/strong>.<\/p>\n<\/blockquote>\n<hr data-start=\"5068\" data-end=\"5071\" \/>\n<h3 data-start=\"5073\" data-end=\"5104\"><strong data-start=\"5077\" data-end=\"5104\">Hauptmerkmale<\/strong><\/h3>\n<div class=\"_tableContainer_1rjym_1\">\n<div class=\"group _tableWrapper_1rjym_13 flex w-fit flex-col-reverse\" tabindex=\"-1\">\n<table class=\"w-fit min-w-(--thread-content-width)\" data-start=\"5106\" data-end=\"5685\">\n<thead data-start=\"5106\" data-end=\"5132\">\n<tr data-start=\"5106\" data-end=\"5132\">\n<th data-start=\"5106\" data-end=\"5116\" data-col-size=\"sm\">Besonderheit<\/th>\n<th data-start=\"5116\" data-end=\"5132\" data-col-size=\"md\">Beschreibung<\/th>\n<\/tr>\n<\/thead>\n<tbody data-start=\"5161\" data-end=\"5685\">\n<tr data-start=\"5161\" data-end=\"5213\">\n<td data-start=\"5161\" data-end=\"5182\" data-col-size=\"sm\"><strong data-start=\"5163\" data-end=\"5181\">Chemischer Name<\/strong><\/td>\n<td data-start=\"5182\" data-end=\"5213\" data-col-size=\"md\">4-Fluor-N-methylamphetamin<\/td>\n<\/tr>\n<tr data-start=\"5214\" data-end=\"5268\">\n<td data-start=\"5214\" data-end=\"5239\" data-col-size=\"sm\"><strong data-start=\"5216\" data-end=\"5238\">Allgemeiner Name<\/strong><\/td>\n<td data-start=\"5239\" data-end=\"5268\" data-col-size=\"md\">4-FMA \/ 4-Fluoramphetamin<\/td>\n<\/tr>\n<tr data-start=\"5269\" data-end=\"5305\">\n<td data-start=\"5269\" data-end=\"5293\" data-col-size=\"sm\"><strong data-start=\"5271\" data-end=\"5292\">Chemische Formel<\/strong><\/td>\n<td data-start=\"5293\" data-end=\"5305\" data-col-size=\"md\">C\u2081\u2080H\u2081\u2084FN<\/td>\n<\/tr>\n<tr data-start=\"5306\" data-end=\"5344\">\n<td data-start=\"5306\" data-end=\"5328\" data-col-size=\"sm\"><strong data-start=\"5308\" data-end=\"5327\">Molekulargewicht<\/strong><\/td>\n<td data-start=\"5328\" data-end=\"5344\" data-col-size=\"md\">167,22 g\/mol<\/td>\n<\/tr>\n<tr data-start=\"5345\" data-end=\"5380\">\n<td data-start=\"5345\" data-end=\"5360\" data-col-size=\"sm\"><strong data-start=\"5347\" data-end=\"5359\">Dosierung<\/strong><\/td>\n<td data-start=\"5360\" data-end=\"5380\" data-col-size=\"md\">120 mg pro Pellet<\/td>\n<\/tr>\n<tr data-start=\"5381\" data-end=\"5428\">\n<td data-start=\"5381\" data-end=\"5392\" data-col-size=\"sm\"><strong data-start=\"5383\" data-end=\"5391\">Bilden<\/strong><\/td>\n<td data-start=\"5392\" data-end=\"5428\" data-col-size=\"md\">Festes Pellet (Blisterpackung)<\/td>\n<\/tr>\n<tr data-start=\"5429\" data-end=\"5480\">\n<td data-start=\"5429\" data-end=\"5446\" data-col-size=\"sm\"><strong data-start=\"5431\" data-end=\"5445\">Reinheit<\/strong><\/td>\n<td data-start=\"5446\" data-end=\"5480\" data-col-size=\"md\">\u2265 98% (getestet mittels HPLC und NMR)<\/td>\n<\/tr>\n<tr data-start=\"5481\" data-end=\"5550\">\n<td data-start=\"5481\" data-end=\"5504\" data-col-size=\"sm\"><strong data-start=\"5483\" data-end=\"5503\">Chemische Klasse<\/strong><\/td>\n<td data-start=\"5504\" data-end=\"5550\" data-col-size=\"md\">Substituiertes Amphetamin \/ Phenethylamin<\/td>\n<\/tr>\n<tr data-start=\"5551\" data-end=\"5625\">\n<td data-start=\"5551\" data-end=\"5565\" data-col-size=\"sm\"><strong data-start=\"5553\" data-end=\"5564\">Verwendung<\/strong><\/td>\n<td data-start=\"5565\" data-end=\"5625\" data-col-size=\"md\">Nur f\u00fcr analytische, forensische und chemische Forschung<\/td>\n<\/tr>\n<tr data-start=\"5626\" data-end=\"5685\">\n<td data-start=\"5626\" data-end=\"5643\" data-col-size=\"sm\"><strong data-start=\"5628\" data-end=\"5642\">Verpackung<\/strong><\/td>\n<td data-start=\"5643\" data-end=\"5685\" data-col-size=\"md\">Blisterstreifen mit versiegelter Verpackung<\/td>\n<\/tr>\n<\/tbody>\n<\/table>\n<\/div>\n<\/div>\n<hr data-start=\"5687\" data-end=\"5690\" \/>\n<h3 data-start=\"5692\" data-end=\"5709\"><strong data-start=\"5696\" data-end=\"5709\">Vorteile<\/strong><\/h3>\n<ul data-start=\"5711\" data-end=\"6136\">\n<li data-start=\"5711\" data-end=\"5793\">\n<p data-start=\"5713\" data-end=\"5793\"><strong data-start=\"5713\" data-end=\"5732\">Hohe Reinheit<\/strong> \u2013 \u2265 98% Laborqualit\u00e4t f\u00fcr zuverl\u00e4ssige Ergebnisse.<\/p>\n<\/li>\n<li data-start=\"5794\" data-end=\"5880\">\n<p data-start=\"5796\" data-end=\"5880\"><strong data-start=\"5796\" data-end=\"5820\">Genaue Dosierung<\/strong> \u2013 120 mg pro Pellet f\u00fcr konsistente Forschungsergebnisse.<\/p>\n<\/li>\n<li data-start=\"5881\" data-end=\"5964\">\n<p data-start=\"5883\" data-end=\"5964\"><strong data-start=\"5883\" data-end=\"5905\">Sichere Verpackung<\/strong> \u2013 Blisterverpackung sch\u00fctzt vor Feuchtigkeit und Zersetzung.<\/p>\n<\/li>\n<li data-start=\"5965\" data-end=\"6048\">\n<p data-start=\"5967\" data-end=\"6048\"><strong data-start=\"5967\" data-end=\"5987\">Weit verbreitet<\/strong> \u2013 Geeignet f\u00fcr GC\/MS, LC-MS, FTIR, HPLC und Spektroskopie.<\/p>\n<\/li>\n<li data-start=\"6049\" data-end=\"6136\">\n<p data-start=\"6051\" data-end=\"6136\"><strong data-start=\"6051\" data-end=\"6075\">Vollst\u00e4ndig r\u00fcckverfolgbar<\/strong> \u2013 Jede Charge verf\u00fcgt \u00fcber eine Qualit\u00e4ts- und Reinheitsdokumentation. Kaufen Sie 4 fma<\/p>\n<\/li>\n<\/ul>\n<hr data-start=\"6138\" data-end=\"6141\" \/>\n<h3 data-start=\"6143\" data-end=\"6195\"><strong data-start=\"6147\" data-end=\"6193\">Verwendung (nur f\u00fcr Forschungszwecke)<\/strong><\/h3>\n<ol data-start=\"6197\" data-end=\"6641\">\n<li data-start=\"6197\" data-end=\"6308\">\n<p data-start=\"6200\" data-end=\"6308\"><strong data-start=\"6200\" data-end=\"6215\">Handhabung:<\/strong> Tragen Sie Handschuhe, eine Schutzbrille und einen Laborkittel. Arbeiten Sie unter kontrollierten Bedingungen.<\/p>\n<\/li>\n<li data-start=\"6309\" data-end=\"6391\">\n<p data-start=\"6312\" data-end=\"6391\"><strong data-start=\"6312\" data-end=\"6325\">Ma\u00dfe:<\/strong> Jedes Pellet enth\u00e4lt 120 mg; au\u00dferhalb des Labors nicht ver\u00e4ndern.<\/p>\n<\/li>\n<li data-start=\"6392\" data-end=\"6477\">\n<p data-start=\"6395\" data-end=\"6477\"><strong data-start=\"6395\" data-end=\"6406\">Lagerung:<\/strong> K\u00fchl (2\u20138 \u00b0C), trocken und dunkel in der Original-Blisterverpackung lagern.<\/p>\n<\/li>\n<li data-start=\"6478\" data-end=\"6565\">\n<p data-start=\"6481\" data-end=\"6565\"><strong data-start=\"6481\" data-end=\"6493\">Analyse:<\/strong> Geeignet f\u00fcr Chromatographie, Spektroskopie und Strukturforschung.<\/p>\n<\/li>\n<li data-start=\"6566\" data-end=\"6641\">\n<p data-start=\"6569\" data-end=\"6641\"><strong data-start=\"6569\" data-end=\"6586\">Dokumentation:<\/strong> Notieren Sie Chargennummern und Testergebnisse zur Konformit\u00e4t.<\/p>\n<\/li>\n<\/ol>\n<hr data-start=\"6643\" data-end=\"6646\" \/>\n<h3 data-start=\"6648\" data-end=\"6683\"><strong data-start=\"6652\" data-end=\"6681\">H\u00e4ufig gestellte Fragen (FAQ)<\/strong><\/h3>\n<p data-start=\"6685\" data-end=\"6856\"><strong data-start=\"6685\" data-end=\"6705\">1. Was ist 4-FMA?<\/strong><br data-start=\"6705\" data-end=\"6708\" \/><strong data-start=\"6708\" data-end=\"6747\">4-FMA (4-Fluor-N-methylamphetamin)<\/strong> ist ein <strong data-start=\"6755\" data-end=\"6792\">fluorierte Amphetaminverbindung<\/strong> das f\u00fcr die chemische und pharmakologische Forschung verwendet wird.<\/p>\n<p data-start=\"6858\" data-end=\"7036\"><strong data-start=\"6858\" data-end=\"6910\">2. Wof\u00fcr werden 4-FMA 120 mg Pellets verwendet?<\/strong><br data-start=\"6910\" data-end=\"6913\" \/>Sie werden verwendet f\u00fcr <strong data-start=\"6937\" data-end=\"6990\">analytische, forensische und neurochemische Forschung<\/strong>, einschlie\u00dflich Chromatographie und Spektroskopie.<\/p>\n<p data-start=\"7038\" data-end=\"7249\"><strong data-start=\"7038\" data-end=\"7077\">3. Ist der Kauf von 4-FMA legal?<\/strong><br data-start=\"7077\" data-end=\"7080\" \/>Der <strong data-start=\"7083\" data-end=\"7107\">Rechtm\u00e4\u00dfigkeit von 4-FMA<\/strong> variiert je nach Land. In einigen L\u00e4ndern gilt es als kontrollierte Substanz. \u00dcberpr\u00fcfen Sie immer die \u00f6rtlichen Vorschriften, bevor Sie es verwenden <strong data-start=\"7231\" data-end=\"7246\">4-FMA-K\u00e4ufe<\/strong>.<\/p>","protected":false},"excerpt":{"rendered":"<p>Einf\u00fchrung 4-Fluor 4-FMA 120 mg Pellets enthalten genau abgewogene Pellets mit 120 mg 4-FMA (4-Fluor-N-methylamphetamin) \u2013 einem fluorierten Amphetaminanalogon aus der Phenethylaminfamilie<\/p>","protected":false},"featured_media":21429,"comment_status":"closed","ping_status":"closed","template":"","meta":[],"product_brand":[],"product_cat":[459,460,322,333,324],"product_tag":[629,326],"class_list":{"0":"post-24475","1":"product","2":"type-product","3":"status-publish","4":"has-post-thumbnail","6":"product_cat-4fma-kopen","7":"product_cat-4-fma-pellets","8":"product_cat-bijna-verboden","9":"product_cat-gefluoreerden","10":"product_cat-pellets-for-pellet","11":"product_tag-4-fma-kopen","12":"product_tag-nl","14":"first","15":"instock","16":"taxable","17":"shipping-taxable","18":"purchasable","19":"product-type-variable"},"_links":{"self":[{"href":"https:\/\/researchchemicalhub.com\/de_at\/wp-json\/wp\/v2\/product\/24475","targetHints":{"allow":["GET"]}}],"collection":[{"href":"https:\/\/researchchemicalhub.com\/de_at\/wp-json\/wp\/v2\/product"}],"about":[{"href":"https:\/\/researchchemicalhub.com\/de_at\/wp-json\/wp\/v2\/types\/product"}],"replies":[{"embeddable":true,"href":"https:\/\/researchchemicalhub.com\/de_at\/wp-json\/wp\/v2\/comments?post=24475"}],"version-history":[{"count":5,"href":"https:\/\/researchchemicalhub.com\/de_at\/wp-json\/wp\/v2\/product\/24475\/revisions"}],"predecessor-version":[{"id":27785,"href":"https:\/\/researchchemicalhub.com\/de_at\/wp-json\/wp\/v2\/product\/24475\/revisions\/27785"}],"wp:featuredmedia":[{"embeddable":true,"href":"https:\/\/researchchemicalhub.com\/de_at\/wp-json\/wp\/v2\/media\/21429"}],"wp:attachment":[{"href":"https:\/\/researchchemicalhub.com\/de_at\/wp-json\/wp\/v2\/media?parent=24475"}],"wp:term":[{"taxonomy":"product_brand","embeddable":true,"href":"https:\/\/researchchemicalhub.com\/de_at\/wp-json\/wp\/v2\/product_brand?post=24475"},{"taxonomy":"product_cat","embeddable":true,"href":"https:\/\/researchchemicalhub.com\/de_at\/wp-json\/wp\/v2\/product_cat?post=24475"},{"taxonomy":"product_tag","embeddable":true,"href":"https:\/\/researchchemicalhub.com\/de_at\/wp-json\/wp\/v2\/product_tag?post=24475"}],"curies":[{"name":"wp","href":"https:\/\/api.w.org\/{rel}","templated":true}]}}