{"id":24451,"date":"2025-10-20T17:41:45","date_gmt":"2025-10-20T17:41:45","guid":{"rendered":"https:\/\/researchchemicalhub.com\/?post_type=product&#038;p=24451"},"modified":"2025-10-21T16:13:08","modified_gmt":"2025-10-21T16:13:08","slug":"dmxe-psychonaut","status":"publish","type":"product","link":"https:\/\/researchchemicalhub.com\/de_at\/shop\/arylcyclohexylamine\/dmxe-psychonaut\/","title":{"rendered":"D-MEX DMXE 40 mg Pellets"},"content":{"rendered":"<h3 data-start=\"4075\" data-end=\"4096\"><strong data-start=\"4079\" data-end=\"4094\">Einf\u00fchrung<\/strong><\/h3>\n<p data-start=\"4097\" data-end=\"4511\"><strong data-start=\"4097\" data-end=\"4124\">D-MEX DMXE 40 mg Pellets<\/strong> enthalten <strong data-start=\"4134\" data-end=\"4175\">genau abgewogene Pellets von 40 mg<\/strong> <strong data-start=\"4176\" data-end=\"4208\">DMXE (3D-Methoxy-2\u2032-oxo-PCE)<\/strong> - Ein <strong data-start=\"4215\" data-end=\"4262\">dissoziative Arylcyclohexylaminverbindung<\/strong> innerhalb der <strong data-start=\"4273\" data-end=\"4308\">NMDA-Rezeptor-Antagonisten-Klasse<\/strong>. dmxe psychonaut<br data-start=\"4309\" data-end=\"4312\" \/>Strukturell ist es <strong data-start=\"4327\" data-end=\"4380\">DMXE (auch bekannt als Deoxymethoxetamin oder D-MEX)<\/strong> im Zusammenhang mit <strong data-start=\"4393\" data-end=\"4400\">MXE<\/strong> Und <strong data-start=\"4404\" data-end=\"4411\">DXE<\/strong>, was es zu einer wertvollen Substanz f\u00fcr <strong data-start=\"4455\" data-end=\"4508\">neurochemische, forensische und analytische Forschung<\/strong>.<\/p>\n<p data-start=\"4513\" data-end=\"4764\">Jedes Pellet wird mit einem <strong data-start=\"4552\" data-end=\"4588\">Laborreinheit von \u2265 98%<\/strong> und verpackt in einem <strong data-start=\"4607\" data-end=\"4641\">sch\u00fctzende Blisterverpackung<\/strong> f\u00fcr Stabilit\u00e4t und Genauigkeit. Die <strong data-start=\"4681\" data-end=\"4695\">40 mg Dosis<\/strong> ist ideal f\u00fcr <strong data-start=\"4711\" data-end=\"4761\">chromatographische und spektroskopische Analysen<\/strong>.<\/p>\n<blockquote data-start=\"4766\" data-end=\"4912\">\n<p data-start=\"4768\" data-end=\"4912\">\u26a0\ufe0f <strong data-start=\"4771\" data-end=\"4782\">Hinweis:<\/strong> Dieses Produkt ist ausschlie\u00dflich f\u00fcr <strong data-start=\"4823\" data-end=\"4858\">Forschung und analytische Nutzung<\/strong> \u2014 <strong data-start=\"4861\" data-end=\"4909\">nicht f\u00fcr den menschlichen oder tierischen Verzehr bestimmt<\/strong>.<\/p>\n<\/blockquote>\n<hr data-start=\"4914\" data-end=\"4917\" \/>\n<h3 data-start=\"4919\" data-end=\"4950\"><strong data-start=\"4923\" data-end=\"4950\">Hauptmerkmale<\/strong><\/h3>\n<div class=\"_tableContainer_1rjym_1\">\n<div class=\"group _tableWrapper_1rjym_13 flex w-fit flex-col-reverse\" tabindex=\"-1\">\n<table class=\"w-fit min-w-(--thread-content-width)\" data-start=\"4952\" data-end=\"5502\">\n<thead data-start=\"4952\" data-end=\"4978\">\n<tr data-start=\"4952\" data-end=\"4978\">\n<th data-start=\"4952\" data-end=\"4962\" data-col-size=\"sm\">Besonderheit<\/th>\n<th data-start=\"4962\" data-end=\"4978\" data-col-size=\"md\">Beschreibung<\/th>\n<\/tr>\n<\/thead>\n<tbody data-start=\"5007\" data-end=\"5502\">\n<tr data-start=\"5007\" data-end=\"5053\">\n<td data-start=\"5007\" data-end=\"5028\" data-col-size=\"sm\"><strong data-start=\"5009\" data-end=\"5027\">Chemischer Name<\/strong><\/td>\n<td data-start=\"5028\" data-end=\"5053\" data-col-size=\"md\">3D-Methoxy-2\u2032-oxo-PCE<\/td>\n<\/tr>\n<tr data-start=\"5054\" data-end=\"5095\">\n<td data-start=\"5054\" data-end=\"5079\" data-col-size=\"sm\"><strong data-start=\"5056\" data-end=\"5078\">Allgemeiner Name<\/strong><\/td>\n<td data-start=\"5079\" data-end=\"5095\" data-col-size=\"md\">DMXE \/ D-MEX<\/td>\n<\/tr>\n<tr data-start=\"5096\" data-end=\"5133\">\n<td data-start=\"5096\" data-end=\"5120\" data-col-size=\"sm\"><strong data-start=\"5098\" data-end=\"5119\">Chemische Formel<\/strong><\/td>\n<td data-start=\"5120\" data-end=\"5133\" data-col-size=\"md\">C\u2081\u2084H\u2081\u2089NO\u2082<\/td>\n<\/tr>\n<tr data-start=\"5134\" data-end=\"5172\">\n<td data-start=\"5134\" data-end=\"5156\" data-col-size=\"sm\"><strong data-start=\"5136\" data-end=\"5155\">Molekulargewicht<\/strong><\/td>\n<td data-start=\"5156\" data-end=\"5172\" data-col-size=\"md\">233,31 g\/mol<\/td>\n<\/tr>\n<tr data-start=\"5173\" data-end=\"5207\">\n<td data-start=\"5173\" data-end=\"5188\" data-col-size=\"sm\"><strong data-start=\"5175\" data-end=\"5187\">Dosierung<\/strong><\/td>\n<td data-start=\"5188\" data-end=\"5207\" data-col-size=\"md\">40 mg pro Pellet<\/td>\n<\/tr>\n<tr data-start=\"5208\" data-end=\"5255\">\n<td data-start=\"5208\" data-end=\"5219\" data-col-size=\"sm\"><strong data-start=\"5210\" data-end=\"5218\">Bilden<\/strong><\/td>\n<td data-start=\"5219\" data-end=\"5255\" data-col-size=\"md\">Festes Pellet (Blisterpackung)<\/td>\n<\/tr>\n<tr data-start=\"5256\" data-end=\"5307\">\n<td data-start=\"5256\" data-end=\"5273\" data-col-size=\"sm\"><strong data-start=\"5258\" data-end=\"5272\">Reinheit<\/strong><\/td>\n<td data-start=\"5273\" data-end=\"5307\" data-col-size=\"md\">\u2265 98% (getestet mittels HPLC und NMR)<\/td>\n<\/tr>\n<tr data-start=\"5308\" data-end=\"5372\">\n<td data-start=\"5308\" data-end=\"5331\" data-col-size=\"sm\"><strong data-start=\"5310\" data-end=\"5330\">Chemische Klasse<\/strong><\/td>\n<td data-start=\"5331\" data-end=\"5372\" data-col-size=\"md\">Arylcyclohexylamin\/NMDA-Antagonist<\/td>\n<\/tr>\n<tr data-start=\"5373\" data-end=\"5452\">\n<td data-start=\"5373\" data-end=\"5387\" data-col-size=\"sm\"><strong data-start=\"5375\" data-end=\"5386\">Verwendung<\/strong><\/td>\n<td data-start=\"5387\" data-end=\"5452\" data-col-size=\"md\">Nur f\u00fcr analytische, forensische und neurochemische Forschung<\/td>\n<\/tr>\n<tr data-start=\"5453\" data-end=\"5502\">\n<td data-start=\"5453\" data-end=\"5470\" data-col-size=\"sm\"><strong data-start=\"5455\" data-end=\"5469\">Verpackung<\/strong><\/td>\n<td data-start=\"5470\" data-end=\"5502\" data-col-size=\"md\">Blisterstreifen mit Siegel<\/td>\n<\/tr>\n<\/tbody>\n<\/table>\n<\/div>\n<\/div>\n<hr data-start=\"5504\" data-end=\"5507\" \/>\n<h3 data-start=\"5509\" data-end=\"5526\"><strong data-start=\"5513\" data-end=\"5526\">Vorteile<\/strong><\/h3>\n<ul data-start=\"5528\" data-end=\"5976\">\n<li data-start=\"5528\" data-end=\"5620\">\n<p data-start=\"5530\" data-end=\"5620\"><strong data-start=\"5530\" data-end=\"5549\">Hohe Reinheit<\/strong> \u2013 \u2265 98% Laborqualit\u00e4t f\u00fcr zuverl\u00e4ssige Forschungsergebnisse.<\/p>\n<\/li>\n<li data-start=\"5621\" data-end=\"5700\">\n<p data-start=\"5623\" data-end=\"5700\"><strong data-start=\"5623\" data-end=\"5647\">Genaue Dosierung<\/strong> \u2013 40 mg pro Pellet gew\u00e4hrleisten konsistente Messungen.<\/p>\n<\/li>\n<li data-start=\"5701\" data-end=\"5787\">\n<p data-start=\"5703\" data-end=\"5787\"><strong data-start=\"5703\" data-end=\"5728\">Schutzverpackung<\/strong> \u2013 Blisterverpackung verhindert Kontamination und Abbau.<\/p>\n<\/li>\n<li data-start=\"5788\" data-end=\"5881\">\n<p data-start=\"5790\" data-end=\"5881\"><strong data-start=\"5790\" data-end=\"5820\">Breiter Forschungsumfang<\/strong> \u2013 Geeignet f\u00fcr GC\/MS, LC-MS, FTIR, HPLC und Spektroskopie.<\/p>\n<\/li>\n<li data-start=\"5882\" data-end=\"5976\">\n<p data-start=\"5884\" data-end=\"5976\"><strong data-start=\"5884\" data-end=\"5912\">Kontrollierte Produktion<\/strong> \u2013 Vollst\u00e4ndig r\u00fcckverfolgbare Produktion unter Laborbedingungen.<\/p>\n<\/li>\n<\/ul>\n<hr data-start=\"5978\" data-end=\"5981\" \/>\n<h3 data-start=\"5983\" data-end=\"6035\"><strong data-start=\"5987\" data-end=\"6033\">Verwendung (nur f\u00fcr Forschungszwecke)<\/strong><\/h3>\n<ol data-start=\"6037\" data-end=\"6479\">\n<li data-start=\"6037\" data-end=\"6148\">\n<p data-start=\"6040\" data-end=\"6148\"><strong data-start=\"6040\" data-end=\"6055\">Handhabung:<\/strong> Tragen Sie Handschuhe, eine Schutzbrille und einen Laborkittel. Arbeiten Sie unter kontrollierten Bedingungen.<\/p>\n<\/li>\n<li data-start=\"6149\" data-end=\"6232\">\n<p data-start=\"6152\" data-end=\"6232\"><strong data-start=\"6152\" data-end=\"6165\">Ma\u00dfe:<\/strong> Jedes Pellet enth\u00e4lt 40 mg; nur f\u00fcr den Laborgebrauch.<\/p>\n<\/li>\n<li data-start=\"6233\" data-end=\"6311\">\n<p data-start=\"6236\" data-end=\"6311\"><strong data-start=\"6236\" data-end=\"6247\">Lagerung:<\/strong> K\u00fchl (2\u20138 \u00b0C), trocken und dunkel in der Originalverpackung lagern.<\/p>\n<\/li>\n<li data-start=\"6312\" data-end=\"6403\">\n<p data-start=\"6315\" data-end=\"6403\"><strong data-start=\"6315\" data-end=\"6327\">Analyse:<\/strong> Geeignet f\u00fcr Chromatographie, Spektroskopie und forensische Identifizierung.<\/p>\n<\/li>\n<li data-start=\"6404\" data-end=\"6479\">\n<p data-start=\"6407\" data-end=\"6479\"><strong data-start=\"6407\" data-end=\"6424\">Dokumentation:<\/strong> Notieren Sie Chargennummern und Testergebnisse zur Konformit\u00e4t. dmxe psychonaut<\/p>\n<\/li>\n<\/ol>\n<hr data-start=\"6481\" data-end=\"6484\" \/>\n<h3 data-start=\"6486\" data-end=\"6521\"><strong data-start=\"6490\" data-end=\"6519\">H\u00e4ufig gestellte Fragen (FAQ)<\/strong><\/h3>\n<p data-start=\"6523\" data-end=\"6721\"><strong data-start=\"6523\" data-end=\"6550\">1. Was ist DMXE (D-MEX)?<\/strong><br data-start=\"6550\" data-end=\"6553\" \/><strong data-start=\"6553\" data-end=\"6585\">DMXE (3D-Methoxy-2\u2032-oxo-PCE)<\/strong>, auch bekannt als <strong data-start=\"6602\" data-end=\"6611\">D-MEX<\/strong>, ist ein <strong data-start=\"6620\" data-end=\"6648\">dissoziative Verbindung<\/strong> das in Laborstudien zur NMDA-Rezeptorbindung verwendet wird.<\/p>\n<p data-start=\"6723\" data-end=\"6869\"><strong data-start=\"6723\" data-end=\"6771\">2. Was ist in den D-MEX DMXE 40 mg Pellets enthalten?<\/strong><br data-start=\"6771\" data-end=\"6774\" \/>Jedes Pellet enth\u00e4lt <strong data-start=\"6792\" data-end=\"6824\">40 mg DMXE (\u2265 98% Reinheit)<\/strong>, hergestellt unter Laborbedingungen. <a href=\"https:\/\/researchchemicalhub.com\/de_at\/shop\/okategoriserad\/4mmc-kopen\/\">4mmc kaufen<\/a><a href=\"https:\/\/researchchemicalhub.com\/de_at\/shop\/okategoriserad\/benzocaine-powder\/\">Benzocainpulver<\/a><\/p>\n<p data-start=\"6871\" data-end=\"7079\"><strong data-start=\"6871\" data-end=\"6909\">3. Ist der Kauf von DMXE legal?<\/strong><br data-start=\"6909\" data-end=\"6912\" \/>Der <strong data-start=\"6915\" data-end=\"6938\">Legalit\u00e4t von DMXE<\/strong> variiert je nach Land. In einigen L\u00e4ndern gilt es als kontrollierte Substanz. \u00dcberpr\u00fcfen Sie immer die \u00f6rtlichen Vorschriften, bevor Sie es verwenden <strong data-start=\"7062\" data-end=\"7076\">DMXE kauft<\/strong>.<\/p>\n<div class=\"markdown-table-wrapper\"><\/div>","protected":false},"excerpt":{"rendered":"<p>Einf\u00fchrung: D-MEX DMXE 40 mg Pellets enthalten genau abgewogene Pellets mit 40 mg DMXE (3D-Methoxy-2\u2032-oxo-PCE) \u2013 einer dissoziativen Arylcyclohexylaminverbindung aus der Klasse der NMDA-Rezeptorantagonisten.<\/p>","protected":false},"featured_media":21436,"comment_status":"closed","ping_status":"closed","template":"","meta":[],"product_brand":[82],"product_cat":[71,406,429,324,398],"product_tag":[295,296,326],"class_list":{"0":"post-24451","1":"product","2":"type-product","3":"status-publish","4":"has-post-thumbnail","6":"product_brand-research-chemical","7":"product_cat-arylcyclohexylamine","8":"product_cat-dmxe","9":"product_cat-dmxe-pellets","10":"product_cat-pellets-for-pellet","11":"product_cat-verkoop","12":"product_tag-dmxe","13":"product_tag-dmxe-psychonaut","14":"product_tag-nl","16":"first","17":"instock","18":"sale","19":"taxable","20":"shipping-taxable","21":"purchasable","22":"product-type-variable"},"_links":{"self":[{"href":"https:\/\/researchchemicalhub.com\/de_at\/wp-json\/wp\/v2\/product\/24451","targetHints":{"allow":["GET"]}}],"collection":[{"href":"https:\/\/researchchemicalhub.com\/de_at\/wp-json\/wp\/v2\/product"}],"about":[{"href":"https:\/\/researchchemicalhub.com\/de_at\/wp-json\/wp\/v2\/types\/product"}],"replies":[{"embeddable":true,"href":"https:\/\/researchchemicalhub.com\/de_at\/wp-json\/wp\/v2\/comments?post=24451"}],"version-history":[{"count":6,"href":"https:\/\/researchchemicalhub.com\/de_at\/wp-json\/wp\/v2\/product\/24451\/revisions"}],"predecessor-version":[{"id":27786,"href":"https:\/\/researchchemicalhub.com\/de_at\/wp-json\/wp\/v2\/product\/24451\/revisions\/27786"}],"wp:featuredmedia":[{"embeddable":true,"href":"https:\/\/researchchemicalhub.com\/de_at\/wp-json\/wp\/v2\/media\/21436"}],"wp:attachment":[{"href":"https:\/\/researchchemicalhub.com\/de_at\/wp-json\/wp\/v2\/media?parent=24451"}],"wp:term":[{"taxonomy":"product_brand","embeddable":true,"href":"https:\/\/researchchemicalhub.com\/de_at\/wp-json\/wp\/v2\/product_brand?post=24451"},{"taxonomy":"product_cat","embeddable":true,"href":"https:\/\/researchchemicalhub.com\/de_at\/wp-json\/wp\/v2\/product_cat?post=24451"},{"taxonomy":"product_tag","embeddable":true,"href":"https:\/\/researchchemicalhub.com\/de_at\/wp-json\/wp\/v2\/product_tag?post=24451"}],"curies":[{"name":"wp","href":"https:\/\/api.w.org\/{rel}","templated":true}]}}