{"id":24404,"date":"2025-04-13T17:41:40","date_gmt":"2025-04-13T17:41:40","guid":{"rendered":"https:\/\/researchchemicalhub.com\/?post_type=product&#038;p=24404"},"modified":"2025-10-29T08:38:29","modified_gmt":"2025-10-29T08:38:29","slug":"nb-dmt-oxalat","status":"publish","type":"product","link":"https:\/\/researchchemicalhub.com\/de_at\/geschaft\/nboc-dmt\/nb-dmt-oxalat\/","title":{"rendered":"NBoc-DMT-Oxalat"},"content":{"rendered":"<h3 data-start=\"4268\" data-end=\"4289\"><strong data-start=\"4272\" data-end=\"4287\"><span dir=\"auto\" style=\"vertical-align: inherit;\"><span dir=\"auto\" style=\"vertical-align: inherit;\">Einf\u00fchrung<\/span><\/span><\/strong><\/h3>\n<p data-start=\"4290\" data-end=\"4636\"><strong data-start=\"4290\" data-end=\"4311\"><span dir=\"auto\" style=\"vertical-align: inherit;\"><span dir=\"auto\" style=\"vertical-align: inherit;\">N-Boc-DMT-Oxalat<\/span><\/span><\/strong><span dir=\"auto\" style=\"vertical-align: inherit;\"><span dir=\"auto\" style=\"vertical-align: inherit;\"> (N-tert-Butoxycarbonyl-Dimethyltryptaminoxalat) ist ein <\/span><\/span><strong data-start=\"4370\" data-end=\"4406\"><span dir=\"auto\" style=\"vertical-align: inherit;\"><span dir=\"auto\" style=\"vertical-align: inherit;\">hochreine Tryptaminverbindung<\/span><\/span><\/strong><span dir=\"auto\" style=\"vertical-align: inherit;\"><span dir=\"auto\" style=\"vertical-align: inherit;\"> verwendet in <\/span><\/span><strong data-start=\"4431\" data-end=\"4479\"><span dir=\"auto\" style=\"vertical-align: inherit;\"><span dir=\"auto\" style=\"vertical-align: inherit;\">analytische, chemische und forensische Forschung<\/span><\/span><\/strong><span dir=\"auto\" style=\"vertical-align: inherit;\"><span dir=\"auto\" style=\"vertical-align: inherit;\"> . nb dmt <\/span><\/span><br data-start=\"4480\" data-end=\"4483\" \/><span dir=\"auto\" style=\"vertical-align: inherit;\"><span dir=\"auto\" style=\"vertical-align: inherit;\">Es fungiert als ein <\/span><\/span><strong data-start=\"4504\" data-end=\"4529\"><span dir=\"auto\" style=\"vertical-align: inherit;\"><span dir=\"auto\" style=\"vertical-align: inherit;\">gesch\u00fctztes Zwischenprodukt<\/span><\/span><\/strong><span dir=\"auto\" style=\"vertical-align: inherit;\"><span dir=\"auto\" style=\"vertical-align: inherit;\"> bei der Synthese und Strukturuntersuchung von <\/span><\/span><strong data-start=\"4572\" data-end=\"4605\"><span dir=\"auto\" style=\"vertical-align: inherit;\"><span dir=\"auto\" style=\"vertical-align: inherit;\">Indolbasierte Tryptamine<\/span><\/span><\/strong><span dir=\"auto\" style=\"vertical-align: inherit;\"><span dir=\"auto\" style=\"vertical-align: inherit;\"> wie zum Beispiel DMT, DET und 5-MeO-DMT.<\/span><\/span><\/p>\n<p data-start=\"4638\" data-end=\"4905\"><span dir=\"auto\" style=\"vertical-align: inherit;\"><span dir=\"auto\" style=\"vertical-align: inherit;\">Der <\/span><\/span><strong data-start=\"4641\" data-end=\"4670\"><span dir=\"auto\" style=\"vertical-align: inherit;\"><span dir=\"auto\" style=\"vertical-align: inherit;\">Boc (tert-Butoxycarbonyl)<\/span><\/span><\/strong><span dir=\"auto\" style=\"vertical-align: inherit;\"><span dir=\"auto\" style=\"vertical-align: inherit;\"> Die Gruppe sch\u00fctzt die Verbindung vor Abbau und erm\u00f6glicht eine sichere Handhabung und Langzeitlagerung. Dadurch wird <\/span><\/span><strong data-start=\"4783\" data-end=\"4804\"><span dir=\"auto\" style=\"vertical-align: inherit;\"><span dir=\"auto\" style=\"vertical-align: inherit;\">N-Boc-DMT-Oxalat<\/span><\/span><\/strong><span dir=\"auto\" style=\"vertical-align: inherit;\"><span dir=\"auto\" style=\"vertical-align: inherit;\"> ein wertvolles Nachschlagewerk f\u00fcr <\/span><\/span><strong data-start=\"4844\" data-end=\"4881\"><span dir=\"auto\" style=\"vertical-align: inherit;\"><span dir=\"auto\" style=\"vertical-align: inherit;\">chromatographisch, spektroskopisch,<\/span><\/span><\/strong><span dir=\"auto\" style=\"vertical-align: inherit;\"><span dir=\"auto\" style=\"vertical-align: inherit;\"> Und <\/span><\/span><strong data-start=\"4885\" data-end=\"4902\"><span dir=\"auto\" style=\"vertical-align: inherit;\"><span dir=\"auto\" style=\"vertical-align: inherit;\">SAR-Studien<\/span><\/span><\/strong><span dir=\"auto\" style=\"vertical-align: inherit;\"><span dir=\"auto\" style=\"vertical-align: inherit;\"> .<\/span><\/span><\/p>\n<p data-start=\"4907\" data-end=\"5049\"><span dir=\"auto\" style=\"vertical-align: inherit;\"><span dir=\"auto\" style=\"vertical-align: inherit;\">Jede Charge wird hergestellt unter <\/span><\/span><strong data-start=\"4943\" data-end=\"4976\"><span dir=\"auto\" style=\"vertical-align: inherit;\"><span dir=\"auto\" style=\"vertical-align: inherit;\">strenge Laborbedingungen<\/span><\/span><\/strong><span dir=\"auto\" style=\"vertical-align: inherit;\"><span dir=\"auto\" style=\"vertical-align: inherit;\"> und getestet auf <\/span><\/span><strong data-start=\"4994\" data-end=\"5018\"><span dir=\"auto\" style=\"vertical-align: inherit;\"><span dir=\"auto\" style=\"vertical-align: inherit;\">\u2265 98% Reinheit<\/span><\/span><\/strong><span dir=\"auto\" style=\"vertical-align: inherit;\"><span dir=\"auto\" style=\"vertical-align: inherit;\"> von <\/span><\/span><strong data-start=\"5023\" data-end=\"5046\"><span dir=\"auto\" style=\"vertical-align: inherit;\"><span dir=\"auto\" style=\"vertical-align: inherit;\">HPLC- und NMR-Analyse<\/span><\/span><\/strong><span dir=\"auto\" style=\"vertical-align: inherit;\"><span dir=\"auto\" style=\"vertical-align: inherit;\"> .<\/span><\/span><\/p>\n<blockquote data-start=\"5051\" data-end=\"5197\">\n<p data-start=\"5053\" data-end=\"5197\">\u26a0\ufe0f <strong data-start=\"5056\" data-end=\"5067\"><span dir=\"auto\" style=\"vertical-align: inherit;\"><span dir=\"auto\" style=\"vertical-align: inherit;\">Bitte beachten Sie:<\/span><\/span><\/strong><span dir=\"auto\" style=\"vertical-align: inherit;\"><span dir=\"auto\" style=\"vertical-align: inherit;\"> Dieses Produkt ist bestimmt f\u00fcr <\/span><\/span><strong data-start=\"5108\" data-end=\"5143\"><span dir=\"auto\" style=\"vertical-align: inherit;\"><span dir=\"auto\" style=\"vertical-align: inherit;\">Forschungs- und Analysenutzung<\/span><\/span><\/strong><span dir=\"auto\" style=\"vertical-align: inherit;\"><span dir=\"auto\" style=\"vertical-align: inherit;\"> nur - <\/span><\/span><strong data-start=\"5146\" data-end=\"5194\"><span dir=\"auto\" style=\"vertical-align: inherit;\"><span dir=\"auto\" style=\"vertical-align: inherit;\">Nicht zum Verzehr durch Mensch oder Tier geeignet<\/span><\/span><\/strong><span dir=\"auto\" style=\"vertical-align: inherit;\"><span dir=\"auto\" style=\"vertical-align: inherit;\"> .<\/span><\/span><\/p>\n<\/blockquote>\n<hr data-start=\"5199\" data-end=\"5202\" \/>\n<h3 data-start=\"5204\" data-end=\"5235\"><strong data-start=\"5208\" data-end=\"5235\"><span dir=\"auto\" style=\"vertical-align: inherit;\"><span dir=\"auto\" style=\"vertical-align: inherit;\">Hauptmerkmale<\/span><\/span><\/strong><\/h3>\n<div class=\"_tableContainer_1rjym_1\">\n<div class=\"group _tableWrapper_1rjym_13 flex w-fit flex-col-reverse\" tabindex=\"-1\">\n<table class=\"w-fit min-w-(--thread-content-width)\" data-start=\"5237\" data-end=\"5850\">\n<thead data-start=\"5237\" data-end=\"5263\">\n<tr data-start=\"5237\" data-end=\"5263\">\n<th data-start=\"5237\" data-end=\"5247\" data-col-size=\"sm\"><span dir=\"auto\" style=\"vertical-align: inherit;\"><span dir=\"auto\" style=\"vertical-align: inherit;\">Besonderheit<\/span><\/span><\/th>\n<th data-start=\"5247\" data-end=\"5263\" data-col-size=\"md\"><span dir=\"auto\" style=\"vertical-align: inherit;\"><span dir=\"auto\" style=\"vertical-align: inherit;\">Beschreibung<\/span><\/span><\/th>\n<\/tr>\n<\/thead>\n<tbody data-start=\"5292\" data-end=\"5850\">\n<tr data-start=\"5292\" data-end=\"5365\">\n<td data-start=\"5292\" data-end=\"5313\" data-col-size=\"sm\"><strong data-start=\"5294\" data-end=\"5312\"><span dir=\"auto\" style=\"vertical-align: inherit;\"><span dir=\"auto\" style=\"vertical-align: inherit;\">Chemischer Name<\/span><\/span><\/strong><\/td>\n<td data-start=\"5313\" data-end=\"5365\" data-col-size=\"md\"><span dir=\"auto\" style=\"vertical-align: inherit;\"><span dir=\"auto\" style=\"vertical-align: inherit;\">N-tert-Butoxycarbonyl-Dimethyltryptaminoxalat<\/span><\/span><\/td>\n<\/tr>\n<tr data-start=\"5366\" data-end=\"5412\">\n<td data-start=\"5366\" data-end=\"5391\" data-col-size=\"sm\"><strong data-start=\"5368\" data-end=\"5390\"><span dir=\"auto\" style=\"vertical-align: inherit;\"><span dir=\"auto\" style=\"vertical-align: inherit;\">Allgemeiner Name<\/span><\/span><\/strong><\/td>\n<td data-start=\"5391\" data-end=\"5412\" data-col-size=\"md\"><span dir=\"auto\" style=\"vertical-align: inherit;\"><span dir=\"auto\" style=\"vertical-align: inherit;\">N-Boc-DMT-Oxalat<\/span><\/span><\/td>\n<\/tr>\n<tr data-start=\"5413\" data-end=\"5458\">\n<td data-start=\"5413\" data-end=\"5437\" data-col-size=\"sm\"><strong data-start=\"5415\" data-end=\"5436\"><span dir=\"auto\" style=\"vertical-align: inherit;\"><span dir=\"auto\" style=\"vertical-align: inherit;\">Chemische Formel<\/span><\/span><\/strong><\/td>\n<td data-start=\"5437\" data-end=\"5458\" data-col-size=\"md\"><span dir=\"auto\" style=\"vertical-align: inherit;\"><span dir=\"auto\" style=\"vertical-align: inherit;\">C\u2081\u2087H\u2082\u2084N\u2082O\u2084\u00b7C\u2082H\u2082O\u2084<\/span><\/span><\/td>\n<\/tr>\n<tr data-start=\"5459\" data-end=\"5497\">\n<td data-start=\"5459\" data-end=\"5481\" data-col-size=\"sm\"><strong data-start=\"5461\" data-end=\"5480\"><span dir=\"auto\" style=\"vertical-align: inherit;\"><span dir=\"auto\" style=\"vertical-align: inherit;\">Molekulargewicht<\/span><\/span><\/strong><\/td>\n<td data-start=\"5481\" data-end=\"5497\" data-col-size=\"md\"><span dir=\"auto\" style=\"vertical-align: inherit;\"><span dir=\"auto\" style=\"vertical-align: inherit;\">404,42 g\/mol<\/span><\/span><\/td>\n<\/tr>\n<tr data-start=\"5498\" data-end=\"5531\">\n<td data-start=\"5498\" data-end=\"5509\" data-col-size=\"sm\"><strong data-start=\"5500\" data-end=\"5508\"><span dir=\"auto\" style=\"vertical-align: inherit;\"><span dir=\"auto\" style=\"vertical-align: inherit;\">Bilden<\/span><\/span><\/strong><\/td>\n<td data-start=\"5509\" data-end=\"5531\" data-col-size=\"md\"><span dir=\"auto\" style=\"vertical-align: inherit;\"><span dir=\"auto\" style=\"vertical-align: inherit;\">Kristallines Pulver<\/span><\/span><\/td>\n<\/tr>\n<tr data-start=\"5532\" data-end=\"5583\">\n<td data-start=\"5532\" data-end=\"5549\" data-col-size=\"sm\"><strong data-start=\"5534\" data-end=\"5548\"><span dir=\"auto\" style=\"vertical-align: inherit;\"><span dir=\"auto\" style=\"vertical-align: inherit;\">Reinheit<\/span><\/span><\/strong><\/td>\n<td data-start=\"5549\" data-end=\"5583\" data-col-size=\"md\"><span dir=\"auto\" style=\"vertical-align: inherit;\"><span dir=\"auto\" style=\"vertical-align: inherit;\">\u2265 98% (gepr\u00fcft mittels HPLC und NMR)<\/span><\/span><\/td>\n<\/tr>\n<tr data-start=\"5584\" data-end=\"5649\">\n<td data-start=\"5584\" data-end=\"5607\" data-col-size=\"sm\"><strong data-start=\"5586\" data-end=\"5606\"><span dir=\"auto\" style=\"vertical-align: inherit;\"><span dir=\"auto\" style=\"vertical-align: inherit;\">Chemische Klasse<\/span><\/span><\/strong><\/td>\n<td data-start=\"5607\" data-end=\"5649\" data-col-size=\"md\"><span dir=\"auto\" style=\"vertical-align: inherit;\"><span dir=\"auto\" style=\"vertical-align: inherit;\">Tryptaminderivat \/ Indolverbindung<\/span><\/span><\/td>\n<\/tr>\n<tr data-start=\"5650\" data-end=\"5724\">\n<td data-start=\"5650\" data-end=\"5664\" data-col-size=\"sm\"><strong data-start=\"5652\" data-end=\"5663\"><span dir=\"auto\" style=\"vertical-align: inherit;\"><span dir=\"auto\" style=\"vertical-align: inherit;\">Verwendung<\/span><\/span><\/strong><\/td>\n<td data-start=\"5664\" data-end=\"5724\" data-col-size=\"md\"><span dir=\"auto\" style=\"vertical-align: inherit;\"><span dir=\"auto\" style=\"vertical-align: inherit;\">Nur f\u00fcr analytische, forensische und chemische Forschungszwecke<\/span><\/span><\/td>\n<\/tr>\n<tr data-start=\"5725\" data-end=\"5792\">\n<td data-start=\"5725\" data-end=\"5742\" data-col-size=\"sm\"><strong data-start=\"5727\" data-end=\"5741\"><span dir=\"auto\" style=\"vertical-align: inherit;\"><span dir=\"auto\" style=\"vertical-align: inherit;\">Verpackung<\/span><\/span><\/strong><\/td>\n<td data-start=\"5742\" data-end=\"5792\" data-col-size=\"md\"><span dir=\"auto\" style=\"vertical-align: inherit;\"><span dir=\"auto\" style=\"vertical-align: inherit;\">Wiederverschlie\u00dfbarer, feuchtigkeitsbest\u00e4ndiger Laborbeutel<\/span><\/span><\/td>\n<\/tr>\n<tr data-start=\"5793\" data-end=\"5850\">\n<td data-start=\"5793\" data-end=\"5811\" data-col-size=\"sm\"><strong data-start=\"5795\" data-end=\"5810\"><span dir=\"auto\" style=\"vertical-align: inherit;\"><span dir=\"auto\" style=\"vertical-align: inherit;\">Menge<\/span><\/span><\/strong><\/td>\n<td data-start=\"5811\" data-end=\"5850\" data-col-size=\"md\"><span dir=\"auto\" style=\"vertical-align: inherit;\"><span dir=\"auto\" style=\"vertical-align: inherit;\">1 Gramm pro Beutel (chargenabh\u00e4ngig)<\/span><\/span><\/td>\n<\/tr>\n<\/tbody>\n<\/table>\n<\/div>\n<\/div>\n<hr data-start=\"5852\" data-end=\"5855\" \/>\n<h3 data-start=\"5857\" data-end=\"5874\"><strong data-start=\"5861\" data-end=\"5874\"><span dir=\"auto\" style=\"vertical-align: inherit;\"><span dir=\"auto\" style=\"vertical-align: inherit;\">Vorteile<\/span><\/span><\/strong><\/h3>\n<ul data-start=\"5876\" data-end=\"6309\">\n<li data-start=\"5876\" data-end=\"5968\">\n<p data-start=\"5878\" data-end=\"5968\"><strong data-start=\"5878\" data-end=\"5897\"><span dir=\"auto\" style=\"vertical-align: inherit;\"><span dir=\"auto\" style=\"vertical-align: inherit;\">Hohe Reinheit<\/span><\/span><\/strong><span dir=\"auto\" style=\"vertical-align: inherit;\"><span dir=\"auto\" style=\"vertical-align: inherit;\"> \u2013 \u2265 98% Laborqualit\u00e4t f\u00fcr zuverl\u00e4ssige Forschungsergebnisse.<\/span><\/span><\/p>\n<\/li>\n<li data-start=\"5969\" data-end=\"6063\">\n<p data-start=\"5971\" data-end=\"6063\"><strong data-start=\"5971\" data-end=\"5999\"><span dir=\"auto\" style=\"vertical-align: inherit;\"><span dir=\"auto\" style=\"vertical-align: inherit;\">Boc-gesch\u00fctzte Struktur<\/span><\/span><\/strong><span dir=\"auto\" style=\"vertical-align: inherit;\"><span dir=\"auto\" style=\"vertical-align: inherit;\"> \u2013 Sorgt f\u00fcr zus\u00e4tzliche Stabilit\u00e4t und Sicherheit w\u00e4hrend der Anwendung. NB DMT<\/span><\/span><\/p>\n<\/li>\n<li data-start=\"6064\" data-end=\"6142\">\n<p data-start=\"6066\" data-end=\"6142\"><strong data-start=\"6066\" data-end=\"6091\"><span dir=\"auto\" style=\"vertical-align: inherit;\"><span dir=\"auto\" style=\"vertical-align: inherit;\">Ideal f\u00fcr Forschungszwecke<\/span><\/span><\/strong><span dir=\"auto\" style=\"vertical-align: inherit;\"><span dir=\"auto\" style=\"vertical-align: inherit;\"> \u2013 Geeignet f\u00fcr GC\/MS, LC-MS, FTIR, HPLC und NMR.<\/span><\/span><\/p>\n<\/li>\n<li data-start=\"6143\" data-end=\"6213\">\n<p data-start=\"6145\" data-end=\"6213\"><strong data-start=\"6145\" data-end=\"6169\"><span dir=\"auto\" style=\"vertical-align: inherit;\"><span dir=\"auto\" style=\"vertical-align: inherit;\">Stabile Oxalatform<\/span><\/span><\/strong><span dir=\"auto\" style=\"vertical-align: inherit;\"><span dir=\"auto\" style=\"vertical-align: inherit;\"> \u2013 Lange Haltbarkeit und chemisch stabil.<\/span><\/span><\/p>\n<\/li>\n<li data-start=\"6214\" data-end=\"6309\">\n<p data-start=\"6216\" data-end=\"6309\"><strong data-start=\"6216\" data-end=\"6241\"><span dir=\"auto\" style=\"vertical-align: inherit;\"><span dir=\"auto\" style=\"vertical-align: inherit;\">R\u00fcckverfolgbare Produktion<\/span><\/span><\/strong><span dir=\"auto\" style=\"vertical-align: inherit;\"><span dir=\"auto\" style=\"vertical-align: inherit;\"> \u2013 Jede Charge verf\u00fcgt \u00fcber eine Dokumentation hinsichtlich Reinheit und Zusammensetzung.<\/span><\/span><\/p>\n<\/li>\n<\/ul>\n<hr data-start=\"6311\" data-end=\"6314\" \/>\n<h3 data-start=\"6316\" data-end=\"6368\"><strong data-start=\"6320\" data-end=\"6366\"><span dir=\"auto\" style=\"vertical-align: inherit;\"><span dir=\"auto\" style=\"vertical-align: inherit;\">Nutzung (Nur f\u00fcr Forschungszwecke)<\/span><\/span><\/strong><\/h3>\n<ol data-start=\"6370\" data-end=\"6735\">\n<li data-start=\"6370\" data-end=\"6464\">\n<p data-start=\"6373\" data-end=\"6464\"><strong data-start=\"6373\" data-end=\"6388\"><span dir=\"auto\" style=\"vertical-align: inherit;\"><span dir=\"auto\" style=\"vertical-align: inherit;\">Handhabung:<\/span><\/span><\/strong><span dir=\"auto\" style=\"vertical-align: inherit;\"><span dir=\"auto\" style=\"vertical-align: inherit;\"> Tragen Sie Handschuhe, Schutzbrille und Laborkittel; arbeiten Sie unter einem Abzug.<\/span><\/span><\/p>\n<\/li>\n<li data-start=\"6465\" data-end=\"6528\">\n<p data-start=\"6468\" data-end=\"6528\"><strong data-start=\"6468\" data-end=\"6481\"><span dir=\"auto\" style=\"vertical-align: inherit;\"><span dir=\"auto\" style=\"vertical-align: inherit;\">Ma\u00dfe:<\/span><\/span><\/strong><span dir=\"auto\" style=\"vertical-align: inherit;\"><span dir=\"auto\" style=\"vertical-align: inherit;\"> Verwenden Sie pr\u00e4zise Laborwaagen.<\/span><\/span><\/p>\n<\/li>\n<li data-start=\"6529\" data-end=\"6583\">\n<p data-start=\"6532\" data-end=\"6583\"><strong data-start=\"6532\" data-end=\"6543\"><span dir=\"auto\" style=\"vertical-align: inherit;\"><span dir=\"auto\" style=\"vertical-align: inherit;\">Lagerung:<\/span><\/span><\/strong><span dir=\"auto\" style=\"vertical-align: inherit;\"><span dir=\"auto\" style=\"vertical-align: inherit;\"> K\u00fchl (2\u20138 \u00b0C), trocken und dunkel lagern.<\/span><\/span><\/p>\n<\/li>\n<li data-start=\"6584\" data-end=\"6671\">\n<p data-start=\"6587\" data-end=\"6671\"><strong data-start=\"6587\" data-end=\"6599\"><span dir=\"auto\" style=\"vertical-align: inherit;\"><span dir=\"auto\" style=\"vertical-align: inherit;\">Analyse:<\/span><\/span><\/strong><span dir=\"auto\" style=\"vertical-align: inherit;\"><span dir=\"auto\" style=\"vertical-align: inherit;\"> Geeignet f\u00fcr Chromatographie, Spektroskopie und Strukturuntersuchungen.<\/span><\/span><\/p>\n<\/li>\n<li data-start=\"6672\" data-end=\"6735\">\n<p data-start=\"6675\" data-end=\"6735\"><strong data-start=\"6675\" data-end=\"6692\"><span dir=\"auto\" style=\"vertical-align: inherit;\"><span dir=\"auto\" style=\"vertical-align: inherit;\">Dokumentation:<\/span><\/span><\/strong><span dir=\"auto\" style=\"vertical-align: inherit;\"><span dir=\"auto\" style=\"vertical-align: inherit;\"> Batchdaten und Analysemethoden erfassen.<\/span><\/span><\/p>\n<\/li>\n<\/ol>\n<hr data-start=\"6737\" data-end=\"6740\" \/>\n<h3 data-start=\"6742\" data-end=\"6777\"><strong data-start=\"6746\" data-end=\"6775\"><span dir=\"auto\" style=\"vertical-align: inherit;\"><span dir=\"auto\" style=\"vertical-align: inherit;\">H\u00e4ufig gestellte Fragen (FAQ)<\/span><\/span><\/strong><\/h3>\n<p data-start=\"6779\" data-end=\"6958\"><strong data-start=\"6779\" data-end=\"6811\"><span dir=\"auto\" style=\"vertical-align: inherit;\"><span dir=\"auto\" style=\"vertical-align: inherit;\">1. Was ist N-Boc-DMT-Oxalat? <\/span><\/span><\/strong><br data-start=\"6811\" data-end=\"6814\" \/><strong data-start=\"6814\" data-end=\"6835\"><span dir=\"auto\" style=\"vertical-align: inherit;\"><span dir=\"auto\" style=\"vertical-align: inherit;\">N-Boc-DMT-Oxalat<\/span><\/span><\/strong><span dir=\"auto\" style=\"vertical-align: inherit;\"><span dir=\"auto\" style=\"vertical-align: inherit;\"> ist ein <\/span><\/span><strong data-start=\"6843\" data-end=\"6878\"><span dir=\"auto\" style=\"vertical-align: inherit;\"><span dir=\"auto\" style=\"vertical-align: inherit;\">gesch\u00fctzte Tryptaminverbindung<\/span><\/span><\/strong><span dir=\"auto\" style=\"vertical-align: inherit;\"><span dir=\"auto\" style=\"vertical-align: inherit;\"> wird als stabiles Referenzmaterial f\u00fcr analytische Untersuchungen verwendet.<\/span><\/span><\/p>\n<p data-start=\"6960\" data-end=\"7107\"><strong data-start=\"6960\" data-end=\"7002\"><span dir=\"auto\" style=\"vertical-align: inherit;\"><span dir=\"auto\" style=\"vertical-align: inherit;\">2. Warum wird die Boc-Gruppe verwendet?<\/span><\/span><\/strong><br data-start=\"7002\" data-end=\"7005\" \/><span dir=\"auto\" style=\"vertical-align: inherit;\"><span dir=\"auto\" style=\"vertical-align: inherit;\"> Der <\/span><\/span><strong data-start=\"7008\" data-end=\"7021\"><span dir=\"auto\" style=\"vertical-align: inherit;\"><span dir=\"auto\" style=\"vertical-align: inherit;\">Boc-Gruppe<\/span><\/span><\/strong><span dir=\"auto\" style=\"vertical-align: inherit;\"><span dir=\"auto\" style=\"vertical-align: inherit;\"> sch\u00fctzt die Verbindung vor Abbau und erm\u00f6glicht sichere Forschung und Lagerung.<\/span><\/span><\/p>\n<p data-start=\"7109\" data-end=\"7301\"><strong data-start=\"7109\" data-end=\"7160\"><span dir=\"auto\" style=\"vertical-align: inherit;\"><span dir=\"auto\" style=\"vertical-align: inherit;\">3. Ist der Kauf von N-Boc-DMT-Oxalat legal?<\/span><\/span><\/strong><br data-start=\"7160\" data-end=\"7163\" \/><span dir=\"auto\" style=\"vertical-align: inherit;\"><span dir=\"auto\" style=\"vertical-align: inherit;\"> Der <\/span><\/span><strong data-start=\"7166\" data-end=\"7202\"><span dir=\"auto\" style=\"vertical-align: inherit;\"><span dir=\"auto\" style=\"vertical-align: inherit;\">Legalit\u00e4t von N-Boc-DMT-Oxalat<\/span><\/span><\/strong><span dir=\"auto\" style=\"vertical-align: inherit;\"><span dir=\"auto\" style=\"vertical-align: inherit;\"> Die Unterschiede variieren je nach Land. Informieren Sie sich daher immer vorab \u00fcber die geltenden Gesetze in Ihrem Land. <\/span><\/span><strong data-start=\"7271\" data-end=\"7298\"><span dir=\"auto\" style=\"vertical-align: inherit;\"><span dir=\"auto\" style=\"vertical-align: inherit;\">Kauf von N-Boc-DMT-Oxalat<\/span><\/span><\/strong><span dir=\"auto\" style=\"vertical-align: inherit;\"><span dir=\"auto\" style=\"vertical-align: inherit;\"> .<\/span><\/span><\/p>","protected":false},"excerpt":{"rendered":"<h2><span dir=\"auto\" style=\"vertical-align: inherit;\"><span dir=\"auto\" style=\"vertical-align: inherit;\"><span dir=\"auto\" style=\"vertical-align: inherit;\"><span dir=\"auto\" style=\"vertical-align: inherit;\">NBoc-DMT-Oxalat<\/span><\/span><\/span><\/span><\/h2>\n<p><span dir=\"auto\" style=\"vertical-align: inherit;\"><span dir=\"auto\" style=\"vertical-align: inherit;\"><span dir=\"auto\" style=\"vertical-align: inherit;\"><span dir=\"auto\" style=\"vertical-align: inherit;\">Dieses Produkt ist exklusiv bei Professor.nl erh\u00e4ltlich! Nach umfangreichen Forschungen und Tests ist es uns gelungen, ein Produkt zu entwickeln, das der verbotenen Substanz NN-DMT sehr \u00e4hnlich ist.<\/span><\/span><\/span><\/span><\/p>","protected":false},"featured_media":28569,"comment_status":"closed","ping_status":"closed","template":"","meta":[],"product_brand":[],"product_cat":[466,381],"product_tag":[573,326],"class_list":{"0":"post-24404","1":"product","2":"type-product","3":"status-publish","4":"has-post-thumbnail","6":"product_cat-nboc-dmt","7":"product_cat-tryptamines","8":"product_tag-nb-dmt","9":"product_tag-nl","11":"first","12":"instock","13":"taxable","14":"shipping-taxable","15":"purchasable","16":"product-type-variable"},"_links":{"self":[{"href":"https:\/\/researchchemicalhub.com\/de_at\/wp-json\/wp\/v2\/product\/24404","targetHints":{"allow":["GET"]}}],"collection":[{"href":"https:\/\/researchchemicalhub.com\/de_at\/wp-json\/wp\/v2\/product"}],"about":[{"href":"https:\/\/researchchemicalhub.com\/de_at\/wp-json\/wp\/v2\/types\/product"}],"replies":[{"embeddable":true,"href":"https:\/\/researchchemicalhub.com\/de_at\/wp-json\/wp\/v2\/comments?post=24404"}],"version-history":[{"count":6,"href":"https:\/\/researchchemicalhub.com\/de_at\/wp-json\/wp\/v2\/product\/24404\/revisions"}],"predecessor-version":[{"id":28682,"href":"https:\/\/researchchemicalhub.com\/de_at\/wp-json\/wp\/v2\/product\/24404\/revisions\/28682"}],"wp:featuredmedia":[{"embeddable":true,"href":"https:\/\/researchchemicalhub.com\/de_at\/wp-json\/wp\/v2\/media\/28569"}],"wp:attachment":[{"href":"https:\/\/researchchemicalhub.com\/de_at\/wp-json\/wp\/v2\/media?parent=24404"}],"wp:term":[{"taxonomy":"product_brand","embeddable":true,"href":"https:\/\/researchchemicalhub.com\/de_at\/wp-json\/wp\/v2\/product_brand?post=24404"},{"taxonomy":"product_cat","embeddable":true,"href":"https:\/\/researchchemicalhub.com\/de_at\/wp-json\/wp\/v2\/product_cat?post=24404"},{"taxonomy":"product_tag","embeddable":true,"href":"https:\/\/researchchemicalhub.com\/de_at\/wp-json\/wp\/v2\/product_tag?post=24404"}],"curies":[{"name":"wp","href":"https:\/\/api.w.org\/{rel}","templated":true}]}}