{"id":24338,"date":"2025-04-13T17:41:30","date_gmt":"2025-04-13T17:41:30","guid":{"rendered":"https:\/\/researchchemicalhub.com\/?post_type=product&#038;p=24338"},"modified":"2025-10-29T08:44:44","modified_gmt":"2025-10-29T08:44:44","slug":"4-ho-met-spray-7","status":"publish","type":"product","link":"https:\/\/researchchemicalhub.com\/de_at\/shop\/4-ho-met\/4-ho-met-spray-7\/","title":{"rendered":"Chem-mist 4-HO-MET Spray 7%"},"content":{"rendered":"<h3 data-start=\"3979\" data-end=\"4000\"><strong data-start=\"3983\" data-end=\"3998\"><span dir=\"auto\" style=\"vertical-align: inherit;\"><span dir=\"auto\" style=\"vertical-align: inherit;\">Einf\u00fchrung<\/span><\/span><\/strong><\/h3>\n<p data-start=\"4001\" data-end=\"4480\"><strong data-start=\"4001\" data-end=\"4032\"><span dir=\"auto\" style=\"vertical-align: inherit;\"><span dir=\"auto\" style=\"vertical-align: inherit;\">Chem-Mist 4-HO-MET Spray 7%<\/span><\/span><\/strong><span dir=\"auto\" style=\"vertical-align: inherit;\"><span dir=\"auto\" style=\"vertical-align: inherit;\"> ist ein <\/span><\/span><strong data-start=\"4040\" data-end=\"4088\"><span dir=\"auto\" style=\"vertical-align: inherit;\"><span dir=\"auto\" style=\"vertical-align: inherit;\">pr\u00e4zise formulierte Forschungsl\u00f6sung<\/span><\/span><\/strong><span dir=\"auto\" style=\"vertical-align: inherit;\"><span dir=\"auto\" style=\"vertical-align: inherit;\"> enthalten <\/span><\/span><strong data-start=\"4093\" data-end=\"4147\"><span dir=\"auto\" style=\"vertical-align: inherit;\"><span dir=\"auto\" style=\"vertical-align: inherit;\">7% 4-HO-MET (4-Hydroxy-N-methyl-N-ethyltryptamin)<\/span><\/span><\/strong><span dir=\"auto\" style=\"vertical-align: inherit;\"><span dir=\"auto\" style=\"vertical-align: inherit;\"> in einem <\/span><\/span><strong data-start=\"4155\" data-end=\"4189\"><span dir=\"auto\" style=\"vertical-align: inherit;\"><span dir=\"auto\" style=\"vertical-align: inherit;\">hochreine Ethanol-Wasser-Basis<\/span><\/span><\/strong><span dir=\"auto\" style=\"vertical-align: inherit;\"><span dir=\"auto\" style=\"vertical-align: inherit;\"> . 4 ho met <\/span><\/span><br data-start=\"4190\" data-end=\"4193\" \/><span dir=\"auto\" style=\"vertical-align: inherit;\"><span dir=\"auto\" style=\"vertical-align: inherit;\">Es geh\u00f6rt zu <\/span><\/span><strong data-start=\"4212\" data-end=\"4232\"><span dir=\"auto\" style=\"vertical-align: inherit;\"><span dir=\"auto\" style=\"vertical-align: inherit;\">Tryptaminklasse<\/span><\/span><\/strong><span dir=\"auto\" style=\"vertical-align: inherit;\"><span dir=\"auto\" style=\"vertical-align: inherit;\"> und ist strukturell verwandt mit <\/span><\/span><strong data-start=\"4263\" data-end=\"4287\"><span dir=\"auto\" style=\"vertical-align: inherit;\"><span dir=\"auto\" style=\"vertical-align: inherit;\">Psilocin (4-HO-DMT)<\/span><\/span><\/strong><span dir=\"auto\" style=\"vertical-align: inherit;\"><span dir=\"auto\" style=\"vertical-align: inherit;\"> Und <\/span><\/span><strong data-start=\"4291\" data-end=\"4304\"><span dir=\"auto\" style=\"vertical-align: inherit;\"><span dir=\"auto\" style=\"vertical-align: inherit;\">4-AcO-MET<\/span><\/span><\/strong><span dir=\"auto\" style=\"vertical-align: inherit;\"><span dir=\"auto\" style=\"vertical-align: inherit;\"> Es wird verwendet in <\/span><\/span><strong data-start=\"4328\" data-end=\"4369\"><span dir=\"auto\" style=\"vertical-align: inherit;\"><span dir=\"auto\" style=\"vertical-align: inherit;\">analytische und neurochemische Studien<\/span><\/span><\/strong><span dir=\"auto\" style=\"vertical-align: inherit;\"><span dir=\"auto\" style=\"vertical-align: inherit;\"> oder <\/span><\/span><strong data-start=\"4375\" data-end=\"4394\"><span dir=\"auto\" style=\"vertical-align: inherit;\"><span dir=\"auto\" style=\"vertical-align: inherit;\">Rezeptorbindung<\/span><\/span><\/strong><span dir=\"auto\" style=\"vertical-align: inherit;\"><span dir=\"auto\" style=\"vertical-align: inherit;\"> , <\/span><\/span><strong data-start=\"4396\" data-end=\"4431\"><span dir=\"auto\" style=\"vertical-align: inherit;\"><span dir=\"auto\" style=\"vertical-align: inherit;\">chromatographische Eigenschaften<\/span><\/span><\/strong><span dir=\"auto\" style=\"vertical-align: inherit;\"><span dir=\"auto\" style=\"vertical-align: inherit;\"> , Und <\/span><\/span><strong data-start=\"4435\" data-end=\"4477\"><span dir=\"auto\" style=\"vertical-align: inherit;\"><span dir=\"auto\" style=\"vertical-align: inherit;\">Struktur-Wirkungs-Beziehungen (SAR)<\/span><\/span><\/strong><span dir=\"auto\" style=\"vertical-align: inherit;\"><span dir=\"auto\" style=\"vertical-align: inherit;\"> .<\/span><\/span><\/p>\n<p data-start=\"4482\" data-end=\"4647\"><span dir=\"auto\" style=\"vertical-align: inherit;\"><span dir=\"auto\" style=\"vertical-align: inherit;\">Der <\/span><\/span><strong data-start=\"4486\" data-end=\"4513\"><span dir=\"auto\" style=\"vertical-align: inherit;\"><span dir=\"auto\" style=\"vertical-align: inherit;\">Chem-Mist-Spr\u00fchsystem<\/span><\/span><\/strong><span dir=\"auto\" style=\"vertical-align: inherit;\"><span dir=\"auto\" style=\"vertical-align: inherit;\"> erm\u00f6glicht <\/span><\/span><strong data-start=\"4520\" data-end=\"4569\"><span dir=\"auto\" style=\"vertical-align: inherit;\"><span dir=\"auto\" style=\"vertical-align: inherit;\">pr\u00e4zise und reproduzierbare Mikroapplikationen<\/span><\/span><\/strong><span dir=\"auto\" style=\"vertical-align: inherit;\"><span dir=\"auto\" style=\"vertical-align: inherit;\"> f\u00fcr Laborforschung, mit kontrollierter Dosierung pro Spr\u00fchsto\u00df.<\/span><\/span><\/p>\n<blockquote data-start=\"4649\" data-end=\"4808\">\n<p data-start=\"4651\" data-end=\"4808\">\u26a0\ufe0f <strong data-start=\"4654\" data-end=\"4665\"><span dir=\"auto\" style=\"vertical-align: inherit;\"><span dir=\"auto\" style=\"vertical-align: inherit;\">Vorsicht:<\/span><\/span><\/strong><span dir=\"auto\" style=\"vertical-align: inherit;\"><span dir=\"auto\" style=\"vertical-align: inherit;\"> Chem-Mist 4-HO-MET Spray ist bestimmt f\u00fcr <\/span><\/span><strong data-start=\"4719\" data-end=\"4754\"><span dir=\"auto\" style=\"vertical-align: inherit;\"><span dir=\"auto\" style=\"vertical-align: inherit;\">Forschungs- und Analysenutzung<\/span><\/span><\/strong><span dir=\"auto\" style=\"vertical-align: inherit;\"><span dir=\"auto\" style=\"vertical-align: inherit;\"> nur - <\/span><\/span><strong data-start=\"4757\" data-end=\"4806\"><span dir=\"auto\" style=\"vertical-align: inherit;\"><span dir=\"auto\" style=\"vertical-align: inherit;\">Nicht zum Verzehr durch Mensch oder Tier geeignet.<\/span><\/span><\/strong><\/p>\n<\/blockquote>\n<hr data-start=\"4810\" data-end=\"4813\" \/>\n<h3 data-start=\"4815\" data-end=\"4846\"><strong data-start=\"4819\" data-end=\"4846\"><span dir=\"auto\" style=\"vertical-align: inherit;\"><span dir=\"auto\" style=\"vertical-align: inherit;\">Hauptmerkmale<\/span><\/span><\/strong><\/h3>\n<div class=\"_tableContainer_1rjym_1\">\n<div class=\"group _tableWrapper_1rjym_13 flex w-fit flex-col-reverse\" tabindex=\"-1\">\n<table class=\"w-fit min-w-(--thread-content-width)\" data-start=\"4848\" data-end=\"5462\">\n<thead data-start=\"4848\" data-end=\"4874\">\n<tr data-start=\"4848\" data-end=\"4874\">\n<th data-start=\"4848\" data-end=\"4858\" data-col-size=\"sm\"><span dir=\"auto\" style=\"vertical-align: inherit;\"><span dir=\"auto\" style=\"vertical-align: inherit;\">Besonderheit<\/span><\/span><\/th>\n<th data-start=\"4858\" data-end=\"4874\" data-col-size=\"md\"><span dir=\"auto\" style=\"vertical-align: inherit;\"><span dir=\"auto\" style=\"vertical-align: inherit;\">Beschreibung<\/span><\/span><\/th>\n<\/tr>\n<\/thead>\n<tbody data-start=\"4903\" data-end=\"5462\">\n<tr data-start=\"4903\" data-end=\"4978\">\n<td data-start=\"4903\" data-end=\"4924\" data-col-size=\"sm\"><strong data-start=\"4905\" data-end=\"4923\"><span dir=\"auto\" style=\"vertical-align: inherit;\"><span dir=\"auto\" style=\"vertical-align: inherit;\">Chemischer Name<\/span><\/span><\/strong><\/td>\n<td data-start=\"4924\" data-end=\"4978\" data-col-size=\"md\"><span dir=\"auto\" style=\"vertical-align: inherit;\"><span dir=\"auto\" style=\"vertical-align: inherit;\">4-Hydroxy-N-methyl-N-ethyltryptaminhydrochlorid<\/span><\/span><\/td>\n<\/tr>\n<tr data-start=\"4979\" data-end=\"5026\">\n<td data-start=\"4979\" data-end=\"5004\" data-col-size=\"sm\"><strong data-start=\"4981\" data-end=\"5003\"><span dir=\"auto\" style=\"vertical-align: inherit;\"><span dir=\"auto\" style=\"vertical-align: inherit;\">Allgemeiner Name<\/span><\/span><\/strong><\/td>\n<td data-start=\"5004\" data-end=\"5026\" data-col-size=\"md\"><span dir=\"auto\" style=\"vertical-align: inherit;\"><span dir=\"auto\" style=\"vertical-align: inherit;\">4-HO-MET \/ Metocin<\/span><\/span><\/td>\n<\/tr>\n<tr data-start=\"5027\" data-end=\"5065\">\n<td data-start=\"5027\" data-end=\"5046\" data-col-size=\"sm\"><strong data-start=\"5029\" data-end=\"5045\"><span dir=\"auto\" style=\"vertical-align: inherit;\"><span dir=\"auto\" style=\"vertical-align: inherit;\">Konzentration<\/span><\/span><\/strong><\/td>\n<td data-start=\"5046\" data-end=\"5065\" data-col-size=\"md\"><span dir=\"auto\" style=\"vertical-align: inherit;\"><span dir=\"auto\" style=\"vertical-align: inherit;\">7% Wirkstoff<\/span><\/span><\/td>\n<\/tr>\n<tr data-start=\"5066\" data-end=\"5105\">\n<td data-start=\"5066\" data-end=\"5077\" data-col-size=\"sm\"><strong data-start=\"5068\" data-end=\"5076\"><span dir=\"auto\" style=\"vertical-align: inherit;\"><span dir=\"auto\" style=\"vertical-align: inherit;\">Bilden<\/span><\/span><\/strong><\/td>\n<td data-start=\"5077\" data-end=\"5105\" data-col-size=\"md\"><span dir=\"auto\" style=\"vertical-align: inherit;\"><span dir=\"auto\" style=\"vertical-align: inherit;\">Fl\u00fcssige Spr\u00fchl\u00f6sung<\/span><\/span><\/td>\n<\/tr>\n<tr data-start=\"5106\" data-end=\"5174\">\n<td data-start=\"5106\" data-end=\"5129\" data-col-size=\"sm\"><strong data-start=\"5108\" data-end=\"5128\"><span dir=\"auto\" style=\"vertical-align: inherit;\"><span dir=\"auto\" style=\"vertical-align: inherit;\">L\u00f6sungsmittelbasiert<\/span><\/span><\/strong><\/td>\n<td data-start=\"5129\" data-end=\"5174\" data-col-size=\"md\"><span dir=\"auto\" style=\"vertical-align: inherit;\"><span dir=\"auto\" style=\"vertical-align: inherit;\">Hochreines Ethanol + destilliertes Wasser<\/span><\/span><\/td>\n<\/tr>\n<tr data-start=\"5175\" data-end=\"5226\">\n<td data-start=\"5175\" data-end=\"5192\" data-col-size=\"sm\"><strong data-start=\"5177\" data-end=\"5191\"><span dir=\"auto\" style=\"vertical-align: inherit;\"><span dir=\"auto\" style=\"vertical-align: inherit;\">Reinheit<\/span><\/span><\/strong><\/td>\n<td data-start=\"5192\" data-end=\"5226\" data-col-size=\"md\"><span dir=\"auto\" style=\"vertical-align: inherit;\"><span dir=\"auto\" style=\"vertical-align: inherit;\">\u2265 98% (gepr\u00fcft mittels HPLC und NMR)<\/span><\/span><\/td>\n<\/tr>\n<tr data-start=\"5227\" data-end=\"5273\">\n<td data-start=\"5227\" data-end=\"5250\" data-col-size=\"sm\"><strong data-start=\"5229\" data-end=\"5249\"><span dir=\"auto\" style=\"vertical-align: inherit;\"><span dir=\"auto\" style=\"vertical-align: inherit;\">Chemische Klasse<\/span><\/span><\/strong><\/td>\n<td data-start=\"5250\" data-end=\"5273\" data-col-size=\"md\"><span dir=\"auto\" style=\"vertical-align: inherit;\"><span dir=\"auto\" style=\"vertical-align: inherit;\">Tryptaminderivat<\/span><\/span><\/td>\n<\/tr>\n<tr data-start=\"5274\" data-end=\"5327\">\n<td data-start=\"5274\" data-end=\"5299\" data-col-size=\"sm\"><strong data-start=\"5276\" data-end=\"5298\"><span dir=\"auto\" style=\"vertical-align: inherit;\"><span dir=\"auto\" style=\"vertical-align: inherit;\">Art der Verabreichung<\/span><\/span><\/strong><\/td>\n<td data-start=\"5299\" data-end=\"5327\" data-col-size=\"md\"><span dir=\"auto\" style=\"vertical-align: inherit;\"><span dir=\"auto\" style=\"vertical-align: inherit;\">Pr\u00e4zisions-Spr\u00fchapplikator<\/span><\/span><\/td>\n<\/tr>\n<tr data-start=\"5328\" data-end=\"5407\">\n<td data-start=\"5328\" data-end=\"5342\" data-col-size=\"sm\"><strong data-start=\"5330\" data-end=\"5341\"><span dir=\"auto\" style=\"vertical-align: inherit;\"><span dir=\"auto\" style=\"vertical-align: inherit;\">Verwendung<\/span><\/span><\/strong><\/td>\n<td data-start=\"5342\" data-end=\"5407\" data-col-size=\"md\"><span dir=\"auto\" style=\"vertical-align: inherit;\"><span dir=\"auto\" style=\"vertical-align: inherit;\">Nur f\u00fcr analytische, forensische und neurochemische Forschungszwecke<\/span><\/span><\/td>\n<\/tr>\n<tr data-start=\"5408\" data-end=\"5462\">\n<td data-start=\"5408\" data-end=\"5425\" data-col-size=\"sm\"><strong data-start=\"5410\" data-end=\"5424\"><span dir=\"auto\" style=\"vertical-align: inherit;\"><span dir=\"auto\" style=\"vertical-align: inherit;\">Verpackung<\/span><\/span><\/strong><\/td>\n<td data-start=\"5425\" data-end=\"5462\" data-col-size=\"md\"><span dir=\"auto\" style=\"vertical-align: inherit;\"><span dir=\"auto\" style=\"vertical-align: inherit;\">10-ml-Spr\u00fchflasche mit versiegeltem Verschluss<\/span><\/span><\/td>\n<\/tr>\n<\/tbody>\n<\/table>\n<\/div>\n<\/div>\n<hr data-start=\"5464\" data-end=\"5467\" \/>\n<h3 data-start=\"5469\" data-end=\"5486\"><strong data-start=\"5473\" data-end=\"5486\"><span dir=\"auto\" style=\"vertical-align: inherit;\"><span dir=\"auto\" style=\"vertical-align: inherit;\">Vorteile<\/span><\/span><\/strong><\/h3>\n<ul data-start=\"5488\" data-end=\"5857\">\n<li data-start=\"5488\" data-end=\"5570\">\n<p data-start=\"5490\" data-end=\"5570\"><strong data-start=\"5490\" data-end=\"5516\"><span dir=\"auto\" style=\"vertical-align: inherit;\"><span dir=\"auto\" style=\"vertical-align: inherit;\">Pr\u00e4zise 7%-Formel<\/span><\/span><\/strong><span dir=\"auto\" style=\"vertical-align: inherit;\"><span dir=\"auto\" style=\"vertical-align: inherit;\"> \u2013 Gew\u00e4hrleistet eine gleichbleibende und zuverl\u00e4ssige Konzentration.<\/span><\/span><\/p>\n<\/li>\n<li data-start=\"5571\" data-end=\"5639\">\n<p data-start=\"5573\" data-end=\"5639\"><strong data-start=\"5573\" data-end=\"5590\"><span dir=\"auto\" style=\"vertical-align: inherit;\"><span dir=\"auto\" style=\"vertical-align: inherit;\">Sofort einsatzbereit<\/span><\/span><\/strong><span dir=\"auto\" style=\"vertical-align: inherit;\"><span dir=\"auto\" style=\"vertical-align: inherit;\"> \u2013 Direkt anwendbar f\u00fcr analytische Forschung.<\/span><\/span><\/p>\n<\/li>\n<li data-start=\"5640\" data-end=\"5722\">\n<p data-start=\"5642\" data-end=\"5722\"><strong data-start=\"5642\" data-end=\"5661\"><span dir=\"auto\" style=\"vertical-align: inherit;\"><span dir=\"auto\" style=\"vertical-align: inherit;\">Hohe Reinheit<\/span><\/span><\/strong><span dir=\"auto\" style=\"vertical-align: inherit;\"><span dir=\"auto\" style=\"vertical-align: inherit;\"> \u2013 \u2265 98% Laborqualit\u00e4t f\u00fcr konsistente Ergebnisse.<\/span><\/span><\/p>\n<\/li>\n<li data-start=\"5723\" data-end=\"5789\">\n<p data-start=\"5725\" data-end=\"5789\"><strong data-start=\"5725\" data-end=\"5749\"><span dir=\"auto\" style=\"vertical-align: inherit;\"><span dir=\"auto\" style=\"vertical-align: inherit;\">Pr\u00e4zisions-Spr\u00fchdesign<\/span><\/span><\/strong><span dir=\"auto\" style=\"vertical-align: inherit;\"><span dir=\"auto\" style=\"vertical-align: inherit;\"> \u2013 Reproduzierbare Dosierung pro Spr\u00fchsto\u00df.<\/span><\/span><\/p>\n<\/li>\n<li data-start=\"5790\" data-end=\"5857\">\n<p data-start=\"5792\" data-end=\"5857\"><strong data-start=\"5792\" data-end=\"5816\"><span dir=\"auto\" style=\"vertical-align: inherit;\"><span dir=\"auto\" style=\"vertical-align: inherit;\">Stabile Formulierung<\/span><\/span><\/strong><span dir=\"auto\" style=\"vertical-align: inherit;\"><span dir=\"auto\" style=\"vertical-align: inherit;\"> \u2013 Erh\u00e4lt die Qualit\u00e4t bei sachgem\u00e4\u00dfer Lagerung. 4 Stunden mit<\/span><\/span><\/p>\n<\/li>\n<\/ul>\n<hr data-start=\"5859\" data-end=\"5862\" \/>\n<h3 data-start=\"5864\" data-end=\"5916\"><strong data-start=\"5868\" data-end=\"5914\"><span dir=\"auto\" style=\"vertical-align: inherit;\"><span dir=\"auto\" style=\"vertical-align: inherit;\">Nutzung (Nur f\u00fcr Forschungszwecke)<\/span><\/span><\/strong><\/h3>\n<ol data-start=\"5918\" data-end=\"6313\">\n<li data-start=\"5918\" data-end=\"5987\">\n<p data-start=\"5921\" data-end=\"5987\"><strong data-start=\"5921\" data-end=\"5936\"><span dir=\"auto\" style=\"vertical-align: inherit;\"><span dir=\"auto\" style=\"vertical-align: inherit;\">Handhabung:<\/span><\/span><\/strong><span dir=\"auto\" style=\"vertical-align: inherit;\"><span dir=\"auto\" style=\"vertical-align: inherit;\"> Tragen Sie Handschuhe, Schutzbrille und Laborkittel.<\/span><\/span><\/p>\n<\/li>\n<li data-start=\"5988\" data-end=\"6062\">\n<p data-start=\"5991\" data-end=\"6062\"><strong data-start=\"5991\" data-end=\"6006\"><span dir=\"auto\" style=\"vertical-align: inherit;\"><span dir=\"auto\" style=\"vertical-align: inherit;\">Kalibrierung:<\/span><\/span><\/strong><span dir=\"auto\" style=\"vertical-align: inherit;\"><span dir=\"auto\" style=\"vertical-align: inherit;\"> Ein Spr\u00fchsto\u00df liefert eine exakte, wiederholbare Menge.<\/span><\/span><\/p>\n<\/li>\n<li data-start=\"6063\" data-end=\"6156\">\n<p data-start=\"6066\" data-end=\"6156\"><strong data-start=\"6066\" data-end=\"6081\"><span dir=\"auto\" style=\"vertical-align: inherit;\"><span dir=\"auto\" style=\"vertical-align: inherit;\">Anwendung:<\/span><\/span><\/strong><span dir=\"auto\" style=\"vertical-align: inherit;\"><span dir=\"auto\" style=\"vertical-align: inherit;\"> Auf die analytische Oberfl\u00e4che oder das Testr\u00f6hrchen f\u00fcr die chromatographische Anwendung spr\u00fchen.<\/span><\/span><\/p>\n<\/li>\n<li data-start=\"6157\" data-end=\"6233\">\n<p data-start=\"6160\" data-end=\"6233\"><strong data-start=\"6160\" data-end=\"6171\"><span dir=\"auto\" style=\"vertical-align: inherit;\"><span dir=\"auto\" style=\"vertical-align: inherit;\">Lagerung:<\/span><\/span><\/strong><span dir=\"auto\" style=\"vertical-align: inherit;\"><span dir=\"auto\" style=\"vertical-align: inherit;\"> Aufrecht lagern an einem k\u00fchlen (2\u20138 \u00b0C), trockenen und dunklen Ort.<\/span><\/span><\/p>\n<\/li>\n<li data-start=\"6234\" data-end=\"6313\">\n<p data-start=\"6237\" data-end=\"6313\"><strong data-start=\"6237\" data-end=\"6254\"><span dir=\"auto\" style=\"vertical-align: inherit;\"><span dir=\"auto\" style=\"vertical-align: inherit;\">Dokumentation:<\/span><\/span><\/strong><span dir=\"auto\" style=\"vertical-align: inherit;\"><span dir=\"auto\" style=\"vertical-align: inherit;\"> Chargennummer, Spr\u00fchmenge und Analysemethoden dokumentieren. <\/span><\/span><a href=\"https:\/\/researchchemicalhub.com\/de_at\/shop\/okategoriserad\/4mmc-kopen\/\"><span dir=\"auto\" style=\"vertical-align: inherit;\"><span dir=\"auto\" style=\"vertical-align: inherit;\">4mmc kaufen<\/span><\/span><\/a><\/p>\n<\/li>\n<\/ol>\n<hr data-start=\"6315\" data-end=\"6318\" \/>\n<h3 data-start=\"6320\" data-end=\"6355\"><strong data-start=\"6324\" data-end=\"6353\"><span dir=\"auto\" style=\"vertical-align: inherit;\"><span dir=\"auto\" style=\"vertical-align: inherit;\">H\u00e4ufig gestellte Fragen (FAQ)<\/span><\/span><\/strong><\/h3>\n<p data-start=\"6357\" data-end=\"6514\"><strong data-start=\"6357\" data-end=\"6399\"><span dir=\"auto\" style=\"vertical-align: inherit;\"><span dir=\"auto\" style=\"vertical-align: inherit;\">1. Was ist Chem-Mist 4-HO-MET Spray 7%?<\/span><\/span><\/strong><br data-start=\"6399\" data-end=\"6402\" \/><span dir=\"auto\" style=\"vertical-align: inherit;\"><span dir=\"auto\" style=\"vertical-align: inherit;\"> A <\/span><\/span><strong data-start=\"6406\" data-end=\"6445\"><span dir=\"auto\" style=\"vertical-align: inherit;\"><span dir=\"auto\" style=\"vertical-align: inherit;\">7% Forschungsl\u00f6sung von 4-HO-MET<\/span><\/span><\/strong><span dir=\"auto\" style=\"vertical-align: inherit;\"><span dir=\"auto\" style=\"vertical-align: inherit;\"> als Fl\u00fcssigkeitsspray f\u00fcr analytische und neurochemische Forschung.<\/span><\/span><\/p>\n<p data-start=\"6516\" data-end=\"6645\"><strong data-start=\"6516\" data-end=\"6564\"><span dir=\"auto\" style=\"vertical-align: inherit;\"><span dir=\"auto\" style=\"vertical-align: inherit;\">2. Wie hoch ist die Reinheit des Wirkstoffs?<\/span><\/span><\/strong><br data-start=\"6564\" data-end=\"6567\" \/><span dir=\"auto\" style=\"vertical-align: inherit;\"><span dir=\"auto\" style=\"vertical-align: inherit;\"> Der Wirkstoff hat eine <\/span><\/span><strong data-start=\"6594\" data-end=\"6618\"><span dir=\"auto\" style=\"vertical-align: inherit;\"><span dir=\"auto\" style=\"vertical-align: inherit;\">Reinheit von \u2265 98%<\/span><\/span><\/strong><span dir=\"auto\" style=\"vertical-align: inherit;\"><span dir=\"auto\" style=\"vertical-align: inherit;\"> , wie durch HPLC und NMR getestet.<\/span><\/span><\/p>\n<p data-start=\"6647\" data-end=\"6762\"><strong data-start=\"6647\" data-end=\"6688\"><span dir=\"auto\" style=\"vertical-align: inherit;\"><span dir=\"auto\" style=\"vertical-align: inherit;\">3. Wie sollte Chem-Mist gelagert werden?<\/span><\/span><\/strong><br data-start=\"6688\" data-end=\"6691\" \/><span dir=\"auto\" style=\"vertical-align: inherit;\"><span dir=\"auto\" style=\"vertical-align: inherit;\"> Speichern <\/span><\/span><strong data-start=\"6698\" data-end=\"6731\"><span dir=\"auto\" style=\"vertical-align: inherit;\"><span dir=\"auto\" style=\"vertical-align: inherit;\">an einem k\u00fchlen (2\u20138 \u00b0C), trockenen und dunklen Ort<\/span><\/span><\/strong><span dir=\"auto\" style=\"vertical-align: inherit;\"><span dir=\"auto\" style=\"vertical-align: inherit;\"> aufrecht und fest geschlossen.<\/span><\/span><\/p>\n<ul>\n<li><\/li>\n<\/ul>","protected":false},"excerpt":{"rendered":"<h2><strong><span dir=\"auto\" style=\"vertical-align: inherit;\"><span dir=\"auto\" style=\"vertical-align: inherit;\"><span dir=\"auto\" style=\"vertical-align: inherit;\"><span dir=\"auto\" style=\"vertical-align: inherit;\">Chem-mist 4-HO-MET 10 MG Spray \u201eFl\u00fcssige Pilze\u201c<\/span><\/span><\/span><\/span><\/strong><\/h2>\n<p><span dir=\"auto\" style=\"vertical-align: inherit;\"><span dir=\"auto\" style=\"vertical-align: inherit;\"><span dir=\"auto\" style=\"vertical-align: inherit;\"><span dir=\"auto\" style=\"vertical-align: inherit;\">Die neueste und einfachste Art, 4-HO-MET zu dosieren! Diese praktische Pumpe ist robust, langlebig und passt problemlos in Ihre Tasche.<\/span><\/span><\/span><\/span><\/p>","protected":false},"featured_media":28499,"comment_status":"closed","ping_status":"closed","template":"","meta":[],"product_brand":[82],"product_cat":[382,556,471,396,381],"product_tag":[857,658],"class_list":{"0":"post-24338","1":"product","2":"type-product","3":"status-publish","4":"has-post-thumbnail","6":"product_brand-research-chemical","7":"product_cat-4-ho-met","8":"product_cat-4-ho-met-sprays","9":"product_cat-chem-mist-sprays","10":"product_cat-liquid-rcs","11":"product_cat-tryptamines","12":"product_tag-4-ho-met-psychonaut","13":"product_tag-4-ho-met","15":"first","16":"instock","17":"taxable","18":"shipping-taxable","19":"purchasable","20":"product-type-variable"},"_links":{"self":[{"href":"https:\/\/researchchemicalhub.com\/de_at\/wp-json\/wp\/v2\/product\/24338","targetHints":{"allow":["GET"]}}],"collection":[{"href":"https:\/\/researchchemicalhub.com\/de_at\/wp-json\/wp\/v2\/product"}],"about":[{"href":"https:\/\/researchchemicalhub.com\/de_at\/wp-json\/wp\/v2\/types\/product"}],"replies":[{"embeddable":true,"href":"https:\/\/researchchemicalhub.com\/de_at\/wp-json\/wp\/v2\/comments?post=24338"}],"version-history":[{"count":8,"href":"https:\/\/researchchemicalhub.com\/de_at\/wp-json\/wp\/v2\/product\/24338\/revisions"}],"predecessor-version":[{"id":28688,"href":"https:\/\/researchchemicalhub.com\/de_at\/wp-json\/wp\/v2\/product\/24338\/revisions\/28688"}],"wp:featuredmedia":[{"embeddable":true,"href":"https:\/\/researchchemicalhub.com\/de_at\/wp-json\/wp\/v2\/media\/28499"}],"wp:attachment":[{"href":"https:\/\/researchchemicalhub.com\/de_at\/wp-json\/wp\/v2\/media?parent=24338"}],"wp:term":[{"taxonomy":"product_brand","embeddable":true,"href":"https:\/\/researchchemicalhub.com\/de_at\/wp-json\/wp\/v2\/product_brand?post=24338"},{"taxonomy":"product_cat","embeddable":true,"href":"https:\/\/researchchemicalhub.com\/de_at\/wp-json\/wp\/v2\/product_cat?post=24338"},{"taxonomy":"product_tag","embeddable":true,"href":"https:\/\/researchchemicalhub.com\/de_at\/wp-json\/wp\/v2\/product_tag?post=24338"}],"curies":[{"name":"wp","href":"https:\/\/api.w.org\/{rel}","templated":true}]}}