{"id":24303,"date":"2025-04-13T17:41:26","date_gmt":"2025-04-13T17:41:26","guid":{"rendered":"https:\/\/researchchemicalhub.com\/?post_type=product&#038;p=24303"},"modified":"2025-10-12T19:01:28","modified_gmt":"2025-10-12T19:01:28","slug":"2f-dck-kaufen","status":"publish","type":"product","link":"https:\/\/researchchemicalhub.com\/de_at\/geschaft\/2f-dck-kaufen\/2f-dck-kaufen\/","title":{"rendered":"2F-DCK 100 MG Pellets"},"content":{"rendered":"<h3 data-start=\"4089\" data-end=\"4110\"><strong data-start=\"4093\" data-end=\"4108\">Einf\u00fchrung<\/strong><\/h3>\n<p data-start=\"4111\" data-end=\"4533\"><strong data-start=\"4111\" data-end=\"4135\">2F-DCK 100 mg Pellets<\/strong> enthalten <strong data-start=\"4145\" data-end=\"4202\">100 Milligramm 2-Fluorodeschloroketaminhydrochlorid<\/strong>, Ein <strong data-start=\"4208\" data-end=\"4255\">dissoziative Arylcyclohexylaminverbindung<\/strong> Und <strong data-start=\"4259\" data-end=\"4304\">Fluoranalogon von Deschloroketamin (DCK)<\/strong>. 2f \u200b\u200b\u200b\u200bdck kaufen<br data-start=\"4305\" data-end=\"4308\" \/>Es geh\u00f6rt zu den <strong data-start=\"4327\" data-end=\"4353\">Ketamin-Analogon-Klasse<\/strong> und wird verwendet in <strong data-start=\"4375\" data-end=\"4413\">forensische und analytische Forschung<\/strong> Unangenehm <strong data-start=\"4419\" data-end=\"4447\">NMDA-Rezeptor-Interaktionen<\/strong>, <strong data-start=\"4449\" data-end=\"4491\">Struktur-Wirkungs-Beziehungen (SAR)<\/strong> Und <strong data-start=\"4495\" data-end=\"4530\">chromatographische Eigenschaften<\/strong>.<\/p>\n<p data-start=\"4535\" data-end=\"4775\">Jedes Pellet ist <strong data-start=\"4550\" data-end=\"4614\">hergestellt unter kontrollierten Laborbedingungen<\/strong> und getestet auf einem <strong data-start=\"4632\" data-end=\"4656\">Reinheit von \u2265 98%<\/strong> \u00fcber <strong data-start=\"4661\" data-end=\"4676\">HPLC und NMR<\/strong>.<br data-start=\"4677\" data-end=\"4680\" \/>Der <strong data-start=\"4683\" data-end=\"4705\">Dosierung von 100 mg<\/strong> macht es geeignet f\u00fcr <strong data-start=\"4730\" data-end=\"4772\">Quantitative analytische Anwendungen<\/strong>. 2f \u200b\u200b\u200b\u200bdck kaufen<\/p>\n<blockquote data-start=\"4777\" data-end=\"4918\">\n<p data-start=\"4779\" data-end=\"4918\">\u26a0\ufe0f <strong data-start=\"4782\" data-end=\"4793\">Hinweis:<\/strong> 2F-DCK ist ausschlie\u00dflich bestimmt f\u00fcr <strong data-start=\"4829\" data-end=\"4864\">Forschung und analytische Nutzung<\/strong> \u2014 <strong data-start=\"4867\" data-end=\"4916\">nicht f\u00fcr den menschlichen oder tierischen Verzehr bestimmt.<\/strong><\/p>\n<\/blockquote>\n<hr data-start=\"4920\" data-end=\"4923\" \/>\n<h3 data-start=\"4925\" data-end=\"4956\"><strong data-start=\"4929\" data-end=\"4956\">Hauptmerkmale<\/strong><\/h3>\n<div class=\"_tableContainer_1rjym_1\">\n<div class=\"group _tableWrapper_1rjym_13 flex w-fit flex-col-reverse\" tabindex=\"-1\">\n<table class=\"w-fit min-w-(--thread-content-width)\" data-start=\"4958\" data-end=\"5594\">\n<thead data-start=\"4958\" data-end=\"4984\">\n<tr data-start=\"4958\" data-end=\"4984\">\n<th data-start=\"4958\" data-end=\"4968\" data-col-size=\"sm\">Besonderheit<\/th>\n<th data-start=\"4968\" data-end=\"4984\" data-col-size=\"md\">Beschreibung<\/th>\n<\/tr>\n<\/thead>\n<tbody data-start=\"5013\" data-end=\"5594\">\n<tr data-start=\"5013\" data-end=\"5077\">\n<td data-start=\"5013\" data-end=\"5034\" data-col-size=\"sm\"><strong data-start=\"5015\" data-end=\"5033\">Chemischer Name<\/strong><\/td>\n<td data-start=\"5034\" data-end=\"5077\" data-col-size=\"md\">2-Fluorodeschloroketaminhydrochlorid<\/td>\n<\/tr>\n<tr data-start=\"5078\" data-end=\"5113\">\n<td data-start=\"5078\" data-end=\"5103\" data-col-size=\"sm\"><strong data-start=\"5080\" data-end=\"5102\">Allgemeiner Name<\/strong><\/td>\n<td data-start=\"5103\" data-end=\"5113\" data-col-size=\"md\">2F-DCK<\/td>\n<\/tr>\n<tr data-start=\"5114\" data-end=\"5155\">\n<td data-start=\"5114\" data-end=\"5138\" data-col-size=\"sm\"><strong data-start=\"5116\" data-end=\"5137\">Chemische Formel<\/strong><\/td>\n<td data-start=\"5138\" data-end=\"5155\" data-col-size=\"md\">C\u2081\u2083H\u2081\u2086FNO\u00b7HCl<\/td>\n<\/tr>\n<tr data-start=\"5156\" data-end=\"5194\">\n<td data-start=\"5156\" data-end=\"5178\" data-col-size=\"sm\"><strong data-start=\"5158\" data-end=\"5177\">Molekulargewicht<\/strong><\/td>\n<td data-start=\"5178\" data-end=\"5194\" data-col-size=\"md\">257,73 g\/mol<\/td>\n<\/tr>\n<tr data-start=\"5195\" data-end=\"5230\">\n<td data-start=\"5195\" data-end=\"5210\" data-col-size=\"sm\"><strong data-start=\"5197\" data-end=\"5209\">Dosierung<\/strong><\/td>\n<td data-start=\"5210\" data-end=\"5230\" data-col-size=\"md\">100 mg pro Pellet<\/td>\n<\/tr>\n<tr data-start=\"5231\" data-end=\"5278\">\n<td data-start=\"5231\" data-end=\"5242\" data-col-size=\"sm\"><strong data-start=\"5233\" data-end=\"5241\">Bilden<\/strong><\/td>\n<td data-start=\"5242\" data-end=\"5278\" data-col-size=\"md\">Festes Pellet (Blisterpackung)<\/td>\n<\/tr>\n<tr data-start=\"5279\" data-end=\"5330\">\n<td data-start=\"5279\" data-end=\"5296\" data-col-size=\"sm\"><strong data-start=\"5281\" data-end=\"5295\">Reinheit<\/strong><\/td>\n<td data-start=\"5296\" data-end=\"5330\" data-col-size=\"md\">\u2265 98% (getestet mittels HPLC und NMR)<\/td>\n<\/tr>\n<tr data-start=\"5331\" data-end=\"5404\">\n<td data-start=\"5331\" data-end=\"5354\" data-col-size=\"sm\"><strong data-start=\"5333\" data-end=\"5353\">Chemische Klasse<\/strong><\/td>\n<td data-start=\"5354\" data-end=\"5404\" data-col-size=\"md\">Arylcyclohexylamin \/ Dissoziative Verbindung<\/td>\n<\/tr>\n<tr data-start=\"5405\" data-end=\"5484\">\n<td data-start=\"5405\" data-end=\"5419\" data-col-size=\"sm\"><strong data-start=\"5407\" data-end=\"5418\">Verwendung<\/strong><\/td>\n<td data-start=\"5419\" data-end=\"5484\" data-col-size=\"md\">Nur f\u00fcr analytische, forensische und neurochemische Forschung<\/td>\n<\/tr>\n<tr data-start=\"5485\" data-end=\"5544\">\n<td data-start=\"5485\" data-end=\"5502\" data-col-size=\"sm\"><strong data-start=\"5487\" data-end=\"5501\">Verpackung<\/strong><\/td>\n<td data-start=\"5502\" data-end=\"5544\" data-col-size=\"md\">Blisterstreifen mit versiegelter Verpackung<\/td>\n<\/tr>\n<tr data-start=\"5545\" data-end=\"5594\">\n<td data-start=\"5545\" data-end=\"5563\" data-col-size=\"sm\"><strong data-start=\"5547\" data-end=\"5562\">Menge<\/strong><\/td>\n<td data-start=\"5563\" data-end=\"5594\" data-col-size=\"md\">1 Blister mit 100 mg Pellets<\/td>\n<\/tr>\n<\/tbody>\n<\/table>\n<\/div>\n<\/div>\n<hr data-start=\"5596\" data-end=\"5599\" \/>\n<h3 data-start=\"5601\" data-end=\"5618\"><strong data-start=\"5605\" data-end=\"5618\">Vorteile<\/strong><\/h3>\n<ul data-start=\"5620\" data-end=\"6016\">\n<li data-start=\"5620\" data-end=\"5704\">\n<p data-start=\"5622\" data-end=\"5704\"><strong data-start=\"5622\" data-end=\"5649\">Hohe Reinheit (\u2265 98%)<\/strong> \u2013 Zuverl\u00e4ssige Ergebnisse f\u00fcr die Laborforschung.<\/p>\n<\/li>\n<li data-start=\"5705\" data-end=\"5786\">\n<p data-start=\"5707\" data-end=\"5786\"><strong data-start=\"5707\" data-end=\"5746\">Standardisierte Dosierung (100 mg)<\/strong> \u2013 Ideal f\u00fcr quantitative Analysen.<\/p>\n<\/li>\n<li data-start=\"5787\" data-end=\"5854\">\n<p data-start=\"5789\" data-end=\"5854\"><strong data-start=\"5789\" data-end=\"5810\">Stabile HCl-Form<\/strong> \u2013 Erh\u00f6ht die Haltbarkeit und L\u00f6slichkeit.<\/p>\n<\/li>\n<li data-start=\"5855\" data-end=\"5933\">\n<p data-start=\"5857\" data-end=\"5933\"><strong data-start=\"5857\" data-end=\"5887\">Breiter Forschungsumfang<\/strong> \u2013 Geeignet f\u00fcr GC\/MS, LC-MS, FTIR und HPLC.<\/p>\n<\/li>\n<li data-start=\"5934\" data-end=\"6016\">\n<p data-start=\"5936\" data-end=\"6016\"><strong data-start=\"5936\" data-end=\"5955\">Vollst\u00e4ndig getestet<\/strong> \u2013 Jede Charge wird unabh\u00e4ngig gepr\u00fcft und dokumentiert.<\/p>\n<\/li>\n<\/ul>\n<hr data-start=\"6018\" data-end=\"6021\" \/>\n<h3 data-start=\"6023\" data-end=\"6075\"><strong data-start=\"6027\" data-end=\"6073\">Verwendung (nur f\u00fcr Forschungszwecke)<\/strong><\/h3>\n<ol data-start=\"6077\" data-end=\"6416\">\n<li data-start=\"6077\" data-end=\"6146\">\n<p data-start=\"6080\" data-end=\"6146\"><strong data-start=\"6080\" data-end=\"6095\">Handhabung:<\/strong> Tragen Sie Handschuhe, eine Schutzbrille und einen Laborkittel.<\/p>\n<\/li>\n<li data-start=\"6147\" data-end=\"6219\">\n<p data-start=\"6150\" data-end=\"6219\"><strong data-start=\"6150\" data-end=\"6163\">Ma\u00dfe:<\/strong> Jedes Pellet enth\u00e4lt 100 mg \u00b1 2 mg; Chargeninformationen beachten.<\/p>\n<\/li>\n<li data-start=\"6220\" data-end=\"6274\">\n<p data-start=\"6223\" data-end=\"6274\"><strong data-start=\"6223\" data-end=\"6234\">Lagerung:<\/strong> K\u00fchl (2\u20138 \u00b0C), trocken und dunkel lagern.<\/p>\n<\/li>\n<li data-start=\"6275\" data-end=\"6351\">\n<p data-start=\"6278\" data-end=\"6351\"><strong data-start=\"6278\" data-end=\"6290\">Analyse:<\/strong> Geeignet f\u00fcr chromatographische und neurochemische Forschung.<\/p>\n<\/li>\n<li data-start=\"6352\" data-end=\"6416\">\n<p data-start=\"6355\" data-end=\"6416\"><strong data-start=\"6355\" data-end=\"6372\">Dokumentation:<\/strong> Ergebnisse und Analysemethoden aufzeichnen.<\/p>\n<\/li>\n<\/ol>\n<hr data-start=\"6418\" data-end=\"6421\" \/>\n<h3 data-start=\"6423\" data-end=\"6458\"><strong data-start=\"6427\" data-end=\"6456\">H\u00e4ufig gestellte Fragen (FAQ)<\/strong><\/h3>\n<p data-start=\"6460\" data-end=\"6611\"><strong data-start=\"6460\" data-end=\"6509\">1. Was ist 2F-DCK (2-Fluorodeschloroketamin)?<\/strong><br data-start=\"6509\" data-end=\"6512\" \/>A <strong data-start=\"6516\" data-end=\"6555\">Fluoranalogon von Deschloroketamin<\/strong>, verwendet f\u00fcr analytische und neurochemische Forschung.<\/p>\n<p data-start=\"6613\" data-end=\"6739\"><strong data-start=\"6613\" data-end=\"6653\">2. Wie ist die Reinheit und Dosierung?<\/strong><br data-start=\"6653\" data-end=\"6656\" \/>Jedes Pellet enth\u00e4lt <strong data-start=\"6674\" data-end=\"6709\">100 mg 2F-DCK (\u2265 98% Reinheit)<\/strong>, best\u00e4tigt durch HPLC und NMR.<\/p>\n<p data-start=\"6741\" data-end=\"6900\"><strong data-start=\"6741\" data-end=\"6781\">3. Ist der Kauf von 2F-DCK legal?<\/strong><br data-start=\"6781\" data-end=\"6784\" \/>Der <strong data-start=\"6787\" data-end=\"6812\">Legalit\u00e4t von 2F-DCK<\/strong> ist je nach Land unterschiedlich. \u00dcberpr\u00fcfen Sie vor der Verwendung immer die \u00f6rtlichen Vorschriften <strong data-start=\"6881\" data-end=\"6897\">2F-DCK kauft<\/strong>.<\/p>\n<ul>\n<li><\/li>\n<\/ul>","protected":false},"excerpt":{"rendered":"<p>Einf\u00fchrung: 2F-DCK 100 mg Pellets enthalten 100 Milligramm 2-Fluorodeschloroketaminhydrochlorid, eine dissoziative Arylcyclohexylaminverbindung und ein Fluoranalogon von Deschloroketamin (DCK). Kaufen Sie 2F DCK.<\/p>","protected":false},"featured_media":21390,"comment_status":"closed","ping_status":"closed","template":"","meta":[],"product_brand":[],"product_cat":[474,475,71,324],"product_tag":[271,272,326],"class_list":{"0":"post-24303","1":"product","2":"type-product","3":"status-publish","4":"has-post-thumbnail","6":"product_cat-2f-dck-kopen","7":"product_cat-2f-dck-pellets","8":"product_cat-arylcyclohexylamine","9":"product_cat-pellets-for-pellet","10":"product_tag-2f-dck","11":"product_tag-2f-dck-kopen","12":"product_tag-nl","14":"first","15":"instock","16":"taxable","17":"shipping-taxable","18":"purchasable","19":"product-type-variable"},"_links":{"self":[{"href":"https:\/\/researchchemicalhub.com\/de_at\/wp-json\/wp\/v2\/product\/24303","targetHints":{"allow":["GET"]}}],"collection":[{"href":"https:\/\/researchchemicalhub.com\/de_at\/wp-json\/wp\/v2\/product"}],"about":[{"href":"https:\/\/researchchemicalhub.com\/de_at\/wp-json\/wp\/v2\/types\/product"}],"replies":[{"embeddable":true,"href":"https:\/\/researchchemicalhub.com\/de_at\/wp-json\/wp\/v2\/comments?post=24303"}],"version-history":[{"count":5,"href":"https:\/\/researchchemicalhub.com\/de_at\/wp-json\/wp\/v2\/product\/24303\/revisions"}],"predecessor-version":[{"id":27814,"href":"https:\/\/researchchemicalhub.com\/de_at\/wp-json\/wp\/v2\/product\/24303\/revisions\/27814"}],"wp:featuredmedia":[{"embeddable":true,"href":"https:\/\/researchchemicalhub.com\/de_at\/wp-json\/wp\/v2\/media\/21390"}],"wp:attachment":[{"href":"https:\/\/researchchemicalhub.com\/de_at\/wp-json\/wp\/v2\/media?parent=24303"}],"wp:term":[{"taxonomy":"product_brand","embeddable":true,"href":"https:\/\/researchchemicalhub.com\/de_at\/wp-json\/wp\/v2\/product_brand?post=24303"},{"taxonomy":"product_cat","embeddable":true,"href":"https:\/\/researchchemicalhub.com\/de_at\/wp-json\/wp\/v2\/product_cat?post=24303"},{"taxonomy":"product_tag","embeddable":true,"href":"https:\/\/researchchemicalhub.com\/de_at\/wp-json\/wp\/v2\/product_tag?post=24303"}],"curies":[{"name":"wp","href":"https:\/\/api.w.org\/{rel}","templated":true}]}}