{"id":24262,"date":"2025-04-13T17:41:21","date_gmt":"2025-04-13T17:41:21","guid":{"rendered":"https:\/\/researchchemicalhub.com\/?post_type=product&#038;p=24262"},"modified":"2025-10-12T19:22:48","modified_gmt":"2025-10-12T19:22:48","slug":"beta-k-2c-b-zakje-3-pellets","status":"publish","type":"product","link":"https:\/\/researchchemicalhub.com\/de_at\/shop\/b2b\/beta-k-2c-b-zakje-3-pellets\/","title":{"rendered":"RC+ Beta-k-2C-B Beutel 3 Pellets"},"content":{"rendered":"<h2 data-start=\"4868\" data-end=\"4894\"><strong data-start=\"4871\" data-end=\"4894\">Produktbeschreibung<\/strong><\/h2>\n<p data-start=\"4896\" data-end=\"5173\"><strong data-start=\"4896\" data-end=\"4931\">RC+ Beta-k-2C-B Beutel 3 Pellets<\/strong> ist ein <strong data-start=\"4939\" data-end=\"4976\">hochwertiges Forschungsmaterial<\/strong>, bestimmt f\u00fcr analytische, forensische und akademische Laborforschung. Diese Verbindung ist Teil der <strong data-start=\"5089\" data-end=\"5102\">RC+ Serie<\/strong> und unterst\u00fctzt die Forschung zu <strong data-start=\"5137\" data-end=\"5170\">neue Phenethylamin-Analoga<\/strong>.<\/p>\n<p data-start=\"5175\" data-end=\"5338\">Jedes Paket enth\u00e4lt <strong data-start=\"5197\" data-end=\"5237\">drei pr\u00e4zisionsgefertigte Pellets<\/strong>, hergestellt unter kontrollierten Bedingungen f\u00fcr maximale Konsistenz und Reproduzierbarkeit.<\/p>\n<p data-start=\"5340\" data-end=\"5480\">\u26a0\ufe0f <strong data-start=\"5343\" data-end=\"5358\">Wichtig:<\/strong> Dieses Produkt ist <strong data-start=\"5374\" data-end=\"5423\">nur f\u00fcr Forschungszwecke bestimmt<\/strong> Und <strong data-start=\"5427\" data-end=\"5479\">nicht f\u00fcr den menschlichen oder tierischen Gebrauch geeignet<\/strong>.<\/p>\n<hr data-start=\"5482\" data-end=\"5485\" \/>\n<h2 data-start=\"5487\" data-end=\"5517\"><strong data-start=\"5490\" data-end=\"5517\">Hauptmerkmale<\/strong><\/h2>\n<ul data-start=\"5519\" data-end=\"5905\">\n<li data-start=\"5519\" data-end=\"5570\">\n<p data-start=\"5521\" data-end=\"5570\"><strong data-start=\"5521\" data-end=\"5540\">Hohe Reinheit<\/strong> nach Laborstandards.<\/p>\n<\/li>\n<li data-start=\"5571\" data-end=\"5643\">\n<p data-start=\"5573\" data-end=\"5643\"><strong data-start=\"5573\" data-end=\"5604\">Standardisierte Dosierung<\/strong> \u2013 jedes Pellet ist pr\u00e4zise zusammengesetzt.<\/p>\n<\/li>\n<li data-start=\"5644\" data-end=\"5715\">\n<p data-start=\"5646\" data-end=\"5715\"><strong data-start=\"5646\" data-end=\"5670\">Stabile Formulierung<\/strong> \u2013 best\u00e4ndig gegen Abbau w\u00e4hrend der Lagerung.<\/p>\n<\/li>\n<li data-start=\"5716\" data-end=\"5795\">\n<p data-start=\"5718\" data-end=\"5795\"><strong data-start=\"5718\" data-end=\"5740\">Sichere Verpackung<\/strong> \u2013 luftdicht und versiegelt f\u00fcr maximalen Schutz.<\/p>\n<\/li>\n<li data-start=\"5796\" data-end=\"5905\">\n<p data-start=\"5798\" data-end=\"5905\"><strong data-start=\"5798\" data-end=\"5824\">Gem\u00e4\u00df EU-Vorschriften<\/strong> \u2013 hergestellt gem\u00e4\u00df den Sicherheitsvorschriften f\u00fcr Forschungschemikalien.<\/p>\n<\/li>\n<\/ul>\n<hr data-start=\"5907\" data-end=\"5910\" \/>\n<h2 data-start=\"5912\" data-end=\"5946\"><strong data-start=\"5915\" data-end=\"5946\">Vorteile f\u00fcr Forscher<\/strong><\/h2>\n<ul data-start=\"5948\" data-end=\"6258\">\n<li data-start=\"5948\" data-end=\"6025\">\n<p data-start=\"5950\" data-end=\"6025\">Unterst\u00fctzt <strong data-start=\"5962\" data-end=\"6003\">toxikologische und analytische Forschung<\/strong> zu 2C-B-Analoga.<\/p>\n<\/li>\n<li data-start=\"6026\" data-end=\"6087\">\n<p data-start=\"6028\" data-end=\"6087\">Passend f\u00fcr <strong data-start=\"6042\" data-end=\"6084\">forensische und pharmakologische Forschung<\/strong>.<\/p>\n<\/li>\n<li data-start=\"6088\" data-end=\"6139\">\n<p data-start=\"6090\" data-end=\"6139\">Hilft bei <strong data-start=\"6100\" data-end=\"6136\">Strukturvergleichsstudien<\/strong>.<\/p>\n<\/li>\n<li data-start=\"6140\" data-end=\"6192\">\n<p data-start=\"6142\" data-end=\"6192\">Angebote <strong data-start=\"6148\" data-end=\"6189\">hochwertige Referenzproben<\/strong>.<\/p>\n<\/li>\n<li data-start=\"6193\" data-end=\"6258\">\n<p data-start=\"6195\" data-end=\"6258\">Passend f\u00fcr <strong data-start=\"6209\" data-end=\"6255\">Methodenentwicklung in LC-MS, GC-MS und NMR<\/strong>.<\/p>\n<\/li>\n<\/ul>\n<hr data-start=\"6260\" data-end=\"6263\" \/>\n<h2 data-start=\"6265\" data-end=\"6299\"><strong data-start=\"6268\" data-end=\"6299\">Verwendung (Forschungskontext)<\/strong><\/h2>\n<ol data-start=\"6301\" data-end=\"6567\">\n<li data-start=\"6301\" data-end=\"6346\">\n<p data-start=\"6304\" data-end=\"6346\">Nur in akkreditierten Laboren verwenden.<\/p>\n<\/li>\n<li data-start=\"6347\" data-end=\"6407\">\n<p data-start=\"6350\" data-end=\"6407\">Tragen Sie Handschuhe, eine Schutzbrille und einen Laborkittel.<\/p>\n<\/li>\n<li data-start=\"6408\" data-end=\"6469\">\n<p data-start=\"6411\" data-end=\"6469\">Verwenden Sie Pr\u00e4zisionsinstrumente f\u00fcr genaue Messungen.<\/p>\n<\/li>\n<li data-start=\"6470\" data-end=\"6517\">\n<p data-start=\"6473\" data-end=\"6517\">K\u00fchl, trocken und dunkel (unter 25\u00b0C) lagern.<\/p>\n<\/li>\n<li data-start=\"6518\" data-end=\"6567\">\n<p data-start=\"6521\" data-end=\"6567\">Entsorgen Sie Reste gem\u00e4\u00df den \u00f6rtlichen Vorschriften.<\/p>\n<\/li>\n<\/ol>\n<blockquote data-start=\"6569\" data-end=\"6664\">\n<p data-start=\"6571\" data-end=\"6664\"><strong data-start=\"6571\" data-end=\"6582\">Hinweis:<\/strong> <em data-start=\"6583\" data-end=\"6616\">RC+ Beta-k-2C-B Beutel 3 Pellets<\/em> Ist <strong data-start=\"6620\" data-end=\"6663\">nicht f\u00fcr den menschlichen Verzehr bestimmt<\/strong>.<\/p>\n<\/blockquote>\n<hr data-start=\"6666\" data-end=\"6669\" \/>\n<h2 data-start=\"6671\" data-end=\"6705\"><strong data-start=\"6674\" data-end=\"6705\">H\u00e4ufig gestellte Fragen (FAQs)<\/strong><\/h2>\n<h3 data-start=\"6707\" data-end=\"6758\"><strong data-start=\"6711\" data-end=\"6758\">1. Wof\u00fcr wird RC+ Beta-k-2C-B verwendet?<\/strong><\/h3>\n<p data-start=\"6759\" data-end=\"6859\">Dieser Stoff wird verwendet f\u00fcr <strong data-start=\"6789\" data-end=\"6830\">analytische und toxikologische Forschung<\/strong> zu Phenethylamin-Analoga.<\/p>\n<hr data-start=\"6861\" data-end=\"6864\" \/>\n<h3 data-start=\"6866\" data-end=\"6909\"><strong data-start=\"6870\" data-end=\"6909\">2. Wie viele Pellets sind in einem Beutel enthalten?<\/strong><\/h3>\n<p data-start=\"6910\" data-end=\"7003\">Jeder Beutel enth\u00e4lt <strong data-start=\"6926\" data-end=\"6939\">3 Pellets<\/strong>, sorgf\u00e4ltig zusammengestellt f\u00fcr konsistente Forschungsergebnisse.<\/p>\n<hr data-start=\"7005\" data-end=\"7008\" \/>\n<h3 data-start=\"7010\" data-end=\"7082\"><strong data-start=\"7014\" data-end=\"7082\">3. Kann ich als Privatperson RC+ Beta-k-2C-B Beutel mit 3 Pellets kaufen?<\/strong><\/h3>\n<p data-start=\"7083\" data-end=\"7187\">Nein, nur <strong data-start=\"7095\" data-end=\"7129\">anerkannte Forschungseinrichtungen<\/strong> mit den entsprechenden Genehmigungen d\u00fcrfen dieses Produkt erwerben.<\/p>\n<hr data-start=\"7189\" data-end=\"7192\" \/>\n<h2 data-start=\"7194\" data-end=\"7222\"><strong data-start=\"7197\" data-end=\"7222\">Sicherheitshinweise<\/strong><\/h2>\n<ul data-start=\"7224\" data-end=\"7402\">\n<li data-start=\"7224\" data-end=\"7276\">\n<p data-start=\"7226\" data-end=\"7276\">Nur in einer Laborumgebung verwenden.<\/p>\n<\/li>\n<li data-start=\"7277\" data-end=\"7314\">\n<p data-start=\"7279\" data-end=\"7314\">Kontakt mit Haut und Augen vermeiden.<\/p>\n<\/li>\n<li data-start=\"7315\" data-end=\"7346\">\n<p data-start=\"7317\" data-end=\"7346\">Nicht einatmen oder verschlucken.<\/p>\n<\/li>\n<li data-start=\"7347\" data-end=\"7402\">\n<p data-start=\"7349\" data-end=\"7402\">Verschlossen und au\u00dferhalb der Reichweite von Unbefugten aufbewahren.<\/p>\n<\/li>\n<\/ul>","protected":false},"excerpt":{"rendered":"<p><strong><span dir=\"auto\" style=\"vertical-align: inherit;\"><span dir=\"auto\" style=\"vertical-align: inherit;\">Synonym:<\/span><\/span><\/strong><span dir=\"auto\" style=\"vertical-align: inherit;\"><span dir=\"auto\" style=\"vertical-align: inherit;\"> bk-2C-B <\/span><\/span><br \/>\n<strong><span dir=\"auto\" style=\"vertical-align: inherit;\"><span dir=\"auto\" style=\"vertical-align: inherit;\">CAS-Nummer: <\/span><\/span><\/strong><br \/>\n<strong><span dir=\"auto\" style=\"vertical-align: inherit;\"><span dir=\"auto\" style=\"vertical-align: inherit;\">Formel:<\/span><\/span><\/strong><span dir=\"auto\" style=\"vertical-align: inherit;\"><span dir=\"auto\" style=\"vertical-align: inherit;\"> 2-Amino-1-(4-brom-2,5-dimethoxyphenyl)-ethanonhydrochlorid <\/span><\/span><br \/>\n<strong><span dir=\"auto\" style=\"vertical-align: inherit;\"><span dir=\"auto\" style=\"vertical-align: inherit;\">Molmasse:<\/span><\/span><\/strong><span dir=\"auto\" style=\"vertical-align: inherit;\"><span dir=\"auto\" style=\"vertical-align: inherit;\"> 296,6 g\/mol <\/span><\/span><br \/>\n<strong><span dir=\"auto\" style=\"vertical-align: inherit;\"><span dir=\"auto\" style=\"vertical-align: inherit;\">Reinheit:<\/span><\/span><\/strong><span dir=\"auto\" style=\"vertical-align: inherit;\"><span dir=\"auto\" style=\"vertical-align: inherit;\"> &gt;97%<\/span><\/span><\/p>","protected":false},"featured_media":21346,"comment_status":"closed","ping_status":"closed","template":"","meta":[],"product_brand":[82],"product_cat":[555],"product_tag":[869,244,867,326,868],"class_list":{"0":"post-24262","1":"product","2":"type-product","3":"status-publish","4":"has-post-thumbnail","6":"product_brand-research-chemical","7":"product_cat-b2b","8":"product_tag-2c-b-analogon-pellets","9":"product_tag-beta-k-2c-b","10":"product_tag-beta-k-2c-b-onderzoek","11":"product_tag-nl","12":"product_tag-rc-psychedelische-fenethylamine","14":"first","15":"instock","16":"taxable","17":"shipping-taxable","18":"purchasable","19":"product-type-variable"},"_links":{"self":[{"href":"https:\/\/researchchemicalhub.com\/de_at\/wp-json\/wp\/v2\/product\/24262","targetHints":{"allow":["GET"]}}],"collection":[{"href":"https:\/\/researchchemicalhub.com\/de_at\/wp-json\/wp\/v2\/product"}],"about":[{"href":"https:\/\/researchchemicalhub.com\/de_at\/wp-json\/wp\/v2\/types\/product"}],"replies":[{"embeddable":true,"href":"https:\/\/researchchemicalhub.com\/de_at\/wp-json\/wp\/v2\/comments?post=24262"}],"version-history":[{"count":4,"href":"https:\/\/researchchemicalhub.com\/de_at\/wp-json\/wp\/v2\/product\/24262\/revisions"}],"predecessor-version":[{"id":27821,"href":"https:\/\/researchchemicalhub.com\/de_at\/wp-json\/wp\/v2\/product\/24262\/revisions\/27821"}],"wp:featuredmedia":[{"embeddable":true,"href":"https:\/\/researchchemicalhub.com\/de_at\/wp-json\/wp\/v2\/media\/21346"}],"wp:attachment":[{"href":"https:\/\/researchchemicalhub.com\/de_at\/wp-json\/wp\/v2\/media?parent=24262"}],"wp:term":[{"taxonomy":"product_brand","embeddable":true,"href":"https:\/\/researchchemicalhub.com\/de_at\/wp-json\/wp\/v2\/product_brand?post=24262"},{"taxonomy":"product_cat","embeddable":true,"href":"https:\/\/researchchemicalhub.com\/de_at\/wp-json\/wp\/v2\/product_cat?post=24262"},{"taxonomy":"product_tag","embeddable":true,"href":"https:\/\/researchchemicalhub.com\/de_at\/wp-json\/wp\/v2\/product_tag?post=24262"}],"curies":[{"name":"wp","href":"https:\/\/api.w.org\/{rel}","templated":true}]}}