{"id":24194,"date":"2025-04-13T17:41:13","date_gmt":"2025-04-13T17:41:13","guid":{"rendered":"https:\/\/researchchemicalhub.com\/?post_type=product&#038;p=24194"},"modified":"2025-10-30T07:17:37","modified_gmt":"2025-10-30T07:17:37","slug":"2-fma","status":"publish","type":"product","link":"https:\/\/researchchemicalhub.com\/de_at\/shop\/b2b\/2-fma\/","title":{"rendered":"RC+ Fluor 2-FMA 30mg Box"},"content":{"rendered":"<h3 data-start=\"4860\" data-end=\"4879\"><strong data-start=\"4864\" data-end=\"4879\">Einf\u00fchrung<\/strong><\/h3>\n<p data-start=\"4880\" data-end=\"5253\">Der <strong data-start=\"4883\" data-end=\"4911\">RC+ Fluor 2-FMA 30mg Box<\/strong> enth\u00e4lt <strong data-start=\"4918\" data-end=\"4958\">hochreines 2-Fluoramphetamin (2-FMA)<\/strong>, Ein <strong data-start=\"4964\" data-end=\"4994\">fluoriertes Phenethylamin<\/strong> die zu den <strong data-start=\"5014\" data-end=\"5034\">Amphetamin-Klasse<\/strong>. Bekannt f\u00fcr sein stabiles Stimulanzienprofil und seine einzigartigen pharmakologischen Eigenschaften, <strong data-start=\"5128\" data-end=\"5137\">2-FMA<\/strong> oft verwendet in <strong data-start=\"5155\" data-end=\"5203\">neurochemische und psychostimulierende Forschung<\/strong> Unangenehm <strong data-start=\"5209\" data-end=\"5250\">Dopamin- und Noradrenalinaktivit\u00e4t<\/strong>. 2-fma<\/p>\n<p data-start=\"5255\" data-end=\"5454\">Jede Tablette wird unter Laborbedingungen pr\u00e4zise hergestellt f\u00fcr <strong data-start=\"5331\" data-end=\"5407\">pr\u00e4zise Dosierung, zuverl\u00e4ssige Konsistenz und Langzeitstabilit\u00e4t<\/strong> \u2013 unverzichtbar f\u00fcr die moderne analytische Forschung.<\/p>\n<hr data-start=\"5456\" data-end=\"5459\" \/>\n<h3 data-start=\"5461\" data-end=\"5492\"><strong data-start=\"5465\" data-end=\"5492\">Hauptmerkmale<\/strong><\/h3>\n<ul data-start=\"5493\" data-end=\"5972\">\n<li data-start=\"5493\" data-end=\"5582\">\n<p data-start=\"5495\" data-end=\"5582\"><strong data-start=\"5495\" data-end=\"5527\">Hohe analytische Reinheit:<\/strong> Enth\u00e4lt <strong data-start=\"5534\" data-end=\"5568\">30 mg 2-Fluoramphetamin (2-FMA)<\/strong> pro Tablette.<\/p>\n<\/li>\n<li data-start=\"5583\" data-end=\"5673\">\n<p data-start=\"5585\" data-end=\"5673\"><strong data-start=\"5585\" data-end=\"5611\">Laborqualit\u00e4t:<\/strong> Nur f\u00fcr den Gebrauch bestimmt <strong data-start=\"5632\" data-end=\"5670\">Forschungs- und Analyseanwendungen<\/strong>.<\/p>\n<\/li>\n<li data-start=\"5674\" data-end=\"5771\">\n<p data-start=\"5676\" data-end=\"5771\"><strong data-start=\"5676\" data-end=\"5703\">Sichere RC+ Verpackung:<\/strong> Professionell versiegelt, feuchtigkeitsbest\u00e4ndig und ordnungsgem\u00e4\u00df beschriftet.<\/p>\n<\/li>\n<li data-start=\"5772\" data-end=\"5861\">\n<p data-start=\"5774\" data-end=\"5861\"><strong data-start=\"5774\" data-end=\"5800\">R\u00fcckverfolgbare Produktion:<\/strong> Ausgestattet mit <strong data-start=\"5814\" data-end=\"5858\">Chargennummern und Laborzertifikate<\/strong>.<\/p>\n<\/li>\n<li data-start=\"5862\" data-end=\"5972\">\n<p data-start=\"5864\" data-end=\"5972\"><strong data-start=\"5864\" data-end=\"5888\">Stabile Verbindung:<\/strong> Die Fluorstruktur erh\u00f6ht die <strong data-start=\"5919\" data-end=\"5969\">chemische Stabilit\u00e4t und Rezeptorselektivit\u00e4t<\/strong>.<\/p>\n<\/li>\n<\/ul>\n<hr data-start=\"5974\" data-end=\"5977\" \/>\n<h3 data-start=\"5979\" data-end=\"5996\"><strong data-start=\"5983\" data-end=\"5996\">Vorteile<\/strong><\/h3>\n<ul data-start=\"5997\" data-end=\"6376\">\n<li data-start=\"5997\" data-end=\"6082\">\n<p data-start=\"5999\" data-end=\"6082\">Unterst\u00fctzt <strong data-start=\"6011\" data-end=\"6038\">neurochemische Untersuchung<\/strong> zur dopaminergen und adrenergen Aktivit\u00e4t.<\/p>\n<\/li>\n<li data-start=\"6083\" data-end=\"6159\">\n<p data-start=\"6085\" data-end=\"6159\">Passend f\u00fcr <strong data-start=\"6099\" data-end=\"6125\">Vergleichende Forschung<\/strong> mit anderen Amphetaminvarianten.<\/p>\n<\/li>\n<li data-start=\"6160\" data-end=\"6242\">\n<p data-start=\"6162\" data-end=\"6242\">Bietet <strong data-start=\"6173\" data-end=\"6209\">konsistente und messbare Ergebnisse<\/strong> in kontrollierten Labors.<\/p>\n<\/li>\n<li data-start=\"6243\" data-end=\"6313\">\n<p data-start=\"6245\" data-end=\"6313\">Ideal f\u00fcr <strong data-start=\"6257\" data-end=\"6310\">akademische, forensische und pharmazeutische Forschung<\/strong>.<\/p>\n<\/li>\n<li data-start=\"6314\" data-end=\"6376\">\n<p data-start=\"6316\" data-end=\"6376\">Angebote <strong data-start=\"6322\" data-end=\"6355\">ausgezeichnete Lagerstabilit\u00e4t<\/strong> dank Fluorierung.<\/p>\n<\/li>\n<\/ul>\n<hr data-start=\"6378\" data-end=\"6381\" \/>\n<h3 data-start=\"6383\" data-end=\"6398\"><strong data-start=\"6387\" data-end=\"6398\">Verwendung<\/strong><\/h3>\n<p data-start=\"6399\" data-end=\"6525\">Der <strong data-start=\"6402\" data-end=\"6430\">RC+ Fluor 2-FMA 30mg Box<\/strong> ist ausschlie\u00dflich bestimmt f\u00fcr <strong data-start=\"6459\" data-end=\"6499\">Labor- und Analyseanwendungen<\/strong>.<br data-start=\"6500\" data-end=\"6503\" \/>Forscher m\u00fcssen:<\/p>\n<ul data-start=\"6526\" data-end=\"6811\">\n<li data-start=\"6526\" data-end=\"6600\">\n<p data-start=\"6528\" data-end=\"6600\"><strong data-start=\"6528\" data-end=\"6552\">Schutzkleidung<\/strong> Schutzkleidung (Handschuhe, Schutzbrille, Laborkittel).<\/p>\n<\/li>\n<li data-start=\"6601\" data-end=\"6670\">\n<p data-start=\"6603\" data-end=\"6670\">Speichern unter <strong data-start=\"6617\" data-end=\"6625\">25\u00b0C<\/strong> auf einem <strong data-start=\"6633\" data-end=\"6667\">k\u00fchl, trocken und dunkel lagern<\/strong>.<\/p>\n<\/li>\n<li data-start=\"6671\" data-end=\"6729\">\n<p data-start=\"6673\" data-end=\"6729\">Exposition gegen\u00fcber <strong data-start=\"6691\" data-end=\"6716\">Licht, Luft und Feuchtigkeit<\/strong> zu vermeiden.<\/p>\n<\/li>\n<li data-start=\"6730\" data-end=\"6811\">\n<p data-start=\"6732\" data-end=\"6811\">Nutzen <strong data-start=\"6750\" data-end=\"6782\">kalibrierte Messmittel<\/strong> f\u00fcr genaue Analysen.<\/p>\n<\/li>\n<\/ul>\n<hr data-start=\"6813\" data-end=\"6816\" \/>\n<h3 data-start=\"6818\" data-end=\"6847\"><strong data-start=\"6822\" data-end=\"6847\">Sicherheitshinweise<\/strong><\/h3>\n<ul data-start=\"6848\" data-end=\"7056\">\n<li data-start=\"6848\" data-end=\"6886\">\n<p data-start=\"6850\" data-end=\"6886\">Nur f\u00fcr <strong data-start=\"6862\" data-end=\"6883\">Forschungszwecke<\/strong>.<\/p>\n<\/li>\n<li data-start=\"6887\" data-end=\"6949\">\n<p data-start=\"6889\" data-end=\"6949\"><strong data-start=\"6889\" data-end=\"6947\">Nicht f\u00fcr den menschlichen oder tierischen Verzehr geeignet. 2-fma<\/strong><\/p>\n<\/li>\n<li data-start=\"6950\" data-end=\"6998\">\n<p data-start=\"6952\" data-end=\"6998\">Folgen Sie den <strong data-start=\"6960\" data-end=\"6995\">\u00f6rtlichen Sicherheitsvorschriften<\/strong>.<\/p>\n<\/li>\n<li data-start=\"6999\" data-end=\"7056\">\n<p data-start=\"7001\" data-end=\"7056\">Au\u00dferhalb der Reichweite von <strong data-start=\"7019\" data-end=\"7046\">Kinder und unbefugte Personen<\/strong> behalten.<\/p>\n<\/li>\n<\/ul>\n<hr data-start=\"7058\" data-end=\"7061\" \/>\n<h3 data-start=\"7063\" data-end=\"7096\"><strong data-start=\"7067\" data-end=\"7096\">H\u00e4ufig gestellte Fragen (FAQ)<\/strong><\/h3>\n<p data-start=\"7098\" data-end=\"7280\"><strong data-start=\"7098\" data-end=\"7154\">1. Wof\u00fcr wird RC+ Fluor 2-FMA 30 mg Box verwendet?<\/strong><br data-start=\"7154\" data-end=\"7157\" \/>Es wird verwendet in <strong data-start=\"7179\" data-end=\"7230\">neurochemische und psychopharmakologische Forschung<\/strong>, haupts\u00e4chlich konzentriert auf <strong data-start=\"7250\" data-end=\"7279\">Katecholamintransporter<\/strong>.<\/p>\n<p data-start=\"7282\" data-end=\"7495\"><strong data-start=\"7282\" data-end=\"7335\">2. Was unterscheidet 2-FMA von anderen Amphetaminen?<\/strong><br data-start=\"7335\" data-end=\"7338\" \/>2-FMA ist ein <strong data-start=\"7351\" data-end=\"7390\">fluorierte Variante von Amphetamin<\/strong>, bekannt f\u00fcr seine <strong data-start=\"7407\" data-end=\"7458\">lang anhaltende und sogar stimulierende Wirkung<\/strong>, ideal f\u00fcr vergleichende Analysen.<\/p>\n<p data-start=\"7497\" data-end=\"7647\"><strong data-start=\"7497\" data-end=\"7532\">3. Wie ist es aufzubewahren?<\/strong><br data-start=\"7532\" data-end=\"7535\" \/>Sparen Sie bei einem <strong data-start=\"7549\" data-end=\"7583\">k\u00fchl, trocken und dunkel lagern<\/strong>, unter <strong data-start=\"7591\" data-end=\"7599\">25\u00b0C<\/strong>, im <strong data-start=\"7607\" data-end=\"7646\">original versiegelte RC+ Verpackung<\/strong>.<\/p>\n<hr data-start=\"7649\" data-end=\"7652\" \/>\n<h3 data-start=\"7654\" data-end=\"7671\"><strong data-start=\"7658\" data-end=\"7671\">Abschluss<\/strong><\/h3>\n<p data-start=\"7672\" data-end=\"8008\">Der <strong data-start=\"7675\" data-end=\"7703\">RC+ Fluor 2-FMA 30mg Box<\/strong> ist ein <strong data-start=\"7711\" data-end=\"7750\">zuverl\u00e4ssige Wahl f\u00fcr Forscher<\/strong> die sich auf <strong data-start=\"7771\" data-end=\"7846\">Stimulanzienpharmakologie, Verhaltenswissenschaft und neurochemische Forschung<\/strong>. Dank der <strong data-start=\"7859\" data-end=\"7938\">garantierte Reinheit, chemische Stabilit\u00e4t und professionelle Verpackung<\/strong> bietet dieses Produkt <strong data-start=\"7957\" data-end=\"7987\">reproduzierbare Ergebnisse<\/strong> in jedem Labor.<\/p>","protected":false},"excerpt":{"rendered":"<p><strong><span dir=\"auto\" style=\"vertical-align: inherit;\"><span dir=\"auto\" style=\"vertical-align: inherit;\">Synonym<\/span><\/span><\/strong><span dir=\"auto\" style=\"vertical-align: inherit;\"><span dir=\"auto\" style=\"vertical-align: inherit;\"> : Fluormethamphetamin <\/span><\/span><br \/>\n<strong><span dir=\"auto\" style=\"vertical-align: inherit;\"><span dir=\"auto\" style=\"vertical-align: inherit;\">CAS-Nummer<\/span><\/span><\/strong><span dir=\"auto\" style=\"vertical-align: inherit;\"><span dir=\"auto\" style=\"vertical-align: inherit;\"> : 1780004-19-4 <\/span><\/span><br \/>\n<strong><span dir=\"auto\" style=\"vertical-align: inherit;\"><span dir=\"auto\" style=\"vertical-align: inherit;\">Formel<\/span><\/span><\/strong><span dir=\"auto\" style=\"vertical-align: inherit;\"><span dir=\"auto\" style=\"vertical-align: inherit;\"> : C10H14FN \u2022 HCL <\/span><\/span><br \/>\n<strong><span dir=\"auto\" style=\"vertical-align: inherit;\"><span dir=\"auto\" style=\"vertical-align: inherit;\">Molare Masse<\/span><\/span><\/strong><span dir=\"auto\" style=\"vertical-align: inherit;\"><span dir=\"auto\" style=\"vertical-align: inherit;\"> : 203,7 g\/mol <\/span><\/span><br \/>\n<strong><span dir=\"auto\" style=\"vertical-align: inherit;\"><span dir=\"auto\" style=\"vertical-align: inherit;\">Reinheit<\/span><\/span><\/strong><span dir=\"auto\" style=\"vertical-align: inherit;\"><span dir=\"auto\" style=\"vertical-align: inherit;\"> : \u226599%<\/span><\/span><\/p>","protected":false},"featured_media":28606,"comment_status":"closed","ping_status":"closed","template":"","meta":[],"product_brand":[82],"product_cat":[555],"product_tag":[572,617,618,589,619,326],"class_list":{"0":"post-24194","1":"product","2":"type-product","3":"status-publish","4":"has-post-thumbnail","6":"product_brand-research-chemical","7":"product_cat-b2b","8":"product_tag-2-fma-kopen","9":"product_tag-2-fma","10":"product_tag-2fma","11":"product_tag-2fma-drugs","12":"product_tag-2fma-kopen","13":"product_tag-nl","15":"first","16":"instock","17":"taxable","18":"shipping-taxable","19":"purchasable","20":"product-type-variable"},"_links":{"self":[{"href":"https:\/\/researchchemicalhub.com\/de_at\/wp-json\/wp\/v2\/product\/24194","targetHints":{"allow":["GET"]}}],"collection":[{"href":"https:\/\/researchchemicalhub.com\/de_at\/wp-json\/wp\/v2\/product"}],"about":[{"href":"https:\/\/researchchemicalhub.com\/de_at\/wp-json\/wp\/v2\/types\/product"}],"replies":[{"embeddable":true,"href":"https:\/\/researchchemicalhub.com\/de_at\/wp-json\/wp\/v2\/comments?post=24194"}],"version-history":[{"count":5,"href":"https:\/\/researchchemicalhub.com\/de_at\/wp-json\/wp\/v2\/product\/24194\/revisions"}],"predecessor-version":[{"id":25396,"href":"https:\/\/researchchemicalhub.com\/de_at\/wp-json\/wp\/v2\/product\/24194\/revisions\/25396"}],"wp:featuredmedia":[{"embeddable":true,"href":"https:\/\/researchchemicalhub.com\/de_at\/wp-json\/wp\/v2\/media\/28606"}],"wp:attachment":[{"href":"https:\/\/researchchemicalhub.com\/de_at\/wp-json\/wp\/v2\/media?parent=24194"}],"wp:term":[{"taxonomy":"product_brand","embeddable":true,"href":"https:\/\/researchchemicalhub.com\/de_at\/wp-json\/wp\/v2\/product_brand?post=24194"},{"taxonomy":"product_cat","embeddable":true,"href":"https:\/\/researchchemicalhub.com\/de_at\/wp-json\/wp\/v2\/product_cat?post=24194"},{"taxonomy":"product_tag","embeddable":true,"href":"https:\/\/researchchemicalhub.com\/de_at\/wp-json\/wp\/v2\/product_tag?post=24194"}],"curies":[{"name":"wp","href":"https:\/\/api.w.org\/{rel}","templated":true}]}}