{"id":24111,"date":"2025-04-13T17:41:04","date_gmt":"2025-04-13T17:41:04","guid":{"rendered":"https:\/\/researchchemicalhub.com\/?post_type=product&#038;p=24111"},"modified":"2025-10-14T07:59:11","modified_gmt":"2025-10-14T07:59:11","slug":"2-fea-3-fea","status":"publish","type":"product","link":"https:\/\/researchchemicalhub.com\/de_at\/shop\/b2b\/2-fea-3-fea\/","title":{"rendered":"RC+ Newphoria Blister"},"content":{"rendered":"<h3 data-start=\"5056\" data-end=\"5077\"><strong data-start=\"5060\" data-end=\"5075\">Einf\u00fchrung<\/strong><\/h3>\n<p data-start=\"5078\" data-end=\"5387\">Der <strong data-start=\"5081\" data-end=\"5106\">RC+ Newphoria Blister<\/strong> ist eine hohe Qualit\u00e4t <strong data-start=\"5127\" data-end=\"5152\">Forschungsformulierung<\/strong>, speziell f\u00fcr professionelle Labor- und analytische Forschung entwickelt. Jeder Blister enth\u00e4lt <strong data-start=\"5251\" data-end=\"5288\">10 einzeln versiegelte Pellets<\/strong>, konzipiert f\u00fcr <strong data-start=\"5305\" data-end=\"5384\">genaue Dosierung, konsistente Ergebnisse und kontaminationsfreie Handhabung<\/strong>. 2 fea 3 fea<\/p>\n<p data-start=\"5389\" data-end=\"5687\">Mit einer kontrollierten Kombination von <strong data-start=\"5427\" data-end=\"5477\">2-FEA und 3-FEA (Fluorethamphetamin-Isomere)<\/strong> ist dieses Produkt ideal f\u00fcr <strong data-start=\"5505\" data-end=\"5567\">pharmakologische, rezeptorische und analytisch-chemische Forschung<\/strong>Die Blisterverpackung garantiert <strong data-start=\"5601\" data-end=\"5651\">Stabilit\u00e4t, R\u00fcckverfolgbarkeit und sichere Lagerung<\/strong> unter Laborbedingungen.<\/p>\n<p data-start=\"5689\" data-end=\"5804\"><em data-start=\"5689\" data-end=\"5804\">(Dieses Produkt ist nur f\u00fcr Forschungszwecke bestimmt. Nicht f\u00fcr die Anwendung an Menschen oder Tieren geeignet.)<\/em><\/p>\n<hr data-start=\"5806\" data-end=\"5809\" \/>\n<h3 data-start=\"5811\" data-end=\"5844\"><strong data-start=\"5815\" data-end=\"5842\">Hauptmerkmale<\/strong><\/h3>\n<ul data-start=\"5845\" data-end=\"6426\">\n<li data-start=\"5845\" data-end=\"5952\">\n<p data-start=\"5847\" data-end=\"5952\"><strong data-start=\"5847\" data-end=\"5873\">2\/3-FEA-Zusammensetzung:<\/strong> Enth\u00e4lt eine kontrollierte Mischung aus 2-FEA und 3-FEA f\u00fcr vergleichende Forschung.<\/p>\n<\/li>\n<li data-start=\"5953\" data-end=\"6043\">\n<p data-start=\"5955\" data-end=\"6043\"><strong data-start=\"5955\" data-end=\"5982\">Hohe Reinheit (\u226598%):<\/strong> Laborqualit\u00e4t, best\u00e4tigt durch Lieferantenanalyse.<\/p>\n<\/li>\n<li data-start=\"6044\" data-end=\"6149\">\n<p data-start=\"6046\" data-end=\"6149\"><strong data-start=\"6046\" data-end=\"6084\">10 einzeln versiegelte Pellets:<\/strong> Jedes Pellet ist f\u00fcr maximale Integrit\u00e4t einzeln verpackt.<\/p>\n<\/li>\n<li data-start=\"6150\" data-end=\"6238\">\n<p data-start=\"6152\" data-end=\"6238\"><strong data-start=\"6152\" data-end=\"6174\">Blisterverpackung:<\/strong> Einfach zu handhaben und sch\u00fctzt vor Umwelteinfl\u00fcssen.<\/p>\n<\/li>\n<li data-start=\"6239\" data-end=\"6341\">\n<p data-start=\"6241\" data-end=\"6341\"><strong data-start=\"6241\" data-end=\"6273\">Chargen- und Losr\u00fcckverfolgbarkeit:<\/strong> Jedes Paket enth\u00e4lt zu Dokumentationszwecken eine eindeutige Identifikationsnummer.<\/p>\n<\/li>\n<li data-start=\"6342\" data-end=\"6426\">\n<p data-start=\"6344\" data-end=\"6426\"><strong data-start=\"6344\" data-end=\"6375\">Gleichm\u00e4\u00dfige Form und Gewicht:<\/strong> Gew\u00e4hrleistet reproduzierbare Forschungsergebnisse.<\/p>\n<\/li>\n<\/ul>\n<hr data-start=\"6428\" data-end=\"6431\" \/>\n<h3 data-start=\"6433\" data-end=\"6481\"><strong data-start=\"6437\" data-end=\"6479\">Vorteile (f\u00fcr die Laborforschung)<\/strong><\/h3>\n<p data-start=\"6482\" data-end=\"6577\">\u2705 <strong data-start=\"6484\" data-end=\"6514\">Pr\u00e4zision und Zuverl\u00e4ssigkeit<\/strong> \u2013 Jedes Pellet liefert eine exakte Dosis f\u00fcr konsistente Daten.<\/p>\n<p data-start=\"6579\" data-end=\"6668\">\u2705 <strong data-start=\"6581\" data-end=\"6606\">Verbesserte Sicherheit<\/strong> \u2013 Die Einzelverpackung verhindert Verunreinigungen und Qualit\u00e4tsverlust.<\/p>\n<p data-start=\"6670\" data-end=\"6764\">\u2705 <strong data-start=\"6672\" data-end=\"6698\">Schnellere Arbeitsprozesse<\/strong> \u2013 Gebrauchsfertig, kein Abwiegen oder zus\u00e4tzliche Vorbereitung erforderlich.<\/p>\n<p data-start=\"6766\" data-end=\"6851\">\u2705 <strong data-start=\"6768\" data-end=\"6790\">Lange Haltbarkeit<\/strong> \u2013 Schutzverpackungen bewahren Reinheit und Stabilit\u00e4t.<\/p>\n<p data-start=\"6853\" data-end=\"6959\">\u2705 <strong data-start=\"6855\" data-end=\"6882\">Einfache Dokumentation<\/strong> \u2013 Chargencodes erm\u00f6glichen eine einfache R\u00fcckverfolgbarkeit und Qualit\u00e4tskontrolle.<\/p>\n<hr data-start=\"6961\" data-end=\"6964\" \/>\n<h3 data-start=\"6966\" data-end=\"7018\"><strong data-start=\"6970\" data-end=\"7016\">Verwendung (nur f\u00fcr Forschungszwecke)<\/strong><\/h3>\n<blockquote data-start=\"7019\" data-end=\"7204\">\n<p data-start=\"7021\" data-end=\"7204\">\u26a0\ufe0f <strong data-start=\"7024\" data-end=\"7039\">Wichtig:<\/strong> RC+ Newphoria Blister ist ausschlie\u00dflich f\u00fcr wissenschaftliche und analytische Forschung bestimmt. Tragen Sie stets pers\u00f6nliche Schutzausr\u00fcstung und beachten Sie die Sicherheitsrichtlinien des Labors.<\/p>\n<\/blockquote>\n<ol data-start=\"7206\" data-end=\"7975\">\n<li data-start=\"7206\" data-end=\"7322\">\n<p data-start=\"7209\" data-end=\"7224\"><strong data-start=\"7209\" data-end=\"7222\">Inspektion<\/strong><\/p>\n<ul data-start=\"7228\" data-end=\"7322\">\n<li data-start=\"7228\" data-end=\"7276\">\n<p data-start=\"7230\" data-end=\"7276\">\u00dcberpr\u00fcfen Sie die Verpackung und die Chargennummer.<\/p>\n<\/li>\n<li data-start=\"7280\" data-end=\"7322\">\n<p data-start=\"7282\" data-end=\"7322\">Stellen Sie sicher, dass die Pellets unbesch\u00e4digt sind.<\/p>\n<\/li>\n<\/ul>\n<\/li>\n<li data-start=\"7324\" data-end=\"7463\">\n<p data-start=\"7327\" data-end=\"7351\"><strong data-start=\"7327\" data-end=\"7349\">Pelletentfernung<\/strong><\/p>\n<ul data-start=\"7355\" data-end=\"7463\">\n<li data-start=\"7355\" data-end=\"7428\">\n<p data-start=\"7357\" data-end=\"7428\">Dr\u00fccken Sie vorsichtig ein Pellet mit sterilem Ger\u00e4t aus der Blisterpackung.<\/p>\n<\/li>\n<li data-start=\"7432\" data-end=\"7463\">\n<p data-start=\"7434\" data-end=\"7463\">Vermeiden Sie direkten Hautkontakt.<\/p>\n<\/li>\n<\/ul>\n<\/li>\n<li data-start=\"7465\" data-end=\"7640\">\n<p data-start=\"7468\" data-end=\"7494\"><strong data-start=\"7468\" data-end=\"7492\">Probenvorbereitung<\/strong><\/p>\n<ul data-start=\"7498\" data-end=\"7640\">\n<li data-start=\"7498\" data-end=\"7594\">\n<p data-start=\"7500\" data-end=\"7594\">L\u00f6sen Sie das Pellet in einem geeigneten L\u00f6sungsmittel (z. B. Ethanol, destilliertes Wasser oder Puffer).<\/p>\n<\/li>\n<li data-start=\"7598\" data-end=\"7640\">\n<p data-start=\"7600\" data-end=\"7640\">Vorsichtig mischen, bis sich alles vollst\u00e4ndig aufgel\u00f6st hat.<\/p>\n<\/li>\n<\/ul>\n<\/li>\n<li data-start=\"7642\" data-end=\"7797\">\n<p data-start=\"7645\" data-end=\"7674\"><strong data-start=\"7645\" data-end=\"7672\">Verwendung in Experimenten<\/strong><\/p>\n<ul data-start=\"7678\" data-end=\"7797\">\n<li data-start=\"7678\" data-end=\"7743\">\n<p data-start=\"7680\" data-end=\"7743\">Verwendung in analytischen, Rezeptor- oder pharmakologischen Studien.<\/p>\n<\/li>\n<li data-start=\"7747\" data-end=\"7797\">\n<p data-start=\"7749\" data-end=\"7797\">Notieren Sie die Pellet-ID, Konzentration und das Aufl\u00f6sungsvolumen.<\/p>\n<\/li>\n<\/ul>\n<\/li>\n<li data-start=\"7799\" data-end=\"7975\">\n<p data-start=\"7802\" data-end=\"7829\"><strong data-start=\"7802\" data-end=\"7827\">Lagerung &amp; Entnahme<\/strong><\/p>\n<ul data-start=\"7833\" data-end=\"7975\">\n<li data-start=\"7833\" data-end=\"7908\">\n<p data-start=\"7835\" data-end=\"7908\">Lagern Sie nicht verwendete Pellets in einem <strong data-start=\"7869\" data-end=\"7896\">k\u00fchl, dunkel und trocken<\/strong> Umfeld.<\/p>\n<\/li>\n<li data-start=\"7912\" data-end=\"7975\">\n<p data-start=\"7914\" data-end=\"7975\">Entsorgen Sie Abf\u00e4lle gem\u00e4\u00df den Vorschriften zur Chemikaliensicherheit. 2 fea 3 fea<\/p>\n<\/li>\n<\/ul>\n<\/li>\n<\/ol>\n<hr data-start=\"7977\" data-end=\"7980\" \/>\n<h3 data-start=\"7982\" data-end=\"8017\"><strong data-start=\"7986\" data-end=\"8015\">H\u00e4ufig gestellte Fragen (FAQ)<\/strong><\/h3>\n<p data-start=\"8019\" data-end=\"8189\"><strong data-start=\"8019\" data-end=\"8058\">1. Was enth\u00e4lt RC+ Newphoria Blister?<\/strong><br data-start=\"8058\" data-end=\"8061\" \/>Jede Blisterpackung enth\u00e4lt <strong data-start=\"8080\" data-end=\"8104\">10 Forschungspellets<\/strong> mit einer Kombination aus <strong data-start=\"8128\" data-end=\"8146\">2-FEA und 3-FEA<\/strong>, nur f\u00fcr Labortests.<\/p>\n<p data-start=\"8191\" data-end=\"8345\"><strong data-start=\"8191\" data-end=\"8239\">2. Wie hoch ist die Reinheit der Verbindungen?<\/strong><br data-start=\"8239\" data-end=\"8242\" \/>Der Lieferant garantiert eine <strong data-start=\"8272\" data-end=\"8295\">Reinheit von \u226598%<\/strong>, was Zuverl\u00e4ssigkeit und Konsistenz gew\u00e4hrleistet.<\/p>\n<p data-start=\"8347\" data-end=\"8559\"><strong data-start=\"8347\" data-end=\"8431\">3. Kann RC+ Newphoria Blister f\u00fcr den menschlichen oder tierischen Gebrauch verwendet werden?<\/strong><br data-start=\"8431\" data-end=\"8434\" \/>Nein \u2013 dieses Produkt ist <strong data-start=\"8455\" data-end=\"8504\">nur f\u00fcr Forschungszwecke bestimmt<\/strong> Und <strong data-start=\"8508\" data-end=\"8556\">nicht f\u00fcr den menschlichen oder tierischen Verzehr bestimmt<\/strong>.<\/p>","protected":false},"excerpt":{"rendered":"<p><strong>CAS-Nummer<\/strong>: 1780004-19-4<br \/>\n<strong>Formel<\/strong>: C11H16FN<br \/>\n<strong>Molare Masse<\/strong>: 181,25 g\/mol<br \/>\n<strong>Reinheit<\/strong>: \u226598%<\/p>","protected":false},"featured_media":21160,"comment_status":"closed","ping_status":"closed","template":"","meta":[],"product_brand":[82],"product_cat":[555],"product_tag":[757,755,753,756,326],"class_list":{"0":"post-24111","1":"product","2":"type-product","3":"status-publish","4":"has-post-thumbnail","6":"product_brand-research-chemical","7":"product_cat-b2b","8":"product_tag-2-3-fea-ervaringen","9":"product_tag-2-fea-3-fea","10":"product_tag-2-3-fea-pellets","11":"product_tag-2-3-fea","12":"product_tag-nl","14":"first","15":"instock","16":"taxable","17":"shipping-taxable","18":"purchasable","19":"product-type-variable"},"_links":{"self":[{"href":"https:\/\/researchchemicalhub.com\/de_at\/wp-json\/wp\/v2\/product\/24111","targetHints":{"allow":["GET"]}}],"collection":[{"href":"https:\/\/researchchemicalhub.com\/de_at\/wp-json\/wp\/v2\/product"}],"about":[{"href":"https:\/\/researchchemicalhub.com\/de_at\/wp-json\/wp\/v2\/types\/product"}],"replies":[{"embeddable":true,"href":"https:\/\/researchchemicalhub.com\/de_at\/wp-json\/wp\/v2\/comments?post=24111"}],"version-history":[{"count":4,"href":"https:\/\/researchchemicalhub.com\/de_at\/wp-json\/wp\/v2\/product\/24111\/revisions"}],"predecessor-version":[{"id":27876,"href":"https:\/\/researchchemicalhub.com\/de_at\/wp-json\/wp\/v2\/product\/24111\/revisions\/27876"}],"wp:featuredmedia":[{"embeddable":true,"href":"https:\/\/researchchemicalhub.com\/de_at\/wp-json\/wp\/v2\/media\/21160"}],"wp:attachment":[{"href":"https:\/\/researchchemicalhub.com\/de_at\/wp-json\/wp\/v2\/media?parent=24111"}],"wp:term":[{"taxonomy":"product_brand","embeddable":true,"href":"https:\/\/researchchemicalhub.com\/de_at\/wp-json\/wp\/v2\/product_brand?post=24111"},{"taxonomy":"product_cat","embeddable":true,"href":"https:\/\/researchchemicalhub.com\/de_at\/wp-json\/wp\/v2\/product_cat?post=24111"},{"taxonomy":"product_tag","embeddable":true,"href":"https:\/\/researchchemicalhub.com\/de_at\/wp-json\/wp\/v2\/product_tag?post=24111"}],"curies":[{"name":"wp","href":"https:\/\/api.w.org\/{rel}","templated":true}]}}