{"id":24107,"date":"2025-04-13T17:41:04","date_gmt":"2025-04-13T17:41:04","guid":{"rendered":"https:\/\/researchchemicalhub.com\/?post_type=product&#038;p=24107"},"modified":"2025-10-14T07:55:35","modified_gmt":"2025-10-14T07:55:35","slug":"rc-maxtc-blister","status":"publish","type":"product","link":"https:\/\/researchchemicalhub.com\/de_at\/geschaft\/b2b\/rc-maxtc-blister\/","title":{"rendered":"RC+ MaXTC Blister"},"content":{"rendered":"<h3 data-start=\"5023\" data-end=\"5044\"><strong data-start=\"5027\" data-end=\"5042\">Einf\u00fchrung<\/strong><\/h3>\n<p data-start=\"5045\" data-end=\"5340\">Der <strong data-start=\"5048\" data-end=\"5069\">RC+ MaXTC Blister<\/strong> ist ein <strong data-start=\"5077\" data-end=\"5115\">hochwertige Forschungsformulierung<\/strong> Entwickelt f\u00fcr anspruchsvolle analytische und wissenschaftliche Anwendungen. Jeder Blister enth\u00e4lt einzeln versiegelte Pellets, die f\u00fcr <strong data-start=\"5258\" data-end=\"5337\">pr\u00e4zise Dosierung, verbesserte Stabilit\u00e4t und kontaminationsfreie Handhabung<\/strong>.<\/p>\n<p data-start=\"5342\" data-end=\"5536\">Die Kombination aus <strong data-start=\"5360\" data-end=\"5391\">5-MAPB, 4-FMA und 5-MeO-MiPT<\/strong> macht dieses Produkt besonders geeignet f\u00fcr die Forschung in <strong data-start=\"5449\" data-end=\"5533\">pharmakologische Interaktionen, Rezeptorbindung und molekulare Vergleichsstudien<\/strong>.<\/p>\n<p data-start=\"5538\" data-end=\"5653\">Die Blisterverpackung gew\u00e4hrleistet Zuverl\u00e4ssigkeit, R\u00fcckverfolgbarkeit und Komfort f\u00fcr den Einsatz in professionellen Laboren.<\/p>\n<p data-start=\"5655\" data-end=\"5766\"><em data-start=\"5655\" data-end=\"5766\">(Dieses Produkt dient nur zu Forschungszwecken. Nicht f\u00fcr den menschlichen oder tierischen Verzehr bestimmt.)<\/em><\/p>\n<hr data-start=\"5768\" data-end=\"5771\" \/>\n<h3 data-start=\"5773\" data-end=\"5806\"><strong data-start=\"5777\" data-end=\"5804\">Hauptmerkmale<\/strong><\/h3>\n<ul data-start=\"5807\" data-end=\"6395\">\n<li data-start=\"5807\" data-end=\"5928\">\n<p data-start=\"5809\" data-end=\"5928\"><strong data-start=\"5809\" data-end=\"5832\">Mehrkomponentenmischung:<\/strong> Jedes Pellet enth\u00e4lt eine genau ausgewogene Kombination aus 5-MAPB, 4-FMA und 5-MeO-MiPT.<\/p>\n<\/li>\n<li data-start=\"5929\" data-end=\"6034\">\n<p data-start=\"5931\" data-end=\"6034\"><strong data-start=\"5931\" data-end=\"5955\">Pr\u00e4zisionsformulierung:<\/strong> Entwickelt f\u00fcr kontrollierte Experimente mit konsistenten Zusammensetzungen.<\/p>\n<\/li>\n<li data-start=\"6035\" data-end=\"6137\">\n<p data-start=\"6037\" data-end=\"6137\"><strong data-start=\"6037\" data-end=\"6059\">Blisterverpackung:<\/strong> Jedes Pellet einzeln versiegelt f\u00fcr optimale Stabilit\u00e4t und Sicherheit.<\/p>\n<\/li>\n<li data-start=\"6138\" data-end=\"6236\">\n<p data-start=\"6140\" data-end=\"6236\"><strong data-start=\"6140\" data-end=\"6158\">Benutzerfreundlichkeit:<\/strong> Leicht zu entfernen f\u00fcr pr\u00e4zise Dosierung und Probenvorbereitung.<\/p>\n<\/li>\n<li data-start=\"6237\" data-end=\"6334\">\n<p data-start=\"6239\" data-end=\"6334\"><strong data-start=\"6239\" data-end=\"6258\">Chargennummerierung:<\/strong> Versehen mit einem eindeutigen Chargencode zur Qualit\u00e4tssicherung und R\u00fcckverfolgbarkeit.<\/p>\n<\/li>\n<li data-start=\"6335\" data-end=\"6395\">\n<p data-start=\"6337\" data-end=\"6395\"><strong data-start=\"6337\" data-end=\"6348\">Inhalt:<\/strong> Jede Blisterpackung enth\u00e4lt <strong data-start=\"6368\" data-end=\"6392\">10 Forschungspellets<\/strong>.<\/p>\n<\/li>\n<\/ul>\n<hr data-start=\"6397\" data-end=\"6400\" \/>\n<h3 data-start=\"6402\" data-end=\"6421\"><strong data-start=\"6406\" data-end=\"6419\">Vorteile<\/strong><\/h3>\n<p data-start=\"6422\" data-end=\"6518\">\u2705 <strong data-start=\"6424\" data-end=\"6450\">Konsistente Ergebnisse<\/strong> \u2013 Jedes Pellet liefert zuverl\u00e4ssige, reproduzierbare Forschungsdaten.<\/p>\n<p data-start=\"6520\" data-end=\"6618\">\u2705 <strong data-start=\"6522\" data-end=\"6544\">Bessere Stabilit\u00e4t<\/strong> \u2013 Luft- und feuchtigkeitsfreie Verpackung verhindert den Abbau der Verbindung.<\/p>\n<p data-start=\"6620\" data-end=\"6702\">\u2705 <strong data-start=\"6622\" data-end=\"6644\">Schnellerer Arbeitsprozess<\/strong> \u2013 Vordosierte Pellets sparen Vorbereitungszeit.<\/p>\n<p data-start=\"6704\" data-end=\"6780\">\u2705 <strong data-start=\"6706\" data-end=\"6729\">Sicherer in der Anwendung<\/strong> \u2013 Individuelle Hohlr\u00e4ume begrenzen das Kontaminationsrisiko.<\/p>\n<p data-start=\"6782\" data-end=\"6896\">\u2705 <strong data-start=\"6784\" data-end=\"6823\">Perfekt f\u00fcr vergleichende Forschung<\/strong> \u2013 Unterst\u00fctzt Studien zur Synergie oder Wechselwirkung zwischen Verbindungen.<\/p>\n<hr data-start=\"6898\" data-end=\"6901\" \/>\n<h3 data-start=\"6903\" data-end=\"6966\"><strong data-start=\"6907\" data-end=\"6964\">Gebrauchsanweisung (nur f\u00fcr Forschungszwecke)<\/strong><\/h3>\n<blockquote data-start=\"6967\" data-end=\"7143\">\n<p data-start=\"6969\" data-end=\"7143\">\u26a0\ufe0f <strong data-start=\"6972\" data-end=\"6987\">Wichtig:<\/strong> RC+ MaXTC Blister ist nicht f\u00fcr die Anwendung an Menschen oder Tieren bestimmt. Tragen Sie stets Handschuhe und pers\u00f6nliche Schutzausr\u00fcstung und arbeiten Sie gem\u00e4\u00df den Sicherheitsrichtlinien des Labors.<\/p>\n<\/blockquote>\n<ol data-start=\"7145\" data-end=\"8004\">\n<li data-start=\"7145\" data-end=\"7268\">\n<p data-start=\"7148\" data-end=\"7163\"><strong data-start=\"7148\" data-end=\"7161\">Inspektion<\/strong><\/p>\n<ul data-start=\"7167\" data-end=\"7268\">\n<li data-start=\"7167\" data-end=\"7212\">\n<p data-start=\"7169\" data-end=\"7212\">\u00dcberpr\u00fcfen Sie die Blisterpackung und die Chargennummer.<\/p>\n<\/li>\n<li data-start=\"7216\" data-end=\"7268\">\n<p data-start=\"7218\" data-end=\"7268\">Stellen Sie sicher, dass die Pellets intakt und unbesch\u00e4digt sind.<\/p>\n<\/li>\n<\/ul>\n<\/li>\n<li data-start=\"7270\" data-end=\"7408\">\n<p data-start=\"7273\" data-end=\"7297\"><strong data-start=\"7273\" data-end=\"7295\">Pelletentfernung<\/strong><\/p>\n<ul data-start=\"7301\" data-end=\"7408\">\n<li data-start=\"7301\" data-end=\"7373\">\n<p data-start=\"7303\" data-end=\"7373\">Dr\u00fccken Sie mit sterilem Werkzeug vorsichtig ein Pellet durch die Folie.<\/p>\n<\/li>\n<li data-start=\"7377\" data-end=\"7408\">\n<p data-start=\"7379\" data-end=\"7408\">Vermeiden Sie direkten Hautkontakt.<\/p>\n<\/li>\n<\/ul>\n<\/li>\n<li data-start=\"7410\" data-end=\"7600\">\n<p data-start=\"7413\" data-end=\"7439\"><strong data-start=\"7413\" data-end=\"7437\">Probenvorbereitung<\/strong><\/p>\n<ul data-start=\"7443\" data-end=\"7600\">\n<li data-start=\"7443\" data-end=\"7548\">\n<p data-start=\"7445\" data-end=\"7548\">L\u00f6sen Sie das Pellet in einem geeigneten L\u00f6sungsmittel (z. B. Ethanol, destilliertes Wasser oder Pufferl\u00f6sung).<\/p>\n<\/li>\n<li data-start=\"7552\" data-end=\"7600\">\n<p data-start=\"7554\" data-end=\"7600\">Vorsichtig mischen, bis eine homogene L\u00f6sung entsteht.<\/p>\n<\/li>\n<\/ul>\n<\/li>\n<li data-start=\"7602\" data-end=\"7787\">\n<p data-start=\"7605\" data-end=\"7633\"><strong data-start=\"7605\" data-end=\"7631\">Durchf\u00fchren von Experimenten<\/strong><\/p>\n<ul data-start=\"7637\" data-end=\"7787\">\n<li data-start=\"7637\" data-end=\"7723\">\n<p data-start=\"7639\" data-end=\"7723\">Verwendung in Rezeptorbindungstests, In-vitro-Tests oder anderen zugelassenen Tests.<\/p>\n<\/li>\n<li data-start=\"7727\" data-end=\"7787\">\n<p data-start=\"7729\" data-end=\"7787\">Notieren Sie L\u00f6sungsmittel, Konzentrationen und Zeitintervalle.<\/p>\n<\/li>\n<\/ul>\n<\/li>\n<li data-start=\"7789\" data-end=\"8004\">\n<p data-start=\"7792\" data-end=\"7822\"><strong data-start=\"7792\" data-end=\"7820\">Lagerung und Abfallverarbeitung<\/strong><\/p>\n<ul data-start=\"7826\" data-end=\"8004\">\n<li data-start=\"7826\" data-end=\"7923\">\n<p data-start=\"7828\" data-end=\"7923\">Lagern Sie nicht verwendete Pellets aufrecht und in der Blisterpackung. <strong data-start=\"7888\" data-end=\"7920\">k\u00fchl, dunkel und trocken lagern<\/strong>.<\/p>\n<\/li>\n<li data-start=\"7927\" data-end=\"8004\">\n<p data-start=\"7929\" data-end=\"8004\">Entsorgen Sie R\u00fcckst\u00e4nde gem\u00e4\u00df der Chemikalienabfallrichtlinie Ihres Labors.<\/p>\n<\/li>\n<\/ul>\n<\/li>\n<\/ol>\n<hr data-start=\"8006\" data-end=\"8009\" \/>\n<h3 data-start=\"8011\" data-end=\"8046\"><strong data-start=\"8015\" data-end=\"8044\">H\u00e4ufig gestellte Fragen (FAQ)<\/strong><\/h3>\n<p data-start=\"8048\" data-end=\"8225\"><strong data-start=\"8048\" data-end=\"8098\">1. Welche Verbindungen sind im RC+ MaXTC Blister enthalten?<\/strong><br data-start=\"8098\" data-end=\"8101\" \/>Jedes Pellet enth\u00e4lt eine Kombination aus <strong data-start=\"8138\" data-end=\"8148\">5-MAPB<\/strong>, <strong data-start=\"8150\" data-end=\"8159\">4-FMA<\/strong> Und <strong data-start=\"8163\" data-end=\"8177\">5-MeO-MiPT<\/strong> \u2013 nur f\u00fcr Forschungszwecke bestimmt.<\/p>\n<p data-start=\"8227\" data-end=\"8393\"><strong data-start=\"8227\" data-end=\"8285\">2. Wie viele Pellets sind in einer Blisterpackung?<\/strong><br data-start=\"8285\" data-end=\"8288\" \/>Jede Blisterpackung enth\u00e4lt <strong data-start=\"8307\" data-end=\"8345\">10 einzeln versiegelte Pellets<\/strong> f\u00fcr kontrollierte und reproduzierbare Tests.<\/p>\n<p data-start=\"8395\" data-end=\"8583\"><strong data-start=\"8395\" data-end=\"8455\">3. Ist RC+ MaXTC Blister f\u00fcr den menschlichen Gebrauch geeignet?<\/strong><br data-start=\"8455\" data-end=\"8458\" \/>Nein \u2013 dieses Produkt ist <strong data-start=\"8479\" data-end=\"8520\">nur f\u00fcr Forschungszwecke<\/strong> Und <strong data-start=\"8524\" data-end=\"8580\">nicht f\u00fcr den menschlichen oder tierischen Verzehr bestimmt<\/strong>.<\/p>\n<p><a href=\"https:\/\/researchchemicalhub.com\/de_at\/geschaft\/lysergamide\/1cp-lsd-150-mcg\/\"><span dir=\"auto\" style=\"vertical-align: inherit;\"><span dir=\"auto\" style=\"vertical-align: inherit;\">1cP-LSD 150 MCG Art Blotters <\/span><\/span><\/a><a href=\"https:\/\/researchchemicalhub.com\/de_at\/geschaft\/pellets\/o-dsmt-50-mg-pellets\/\"><span dir=\"auto\" style=\"vertical-align: inherit;\"><span dir=\"auto\" style=\"vertical-align: inherit;\">O-DSMT 50 mg Pellets <\/span><\/span><\/a><a href=\"https:\/\/researchchemicalhub.com\/de_at\/geschaft\/lysergamide\/1v-lsd-150-mcg-blotters\/\"><span dir=\"auto\" style=\"vertical-align: inherit;\"><span dir=\"auto\" style=\"vertical-align: inherit;\">1V-LSD 150 MCG Blotter <\/span><\/span><\/a><a href=\"https:\/\/researchchemicalhub.com\/de_at\/geschaft\/fast-verboten\/6-cl-adba\/\"><span dir=\"auto\" style=\"vertical-align: inherit;\"><span dir=\"auto\" style=\"vertical-align: inherit;\">6-CL-ADBA <\/span><\/span><\/a><a href=\"https:\/\/researchchemicalhub.com\/de_at\/geschaft\/cathinone\/2-cmc-kaufen\/\"><span dir=\"auto\" style=\"vertical-align: inherit;\"><span dir=\"auto\" style=\"vertical-align: inherit;\">2-CMC 250 mg Pellets<\/span><\/span><\/a><\/p>","protected":false},"excerpt":{"rendered":"<p>Introductie De RC+ MaXTC Blister is een hoogwaardige onderzoeksformulering ontwikkeld voor geavanceerde analytische en wetenschappelijke toepassingen. Elke blister bevat individueel<\/p>","protected":false},"featured_media":21157,"comment_status":"closed","ping_status":"closed","template":"","meta":[],"product_brand":[],"product_cat":[555],"product_tag":[629,644,664,326],"class_list":{"0":"post-24107","1":"product","2":"type-product","3":"status-publish","4":"has-post-thumbnail","6":"product_cat-b2b","7":"product_tag-4-fma-kopen","8":"product_tag-4-fma","9":"product_tag-maxtc","10":"product_tag-nl","12":"first","13":"instock","14":"taxable","15":"shipping-taxable","16":"purchasable","17":"product-type-variable"},"_links":{"self":[{"href":"https:\/\/researchchemicalhub.com\/de_at\/wp-json\/wp\/v2\/product\/24107","targetHints":{"allow":["GET"]}}],"collection":[{"href":"https:\/\/researchchemicalhub.com\/de_at\/wp-json\/wp\/v2\/product"}],"about":[{"href":"https:\/\/researchchemicalhub.com\/de_at\/wp-json\/wp\/v2\/types\/product"}],"replies":[{"embeddable":true,"href":"https:\/\/researchchemicalhub.com\/de_at\/wp-json\/wp\/v2\/comments?post=24107"}],"version-history":[{"count":4,"href":"https:\/\/researchchemicalhub.com\/de_at\/wp-json\/wp\/v2\/product\/24107\/revisions"}],"predecessor-version":[{"id":27874,"href":"https:\/\/researchchemicalhub.com\/de_at\/wp-json\/wp\/v2\/product\/24107\/revisions\/27874"}],"wp:featuredmedia":[{"embeddable":true,"href":"https:\/\/researchchemicalhub.com\/de_at\/wp-json\/wp\/v2\/media\/21157"}],"wp:attachment":[{"href":"https:\/\/researchchemicalhub.com\/de_at\/wp-json\/wp\/v2\/media?parent=24107"}],"wp:term":[{"taxonomy":"product_brand","embeddable":true,"href":"https:\/\/researchchemicalhub.com\/de_at\/wp-json\/wp\/v2\/product_brand?post=24107"},{"taxonomy":"product_cat","embeddable":true,"href":"https:\/\/researchchemicalhub.com\/de_at\/wp-json\/wp\/v2\/product_cat?post=24107"},{"taxonomy":"product_tag","embeddable":true,"href":"https:\/\/researchchemicalhub.com\/de_at\/wp-json\/wp\/v2\/product_tag?post=24107"}],"curies":[{"name":"wp","href":"https:\/\/api.w.org\/{rel}","templated":true}]}}