{"id":23834,"date":"2025-04-13T17:40:30","date_gmt":"2025-04-13T17:40:30","guid":{"rendered":"https:\/\/researchchemicalhub.com\/?post_type=product&#038;p=23834"},"modified":"2025-10-30T08:12:59","modified_gmt":"2025-10-30T08:12:59","slug":"jwh-210-kopen","status":"publish","type":"product","link":"https:\/\/researchchemicalhub.com\/de_at\/shop\/bijna-verboden\/jwh-210-kopen\/","title":{"rendered":"JWH-210 (John William Huffman \u2013 210)"},"content":{"rendered":"<p data-start=\"5035\" data-end=\"5263\"><strong data-start=\"5035\" data-end=\"5073\">JWH-210 (John William Huffman-210)<\/strong> ist ein <strong data-start=\"5081\" data-end=\"5118\">synthetischer Cannabinoid-Agonist<\/strong> aus dem <strong data-start=\"5126\" data-end=\"5151\">Naphthoylindol-Familie<\/strong>Es wurde urspr\u00fcnglich im Rahmen akademischer Forschungen zur Funktionsweise von Cannabinoidrezeptoren entwickelt. Kaufen Sie JWH-210<\/p>\n<p data-start=\"5265\" data-end=\"5586\">Heute dient JWH-210 als <strong data-start=\"5296\" data-end=\"5326\">Referenz- und Analytsubstanz<\/strong> in Laboren, die Forschung betreiben zu <strong data-start=\"5366\" data-end=\"5396\">synthetische Cannabinoide<\/strong>, <strong data-start=\"5398\" data-end=\"5419\">Metabolitenanalyse<\/strong> Und <strong data-start=\"5423\" data-end=\"5455\">toxikologische Identifizierung<\/strong>Das Produkt ist <strong data-start=\"5472\" data-end=\"5522\">nur f\u00fcr Laborforschung bestimmt<\/strong> Und <strong data-start=\"5526\" data-end=\"5583\">nicht f\u00fcr den menschlichen oder tierischen Verzehr geeignet<\/strong>.<\/p>\n<hr data-start=\"5588\" data-end=\"5591\" \/>\n<h3 data-start=\"5593\" data-end=\"5624\"><strong data-start=\"5597\" data-end=\"5624\">Hauptmerkmale<\/strong><\/h3>\n<ul data-start=\"5626\" data-end=\"6080\">\n<li data-start=\"5626\" data-end=\"5709\">\n<p data-start=\"5628\" data-end=\"5709\"><strong data-start=\"5628\" data-end=\"5653\">Chemische Identit\u00e4t:<\/strong> Synthetisches Cannabinoid der Naphthoylindol-Klasse.<\/p>\n<\/li>\n<li data-start=\"5710\" data-end=\"5790\">\n<p data-start=\"5712\" data-end=\"5790\"><strong data-start=\"5712\" data-end=\"5732\">Hohe Reinheit:<\/strong> Entwickelt f\u00fcr pr\u00e4zise Erkennungs- und Analysemethoden.<\/p>\n<\/li>\n<li data-start=\"5791\" data-end=\"5884\">\n<p data-start=\"5793\" data-end=\"5884\"><strong data-start=\"5793\" data-end=\"5832\">Zertifiziertes Referenzmaterial:<\/strong> Lieferung mit Analysenzertifikat und Chargendaten.<\/p>\n<\/li>\n<li data-start=\"5885\" data-end=\"5981\">\n<p data-start=\"5887\" data-end=\"5981\"><strong data-start=\"5887\" data-end=\"5910\">Stabile Struktur:<\/strong> Geeignet f\u00fcr die Langzeitlagerung unter kontrollierten Bedingungen.<\/p>\n<\/li>\n<li data-start=\"5982\" data-end=\"6080\">\n<p data-start=\"5984\" data-end=\"6080\"><strong data-start=\"5984\" data-end=\"6018\">Kompatibel mit Messtechniken:<\/strong> Anwendbar in <strong data-start=\"6033\" data-end=\"6042\">GC-MS<\/strong>, <strong data-start=\"6044\" data-end=\"6056\">LC-MS\/MS<\/strong> Und <strong data-start=\"6060\" data-end=\"6068\">HPLC<\/strong> Analysen.<\/p>\n<\/li>\n<\/ul>\n<hr data-start=\"6082\" data-end=\"6085\" \/>\n<h3 data-start=\"6087\" data-end=\"6104\"><strong data-start=\"6091\" data-end=\"6104\">Vorteile<\/strong><\/h3>\n<ul data-start=\"6106\" data-end=\"6616\">\n<li data-start=\"6106\" data-end=\"6223\">\n<p data-start=\"6108\" data-end=\"6223\"><strong data-start=\"6108\" data-end=\"6145\">Unterst\u00fctzt analytische Forschung:<\/strong> Hilft bei der Identifizierung und Quantifizierung synthetischer Cannabinoide.<\/p>\n<\/li>\n<li data-start=\"6224\" data-end=\"6313\">\n<p data-start=\"6226\" data-end=\"6313\"><strong data-start=\"6226\" data-end=\"6254\">Erh\u00f6ht die Genauigkeit:<\/strong> Gew\u00e4hrleistet eine zuverl\u00e4ssige Kalibrierung von Analyseger\u00e4ten.<\/p>\n<\/li>\n<li data-start=\"6314\" data-end=\"6432\">\n<p data-start=\"6316\" data-end=\"6432\"><strong data-start=\"6316\" data-end=\"6357\">Unverzichtbar f\u00fcr forensische Untersuchungen:<\/strong> Tr\u00e4gt zum Verst\u00e4ndnis der strukturellen Beziehungen innerhalb von Cannabinoiden bei.<\/p>\n<\/li>\n<li data-start=\"6433\" data-end=\"6529\">\n<p data-start=\"6435\" data-end=\"6529\"><strong data-start=\"6435\" data-end=\"6466\">Strenge Qualit\u00e4tskontrolle:<\/strong> Hergestellt nach internationalen Laborrichtlinien. JWH-210 kaufen<\/p>\n<\/li>\n<li data-start=\"6530\" data-end=\"6616\">\n<p data-start=\"6532\" data-end=\"6616\"><strong data-start=\"6532\" data-end=\"6558\">P\u00e4dagogische Anwendung:<\/strong> Geeignet f\u00fcr akademische und wissenschaftliche Studien.<\/p>\n<\/li>\n<\/ul>\n<hr data-start=\"6618\" data-end=\"6621\" \/>\n<h3 data-start=\"6623\" data-end=\"6684\"><strong data-start=\"6627\" data-end=\"6684\">Gebrauchsanweisung (nur f\u00fcr Forschungszwecke)<\/strong><\/h3>\n<ol data-start=\"6686\" data-end=\"7020\">\n<li data-start=\"6686\" data-end=\"6799\">\n<p data-start=\"6689\" data-end=\"6799\"><strong data-start=\"6689\" data-end=\"6703\">Handhabung:<\/strong> Nur zur Verwendung in zugelassenen Laboren durch geschultes Personal mit entsprechender Schutzkleidung.<\/p>\n<\/li>\n<li data-start=\"6800\" data-end=\"6886\">\n<p data-start=\"6803\" data-end=\"6886\"><strong data-start=\"6803\" data-end=\"6821\">Vorbereitung:<\/strong> Verd\u00fcnnen oder bereiten Sie es gem\u00e4\u00df validierten Analyseprotokollen vor.<\/p>\n<\/li>\n<li data-start=\"6887\" data-end=\"6945\">\n<p data-start=\"6890\" data-end=\"6945\"><strong data-start=\"6890\" data-end=\"6901\">Lagerung:<\/strong> In einem luftdichten Beh\u00e4lter an einem k\u00fchlen, trockenen und dunklen Ort aufbewahren.<\/p>\n<\/li>\n<li data-start=\"6946\" data-end=\"7020\">\n<p data-start=\"6949\" data-end=\"7020\"><strong data-start=\"6949\" data-end=\"6960\">Entsorgung:<\/strong> Entsorgen Sie Reste gem\u00e4\u00df den Sicherheits- und Umweltvorschriften.<\/p>\n<\/li>\n<\/ol>\n<hr data-start=\"7022\" data-end=\"7025\" \/>\n<h3 data-start=\"7027\" data-end=\"7061\"><strong data-start=\"7031\" data-end=\"7061\">Sicherheit und Compliance<\/strong><\/h3>\n<ul data-start=\"7063\" data-end=\"7546\">\n<li data-start=\"7063\" data-end=\"7159\">\n<p data-start=\"7065\" data-end=\"7159\"><strong data-start=\"7065\" data-end=\"7103\">Nur f\u00fcr Laborforschung:<\/strong> Nicht f\u00fcr den menschlichen oder tierischen Verzehr bestimmt.<\/p>\n<\/li>\n<li data-start=\"7160\" data-end=\"7298\">\n<p data-start=\"7162\" data-end=\"7298\"><strong data-start=\"7162\" data-end=\"7190\">Rechtliche Hinweise:<\/strong> Der Besitz und die Verwendung von JWH-210 k\u00f6nnen reglementiert oder verboten sein. Beachten Sie stets die \u00f6rtlichen Vorschriften.<\/p>\n<\/li>\n<li data-start=\"7299\" data-end=\"7410\">\n<p data-start=\"7301\" data-end=\"7410\"><strong data-start=\"7301\" data-end=\"7329\">Gesundheit und Sicherheit:<\/strong> Kontakt und Einatmen vermeiden. In einem gut bel\u00fcfteten Untersuchungsraum arbeiten.<\/p>\n<\/li>\n<li data-start=\"7411\" data-end=\"7546\">\n<p data-start=\"7413\" data-end=\"7546\"><strong data-start=\"7413\" data-end=\"7430\">Dokumentation:<\/strong> A <strong data-start=\"7435\" data-end=\"7471\">Sicherheitsdatenblatt (MSDS)<\/strong> und Analysezertifikat stehen registrierten Institutionen zur Verf\u00fcgung.<\/p>\n<\/li>\n<\/ul>\n<hr data-start=\"7548\" data-end=\"7551\" \/>\n<h3 data-start=\"7553\" data-end=\"7588\"><strong data-start=\"7557\" data-end=\"7588\">H\u00e4ufig gestellte Fragen (FAQs)<\/strong><\/h3>\n<p data-start=\"7590\" data-end=\"7750\"><strong data-start=\"7590\" data-end=\"7629\">1. Wof\u00fcr wird JWH-210 verwendet?<\/strong><br data-start=\"7629\" data-end=\"7632\" \/>JWH-210 wird verwendet als <strong data-start=\"7659\" data-end=\"7677\">Referenzsubstanz<\/strong> in analytischen und forensischen Studien zu synthetischen Cannabinoiden.<\/p>\n<p data-start=\"7752\" data-end=\"7900\"><strong data-start=\"7752\" data-end=\"7777\">2. Ist JWH-210 legal?<\/strong><br data-start=\"7777\" data-end=\"7780\" \/>Der <strong data-start=\"7783\" data-end=\"7823\">Der Rechtsstatus ist je nach Land unterschiedlich<\/strong>In vielen Bereichen f\u00e4llt es unter das Opiumgesetz oder \u00e4hnliche Vorschriften.<\/p>\n<p data-start=\"7902\" data-end=\"8073\"><strong data-start=\"7902\" data-end=\"7944\">3. Wie sollte JWH-210 gelagert werden?<\/strong><br data-start=\"7944\" data-end=\"7947\" \/>Speichern in einem <strong data-start=\"7961\" data-end=\"7995\">k\u00fchl, trocken und dunkel lagern<\/strong>, ordnungsgem\u00e4\u00df verschlossen und nur f\u00fcr autorisiertes Laborpersonal zug\u00e4nglich.<\/p>\n<p><a href=\"https:\/\/researchchemicalhub.com\/de_at\/shop\/pellets\/o-dsmt-50mg-pellets\/\">O-DSMT 50 mg Pellets <\/a><a href=\"https:\/\/researchchemicalhub.com\/de_at\/shop\/lysergamides\/1cp-lsd-150-mcg\/\">1cP-LSD 150 MCG Art Blotters <\/a><a href=\"https:\/\/researchchemicalhub.com\/de_at\/shop\/iboga-ibogaine\/iboga-root-bark\/\">1V-LSD 150 MCG Blotter <\/a><\/p>","protected":false},"excerpt":{"rendered":"<h2>JWH-210<b>\u00a0<\/b>Eigenschaften<\/h2>\n<p><strong>Synonym: <\/strong>John William Huffman 210<strong><br \/>\nCAS-Nummer<\/strong>: 824959-81-1<br \/>\n<strong>Formel<\/strong>: <span title=\"Kohlenstoff\">C<\/span><sub>26<\/sub><span title=\"Wasserstoff\">H<\/span><sub>27<\/sub><span title=\"Stickstoff\">N<\/span><span title=\"Sauerstoff\">O<\/span><br \/>\n<strong>Molare Masse<\/strong>: 369,508 g mol<br \/>\n<strong>Reinheit<\/strong>: \u226598%<\/p>","protected":false},"featured_media":28549,"comment_status":"closed","ping_status":"closed","template":"","meta":[],"product_brand":[82],"product_cat":[322,370,398],"product_tag":[629,644,778,664,326],"class_list":{"0":"post-23834","1":"product","2":"type-product","3":"status-publish","4":"has-post-thumbnail","6":"product_brand-research-chemical","7":"product_cat-bijna-verboden","8":"product_cat-jwh-210","9":"product_cat-verkoop","10":"product_tag-4-fma-kopen","11":"product_tag-4-fma","12":"product_tag-jwh-210","13":"product_tag-maxtc","14":"product_tag-nl","16":"first","17":"instock","18":"sale","19":"taxable","20":"shipping-taxable","21":"purchasable","22":"product-type-variable"},"_links":{"self":[{"href":"https:\/\/researchchemicalhub.com\/de_at\/wp-json\/wp\/v2\/product\/23834","targetHints":{"allow":["GET"]}}],"collection":[{"href":"https:\/\/researchchemicalhub.com\/de_at\/wp-json\/wp\/v2\/product"}],"about":[{"href":"https:\/\/researchchemicalhub.com\/de_at\/wp-json\/wp\/v2\/types\/product"}],"replies":[{"embeddable":true,"href":"https:\/\/researchchemicalhub.com\/de_at\/wp-json\/wp\/v2\/comments?post=23834"}],"version-history":[{"count":7,"href":"https:\/\/researchchemicalhub.com\/de_at\/wp-json\/wp\/v2\/product\/23834\/revisions"}],"predecessor-version":[{"id":27948,"href":"https:\/\/researchchemicalhub.com\/de_at\/wp-json\/wp\/v2\/product\/23834\/revisions\/27948"}],"wp:featuredmedia":[{"embeddable":true,"href":"https:\/\/researchchemicalhub.com\/de_at\/wp-json\/wp\/v2\/media\/28549"}],"wp:attachment":[{"href":"https:\/\/researchchemicalhub.com\/de_at\/wp-json\/wp\/v2\/media?parent=23834"}],"wp:term":[{"taxonomy":"product_brand","embeddable":true,"href":"https:\/\/researchchemicalhub.com\/de_at\/wp-json\/wp\/v2\/product_brand?post=23834"},{"taxonomy":"product_cat","embeddable":true,"href":"https:\/\/researchchemicalhub.com\/de_at\/wp-json\/wp\/v2\/product_cat?post=23834"},{"taxonomy":"product_tag","embeddable":true,"href":"https:\/\/researchchemicalhub.com\/de_at\/wp-json\/wp\/v2\/product_tag?post=23834"}],"curies":[{"name":"wp","href":"https:\/\/api.w.org\/{rel}","templated":true}]}}