{"id":23801,"date":"2025-04-13T17:40:27","date_gmt":"2025-04-13T17:40:27","guid":{"rendered":"https:\/\/researchchemicalhub.com\/?post_type=product&#038;p=23801"},"modified":"2025-10-30T08:17:31","modified_gmt":"2025-10-30T08:17:31","slug":"4-marz","status":"publish","type":"product","link":"https:\/\/researchchemicalhub.com\/de_at\/geschaft\/aminorex\/4-marz\/","title":{"rendered":"4F-MAR (4-Fluor-4-methylaminorex)"},"content":{"rendered":"<p data-start=\"4818\" data-end=\"5118\"><strong data-start=\"4818\" data-end=\"4856\">4F-MAR (4-Fluor-4-methylaminorex)<\/strong> ist ein <strong data-start=\"4864\" data-end=\"4897\">synthetisches Aminorex-Derivat<\/strong> das geh\u00f6rt zu den <strong data-start=\"4917\" data-end=\"4937\">Oxazolin-Klasse<\/strong>Es wird verwendet als <strong data-start=\"4962\" data-end=\"4985\">Referenzmaterial<\/strong> in analytischen und forensischen Labors, um die chemische Struktur und Eigenschaften \u00e4hnlicher Verbindungen zu untersuchen. 4FMAR<\/p>\n<p data-start=\"5120\" data-end=\"5377\">Dieses Produkt ist <strong data-start=\"5135\" data-end=\"5190\">ausschlie\u00dflich f\u00fcr wissenschaftliche Forschung bestimmt<\/strong> Und <strong data-start=\"5194\" data-end=\"5251\">nicht f\u00fcr den menschlichen oder tierischen Verzehr geeignet<\/strong>Die Forschung zu 4F-MAR tr\u00e4gt zur Entwicklung von Nachweis- und Analysemethoden in der forensischen Toxikologie bei.<\/p>\n<hr data-start=\"5379\" data-end=\"5382\" \/>\n<h3 data-start=\"5384\" data-end=\"5415\"><strong data-start=\"5388\" data-end=\"5415\">Hauptmerkmale<\/strong><\/h3>\n<ul data-start=\"5417\" data-end=\"5939\">\n<li data-start=\"5417\" data-end=\"5519\">\n<p data-start=\"5419\" data-end=\"5519\"><strong data-start=\"5419\" data-end=\"5439\">Hohe Reinheit:<\/strong> Hergestellt unter kontrollierten Bedingungen f\u00fcr zuverl\u00e4ssige Ergebnisse.<\/p>\n<\/li>\n<li data-start=\"5520\" data-end=\"5629\">\n<p data-start=\"5522\" data-end=\"5629\"><strong data-start=\"5522\" data-end=\"5561\">Zertifiziertes Referenzmaterial:<\/strong> Geliefert mit <strong data-start=\"5575\" data-end=\"5603\">Analysezertifikat (COA)<\/strong> und Reinheitsdaten.<\/p>\n<\/li>\n<li data-start=\"5630\" data-end=\"5734\">\n<p data-start=\"5632\" data-end=\"5734\"><strong data-start=\"5632\" data-end=\"5658\">Forensisch anwendbar:<\/strong> Geeignet f\u00fcr chemisches Profiling und toxikologische Referenzforschung. 4FMAR<\/p>\n<\/li>\n<li data-start=\"5735\" data-end=\"5837\">\n<p data-start=\"5737\" data-end=\"5837\"><strong data-start=\"5737\" data-end=\"5774\">Kompatibel mit Analyseger\u00e4ten:<\/strong> Geeignet f\u00fcr den Einsatz mit <strong data-start=\"5801\" data-end=\"5810\">GC-MS<\/strong>, <strong data-start=\"5812\" data-end=\"5821\">LC-MS<\/strong>, Und <strong data-start=\"5826\" data-end=\"5834\">HPLC<\/strong>.<\/p>\n<\/li>\n<li data-start=\"5838\" data-end=\"5939\">\n<p data-start=\"5840\" data-end=\"5939\"><strong data-start=\"5840\" data-end=\"5860\">Stabiles Produkt:<\/strong> Konzipiert f\u00fcr die Langzeitlagerung unter Standardlaborbedingungen.<\/p>\n<\/li>\n<\/ul>\n<hr data-start=\"5941\" data-end=\"5944\" \/>\n<h3 data-start=\"5946\" data-end=\"5963\"><strong data-start=\"5950\" data-end=\"5963\">Vorteile<\/strong><\/h3>\n<ul data-start=\"5965\" data-end=\"6483\">\n<li data-start=\"5965\" data-end=\"6078\">\n<p data-start=\"5967\" data-end=\"6078\"><strong data-start=\"5967\" data-end=\"6003\">Unterst\u00fctzt forensische Analysen:<\/strong> Hilft bei der Identifizierung von Aminorex-Analoga in Forschungsproben.<\/p>\n<\/li>\n<li data-start=\"6079\" data-end=\"6182\">\n<p data-start=\"6081\" data-end=\"6182\"><strong data-start=\"6081\" data-end=\"6121\">Erh\u00f6ht die analytische Genauigkeit:<\/strong> Bietet einen zuverl\u00e4ssigen Ma\u00dfstab f\u00fcr die Laborkalibrierung.<\/p>\n<\/li>\n<li data-start=\"6183\" data-end=\"6284\">\n<p data-start=\"6185\" data-end=\"6284\"><strong data-start=\"6185\" data-end=\"6218\">Wissenschaftliche Relevanz:<\/strong> Geeignet f\u00fcr chemische, strukturelle und toxikologische Studien.<\/p>\n<\/li>\n<li data-start=\"6285\" data-end=\"6383\">\n<p data-start=\"6287\" data-end=\"6383\"><strong data-start=\"6287\" data-end=\"6320\">Erf\u00fcllt Qualit\u00e4tsstandards:<\/strong> Hergestellt nach internationalen Laborrichtlinien.<\/p>\n<\/li>\n<li data-start=\"6384\" data-end=\"6483\">\n<p data-start=\"6386\" data-end=\"6483\"><strong data-start=\"6386\" data-end=\"6417\">Breite Anwendbarkeit in der Forschung:<\/strong> Wird in der toxikologischen und analytischen Ausbildung und Forschung verwendet.<\/p>\n<\/li>\n<\/ul>\n<hr data-start=\"6485\" data-end=\"6488\" \/>\n<h3 data-start=\"6490\" data-end=\"6551\"><strong data-start=\"6494\" data-end=\"6551\">Gebrauchsanweisung (nur f\u00fcr Forschungszwecke)<\/strong><\/h3>\n<ol data-start=\"6553\" data-end=\"6940\">\n<li data-start=\"6553\" data-end=\"6655\">\n<p data-start=\"6556\" data-end=\"6655\"><strong data-start=\"6556\" data-end=\"6570\">Handhabung:<\/strong> Nur in akkreditierten Laboren mit entsprechender Sicherheitsausr\u00fcstung verwenden.<\/p>\n<\/li>\n<li data-start=\"6656\" data-end=\"6746\">\n<p data-start=\"6659\" data-end=\"6746\"><strong data-start=\"6659\" data-end=\"6677\">Vorbereitung:<\/strong> Hergestellt gem\u00e4\u00df validierten Protokollen f\u00fcr analytische Tests.<\/p>\n<\/li>\n<li data-start=\"6747\" data-end=\"6848\">\n<p data-start=\"6750\" data-end=\"6848\"><strong data-start=\"6750\" data-end=\"6761\">Lagerung:<\/strong> K\u00fchl, trocken und dunkel lagern, fest verschlossen in einem chemisch best\u00e4ndigen Beh\u00e4lter.<\/p>\n<\/li>\n<li data-start=\"6849\" data-end=\"6940\">\n<p data-start=\"6852\" data-end=\"6940\"><strong data-start=\"6852\" data-end=\"6863\">Entsorgung:<\/strong> Entsorgen Sie R\u00fcckst\u00e4nde gem\u00e4\u00df den \u00f6rtlichen Richtlinien zur Entsorgung chemischer Abf\u00e4lle.<\/p>\n<\/li>\n<\/ol>\n<hr data-start=\"6942\" data-end=\"6945\" \/>\n<h3 data-start=\"6947\" data-end=\"6981\"><strong data-start=\"6951\" data-end=\"6981\">Sicherheit und Compliance<\/strong><\/h3>\n<ul data-start=\"6983\" data-end=\"7382\">\n<li data-start=\"6983\" data-end=\"7077\">\n<p data-start=\"6985\" data-end=\"7077\"><strong data-start=\"6985\" data-end=\"7021\">Nur f\u00fcr den Laborgebrauch:<\/strong> Nicht f\u00fcr den menschlichen oder tierischen Verzehr bestimmt.<\/p>\n<\/li>\n<li data-start=\"7078\" data-end=\"7200\">\n<p data-start=\"7080\" data-end=\"7200\"><strong data-start=\"7080\" data-end=\"7108\">Rechtliche Hinweise:<\/strong> \u00dcberpr\u00fcfen Sie immer die \u00f6rtlichen Gesetze bez\u00fcglich des Besitzes und der Verwendung von 4F-MAR.<\/p>\n<\/li>\n<li data-start=\"7201\" data-end=\"7257\">\n<p data-start=\"7203\" data-end=\"7257\"><strong data-start=\"7203\" data-end=\"7221\">Sicheres Arbeiten:<\/strong> Einatmen und Hautkontakt vermeiden.<\/p>\n<\/li>\n<li data-start=\"7258\" data-end=\"7382\">\n<p data-start=\"7260\" data-end=\"7382\"><strong data-start=\"7260\" data-end=\"7277\">Dokumentation:<\/strong> A <strong data-start=\"7282\" data-end=\"7318\">Sicherheitsdatenblatt (MSDS)<\/strong> Und <strong data-start=\"7322\" data-end=\"7350\">Analysezertifikat (COA)<\/strong> sind auf Anfrage erh\u00e4ltlich.<\/p>\n<\/li>\n<\/ul>\n<hr data-start=\"7384\" data-end=\"7387\" \/>\n<h3 data-start=\"7389\" data-end=\"7424\"><strong data-start=\"7393\" data-end=\"7424\">H\u00e4ufig gestellte Fragen (FAQs)<\/strong><\/h3>\n<p data-start=\"7426\" data-end=\"7579\"><strong data-start=\"7426\" data-end=\"7464\">1. Wof\u00fcr wird 4F-MAR angewendet?<\/strong><br data-start=\"7464\" data-end=\"7467\" \/>4F-MAR wird verwendet als <strong data-start=\"7493\" data-end=\"7511\">Referenzsubstanz<\/strong> f\u00fcr analytische und forensische Studien von Aminorex-Analoga.<\/p>\n<p data-start=\"7581\" data-end=\"7755\"><strong data-start=\"7581\" data-end=\"7632\">2. Ist 4F-MAR f\u00fcr den menschlichen Verzehr unbedenklich?<\/strong><br data-start=\"7632\" data-end=\"7635\" \/>Nein. Dieses Produkt ist <strong data-start=\"7655\" data-end=\"7693\">nur f\u00fcr Forschungszwecke bestimmt<\/strong> Und <strong data-start=\"7697\" data-end=\"7754\">nicht f\u00fcr den menschlichen oder tierischen Verzehr geeignet<\/strong>.<\/p>\n<p data-start=\"7757\" data-end=\"7871\"><strong data-start=\"7757\" data-end=\"7798\">3. Wie ist 4F-MAR aufzubewahren?<\/strong><br data-start=\"7798\" data-end=\"7801\" \/>K\u00fchl, dunkel, dicht verschlossen und au\u00dferhalb der Reichweite unbefugter Personen lagern.<\/p>\n<p><em>.<a href=\"https:\/\/researchchemicalhub.com\/de_at\/geschaft\/iboga-ibogain\/iboga-wurzelrinde\/\">Iboga-Wurzelrinde<\/a> <a href=\"https:\/\/researchchemicalhub.com\/de_at\/geschaft\/iboga-ibogain\/ibogain-hcl-online-kaufen\/\">Ibogain HCL online kaufen<\/a> <a href=\"https:\/\/researchchemicalhub.com\/de_at\/geschaft\/lysergamide\/1cp-lsd\/\">1cp LSD<\/a> <a href=\"https:\/\/researchchemicalhub.com\/de_at\/geschaft\/pellets\/o-dsmt-50-mg-pellets\/\">o-dsmt<\/a> <a href=\"https:\/\/researchchemicalhub.com\/de_at\/geschaft\/lysergamide\/1vlsd\/\">1vlsd<\/a>\u00a0<\/em><\/p>","protected":false},"excerpt":{"rendered":"<h2>4F-M\u00c4RZ \/ <b>4\u2032-Fluor-4-methylaminorex \/ 4-FPO<\/b> Eigenschaften<\/h2>\n<p><strong>CAS-Nummer<\/strong>: 1364933-64-1<br \/>\n<strong>Formel<\/strong>: <span title=\"Kohlenstoff\">C<\/span><sub>10<\/sub><span title=\"Wasserstoff\">H<\/span><sub>11<\/sub><span title=\"Fluor\">F<\/span><span title=\"Stickstoff\">N<\/span><sub>2<\/sub><span title=\"Sauerstoff\">O<\/span><br \/>\n<strong>Molare Masse<\/strong>: <span class=\"nowrap\">194.209<\/span> g mol<br \/>\n<strong>Reinheit<\/strong>: \u226598%<\/p>","protected":false},"featured_media":28437,"comment_status":"closed","ping_status":"closed","template":"","meta":[],"product_brand":[],"product_cat":[552],"product_tag":[776,1110,326],"class_list":{"0":"post-23801","1":"product","2":"type-product","3":"status-publish","4":"has-post-thumbnail","6":"product_cat-aminorex","7":"product_tag-4fma","8":"product_tag-4fmar-kopen","9":"product_tag-nl","11":"first","12":"instock","13":"taxable","14":"shipping-taxable","15":"purchasable","16":"product-type-variable"},"_links":{"self":[{"href":"https:\/\/researchchemicalhub.com\/de_at\/wp-json\/wp\/v2\/product\/23801","targetHints":{"allow":["GET"]}}],"collection":[{"href":"https:\/\/researchchemicalhub.com\/de_at\/wp-json\/wp\/v2\/product"}],"about":[{"href":"https:\/\/researchchemicalhub.com\/de_at\/wp-json\/wp\/v2\/types\/product"}],"replies":[{"embeddable":true,"href":"https:\/\/researchchemicalhub.com\/de_at\/wp-json\/wp\/v2\/comments?post=23801"}],"version-history":[{"count":6,"href":"https:\/\/researchchemicalhub.com\/de_at\/wp-json\/wp\/v2\/product\/23801\/revisions"}],"predecessor-version":[{"id":27951,"href":"https:\/\/researchchemicalhub.com\/de_at\/wp-json\/wp\/v2\/product\/23801\/revisions\/27951"}],"wp:featuredmedia":[{"embeddable":true,"href":"https:\/\/researchchemicalhub.com\/de_at\/wp-json\/wp\/v2\/media\/28437"}],"wp:attachment":[{"href":"https:\/\/researchchemicalhub.com\/de_at\/wp-json\/wp\/v2\/media?parent=23801"}],"wp:term":[{"taxonomy":"product_brand","embeddable":true,"href":"https:\/\/researchchemicalhub.com\/de_at\/wp-json\/wp\/v2\/product_brand?post=23801"},{"taxonomy":"product_cat","embeddable":true,"href":"https:\/\/researchchemicalhub.com\/de_at\/wp-json\/wp\/v2\/product_cat?post=23801"},{"taxonomy":"product_tag","embeddable":true,"href":"https:\/\/researchchemicalhub.com\/de_at\/wp-json\/wp\/v2\/product_tag?post=23801"}],"curies":[{"name":"wp","href":"https:\/\/api.w.org\/{rel}","templated":true}]}}