{"id":23663,"date":"2025-04-13T17:40:11","date_gmt":"2025-04-13T17:40:11","guid":{"rendered":"https:\/\/researchchemicalhub.com\/?post_type=product&#038;p=23663"},"modified":"2025-10-18T13:43:29","modified_gmt":"2025-10-18T13:43:29","slug":"fluborizolam-fanax-riegel-05-mg","status":"publish","type":"product","link":"https:\/\/researchchemicalhub.com\/de_at\/geschaft\/benzodiazepine\/fluborizolam-fanax-riegel-05-mg\/","title":{"rendered":"Fluborizolam Fanax Riegel 0,5 mg"},"content":{"rendered":"<h3 data-start=\"2659\" data-end=\"2734\"><strong data-start=\"2663\" data-end=\"2734\">Fluborizolam Fanax Riegel 0,5 mg<\/strong><\/h3>\n<h3 data-start=\"2736\" data-end=\"2755\"><strong data-start=\"2740\" data-end=\"2755\">Einf\u00fchrung<\/strong><\/h3>\n<p data-start=\"2756\" data-end=\"3160\">Flubrotizolam Fanax Bars 0,5 MG sind hochwertige Tabletten in Forschungsqualit\u00e4t, die f\u00fcr ihre hohe Wirksamkeit und Zuverl\u00e4ssigkeit bekannt sind. Jeder Riegel enth\u00e4lt eine pr\u00e4zise Dosis von <strong data-start=\"2930\" data-end=\"2954\">0,5 mg Fluborizolam<\/strong>, eine Verbindung, die f\u00fcr ihre starke <strong data-start=\"3000\" data-end=\"3064\">beruhigende, angstl\u00f6sende und schlaff\u00f6rdernde Eigenschaften<\/strong>Diese Riegel werden haupts\u00e4chlich in der Laborforschung zu Thienotriazolodiazepinen verwendet.<\/p>\n<hr data-start=\"3162\" data-end=\"3165\" \/>\n<h3 data-start=\"3167\" data-end=\"3198\"><strong data-start=\"3171\" data-end=\"3198\">Hauptmerkmale<\/strong><\/h3>\n<ul data-start=\"3199\" data-end=\"3738\">\n<li data-start=\"3199\" data-end=\"3319\">\n<p data-start=\"3201\" data-end=\"3319\"><strong data-start=\"3201\" data-end=\"3226\">Genaue Dosierung:<\/strong> Jeder Riegel enth\u00e4lt genau 0,5 mg hochreines Fluborizolam f\u00fcr gleichbleibende Ergebnisse.<\/p>\n<\/li>\n<li data-start=\"3320\" data-end=\"3435\">\n<p data-start=\"3322\" data-end=\"3435\"><strong data-start=\"3322\" data-end=\"3348\">Laborqualit\u00e4t:<\/strong> Hergestellt unter strengen Qualit\u00e4tsstandards f\u00fcr maximale Reinheit und Stabilit\u00e4t.<\/p>\n<\/li>\n<li data-start=\"3436\" data-end=\"3533\">\n<p data-start=\"3438\" data-end=\"3533\"><strong data-start=\"3438\" data-end=\"3458\">Kompaktes Design:<\/strong> Einfache Handhabung f\u00fcr einen kontrollierten und sicheren Einsatz in der Forschung.<\/p>\n<\/li>\n<li data-start=\"3534\" data-end=\"3635\">\n<p data-start=\"3536\" data-end=\"3635\"><strong data-start=\"3536\" data-end=\"3571\">Ver\u00f6ffentlichtes Forschungsprofil:<\/strong> Bekannt f\u00fcr seine stark beruhigende und muskelentspannende Wirkung.<\/p>\n<\/li>\n<li data-start=\"3636\" data-end=\"3738\">\n<p data-start=\"3638\" data-end=\"3738\"><strong data-start=\"3638\" data-end=\"3661\">Sichere Verpackung:<\/strong> Luftdicht versiegelt, um die Produktintegrit\u00e4t w\u00e4hrend des Transports zu gew\u00e4hrleisten.<\/p>\n<\/li>\n<\/ul>\n<hr data-start=\"3740\" data-end=\"3743\" \/>\n<h3 data-start=\"3745\" data-end=\"3762\"><strong data-start=\"3749\" data-end=\"3762\">Vorteile<\/strong><\/h3>\n<ul data-start=\"3763\" data-end=\"4059\">\n<li data-start=\"3763\" data-end=\"3851\">\n<p data-start=\"3765\" data-end=\"3851\">Macht <strong data-start=\"3771\" data-end=\"3804\">pr\u00e4zise Dosierungskontrolle<\/strong> in wissenschaftlichen Experimenten m\u00f6glich.<\/p>\n<\/li>\n<li data-start=\"3852\" data-end=\"3933\">\n<p data-start=\"3854\" data-end=\"3933\">Angebote <strong data-start=\"3860\" data-end=\"3888\">zuverl\u00e4ssige Konsistenz<\/strong> f\u00fcr reproduzierbare Forschungsergebnisse.<\/p>\n<\/li>\n<li data-start=\"3934\" data-end=\"3994\">\n<p data-start=\"3936\" data-end=\"3994\">Unterst\u00fctzt die Forschung zu <strong data-start=\"3963\" data-end=\"3991\">Schlaf- und Angstmodulation<\/strong>.<\/p>\n<\/li>\n<li data-start=\"3995\" data-end=\"4059\">\n<p data-start=\"3997\" data-end=\"4059\">F\u00f6rdert <strong data-start=\"4007\" data-end=\"4036\">Sicherheit und Effizienz<\/strong> im Labor.<\/p>\n<\/li>\n<\/ul>\n<hr data-start=\"4061\" data-end=\"4064\" \/>\n<h3 data-start=\"4066\" data-end=\"4081\"><strong data-start=\"4070\" data-end=\"4081\">Verwendung<\/strong><\/h3>\n<p data-start=\"4082\" data-end=\"4166\">Dieses Produkt ist <strong data-start=\"4097\" data-end=\"4163\">nur f\u00fcr Labor- und Forschungszwecke bestimmt<\/strong>.<\/p>\n<ul data-start=\"4167\" data-end=\"4378\">\n<li data-start=\"4167\" data-end=\"4253\">\n<p data-start=\"4169\" data-end=\"4253\">Verwenden Sie geeignete Schutzausr\u00fcstung und befolgen Sie die \u00fcblichen Sicherheitsvorkehrungen.<\/p>\n<\/li>\n<li data-start=\"4254\" data-end=\"4319\">\n<p data-start=\"4256\" data-end=\"4319\">K\u00fchl und trocken lagern und vor Sonnenlicht sch\u00fctzen.<\/p>\n<\/li>\n<li data-start=\"4320\" data-end=\"4378\">\n<p data-start=\"4322\" data-end=\"4378\">Nicht f\u00fcr den menschlichen oder tierischen Verzehr geeignet.<\/p>\n<\/li>\n<\/ul>\n<hr data-start=\"4380\" data-end=\"4383\" \/>\n<h3 data-start=\"4385\" data-end=\"4420\"><strong data-start=\"4389\" data-end=\"4420\">H\u00e4ufig gestellte Fragen (FAQs)<\/strong><\/h3>\n<p data-start=\"4422\" data-end=\"4613\"><strong data-start=\"4422\" data-end=\"4486\">1. Wof\u00fcr werden Fluborizolam Fanax Bars 0,5 mg angewendet?<\/strong><br data-start=\"4486\" data-end=\"4489\" \/>Sie dienen der wissenschaftlichen Erforschung der sedierenden und angstl\u00f6senden Wirkung von Thienotriazolodiazepinen.<\/p>\n<p data-start=\"4615\" data-end=\"4783\"><strong data-start=\"4615\" data-end=\"4669\">2. Ist dieses Produkt f\u00fcr den pers\u00f6nlichen Gebrauch sicher?<\/strong><br data-start=\"4669\" data-end=\"4672\" \/>Nein. Dieses Produkt ist nur f\u00fcr den Gebrauch bestimmt <strong data-start=\"4717\" data-end=\"4741\">Forschungszwecke<\/strong> und darf nicht von Menschen eingenommen werden.<\/p>\n<p data-start=\"4785\" data-end=\"4923\"><strong data-start=\"4785\" data-end=\"4828\">3. Wie ist das Produkt aufzubewahren?<\/strong><br data-start=\"4828\" data-end=\"4831\" \/>In einem geschlossenen Beh\u00e4lter bei Raumtemperatur aufbewahren, vor Feuchtigkeit und Hitze sch\u00fctzen.<\/p>","protected":false},"excerpt":{"rendered":"<h3><span data-sheets-value=\"{\" data-sheets-userformat=\"{\"><strong><span style=\"vertical-align: inherit;\"><span style=\"vertical-align: inherit;\"><span dir=\"auto\" style=\"vertical-align: inherit;\"><span dir=\"auto\" style=\"vertical-align: inherit;\">Flubrotizolam Fanax Bars<\/span><\/span><\/span><\/span><\/strong><span style=\"vertical-align: inherit;\"><span style=\"vertical-align: inherit;\"><span dir=\"auto\" style=\"vertical-align: inherit;\"><span dir=\"auto\" style=\"vertical-align: inherit;\"> Properties<\/span><\/span><\/span><\/span><\/span><\/h3>\n<p><strong><span style=\"vertical-align: inherit;\"><span style=\"vertical-align: inherit;\"><span dir=\"auto\" style=\"vertical-align: inherit;\"><span dir=\"auto\" style=\"vertical-align: inherit;\">Synonym:<\/span><\/span><\/span><\/span><\/strong><span style=\"vertical-align: inherit;\"><span style=\"vertical-align: inherit;\"><span dir=\"auto\" style=\"vertical-align: inherit;\"><span dir=\"auto\" style=\"vertical-align: inherit;\"> 2-bromo-4-(2-fluorophenyl)-9-methyl-6H-thieno[3,2-f][1,2,4]triazolo[4,3-a][1,4]diazepine <\/span><\/span><\/span><\/span><br \/>\n<strong><span style=\"vertical-align: inherit;\"><span style=\"vertical-align: inherit;\"><span dir=\"auto\" style=\"vertical-align: inherit;\"><span dir=\"auto\" style=\"vertical-align: inherit;\">CAS Number:<\/span><\/span><\/span><\/span><\/strong><span style=\"vertical-align: inherit;\"><span style=\"vertical-align: inherit;\"><span dir=\"auto\" style=\"vertical-align: inherit;\"><span dir=\"auto\" style=\"vertical-align: inherit;\"> 57801-95-3 <\/span><\/span><\/span><\/span><br \/>\n<strong><span style=\"vertical-align: inherit;\"><span style=\"vertical-align: inherit;\"><span dir=\"auto\" style=\"vertical-align: inherit;\"><span dir=\"auto\" style=\"vertical-align: inherit;\">Formula:<\/span><\/span><\/span><\/span><\/strong><span style=\"vertical-align: inherit;\"><span style=\"vertical-align: inherit;\"><span dir=\"auto\" style=\"vertical-align: inherit;\"><span dir=\"auto\" style=\"vertical-align: inherit;\"> C17H12BrFN4 <\/span><\/span><\/span><\/span><br \/>\n<strong><span style=\"vertical-align: inherit;\"><span style=\"vertical-align: inherit;\"><span dir=\"auto\" style=\"vertical-align: inherit;\"><span dir=\"auto\" style=\"vertical-align: inherit;\">Mole mass:<\/span><\/span><\/span><\/span><\/strong><span style=\"vertical-align: inherit;\"><span style=\"vertical-align: inherit;\"><span dir=\"auto\" style=\"vertical-align: inherit;\"><span dir=\"auto\" style=\"vertical-align: inherit;\"> 377.2 g\/mol <\/span><\/span><\/span><\/span><br \/>\n<strong><span style=\"vertical-align: inherit;\"><span style=\"vertical-align: inherit;\"><span dir=\"auto\" style=\"vertical-align: inherit;\"><span dir=\"auto\" style=\"vertical-align: inherit;\">Purity:<\/span><\/span><\/span><\/span><\/strong><span style=\"vertical-align: inherit;\"><span style=\"vertical-align: inherit;\"><span dir=\"auto\" style=\"vertical-align: inherit;\"><span dir=\"auto\" style=\"vertical-align: inherit;\"> \u226599%<\/span><\/span><\/span><\/span><\/p>\n<p><span style=\"color: #ed1c24;\">\u00a0<\/span><\/p>\n","protected":false},"featured_media":20588,"comment_status":"closed","ping_status":"closed","template":"","meta":[],"product_brand":[],"product_cat":[76,476],"product_tag":[150,1139,326],"class_list":{"0":"post-23663","1":"product","2":"type-product","3":"status-publish","4":"has-post-thumbnail","6":"product_cat-benzodiazepinen","7":"product_cat-flubrotizolam","8":"product_tag-flubrotizolam","9":"product_tag-flubrotizolam-kopen","10":"product_tag-nl","12":"first","13":"instock","14":"taxable","15":"shipping-taxable","16":"purchasable","17":"product-type-variable"},"_links":{"self":[{"href":"https:\/\/researchchemicalhub.com\/de_at\/wp-json\/wp\/v2\/product\/23663","targetHints":{"allow":["GET"]}}],"collection":[{"href":"https:\/\/researchchemicalhub.com\/de_at\/wp-json\/wp\/v2\/product"}],"about":[{"href":"https:\/\/researchchemicalhub.com\/de_at\/wp-json\/wp\/v2\/types\/product"}],"replies":[{"embeddable":true,"href":"https:\/\/researchchemicalhub.com\/de_at\/wp-json\/wp\/v2\/comments?post=23663"}],"version-history":[{"count":5,"href":"https:\/\/researchchemicalhub.com\/de_at\/wp-json\/wp\/v2\/product\/23663\/revisions"}],"predecessor-version":[{"id":27989,"href":"https:\/\/researchchemicalhub.com\/de_at\/wp-json\/wp\/v2\/product\/23663\/revisions\/27989"}],"wp:featuredmedia":[{"embeddable":true,"href":"https:\/\/researchchemicalhub.com\/de_at\/wp-json\/wp\/v2\/media\/20588"}],"wp:attachment":[{"href":"https:\/\/researchchemicalhub.com\/de_at\/wp-json\/wp\/v2\/media?parent=23663"}],"wp:term":[{"taxonomy":"product_brand","embeddable":true,"href":"https:\/\/researchchemicalhub.com\/de_at\/wp-json\/wp\/v2\/product_brand?post=23663"},{"taxonomy":"product_cat","embeddable":true,"href":"https:\/\/researchchemicalhub.com\/de_at\/wp-json\/wp\/v2\/product_cat?post=23663"},{"taxonomy":"product_tag","embeddable":true,"href":"https:\/\/researchchemicalhub.com\/de_at\/wp-json\/wp\/v2\/product_tag?post=23663"}],"curies":[{"name":"wp","href":"https:\/\/api.w.org\/{rel}","templated":true}]}}