{"id":23611,"date":"2025-04-13T17:40:06","date_gmt":"2025-04-13T17:40:06","guid":{"rendered":"https:\/\/researchchemicalhub.com\/?post_type=product&#038;p=23611"},"modified":"2025-10-30T09:11:28","modified_gmt":"2025-10-30T09:11:28","slug":"3-fpm-kaufen-2","status":"publish","type":"product","link":"https:\/\/researchchemicalhub.com\/de_at\/geschaft\/3-fus-pro-minute\/3-fpm-kaufen-2\/","title":{"rendered":"3-FPM 50 MG Pellets (3-Fluorophenmetrazin)"},"content":{"rendered":"<h1><strong><span dir=\"auto\" style=\"vertical-align: inherit;\"><span dir=\"auto\" style=\"vertical-align: inherit;\">3 fpm 50 MG Pellets (3-Fluorophenmetrazin) \u2013 Qualit\u00e4t und Pr\u00e4zision in der Forschung<\/span><\/span><\/strong><\/h1>\n<p data-start=\"3687\" data-end=\"4034\"><strong data-start=\"3687\" data-end=\"3720\">3-FPM (3-Fluorophenmetrazin)<\/strong> 50 MG Pellets sind <strong data-start=\"3740\" data-end=\"3786\">hochreine Forschungsverbindungen<\/strong>, entwickelt f\u00fcr <strong data-start=\"3804\" data-end=\"3857\">neurowissenschaftliche und pharmakologische Forschung<\/strong>. 3 fpm kaufen<br data-start=\"3858\" data-end=\"3861\" \/>Als fluorierte Variante von <strong data-start=\"3894\" data-end=\"3911\">Phenmetrazin<\/strong> 3-FPM wird auf sein Potenzial untersucht, Einblicke in <strong data-start=\"3982\" data-end=\"4031\">dopaminerge und noradrenerge Transportsysteme<\/strong>.<\/p>\n<p data-start=\"4036\" data-end=\"4294\">Jedes Pellet enth\u00e4lt <strong data-start=\"4054\" data-end=\"4085\">50 mg 3-Fluorophenmetrazin<\/strong>, sorgf\u00e4ltig gemessen f\u00fcr genaue Dosierung und zuverl\u00e4ssige Forschungsergebnisse. Dieses Produkt ist nur bestimmt f\u00fcr <strong data-start=\"4211\" data-end=\"4243\">qualifizierte Forscher<\/strong> Und <strong data-start=\"4247\" data-end=\"4291\">nicht f\u00fcr den menschlichen Verzehr geeignet<\/strong>.<\/p>\n<blockquote data-start=\"4296\" data-end=\"4391\">\n<p data-start=\"4298\" data-end=\"4391\">\u26a0\ufe0f <strong data-start=\"4301\" data-end=\"4312\">Hinweis:<\/strong> 3-FPM 50 MG Pellets sind <strong data-start=\"4338\" data-end=\"4388\">nur f\u00fcr Laborforschung bestimmt<\/strong>.<\/p>\n<\/blockquote>\n<hr data-start=\"4393\" data-end=\"4396\" \/>\n<h3 data-start=\"4398\" data-end=\"4429\"><strong data-start=\"4402\" data-end=\"4429\">Hauptmerkmale<\/strong><\/h3>\n<ul data-start=\"4430\" data-end=\"4879\">\n<li data-start=\"4430\" data-end=\"4525\">\n<p data-start=\"4432\" data-end=\"4525\"><strong data-start=\"4432\" data-end=\"4458\">Hohe Reinheit (\u226599%)<\/strong> \u2013 Im Labor auf Qualit\u00e4t, Stabilit\u00e4t und Zusammensetzung gepr\u00fcft.<\/p>\n<\/li>\n<li data-start=\"4526\" data-end=\"4614\">\n<p data-start=\"4528\" data-end=\"4614\"><strong data-start=\"4528\" data-end=\"4571\">Genaue Dosierung (50 mg pro Pellet)<\/strong> \u2013 Gew\u00e4hrleistet reproduzierbare Ergebnisse.<\/p>\n<\/li>\n<li data-start=\"4615\" data-end=\"4704\">\n<p data-start=\"4617\" data-end=\"4704\"><strong data-start=\"4617\" data-end=\"4643\">Verbesserte Stabilit\u00e4t<\/strong> \u2013 Die Pelletform verhindert den Abbau und verl\u00e4ngert die Haltbarkeit.<\/p>\n<\/li>\n<li data-start=\"4705\" data-end=\"4783\">\n<p data-start=\"4707\" data-end=\"4783\"><strong data-start=\"4707\" data-end=\"4732\">GMP-konforme Produktion<\/strong> \u2013 Garantierte Konsistenz und Zuverl\u00e4ssigkeit.<\/p>\n<\/li>\n<li data-start=\"4784\" data-end=\"4879\">\n<p data-start=\"4786\" data-end=\"4879\"><strong data-start=\"4786\" data-end=\"4808\">Sichere Verpackung<\/strong> \u2013 Luftdichte und feuchtigkeitsdichte Verpackung sch\u00fctzt die Verbindung. Kaufen Sie 3 fpm<\/p>\n<\/li>\n<\/ul>\n<hr data-start=\"4881\" data-end=\"4884\" \/>\n<h3 data-start=\"4886\" data-end=\"4903\"><strong data-start=\"4890\" data-end=\"4903\">Vorteile<\/strong><\/h3>\n<ul data-start=\"4904\" data-end=\"5187\">\n<li data-start=\"4904\" data-end=\"4980\">\n<p data-start=\"4906\" data-end=\"4980\">Bietet <strong data-start=\"4917\" data-end=\"4941\">pr\u00e4zise Dosierung<\/strong> und verl\u00e4ssliche Forschungsergebnisse.<\/p>\n<\/li>\n<li data-start=\"4981\" data-end=\"5058\">\n<p data-start=\"4983\" data-end=\"5058\">Passend f\u00fcr <strong data-start=\"4997\" data-end=\"5055\">Forschung zu Stimulanzien und Neurotransmittersystemen<\/strong>.<\/p>\n<\/li>\n<li data-start=\"5059\" data-end=\"5107\">\n<p data-start=\"5061\" data-end=\"5107\"><strong data-start=\"5061\" data-end=\"5083\">Lange Haltbarkeit<\/strong> und einfache Lagerung.<\/p>\n<\/li>\n<li data-start=\"5108\" data-end=\"5187\">\n<p data-start=\"5110\" data-end=\"5187\"><strong data-start=\"5110\" data-end=\"5143\">Benutzerfreundlich und sicher<\/strong> in kontrollierten Laborumgebungen.<\/p>\n<\/li>\n<\/ul>\n<hr data-start=\"5189\" data-end=\"5192\" \/>\n<h3 data-start=\"5194\" data-end=\"5209\"><strong data-start=\"5198\" data-end=\"5209\">Verwendung<\/strong><\/h3>\n<ul data-start=\"5210\" data-end=\"5490\">\n<li data-start=\"5210\" data-end=\"5272\">\n<p data-start=\"5212\" data-end=\"5272\">Nur f\u00fcr <strong data-start=\"5224\" data-end=\"5269\">wissenschaftliche und Laborforschung<\/strong>.<\/p>\n<\/li>\n<li data-start=\"5273\" data-end=\"5356\">\n<p data-start=\"5275\" data-end=\"5356\">Tragen Sie geeignete <strong data-start=\"5291\" data-end=\"5315\">Schutzausr\u00fcstung<\/strong> wie Handschuhe und Schutzbrille.<\/p>\n<\/li>\n<li data-start=\"5357\" data-end=\"5432\">\n<p data-start=\"5359\" data-end=\"5432\">Sparen Sie bei einem <strong data-start=\"5374\" data-end=\"5397\">k\u00fchl und trocken lagern<\/strong>, vor Licht und Feuchtigkeit gesch\u00fctzt.<\/p>\n<\/li>\n<li data-start=\"5433\" data-end=\"5490\">\n<p data-start=\"5435\" data-end=\"5490\">Nicht f\u00fcr den menschlichen oder tierischen Verzehr bestimmt.<\/p>\n<\/li>\n<\/ul>\n<hr data-start=\"5492\" data-end=\"5495\" \/>\n<h3 data-start=\"5497\" data-end=\"5532\"><strong data-start=\"5501\" data-end=\"5532\">H\u00e4ufig gestellte Fragen (FAQs)<\/strong><\/h3>\n<p data-start=\"5534\" data-end=\"5687\"><strong data-start=\"5534\" data-end=\"5571\">1. Wof\u00fcr wird 3-FPM verwendet?<\/strong><br data-start=\"5571\" data-end=\"5574\" \/>3-FPM wird verwendet in <strong data-start=\"5598\" data-end=\"5633\">neurowissenschaftliche Forschung<\/strong> auf Stimulanzien und Monoamintransportmechanismen.<\/p>\n<p data-start=\"5689\" data-end=\"5865\"><strong data-start=\"5689\" data-end=\"5743\">2. Ist 3-FPM 50 MG f\u00fcr die Anwendung beim Menschen geeignet?<\/strong><br data-start=\"5743\" data-end=\"5746\" \/>Nein. Dieses Produkt ist <strong data-start=\"5766\" data-end=\"5815\">nur f\u00fcr Forschungszwecke bestimmt<\/strong> und nicht f\u00fcr den menschlichen Verzehr zugelassen.<\/p>\n<p data-start=\"5867\" data-end=\"6035\"><strong data-start=\"5867\" data-end=\"5910\">3. Wie ist 3-FPM 50 MG aufzubewahren?<\/strong><br data-start=\"5910\" data-end=\"5913\" \/>Lagern Sie in einem <strong data-start=\"5928\" data-end=\"5958\">gut verschlossene Verpackung<\/strong> bei Raumtemperatur (15\u201325 \u00b0C), vor Feuchtigkeit und direkter Sonneneinstrahlung gesch\u00fctzt.<\/p>\n<h3><a style=\"font-size: 16px;\" href=\"https:\/\/researchchemicalhub.com\/de_at\/geschaft\/iboga-ibogain\/iboga-wurzelrinde\/\"><span dir=\"auto\" style=\"vertical-align: inherit;\"><span dir=\"auto\" style=\"vertical-align: inherit;\">Iboga-Wurzelrinde<\/span><\/span><\/a><a style=\"font-size: 16px;\" href=\"https:\/\/researchchemicalhub.com\/de_at\/geschaft\/iboga-ibogain\/ibogain-hcl-online-kaufen\/\"><span dir=\"auto\" style=\"vertical-align: inherit;\"><span dir=\"auto\" style=\"vertical-align: inherit;\">\u200b Ibogain HCL online kaufen<\/span><\/span><\/a><a style=\"font-size: 16px;\" href=\"https:\/\/researchchemicalhub.com\/de_at\/geschaft\/lysergamide\/1cp-lsd\/\"><span dir=\"auto\" style=\"vertical-align: inherit;\"><span dir=\"auto\" style=\"vertical-align: inherit;\">1cp lsd <\/span><\/span><\/a><a style=\"font-size: 16px;\" href=\"https:\/\/researchchemicalhub.com\/de_at\/geschaft\/pellets\/o-dsmt-50-mg-pellets\/\"><span dir=\"auto\" style=\"vertical-align: inherit;\"><span dir=\"auto\" style=\"vertical-align: inherit;\">o-dsmt <\/span><\/span><\/a><a style=\"font-size: 16px;\" href=\"https:\/\/researchchemicalhub.com\/de_at\/geschaft\/lysergamide\/1vlsd\/\"><span dir=\"auto\" style=\"vertical-align: inherit;\"><span dir=\"auto\" style=\"vertical-align: inherit;\">1vlsd<\/span><\/span><\/a><\/h3>","protected":false},"excerpt":{"rendered":"<p>3 fpm 50 MG Pellets (3-Fluorophenmetrazine) \u2013 Quality and Precision in Research 3-FPM (3-Fluorophenmetrazine) 50 MG Pellets zijn onderzoeksverbindingen van<\/p>","protected":false},"featured_media":28406,"comment_status":"closed","ping_status":"closed","template":"","meta":[],"product_brand":[82],"product_cat":[441,442,322,333,324],"product_tag":[606,601,605,326],"class_list":{"0":"post-23611","1":"product","2":"type-product","3":"status-publish","4":"has-post-thumbnail","6":"product_brand-research-chemical","7":"product_cat-3-fpm","8":"product_cat-3-fpm-pellets","9":"product_cat-bijna-verboden","10":"product_cat-gefluoreerden","11":"product_cat-pellets-for-pellet","12":"product_tag-3-fluorophenmetrazine","13":"product_tag-3-fpm","14":"product_tag-3fpm","15":"product_tag-nl","17":"first","18":"instock","19":"taxable","20":"shipping-taxable","21":"purchasable","22":"product-type-variable"},"_links":{"self":[{"href":"https:\/\/researchchemicalhub.com\/de_at\/wp-json\/wp\/v2\/product\/23611","targetHints":{"allow":["GET"]}}],"collection":[{"href":"https:\/\/researchchemicalhub.com\/de_at\/wp-json\/wp\/v2\/product"}],"about":[{"href":"https:\/\/researchchemicalhub.com\/de_at\/wp-json\/wp\/v2\/types\/product"}],"replies":[{"embeddable":true,"href":"https:\/\/researchchemicalhub.com\/de_at\/wp-json\/wp\/v2\/comments?post=23611"}],"version-history":[{"count":5,"href":"https:\/\/researchchemicalhub.com\/de_at\/wp-json\/wp\/v2\/product\/23611\/revisions"}],"predecessor-version":[{"id":27994,"href":"https:\/\/researchchemicalhub.com\/de_at\/wp-json\/wp\/v2\/product\/23611\/revisions\/27994"}],"wp:featuredmedia":[{"embeddable":true,"href":"https:\/\/researchchemicalhub.com\/de_at\/wp-json\/wp\/v2\/media\/28406"}],"wp:attachment":[{"href":"https:\/\/researchchemicalhub.com\/de_at\/wp-json\/wp\/v2\/media?parent=23611"}],"wp:term":[{"taxonomy":"product_brand","embeddable":true,"href":"https:\/\/researchchemicalhub.com\/de_at\/wp-json\/wp\/v2\/product_brand?post=23611"},{"taxonomy":"product_cat","embeddable":true,"href":"https:\/\/researchchemicalhub.com\/de_at\/wp-json\/wp\/v2\/product_cat?post=23611"},{"taxonomy":"product_tag","embeddable":true,"href":"https:\/\/researchchemicalhub.com\/de_at\/wp-json\/wp\/v2\/product_tag?post=23611"}],"curies":[{"name":"wp","href":"https:\/\/api.w.org\/{rel}","templated":true}]}}