{"id":26132,"date":"2025-10-20T01:31:17","date_gmt":"2025-10-20T01:31:17","guid":{"rendered":"https:\/\/researchchemicalhub.com\/?post_type=product&#038;p=26132"},"modified":"2025-10-21T05:53:59","modified_gmt":"2025-10-21T05:53:59","slug":"ibogain-hcl-kaufen","status":"publish","type":"product","link":"https:\/\/researchchemicalhub.com\/de\/geschaft\/iboga-ibogain\/ibogain-hcl-kaufen\/","title":{"rendered":"Kaufen Sie Ibogain HCL"},"content":{"rendered":"<h2>Kaufen Sie Ibogain HCL<\/h2>\n<div class=\"sm-table-layout__cell sm-table-layout__cell_align_left sm-table-layout__cell_fixed-cell_phrase\" role=\"cell\" data-testid=\"table-cell-keyword\">\n<div class=\"sm-cell-phrase\"><span class=\"___SText_anxqe-kmt_\" data-ui-name=\"Link.Text\">Ibogain HCL online kaufen, <\/span>Kaufen Sie Ibogain HCL. Ibogain ist der in der afrikanischen Tabernanthe-Iboga-Wurzel vorkommende chemische Wirkstoff, der k\u00f6rperliche Entzugserscheinungen beseitigt und das Verlangen nach Drogen ein f\u00fcr alle Mal unterbricht. Ibogain HCL hat sich als das wirksamste Heilmittel zur Behandlung von Suchterkrankungen erwiesen. Bei richtiger Anwendung sind die Ergebnisse 100% effektiv. Wir bieten Iboga vorverpackt in Kapseln an, was die Dosierung erleichtert und die Einnahme vereinfacht.<\/div>\n<\/div>\n<p>Aus der Wurzelrinde von Tabernanthe Iboga gewonnen. In der zweiten Schicht der Ibogarinde sind etwa 12 verschiedene Alkaloide enthalten. Die drei am h\u00e4ufigsten extrahierten Alkaloide sind Ibogain, Ibogamin und Ibogalin. Als chemische Verbindung von Ibogain wird Ibogain HCL zur Behandlung von Suchterkrankungen eingesetzt. Ibogain HCL ist eine nat\u00fcrlich vorkommende Verbindung, die aus dem in Afrika heimischen Tabernanthe-iboga-Strauch gewonnen wird. Wird verwendet, um Giftstoffe (wie Opiate und andere Drogen) aus dem K\u00f6rper zu sp\u00fclen und die unangenehmen Symptome, die mit dem k\u00f6rperlichen Entzug bei Drogenmissbrauch einhergehen, drastisch zu reduzieren.<\/p>\n<p>Ibogain HCL ist die dritte Klasse von Ibogain und wird am h\u00e4ufigsten in der Suchttherapie eingesetzt. Es durchl\u00e4uft einen speziellen Reinigungsprozess mit HCL, der verschiedene Verunreinigungen und andere Substanzen entfernt. Dar\u00fcber hinaus enth\u00e4lt Ibogain HCL etwa 85\u201399 Prozent reines Ibogain.<\/p>\n<h2>Ibogain HCL zu verkaufen<\/h2>\n<p>Normalerweise wird Ibogain HCL in einem medizinischen Umfeld unter Aufsicht von professionell ausgebildeten, zertifizierten \u00c4rzten und Krankenschwestern verwendet. Es ist hilfreich, einer Person, die mit Substanzmissbrauch k\u00e4mpft, dabei zu helfen, die Symptome eines Drogen- oder Alkoholentzugs zu bew\u00e4ltigen. Ibogain HCL wird zur Behandlung von Entzugserscheinungen bei Drogeneinnahme eingesetzt, indem es synergetisch mit Neuronen und spezifischen Rezeptorstellen im Gehirn und im zentralen Nervensystem zusammenwirkt.<\/p>\n<p>Wenn eine Person einen Entzug mit Ibogain HCL durchmacht, treten weiterhin Entzugserscheinungen auf. Allerdings sind sie in der Regel nur in einem Bruchteil der Intensit\u00e4t sp\u00fcrbar, die ohne Behandlung auftritt. Die Wirkung der Behandlung mit Ibogain HCL kann je nach den individuellen Eigenschaften des Patienten 15 bis 36 Stunden anhalten.<a href=\"https:\/\/researchchemicalhub.com\/de\/geschaft\/cathinone\/%f0%9f%92%a1-2-mmc-kristallines-pulver-fur-alle-fragen-und-antworten-zum-kauf\/\">2-CMC 250 mg Pellets<\/a><a href=\"https:\/\/researchchemicalhub.com\/de\/geschaft\/fast-verboten\/6-cl-adba\/\">6-CL-ADBA<\/a><a href=\"https:\/\/researchchemicalhub.com\/de\/geschaft\/lysergamide\/1v-lsd-150-mcg-blotters\/\">1V-LSD 150 MCG Blotter<\/a><a href=\"https:\/\/researchchemicalhub.com\/de\/geschaft\/pellets\/o-dsmt-50-mg-pellets\/\">O-DSMT 50 mg Pellets<\/a><a href=\"https:\/\/researchchemicalhub.com\/de\/geschaft\/lysergamide\/1cp-lsd-150-mcg-pellets\/\">1cP-LSD 150 MCG Art Blotters<\/a><\/p>","protected":false},"excerpt":{"rendered":"<p>Kaufen Sie Ibogain HCL, kaufen Sie Ibogain HCL online, kaufen Sie Ibogain HCL, Ibogain ist die aktive Chemikalie, die in der afrikanischen Tabernanthe gefunden wird<\/p>","protected":false},"featured_media":26149,"comment_status":"closed","ping_status":"closed","template":"","meta":[],"product_brand":[],"product_cat":[908],"product_tag":[913],"class_list":{"0":"post-26132","1":"product","2":"type-product","3":"status-publish","4":"has-post-thumbnail","6":"product_cat-iboga-ibogaine","7":"product_tag-buy-ibogaine-hcl-online","9":"first","10":"instock","11":"taxable","12":"shipping-taxable","13":"purchasable","14":"product-type-variable"},"_links":{"self":[{"href":"https:\/\/researchchemicalhub.com\/de\/wp-json\/wp\/v2\/product\/26132","targetHints":{"allow":["GET"]}}],"collection":[{"href":"https:\/\/researchchemicalhub.com\/de\/wp-json\/wp\/v2\/product"}],"about":[{"href":"https:\/\/researchchemicalhub.com\/de\/wp-json\/wp\/v2\/types\/product"}],"replies":[{"embeddable":true,"href":"https:\/\/researchchemicalhub.com\/de\/wp-json\/wp\/v2\/comments?post=26132"}],"version-history":[{"count":3,"href":"https:\/\/researchchemicalhub.com\/de\/wp-json\/wp\/v2\/product\/26132\/revisions"}],"predecessor-version":[{"id":26157,"href":"https:\/\/researchchemicalhub.com\/de\/wp-json\/wp\/v2\/product\/26132\/revisions\/26157"}],"wp:featuredmedia":[{"embeddable":true,"href":"https:\/\/researchchemicalhub.com\/de\/wp-json\/wp\/v2\/media\/26149"}],"wp:attachment":[{"href":"https:\/\/researchchemicalhub.com\/de\/wp-json\/wp\/v2\/media?parent=26132"}],"wp:term":[{"taxonomy":"product_brand","embeddable":true,"href":"https:\/\/researchchemicalhub.com\/de\/wp-json\/wp\/v2\/product_brand?post=26132"},{"taxonomy":"product_cat","embeddable":true,"href":"https:\/\/researchchemicalhub.com\/de\/wp-json\/wp\/v2\/product_cat?post=26132"},{"taxonomy":"product_tag","embeddable":true,"href":"https:\/\/researchchemicalhub.com\/de\/wp-json\/wp\/v2\/product_tag?post=26132"}],"curies":[{"name":"wp","href":"https:\/\/api.w.org\/{rel}","templated":true}]}}