{"id":26126,"date":"2025-10-20T01:31:17","date_gmt":"2025-10-20T01:31:17","guid":{"rendered":"https:\/\/researchchemicalhub.com\/?post_type=product&#038;p=26126"},"modified":"2025-10-21T05:53:39","modified_gmt":"2025-10-21T05:53:39","slug":"iboga-kaufen-2","status":"publish","type":"product","link":"https:\/\/researchchemicalhub.com\/de\/geschaft\/iboga-ibogain\/iboga-kaufen-2\/","title":{"rendered":"Iboga TA kaufen"},"content":{"rendered":"<h2>Iboga TA kaufen<\/h2>\n<p>Iboga\u200b, Iboga TA kaufen. TA steht f\u00fcr \u201eTotal Alkaloid\u201c. Iboga TA ist ein Extrakt, der alle in der Iboga-Wurzelrinde enthaltenen Alkaloide enth\u00e4lt. Die Alkaloide lassen sich relativ einfach durch eine S\u00e4ure-Base-Extraktion aus der Wurzelrinde extrahieren. Iboga online kaufen<\/p>\n<p>Wissenschaftliche Untersuchungen zeigen eine drastische Verringerung der Entzugserscheinungen nach der Einnahme von Iboga-Wurzelrinde oder den als HCL und TA bekannten Extrakten, bis hin zu einem nahezu vollst\u00e4ndigen Abbau. Untersuchungen zeigen, dass 90% der durchgef\u00fchrten Behandlungen erfolgreich sind und die Patienten selbst Monate nach der Behandlung nicht das Bed\u00fcrfnis versp\u00fcren, einen R\u00fcckfall zu erleiden. Neben der Suchtbew\u00e4ltigung verschafft es den Patienten Klarheit und Einblicke in ihr eigenes Leben.<\/p>\n<p>Wir f\u00fchren den Versand und die Verpackung des Iboga-Pulvers professionell durch, um einen 100% erfolgreichen Versand zu gew\u00e4hrleisten. Wir bieten fachkundige Dienste f\u00fcr unsere jeweiligen Ziele an und k\u00f6nnen Ihnen auf Anfrage und Anfrage Verzeichnisse mit Angaben zu Verwendungsweise, Dosierung und anderen wichtigen Daten zur Verf\u00fcgung stellen. <a href=\"https:\/\/researchchemicalhub.com\/de\/geschaft\/okategoriserad\/4mmc-kaufen\/\">4mmc kaufen<\/a><a href=\"https:\/\/researchchemicalhub.com\/de\/geschaft\/iboga-ibogain\/iboga-wurzelrinde\/\">Iboga-Wurzelrinde<\/a><a href=\"https:\/\/researchchemicalhub.com\/de\/geschaft\/iboga-ibogain\/ibogain-hcl-kaufen\/\">Ibogain HCL online kaufen\u200b<\/a><a href=\"https:\/\/researchchemicalhub.com\/de\/geschaft\/lysergamide\/1cp-lsd-150-mcg-kunstloscher\/\">1cp LSD<\/a><a href=\"https:\/\/researchchemicalhub.com\/de\/geschaft\/pellets-2\/o-dsmt-50-mg-pellets\/\">o-dsmt<\/a><\/p>","protected":false},"excerpt":{"rendered":"<p>Iboga TA kaufen, Iboga TA kaufen, TA steht f\u00fcr \u201eGesamtalkaloid\u201c. Iboga TA ist ein Extrakt, der alles enth\u00e4lt<\/p>","protected":false},"featured_media":26147,"comment_status":"closed","ping_status":"closed","template":"","meta":[],"product_brand":[],"product_cat":[908],"product_tag":[1091,1090],"class_list":{"0":"post-26126","1":"product","2":"type-product","3":"status-publish","4":"has-post-thumbnail","6":"product_cat-iboga-ibogaine","7":"product_tag-iboga","8":"product_tag-iboga-kopen","10":"first","11":"instock","12":"taxable","13":"shipping-taxable","14":"purchasable","15":"product-type-variable"},"_links":{"self":[{"href":"https:\/\/researchchemicalhub.com\/de\/wp-json\/wp\/v2\/product\/26126","targetHints":{"allow":["GET"]}}],"collection":[{"href":"https:\/\/researchchemicalhub.com\/de\/wp-json\/wp\/v2\/product"}],"about":[{"href":"https:\/\/researchchemicalhub.com\/de\/wp-json\/wp\/v2\/types\/product"}],"replies":[{"embeddable":true,"href":"https:\/\/researchchemicalhub.com\/de\/wp-json\/wp\/v2\/comments?post=26126"}],"version-history":[{"count":3,"href":"https:\/\/researchchemicalhub.com\/de\/wp-json\/wp\/v2\/product\/26126\/revisions"}],"predecessor-version":[{"id":27690,"href":"https:\/\/researchchemicalhub.com\/de\/wp-json\/wp\/v2\/product\/26126\/revisions\/27690"}],"wp:featuredmedia":[{"embeddable":true,"href":"https:\/\/researchchemicalhub.com\/de\/wp-json\/wp\/v2\/media\/26147"}],"wp:attachment":[{"href":"https:\/\/researchchemicalhub.com\/de\/wp-json\/wp\/v2\/media?parent=26126"}],"wp:term":[{"taxonomy":"product_brand","embeddable":true,"href":"https:\/\/researchchemicalhub.com\/de\/wp-json\/wp\/v2\/product_brand?post=26126"},{"taxonomy":"product_cat","embeddable":true,"href":"https:\/\/researchchemicalhub.com\/de\/wp-json\/wp\/v2\/product_cat?post=26126"},{"taxonomy":"product_tag","embeddable":true,"href":"https:\/\/researchchemicalhub.com\/de\/wp-json\/wp\/v2\/product_tag?post=26126"}],"curies":[{"name":"wp","href":"https:\/\/api.w.org\/{rel}","templated":true}]}}