{"id":24917,"date":"2025-10-20T17:43:41","date_gmt":"2025-10-20T17:43:41","guid":{"rendered":"https:\/\/researchchemicalhub.com\/?post_type=product&#038;p=24917"},"modified":"2025-10-28T22:46:03","modified_gmt":"2025-10-28T22:46:03","slug":"25-nboh-12-mg-loschblatter","status":"publish","type":"product","link":"https:\/\/researchchemicalhub.com\/de\/geschaft\/25-nboh\/25-nboh-12-mg-loschblatter\/","title":{"rendered":"25E-NBOH 1,2 MG Blotters"},"content":{"rendered":"<h3 data-start=\"4073\" data-end=\"4092\"><strong data-start=\"4077\" data-end=\"4092\"><span dir=\"auto\" style=\"vertical-align: inherit;\"><span dir=\"auto\" style=\"vertical-align: inherit;\">Einf\u00fchrung<\/span><\/span><\/strong><\/h3>\n<p data-start=\"4093\" data-end=\"4385\"><span dir=\"auto\" style=\"vertical-align: inherit;\"><span dir=\"auto\" style=\"vertical-align: inherit;\">Unser <\/span><\/span><strong data-start=\"4098\" data-end=\"4127\"><span dir=\"auto\" style=\"vertical-align: inherit;\"><span dir=\"auto\" style=\"vertical-align: inherit;\">1,2 mg Forschungsblotter<\/span><\/span><\/strong><span dir=\"auto\" style=\"vertical-align: inherit;\"><span dir=\"auto\" style=\"vertical-align: inherit;\"> sind f\u00fcr den Einsatz in <\/span><\/span><strong data-start=\"4159\" data-end=\"4212\"><span dir=\"auto\" style=\"vertical-align: inherit;\"><span dir=\"auto\" style=\"vertical-align: inherit;\">Labor-, analytische und forensische Forschung<\/span><\/span><\/strong><span dir=\"auto\" style=\"vertical-align: inherit;\"><span dir=\"auto\" style=\"vertical-align: inherit;\"> . <\/span><\/span><br data-start=\"4213\" data-end=\"4216\" \/><span dir=\"auto\" style=\"vertical-align: inherit;\"><span dir=\"auto\" style=\"vertical-align: inherit;\">Jeder L\u00f6schblatt wird sorgf\u00e4ltig hergestellt f\u00fcr <\/span><\/span><strong data-start=\"4261\" data-end=\"4285\"><span dir=\"auto\" style=\"vertical-align: inherit;\"><span dir=\"auto\" style=\"vertical-align: inherit;\">pr\u00e4zise Dosierung<\/span><\/span><\/strong><span dir=\"auto\" style=\"vertical-align: inherit;\"><span dir=\"auto\" style=\"vertical-align: inherit;\"> , um konsistente und reproduzierbare Ergebnisse bei wissenschaftlichen Analysen zu gew\u00e4hrleisten. 25.-NBOH<\/span><\/span><\/p>\n<p data-start=\"4387\" data-end=\"4572\"><span dir=\"auto\" style=\"vertical-align: inherit;\"><span dir=\"auto\" style=\"vertical-align: inherit;\">Diese L\u00f6schbl\u00e4tter werden hergestellt unter <\/span><\/span><strong data-start=\"4426\" data-end=\"4454\"><span dir=\"auto\" style=\"vertical-align: inherit;\"><span dir=\"auto\" style=\"vertical-align: inherit;\">strenge Qualit\u00e4tsstandards<\/span><\/span><\/strong><span dir=\"auto\" style=\"vertical-align: inherit;\"><span dir=\"auto\" style=\"vertical-align: inherit;\"> und Forschern zur Verf\u00fcgung stellen <\/span><\/span><strong data-start=\"4478\" data-end=\"4529\"><span dir=\"auto\" style=\"vertical-align: inherit;\"><span dir=\"auto\" style=\"vertical-align: inherit;\">mit hochreinen, stabilen und zuverl\u00e4ssigen Materialien<\/span><\/span><\/strong><span dir=\"auto\" style=\"vertical-align: inherit;\"><span dir=\"auto\" style=\"vertical-align: inherit;\"> f\u00fcr analytische Forschung und Kalibrierung.<\/span><\/span><\/p>\n<blockquote data-start=\"4573\" data-end=\"4682\">\n<p data-start=\"4575\" data-end=\"4682\">\u26a0\ufe0f <strong data-start=\"4578\" data-end=\"4682\"><span dir=\"auto\" style=\"vertical-align: inherit;\"><span dir=\"auto\" style=\"vertical-align: inherit;\">Nur f\u00fcr den Laborgebrauch. Nicht f\u00fcr den menschlichen oder tierischen Verzehr geeignet.<\/span><\/span><\/strong><\/p>\n<\/blockquote>\n<hr data-start=\"4684\" data-end=\"4687\" \/>\n<h3 data-start=\"4689\" data-end=\"4720\"><strong data-start=\"4693\" data-end=\"4720\"><span dir=\"auto\" style=\"vertical-align: inherit;\"><span dir=\"auto\" style=\"vertical-align: inherit;\">Hauptmerkmale<\/span><\/span><\/strong><\/h3>\n<ul data-start=\"4721\" data-end=\"5223\">\n<li data-start=\"4721\" data-end=\"4791\">\n<p data-start=\"4723\" data-end=\"4791\"><strong data-start=\"4723\" data-end=\"4749\"><span dir=\"auto\" style=\"vertical-align: inherit;\"><span dir=\"auto\" style=\"vertical-align: inherit;\">Hohe Reinheit (\u226599%)<\/span><\/span><\/strong><span dir=\"auto\" style=\"vertical-align: inherit;\"><span dir=\"auto\" style=\"vertical-align: inherit;\"> \u2013 Unabh\u00e4ngig getestet und verifiziert.<\/span><\/span><\/p>\n<\/li>\n<li data-start=\"4792\" data-end=\"4879\">\n<p data-start=\"4794\" data-end=\"4879\"><strong data-start=\"4794\" data-end=\"4839\"><span dir=\"auto\" style=\"vertical-align: inherit;\"><span dir=\"auto\" style=\"vertical-align: inherit;\">Genaue Dosierung (1,2 mg pro Blotter)<\/span><\/span><\/strong><span dir=\"auto\" style=\"vertical-align: inherit;\"><span dir=\"auto\" style=\"vertical-align: inherit;\"> \u2013 F\u00fcr pr\u00e4zise Forschungsergebnisse.<\/span><\/span><\/p>\n<\/li>\n<li data-start=\"4880\" data-end=\"4958\">\n<p data-start=\"4882\" data-end=\"4958\"><strong data-start=\"4882\" data-end=\"4908\"><span dir=\"auto\" style=\"vertical-align: inherit;\"><span dir=\"auto\" style=\"vertical-align: inherit;\">Stabile Zusammensetzung<\/span><\/span><\/strong><span dir=\"auto\" style=\"vertical-align: inherit;\"><span dir=\"auto\" style=\"vertical-align: inherit;\"> \u2013 Beh\u00e4lt seine Integrit\u00e4t bei richtiger Lagerung.<\/span><\/span><\/p>\n<\/li>\n<li data-start=\"4959\" data-end=\"5051\">\n<p data-start=\"4961\" data-end=\"5051\"><strong data-start=\"4961\" data-end=\"4986\"><span dir=\"auto\" style=\"vertical-align: inherit;\"><span dir=\"auto\" style=\"vertical-align: inherit;\">Laborqualit\u00e4t<\/span><\/span><\/strong><span dir=\"auto\" style=\"vertical-align: inherit;\"><span dir=\"auto\" style=\"vertical-align: inherit;\"> \u2013 Hergestellt unter professionellen Laborbedingungen.<\/span><\/span><\/p>\n<\/li>\n<li data-start=\"5052\" data-end=\"5131\">\n<p data-start=\"5054\" data-end=\"5131\"><strong data-start=\"5054\" data-end=\"5080\"><span dir=\"auto\" style=\"vertical-align: inherit;\"><span dir=\"auto\" style=\"vertical-align: inherit;\">Lichtdichte Verpackung<\/span><\/span><\/strong><span dir=\"auto\" style=\"vertical-align: inherit;\"><span dir=\"auto\" style=\"vertical-align: inherit;\"> \u2013 Sch\u00fctzt vor Abbau und Verunreinigung.<\/span><\/span><\/p>\n<\/li>\n<li data-start=\"5132\" data-end=\"5223\">\n<p data-start=\"5134\" data-end=\"5223\"><strong data-start=\"5134\" data-end=\"5159\"><span dir=\"auto\" style=\"vertical-align: inherit;\"><span dir=\"auto\" style=\"vertical-align: inherit;\">Nur f\u00fcr Forschungszwecke<\/span><\/span><\/strong><span dir=\"auto\" style=\"vertical-align: inherit;\"><span dir=\"auto\" style=\"vertical-align: inherit;\"> \u2013 Konzipiert f\u00fcr analytische und wissenschaftliche Anwendungen.<\/span><\/span><\/p>\n<\/li>\n<\/ul>\n<hr data-start=\"5225\" data-end=\"5228\" \/>\n<h3 data-start=\"5230\" data-end=\"5247\"><strong data-start=\"5234\" data-end=\"5247\"><span dir=\"auto\" style=\"vertical-align: inherit;\"><span dir=\"auto\" style=\"vertical-align: inherit;\">Vorteile<\/span><\/span><\/strong><\/h3>\n<ul data-start=\"5248\" data-end=\"5694\">\n<li data-start=\"5248\" data-end=\"5336\">\n<p data-start=\"5250\" data-end=\"5336\"><strong data-start=\"5250\" data-end=\"5285\"><span dir=\"auto\" style=\"vertical-align: inherit;\"><span dir=\"auto\" style=\"vertical-align: inherit;\">Zuverl\u00e4ssige Reproduzierbarkeit<\/span><\/span><\/strong><span dir=\"auto\" style=\"vertical-align: inherit;\"><span dir=\"auto\" style=\"vertical-align: inherit;\"> \u2013 Konsistente Ergebnisse in wiederholten Studien.<\/span><\/span><\/p>\n<\/li>\n<li data-start=\"5337\" data-end=\"5430\">\n<p data-start=\"5339\" data-end=\"5430\"><strong data-start=\"5339\" data-end=\"5365\"><span dir=\"auto\" style=\"vertical-align: inherit;\"><span dir=\"auto\" style=\"vertical-align: inherit;\">Hohe Qualit\u00e4t<\/span><\/span><\/strong><span dir=\"auto\" style=\"vertical-align: inherit;\"><span dir=\"auto\" style=\"vertical-align: inherit;\"> \u2013 Geeignet f\u00fcr fortgeschrittene analytische und p\u00e4dagogische Forschung.<\/span><\/span><\/p>\n<\/li>\n<li data-start=\"5431\" data-end=\"5508\">\n<p data-start=\"5433\" data-end=\"5508\"><strong data-start=\"5433\" data-end=\"5455\"><span dir=\"auto\" style=\"vertical-align: inherit;\"><span dir=\"auto\" style=\"vertical-align: inherit;\">Lange Haltbarkeit<\/span><\/span><\/strong><span dir=\"auto\" style=\"vertical-align: inherit;\"><span dir=\"auto\" style=\"vertical-align: inherit;\"> \u2013 Beh\u00e4lt bei sachgem\u00e4\u00dfer Lagerung die chemische Stabilit\u00e4t.<\/span><\/span><\/p>\n<\/li>\n<li data-start=\"5509\" data-end=\"5600\">\n<p data-start=\"5511\" data-end=\"5600\"><strong data-start=\"5511\" data-end=\"5535\"><span dir=\"auto\" style=\"vertical-align: inherit;\"><span dir=\"auto\" style=\"vertical-align: inherit;\">Ethisch produziert<\/span><\/span><\/strong><span dir=\"auto\" style=\"vertical-align: inherit;\"><span dir=\"auto\" style=\"vertical-align: inherit;\"> \u2013 In \u00dcbereinstimmung mit internationalen Forschungsrichtlinien.<\/span><\/span><\/p>\n<\/li>\n<li data-start=\"5601\" data-end=\"5694\">\n<p data-start=\"5603\" data-end=\"5694\"><strong data-start=\"5603\" data-end=\"5634\"><span dir=\"auto\" style=\"vertical-align: inherit;\"><span dir=\"auto\" style=\"vertical-align: inherit;\">Gr\u00fcndliche Qualit\u00e4tskontrolle<\/span><\/span><\/strong><span dir=\"auto\" style=\"vertical-align: inherit;\"><span dir=\"auto\" style=\"vertical-align: inherit;\"> \u2013 Jede Charge wird auf Reinheit und Zusammensetzung gepr\u00fcft.<\/span><\/span><\/p>\n<\/li>\n<\/ul>\n<hr data-start=\"5696\" data-end=\"5699\" \/>\n<h3 data-start=\"5701\" data-end=\"5716\"><strong data-start=\"5705\" data-end=\"5716\"><span dir=\"auto\" style=\"vertical-align: inherit;\"><span dir=\"auto\" style=\"vertical-align: inherit;\">Verwendung<\/span><\/span><\/strong><\/h3>\n<ol data-start=\"5717\" data-end=\"6090\">\n<li data-start=\"5717\" data-end=\"5814\">\n<p data-start=\"5720\" data-end=\"5814\"><strong data-start=\"5720\" data-end=\"5755\"><span dir=\"auto\" style=\"vertical-align: inherit;\"><span dir=\"auto\" style=\"vertical-align: inherit;\">Nur f\u00fcr den Laborgebrauch<\/span><\/span><\/strong><span dir=\"auto\" style=\"vertical-align: inherit;\"><span dir=\"auto\" style=\"vertical-align: inherit;\"> \u2013 Nur in akkreditierten Forschungseinrichtungen verwenden.<\/span><\/span><\/p>\n<\/li>\n<li data-start=\"5815\" data-end=\"5862\">\n<p data-start=\"5818\" data-end=\"5862\"><strong data-start=\"5818\" data-end=\"5828\"><span dir=\"auto\" style=\"vertical-align: inherit;\"><span dir=\"auto\" style=\"vertical-align: inherit;\">Lagerung<\/span><\/span><\/strong><span dir=\"auto\" style=\"vertical-align: inherit;\"><span dir=\"auto\" style=\"vertical-align: inherit;\"> \u2013 K\u00fchl, trocken und dunkel lagern.<\/span><\/span><\/p>\n<\/li>\n<li data-start=\"5863\" data-end=\"5934\">\n<p data-start=\"5866\" data-end=\"5934\"><strong data-start=\"5866\" data-end=\"5883\"><span dir=\"auto\" style=\"vertical-align: inherit;\"><span dir=\"auto\" style=\"vertical-align: inherit;\">Sicher arbeiten<\/span><\/span><\/strong><span dir=\"auto\" style=\"vertical-align: inherit;\"><span dir=\"auto\" style=\"vertical-align: inherit;\"> \u2013 Tragen Sie Handschuhe und Schutzausr\u00fcstung.<\/span><\/span><\/p>\n<\/li>\n<li data-start=\"5935\" data-end=\"6000\">\n<p data-start=\"5938\" data-end=\"6000\"><strong data-start=\"5938\" data-end=\"5950\"><span dir=\"auto\" style=\"vertical-align: inherit;\"><span dir=\"auto\" style=\"vertical-align: inherit;\">Messungen<\/span><\/span><\/strong><span dir=\"auto\" style=\"vertical-align: inherit;\"><span dir=\"auto\" style=\"vertical-align: inherit;\"> \u2013 Verwenden Sie kalibrierte Laborger\u00e4te.<\/span><\/span><\/p>\n<\/li>\n<li data-start=\"6001\" data-end=\"6090\">\n<p data-start=\"6004\" data-end=\"6090\"><strong data-start=\"6004\" data-end=\"6031\"><span dir=\"auto\" style=\"vertical-align: inherit;\"><span dir=\"auto\" style=\"vertical-align: inherit;\">Sicherheitswarnung<\/span><\/span><\/strong><span dir=\"auto\" style=\"vertical-align: inherit;\"><span dir=\"auto\" style=\"vertical-align: inherit;\"> \u2013 Nicht zum Verzehr durch Mensch oder Tier geeignet.<\/span><\/span><\/p>\n<\/li>\n<\/ol>\n<hr data-start=\"6092\" data-end=\"6095\" \/>\n<h3 data-start=\"6097\" data-end=\"6124\"><strong data-start=\"6101\" data-end=\"6124\"><span dir=\"auto\" style=\"vertical-align: inherit;\"><span dir=\"auto\" style=\"vertical-align: inherit;\">H\u00e4ufig gestellte Fragen<\/span><\/span><\/strong><\/h3>\n<p data-start=\"6126\" data-end=\"6301\"><strong data-start=\"6126\" data-end=\"6184\"><span dir=\"auto\" style=\"vertical-align: inherit;\"><span dir=\"auto\" style=\"vertical-align: inherit;\">1. Wozu werden 1,2 mg Forschungs-Blotter verwendet?<\/span><\/span><\/strong><br data-start=\"6184\" data-end=\"6187\" \/><span dir=\"auto\" style=\"vertical-align: inherit;\"><span dir=\"auto\" style=\"vertical-align: inherit;\"> Sie sind bestimmt f\u00fcr <\/span><\/span><strong data-start=\"6208\" data-end=\"6252\"><span dir=\"auto\" style=\"vertical-align: inherit;\"><span dir=\"auto\" style=\"vertical-align: inherit;\">wissenschaftliche und analytische Forschung<\/span><\/span><\/strong><span dir=\"auto\" style=\"vertical-align: inherit;\"><span dir=\"auto\" style=\"vertical-align: inherit;\"> einschlie\u00dflich Kalibrierung und kontrollierter Tests.<\/span><\/span><\/p>\n<p data-start=\"6303\" data-end=\"6468\"><strong data-start=\"6303\" data-end=\"6373\"><span dir=\"auto\" style=\"vertical-align: inherit;\"><span dir=\"auto\" style=\"vertical-align: inherit;\">2. K\u00f6nnen diese L\u00f6schbl\u00e4tter f\u00fcr den pers\u00f6nlichen Gebrauch verwendet werden?<\/span><\/span><\/strong><br data-start=\"6373\" data-end=\"6376\" \/><span dir=\"auto\" style=\"vertical-align: inherit;\"><span dir=\"auto\" style=\"vertical-align: inherit;\"> Nein. Diese Produkte sind <\/span><\/span><strong data-start=\"6401\" data-end=\"6465\"><span dir=\"auto\" style=\"vertical-align: inherit;\"><span dir=\"auto\" style=\"vertical-align: inherit;\">Nur f\u00fcr professionelle Labortests bestimmt<\/span><\/span><\/strong><span dir=\"auto\" style=\"vertical-align: inherit;\"><span dir=\"auto\" style=\"vertical-align: inherit;\"> .<\/span><\/span><\/p>\n<p data-start=\"6470\" data-end=\"6608\"><strong data-start=\"6470\" data-end=\"6515\"><span dir=\"auto\" style=\"vertical-align: inherit;\"><span dir=\"auto\" style=\"vertical-align: inherit;\">3. Wie sollten die L\u00f6schbl\u00e4tter aufbewahrt werden?<\/span><\/span><\/strong><br data-start=\"6515\" data-end=\"6518\" \/><span dir=\"auto\" style=\"vertical-align: inherit;\"><span dir=\"auto\" style=\"vertical-align: inherit;\"> Bewahren Sie sie in einem <\/span><\/span><strong data-start=\"6535\" data-end=\"6571\"><span dir=\"auto\" style=\"vertical-align: inherit;\"><span dir=\"auto\" style=\"vertical-align: inherit;\">k\u00fchl, trocken, dunkel lagern<\/span><\/span><\/strong><span dir=\"auto\" style=\"vertical-align: inherit;\"><span dir=\"auto\" style=\"vertical-align: inherit;\"> in einem <\/span><\/span><strong data-start=\"6579\" data-end=\"6605\"><span dir=\"auto\" style=\"vertical-align: inherit;\"><span dir=\"auto\" style=\"vertical-align: inherit;\">lichtdichter Beh\u00e4lter<\/span><\/span><\/strong><span dir=\"auto\" style=\"vertical-align: inherit;\"><span dir=\"auto\" style=\"vertical-align: inherit;\"> . <\/span><\/span><a href=\"https:\/\/researchchemicalhub.com\/de\/geschaft\/okategoriserad\/4mmc-kaufen\/\"><span dir=\"auto\" style=\"vertical-align: inherit;\"><span dir=\"auto\" style=\"vertical-align: inherit;\">Kauf 4mmc, kauf <\/span><\/span><\/a><a href=\"https:\/\/researchchemicalhub.com\/de\/geschaft\/okategoriserad\/benzocainpulver\/\"><span dir=\"auto\" style=\"vertical-align: inherit;\"><span dir=\"auto\" style=\"vertical-align: inherit;\">Benzocainpulver, <\/span><\/span><\/a><a href=\"https:\/\/researchchemicalhub.com\/de\/geschaft\/okategoriserad\/fentanyl-kaufen\/\"><span dir=\"auto\" style=\"vertical-align: inherit;\"><span dir=\"auto\" style=\"vertical-align: inherit;\">Fentanyl kaufen.<\/span><\/span><\/a><\/p>\n<hr data-start=\"6610\" data-end=\"6613\" \/>\n<h3 data-start=\"6615\" data-end=\"6633\"><strong data-start=\"6619\" data-end=\"6633\"><span dir=\"auto\" style=\"vertical-align: inherit;\"><span dir=\"auto\" style=\"vertical-align: inherit;\">Haftungsausschluss<\/span><\/span><\/strong><\/h3>\n<p data-start=\"6634\" data-end=\"6858\"><span dir=\"auto\" style=\"vertical-align: inherit;\"><span dir=\"auto\" style=\"vertical-align: inherit;\">Dieses Produkt ist <\/span><\/span><strong data-start=\"6649\" data-end=\"6698\"><span dir=\"auto\" style=\"vertical-align: inherit;\"><span dir=\"auto\" style=\"vertical-align: inherit;\">nur f\u00fcr Forschungszwecke<\/span><\/span><\/strong><span dir=\"auto\" style=\"vertical-align: inherit;\"><span dir=\"auto\" style=\"vertical-align: inherit;\"> . <\/span><\/span><strong data-start=\"6700\" data-end=\"6758\"><span dir=\"auto\" style=\"vertical-align: inherit;\"><span dir=\"auto\" style=\"vertical-align: inherit;\">Nicht f\u00fcr den menschlichen oder tierischen Verzehr geeignet.<\/span><\/span><\/strong><br data-start=\"6758\" data-end=\"6761\" \/><span dir=\"auto\" style=\"vertical-align: inherit;\"><span dir=\"auto\" style=\"vertical-align: inherit;\"> Mit dem Kauf dieses Produkts erkl\u00e4ren Sie sich damit einverstanden, alle geltenden Gesetze und Sicherheitsbestimmungen einzuhalten. 25th-nboh<\/span><\/span><\/p>\n<p><a href=\"https:\/\/researchchemicalhub.com\/de\/geschaft\/lysergamide\/1v-lsd-150-mcg-blotters\/\"><span dir=\"auto\" style=\"vertical-align: inherit;\"><span dir=\"auto\" style=\"vertical-align: inherit;\"><span dir=\"auto\" style=\"vertical-align: inherit;\"><span dir=\"auto\" style=\"vertical-align: inherit;\">1V-LSD 150 MCG Blotter <\/span><\/span><\/span><\/span><\/a><a href=\"https:\/\/researchchemicalhub.com\/de\/geschaft\/pellets\/o-dsmt-50-mg-pellets\/\"><span dir=\"auto\" style=\"vertical-align: inherit;\"><span dir=\"auto\" style=\"vertical-align: inherit;\"><span dir=\"auto\" style=\"vertical-align: inherit;\"><span dir=\"auto\" style=\"vertical-align: inherit;\">O-DSMT 50 mg Pellets <\/span><\/span><\/span><\/span><\/a><a href=\"https:\/\/researchchemicalhub.com\/de\/geschaft\/lysergamide\/1cp-lsd-150-mcg-kunstloscher\/\"><span dir=\"auto\" style=\"vertical-align: inherit;\"><span dir=\"auto\" style=\"vertical-align: inherit;\"><span dir=\"auto\" style=\"vertical-align: inherit;\"><span dir=\"auto\" style=\"vertical-align: inherit;\">1cP-LSD 150 MCG Art Blotters <\/span><\/span><\/span><\/span><\/a><a href=\"https:\/\/researchchemicalhub.com\/de\/geschaft\/iboga-ibogain\/iboga-wurzelrinde\/\"><span dir=\"auto\" style=\"vertical-align: inherit;\"><span dir=\"auto\" style=\"vertical-align: inherit;\"><span dir=\"auto\" style=\"vertical-align: inherit;\"><span dir=\"auto\" style=\"vertical-align: inherit;\">Iboga-Wurzelrinde <\/span><\/span><\/span><\/span><\/a><a href=\"https:\/\/researchchemicalhub.com\/de\/geschaft\/iboga-ibogain\/ibogain-hcl-kaufen\/\"><span dir=\"auto\" style=\"vertical-align: inherit;\"><span dir=\"auto\" style=\"vertical-align: inherit;\"><span dir=\"auto\" style=\"vertical-align: inherit;\"><span dir=\"auto\" style=\"vertical-align: inherit;\">Kaufen Sie Ibogain HCL<\/span><\/span><\/span><\/span><\/a><\/p>","protected":false},"excerpt":{"rendered":"<p>Introduction Our 1.2 mg research blotters are designed for use in laboratory, analytical, and forensic research . Each blotter is<\/p>","protected":false},"featured_media":28472,"comment_status":"closed","ping_status":"closed","template":"","meta":[],"product_brand":[82],"product_cat":[357,80],"product_tag":[201,203,202,326],"class_list":{"0":"post-24917","1":"product","2":"type-product","3":"status-publish","4":"has-post-thumbnail","6":"product_brand-research-chemical","7":"product_cat-25e-nboh","8":"product_cat-fenethylamine","9":"product_tag-25e-nboh","10":"product_tag-25e-nboh-kopen","11":"product_tag-25e-nboh-reddit","12":"product_tag-nl","14":"first","15":"instock","16":"taxable","17":"shipping-taxable","18":"purchasable","19":"product-type-variable"},"_links":{"self":[{"href":"https:\/\/researchchemicalhub.com\/de\/wp-json\/wp\/v2\/product\/24917","targetHints":{"allow":["GET"]}}],"collection":[{"href":"https:\/\/researchchemicalhub.com\/de\/wp-json\/wp\/v2\/product"}],"about":[{"href":"https:\/\/researchchemicalhub.com\/de\/wp-json\/wp\/v2\/types\/product"}],"replies":[{"embeddable":true,"href":"https:\/\/researchchemicalhub.com\/de\/wp-json\/wp\/v2\/comments?post=24917"}],"version-history":[{"count":7,"href":"https:\/\/researchchemicalhub.com\/de\/wp-json\/wp\/v2\/product\/24917\/revisions"}],"predecessor-version":[{"id":28635,"href":"https:\/\/researchchemicalhub.com\/de\/wp-json\/wp\/v2\/product\/24917\/revisions\/28635"}],"wp:featuredmedia":[{"embeddable":true,"href":"https:\/\/researchchemicalhub.com\/de\/wp-json\/wp\/v2\/media\/28472"}],"wp:attachment":[{"href":"https:\/\/researchchemicalhub.com\/de\/wp-json\/wp\/v2\/media?parent=24917"}],"wp:term":[{"taxonomy":"product_brand","embeddable":true,"href":"https:\/\/researchchemicalhub.com\/de\/wp-json\/wp\/v2\/product_brand?post=24917"},{"taxonomy":"product_cat","embeddable":true,"href":"https:\/\/researchchemicalhub.com\/de\/wp-json\/wp\/v2\/product_cat?post=24917"},{"taxonomy":"product_tag","embeddable":true,"href":"https:\/\/researchchemicalhub.com\/de\/wp-json\/wp\/v2\/product_tag?post=24917"}],"curies":[{"name":"wp","href":"https:\/\/api.w.org\/{rel}","templated":true}]}}